{"id":45981,"date":"2023-06-16T15:02:15","date_gmt":"2023-06-16T13:02:15","guid":{"rendered":"https:\/\/pistonaddict.com\/product\/audi-r8-v10-raudonasis-dinamitas\/"},"modified":"2023-12-20T09:47:16","modified_gmt":"2023-12-20T08:47:16","slug":"audi-r8-v10-red-dynamite","status":"publish","type":"product","link":"https:\/\/pistonaddict.com\/lt\/product\/audi-r8-v10-red-dynamite\/","title":{"rendered":"Audi R8 V10 Raudonasis dinamitas"},"content":{"rendered":"<h2>I\u0161or\u0117<\/h2>\n<p>Ry\u0161kiai raudona apdaila ir juodos detal\u0117s, nuda\u017eytas ry\u0161kiai raudona spalva, \u0161is &#8220;Audi R8&#8221; neliks nepasteb\u0117tas, kad ir kur pasirodyt\u0173. Be to, tokie elementai kaip chromuotos grotel\u0117s ir anglies pluo\u0161to veidrod\u0117li\u0173 dangteliai tik pagerina automobilio i\u0161vaizd\u0105. Ta\u010diau, atvirai kalbant, R8 yra nuostabus bet kokios spalvos automobilis, nepriklausomai nuo toki\u0173 detali\u0173 buvimo.<\/p>\n<p>Svarbiausia, kad R8 vokie\u010di\u0173 dizaineriams pavyko beveik tobulai suderinti agresyvum\u0105 ir subtilum\u0105. Sunku patik\u0117ti, kad po juo slepiasi daugiau ar ma\u017eiau &#8220;Lamborgini Aventador&#8221;, kuris yra kur kas ry\u0161kesnis ir puo\u0161nesnis. Taigi, jei ie\u0161kote paj\u0117gaus sportinio automobilio, bet nenorite atrodyti kaip i\u0161si\u0161ok\u0117lis, R8 yra vienas geriausi\u0173 pasirinkim\u0173. Tarp kit\u0173 vert\u0173 d\u0117mesio detali\u0173, kurias si\u016blo \u0161is dvivietis, yra masyvus galinis spoileris ir gamykloje sumontuoti 20 coli\u0173 ratlankiai su naujomis &#8220;Good Year Eagle&#8221; padangomis.<\/p>\n<h2>Interjeras<\/h2>\n<p>\u0160io konkretaus R8 interjere dominuoja juodos odos, raudon\u0173 dygsni\u0173 ir anglies pluo\u0161to apdailos detali\u0173 derinys. S\u0117dyn\u0117s, kurios atrodo taip, tarsi b\u016bt\u0173 k\u0105 tik i\u0161ve\u017etos i\u0161 gamyklos, yra ir atramin\u0117s, ir patogios. Toliau yra oda aptrauktas trij\u0173 stipin\u0173 vairas su vis\u0173 pagrindini\u0173 funkcij\u0173 valdymo mygtukais. Be \u012fprast\u0173, pavyzd\u017eiui, stereofonijos ar kelion\u0117s kompiuterio, \u010dia yra va\u017eiavimo re\u017eimo pasirinkimo, paleidimo kontrol\u0117s ir i\u0161metimo sistemos derinimo mygtukas.<\/p>\n<p>U\u017e vairo \u012frengtas skaitmeninis prietais\u0173 skydelis, kuris, be pagrindin\u0117s informacijos, gali rodyti daug daugiau. Tai apima navigacij\u0105, galinio vaizdo kamer\u0105 ir garso sistem\u0105, kuri\u0105, beje, gamina visame pasaulyje \u017einoma &#8220;Bang&amp;Olufsen&#8221;.<\/p>\n<h2>Mechanika<\/h2>\n<p>Po subtilia ir eleganti\u0161ka oda slepiasi standesn\u0117 ir lengvesn\u0117 antrosios kartos R8 va\u017eiuokl\u0117, pagaminta i\u0161 aliuminio ir anglies pluo\u0161to. Ta\u010diau, kaip galima nusp\u0117ti, svarbiausia \u0161io automobilio dalis yra jo variklis &#8211; galingas 5,2 l V10. Kadangi &#8220;Audi&#8221; j\u012f vadina &#8220;Plus&#8221; modeliu, jis i\u0161vysto 610 arklio gali\u0173 ir 560 Nm sukimo moment\u0105, kuris perduodamas visiems ratams per &#8220;Quattro&#8221; sistem\u0105 ir 7 laipsni\u0173 automatin\u0119 pavar\u0173 d\u0117\u017e\u0119. Su visu tuo \u0161is R8 nuo 0 iki 100 \u012fsib\u0117g\u0117ja per ma\u017edaug 3 sekundes ir pasiekia 329 km\/val. maksimal\u0173 greit\u012f. Kad stabdymo galia atitikt\u0173 vis\u0105 greit\u012f, visame automobilyje yra did\u017eiuliai stabd\u017eiai.<\/p>\n<h2>Transporto priemon\u0117s istorija<\/h2>\n<p>Pardav\u0117jo teigimu, \u0161is &#8220;Audi R8&#8221; paskutin\u012f kart\u0105 buvo remontuotas 2022 m. spal\u012f, o stabd\u017eiai &#8211; vos prie\u0161 kelias dienas. Be to, prietais\u0173 skydelyje n\u0117ra joki\u0173 \u017einom\u0173 gedim\u0173 ar \u012fsp\u0117jim\u0173. Galiausiai, sprend\u017eiant i\u0161 pateikt\u0173 nuotrauk\u0173, n\u0117ra joki\u0173 k\u0117bulo tr\u016bkum\u0173, apie kuriuos reik\u0117t\u0173 prane\u0161ti.<\/p>\n<p>&nbsp;<\/p>\n<p><strong>Norint patekti \u012f \u0161ios auk\u0161\u010diausios klas\u0117s transporto priemon\u0117s aukcion\u0105, reikia atspausdinti ir (arba) tur\u0117ti kredito kortel\u0119.<\/strong><\/p>\n","protected":false},"excerpt":{"rendered":"<p>\u010cia parduodamas automobilis yra neabejotinai vienas geriausi\u0173 savo klas\u0117s modeli\u0173 &#8211; kultinis &#8220;Audi R8&#8221;. Tai buvo ir teb\u0117ra pirmasis Ingol\u0161tato gamintojo bandymas superautomobili\u0173 rinkoje, kuris sulauk\u0117 did\u017eiul\u0117s s\u0117km\u0117s. Pardav\u0117jo teigimu, \u0161i transporto priemon\u0117 yra visi\u0161kai pri\u017ei\u016br\u0117ta ir netur\u0117jo joki\u0173 eismo \u012fvyki\u0173, o tai patvirtina atitinkama &#8220;CarVertical&#8221; ataskaita. Be to, iki \u0161iol jis nuva\u017eiavo ma\u017eiau nei 50 000 km, o tai tokiam automobiliui n\u0117ra daug. Galiausiai \u0161is 2015 m. &#8221; <strong>Audi R8 V10 plus Quattro <\/strong>&#8221; \u0161iuo metu yra Belgijoje, kur jis registruotas nuo pat naujumo. <a href=\"https:\/\/pistonaddict.com\/contact-us\/\">Susisiek\u0119 su mumis<\/a> galite pateikti pasi\u016blym\u0105 d\u0117l \u0161io automobilio.<\/p>\n","protected":false},"featured_media":43354,"comment_status":"open","ping_status":"closed","template":"","meta":{"inline_featured_image":false},"product_cat":[703],"product_tag":[1912,1916,902],"acf":[],"yoast_head":"<!-- This site is optimized with the Yoast SEO plugin v22.5 - https:\/\/yoast.com\/wordpress\/plugins\/seo\/ -->\n<title>Audi R8 V10 Raudonasis dinamitas aukcionas - Piston Addict<\/title>\n<meta name=\"description\" content=\"Aukcione parduodamas automobilis, kuris, be abejo, yra vienas geriausi\u0173 savo klas\u0117s modeli\u0173 - kultinis &quot;Audi R8 V10&quot;.\" \/>\n<meta name=\"robots\" content=\"index, follow, max-snippet:-1, max-image-preview:large, max-video-preview:-1\" \/>\n<link rel=\"canonical\" href=\"https:\/\/pistonaddict.com\/lt\/product\/audi-r8-v10-red-dynamite\/\" \/>\n<meta property=\"og:locale\" content=\"lt_LT\" \/>\n<meta property=\"og:type\" content=\"article\" \/>\n<meta property=\"og:title\" content=\"Audi R8 V10 Raudonasis dinamitas aukcionas - Piston Addict\" \/>\n<meta property=\"og:description\" content=\"Aukcione parduodamas automobilis, kuris, be abejo, yra vienas geriausi\u0173 savo klas\u0117s modeli\u0173 - kultinis &quot;Audi R8 V10&quot;.\" \/>\n<meta property=\"og:url\" content=\"https:\/\/pistonaddict.com\/lt\/product\/audi-r8-v10-red-dynamite\/\" \/>\n<meta property=\"og:site_name\" content=\"Piston Addict\" \/>\n<meta property=\"article:modified_time\" content=\"2023-12-20T08:47:16+00:00\" \/>\n<meta property=\"og:image\" content=\"https:\/\/pistonaddict.com\/wp-content\/uploads\/2023\/06\/DSC_0412.jpg\" \/>\n\t<meta property=\"og:image:width\" content=\"2048\" \/>\n\t<meta property=\"og:image:height\" content=\"1365\" \/>\n\t<meta property=\"og:image:type\" content=\"image\/jpeg\" \/>\n<meta name=\"twitter:card\" content=\"summary_large_image\" \/>\n<meta name=\"twitter:label1\" content=\"Est. reading time\" \/>\n\t<meta name=\"twitter:data1\" content=\"2 minut\u0117s\" \/>\n<script type=\"application\/ld+json\" class=\"yoast-schema-graph\">{\"@context\":\"https:\/\/schema.org\",\"@graph\":[{\"@type\":\"WebPage\",\"@id\":\"https:\/\/pistonaddict.com\/lt\/product\/audi-r8-v10-red-dynamite\/\",\"url\":\"https:\/\/pistonaddict.com\/lt\/product\/audi-r8-v10-red-dynamite\/\",\"name\":\"Audi R8 V10 Raudonasis dinamitas aukcionas - Piston Addict\",\"isPartOf\":{\"@id\":\"https:\/\/pistonaddict.com\/lt\/#website\"},\"primaryImageOfPage\":{\"@id\":\"https:\/\/pistonaddict.com\/lt\/product\/audi-r8-v10-red-dynamite\/#primaryimage\"},\"image\":{\"@id\":\"https:\/\/pistonaddict.com\/lt\/product\/audi-r8-v10-red-dynamite\/#primaryimage\"},\"thumbnailUrl\":\"https:\/\/pistonaddict.com\/wp-content\/uploads\/2023\/06\/DSC_0412.jpg\",\"datePublished\":\"2023-06-16T13:02:15+00:00\",\"dateModified\":\"2023-12-20T08:47:16+00:00\",\"description\":\"Aukcione parduodamas automobilis, kuris, be abejo, yra vienas geriausi\u0173 savo klas\u0117s modeli\u0173 - kultinis \\\"Audi R8 V10\\\".\",\"breadcrumb\":{\"@id\":\"https:\/\/pistonaddict.com\/lt\/product\/audi-r8-v10-red-dynamite\/#breadcrumb\"},\"inLanguage\":\"lt-LT\",\"potentialAction\":[{\"@type\":\"ReadAction\",\"target\":[\"https:\/\/pistonaddict.com\/lt\/product\/audi-r8-v10-red-dynamite\/\"]}]},{\"@type\":\"ImageObject\",\"inLanguage\":\"lt-LT\",\"@id\":\"https:\/\/pistonaddict.com\/lt\/product\/audi-r8-v10-red-dynamite\/#primaryimage\",\"url\":\"https:\/\/pistonaddict.com\/wp-content\/uploads\/2023\/06\/DSC_0412.jpg\",\"contentUrl\":\"https:\/\/pistonaddict.com\/wp-content\/uploads\/2023\/06\/DSC_0412.jpg\",\"width\":2048,\"height\":1365},{\"@type\":\"BreadcrumbList\",\"@id\":\"https:\/\/pistonaddict.com\/lt\/product\/audi-r8-v10-red-dynamite\/#breadcrumb\",\"itemListElement\":[{\"@type\":\"ListItem\",\"position\":1,\"name\":\"Pagrindinis puslapis\",\"item\":\"https:\/\/pistonaddict.com\/lt\/pradzia\/\"},{\"@type\":\"ListItem\",\"position\":2,\"name\":\"Auctions\",\"item\":\"https:\/\/pistonaddict.com\/auctions-listing\/\"},{\"@type\":\"ListItem\",\"position\":3,\"name\":\"Audi R8 V10 Raudonasis dinamitas\"}]},{\"@type\":\"WebSite\",\"@id\":\"https:\/\/pistonaddict.com\/lt\/#website\",\"url\":\"https:\/\/pistonaddict.com\/lt\/\",\"name\":\"Piston Addict\",\"description\":\"Only interesting vehicles\",\"publisher\":{\"@id\":\"https:\/\/pistonaddict.com\/lt\/#organization\"},\"potentialAction\":[{\"@type\":\"SearchAction\",\"target\":{\"@type\":\"EntryPoint\",\"urlTemplate\":\"https:\/\/pistonaddict.com\/lt\/?s={search_term_string}\"},\"query-input\":\"required name=search_term_string\"}],\"inLanguage\":\"lt-LT\"},{\"@type\":\"Organization\",\"@id\":\"https:\/\/pistonaddict.com\/lt\/#organization\",\"name\":\"Piston Addict\",\"url\":\"https:\/\/pistonaddict.com\/lt\/\",\"logo\":{\"@type\":\"ImageObject\",\"inLanguage\":\"lt-LT\",\"@id\":\"https:\/\/pistonaddict.com\/lt\/#\/schema\/logo\/image\/\",\"url\":\"https:\/\/pistonaddict.com\/wp-content\/uploads\/2022\/07\/logo-6.png\",\"contentUrl\":\"https:\/\/pistonaddict.com\/wp-content\/uploads\/2022\/07\/logo-6.png\",\"width\":970,\"height\":200,\"caption\":\"Piston Addict\"},\"image\":{\"@id\":\"https:\/\/pistonaddict.com\/lt\/#\/schema\/logo\/image\/\"}}]}<\/script>\n<!-- \/ Yoast SEO plugin. -->","yoast_head_json":{"title":"Audi R8 V10 Raudonasis dinamitas aukcionas - Piston Addict","description":"Aukcione parduodamas automobilis, kuris, be abejo, yra vienas geriausi\u0173 savo klas\u0117s modeli\u0173 - kultinis \"Audi R8 V10\".","robots":{"index":"index","follow":"follow","max-snippet":"max-snippet:-1","max-image-preview":"max-image-preview:large","max-video-preview":"max-video-preview:-1"},"canonical":"https:\/\/pistonaddict.com\/lt\/product\/audi-r8-v10-red-dynamite\/","og_locale":"lt_LT","og_type":"article","og_title":"Audi R8 V10 Raudonasis dinamitas aukcionas - Piston Addict","og_description":"Aukcione parduodamas automobilis, kuris, be abejo, yra vienas geriausi\u0173 savo klas\u0117s modeli\u0173 - kultinis \"Audi R8 V10\".","og_url":"https:\/\/pistonaddict.com\/lt\/product\/audi-r8-v10-red-dynamite\/","og_site_name":"Piston Addict","article_modified_time":"2023-12-20T08:47:16+00:00","og_image":[{"width":2048,"height":1365,"url":"https:\/\/pistonaddict.com\/wp-content\/uploads\/2023\/06\/DSC_0412.jpg","type":"image\/jpeg"}],"twitter_card":"summary_large_image","twitter_misc":{"Est. reading time":"2 minut\u0117s"},"schema":{"@context":"https:\/\/schema.org","@graph":[{"@type":"WebPage","@id":"https:\/\/pistonaddict.com\/lt\/product\/audi-r8-v10-red-dynamite\/","url":"https:\/\/pistonaddict.com\/lt\/product\/audi-r8-v10-red-dynamite\/","name":"Audi R8 V10 Raudonasis dinamitas aukcionas - Piston Addict","isPartOf":{"@id":"https:\/\/pistonaddict.com\/lt\/#website"},"primaryImageOfPage":{"@id":"https:\/\/pistonaddict.com\/lt\/product\/audi-r8-v10-red-dynamite\/#primaryimage"},"image":{"@id":"https:\/\/pistonaddict.com\/lt\/product\/audi-r8-v10-red-dynamite\/#primaryimage"},"thumbnailUrl":"https:\/\/pistonaddict.com\/wp-content\/uploads\/2023\/06\/DSC_0412.jpg","datePublished":"2023-06-16T13:02:15+00:00","dateModified":"2023-12-20T08:47:16+00:00","description":"Aukcione parduodamas automobilis, kuris, be abejo, yra vienas geriausi\u0173 savo klas\u0117s modeli\u0173 - kultinis \"Audi R8 V10\".","breadcrumb":{"@id":"https:\/\/pistonaddict.com\/lt\/product\/audi-r8-v10-red-dynamite\/#breadcrumb"},"inLanguage":"lt-LT","potentialAction":[{"@type":"ReadAction","target":["https:\/\/pistonaddict.com\/lt\/product\/audi-r8-v10-red-dynamite\/"]}]},{"@type":"ImageObject","inLanguage":"lt-LT","@id":"https:\/\/pistonaddict.com\/lt\/product\/audi-r8-v10-red-dynamite\/#primaryimage","url":"https:\/\/pistonaddict.com\/wp-content\/uploads\/2023\/06\/DSC_0412.jpg","contentUrl":"https:\/\/pistonaddict.com\/wp-content\/uploads\/2023\/06\/DSC_0412.jpg","width":2048,"height":1365},{"@type":"BreadcrumbList","@id":"https:\/\/pistonaddict.com\/lt\/product\/audi-r8-v10-red-dynamite\/#breadcrumb","itemListElement":[{"@type":"ListItem","position":1,"name":"Pagrindinis puslapis","item":"https:\/\/pistonaddict.com\/lt\/pradzia\/"},{"@type":"ListItem","position":2,"name":"Auctions","item":"https:\/\/pistonaddict.com\/auctions-listing\/"},{"@type":"ListItem","position":3,"name":"Audi R8 V10 Raudonasis dinamitas"}]},{"@type":"WebSite","@id":"https:\/\/pistonaddict.com\/lt\/#website","url":"https:\/\/pistonaddict.com\/lt\/","name":"Piston Addict","description":"Only interesting vehicles","publisher":{"@id":"https:\/\/pistonaddict.com\/lt\/#organization"},"potentialAction":[{"@type":"SearchAction","target":{"@type":"EntryPoint","urlTemplate":"https:\/\/pistonaddict.com\/lt\/?s={search_term_string}"},"query-input":"required name=search_term_string"}],"inLanguage":"lt-LT"},{"@type":"Organization","@id":"https:\/\/pistonaddict.com\/lt\/#organization","name":"Piston Addict","url":"https:\/\/pistonaddict.com\/lt\/","logo":{"@type":"ImageObject","inLanguage":"lt-LT","@id":"https:\/\/pistonaddict.com\/lt\/#\/schema\/logo\/image\/","url":"https:\/\/pistonaddict.com\/wp-content\/uploads\/2022\/07\/logo-6.png","contentUrl":"https:\/\/pistonaddict.com\/wp-content\/uploads\/2022\/07\/logo-6.png","width":970,"height":200,"caption":"Piston Addict"},"image":{"@id":"https:\/\/pistonaddict.com\/lt\/#\/schema\/logo\/image\/"}}]}},"_links":{"self":[{"href":"https:\/\/pistonaddict.com\/lt\/wp-json\/wp\/v2\/product\/45981"}],"collection":[{"href":"https:\/\/pistonaddict.com\/lt\/wp-json\/wp\/v2\/product"}],"about":[{"href":"https:\/\/pistonaddict.com\/lt\/wp-json\/wp\/v2\/types\/product"}],"replies":[{"embeddable":true,"href":"https:\/\/pistonaddict.com\/lt\/wp-json\/wp\/v2\/comments?post=45981"}],"wp:featuredmedia":[{"embeddable":true,"href":"https:\/\/pistonaddict.com\/lt\/wp-json\/wp\/v2\/media\/43354"}],"wp:attachment":[{"href":"https:\/\/pistonaddict.com\/lt\/wp-json\/wp\/v2\/media?parent=45981"}],"wp:term":[{"taxonomy":"product_cat","embeddable":true,"href":"https:\/\/pistonaddict.com\/lt\/wp-json\/wp\/v2\/product_cat?post=45981"},{"taxonomy":"product_tag","embeddable":true,"href":"https:\/\/pistonaddict.com\/lt\/wp-json\/wp\/v2\/product_tag?post=45981"}],"curies":[{"name":"wp","href":"https:\/\/api.w.org\/{rel}","templated":true}]}}