{"id":41982,"date":"2023-06-12T14:22:37","date_gmt":"2023-06-12T12:22:37","guid":{"rendered":"https:\/\/pistonaddict.com\/product\/audi-r8-4-2-fsi-v8\/"},"modified":"2024-03-20T09:15:51","modified_gmt":"2024-03-20T08:15:51","slug":"audi-r8-4-2-fsi-v8","status":"publish","type":"product","link":"https:\/\/pistonaddict.com\/lt\/product\/audi-r8-4-2-fsi-v8\/","title":{"rendered":"Audi R8 4.2 FSI V8"},"content":{"rendered":"<p><strong>Modelio istorija<\/strong><\/p>\n<p>2007 m. i\u0161leistas R8 suk\u0117l\u0117 tikr\u0105 sensacij\u0105 &#8211; tai buvo ne tik pirmasis &#8220;Audi&#8221; superautomobilis, bet ir ne\u012ftik\u0117tinai s\u0117kmingas d\u0117l savo nesenstan\u010dio dizaino ir fantasti\u0161kos transmisijos, kuri\u0105 sudar\u0117 didel\u012f s\u016bki\u0173 da\u017en\u012f turintis V8 (v\u0117liau V10) variklis ir garsioji &#8220;Quattro&#8221; vis\u0173 varan\u010di\u0173j\u0173 rat\u0173 sistema. R8 pasirodymas privert\u0117 konkurentus labai sunerimti, nes klientai pagaliau tur\u0117jo galimyb\u0119 \u012fsigyti labai galing\u0105 ma\u0161in\u0105 su AWD traukos sistema ir &#8220;Audi&#8221; kokybe. \u0160tai kod\u0117l pirmosios kartos R8 sulauk\u0117 did\u017eiul\u0117s s\u0117km\u0117s &#8211; buvo pagaminta beveik 30 000 egzempliori\u0173. \u0160is konkretus pavyzdys yra 2014 m. modelis, o tai rei\u0161kia, kad tai v\u0117lesn\u0117 ir geid\u017eiamesn\u0117 versija, kuriai \u0161iek tiek pakeistas stilius, patobulintos funkcijos ir mechanika. Galios suteikia 4,2 l FSI V8 variklis, i\u0161vystantis 430 AG ir perduodantis j\u0105 visiems keturiems ratams per 7 laipsni\u0173 &#8220;S Tronic&#8221; dviej\u0173 sankab\u0173 automatin\u0119 pavar\u0173 d\u0117\u017e\u0119. \u0160is agregatas nuo 0 iki 100 km\/val. \u012fsib\u0117g\u0117ja per 4,2 sekund\u0117s, o jo maksimalus greitis siekia \u0161iek tiek daugiau nei 300 km\/val., tod\u0117l R8 priskiriamas superautomobili\u0173 kategorijai.<\/p>\n<p><strong>B\u016bkl\u0117<\/strong><\/p>\n<p>\u0160is R8, kurio odometras rodo tik 43 649 km, yra idealios b\u016bkl\u0117s. Pirm\u0105 kart\u0105 jis buvo pristatytas 2014 m. pabaigoje pradiniam savininkui Nyderlanduose, o dabartiniai savininkai j\u012f \u012fsigijo 2021 m. \u0160is &#8220;Audi R8&#8221; niekada nebuvo naudojamas trasoje ir buvo reguliariai pri\u017ei\u016brimas, pardav\u0117jas pateik\u0117 technin\u0117s prie\u017ei\u016bros dokumentus. Be to, \u0161is pavyzdys yra visi\u0161kai standartinis, be joki\u0173 pakeitim\u0173 ar nereikaling\u0173 pried\u0173. Visa gamyklin\u0117 \u012franga ir funkcijos yra ir veikia. Paskutin\u0117 technin\u0117 prie\u017ei\u016bra ir tepal\u0173 keitimas buvo atliktas 2022 m. spalio pabaigoje, o 2023 m. bir\u017eel\u012f buvo atliktas kapitalinis stabd\u017ei\u0173 remontas. Atlikta vadinamoji &#8220;ilgaam\u017ei\u0161kumo&#8221; prie\u017ei\u016bra, pakeistos u\u017edegimo \u017evak\u0117s. <strong>\u0160iam R8 suteikiama 6 m\u0117nesi\u0173 &#8220;Bovag&#8221; garantija<\/strong>, kuri tik parodo, kad jis yra nepriekai\u0161tingos b\u016bkl\u0117s.<\/p>\n<p><strong>I\u0161or\u0117 ir ratai<\/strong><\/p>\n<p>\u0160iam R8, nuda\u017eytam eleganti\u0161ka &#8220;Panther Black&#8221; spalva, si\u016blomas pasirenkamas anglies paketas su i\u0161or\u0117s ir salono intarpais i\u0161 anglies pluo\u0161to. Automobilio k\u0117bulas neturi joki\u0173 pa\u017eeidim\u0173, \u012fbr\u0117\u017eim\u0173 ar nubrozdinim\u0173, o da\u017eai yra puikios b\u016bkl\u0117s. Vienintelis dalykas, kuris buvo paliestas \u0161io R8 i\u0161or\u0117je, yra suremontuotas bako liukas (degal\u0173 dangtelio durel\u0117s), kur\u012f atliko sertifikuotas pardav\u0117jas (s\u0105skaita fakt\u016bra i\u0161ra\u0161yta 2021 m. gegu\u017e\u0117s 5 d.). I\u0161vaizd\u0105 sustiprina pasirenkamieji 20 coli\u0173 ratlankiai, apauti \u0161vie\u017eiomis &#8220;Pirelli P Zero&#8221; padangomis.<\/p>\n<p><strong>Interjeras<\/strong><\/p>\n<p>Salonas padengtas deran\u010dia juoda odos ir &#8220;Alcantara&#8221; derinio danga, jame n\u0117ra joki\u0173 nusid\u0117v\u0117jimo po\u017eymi\u0173, o anglies pluo\u0161to intarpai yra gamyklinio apdailos paketo dalis. S\u0117dyn\u0117s turi papildom\u0105 \u0161ildymo funkcij\u0105, o visos sistemos (garso, informacijos ir pramog\u0173, \u0160VOK) veikia nepriekai\u0161tingai. Verta pamin\u0117ti, kad \u012frangos s\u0105ra\u0161e yra kruizo kontrol\u0117, lietaus valytuvai, &#8220;Bang and Olufsen&#8221; garso sistema, automati\u0161kai pritemdomi veidrod\u0117liai, navigacija, LED ap\u0161vietimas ir dar daug kit\u0173 dalyk\u0173.<\/p>\n<p><strong>Dokumentacija<\/strong><\/p>\n<p>\u0160i naudota transporto priemon\u0117 su atitinkamais dokumentais yra Nyderlanduose. &#8220;CarFax&#8221; ataskaita yra \u0161vari, joki\u0173 teisini\u0173 problem\u0173 n\u0117ra. \u012era\u0161ai apie reguliari\u0105 technin\u0119 prie\u017ei\u016br\u0105 ir kelis smulkius remonto darbus. Labai svarbu pamin\u0117ti, kad \u0161is &#8220;Audi R8&#8221; turi BPM gr\u0105\u017einam\u0105j\u0105 i\u0161mok\u0105. BPM gr\u0105\u017einamoji i\u0161moka yra Nyderland\u0173 prabangos mokes\u010dio gr\u0105\u017einamoji i\u0161moka u\u017e eksport\u0105. <strong> Tai rei\u0161kia, kad jei pirk\u0117jas yra bet kurioje kitoje Europos S\u0105jungos \u0161alyje (i\u0161skyrus Nyderlandus) ir \u012fregistruoja \u0161\u012f automobil\u012f savo \u0161alyje per 13 savai\u010di\u0173 nuo jo \u012fsigijimo, jis atgaus 5967 eurus<\/strong>, o tai labai patogu.<br \/>\nPer\u017ei\u016br\u0117kite <a href=\"https:\/\/pistonaddict.com\/wp-content\/uploads\/2023\/06\/CARFAX-Vehicle-History-Report-AUDI-R8.pdf\">\u0161io &#8220;Audi R8&#8221; CarFax<\/a>.<\/p>\n<p><strong>Norint patekti \u012f \u0161ios auk\u0161\u010diausios klas\u0117s transporto priemon\u0117s aukcion\u0105, reikia atspausdinti ir (arba) sulaikyti kredito kortel\u0119 (automati\u0161kai atleid\u017eiama).<\/strong><\/p>\n<p>Per\u017ei\u016br\u0117kite \u0161io nuostabaus &#8220;Audi R8&#8221; \u0161altojo starto vaizdo \u012fra\u0161\u0105 \u010dia :<\/p>\n<p><iframe title=\"Cold Start video of the Audi R8 4.2 FSI V8 on auction sale\" width=\"1200\" height=\"675\" src=\"https:\/\/www.youtube.com\/embed\/GyBid0aFEiA?feature=oembed\" frameborder=\"0\" allow=\"accelerometer; autoplay; clipboard-write; encrypted-media; gyroscope; picture-in-picture; web-share\" allowfullscreen><\/iframe><\/p>\n","protected":false},"excerpt":{"rendered":"<p>Da\u017enai girdite termin\u0105 &#8220;kasdienis superautomobilis&#8221;, ta\u010diau tik nedaugelis automobili\u0173 i\u0161 tikr\u0173j\u0173 pasi\u017eymi \u012ftikinamu na\u0161umu, patogumu ir patikimumu kasdieniam naudojimui. 2014 m. &#8220;Audi R8&#8221; yra toks brangakmenis. D\u0117l galingo 4,2 l V8 variklio, gerai \u012frengto interjero ir puikios vairavimo dinamikos \u0161iuo automobiliu galite m\u0117gautis kasdien ir tuo pat metu tur\u0117ti visus grynakraujo superautomobilio privalumus. <a href=\"https:\/\/pistonaddict.com\/contact-us\/\">Susisiek\u0119 su mumis<\/a> galite pateikti pasi\u016blym\u0105 d\u0117l \u0161io automobilio.<\/p>\n","protected":false},"featured_media":41843,"comment_status":"open","ping_status":"closed","template":"","meta":{"inline_featured_image":false},"product_cat":[703],"product_tag":[1907,1906,902],"acf":[],"yoast_head":"<!-- This site is optimized with the Yoast SEO plugin v22.5 - https:\/\/yoast.com\/wordpress\/plugins\/seo\/ -->\n<title>Audi R8 4.2 FSI V8 aukcionas - Piston Addict<\/title>\n<meta name=\"description\" content=\"\u0160is &quot;Audi R8&quot; yra 2014 m. modelis, o tai rei\u0161kia, kad tai v\u0117lesn\u0117 ir geid\u017eiamesn\u0117 versija, kuriai \u0161iek tiek pakeistas stilius, patobulintos funkcijos ir mechanika. Galios suteikia 4,2 l FSI V8 variklis, i\u0161vystantis 430 AG ir perduodantis j\u0105 visiems keturiems ratams per 7 laipsni\u0173 &quot;S Tronic&quot; dviej\u0173 sankab\u0173 automatin\u0119 pavar\u0173 d\u0117\u017e\u0119.\" \/>\n<meta name=\"robots\" content=\"index, follow, max-snippet:-1, max-image-preview:large, max-video-preview:-1\" \/>\n<link rel=\"canonical\" href=\"https:\/\/pistonaddict.com\/lt\/product\/audi-r8-4-2-fsi-v8\/\" \/>\n<meta property=\"og:locale\" content=\"lt_LT\" \/>\n<meta property=\"og:type\" content=\"article\" \/>\n<meta property=\"og:title\" content=\"Audi R8 4.2 FSI V8 aukcionas - Piston Addict\" \/>\n<meta property=\"og:description\" content=\"\u0160is &quot;Audi R8&quot; yra 2014 m. modelis, o tai rei\u0161kia, kad tai v\u0117lesn\u0117 ir geid\u017eiamesn\u0117 versija, kuriai \u0161iek tiek pakeistas stilius, patobulintos funkcijos ir mechanika. Galios suteikia 4,2 l FSI V8 variklis, i\u0161vystantis 430 AG ir perduodantis j\u0105 visiems keturiems ratams per 7 laipsni\u0173 &quot;S Tronic&quot; dviej\u0173 sankab\u0173 automatin\u0119 pavar\u0173 d\u0117\u017e\u0119.\" \/>\n<meta property=\"og:url\" content=\"https:\/\/pistonaddict.com\/lt\/product\/audi-r8-4-2-fsi-v8\/\" \/>\n<meta property=\"og:site_name\" content=\"Piston Addict\" \/>\n<meta property=\"article:modified_time\" content=\"2024-03-20T08:15:51+00:00\" \/>\n<meta property=\"og:image\" content=\"https:\/\/pistonaddict.com\/wp-content\/uploads\/2023\/06\/foto-5.jpg\" \/>\n\t<meta property=\"og:image:width\" content=\"1024\" \/>\n\t<meta property=\"og:image:height\" content=\"683\" \/>\n\t<meta property=\"og:image:type\" content=\"image\/jpeg\" \/>\n<meta name=\"twitter:card\" content=\"summary_large_image\" \/>\n<meta name=\"twitter:label1\" content=\"Est. reading time\" \/>\n\t<meta name=\"twitter:data1\" content=\"3 minut\u0117s\" \/>\n<script type=\"application\/ld+json\" class=\"yoast-schema-graph\">{\"@context\":\"https:\/\/schema.org\",\"@graph\":[{\"@type\":\"WebPage\",\"@id\":\"https:\/\/pistonaddict.com\/lt\/product\/audi-r8-4-2-fsi-v8\/\",\"url\":\"https:\/\/pistonaddict.com\/lt\/product\/audi-r8-4-2-fsi-v8\/\",\"name\":\"Audi R8 4.2 FSI V8 aukcionas - Piston Addict\",\"isPartOf\":{\"@id\":\"https:\/\/pistonaddict.com\/lt\/#website\"},\"primaryImageOfPage\":{\"@id\":\"https:\/\/pistonaddict.com\/lt\/product\/audi-r8-4-2-fsi-v8\/#primaryimage\"},\"image\":{\"@id\":\"https:\/\/pistonaddict.com\/lt\/product\/audi-r8-4-2-fsi-v8\/#primaryimage\"},\"thumbnailUrl\":\"https:\/\/pistonaddict.com\/wp-content\/uploads\/2023\/06\/foto-5.jpg\",\"datePublished\":\"2023-06-12T12:22:37+00:00\",\"dateModified\":\"2024-03-20T08:15:51+00:00\",\"description\":\"\u0160is \\\"Audi R8\\\" yra 2014 m. modelis, o tai rei\u0161kia, kad tai v\u0117lesn\u0117 ir geid\u017eiamesn\u0117 versija, kuriai \u0161iek tiek pakeistas stilius, patobulintos funkcijos ir mechanika. Galios suteikia 4,2 l FSI V8 variklis, i\u0161vystantis 430 AG ir perduodantis j\u0105 visiems keturiems ratams per 7 laipsni\u0173 \\\"S Tronic\\\" dviej\u0173 sankab\u0173 automatin\u0119 pavar\u0173 d\u0117\u017e\u0119.\",\"breadcrumb\":{\"@id\":\"https:\/\/pistonaddict.com\/lt\/product\/audi-r8-4-2-fsi-v8\/#breadcrumb\"},\"inLanguage\":\"lt-LT\",\"potentialAction\":[{\"@type\":\"ReadAction\",\"target\":[\"https:\/\/pistonaddict.com\/lt\/product\/audi-r8-4-2-fsi-v8\/\"]}]},{\"@type\":\"ImageObject\",\"inLanguage\":\"lt-LT\",\"@id\":\"https:\/\/pistonaddict.com\/lt\/product\/audi-r8-4-2-fsi-v8\/#primaryimage\",\"url\":\"https:\/\/pistonaddict.com\/wp-content\/uploads\/2023\/06\/foto-5.jpg\",\"contentUrl\":\"https:\/\/pistonaddict.com\/wp-content\/uploads\/2023\/06\/foto-5.jpg\",\"width\":1024,\"height\":683},{\"@type\":\"BreadcrumbList\",\"@id\":\"https:\/\/pistonaddict.com\/lt\/product\/audi-r8-4-2-fsi-v8\/#breadcrumb\",\"itemListElement\":[{\"@type\":\"ListItem\",\"position\":1,\"name\":\"Pagrindinis puslapis\",\"item\":\"https:\/\/pistonaddict.com\/lt\/pradzia\/\"},{\"@type\":\"ListItem\",\"position\":2,\"name\":\"Auctions\",\"item\":\"https:\/\/pistonaddict.com\/auctions-listing\/\"},{\"@type\":\"ListItem\",\"position\":3,\"name\":\"Audi R8 4.2 FSI V8\"}]},{\"@type\":\"WebSite\",\"@id\":\"https:\/\/pistonaddict.com\/lt\/#website\",\"url\":\"https:\/\/pistonaddict.com\/lt\/\",\"name\":\"Piston Addict\",\"description\":\"Only interesting vehicles\",\"publisher\":{\"@id\":\"https:\/\/pistonaddict.com\/lt\/#organization\"},\"potentialAction\":[{\"@type\":\"SearchAction\",\"target\":{\"@type\":\"EntryPoint\",\"urlTemplate\":\"https:\/\/pistonaddict.com\/lt\/?s={search_term_string}\"},\"query-input\":\"required name=search_term_string\"}],\"inLanguage\":\"lt-LT\"},{\"@type\":\"Organization\",\"@id\":\"https:\/\/pistonaddict.com\/lt\/#organization\",\"name\":\"Piston Addict\",\"url\":\"https:\/\/pistonaddict.com\/lt\/\",\"logo\":{\"@type\":\"ImageObject\",\"inLanguage\":\"lt-LT\",\"@id\":\"https:\/\/pistonaddict.com\/lt\/#\/schema\/logo\/image\/\",\"url\":\"https:\/\/pistonaddict.com\/wp-content\/uploads\/2022\/07\/logo-6.png\",\"contentUrl\":\"https:\/\/pistonaddict.com\/wp-content\/uploads\/2022\/07\/logo-6.png\",\"width\":970,\"height\":200,\"caption\":\"Piston Addict\"},\"image\":{\"@id\":\"https:\/\/pistonaddict.com\/lt\/#\/schema\/logo\/image\/\"}}]}<\/script>\n<!-- \/ Yoast SEO plugin. -->","yoast_head_json":{"title":"Audi R8 4.2 FSI V8 aukcionas - Piston Addict","description":"\u0160is \"Audi R8\" yra 2014 m. modelis, o tai rei\u0161kia, kad tai v\u0117lesn\u0117 ir geid\u017eiamesn\u0117 versija, kuriai \u0161iek tiek pakeistas stilius, patobulintos funkcijos ir mechanika. Galios suteikia 4,2 l FSI V8 variklis, i\u0161vystantis 430 AG ir perduodantis j\u0105 visiems keturiems ratams per 7 laipsni\u0173 \"S Tronic\" dviej\u0173 sankab\u0173 automatin\u0119 pavar\u0173 d\u0117\u017e\u0119.","robots":{"index":"index","follow":"follow","max-snippet":"max-snippet:-1","max-image-preview":"max-image-preview:large","max-video-preview":"max-video-preview:-1"},"canonical":"https:\/\/pistonaddict.com\/lt\/product\/audi-r8-4-2-fsi-v8\/","og_locale":"lt_LT","og_type":"article","og_title":"Audi R8 4.2 FSI V8 aukcionas - Piston Addict","og_description":"\u0160is \"Audi R8\" yra 2014 m. modelis, o tai rei\u0161kia, kad tai v\u0117lesn\u0117 ir geid\u017eiamesn\u0117 versija, kuriai \u0161iek tiek pakeistas stilius, patobulintos funkcijos ir mechanika. Galios suteikia 4,2 l FSI V8 variklis, i\u0161vystantis 430 AG ir perduodantis j\u0105 visiems keturiems ratams per 7 laipsni\u0173 \"S Tronic\" dviej\u0173 sankab\u0173 automatin\u0119 pavar\u0173 d\u0117\u017e\u0119.","og_url":"https:\/\/pistonaddict.com\/lt\/product\/audi-r8-4-2-fsi-v8\/","og_site_name":"Piston Addict","article_modified_time":"2024-03-20T08:15:51+00:00","og_image":[{"width":1024,"height":683,"url":"https:\/\/pistonaddict.com\/wp-content\/uploads\/2023\/06\/foto-5.jpg","type":"image\/jpeg"}],"twitter_card":"summary_large_image","twitter_misc":{"Est. reading time":"3 minut\u0117s"},"schema":{"@context":"https:\/\/schema.org","@graph":[{"@type":"WebPage","@id":"https:\/\/pistonaddict.com\/lt\/product\/audi-r8-4-2-fsi-v8\/","url":"https:\/\/pistonaddict.com\/lt\/product\/audi-r8-4-2-fsi-v8\/","name":"Audi R8 4.2 FSI V8 aukcionas - Piston Addict","isPartOf":{"@id":"https:\/\/pistonaddict.com\/lt\/#website"},"primaryImageOfPage":{"@id":"https:\/\/pistonaddict.com\/lt\/product\/audi-r8-4-2-fsi-v8\/#primaryimage"},"image":{"@id":"https:\/\/pistonaddict.com\/lt\/product\/audi-r8-4-2-fsi-v8\/#primaryimage"},"thumbnailUrl":"https:\/\/pistonaddict.com\/wp-content\/uploads\/2023\/06\/foto-5.jpg","datePublished":"2023-06-12T12:22:37+00:00","dateModified":"2024-03-20T08:15:51+00:00","description":"\u0160is \"Audi R8\" yra 2014 m. modelis, o tai rei\u0161kia, kad tai v\u0117lesn\u0117 ir geid\u017eiamesn\u0117 versija, kuriai \u0161iek tiek pakeistas stilius, patobulintos funkcijos ir mechanika. Galios suteikia 4,2 l FSI V8 variklis, i\u0161vystantis 430 AG ir perduodantis j\u0105 visiems keturiems ratams per 7 laipsni\u0173 \"S Tronic\" dviej\u0173 sankab\u0173 automatin\u0119 pavar\u0173 d\u0117\u017e\u0119.","breadcrumb":{"@id":"https:\/\/pistonaddict.com\/lt\/product\/audi-r8-4-2-fsi-v8\/#breadcrumb"},"inLanguage":"lt-LT","potentialAction":[{"@type":"ReadAction","target":["https:\/\/pistonaddict.com\/lt\/product\/audi-r8-4-2-fsi-v8\/"]}]},{"@type":"ImageObject","inLanguage":"lt-LT","@id":"https:\/\/pistonaddict.com\/lt\/product\/audi-r8-4-2-fsi-v8\/#primaryimage","url":"https:\/\/pistonaddict.com\/wp-content\/uploads\/2023\/06\/foto-5.jpg","contentUrl":"https:\/\/pistonaddict.com\/wp-content\/uploads\/2023\/06\/foto-5.jpg","width":1024,"height":683},{"@type":"BreadcrumbList","@id":"https:\/\/pistonaddict.com\/lt\/product\/audi-r8-4-2-fsi-v8\/#breadcrumb","itemListElement":[{"@type":"ListItem","position":1,"name":"Pagrindinis puslapis","item":"https:\/\/pistonaddict.com\/lt\/pradzia\/"},{"@type":"ListItem","position":2,"name":"Auctions","item":"https:\/\/pistonaddict.com\/auctions-listing\/"},{"@type":"ListItem","position":3,"name":"Audi R8 4.2 FSI V8"}]},{"@type":"WebSite","@id":"https:\/\/pistonaddict.com\/lt\/#website","url":"https:\/\/pistonaddict.com\/lt\/","name":"Piston Addict","description":"Only interesting vehicles","publisher":{"@id":"https:\/\/pistonaddict.com\/lt\/#organization"},"potentialAction":[{"@type":"SearchAction","target":{"@type":"EntryPoint","urlTemplate":"https:\/\/pistonaddict.com\/lt\/?s={search_term_string}"},"query-input":"required name=search_term_string"}],"inLanguage":"lt-LT"},{"@type":"Organization","@id":"https:\/\/pistonaddict.com\/lt\/#organization","name":"Piston Addict","url":"https:\/\/pistonaddict.com\/lt\/","logo":{"@type":"ImageObject","inLanguage":"lt-LT","@id":"https:\/\/pistonaddict.com\/lt\/#\/schema\/logo\/image\/","url":"https:\/\/pistonaddict.com\/wp-content\/uploads\/2022\/07\/logo-6.png","contentUrl":"https:\/\/pistonaddict.com\/wp-content\/uploads\/2022\/07\/logo-6.png","width":970,"height":200,"caption":"Piston Addict"},"image":{"@id":"https:\/\/pistonaddict.com\/lt\/#\/schema\/logo\/image\/"}}]}},"_links":{"self":[{"href":"https:\/\/pistonaddict.com\/lt\/wp-json\/wp\/v2\/product\/41982"}],"collection":[{"href":"https:\/\/pistonaddict.com\/lt\/wp-json\/wp\/v2\/product"}],"about":[{"href":"https:\/\/pistonaddict.com\/lt\/wp-json\/wp\/v2\/types\/product"}],"replies":[{"embeddable":true,"href":"https:\/\/pistonaddict.com\/lt\/wp-json\/wp\/v2\/comments?post=41982"}],"wp:featuredmedia":[{"embeddable":true,"href":"https:\/\/pistonaddict.com\/lt\/wp-json\/wp\/v2\/media\/41843"}],"wp:attachment":[{"href":"https:\/\/pistonaddict.com\/lt\/wp-json\/wp\/v2\/media?parent=41982"}],"wp:term":[{"taxonomy":"product_cat","embeddable":true,"href":"https:\/\/pistonaddict.com\/lt\/wp-json\/wp\/v2\/product_cat?post=41982"},{"taxonomy":"product_tag","embeddable":true,"href":"https:\/\/pistonaddict.com\/lt\/wp-json\/wp\/v2\/product_tag?post=41982"}],"curies":[{"name":"wp","href":"https:\/\/api.w.org\/{rel}","templated":true}]}}