{"id":39964,"date":"2023-04-19T17:58:30","date_gmt":"2023-04-19T15:58:30","guid":{"rendered":"https:\/\/pistonaddict.com\/product\/nissan-gtr\/"},"modified":"2024-03-19T17:52:19","modified_gmt":"2024-03-19T16:52:19","slug":"nissan-gtr","status":"publish","type":"product","link":"https:\/\/pistonaddict.com\/lt\/product\/nissan-gtr\/","title":{"rendered":"&#8220;Nissan GT-R Nismo"},"content":{"rendered":"<h2>I\u0161or\u0117<\/h2>\n<p>I\u0161 i\u0161or\u0117s \u0161is juodos spalvos dviej\u0173 dur\u0173 kup\u0117 suderina i\u0161 pa\u017ei\u016bros subtili\u0105 i\u0161vaizd\u0105 su agresyviomis detal\u0117mis, kurios atskleid\u017eia tikr\u0105j\u012f jo charakter\u012f. Priekyje &#8211; didel\u0117s grotel\u0117s ir trikampio formos priekiniai \u017eibintai, kurie suteikia automobiliui \u012fsp\u016bding\u0105 i\u0161vaizd\u0105 kelyje. GT-R siluet\u0105 apib\u016bdina ilgas variklio dangtis, nuo\u017eulni stogo linija ir masyvus galinis spoileris. Galiausiai galin\u0117je dalyje dominuoja &#8220;Nissan&#8221; b\u016bdingi apval\u016bs galiniai \u017eibintai. \u0160is &#8220;GT-R&#8221;, kur\u012f pagamino &#8220;Nismo&#8221;, nuo standartini\u0173 modeli\u0173 skiriasi keliomis detal\u0117mis. Be grotel\u0117se sumontuoto \u017eenkliuko, \u010dia taip pat yra padidintas priekinis oro skirstytuvas ir anglies pluo\u0161to baga\u017ein\u0117s dangtis. Automobilis montuojamas ant &#8220;Michelin&#8221; sukibim\u0105 u\u017etikrinan\u010di\u0173 &#8220;Super Sport Cup 2&#8221; padang\u0173, sumontuot\u0173 ant &#8220;Volk Racking&#8221; pagamint\u0173 bronzini\u0173 20 coli\u0173 ratlanki\u0173.<\/p>\n<h2>Interjeras<\/h2>\n<p>GT-R interjeras su 2+2 s\u0117dyn\u0117mis atskleid\u017eia jo prakti\u0161kum\u0105. Akivaizdu, kad ant galini\u0173 s\u0117dyni\u0173 yra nedaug vietos ir jos tinkamos tik trumpiems atstumams \u012fveikti. Ta\u010diau net ir juos tur\u0117ti yra malonu. Kita vertus, priekin\u0117s s\u0117dyn\u0117s yra visai kas kita. Juoda oda su raudonais akcentais aptrauktos s\u0117dyn\u0117s suteikia beveik neribot\u0105 atram\u0105, tod\u0117l vairuotojas tvirtai laikosi net ir a\u0161triausiuose pos\u016bkiuose. D\u0117l j\u0173 deramasi su tri\u0161akiu vairu, aptrauktu \u0161ukuota oda su raudonomis si\u016bl\u0117mis. U\u017e jo yra prietais\u0173 skydelis, kuriame dominuoja iki 8 000 apsisukim\u0173 per minut\u0119 siekiantis apsuk\u0173 skaitiklis. Kiti ciferblatai &#8211; spidometras ir variklio temperat\u016bros bei degal\u0173 lygio matuokliai. Be to, centre esan\u010diame ekrane rodomi lenktyni\u0173 parametrai, pavyzd\u017eiui, pagreitis arba \u0161onin\u0117s j\u0117gos.<\/p>\n<h2>Mechanika<\/h2>\n<p>Nors &#8220;Nissan GT-R&#8221; atrodo stulbinamai, i\u0161 tikr\u0173j\u0173 jis labiausiai \u017eavi d\u0117l mechaninio pagrindo, esan\u010dio po oda. Pirmiausia tai variklis &#8211; 3,8 l V6 su dviem turbokompresoriais, kur\u012f su did\u017eiausiu \u012fmanomu tikslumu rankomis pagamino geriausi &#8220;Nissan&#8221; technikai. Be to, kiekvienas i\u0161 j\u0173 sureguliuotas maksimaliai, tod\u0117l kiekvieno automobilio galia skiriasi. O 750 arklio gali\u0173 galios \u010diaupas &#8211; galios \u0161iame GT-R tikrai netr\u016bksta. Tada yra \u0161e\u0161i\u0173 laipsni\u0173 automatin\u0117 dviej\u0173 sankab\u0173 pavar\u0173 d\u0117\u017e\u0117, kuri, siekiant pagerinti svorio paskirstym\u0105, sumontuota gale. Be to, jis yra rankomis pagamintas ir suporuotas su varikliu, kad pavar\u0173 perjungimas b\u016bt\u0173 kuo greitesnis. Galiausiai, visa \u0161i did\u017eiul\u0117 galia efektyviai perduodama \u012f \u017eem\u0119 naudojant sud\u0117ting\u0105 vis\u0173 varan\u010di\u0173j\u0173 rat\u0173 sistem\u0105. D\u0117l viso to \u0161is &#8220;Nissan GT-R&#8221; nuo 0 iki 60 \u012fsib\u0117g\u0117ja vos per 2,5 sekund\u0117s, o jo maksimalus greitis siekia 205 km\/h.<\/p>\n<h2>Transporto priemon\u0117s istorija<\/h2>\n<p>Nors kiekvienas &#8220;Nissan GT-R&#8221; su savo rank\u0173 darbo mechanika ir pritaikyta derinimo sistema yra savaip unikalus, \u0161is konkretus modelis yra dar ypatingesnis. I\u0161 tikr\u0173j\u0173 tai buvo pirmasis &#8220;Nissan&#8221; lenktyni\u0173 padalinio &#8220;Nismo&#8221; sukurtas kairi\u0105ja ranka varomas modelis, pagamintas asmeni\u0161kai tuometiniam &#8220;Renault&#8221; &#8220;Formul\u0117s 1&#8221; komandos pirmininkui. Pardav\u0117jo teigimu, \u0161is automobilis yra kaip naujas, nuva\u017eiav\u0119s 2703 mylias ir \u0161iuo metu yra Jungtin\u0117je Karalyst\u0117je.<\/p>\n","protected":false},"excerpt":{"rendered":"<p>Legendinis &#8220;Nissan GT-R&#8221; yra vienas i\u0161 ikoni\u0161kiausi\u0173 ir geid\u017eiamiausi\u0173 Tekan\u010dios saul\u0117s \u0161alies automobili\u0173. Su galingu V6 varikliu su turbokompresoriumi ir sud\u0117tinga keturi\u0173 varan\u010di\u0173j\u0173 rat\u0173 pavara \u0161is kelyje va\u017eiuojantis monstras stebina vairuotojus savo grei\u010diu ir valdymu, kuris, atrodo, prie\u0161tarauja fizikos d\u0117sniams. Ta\u010diau \u0161is 2016 m. modelis, kur\u012f parduoda profesionalus pardav\u0117jas, n\u0117ra paprastas GT-R. Vietoj to, \u012f kur\u012f \u017ei\u016brite, yra \u012f tras\u0105 orientuotas, rekordus mu\u0161antis &#8220;GT-R Nismo&#8221; automobilis. Kol kas jis nuva\u017eiavo tik 2700 myli\u0173 ir nelaukia naujo savininko.<\/p>\n","protected":false},"featured_media":39381,"comment_status":"open","ping_status":"closed","template":"","meta":{"inline_featured_image":false},"product_cat":[703],"product_tag":[1700,902,1696,1692],"acf":[],"yoast_head":"<!-- This site is optimized with the Yoast SEO plugin v22.5 - https:\/\/yoast.com\/wordpress\/plugins\/seo\/ -->\n<title>&quot;Nissan GT-R Nismo aukcionas - Piston Addict<\/title>\n<meta name=\"description\" content=\"Per\u017ei\u016br\u0117kite \u0161\u012f &quot;Nissan GT-R Nismo&quot;, parduodam\u0105 aukcione PistonAddict.com\" \/>\n<meta name=\"robots\" content=\"index, follow, max-snippet:-1, max-image-preview:large, max-video-preview:-1\" \/>\n<link rel=\"canonical\" href=\"https:\/\/pistonaddict.com\/lt\/product\/nissan-gtr\/\" \/>\n<meta property=\"og:locale\" content=\"lt_LT\" \/>\n<meta property=\"og:type\" content=\"article\" \/>\n<meta property=\"og:title\" content=\"&quot;Nissan GT-R Nismo aukcionas - Piston Addict\" \/>\n<meta property=\"og:description\" content=\"Per\u017ei\u016br\u0117kite \u0161\u012f &quot;Nissan GT-R Nismo&quot;, parduodam\u0105 aukcione PistonAddict.com\" \/>\n<meta property=\"og:url\" content=\"https:\/\/pistonaddict.com\/lt\/product\/nissan-gtr\/\" \/>\n<meta property=\"og:site_name\" content=\"Piston Addict\" \/>\n<meta property=\"article:modified_time\" content=\"2024-03-19T16:52:19+00:00\" \/>\n<meta property=\"og:image\" content=\"https:\/\/pistonaddict.com\/wp-content\/uploads\/2023\/04\/LuxurycarLondonApril11PistonAddict_0497-scaled.jpg\" \/>\n\t<meta property=\"og:image:width\" content=\"2560\" \/>\n\t<meta property=\"og:image:height\" content=\"1972\" \/>\n\t<meta property=\"og:image:type\" content=\"image\/jpeg\" \/>\n<meta name=\"twitter:card\" content=\"summary_large_image\" \/>\n<meta name=\"twitter:label1\" content=\"Est. reading time\" \/>\n\t<meta name=\"twitter:data1\" content=\"2 minut\u0117s\" \/>\n<script type=\"application\/ld+json\" class=\"yoast-schema-graph\">{\"@context\":\"https:\/\/schema.org\",\"@graph\":[{\"@type\":\"WebPage\",\"@id\":\"https:\/\/pistonaddict.com\/lt\/product\/nissan-gtr\/\",\"url\":\"https:\/\/pistonaddict.com\/lt\/product\/nissan-gtr\/\",\"name\":\"\\\"Nissan GT-R Nismo aukcionas - Piston Addict\",\"isPartOf\":{\"@id\":\"https:\/\/pistonaddict.com\/lt\/#website\"},\"primaryImageOfPage\":{\"@id\":\"https:\/\/pistonaddict.com\/lt\/product\/nissan-gtr\/#primaryimage\"},\"image\":{\"@id\":\"https:\/\/pistonaddict.com\/lt\/product\/nissan-gtr\/#primaryimage\"},\"thumbnailUrl\":\"https:\/\/pistonaddict.com\/wp-content\/uploads\/2023\/04\/LuxurycarLondonApril11PistonAddict_0497-scaled.jpg\",\"datePublished\":\"2023-04-19T15:58:30+00:00\",\"dateModified\":\"2024-03-19T16:52:19+00:00\",\"description\":\"Per\u017ei\u016br\u0117kite \u0161\u012f \\\"Nissan GT-R Nismo\\\", parduodam\u0105 aukcione PistonAddict.com\",\"breadcrumb\":{\"@id\":\"https:\/\/pistonaddict.com\/lt\/product\/nissan-gtr\/#breadcrumb\"},\"inLanguage\":\"lt-LT\",\"potentialAction\":[{\"@type\":\"ReadAction\",\"target\":[\"https:\/\/pistonaddict.com\/lt\/product\/nissan-gtr\/\"]}]},{\"@type\":\"ImageObject\",\"inLanguage\":\"lt-LT\",\"@id\":\"https:\/\/pistonaddict.com\/lt\/product\/nissan-gtr\/#primaryimage\",\"url\":\"https:\/\/pistonaddict.com\/wp-content\/uploads\/2023\/04\/LuxurycarLondonApril11PistonAddict_0497-scaled.jpg\",\"contentUrl\":\"https:\/\/pistonaddict.com\/wp-content\/uploads\/2023\/04\/LuxurycarLondonApril11PistonAddict_0497-scaled.jpg\",\"width\":2560,\"height\":1972},{\"@type\":\"BreadcrumbList\",\"@id\":\"https:\/\/pistonaddict.com\/lt\/product\/nissan-gtr\/#breadcrumb\",\"itemListElement\":[{\"@type\":\"ListItem\",\"position\":1,\"name\":\"Pagrindinis puslapis\",\"item\":\"https:\/\/pistonaddict.com\/lt\/pradzia\/\"},{\"@type\":\"ListItem\",\"position\":2,\"name\":\"Auctions\",\"item\":\"https:\/\/pistonaddict.com\/auctions-listing\/\"},{\"@type\":\"ListItem\",\"position\":3,\"name\":\"&#8220;Nissan GT-R Nismo\"}]},{\"@type\":\"WebSite\",\"@id\":\"https:\/\/pistonaddict.com\/lt\/#website\",\"url\":\"https:\/\/pistonaddict.com\/lt\/\",\"name\":\"Piston Addict\",\"description\":\"Only interesting vehicles\",\"publisher\":{\"@id\":\"https:\/\/pistonaddict.com\/lt\/#organization\"},\"potentialAction\":[{\"@type\":\"SearchAction\",\"target\":{\"@type\":\"EntryPoint\",\"urlTemplate\":\"https:\/\/pistonaddict.com\/lt\/?s={search_term_string}\"},\"query-input\":\"required name=search_term_string\"}],\"inLanguage\":\"lt-LT\"},{\"@type\":\"Organization\",\"@id\":\"https:\/\/pistonaddict.com\/lt\/#organization\",\"name\":\"Piston Addict\",\"url\":\"https:\/\/pistonaddict.com\/lt\/\",\"logo\":{\"@type\":\"ImageObject\",\"inLanguage\":\"lt-LT\",\"@id\":\"https:\/\/pistonaddict.com\/lt\/#\/schema\/logo\/image\/\",\"url\":\"https:\/\/pistonaddict.com\/wp-content\/uploads\/2022\/07\/logo-6.png\",\"contentUrl\":\"https:\/\/pistonaddict.com\/wp-content\/uploads\/2022\/07\/logo-6.png\",\"width\":970,\"height\":200,\"caption\":\"Piston Addict\"},\"image\":{\"@id\":\"https:\/\/pistonaddict.com\/lt\/#\/schema\/logo\/image\/\"}}]}<\/script>\n<!-- \/ Yoast SEO plugin. -->","yoast_head_json":{"title":"\"Nissan GT-R Nismo aukcionas - Piston Addict","description":"Per\u017ei\u016br\u0117kite \u0161\u012f \"Nissan GT-R Nismo\", parduodam\u0105 aukcione PistonAddict.com","robots":{"index":"index","follow":"follow","max-snippet":"max-snippet:-1","max-image-preview":"max-image-preview:large","max-video-preview":"max-video-preview:-1"},"canonical":"https:\/\/pistonaddict.com\/lt\/product\/nissan-gtr\/","og_locale":"lt_LT","og_type":"article","og_title":"\"Nissan GT-R Nismo aukcionas - Piston Addict","og_description":"Per\u017ei\u016br\u0117kite \u0161\u012f \"Nissan GT-R Nismo\", parduodam\u0105 aukcione PistonAddict.com","og_url":"https:\/\/pistonaddict.com\/lt\/product\/nissan-gtr\/","og_site_name":"Piston Addict","article_modified_time":"2024-03-19T16:52:19+00:00","og_image":[{"width":2560,"height":1972,"url":"https:\/\/pistonaddict.com\/wp-content\/uploads\/2023\/04\/LuxurycarLondonApril11PistonAddict_0497-scaled.jpg","type":"image\/jpeg"}],"twitter_card":"summary_large_image","twitter_misc":{"Est. reading time":"2 minut\u0117s"},"schema":{"@context":"https:\/\/schema.org","@graph":[{"@type":"WebPage","@id":"https:\/\/pistonaddict.com\/lt\/product\/nissan-gtr\/","url":"https:\/\/pistonaddict.com\/lt\/product\/nissan-gtr\/","name":"\"Nissan GT-R Nismo aukcionas - Piston Addict","isPartOf":{"@id":"https:\/\/pistonaddict.com\/lt\/#website"},"primaryImageOfPage":{"@id":"https:\/\/pistonaddict.com\/lt\/product\/nissan-gtr\/#primaryimage"},"image":{"@id":"https:\/\/pistonaddict.com\/lt\/product\/nissan-gtr\/#primaryimage"},"thumbnailUrl":"https:\/\/pistonaddict.com\/wp-content\/uploads\/2023\/04\/LuxurycarLondonApril11PistonAddict_0497-scaled.jpg","datePublished":"2023-04-19T15:58:30+00:00","dateModified":"2024-03-19T16:52:19+00:00","description":"Per\u017ei\u016br\u0117kite \u0161\u012f \"Nissan GT-R Nismo\", parduodam\u0105 aukcione PistonAddict.com","breadcrumb":{"@id":"https:\/\/pistonaddict.com\/lt\/product\/nissan-gtr\/#breadcrumb"},"inLanguage":"lt-LT","potentialAction":[{"@type":"ReadAction","target":["https:\/\/pistonaddict.com\/lt\/product\/nissan-gtr\/"]}]},{"@type":"ImageObject","inLanguage":"lt-LT","@id":"https:\/\/pistonaddict.com\/lt\/product\/nissan-gtr\/#primaryimage","url":"https:\/\/pistonaddict.com\/wp-content\/uploads\/2023\/04\/LuxurycarLondonApril11PistonAddict_0497-scaled.jpg","contentUrl":"https:\/\/pistonaddict.com\/wp-content\/uploads\/2023\/04\/LuxurycarLondonApril11PistonAddict_0497-scaled.jpg","width":2560,"height":1972},{"@type":"BreadcrumbList","@id":"https:\/\/pistonaddict.com\/lt\/product\/nissan-gtr\/#breadcrumb","itemListElement":[{"@type":"ListItem","position":1,"name":"Pagrindinis puslapis","item":"https:\/\/pistonaddict.com\/lt\/pradzia\/"},{"@type":"ListItem","position":2,"name":"Auctions","item":"https:\/\/pistonaddict.com\/auctions-listing\/"},{"@type":"ListItem","position":3,"name":"&#8220;Nissan GT-R Nismo"}]},{"@type":"WebSite","@id":"https:\/\/pistonaddict.com\/lt\/#website","url":"https:\/\/pistonaddict.com\/lt\/","name":"Piston Addict","description":"Only interesting vehicles","publisher":{"@id":"https:\/\/pistonaddict.com\/lt\/#organization"},"potentialAction":[{"@type":"SearchAction","target":{"@type":"EntryPoint","urlTemplate":"https:\/\/pistonaddict.com\/lt\/?s={search_term_string}"},"query-input":"required name=search_term_string"}],"inLanguage":"lt-LT"},{"@type":"Organization","@id":"https:\/\/pistonaddict.com\/lt\/#organization","name":"Piston Addict","url":"https:\/\/pistonaddict.com\/lt\/","logo":{"@type":"ImageObject","inLanguage":"lt-LT","@id":"https:\/\/pistonaddict.com\/lt\/#\/schema\/logo\/image\/","url":"https:\/\/pistonaddict.com\/wp-content\/uploads\/2022\/07\/logo-6.png","contentUrl":"https:\/\/pistonaddict.com\/wp-content\/uploads\/2022\/07\/logo-6.png","width":970,"height":200,"caption":"Piston Addict"},"image":{"@id":"https:\/\/pistonaddict.com\/lt\/#\/schema\/logo\/image\/"}}]}},"_links":{"self":[{"href":"https:\/\/pistonaddict.com\/lt\/wp-json\/wp\/v2\/product\/39964"}],"collection":[{"href":"https:\/\/pistonaddict.com\/lt\/wp-json\/wp\/v2\/product"}],"about":[{"href":"https:\/\/pistonaddict.com\/lt\/wp-json\/wp\/v2\/types\/product"}],"replies":[{"embeddable":true,"href":"https:\/\/pistonaddict.com\/lt\/wp-json\/wp\/v2\/comments?post=39964"}],"wp:featuredmedia":[{"embeddable":true,"href":"https:\/\/pistonaddict.com\/lt\/wp-json\/wp\/v2\/media\/39381"}],"wp:attachment":[{"href":"https:\/\/pistonaddict.com\/lt\/wp-json\/wp\/v2\/media?parent=39964"}],"wp:term":[{"taxonomy":"product_cat","embeddable":true,"href":"https:\/\/pistonaddict.com\/lt\/wp-json\/wp\/v2\/product_cat?post=39964"},{"taxonomy":"product_tag","embeddable":true,"href":"https:\/\/pistonaddict.com\/lt\/wp-json\/wp\/v2\/product_tag?post=39964"}],"curies":[{"name":"wp","href":"https:\/\/api.w.org\/{rel}","templated":true}]}}