{"id":39216,"date":"2023-04-19T17:31:19","date_gmt":"2023-04-19T15:31:19","guid":{"rendered":"https:\/\/pistonaddict.com\/product\/mclaren-720s\/"},"modified":"2024-03-19T17:51:56","modified_gmt":"2024-03-19T16:51:56","slug":"mclaren-720s","status":"publish","type":"product","link":"https:\/\/pistonaddict.com\/lt\/product\/mclaren-720s\/","title":{"rendered":"McLaren 720S"},"content":{"rendered":"<h2>I\u0161or\u0117<\/h2>\n<p>Ry\u0161kiai oran\u017eine spalva nuda\u017eytas &#8220;McLaren 720S&#8221; tikrai suks galv\u0105, kur tik pasirodys. Ta\u010diau d\u0117l nuostabaus ryklio \u012fkv\u0117pto dizaino jis b\u016bt\u0173 toks pat ir bet kurios kitos spalvos. Agresyvi priekin\u0117 dalis, aptakus siluetas ir prakti\u0161kos, ta\u010diau linksmos drugelio formos durys daro \u012fsp\u016bd\u012f i\u0161 bet kurio kampo. Tai ir did\u017eiuliai oro sraigtai \u0161onuose, tinkleliu dengta variklio anga, kuri \u0161vie\u010dia \u012fjungus u\u017edegim\u0105, ir galinis spoileris, kuris i\u0161siskleid\u017eia stipriai stabdant. Stabd\u017eiai stabdomi did\u017eiuliais keramikiniais diskais, sumontuotais u\u017e juod\u0173 19 coli\u0173 ratlanki\u0173 su &#8220;Pirelli P Zero&#8221; padangomis.<\/p>\n<p>Vis d\u0117lto \u0161is dvivietis automobilis atrodo taip, kaip atrodo tik parodai, nes dauguma jo k\u0117bulo form\u0173 suformuotos siekiant pagerinti aerodinamik\u0105 ir sukurti prispaud\u017eiam\u0105j\u0105 j\u0117g\u0105. Tod\u0117l &#8220;McLaren 720S&#8221; rodo, kad forma ir funkcija gali b\u016bti puikiai suderintos.<\/p>\n<h2>Interjeras<\/h2>\n<p>Alkantara ir anglies pluo\u0161tu aptrauktas &#8220;McLaren&#8221; interjeras dar labiau atskleid\u017eia, kad \u0161is automobilis orientuotas \u012f lenktyni\u0173 tras\u0105. Pirmoji &#8211; sportin\u0117s s\u0117dyn\u0117s, kuri\u0173 forma u\u017etikrina, kad vairuotojas ir keleivis b\u016bt\u0173 tvirtai prisegti a\u0161triuose pos\u016bkiuose. Toliau yra trimis stipinais aptrauktas oda aptrauktas vairas, kuris \u012fr\u0117mina skaitmenin\u012f prietais\u0173 skydel\u012f. Standartiniu re\u017eimu rodomi \u012fvair\u016bs variklio ir transporto priemon\u0117s parametrai, pvz., greitis ir variklio temperat\u016bra. Ta\u010diau \u012fjungus va\u017eiavimo re\u017eim\u0105, visas klasteris pasvyra \u017eemyn ir jo vir\u0161uje matomas nedidelis ekranas, kuriame rodomas tik s\u016bki\u0173 da\u017enio skaitiklis, greitis ir pasirinkta pavara. Galiausiai, centrin\u0117 konsol\u0117 yra negausi, ta\u010diau funkcionaliai \u012frengta su svarbiausiomis ranken\u0117l\u0117mis ir mygtukais, prie kuri\u0173 pridedamas vairuotojui skirtas centrinis jutiklinis ekranas.<\/p>\n<h2>Mechanika<\/h2>\n<p>Po eleganti\u0161ka ir aerodinami\u0161ka 720S oda slepiasi anglies pluo\u0161to monokokin\u0117 va\u017eiuokl\u0117, kuri\u0105 &#8220;McLaren&#8221; vadina &#8220;MonoCage&#8221;. \u0160i F1 \u012fkv\u0117pta konstrukcija yra ne tik lengva, bet ir itin standi, tod\u0117l suma\u017eina k\u0117bulo lankstum\u0105 va\u017eiuojant sunkiais pos\u016bkiais.<\/p>\n<p>Kiekvieno supersportinio automobilio \u0161irdis &#8211; variklis, kuris &#8220;McLaren&#8221; automobilyje sumontuotas i\u0161kart u\u017e s\u0117dyni\u0173. Gamyklin\u0117je komplektacijoje \u010dia pasl\u0117ptas V8 su dviem turbokompresoriais i\u0161vysto 720 arklio gali\u0173 (toks yra automobilio pavadinimas) ir stulbinam\u0105 770 Nm sukimo moment\u0105. Galiniams ratams galia perduodama per spar\u010di\u0105 7 laipsni\u0173 dvigubos sankabos transmisij\u0105.<\/p>\n<p>Visa tai vos 1 400 kg sverian\u010diame automobilyje yra daugiau nei pakankamas pagrindas puikiam valdymui ir na\u0161umui. Skai\u010diais tai reik\u0161t\u0173, kad nuo 0 iki 100 \u012fsib\u0117g\u0117jama per 2,9 sekund\u0117s, o maksimalus greitis &#8211; 212 myli\u0173 per valand\u0105. Ta\u010diau tai n\u0117ra \u012fprastas, gamykloje sureguliuotas &#8220;McLaren 720S&#8221;. Vietoj to jo savininkas \u012freng\u0117 &#8220;Litchfield Custom Tune&#8221;, kuris variklio gali\u0105 padidino iki 800 arklio gali\u0173.<\/p>\n<h2>Transporto priemon\u0117s istorija<\/h2>\n<p>Pardav\u0117jas teigia, kad visi technin\u0117s prie\u017ei\u016bros darbai buvo atliekami reguliariai, o paskutinis aptarnavimas atliktas 2022 m. spalio m\u0117n. \u0160iuo metu prietais\u0173 skydelyje n\u0117ra joki\u0173 \u017einom\u0173 gedim\u0173 ar \u012fsp\u0117jim\u0173. Be to, sprend\u017eiant i\u0161 pateikt\u0173 nuotrauk\u0173, n\u0117ra joki\u0173 k\u0117bulo tr\u016bkum\u0173, apie kuriuos reik\u0117t\u0173 prane\u0161ti.<\/p>\n","protected":false},"excerpt":{"rendered":"<p>\u010cia parduodamas &#8220;McLaren 720S&#8221;, kuris, be abejo, yra vienas i\u0161 geriausiai veikian\u010di\u0173 savo klas\u0117s automobili\u0173. Su turbokompresoriniu V8 varikliu ir moderniausia pakaba \u0161is kup\u0117 yra stulbinamai greitas tiesiojoje ir pos\u016bkiuose. Aukcione parduodan\u010dio profesionalaus pardav\u0117jo teigimu, \u0161is 2017 m. &#8220;McLaren 720S&#8221; yra nepriekai\u0161tingos b\u016bkl\u0117s, visi\u0161kai pri\u017ei\u016br\u0117tas ir nebuvo patek\u0119s \u012f jok\u012f eismo \u012fvyk\u012f. Iki \u0161iol jis nuva\u017eiavo kiek daugiau nei 4 000 myli\u0173 ir \u0161iuo metu yra Jungtin\u0117je Karalyst\u0117je.<\/p>\n","protected":false},"featured_media":39161,"comment_status":"open","ping_status":"closed","template":"","meta":{"inline_featured_image":false},"product_cat":[703],"product_tag":[1615,1611,902,1607],"acf":[],"yoast_head":"<!-- This site is optimized with the Yoast SEO plugin v22.5 - https:\/\/yoast.com\/wordpress\/plugins\/seo\/ -->\n<title>McLaren 720S aukcionas - Piston Addict<\/title>\n<meta name=\"description\" content=\"Patikrinkite \u0161\u012f PistonAddict.com aukcione parduodam\u0105 McLaren 720S\" \/>\n<meta name=\"robots\" content=\"index, follow, max-snippet:-1, max-image-preview:large, max-video-preview:-1\" \/>\n<link rel=\"canonical\" href=\"https:\/\/pistonaddict.com\/lt\/product\/mclaren-720s\/\" \/>\n<meta property=\"og:locale\" content=\"lt_LT\" \/>\n<meta property=\"og:type\" content=\"article\" \/>\n<meta property=\"og:title\" content=\"McLaren 720S aukcionas - Piston Addict\" \/>\n<meta property=\"og:description\" content=\"Patikrinkite \u0161\u012f PistonAddict.com aukcione parduodam\u0105 McLaren 720S\" \/>\n<meta property=\"og:url\" content=\"https:\/\/pistonaddict.com\/lt\/product\/mclaren-720s\/\" \/>\n<meta property=\"og:site_name\" content=\"Piston Addict\" \/>\n<meta property=\"article:modified_time\" content=\"2024-03-19T16:51:56+00:00\" \/>\n<meta property=\"og:image\" content=\"https:\/\/pistonaddict.com\/wp-content\/uploads\/2023\/04\/LuxurycarLondonApril11PistonAddict_0851-scaled.jpg\" \/>\n\t<meta property=\"og:image:width\" content=\"2560\" \/>\n\t<meta property=\"og:image:height\" content=\"1534\" \/>\n\t<meta property=\"og:image:type\" content=\"image\/jpeg\" \/>\n<meta name=\"twitter:card\" content=\"summary_large_image\" \/>\n<meta name=\"twitter:label1\" content=\"Est. reading time\" \/>\n\t<meta name=\"twitter:data1\" content=\"2 minut\u0117s\" \/>\n<script type=\"application\/ld+json\" class=\"yoast-schema-graph\">{\"@context\":\"https:\/\/schema.org\",\"@graph\":[{\"@type\":\"WebPage\",\"@id\":\"https:\/\/pistonaddict.com\/lt\/product\/mclaren-720s\/\",\"url\":\"https:\/\/pistonaddict.com\/lt\/product\/mclaren-720s\/\",\"name\":\"McLaren 720S aukcionas - Piston Addict\",\"isPartOf\":{\"@id\":\"https:\/\/pistonaddict.com\/lt\/#website\"},\"primaryImageOfPage\":{\"@id\":\"https:\/\/pistonaddict.com\/lt\/product\/mclaren-720s\/#primaryimage\"},\"image\":{\"@id\":\"https:\/\/pistonaddict.com\/lt\/product\/mclaren-720s\/#primaryimage\"},\"thumbnailUrl\":\"https:\/\/pistonaddict.com\/wp-content\/uploads\/2023\/04\/LuxurycarLondonApril11PistonAddict_0851-scaled.jpg\",\"datePublished\":\"2023-04-19T15:31:19+00:00\",\"dateModified\":\"2024-03-19T16:51:56+00:00\",\"description\":\"Patikrinkite \u0161\u012f PistonAddict.com aukcione parduodam\u0105 McLaren 720S\",\"breadcrumb\":{\"@id\":\"https:\/\/pistonaddict.com\/lt\/product\/mclaren-720s\/#breadcrumb\"},\"inLanguage\":\"lt-LT\",\"potentialAction\":[{\"@type\":\"ReadAction\",\"target\":[\"https:\/\/pistonaddict.com\/lt\/product\/mclaren-720s\/\"]}]},{\"@type\":\"ImageObject\",\"inLanguage\":\"lt-LT\",\"@id\":\"https:\/\/pistonaddict.com\/lt\/product\/mclaren-720s\/#primaryimage\",\"url\":\"https:\/\/pistonaddict.com\/wp-content\/uploads\/2023\/04\/LuxurycarLondonApril11PistonAddict_0851-scaled.jpg\",\"contentUrl\":\"https:\/\/pistonaddict.com\/wp-content\/uploads\/2023\/04\/LuxurycarLondonApril11PistonAddict_0851-scaled.jpg\",\"width\":2560,\"height\":1534},{\"@type\":\"BreadcrumbList\",\"@id\":\"https:\/\/pistonaddict.com\/lt\/product\/mclaren-720s\/#breadcrumb\",\"itemListElement\":[{\"@type\":\"ListItem\",\"position\":1,\"name\":\"Pagrindinis puslapis\",\"item\":\"https:\/\/pistonaddict.com\/lt\/pradzia\/\"},{\"@type\":\"ListItem\",\"position\":2,\"name\":\"Auctions\",\"item\":\"https:\/\/pistonaddict.com\/auctions-listing\/\"},{\"@type\":\"ListItem\",\"position\":3,\"name\":\"McLaren 720S\"}]},{\"@type\":\"WebSite\",\"@id\":\"https:\/\/pistonaddict.com\/lt\/#website\",\"url\":\"https:\/\/pistonaddict.com\/lt\/\",\"name\":\"Piston Addict\",\"description\":\"Only interesting vehicles\",\"publisher\":{\"@id\":\"https:\/\/pistonaddict.com\/lt\/#organization\"},\"potentialAction\":[{\"@type\":\"SearchAction\",\"target\":{\"@type\":\"EntryPoint\",\"urlTemplate\":\"https:\/\/pistonaddict.com\/lt\/?s={search_term_string}\"},\"query-input\":\"required name=search_term_string\"}],\"inLanguage\":\"lt-LT\"},{\"@type\":\"Organization\",\"@id\":\"https:\/\/pistonaddict.com\/lt\/#organization\",\"name\":\"Piston Addict\",\"url\":\"https:\/\/pistonaddict.com\/lt\/\",\"logo\":{\"@type\":\"ImageObject\",\"inLanguage\":\"lt-LT\",\"@id\":\"https:\/\/pistonaddict.com\/lt\/#\/schema\/logo\/image\/\",\"url\":\"https:\/\/pistonaddict.com\/wp-content\/uploads\/2022\/07\/logo-6.png\",\"contentUrl\":\"https:\/\/pistonaddict.com\/wp-content\/uploads\/2022\/07\/logo-6.png\",\"width\":970,\"height\":200,\"caption\":\"Piston Addict\"},\"image\":{\"@id\":\"https:\/\/pistonaddict.com\/lt\/#\/schema\/logo\/image\/\"}}]}<\/script>\n<!-- \/ Yoast SEO plugin. -->","yoast_head_json":{"title":"McLaren 720S aukcionas - Piston Addict","description":"Patikrinkite \u0161\u012f PistonAddict.com aukcione parduodam\u0105 McLaren 720S","robots":{"index":"index","follow":"follow","max-snippet":"max-snippet:-1","max-image-preview":"max-image-preview:large","max-video-preview":"max-video-preview:-1"},"canonical":"https:\/\/pistonaddict.com\/lt\/product\/mclaren-720s\/","og_locale":"lt_LT","og_type":"article","og_title":"McLaren 720S aukcionas - Piston Addict","og_description":"Patikrinkite \u0161\u012f PistonAddict.com aukcione parduodam\u0105 McLaren 720S","og_url":"https:\/\/pistonaddict.com\/lt\/product\/mclaren-720s\/","og_site_name":"Piston Addict","article_modified_time":"2024-03-19T16:51:56+00:00","og_image":[{"width":2560,"height":1534,"url":"https:\/\/pistonaddict.com\/wp-content\/uploads\/2023\/04\/LuxurycarLondonApril11PistonAddict_0851-scaled.jpg","type":"image\/jpeg"}],"twitter_card":"summary_large_image","twitter_misc":{"Est. reading time":"2 minut\u0117s"},"schema":{"@context":"https:\/\/schema.org","@graph":[{"@type":"WebPage","@id":"https:\/\/pistonaddict.com\/lt\/product\/mclaren-720s\/","url":"https:\/\/pistonaddict.com\/lt\/product\/mclaren-720s\/","name":"McLaren 720S aukcionas - Piston Addict","isPartOf":{"@id":"https:\/\/pistonaddict.com\/lt\/#website"},"primaryImageOfPage":{"@id":"https:\/\/pistonaddict.com\/lt\/product\/mclaren-720s\/#primaryimage"},"image":{"@id":"https:\/\/pistonaddict.com\/lt\/product\/mclaren-720s\/#primaryimage"},"thumbnailUrl":"https:\/\/pistonaddict.com\/wp-content\/uploads\/2023\/04\/LuxurycarLondonApril11PistonAddict_0851-scaled.jpg","datePublished":"2023-04-19T15:31:19+00:00","dateModified":"2024-03-19T16:51:56+00:00","description":"Patikrinkite \u0161\u012f PistonAddict.com aukcione parduodam\u0105 McLaren 720S","breadcrumb":{"@id":"https:\/\/pistonaddict.com\/lt\/product\/mclaren-720s\/#breadcrumb"},"inLanguage":"lt-LT","potentialAction":[{"@type":"ReadAction","target":["https:\/\/pistonaddict.com\/lt\/product\/mclaren-720s\/"]}]},{"@type":"ImageObject","inLanguage":"lt-LT","@id":"https:\/\/pistonaddict.com\/lt\/product\/mclaren-720s\/#primaryimage","url":"https:\/\/pistonaddict.com\/wp-content\/uploads\/2023\/04\/LuxurycarLondonApril11PistonAddict_0851-scaled.jpg","contentUrl":"https:\/\/pistonaddict.com\/wp-content\/uploads\/2023\/04\/LuxurycarLondonApril11PistonAddict_0851-scaled.jpg","width":2560,"height":1534},{"@type":"BreadcrumbList","@id":"https:\/\/pistonaddict.com\/lt\/product\/mclaren-720s\/#breadcrumb","itemListElement":[{"@type":"ListItem","position":1,"name":"Pagrindinis puslapis","item":"https:\/\/pistonaddict.com\/lt\/pradzia\/"},{"@type":"ListItem","position":2,"name":"Auctions","item":"https:\/\/pistonaddict.com\/auctions-listing\/"},{"@type":"ListItem","position":3,"name":"McLaren 720S"}]},{"@type":"WebSite","@id":"https:\/\/pistonaddict.com\/lt\/#website","url":"https:\/\/pistonaddict.com\/lt\/","name":"Piston Addict","description":"Only interesting vehicles","publisher":{"@id":"https:\/\/pistonaddict.com\/lt\/#organization"},"potentialAction":[{"@type":"SearchAction","target":{"@type":"EntryPoint","urlTemplate":"https:\/\/pistonaddict.com\/lt\/?s={search_term_string}"},"query-input":"required name=search_term_string"}],"inLanguage":"lt-LT"},{"@type":"Organization","@id":"https:\/\/pistonaddict.com\/lt\/#organization","name":"Piston Addict","url":"https:\/\/pistonaddict.com\/lt\/","logo":{"@type":"ImageObject","inLanguage":"lt-LT","@id":"https:\/\/pistonaddict.com\/lt\/#\/schema\/logo\/image\/","url":"https:\/\/pistonaddict.com\/wp-content\/uploads\/2022\/07\/logo-6.png","contentUrl":"https:\/\/pistonaddict.com\/wp-content\/uploads\/2022\/07\/logo-6.png","width":970,"height":200,"caption":"Piston Addict"},"image":{"@id":"https:\/\/pistonaddict.com\/lt\/#\/schema\/logo\/image\/"}}]}},"_links":{"self":[{"href":"https:\/\/pistonaddict.com\/lt\/wp-json\/wp\/v2\/product\/39216"}],"collection":[{"href":"https:\/\/pistonaddict.com\/lt\/wp-json\/wp\/v2\/product"}],"about":[{"href":"https:\/\/pistonaddict.com\/lt\/wp-json\/wp\/v2\/types\/product"}],"replies":[{"embeddable":true,"href":"https:\/\/pistonaddict.com\/lt\/wp-json\/wp\/v2\/comments?post=39216"}],"wp:featuredmedia":[{"embeddable":true,"href":"https:\/\/pistonaddict.com\/lt\/wp-json\/wp\/v2\/media\/39161"}],"wp:attachment":[{"href":"https:\/\/pistonaddict.com\/lt\/wp-json\/wp\/v2\/media?parent=39216"}],"wp:term":[{"taxonomy":"product_cat","embeddable":true,"href":"https:\/\/pistonaddict.com\/lt\/wp-json\/wp\/v2\/product_cat?post=39216"},{"taxonomy":"product_tag","embeddable":true,"href":"https:\/\/pistonaddict.com\/lt\/wp-json\/wp\/v2\/product_tag?post=39216"}],"curies":[{"name":"wp","href":"https:\/\/api.w.org\/{rel}","templated":true}]}}