{"id":37934,"date":"2023-04-19T16:55:04","date_gmt":"2023-04-19T14:55:04","guid":{"rendered":"https:\/\/pistonaddict.com\/product\/ferrari-412\/"},"modified":"2024-03-19T17:52:35","modified_gmt":"2024-03-19T16:52:35","slug":"ferrari-412","status":"publish","type":"product","link":"https:\/\/pistonaddict.com\/lt\/product\/ferrari-412\/","title":{"rendered":"&#8220;Ferrari 412"},"content":{"rendered":"<p><strong>Automobilio istorija<\/strong><\/p>\n<p>&#8220;Ferrari 412&#8221; buvo pristatytas 1985 m. kaip auk\u0161\u010diausios klas\u0117s GT modelis, kuriame tilpo keturi keleiviai ir buvo erdvi baga\u017ein\u0117. Klasikinio &#8220;Colombo V12&#8221; variklio, kurio darbinis t\u016bris 4,9 litro, varomas automobilis yra viena i\u0161 paskutini\u0173 klasikin\u0117s &#8220;Ferrari GT&#8221; eros versij\u0173. \u0160is &#8220;Ferrari 412&#8221;, kurio 340 AG i\u0161vysto galinius ratus per &#8220;Borg-Warner&#8221; automatin\u0119 pavar\u0173 d\u0117\u017e\u0119, iki 100 km\/val. \u012fsib\u0117g\u0117ja per 6,5 sekund\u0117s ir pasiekia maksimal\u0173 260 km\/val. greit\u012f. \u0160is egzempliorius yra vienas i\u0161 paskutini\u0173j\u0173, pirmajam savininkui pristatytas 1988 m. lapkrit\u012f. Gamyba baigta 1989 m., kai buvo pristatyti 576 automobiliai, i\u0161 kuri\u0173 tik 306 buvo su automatine pavar\u0173 d\u0117\u017ee. Paskutin\u0117 technin\u0117 ap\u017ei\u016bra atlikta 2021 m. baland\u012f, o nuo to laiko automobilis beveik nenaudojamas.<\/p>\n<p><strong>Automobilio b\u016bkl\u0117<\/strong><\/p>\n<p>\u0160is eleganti\u0161kas GT yra toks patrauklus d\u0117l savo b\u016bkl\u0117s. \u0160is automobilis, nuo naujojo nuva\u017eiav\u0119s ma\u017eiau nei 37 000 km, yra puikiai i\u0161saugotas 80-\u0173j\u0173 &#8220;Ferrari&#8221; elegancijos pavyzdys. \u0160is automobilis niekada nebuvo restauruotas ir yra puikios originalios b\u016bkl\u0117s &#8211; original\u016bs ratlankiai, \u012franki\u0173 rinkinys (tarp &#8220;Ferrari&#8221; kolekcinink\u0173 vertinama detal\u0117) ir gamyklin\u0117s padangos, kurios \u0161iais laikais yra gana ne\u012fprastos. \u0160is &#8220;Ferrari 412&#8221; buvo tinkamai pri\u017ei\u016brimas ir laikomas gara\u017ee, tod\u0117l atrodo kaip naujas. Alyvos nuot\u0117kio va\u017eiuokl\u0117je n\u0117ra, variklio skyrius tvarkingas, yra visi original\u016bs antspaudai ir \u017eym\u0117jimai.<\/p>\n<p><strong>Interjeras<\/strong><\/p>\n<p>Kaip ir tik\u0117tasi, \u0161io 1988 m. &#8220;Ferrari 412&#8221; salonas aptrauktas oda, o juodos spalvos eksterjero derinys su \u012fdegusiomis s\u0117dyn\u0117mis yra ypa\u010d patrauklus. N\u0117ra joki\u0173 matom\u0173 pa\u017eeidim\u0173, o s\u0117dyn\u0117s, dur\u0173 kortel\u0117s ir prietais\u0173 skydelis yra nepriekai\u0161tingos b\u016bkl\u0117s. \u017dinoma, prabangiame GT, kuriuo \u0161is &#8220;Ferrari 412&#8221; neabejotinai yra, salone gausu patogum\u0173, elektrini\u0173 pried\u0173 ir veikian\u010dios klimato kontrol\u0117s sistemos. Vienintelis neoriginalus dalykas yra garso sistemos pagrindinis blokas, kuris pakeistas \u0161iuolaikiniu.<\/p>\n<p><strong>I\u0161or\u0117 ir ratai<\/strong><\/p>\n<p>Visos i\u0161or\u0117s apdailos detal\u0117s, lipdiniai ir plastikiniai komponentai atrodo puikios b\u016bkl\u0117s, n\u0117ra r\u016bd\u017ei\u0173, kaip galima tik\u0117tis i\u0161 gerai pri\u017ei\u016br\u0117tos transporto priemon\u0117s. N\u0117ra joki\u0173 \u012fbr\u0117\u017eim\u0173 ar \u012flenkim\u0173, o da\u017eai yra idealios b\u016bkl\u0117s. \u012edomu tai, kad automobilis turi originalius ratlankius ir TRX gumas, kuriomis buvo apr\u016bpintas, kai buvo naujas. Kai kurie &#8220;Ferrari 412&#8221; savininkai pasikeit\u0117 ratlankius \u012f modernesnius, nes TRX padang\u0173 sunku rasti, ta\u010diau \u0161io pavyzd\u017eio savininkas liko i\u0161tikimas originaliai specifikacijai, o tai yra gra\u017eus akcentas, rodantis, kaip gerai automobilis buvo pri\u017ei\u016brimas.<\/p>\n<p><strong>Dokumentacija<\/strong><\/p>\n<p>Tai priva\u010diai priklausanti transporto priemon\u0117 su atitinkamais dokumentais, esanti Londone, Jungtin\u0117je Karalyst\u0117je. &#8220;CarVertical&#8221; ataskaita yra \u0161vari; n\u0117ra joki\u0173 \u012frodym\u0173 apie eismo \u012fvykius, avarij\u0173 remont\u0105 ar teisines problemas. Yra \u012fra\u0161ai apie reguliari\u0105 technin\u0119 prie\u017ei\u016br\u0105.<\/p>\n","protected":false},"excerpt":{"rendered":"<p>&#8220;Ferrari&#8221; V12 GT visada buvo puikios vairavimo ma\u0161inos, galin\u010dios dideliu grei\u010diu skrieti per \u017eemynus ir u\u017etikrinan\u010dios \u012fsp\u016bding\u0105 komfort\u0105, ir \u0161is 1988 m. 412 modelis n\u0117ra kitoks. \u0160is pageidaujamas v\u0117lyvasis modelis pasi\u017eymi visomis puikios investicijos \u012f &#8220;Ferrari&#8221; sudedamosiomis dalimis: galingu V12 varikliu, puikiu spalv\u0173 deriniu ir nepriekai\u0161tinga b\u016bkle &#8211; nuo naujo automobilio nuva\u017eiuota vos 37 000 km.<\/p>\n","protected":false},"featured_media":37882,"comment_status":"open","ping_status":"closed","template":"","meta":{"inline_featured_image":false},"product_cat":[703],"product_tag":[1536,1544,902,1540],"acf":[],"yoast_head":"<!-- This site is optimized with the Yoast SEO plugin v22.5 - https:\/\/yoast.com\/wordpress\/plugins\/seo\/ -->\n<title>&quot;Ferrari 412 aukcionas - Piston Addict<\/title>\n<meta name=\"description\" content=\"Per\u017ei\u016br\u0117kite \u0161\u012f PistonAddict.com aukcione parduodam\u0105 &quot;Ferrari 412&quot; su automatine pavar\u0173 d\u0117\u017ee ir tik 36 971 km.\" \/>\n<meta name=\"robots\" content=\"index, follow, max-snippet:-1, max-image-preview:large, max-video-preview:-1\" \/>\n<link rel=\"canonical\" href=\"https:\/\/pistonaddict.com\/lt\/product\/ferrari-412\/\" \/>\n<meta property=\"og:locale\" content=\"lt_LT\" \/>\n<meta property=\"og:type\" content=\"article\" \/>\n<meta property=\"og:title\" content=\"&quot;Ferrari 412 aukcionas - Piston Addict\" \/>\n<meta property=\"og:description\" content=\"Per\u017ei\u016br\u0117kite \u0161\u012f PistonAddict.com aukcione parduodam\u0105 &quot;Ferrari 412&quot; su automatine pavar\u0173 d\u0117\u017ee ir tik 36 971 km.\" \/>\n<meta property=\"og:url\" content=\"https:\/\/pistonaddict.com\/lt\/product\/ferrari-412\/\" \/>\n<meta property=\"og:site_name\" content=\"Piston Addict\" \/>\n<meta property=\"article:modified_time\" content=\"2024-03-19T16:52:35+00:00\" \/>\n<meta property=\"og:image\" content=\"https:\/\/pistonaddict.com\/wp-content\/uploads\/2023\/04\/LuxurycarLondonApril11PistonAddict_0358-scaled.jpg\" \/>\n\t<meta property=\"og:image:width\" content=\"2560\" \/>\n\t<meta property=\"og:image:height\" content=\"1737\" \/>\n\t<meta property=\"og:image:type\" content=\"image\/jpeg\" \/>\n<meta name=\"twitter:card\" content=\"summary_large_image\" \/>\n<meta name=\"twitter:label1\" content=\"Est. reading time\" \/>\n\t<meta name=\"twitter:data1\" content=\"2 minut\u0117s\" \/>\n<script type=\"application\/ld+json\" class=\"yoast-schema-graph\">{\"@context\":\"https:\/\/schema.org\",\"@graph\":[{\"@type\":\"WebPage\",\"@id\":\"https:\/\/pistonaddict.com\/lt\/product\/ferrari-412\/\",\"url\":\"https:\/\/pistonaddict.com\/lt\/product\/ferrari-412\/\",\"name\":\"\\\"Ferrari 412 aukcionas - Piston Addict\",\"isPartOf\":{\"@id\":\"https:\/\/pistonaddict.com\/lt\/#website\"},\"primaryImageOfPage\":{\"@id\":\"https:\/\/pistonaddict.com\/lt\/product\/ferrari-412\/#primaryimage\"},\"image\":{\"@id\":\"https:\/\/pistonaddict.com\/lt\/product\/ferrari-412\/#primaryimage\"},\"thumbnailUrl\":\"https:\/\/pistonaddict.com\/wp-content\/uploads\/2023\/04\/LuxurycarLondonApril11PistonAddict_0358-scaled.jpg\",\"datePublished\":\"2023-04-19T14:55:04+00:00\",\"dateModified\":\"2024-03-19T16:52:35+00:00\",\"description\":\"Per\u017ei\u016br\u0117kite \u0161\u012f PistonAddict.com aukcione parduodam\u0105 \\\"Ferrari 412\\\" su automatine pavar\u0173 d\u0117\u017ee ir tik 36 971 km.\",\"breadcrumb\":{\"@id\":\"https:\/\/pistonaddict.com\/lt\/product\/ferrari-412\/#breadcrumb\"},\"inLanguage\":\"lt-LT\",\"potentialAction\":[{\"@type\":\"ReadAction\",\"target\":[\"https:\/\/pistonaddict.com\/lt\/product\/ferrari-412\/\"]}]},{\"@type\":\"ImageObject\",\"inLanguage\":\"lt-LT\",\"@id\":\"https:\/\/pistonaddict.com\/lt\/product\/ferrari-412\/#primaryimage\",\"url\":\"https:\/\/pistonaddict.com\/wp-content\/uploads\/2023\/04\/LuxurycarLondonApril11PistonAddict_0358-scaled.jpg\",\"contentUrl\":\"https:\/\/pistonaddict.com\/wp-content\/uploads\/2023\/04\/LuxurycarLondonApril11PistonAddict_0358-scaled.jpg\",\"width\":2560,\"height\":1737},{\"@type\":\"BreadcrumbList\",\"@id\":\"https:\/\/pistonaddict.com\/lt\/product\/ferrari-412\/#breadcrumb\",\"itemListElement\":[{\"@type\":\"ListItem\",\"position\":1,\"name\":\"Pagrindinis puslapis\",\"item\":\"https:\/\/pistonaddict.com\/lt\/pradzia\/\"},{\"@type\":\"ListItem\",\"position\":2,\"name\":\"Auctions\",\"item\":\"https:\/\/pistonaddict.com\/auctions-listing\/\"},{\"@type\":\"ListItem\",\"position\":3,\"name\":\"&#8220;Ferrari 412\"}]},{\"@type\":\"WebSite\",\"@id\":\"https:\/\/pistonaddict.com\/lt\/#website\",\"url\":\"https:\/\/pistonaddict.com\/lt\/\",\"name\":\"Piston Addict\",\"description\":\"Only interesting vehicles\",\"publisher\":{\"@id\":\"https:\/\/pistonaddict.com\/lt\/#organization\"},\"potentialAction\":[{\"@type\":\"SearchAction\",\"target\":{\"@type\":\"EntryPoint\",\"urlTemplate\":\"https:\/\/pistonaddict.com\/lt\/?s={search_term_string}\"},\"query-input\":\"required name=search_term_string\"}],\"inLanguage\":\"lt-LT\"},{\"@type\":\"Organization\",\"@id\":\"https:\/\/pistonaddict.com\/lt\/#organization\",\"name\":\"Piston Addict\",\"url\":\"https:\/\/pistonaddict.com\/lt\/\",\"logo\":{\"@type\":\"ImageObject\",\"inLanguage\":\"lt-LT\",\"@id\":\"https:\/\/pistonaddict.com\/lt\/#\/schema\/logo\/image\/\",\"url\":\"https:\/\/pistonaddict.com\/wp-content\/uploads\/2022\/07\/logo-6.png\",\"contentUrl\":\"https:\/\/pistonaddict.com\/wp-content\/uploads\/2022\/07\/logo-6.png\",\"width\":970,\"height\":200,\"caption\":\"Piston Addict\"},\"image\":{\"@id\":\"https:\/\/pistonaddict.com\/lt\/#\/schema\/logo\/image\/\"}}]}<\/script>\n<!-- \/ Yoast SEO plugin. -->","yoast_head_json":{"title":"\"Ferrari 412 aukcionas - Piston Addict","description":"Per\u017ei\u016br\u0117kite \u0161\u012f PistonAddict.com aukcione parduodam\u0105 \"Ferrari 412\" su automatine pavar\u0173 d\u0117\u017ee ir tik 36 971 km.","robots":{"index":"index","follow":"follow","max-snippet":"max-snippet:-1","max-image-preview":"max-image-preview:large","max-video-preview":"max-video-preview:-1"},"canonical":"https:\/\/pistonaddict.com\/lt\/product\/ferrari-412\/","og_locale":"lt_LT","og_type":"article","og_title":"\"Ferrari 412 aukcionas - Piston Addict","og_description":"Per\u017ei\u016br\u0117kite \u0161\u012f PistonAddict.com aukcione parduodam\u0105 \"Ferrari 412\" su automatine pavar\u0173 d\u0117\u017ee ir tik 36 971 km.","og_url":"https:\/\/pistonaddict.com\/lt\/product\/ferrari-412\/","og_site_name":"Piston Addict","article_modified_time":"2024-03-19T16:52:35+00:00","og_image":[{"width":2560,"height":1737,"url":"https:\/\/pistonaddict.com\/wp-content\/uploads\/2023\/04\/LuxurycarLondonApril11PistonAddict_0358-scaled.jpg","type":"image\/jpeg"}],"twitter_card":"summary_large_image","twitter_misc":{"Est. reading time":"2 minut\u0117s"},"schema":{"@context":"https:\/\/schema.org","@graph":[{"@type":"WebPage","@id":"https:\/\/pistonaddict.com\/lt\/product\/ferrari-412\/","url":"https:\/\/pistonaddict.com\/lt\/product\/ferrari-412\/","name":"\"Ferrari 412 aukcionas - Piston Addict","isPartOf":{"@id":"https:\/\/pistonaddict.com\/lt\/#website"},"primaryImageOfPage":{"@id":"https:\/\/pistonaddict.com\/lt\/product\/ferrari-412\/#primaryimage"},"image":{"@id":"https:\/\/pistonaddict.com\/lt\/product\/ferrari-412\/#primaryimage"},"thumbnailUrl":"https:\/\/pistonaddict.com\/wp-content\/uploads\/2023\/04\/LuxurycarLondonApril11PistonAddict_0358-scaled.jpg","datePublished":"2023-04-19T14:55:04+00:00","dateModified":"2024-03-19T16:52:35+00:00","description":"Per\u017ei\u016br\u0117kite \u0161\u012f PistonAddict.com aukcione parduodam\u0105 \"Ferrari 412\" su automatine pavar\u0173 d\u0117\u017ee ir tik 36 971 km.","breadcrumb":{"@id":"https:\/\/pistonaddict.com\/lt\/product\/ferrari-412\/#breadcrumb"},"inLanguage":"lt-LT","potentialAction":[{"@type":"ReadAction","target":["https:\/\/pistonaddict.com\/lt\/product\/ferrari-412\/"]}]},{"@type":"ImageObject","inLanguage":"lt-LT","@id":"https:\/\/pistonaddict.com\/lt\/product\/ferrari-412\/#primaryimage","url":"https:\/\/pistonaddict.com\/wp-content\/uploads\/2023\/04\/LuxurycarLondonApril11PistonAddict_0358-scaled.jpg","contentUrl":"https:\/\/pistonaddict.com\/wp-content\/uploads\/2023\/04\/LuxurycarLondonApril11PistonAddict_0358-scaled.jpg","width":2560,"height":1737},{"@type":"BreadcrumbList","@id":"https:\/\/pistonaddict.com\/lt\/product\/ferrari-412\/#breadcrumb","itemListElement":[{"@type":"ListItem","position":1,"name":"Pagrindinis puslapis","item":"https:\/\/pistonaddict.com\/lt\/pradzia\/"},{"@type":"ListItem","position":2,"name":"Auctions","item":"https:\/\/pistonaddict.com\/auctions-listing\/"},{"@type":"ListItem","position":3,"name":"&#8220;Ferrari 412"}]},{"@type":"WebSite","@id":"https:\/\/pistonaddict.com\/lt\/#website","url":"https:\/\/pistonaddict.com\/lt\/","name":"Piston Addict","description":"Only interesting vehicles","publisher":{"@id":"https:\/\/pistonaddict.com\/lt\/#organization"},"potentialAction":[{"@type":"SearchAction","target":{"@type":"EntryPoint","urlTemplate":"https:\/\/pistonaddict.com\/lt\/?s={search_term_string}"},"query-input":"required name=search_term_string"}],"inLanguage":"lt-LT"},{"@type":"Organization","@id":"https:\/\/pistonaddict.com\/lt\/#organization","name":"Piston Addict","url":"https:\/\/pistonaddict.com\/lt\/","logo":{"@type":"ImageObject","inLanguage":"lt-LT","@id":"https:\/\/pistonaddict.com\/lt\/#\/schema\/logo\/image\/","url":"https:\/\/pistonaddict.com\/wp-content\/uploads\/2022\/07\/logo-6.png","contentUrl":"https:\/\/pistonaddict.com\/wp-content\/uploads\/2022\/07\/logo-6.png","width":970,"height":200,"caption":"Piston Addict"},"image":{"@id":"https:\/\/pistonaddict.com\/lt\/#\/schema\/logo\/image\/"}}]}},"_links":{"self":[{"href":"https:\/\/pistonaddict.com\/lt\/wp-json\/wp\/v2\/product\/37934"}],"collection":[{"href":"https:\/\/pistonaddict.com\/lt\/wp-json\/wp\/v2\/product"}],"about":[{"href":"https:\/\/pistonaddict.com\/lt\/wp-json\/wp\/v2\/types\/product"}],"replies":[{"embeddable":true,"href":"https:\/\/pistonaddict.com\/lt\/wp-json\/wp\/v2\/comments?post=37934"}],"wp:featuredmedia":[{"embeddable":true,"href":"https:\/\/pistonaddict.com\/lt\/wp-json\/wp\/v2\/media\/37882"}],"wp:attachment":[{"href":"https:\/\/pistonaddict.com\/lt\/wp-json\/wp\/v2\/media?parent=37934"}],"wp:term":[{"taxonomy":"product_cat","embeddable":true,"href":"https:\/\/pistonaddict.com\/lt\/wp-json\/wp\/v2\/product_cat?post=37934"},{"taxonomy":"product_tag","embeddable":true,"href":"https:\/\/pistonaddict.com\/lt\/wp-json\/wp\/v2\/product_tag?post=37934"}],"curies":[{"name":"wp","href":"https:\/\/api.w.org\/{rel}","templated":true}]}}