{"id":35655,"date":"2023-04-19T15:45:16","date_gmt":"2023-04-19T13:45:16","guid":{"rendered":"https:\/\/pistonaddict.com\/product\/bmw-m4\/"},"modified":"2024-03-19T17:51:06","modified_gmt":"2024-03-19T16:51:06","slug":"bmw-m4","status":"publish","type":"product","link":"https:\/\/pistonaddict.com\/lt\/product\/bmw-m4\/","title":{"rendered":"BMW M4"},"content":{"rendered":"<p><strong>Automobilio istorija<\/strong><\/p>\n<p>2014 m. debiutav\u0119s F82 serijos M4 buvo didelis BMW \u017eingsnis. Tai buvo pirmasis M gaminys, kuriame buvo \u012fmontuotas turbininis \u0161e\u0161i\u0173 cilindr\u0173 variklis, elektrinis vairo stiprintuvas ir automobilio konstrukcijoje pla\u010diai panaudotas anglies pluo\u0161tas. Rezultatas &#8211; fantasti\u0161ka vairavimo ma\u0161ina, turinti 425 AG galios, gerai veikian\u010di\u0105 pakab\u0105 ir puikius eksploatacinius parametrus. F82 taip pat buvo pirmasis modelis, kuriame buvo naudojamas M4 pavadinimas, kuriuo buvo \u017eymima M3 kup\u0117 versija. \u0160is konkretus pavyzdys pagamintas 2017 m. ir yra geid\u017eiamesnis bei patobulintas v\u0117lesnis modelis. Ta\u010diau \u012fdomiausia \u0161io automobilio specifikacija, b\u016bkl\u0117 ir rida. Vos 2000 myli\u0173 (3500 km) laikrod\u017eio rodykl\u0117 yra prakti\u0161kai visi\u0161kai naujas automobilis, tod\u0117l tai yra investicin\u0117s klas\u0117s automobilis. Ta\u010diau \u0161is M4 taip pat yra gausiai komplektuojamas ir skoningai modifikuojamas, kad b\u016bt\u0173 daugiau galios, geriau valdomas ir pasi\u017eym\u0117t\u0173 \u012fsp\u016bdinga bendra vairavimo dinamika. J\u012f nauj\u0105 u\u017esisak\u0117 BMW VIP klientas, kuris tiksliai \u017einojo, kaip pasirinkti tobul\u0105 M4.<\/p>\n<p><strong> <\/strong><strong>B\u016bkl\u0117<\/strong><\/p>\n<p>Minimali rida u\u017etikrina, kad \u0161is M4 yra puikios b\u016bkl\u0117s, be joki\u0173 mechanini\u0173 gedim\u0173, avarijos pa\u017eeidim\u0173 ir neseniai, 2022 m. vasario m\u0117n., atliktos technin\u0117s prie\u017ei\u016bros. Ta\u010diau, be \u012fsp\u016bdingo gamyklin\u0117s \u012frangos s\u0105ra\u0161o, \u0161iame automobilyje pakeista pakaba ir jis s\u0117di \u017eemiau nei standartinis, tod\u0117l jo valdymas ir vairavimo poj\u016btis dar geresni. Ta\u010diau tai tik prad\u017eia, nes pirmasis \u0161io automobilio savininkas sumontavo &#8220;Akrapovi\u010d&#8221; titano i\u0161metimo sistem\u0105 su anglies antgaliais, kurie sustiprina garsiojo \u0161e\u0161i\u0173 cilindr\u0173 variklio gars\u0105. I\u0161or\u0117 patobulinta priekiniu anglies skirstytuvu, galiniu spoileriu ir papildomais ratlankiais. \u012edomu tai, kad nors 425 AG yra gana daug, pirminis savininkas pagerino variklio charakteristikas ir dabar jo galia siekia 510 AG, tod\u0117l \u0161is M4 yra i\u0161ties kompetentingas automobilis. Pasirinkta BMW 7 laipsni\u0173 automatin\u0117 DCT pavar\u0173 d\u0117\u017e\u0117, kuri yra protingas pasirinkimas, suderinantis komfort\u0105 ir na\u0161um\u0105. \u0160iame automobilyje galima \u012fsigyti keraminius stabd\u017ei\u0173 diskus.<\/p>\n<p><strong>Interjeras<\/strong><\/p>\n<p>Juodos odos apdaila su M klas\u0117s s\u0117dyn\u0117mis ir anglies akcentais, interjeras neturi joki\u0173 naudojimo po\u017eymi\u0173. Puiki s\u0117d\u0117sena, auk\u0161\u010diausios kokyb\u0117s garso sistema ir garsioji BMW &#8220;iDrive&#8221; informacin\u0117 ir pramogin\u0117 sistema &#8211; su \u0161iuo M4 bus malonu leisti laik\u0105 ir \u012fveikti kilometrus nuostabiu grei\u010diu. Interjere n\u0117ra joki\u0173 pakeitim\u0173, o pasirenkam\u0173 pried\u0173 ir patogum\u0173 s\u0105ra\u0161as yra platus.<\/p>\n<p><strong>I\u0161or\u0117 ir ratai<\/strong><\/p>\n<p>\u0160io M4, apdailinto ry\u0161kiu &#8220;Austin Yellow Metallic&#8221; atspalviu, i\u0161or\u0117 nepriekai\u0161tinga, visos apdailos detal\u0117s nepa\u017eeistos ir nepa\u017eenklintos. Anglies antgaliai yra &#8220;M Performance Accessories&#8221; katalogo dalis ir puikiai tinka. \u012esid\u0117m\u0117tina detal\u0117 &#8211; prie eksterjero priderinti &#8220;HRE&#8221; atsargini\u0173 dali\u0173 ratlankiai, kurie yra lengvesni ir tvirtesni nei gamykliniai.<\/p>\n<p><strong>Dokumentacija<\/strong><\/p>\n<p>Tai priva\u010diai priklausanti transporto priemon\u0117 su atitinkamais dokumentais, esanti Londone, Jungtin\u0117je Karalyst\u0117je. &#8220;CarVertical&#8221; ataskaita yra \u0161vari; n\u0117ra joki\u0173 \u012frodym\u0173 apie eismo \u012fvykius, avarij\u0173 remont\u0105 ar teisines problemas. Yra \u012fra\u0161ai apie reguliari\u0105 technin\u0119 prie\u017ei\u016br\u0105.<\/p>\n","protected":false},"excerpt":{"rendered":"<p>Ne veltui BMW M4 yra toks gerbiamas tarp sportini\u0173 automobili\u0173 gerb\u0117j\u0173. Joks kitas \u0161ios klas\u0117s automobilis negali pasi\u016blyti tokios \u012fsp\u016bdingos sportinio automobilio dinamikos ir kasdienio naudojimo galimybi\u0173 kaip F82 serijos M4. \u0160is konkretus automobilis yra puikus pavyzdys, \u0161iek tiek modifikuotas, kad va\u017eiuoti b\u016bt\u0173 dar geriau, su minimalia rida, gerai pri\u017ei\u016br\u0117tas ir paruo\u0161tas kitam savininkui.<\/p>\n","protected":false},"featured_media":35435,"comment_status":"open","ping_status":"closed","template":"","meta":{"inline_featured_image":false},"product_cat":[703],"product_tag":[1445,902,1441,1443],"acf":[],"yoast_head":"<!-- This site is optimized with the Yoast SEO plugin v22.5 - https:\/\/yoast.com\/wordpress\/plugins\/seo\/ -->\n<title>BMW M4 aukcionas - Piston Addict<\/title>\n<meta name=\"description\" content=\"Per\u017ei\u016br\u0117kite \u0161\u012f PistonAddict.com aukcione parduodam\u0105 BMW M4 su automatine pavar\u0173 d\u0117\u017ee ir tik 2053 myliomis.\" \/>\n<meta name=\"robots\" content=\"index, follow, max-snippet:-1, max-image-preview:large, max-video-preview:-1\" \/>\n<link rel=\"canonical\" href=\"https:\/\/pistonaddict.com\/lt\/product\/bmw-m4\/\" \/>\n<meta property=\"og:locale\" content=\"lt_LT\" \/>\n<meta property=\"og:type\" content=\"article\" \/>\n<meta property=\"og:title\" content=\"BMW M4 aukcionas - Piston Addict\" \/>\n<meta property=\"og:description\" content=\"Per\u017ei\u016br\u0117kite \u0161\u012f PistonAddict.com aukcione parduodam\u0105 BMW M4 su automatine pavar\u0173 d\u0117\u017ee ir tik 2053 myliomis.\" \/>\n<meta property=\"og:url\" content=\"https:\/\/pistonaddict.com\/lt\/product\/bmw-m4\/\" \/>\n<meta property=\"og:site_name\" content=\"Piston Addict\" \/>\n<meta property=\"article:modified_time\" content=\"2024-03-19T16:51:06+00:00\" \/>\n<meta property=\"og:image\" content=\"https:\/\/pistonaddict.com\/wp-content\/uploads\/2023\/04\/LuxurycarLondonApril11PistonAddict_0647-scaled.jpg\" \/>\n\t<meta property=\"og:image:width\" content=\"2560\" \/>\n\t<meta property=\"og:image:height\" content=\"1708\" \/>\n\t<meta property=\"og:image:type\" content=\"image\/jpeg\" \/>\n<meta name=\"twitter:card\" content=\"summary_large_image\" \/>\n<meta name=\"twitter:label1\" content=\"Est. reading time\" \/>\n\t<meta name=\"twitter:data1\" content=\"2 minut\u0117s\" \/>\n<script type=\"application\/ld+json\" class=\"yoast-schema-graph\">{\"@context\":\"https:\/\/schema.org\",\"@graph\":[{\"@type\":\"WebPage\",\"@id\":\"https:\/\/pistonaddict.com\/lt\/product\/bmw-m4\/\",\"url\":\"https:\/\/pistonaddict.com\/lt\/product\/bmw-m4\/\",\"name\":\"BMW M4 aukcionas - Piston Addict\",\"isPartOf\":{\"@id\":\"https:\/\/pistonaddict.com\/lt\/#website\"},\"primaryImageOfPage\":{\"@id\":\"https:\/\/pistonaddict.com\/lt\/product\/bmw-m4\/#primaryimage\"},\"image\":{\"@id\":\"https:\/\/pistonaddict.com\/lt\/product\/bmw-m4\/#primaryimage\"},\"thumbnailUrl\":\"https:\/\/pistonaddict.com\/wp-content\/uploads\/2023\/04\/LuxurycarLondonApril11PistonAddict_0647-scaled.jpg\",\"datePublished\":\"2023-04-19T13:45:16+00:00\",\"dateModified\":\"2024-03-19T16:51:06+00:00\",\"description\":\"Per\u017ei\u016br\u0117kite \u0161\u012f PistonAddict.com aukcione parduodam\u0105 BMW M4 su automatine pavar\u0173 d\u0117\u017ee ir tik 2053 myliomis.\",\"breadcrumb\":{\"@id\":\"https:\/\/pistonaddict.com\/lt\/product\/bmw-m4\/#breadcrumb\"},\"inLanguage\":\"lt-LT\",\"potentialAction\":[{\"@type\":\"ReadAction\",\"target\":[\"https:\/\/pistonaddict.com\/lt\/product\/bmw-m4\/\"]}]},{\"@type\":\"ImageObject\",\"inLanguage\":\"lt-LT\",\"@id\":\"https:\/\/pistonaddict.com\/lt\/product\/bmw-m4\/#primaryimage\",\"url\":\"https:\/\/pistonaddict.com\/wp-content\/uploads\/2023\/04\/LuxurycarLondonApril11PistonAddict_0647-scaled.jpg\",\"contentUrl\":\"https:\/\/pistonaddict.com\/wp-content\/uploads\/2023\/04\/LuxurycarLondonApril11PistonAddict_0647-scaled.jpg\",\"width\":2560,\"height\":1708},{\"@type\":\"BreadcrumbList\",\"@id\":\"https:\/\/pistonaddict.com\/lt\/product\/bmw-m4\/#breadcrumb\",\"itemListElement\":[{\"@type\":\"ListItem\",\"position\":1,\"name\":\"Pagrindinis puslapis\",\"item\":\"https:\/\/pistonaddict.com\/lt\/pradzia\/\"},{\"@type\":\"ListItem\",\"position\":2,\"name\":\"Auctions\",\"item\":\"https:\/\/pistonaddict.com\/auctions-listing\/\"},{\"@type\":\"ListItem\",\"position\":3,\"name\":\"BMW M4\"}]},{\"@type\":\"WebSite\",\"@id\":\"https:\/\/pistonaddict.com\/lt\/#website\",\"url\":\"https:\/\/pistonaddict.com\/lt\/\",\"name\":\"Piston Addict\",\"description\":\"Only interesting vehicles\",\"publisher\":{\"@id\":\"https:\/\/pistonaddict.com\/lt\/#organization\"},\"potentialAction\":[{\"@type\":\"SearchAction\",\"target\":{\"@type\":\"EntryPoint\",\"urlTemplate\":\"https:\/\/pistonaddict.com\/lt\/?s={search_term_string}\"},\"query-input\":\"required name=search_term_string\"}],\"inLanguage\":\"lt-LT\"},{\"@type\":\"Organization\",\"@id\":\"https:\/\/pistonaddict.com\/lt\/#organization\",\"name\":\"Piston Addict\",\"url\":\"https:\/\/pistonaddict.com\/lt\/\",\"logo\":{\"@type\":\"ImageObject\",\"inLanguage\":\"lt-LT\",\"@id\":\"https:\/\/pistonaddict.com\/lt\/#\/schema\/logo\/image\/\",\"url\":\"https:\/\/pistonaddict.com\/wp-content\/uploads\/2022\/07\/logo-6.png\",\"contentUrl\":\"https:\/\/pistonaddict.com\/wp-content\/uploads\/2022\/07\/logo-6.png\",\"width\":970,\"height\":200,\"caption\":\"Piston Addict\"},\"image\":{\"@id\":\"https:\/\/pistonaddict.com\/lt\/#\/schema\/logo\/image\/\"}}]}<\/script>\n<!-- \/ Yoast SEO plugin. -->","yoast_head_json":{"title":"BMW M4 aukcionas - Piston Addict","description":"Per\u017ei\u016br\u0117kite \u0161\u012f PistonAddict.com aukcione parduodam\u0105 BMW M4 su automatine pavar\u0173 d\u0117\u017ee ir tik 2053 myliomis.","robots":{"index":"index","follow":"follow","max-snippet":"max-snippet:-1","max-image-preview":"max-image-preview:large","max-video-preview":"max-video-preview:-1"},"canonical":"https:\/\/pistonaddict.com\/lt\/product\/bmw-m4\/","og_locale":"lt_LT","og_type":"article","og_title":"BMW M4 aukcionas - Piston Addict","og_description":"Per\u017ei\u016br\u0117kite \u0161\u012f PistonAddict.com aukcione parduodam\u0105 BMW M4 su automatine pavar\u0173 d\u0117\u017ee ir tik 2053 myliomis.","og_url":"https:\/\/pistonaddict.com\/lt\/product\/bmw-m4\/","og_site_name":"Piston Addict","article_modified_time":"2024-03-19T16:51:06+00:00","og_image":[{"width":2560,"height":1708,"url":"https:\/\/pistonaddict.com\/wp-content\/uploads\/2023\/04\/LuxurycarLondonApril11PistonAddict_0647-scaled.jpg","type":"image\/jpeg"}],"twitter_card":"summary_large_image","twitter_misc":{"Est. reading time":"2 minut\u0117s"},"schema":{"@context":"https:\/\/schema.org","@graph":[{"@type":"WebPage","@id":"https:\/\/pistonaddict.com\/lt\/product\/bmw-m4\/","url":"https:\/\/pistonaddict.com\/lt\/product\/bmw-m4\/","name":"BMW M4 aukcionas - Piston Addict","isPartOf":{"@id":"https:\/\/pistonaddict.com\/lt\/#website"},"primaryImageOfPage":{"@id":"https:\/\/pistonaddict.com\/lt\/product\/bmw-m4\/#primaryimage"},"image":{"@id":"https:\/\/pistonaddict.com\/lt\/product\/bmw-m4\/#primaryimage"},"thumbnailUrl":"https:\/\/pistonaddict.com\/wp-content\/uploads\/2023\/04\/LuxurycarLondonApril11PistonAddict_0647-scaled.jpg","datePublished":"2023-04-19T13:45:16+00:00","dateModified":"2024-03-19T16:51:06+00:00","description":"Per\u017ei\u016br\u0117kite \u0161\u012f PistonAddict.com aukcione parduodam\u0105 BMW M4 su automatine pavar\u0173 d\u0117\u017ee ir tik 2053 myliomis.","breadcrumb":{"@id":"https:\/\/pistonaddict.com\/lt\/product\/bmw-m4\/#breadcrumb"},"inLanguage":"lt-LT","potentialAction":[{"@type":"ReadAction","target":["https:\/\/pistonaddict.com\/lt\/product\/bmw-m4\/"]}]},{"@type":"ImageObject","inLanguage":"lt-LT","@id":"https:\/\/pistonaddict.com\/lt\/product\/bmw-m4\/#primaryimage","url":"https:\/\/pistonaddict.com\/wp-content\/uploads\/2023\/04\/LuxurycarLondonApril11PistonAddict_0647-scaled.jpg","contentUrl":"https:\/\/pistonaddict.com\/wp-content\/uploads\/2023\/04\/LuxurycarLondonApril11PistonAddict_0647-scaled.jpg","width":2560,"height":1708},{"@type":"BreadcrumbList","@id":"https:\/\/pistonaddict.com\/lt\/product\/bmw-m4\/#breadcrumb","itemListElement":[{"@type":"ListItem","position":1,"name":"Pagrindinis puslapis","item":"https:\/\/pistonaddict.com\/lt\/pradzia\/"},{"@type":"ListItem","position":2,"name":"Auctions","item":"https:\/\/pistonaddict.com\/auctions-listing\/"},{"@type":"ListItem","position":3,"name":"BMW M4"}]},{"@type":"WebSite","@id":"https:\/\/pistonaddict.com\/lt\/#website","url":"https:\/\/pistonaddict.com\/lt\/","name":"Piston Addict","description":"Only interesting vehicles","publisher":{"@id":"https:\/\/pistonaddict.com\/lt\/#organization"},"potentialAction":[{"@type":"SearchAction","target":{"@type":"EntryPoint","urlTemplate":"https:\/\/pistonaddict.com\/lt\/?s={search_term_string}"},"query-input":"required name=search_term_string"}],"inLanguage":"lt-LT"},{"@type":"Organization","@id":"https:\/\/pistonaddict.com\/lt\/#organization","name":"Piston Addict","url":"https:\/\/pistonaddict.com\/lt\/","logo":{"@type":"ImageObject","inLanguage":"lt-LT","@id":"https:\/\/pistonaddict.com\/lt\/#\/schema\/logo\/image\/","url":"https:\/\/pistonaddict.com\/wp-content\/uploads\/2022\/07\/logo-6.png","contentUrl":"https:\/\/pistonaddict.com\/wp-content\/uploads\/2022\/07\/logo-6.png","width":970,"height":200,"caption":"Piston Addict"},"image":{"@id":"https:\/\/pistonaddict.com\/lt\/#\/schema\/logo\/image\/"}}]}},"_links":{"self":[{"href":"https:\/\/pistonaddict.com\/lt\/wp-json\/wp\/v2\/product\/35655"}],"collection":[{"href":"https:\/\/pistonaddict.com\/lt\/wp-json\/wp\/v2\/product"}],"about":[{"href":"https:\/\/pistonaddict.com\/lt\/wp-json\/wp\/v2\/types\/product"}],"replies":[{"embeddable":true,"href":"https:\/\/pistonaddict.com\/lt\/wp-json\/wp\/v2\/comments?post=35655"}],"wp:featuredmedia":[{"embeddable":true,"href":"https:\/\/pistonaddict.com\/lt\/wp-json\/wp\/v2\/media\/35435"}],"wp:attachment":[{"href":"https:\/\/pistonaddict.com\/lt\/wp-json\/wp\/v2\/media?parent=35655"}],"wp:term":[{"taxonomy":"product_cat","embeddable":true,"href":"https:\/\/pistonaddict.com\/lt\/wp-json\/wp\/v2\/product_cat?post=35655"},{"taxonomy":"product_tag","embeddable":true,"href":"https:\/\/pistonaddict.com\/lt\/wp-json\/wp\/v2\/product_tag?post=35655"}],"curies":[{"name":"wp","href":"https:\/\/api.w.org\/{rel}","templated":true}]}}