{"id":34585,"date":"2023-04-19T15:06:28","date_gmt":"2023-04-19T13:06:28","guid":{"rendered":"https:\/\/pistonaddict.com\/product\/bentley-flying-spur\/"},"modified":"2024-03-19T17:50:10","modified_gmt":"2024-03-19T16:50:10","slug":"bentley-flying-spur","status":"publish","type":"product","link":"https:\/\/pistonaddict.com\/lt\/product\/bentley-flying-spur\/","title":{"rendered":"&#8220;Bentley Flying Spur"},"content":{"rendered":"<p><strong>Automobilio istorija<\/strong><\/p>\n<p>\u0160is &#8220;Flying Spur&#8221; yra vienas i\u0161 pirm\u0173j\u0173 toki\u0173 automobili\u0173, 2020 m. pabaigoje pristatyt\u0173 \u017einomiems VIP &#8220;Bentley&#8221; klientams. Tai vieno savininko automobilis, nuva\u017eiav\u0119s tik 8359 km. \u0160iam &#8220;Flying Spur&#8221;, kurio pageidautina \u017ealia spalva su deran\u010dia \u012fdegio oda, buvo pritaikytas &#8220;Black-out&#8221; i\u0161or\u0117s apdailos paketas ir jis yra &#8220;First Edition&#8221; modelis. &#8220;Bentley&#8221; pasaulyje &#8220;First Edition&#8221; modeliai visada yra geid\u017eiamiausi d\u0117l specifini\u0173 ir unikali\u0173 spalv\u0173 pasirinkimo, smulki\u0173 detali\u0173 ir \u012frangos, kuri da\u017enai b\u016bna papildoma standartin\u0117s specifikacijos automobiliuose.<\/p>\n<p><strong>Automobilio b\u016bkl\u0117<\/strong><\/p>\n<p>Tai vienas i\u0161 auk\u0161\u010diausios specifikacijos &#8220;Bentley Flying Spurs&#8221; modeli\u0173, tod\u0117l pradinis ir dabartinis savininkas ne tik \u012fsigijo &#8220;First Edition&#8221; paket\u0105, bet ir papild\u0117 jau ir taip \u012fsp\u016bding\u0105 specifikacij\u0173 s\u0105ra\u0161\u0105 daugybe funkcij\u0173 ir \u012frangos. Pasirenkamas 6,0 l W12 variklis i\u0161vysto 626 AG gali\u0105 ir gali i\u0161judinti \u0161\u012f itin prabang\u0173 sedan\u0105 iki \u012fsp\u016bdingo 3,5 s sprinto nuo 0 iki 100 km\/val. grei\u010dio. Dar \u012fsp\u016bdingesnis yra did\u017eiausias greitis &#8211; jei va\u017eiuosite neribotu Autobahn ruo\u017eu, gal\u0117site pasiekti 333 km\/val. greit\u012f! Esame tikri, kad net ir va\u017eiuojant tokiu grei\u010diu \u0161is &#8220;Flying Spur&#8221; bus stabilus ir patogus.<\/p>\n<p><strong>I\u0161or\u0117 ir ratai<\/strong><\/p>\n<p>D\u0117l kruop\u0161\u010dios prie\u017ei\u016bros, klimato kontroliuojamo gara\u017eo ir ma\u017eo ridos skai\u010diaus \u0161is &#8220;Flying Spur&#8221; parduodamas su puikios b\u016bkl\u0117s da\u017eais, be joki\u0173 i\u0161orini\u0173 (ar vidini\u0173) pa\u017eeidim\u0173 ir originaliais ratais. Viena i\u0161 ma\u017e\u0173, bet \u012fdomi\u0173 detali\u0173 &#8211; juodas stogas, kuris puikiai dera su juoda i\u0161or\u0117s apdaila ir dar labiau pabr\u0117\u017eia \u0161io eleganti\u0161ko sedano sporti\u0161kum\u0105.<\/p>\n<p><strong>Interjeras<\/strong><\/p>\n<p>Viena i\u0161 labiausiai \u017eavin\u010di\u0173 \u0161io automobilio dali\u0173 &#8211; interjeras. \u0160is &#8220;Flying Spur&#8221;, sukurtas kaip tobulas moderni\u0173 technologij\u0173 ir klasikin\u0117s prabangos derinys, padengtas pageidautina rusva oda su kontrastingos \u017ealios spalvos odos ir med\u017eio intarpais. Ant kai kuri\u0173 chromuot\u0173 apdailos detali\u0173 galima rasti apsaugin\u0119 pl\u0117vel\u0119, kuri rodo, kad \u0161is automobilis buvo beveik nenaudotas.<\/p>\n<p><strong>Dokumentacija<\/strong><\/p>\n<p>Tai priva\u010diai priklausanti transporto priemon\u0117 su atitinkamais dokumentais, esanti Londone, Jungtin\u0117je Karalyst\u0117je. &#8220;CarVertical&#8221; ataskaita yra \u0161vari; n\u0117ra joki\u0173 \u012frodym\u0173 apie eismo \u012fvykius, avarij\u0173 remont\u0105 ar teisines problemas. Yra \u012fra\u0161ai apie reguliari\u0105 technin\u0119 prie\u017ei\u016br\u0105.<\/p>\n","protected":false},"excerpt":{"rendered":"<p>Kaip ir daugelis konkurent\u0173, &#8220;Bentley&#8221; artimiausiu metu ketina prad\u0117ti gaminti elektromobili\u0173 modelius. Tai rei\u0161kia, kad tai gali b\u016bti paskutin\u0117 proga \u012fsigyti tok\u012f diding\u0105 prabang\u0173 automobil\u012f, kaip \u0161is &#8220;Flying Spur&#8221;, varom\u0105 degal\u0173 varikliu, kurio specifikacijos ir b\u016bkl\u0117 yra labai pageidautinos. Tai unikalus pavyzdys, puikiai tinkantis i\u0161rankiems &#8220;Bentley&#8221; \u017einovams, varomas firminio W12 variklio.<\/p>\n","protected":false},"featured_media":34090,"comment_status":"open","ping_status":"closed","template":"","meta":{"inline_featured_image":false},"product_cat":[703],"product_tag":[1306,1311,902,1302],"acf":[],"yoast_head":"<!-- This site is optimized with the Yoast SEO plugin v22.5 - https:\/\/yoast.com\/wordpress\/plugins\/seo\/ -->\n<title>&quot;Bentley Flying Spur aukcionas - Piston Addict<\/title>\n<meta name=\"description\" content=\"Per\u017ei\u016br\u0117kite \u0161\u012f PistonAddict.com aukcione parduodam\u0105 &quot;Bentley Flying Spur&quot; su automatine pavar\u0173 d\u0117\u017ee ir tik 8359 km.\" \/>\n<meta name=\"robots\" content=\"index, follow, max-snippet:-1, max-image-preview:large, max-video-preview:-1\" \/>\n<link rel=\"canonical\" href=\"https:\/\/pistonaddict.com\/lt\/product\/bentley-flying-spur\/\" \/>\n<meta property=\"og:locale\" content=\"lt_LT\" \/>\n<meta property=\"og:type\" content=\"article\" \/>\n<meta property=\"og:title\" content=\"&quot;Bentley Flying Spur aukcionas - Piston Addict\" \/>\n<meta property=\"og:description\" content=\"Per\u017ei\u016br\u0117kite \u0161\u012f PistonAddict.com aukcione parduodam\u0105 &quot;Bentley Flying Spur&quot; su automatine pavar\u0173 d\u0117\u017ee ir tik 8359 km.\" \/>\n<meta property=\"og:url\" content=\"https:\/\/pistonaddict.com\/lt\/product\/bentley-flying-spur\/\" \/>\n<meta property=\"og:site_name\" content=\"Piston Addict\" \/>\n<meta property=\"article:modified_time\" content=\"2024-03-19T16:50:10+00:00\" \/>\n<meta property=\"og:image\" content=\"https:\/\/pistonaddict.com\/wp-content\/uploads\/2023\/04\/LuxurycarLondonApril11PistonAddict_0433-scaled.jpg\" \/>\n\t<meta property=\"og:image:width\" content=\"2560\" \/>\n\t<meta property=\"og:image:height\" content=\"1505\" \/>\n\t<meta property=\"og:image:type\" content=\"image\/jpeg\" \/>\n<meta name=\"twitter:card\" content=\"summary_large_image\" \/>\n<meta name=\"twitter:label1\" content=\"Est. reading time\" \/>\n\t<meta name=\"twitter:data1\" content=\"2 minut\u0117s\" \/>\n<script type=\"application\/ld+json\" class=\"yoast-schema-graph\">{\"@context\":\"https:\/\/schema.org\",\"@graph\":[{\"@type\":\"WebPage\",\"@id\":\"https:\/\/pistonaddict.com\/lt\/product\/bentley-flying-spur\/\",\"url\":\"https:\/\/pistonaddict.com\/lt\/product\/bentley-flying-spur\/\",\"name\":\"\\\"Bentley Flying Spur aukcionas - Piston Addict\",\"isPartOf\":{\"@id\":\"https:\/\/pistonaddict.com\/lt\/#website\"},\"primaryImageOfPage\":{\"@id\":\"https:\/\/pistonaddict.com\/lt\/product\/bentley-flying-spur\/#primaryimage\"},\"image\":{\"@id\":\"https:\/\/pistonaddict.com\/lt\/product\/bentley-flying-spur\/#primaryimage\"},\"thumbnailUrl\":\"https:\/\/pistonaddict.com\/wp-content\/uploads\/2023\/04\/LuxurycarLondonApril11PistonAddict_0433-scaled.jpg\",\"datePublished\":\"2023-04-19T13:06:28+00:00\",\"dateModified\":\"2024-03-19T16:50:10+00:00\",\"description\":\"Per\u017ei\u016br\u0117kite \u0161\u012f PistonAddict.com aukcione parduodam\u0105 \\\"Bentley Flying Spur\\\" su automatine pavar\u0173 d\u0117\u017ee ir tik 8359 km.\",\"breadcrumb\":{\"@id\":\"https:\/\/pistonaddict.com\/lt\/product\/bentley-flying-spur\/#breadcrumb\"},\"inLanguage\":\"lt-LT\",\"potentialAction\":[{\"@type\":\"ReadAction\",\"target\":[\"https:\/\/pistonaddict.com\/lt\/product\/bentley-flying-spur\/\"]}]},{\"@type\":\"ImageObject\",\"inLanguage\":\"lt-LT\",\"@id\":\"https:\/\/pistonaddict.com\/lt\/product\/bentley-flying-spur\/#primaryimage\",\"url\":\"https:\/\/pistonaddict.com\/wp-content\/uploads\/2023\/04\/LuxurycarLondonApril11PistonAddict_0433-scaled.jpg\",\"contentUrl\":\"https:\/\/pistonaddict.com\/wp-content\/uploads\/2023\/04\/LuxurycarLondonApril11PistonAddict_0433-scaled.jpg\",\"width\":2560,\"height\":1505},{\"@type\":\"BreadcrumbList\",\"@id\":\"https:\/\/pistonaddict.com\/lt\/product\/bentley-flying-spur\/#breadcrumb\",\"itemListElement\":[{\"@type\":\"ListItem\",\"position\":1,\"name\":\"Pagrindinis puslapis\",\"item\":\"https:\/\/pistonaddict.com\/lt\/pradzia\/\"},{\"@type\":\"ListItem\",\"position\":2,\"name\":\"Auctions\",\"item\":\"https:\/\/pistonaddict.com\/auctions-listing\/\"},{\"@type\":\"ListItem\",\"position\":3,\"name\":\"&#8220;Bentley Flying Spur\"}]},{\"@type\":\"WebSite\",\"@id\":\"https:\/\/pistonaddict.com\/lt\/#website\",\"url\":\"https:\/\/pistonaddict.com\/lt\/\",\"name\":\"Piston Addict\",\"description\":\"Only interesting vehicles\",\"publisher\":{\"@id\":\"https:\/\/pistonaddict.com\/lt\/#organization\"},\"potentialAction\":[{\"@type\":\"SearchAction\",\"target\":{\"@type\":\"EntryPoint\",\"urlTemplate\":\"https:\/\/pistonaddict.com\/lt\/?s={search_term_string}\"},\"query-input\":\"required name=search_term_string\"}],\"inLanguage\":\"lt-LT\"},{\"@type\":\"Organization\",\"@id\":\"https:\/\/pistonaddict.com\/lt\/#organization\",\"name\":\"Piston Addict\",\"url\":\"https:\/\/pistonaddict.com\/lt\/\",\"logo\":{\"@type\":\"ImageObject\",\"inLanguage\":\"lt-LT\",\"@id\":\"https:\/\/pistonaddict.com\/lt\/#\/schema\/logo\/image\/\",\"url\":\"https:\/\/pistonaddict.com\/wp-content\/uploads\/2022\/07\/logo-6.png\",\"contentUrl\":\"https:\/\/pistonaddict.com\/wp-content\/uploads\/2022\/07\/logo-6.png\",\"width\":970,\"height\":200,\"caption\":\"Piston Addict\"},\"image\":{\"@id\":\"https:\/\/pistonaddict.com\/lt\/#\/schema\/logo\/image\/\"}}]}<\/script>\n<!-- \/ Yoast SEO plugin. -->","yoast_head_json":{"title":"\"Bentley Flying Spur aukcionas - Piston Addict","description":"Per\u017ei\u016br\u0117kite \u0161\u012f PistonAddict.com aukcione parduodam\u0105 \"Bentley Flying Spur\" su automatine pavar\u0173 d\u0117\u017ee ir tik 8359 km.","robots":{"index":"index","follow":"follow","max-snippet":"max-snippet:-1","max-image-preview":"max-image-preview:large","max-video-preview":"max-video-preview:-1"},"canonical":"https:\/\/pistonaddict.com\/lt\/product\/bentley-flying-spur\/","og_locale":"lt_LT","og_type":"article","og_title":"\"Bentley Flying Spur aukcionas - Piston Addict","og_description":"Per\u017ei\u016br\u0117kite \u0161\u012f PistonAddict.com aukcione parduodam\u0105 \"Bentley Flying Spur\" su automatine pavar\u0173 d\u0117\u017ee ir tik 8359 km.","og_url":"https:\/\/pistonaddict.com\/lt\/product\/bentley-flying-spur\/","og_site_name":"Piston Addict","article_modified_time":"2024-03-19T16:50:10+00:00","og_image":[{"width":2560,"height":1505,"url":"https:\/\/pistonaddict.com\/wp-content\/uploads\/2023\/04\/LuxurycarLondonApril11PistonAddict_0433-scaled.jpg","type":"image\/jpeg"}],"twitter_card":"summary_large_image","twitter_misc":{"Est. reading time":"2 minut\u0117s"},"schema":{"@context":"https:\/\/schema.org","@graph":[{"@type":"WebPage","@id":"https:\/\/pistonaddict.com\/lt\/product\/bentley-flying-spur\/","url":"https:\/\/pistonaddict.com\/lt\/product\/bentley-flying-spur\/","name":"\"Bentley Flying Spur aukcionas - Piston Addict","isPartOf":{"@id":"https:\/\/pistonaddict.com\/lt\/#website"},"primaryImageOfPage":{"@id":"https:\/\/pistonaddict.com\/lt\/product\/bentley-flying-spur\/#primaryimage"},"image":{"@id":"https:\/\/pistonaddict.com\/lt\/product\/bentley-flying-spur\/#primaryimage"},"thumbnailUrl":"https:\/\/pistonaddict.com\/wp-content\/uploads\/2023\/04\/LuxurycarLondonApril11PistonAddict_0433-scaled.jpg","datePublished":"2023-04-19T13:06:28+00:00","dateModified":"2024-03-19T16:50:10+00:00","description":"Per\u017ei\u016br\u0117kite \u0161\u012f PistonAddict.com aukcione parduodam\u0105 \"Bentley Flying Spur\" su automatine pavar\u0173 d\u0117\u017ee ir tik 8359 km.","breadcrumb":{"@id":"https:\/\/pistonaddict.com\/lt\/product\/bentley-flying-spur\/#breadcrumb"},"inLanguage":"lt-LT","potentialAction":[{"@type":"ReadAction","target":["https:\/\/pistonaddict.com\/lt\/product\/bentley-flying-spur\/"]}]},{"@type":"ImageObject","inLanguage":"lt-LT","@id":"https:\/\/pistonaddict.com\/lt\/product\/bentley-flying-spur\/#primaryimage","url":"https:\/\/pistonaddict.com\/wp-content\/uploads\/2023\/04\/LuxurycarLondonApril11PistonAddict_0433-scaled.jpg","contentUrl":"https:\/\/pistonaddict.com\/wp-content\/uploads\/2023\/04\/LuxurycarLondonApril11PistonAddict_0433-scaled.jpg","width":2560,"height":1505},{"@type":"BreadcrumbList","@id":"https:\/\/pistonaddict.com\/lt\/product\/bentley-flying-spur\/#breadcrumb","itemListElement":[{"@type":"ListItem","position":1,"name":"Pagrindinis puslapis","item":"https:\/\/pistonaddict.com\/lt\/pradzia\/"},{"@type":"ListItem","position":2,"name":"Auctions","item":"https:\/\/pistonaddict.com\/auctions-listing\/"},{"@type":"ListItem","position":3,"name":"&#8220;Bentley Flying Spur"}]},{"@type":"WebSite","@id":"https:\/\/pistonaddict.com\/lt\/#website","url":"https:\/\/pistonaddict.com\/lt\/","name":"Piston Addict","description":"Only interesting vehicles","publisher":{"@id":"https:\/\/pistonaddict.com\/lt\/#organization"},"potentialAction":[{"@type":"SearchAction","target":{"@type":"EntryPoint","urlTemplate":"https:\/\/pistonaddict.com\/lt\/?s={search_term_string}"},"query-input":"required name=search_term_string"}],"inLanguage":"lt-LT"},{"@type":"Organization","@id":"https:\/\/pistonaddict.com\/lt\/#organization","name":"Piston Addict","url":"https:\/\/pistonaddict.com\/lt\/","logo":{"@type":"ImageObject","inLanguage":"lt-LT","@id":"https:\/\/pistonaddict.com\/lt\/#\/schema\/logo\/image\/","url":"https:\/\/pistonaddict.com\/wp-content\/uploads\/2022\/07\/logo-6.png","contentUrl":"https:\/\/pistonaddict.com\/wp-content\/uploads\/2022\/07\/logo-6.png","width":970,"height":200,"caption":"Piston Addict"},"image":{"@id":"https:\/\/pistonaddict.com\/lt\/#\/schema\/logo\/image\/"}}]}},"_links":{"self":[{"href":"https:\/\/pistonaddict.com\/lt\/wp-json\/wp\/v2\/product\/34585"}],"collection":[{"href":"https:\/\/pistonaddict.com\/lt\/wp-json\/wp\/v2\/product"}],"about":[{"href":"https:\/\/pistonaddict.com\/lt\/wp-json\/wp\/v2\/types\/product"}],"replies":[{"embeddable":true,"href":"https:\/\/pistonaddict.com\/lt\/wp-json\/wp\/v2\/comments?post=34585"}],"wp:featuredmedia":[{"embeddable":true,"href":"https:\/\/pistonaddict.com\/lt\/wp-json\/wp\/v2\/media\/34090"}],"wp:attachment":[{"href":"https:\/\/pistonaddict.com\/lt\/wp-json\/wp\/v2\/media?parent=34585"}],"wp:term":[{"taxonomy":"product_cat","embeddable":true,"href":"https:\/\/pistonaddict.com\/lt\/wp-json\/wp\/v2\/product_cat?post=34585"},{"taxonomy":"product_tag","embeddable":true,"href":"https:\/\/pistonaddict.com\/lt\/wp-json\/wp\/v2\/product_tag?post=34585"}],"curies":[{"name":"wp","href":"https:\/\/api.w.org\/{rel}","templated":true}]}}