{"id":34028,"date":"2023-04-19T10:37:02","date_gmt":"2023-04-19T08:37:02","guid":{"rendered":"https:\/\/pistonaddict.com\/product\/porsche-gt3-touring\/"},"modified":"2024-03-19T17:27:12","modified_gmt":"2024-03-19T16:27:12","slug":"porsche-gt3-touring","status":"publish","type":"product","link":"https:\/\/pistonaddict.com\/lt\/product\/porsche-gt3-touring\/","title":{"rendered":"&#8220;Porsche GT3 Touring"},"content":{"rendered":"<h2>I\u0161or\u0117<\/h2>\n<p>I\u0161 i\u0161or\u0117s \u0161is pilkos spalvos &#8220;Touring&#8221; modelis turi daugum\u0105 dizaino detali\u0173, pana\u0161i\u0173 \u012f 911 RS3, kurio pagrindu jis sukurtas. Tai &#8211; ksenono priekiniai \u017eibintai su LED \u017eibintais, didel\u0117s oro \u012fsiurbimo angos priekyje, praplatintos k\u0117bulo plok\u0161t\u0117s ir buferiai. Ta\u010diau \u0161ie du automobiliai skiriasi masyviu sparnu gale arba tuo, kad &#8220;Touring&#8221; modelyje jo akivaizd\u017eiai n\u0117ra. Vietoj to \u0161iame modelyje yra i\u0161traukiamas galinis spoileris, kuris i\u0161siskleid\u017eia va\u017eiuojant 75 km\/h grei\u010diu ir suteikia papildomos prispaud\u017eiamosios j\u0117gos. Ta\u010diau va\u017eiuojant nedideliu grei\u010diu spoileris \u012ftraukiamas ir susilygina su automobilio siluetu, tod\u0117l automobilis atrodo aptakus ir aptakus. \u0160is &#8220;Porsche&#8221; turi gamyklinius 19 coli\u0173 ratlankius ir &#8220;Dunlop Sport Maxx Race 2&#8221; padangas, kurios jam puikiai tinka.<\/p>\n<h2>Interjeras<\/h2>\n<p>\u0160io &#8220;Porsche&#8221; viduje yra pora lengv\u0173 kibirini\u0173 s\u0117dyni\u0173, aptraukt\u0173 juoda oda su tamsiai pilkais med\u017eiaginiais intarpais. Geltoni saugos dir\u017eai &#8211; tai gra\u017eus akcentas, suteikiantis interjerui gyvesn\u0117s i\u0161vaizdos. Skirtingai nei <em>\u012fprastame<\/em> 911 automobilyje, gale n\u0117ra s\u0117dyni\u0173. Viduje vairuotojas ras trij\u0173 stipin\u0173 odin\u012f vair\u0105, o u\u017e jo &#8211; &#8220;Porsche&#8221; \u017eenklu pa\u017eym\u0117t\u0105 prietais\u0173 skydel\u012f. Tai centre sumontuotas iki 10 000 apsisukim\u0173 per minut\u0119 apsuk\u0173 skaitiklis, spidometras ir dar keli matuokliai. Viduryje esan\u010dioje konsol\u0117je dominuoja didelis jutiklinis ekranas su integruota stereogarsiakalbi\u0173 sistema, atsargin\u0117s kameros ekranu ir navigacija. Galiausiai, kaip ir daugumoje kit\u0173 GT3 modeli\u0173, \u0161iame &#8220;Porsche&#8221; prietais\u0173 skydelio vir\u0161uje \u012frengtas chronometras, kuris naudingas, kai reikia \u012fveikti tam tikrus ratus.<\/p>\n<h2>Mechanika<\/h2>\n<p>Nepaisant to, kad \u0161is &#8220;Touring&#8221; modelis atrodo kaip laisvalaikio modelis, jis vis tiek priklauso presti\u017einei GT3 gamai. Tai rei\u0161kia, kad jis turi t\u0105 pat\u012f 4,0 litro darbinio t\u016brio nat\u016braliai i\u0161vystyt\u0105 plok\u0161\u010di\u0105 \u0161e\u0161i\u0173 cilindr\u0173 varikl\u012f, kuris i\u0161vysto 500 arklio gali\u0173 ir 469 Nm sukimo moment\u0105. Ta\u010diau skirtingai nei daugumoje GT3 modeli\u0173, kuriuose naudojamos dviej\u0173 sankab\u0173 automatin\u0117s pavar\u0173 d\u0117\u017e\u0117s, \u0161iame automobilyje naudojama tradicin\u0117 \u0161e\u0161i\u0173 pavar\u0173 mechanin\u0117 pavar\u0173 d\u0117\u017e\u0117. Galiniams ratams galia perduodama per riboto praslydimo diferencial\u0105, kuris pagerina sukibim\u0105, ypa\u010d esant slid\u017eiai kelio dangai. D\u0117l to \u0161is &#8220;Porsche&#8221; nuo 0 iki 60 \u012fsib\u0117g\u0117ja vos per 3,4 sekund\u0117s, o jo maksimalus greitis siekia 196 km\/h. O kai reikia sustoti, did\u017eiuliai stabd\u017eiai u\u017etikrins, kad tai b\u016bt\u0173 padaryta per trumpiausi\u0105 \u012fmanom\u0105 atstum\u0105.<\/p>\n<h2>Transporto priemon\u0117s istorija<\/h2>\n<p>\u0160\u012f konkret\u0173 &#8220;911 GT3 Touring&#8221; &#8220;Porsche&#8221; pagamino pagal u\u017esakym\u0105 vienam i\u0161 savo VIP klient\u0173, kuris j\u012f u\u017esisak\u0117 kaip didesn\u0117s kolekcijos dal\u012f. Nepaisant to, kad automobilis pagamintas Jungtin\u0117je Karalyst\u0117je, tai yra kairiosios pus\u0117s vairuojamas modelis su Liuksemburgo valstybiniais numeriais. Vos prie\u0161 kelis m\u0117nesius, vasario m\u0117n., buvo atlikta paskutin\u0117 technin\u0117 ap\u017ei\u016bra, tod\u0117l dabar jis jau visi\u0161kai paruo\u0161tas va\u017eiuoti.<\/p>\n","protected":false},"excerpt":{"rendered":"<p>\u0160is &#8220;Porsche 911 GT3 Touring&#8221; puikiai tiks tiems, kurie ie\u0161ko eleganti\u0161ko ir sklandaus automobilio, galin\u010dio pasiekti stulbinam\u0173 rezultat\u0173. Nors i\u0161 i\u0161or\u0117s \u0161is dviej\u0173 dur\u0173 kup\u0117 atrodo subtilus ar net ne\u012fmantrus, i\u0161 apa\u010dios jis yra tikras grynakraujis lenktynininkas. Tod\u0117l jis vienodai gerai tinka tiek va\u017eiuojant greitkeliu, tiek va\u017eiuojant lenktyni\u0173 trasoje. \u0160is &#8220;Porsche&#8221;, pagamintas 2018 m. kaip vienas i\u0161 paskutini\u0173 991.2 serijos automobili\u0173, nuva\u017eiavo tik 1 400 myli\u0173. Be to, pardav\u0117jas teigia, kad neseniai buvo atlikta technin\u0117 prie\u017ei\u016bra, ir apib\u016bdina j\u012f <em>kaip nauj\u0105<\/em>.<\/p>\n","protected":false},"featured_media":33491,"comment_status":"open","ping_status":"closed","template":"","meta":{"inline_featured_image":false},"product_cat":[703],"product_tag":[1274,902,1144,845],"acf":[],"yoast_head":"<!-- This site is optimized with the Yoast SEO plugin v22.5 - https:\/\/yoast.com\/wordpress\/plugins\/seo\/ -->\n<title>&quot;Porsche GT3 Touring aukcionas - Piston Addict<\/title>\n<meta name=\"description\" content=\"Patikrinkite \u0161\u012f PistonAddict.com aukcione parduodam\u0105 &quot;Porsche GT3 Touring&quot; su automatine pavar\u0173 d\u0117\u017ee ir tik 1414 myli\u0173.\" \/>\n<meta name=\"robots\" content=\"index, follow, max-snippet:-1, max-image-preview:large, max-video-preview:-1\" \/>\n<link rel=\"canonical\" href=\"https:\/\/pistonaddict.com\/lt\/product\/porsche-gt3-touring\/\" \/>\n<meta property=\"og:locale\" content=\"lt_LT\" \/>\n<meta property=\"og:type\" content=\"article\" \/>\n<meta property=\"og:title\" content=\"&quot;Porsche GT3 Touring aukcionas - Piston Addict\" \/>\n<meta property=\"og:description\" content=\"Patikrinkite \u0161\u012f PistonAddict.com aukcione parduodam\u0105 &quot;Porsche GT3 Touring&quot; su automatine pavar\u0173 d\u0117\u017ee ir tik 1414 myli\u0173.\" \/>\n<meta property=\"og:url\" content=\"https:\/\/pistonaddict.com\/lt\/product\/porsche-gt3-touring\/\" \/>\n<meta property=\"og:site_name\" content=\"Piston Addict\" \/>\n<meta property=\"article:modified_time\" content=\"2024-03-19T16:27:12+00:00\" \/>\n<meta property=\"og:image\" content=\"https:\/\/pistonaddict.com\/wp-content\/uploads\/2023\/04\/LuxurycarLondonApril11PistonAddict_0868-2-scaled.jpg\" \/>\n\t<meta property=\"og:image:width\" content=\"2560\" \/>\n\t<meta property=\"og:image:height\" content=\"1673\" \/>\n\t<meta property=\"og:image:type\" content=\"image\/jpeg\" \/>\n<meta name=\"twitter:card\" content=\"summary_large_image\" \/>\n<meta name=\"twitter:label1\" content=\"Est. reading time\" \/>\n\t<meta name=\"twitter:data1\" content=\"2 minut\u0117s\" \/>\n<script type=\"application\/ld+json\" class=\"yoast-schema-graph\">{\"@context\":\"https:\/\/schema.org\",\"@graph\":[{\"@type\":\"WebPage\",\"@id\":\"https:\/\/pistonaddict.com\/lt\/product\/porsche-gt3-touring\/\",\"url\":\"https:\/\/pistonaddict.com\/lt\/product\/porsche-gt3-touring\/\",\"name\":\"\\\"Porsche GT3 Touring aukcionas - Piston Addict\",\"isPartOf\":{\"@id\":\"https:\/\/pistonaddict.com\/lt\/#website\"},\"primaryImageOfPage\":{\"@id\":\"https:\/\/pistonaddict.com\/lt\/product\/porsche-gt3-touring\/#primaryimage\"},\"image\":{\"@id\":\"https:\/\/pistonaddict.com\/lt\/product\/porsche-gt3-touring\/#primaryimage\"},\"thumbnailUrl\":\"https:\/\/pistonaddict.com\/wp-content\/uploads\/2023\/04\/LuxurycarLondonApril11PistonAddict_0868-2-scaled.jpg\",\"datePublished\":\"2023-04-19T08:37:02+00:00\",\"dateModified\":\"2024-03-19T16:27:12+00:00\",\"description\":\"Patikrinkite \u0161\u012f PistonAddict.com aukcione parduodam\u0105 \\\"Porsche GT3 Touring\\\" su automatine pavar\u0173 d\u0117\u017ee ir tik 1414 myli\u0173.\",\"breadcrumb\":{\"@id\":\"https:\/\/pistonaddict.com\/lt\/product\/porsche-gt3-touring\/#breadcrumb\"},\"inLanguage\":\"lt-LT\",\"potentialAction\":[{\"@type\":\"ReadAction\",\"target\":[\"https:\/\/pistonaddict.com\/lt\/product\/porsche-gt3-touring\/\"]}]},{\"@type\":\"ImageObject\",\"inLanguage\":\"lt-LT\",\"@id\":\"https:\/\/pistonaddict.com\/lt\/product\/porsche-gt3-touring\/#primaryimage\",\"url\":\"https:\/\/pistonaddict.com\/wp-content\/uploads\/2023\/04\/LuxurycarLondonApril11PistonAddict_0868-2-scaled.jpg\",\"contentUrl\":\"https:\/\/pistonaddict.com\/wp-content\/uploads\/2023\/04\/LuxurycarLondonApril11PistonAddict_0868-2-scaled.jpg\",\"width\":2560,\"height\":1673},{\"@type\":\"BreadcrumbList\",\"@id\":\"https:\/\/pistonaddict.com\/lt\/product\/porsche-gt3-touring\/#breadcrumb\",\"itemListElement\":[{\"@type\":\"ListItem\",\"position\":1,\"name\":\"Pagrindinis puslapis\",\"item\":\"https:\/\/pistonaddict.com\/lt\/pradzia\/\"},{\"@type\":\"ListItem\",\"position\":2,\"name\":\"Auctions\",\"item\":\"https:\/\/pistonaddict.com\/auctions-listing\/\"},{\"@type\":\"ListItem\",\"position\":3,\"name\":\"&#8220;Porsche GT3 Touring\"}]},{\"@type\":\"WebSite\",\"@id\":\"https:\/\/pistonaddict.com\/lt\/#website\",\"url\":\"https:\/\/pistonaddict.com\/lt\/\",\"name\":\"Piston Addict\",\"description\":\"Only interesting vehicles\",\"publisher\":{\"@id\":\"https:\/\/pistonaddict.com\/lt\/#organization\"},\"potentialAction\":[{\"@type\":\"SearchAction\",\"target\":{\"@type\":\"EntryPoint\",\"urlTemplate\":\"https:\/\/pistonaddict.com\/lt\/?s={search_term_string}\"},\"query-input\":\"required name=search_term_string\"}],\"inLanguage\":\"lt-LT\"},{\"@type\":\"Organization\",\"@id\":\"https:\/\/pistonaddict.com\/lt\/#organization\",\"name\":\"Piston Addict\",\"url\":\"https:\/\/pistonaddict.com\/lt\/\",\"logo\":{\"@type\":\"ImageObject\",\"inLanguage\":\"lt-LT\",\"@id\":\"https:\/\/pistonaddict.com\/lt\/#\/schema\/logo\/image\/\",\"url\":\"https:\/\/pistonaddict.com\/wp-content\/uploads\/2022\/07\/logo-6.png\",\"contentUrl\":\"https:\/\/pistonaddict.com\/wp-content\/uploads\/2022\/07\/logo-6.png\",\"width\":970,\"height\":200,\"caption\":\"Piston Addict\"},\"image\":{\"@id\":\"https:\/\/pistonaddict.com\/lt\/#\/schema\/logo\/image\/\"}}]}<\/script>\n<!-- \/ Yoast SEO plugin. -->","yoast_head_json":{"title":"\"Porsche GT3 Touring aukcionas - Piston Addict","description":"Patikrinkite \u0161\u012f PistonAddict.com aukcione parduodam\u0105 \"Porsche GT3 Touring\" su automatine pavar\u0173 d\u0117\u017ee ir tik 1414 myli\u0173.","robots":{"index":"index","follow":"follow","max-snippet":"max-snippet:-1","max-image-preview":"max-image-preview:large","max-video-preview":"max-video-preview:-1"},"canonical":"https:\/\/pistonaddict.com\/lt\/product\/porsche-gt3-touring\/","og_locale":"lt_LT","og_type":"article","og_title":"\"Porsche GT3 Touring aukcionas - Piston Addict","og_description":"Patikrinkite \u0161\u012f PistonAddict.com aukcione parduodam\u0105 \"Porsche GT3 Touring\" su automatine pavar\u0173 d\u0117\u017ee ir tik 1414 myli\u0173.","og_url":"https:\/\/pistonaddict.com\/lt\/product\/porsche-gt3-touring\/","og_site_name":"Piston Addict","article_modified_time":"2024-03-19T16:27:12+00:00","og_image":[{"width":2560,"height":1673,"url":"https:\/\/pistonaddict.com\/wp-content\/uploads\/2023\/04\/LuxurycarLondonApril11PistonAddict_0868-2-scaled.jpg","type":"image\/jpeg"}],"twitter_card":"summary_large_image","twitter_misc":{"Est. reading time":"2 minut\u0117s"},"schema":{"@context":"https:\/\/schema.org","@graph":[{"@type":"WebPage","@id":"https:\/\/pistonaddict.com\/lt\/product\/porsche-gt3-touring\/","url":"https:\/\/pistonaddict.com\/lt\/product\/porsche-gt3-touring\/","name":"\"Porsche GT3 Touring aukcionas - Piston Addict","isPartOf":{"@id":"https:\/\/pistonaddict.com\/lt\/#website"},"primaryImageOfPage":{"@id":"https:\/\/pistonaddict.com\/lt\/product\/porsche-gt3-touring\/#primaryimage"},"image":{"@id":"https:\/\/pistonaddict.com\/lt\/product\/porsche-gt3-touring\/#primaryimage"},"thumbnailUrl":"https:\/\/pistonaddict.com\/wp-content\/uploads\/2023\/04\/LuxurycarLondonApril11PistonAddict_0868-2-scaled.jpg","datePublished":"2023-04-19T08:37:02+00:00","dateModified":"2024-03-19T16:27:12+00:00","description":"Patikrinkite \u0161\u012f PistonAddict.com aukcione parduodam\u0105 \"Porsche GT3 Touring\" su automatine pavar\u0173 d\u0117\u017ee ir tik 1414 myli\u0173.","breadcrumb":{"@id":"https:\/\/pistonaddict.com\/lt\/product\/porsche-gt3-touring\/#breadcrumb"},"inLanguage":"lt-LT","potentialAction":[{"@type":"ReadAction","target":["https:\/\/pistonaddict.com\/lt\/product\/porsche-gt3-touring\/"]}]},{"@type":"ImageObject","inLanguage":"lt-LT","@id":"https:\/\/pistonaddict.com\/lt\/product\/porsche-gt3-touring\/#primaryimage","url":"https:\/\/pistonaddict.com\/wp-content\/uploads\/2023\/04\/LuxurycarLondonApril11PistonAddict_0868-2-scaled.jpg","contentUrl":"https:\/\/pistonaddict.com\/wp-content\/uploads\/2023\/04\/LuxurycarLondonApril11PistonAddict_0868-2-scaled.jpg","width":2560,"height":1673},{"@type":"BreadcrumbList","@id":"https:\/\/pistonaddict.com\/lt\/product\/porsche-gt3-touring\/#breadcrumb","itemListElement":[{"@type":"ListItem","position":1,"name":"Pagrindinis puslapis","item":"https:\/\/pistonaddict.com\/lt\/pradzia\/"},{"@type":"ListItem","position":2,"name":"Auctions","item":"https:\/\/pistonaddict.com\/auctions-listing\/"},{"@type":"ListItem","position":3,"name":"&#8220;Porsche GT3 Touring"}]},{"@type":"WebSite","@id":"https:\/\/pistonaddict.com\/lt\/#website","url":"https:\/\/pistonaddict.com\/lt\/","name":"Piston Addict","description":"Only interesting vehicles","publisher":{"@id":"https:\/\/pistonaddict.com\/lt\/#organization"},"potentialAction":[{"@type":"SearchAction","target":{"@type":"EntryPoint","urlTemplate":"https:\/\/pistonaddict.com\/lt\/?s={search_term_string}"},"query-input":"required name=search_term_string"}],"inLanguage":"lt-LT"},{"@type":"Organization","@id":"https:\/\/pistonaddict.com\/lt\/#organization","name":"Piston Addict","url":"https:\/\/pistonaddict.com\/lt\/","logo":{"@type":"ImageObject","inLanguage":"lt-LT","@id":"https:\/\/pistonaddict.com\/lt\/#\/schema\/logo\/image\/","url":"https:\/\/pistonaddict.com\/wp-content\/uploads\/2022\/07\/logo-6.png","contentUrl":"https:\/\/pistonaddict.com\/wp-content\/uploads\/2022\/07\/logo-6.png","width":970,"height":200,"caption":"Piston Addict"},"image":{"@id":"https:\/\/pistonaddict.com\/lt\/#\/schema\/logo\/image\/"}}]}},"_links":{"self":[{"href":"https:\/\/pistonaddict.com\/lt\/wp-json\/wp\/v2\/product\/34028"}],"collection":[{"href":"https:\/\/pistonaddict.com\/lt\/wp-json\/wp\/v2\/product"}],"about":[{"href":"https:\/\/pistonaddict.com\/lt\/wp-json\/wp\/v2\/types\/product"}],"replies":[{"embeddable":true,"href":"https:\/\/pistonaddict.com\/lt\/wp-json\/wp\/v2\/comments?post=34028"}],"wp:featuredmedia":[{"embeddable":true,"href":"https:\/\/pistonaddict.com\/lt\/wp-json\/wp\/v2\/media\/33491"}],"wp:attachment":[{"href":"https:\/\/pistonaddict.com\/lt\/wp-json\/wp\/v2\/media?parent=34028"}],"wp:term":[{"taxonomy":"product_cat","embeddable":true,"href":"https:\/\/pistonaddict.com\/lt\/wp-json\/wp\/v2\/product_cat?post=34028"},{"taxonomy":"product_tag","embeddable":true,"href":"https:\/\/pistonaddict.com\/lt\/wp-json\/wp\/v2\/product_tag?post=34028"}],"curies":[{"name":"wp","href":"https:\/\/api.w.org\/{rel}","templated":true}]}}