{"id":33351,"date":"2023-04-19T09:41:30","date_gmt":"2023-04-19T07:41:30","guid":{"rendered":"https:\/\/pistonaddict.com\/product\/jensen-interceptor\/"},"modified":"2024-03-19T17:47:59","modified_gmt":"2024-03-19T16:47:59","slug":"jensen-interceptor","status":"publish","type":"product","link":"https:\/\/pistonaddict.com\/lt\/product\/jensen-interceptor\/","title":{"rendered":"&#8220;Jensen Interceptor R Mk3"},"content":{"rendered":"<p><strong>Automobilio istorija<\/strong><\/p>\n<p>\u0160is &#8220;Jensen Interceptor&#8221; originaliam savininkui buvo pristatytas 1972 m. kovo m\u0117n. J\u012f var\u0117 did\u017eiulis 440 CID &#8220;Chrysler&#8221; V8 variklis, d\u0117l grie\u017et\u0117jan\u010di\u0173 to meto i\u0161metam\u0173j\u0173 ter\u0161al\u0173 standart\u0173 i\u0161vystantis tik 280 AG. Mk3 modeliai (pristatyti 1971 m.) gars\u0117jo prabangiu interjeru, ilgu standartin\u0117s \u012frangos s\u0105ra\u0161u ir skland\u017eia vairavimo dinamika. Ta\u010diau dauguma &#8220;Interceptor&#8221; ir toliau gyveno kaip klasikini\u0173 automobili\u0173 kolekcij\u0173 dalis, o \u0161is pavyzdys buvo i\u0161 esm\u0117s pakeistas, jam buvo suteiktas naujas gyvenimas ir atnaujinta galia. I\u0161 7-ojo de\u0161imtme\u010dio kreiserio jis virto 21-ojo am\u017eiaus raumen\u0173 ma\u0161ina, pasirengusia nustebinti &#8220;Porsche&#8221; savininkus greitkelyje. Did\u017eiosios Britanijos bendrov\u0117 JIR atliko visi\u0161k\u0105 pertvarkym\u0105, i\u0161laikydama originalias linijas, ta\u010diau i\u0161 esm\u0117s atnaujindama mechanik\u0105.<\/p>\n<p><strong>Automobilio b\u016bkl\u0117<\/strong><\/p>\n<p>\u0160is &#8220;Jensen Interceptor R&#8221; nuo visi\u0161ko pertvarkymo nuva\u017eiavo ma\u017eiau nei 10 000 myli\u0173, tod\u0117l jo b\u016bkl\u0117 yra nepriekai\u0161tinga. Kadangi tai yra puikus s\u0117kmingo restomodo pavyzdys, specifikacijos yra ypa\u010d \u012fdomios. \u0160io automobilio gamybos i\u0161laidos vir\u0161ijo 200 000 svar\u0173 sterling\u0173, tod\u0117l modifikacij\u0173, nestandartini\u0173 komponent\u0173 ir unikali\u0173 dali\u0173 s\u0105ra\u0161as yra labai platus. B\u016btent \u0161is &#8220;Interceptor R&#8221; laikomas labiausiai i\u0161vystytu &#8220;Jensen&#8221; automobiliu pasaulyje. Po variklio gaubtu yra 6,2 l V8 i\u0161 &#8220;Corvette ZR1&#8221;, kuris i\u0161vysto daugiau kaip 600 AG ir per 6 laipsni\u0173 automatin\u0119 pavar\u0173 d\u0117\u017e\u0119 perduoda gali\u0105 galiniams ratams. Tokiai galiai pasiekti reik\u0117jo AP stabd\u017ei\u0173 komplekto, pakeistos pakabos ir dar daugiau. Rezultatas &#8211; fantasti\u0161ka ma\u0161ina, kuri 100 km gali nuva\u017eiuoti per 4 sekundes ir patogiai va\u017eiuoti dideliu grei\u010diu.<\/p>\n<p><strong>Interjeras<\/strong><\/p>\n<p>Interjere svarbiausia buvo sant\u016brumas &#8211; klasikinis prietais\u0173 skydelio i\u0161d\u0117stymas ir apdaila, ta\u010diau su patobulintomis s\u0117dyn\u0117mis, technologijomis ir geriausiais odiniais apmu\u0161alais. Bordo spalva puikiai dera su dviej\u0173 atspalvi\u0173 eksterjeru. Klasikini\u0173 &#8220;Jensen&#8221; savininkai pasakyt\u0173, kad \u0161ie automobiliai, kai buvo nauji, tur\u0117jo sud\u0117ting\u0105 elektronik\u0105 ir da\u017enai sud\u0117tingas sistemas. Laimei, \u0161is pavyzdys buvo visi\u0161kai atnaujintas, jame buvo sumontuoti modern\u016bs komponentai, funkcijos, veikianti klimato kontrol\u0117 ir auk\u0161\u010diausios klas\u0117s garso sistema.<\/p>\n<p><strong>I\u0161or\u0117 ir ratai<\/strong><\/p>\n<p>\u0160is 1972 m. &#8220;Interceptor R&#8221;, apdailintas eleganti\u0161ku dviej\u0173 atspalvi\u0173 deriniu, atrodo gan\u0117tinai senas, ta\u010diau vos tik pa\u017evelg\u0119 \u012f detales pamatysite, kad jis yra visai kitoks. Ratai pagaminti pagal u\u017esakym\u0105 ir labai primena original\u0173 dizain\u0105, ta\u010diau yra platesni ir didesni. Kad b\u016bt\u0173 lengviau au\u0161inti galing\u0105 varikl\u012f, buvo prid\u0117ta \u0161onin\u0117 ventiliacijos anga, diskreti\u0161kai prid\u0117tos kitokios grotel\u0117s ir \u017eenkliukai. Tie, kurie i\u0161mano apie klasikinius &#8220;Interceptor&#8221;, \u017eino, kad \u0161ie automobiliai buvo link\u0119 \u012f r\u016bdis, ta\u010diau \u0161is pavyzdys po vis\u0173 atlikt\u0173 darb\u0173 yra prakti\u0161kai nauja transporto priemon\u0117, neturinti toki\u0173 problem\u0173.<\/p>\n<p><strong>  Dokumentacija<\/strong><\/p>\n<p>Tai priva\u010diai priklausanti transporto priemon\u0117 su atitinkamais dokumentais, esanti Londone, Jungtin\u0117je Karalyst\u0117je. &#8220;CarVertical&#8221; ataskaita yra \u0161vari; n\u0117ra joki\u0173 \u012frodym\u0173 apie eismo \u012fvykius, avarij\u0173 remont\u0105 ar teisines problemas. Yra \u012fra\u0161ai apie reguliari\u0105 technin\u0119 prie\u017ei\u016br\u0105. B\u016bsimieji savininkai nor\u0117t\u0173 \u017einoti, kad \u0161is konkretus egzempliorius yra garsenybi\u0173 automobilis, kur\u012f 2011-2012 m. band\u0117 garsusis Jeremy Clarksonas ir kuris buvo rodomas laidoje &#8220;Top Gear&#8221;.<\/p>\n","protected":false},"excerpt":{"rendered":"<p>Nors \u0161is gra\u017eus &#8220;Interceptor&#8221; i\u0161 i\u0161or\u0117s atrodo gana tvarkingas, jis turi \u012fdomi\u0105 paslapt\u012f. 600 AG V8 variklis su prip\u016btimo sistema ir triu\u0161kinan\u010diu na\u0161umu, \u012fvilktas \u012f vien\u0105 gra\u017eiausi\u0173 7-ojo de\u0161imtme\u010dio dizain\u0173. Tai tikras brit\u0173 restomod GT su amerikieti\u0161ka \u0161irdimi, pasiruo\u0161\u0119s aplenkti bet k\u0105, kas pasitaikys jo kelyje.<\/p>\n","protected":false},"featured_media":32673,"comment_status":"open","ping_status":"closed","template":"","meta":{"inline_featured_image":false},"product_cat":[703],"product_tag":[1252,902,1117,1118],"acf":[],"yoast_head":"<!-- This site is optimized with the Yoast SEO plugin v22.5 - https:\/\/yoast.com\/wordpress\/plugins\/seo\/ -->\n<title>&quot;Jensen Interceptor R Mk3 aukcionas - Piston Addict<\/title>\n<meta name=\"description\" content=\"Patikrinkite, ar \u0161is &quot;Jensen Interceptor R MK3&quot; parduodamas aukcione PistonAddict.com\" \/>\n<meta name=\"robots\" content=\"index, follow, max-snippet:-1, max-image-preview:large, max-video-preview:-1\" \/>\n<link rel=\"canonical\" href=\"https:\/\/pistonaddict.com\/lt\/product\/jensen-interceptor\/\" \/>\n<meta property=\"og:locale\" content=\"lt_LT\" \/>\n<meta property=\"og:type\" content=\"article\" \/>\n<meta property=\"og:title\" content=\"&quot;Jensen Interceptor R Mk3 aukcionas - Piston Addict\" \/>\n<meta property=\"og:description\" content=\"Patikrinkite, ar \u0161is &quot;Jensen Interceptor R MK3&quot; parduodamas aukcione PistonAddict.com\" \/>\n<meta property=\"og:url\" content=\"https:\/\/pistonaddict.com\/lt\/product\/jensen-interceptor\/\" \/>\n<meta property=\"og:site_name\" content=\"Piston Addict\" \/>\n<meta property=\"article:modified_time\" content=\"2024-03-19T16:47:59+00:00\" \/>\n<meta property=\"og:image\" content=\"https:\/\/pistonaddict.com\/wp-content\/uploads\/2023\/04\/LuxurycarLondonApril11PistonAddict_0906-scaled.jpg\" \/>\n\t<meta property=\"og:image:width\" content=\"2560\" \/>\n\t<meta property=\"og:image:height\" content=\"1505\" \/>\n\t<meta property=\"og:image:type\" content=\"image\/jpeg\" \/>\n<meta name=\"twitter:card\" content=\"summary_large_image\" \/>\n<meta name=\"twitter:label1\" content=\"Est. reading time\" \/>\n\t<meta name=\"twitter:data1\" content=\"3 minut\u0117s\" \/>\n<script type=\"application\/ld+json\" class=\"yoast-schema-graph\">{\"@context\":\"https:\/\/schema.org\",\"@graph\":[{\"@type\":\"WebPage\",\"@id\":\"https:\/\/pistonaddict.com\/lt\/product\/jensen-interceptor\/\",\"url\":\"https:\/\/pistonaddict.com\/lt\/product\/jensen-interceptor\/\",\"name\":\"\\\"Jensen Interceptor R Mk3 aukcionas - Piston Addict\",\"isPartOf\":{\"@id\":\"https:\/\/pistonaddict.com\/lt\/#website\"},\"primaryImageOfPage\":{\"@id\":\"https:\/\/pistonaddict.com\/lt\/product\/jensen-interceptor\/#primaryimage\"},\"image\":{\"@id\":\"https:\/\/pistonaddict.com\/lt\/product\/jensen-interceptor\/#primaryimage\"},\"thumbnailUrl\":\"https:\/\/pistonaddict.com\/wp-content\/uploads\/2023\/04\/LuxurycarLondonApril11PistonAddict_0906-scaled.jpg\",\"datePublished\":\"2023-04-19T07:41:30+00:00\",\"dateModified\":\"2024-03-19T16:47:59+00:00\",\"description\":\"Patikrinkite, ar \u0161is \\\"Jensen Interceptor R MK3\\\" parduodamas aukcione PistonAddict.com\",\"breadcrumb\":{\"@id\":\"https:\/\/pistonaddict.com\/lt\/product\/jensen-interceptor\/#breadcrumb\"},\"inLanguage\":\"lt-LT\",\"potentialAction\":[{\"@type\":\"ReadAction\",\"target\":[\"https:\/\/pistonaddict.com\/lt\/product\/jensen-interceptor\/\"]}]},{\"@type\":\"ImageObject\",\"inLanguage\":\"lt-LT\",\"@id\":\"https:\/\/pistonaddict.com\/lt\/product\/jensen-interceptor\/#primaryimage\",\"url\":\"https:\/\/pistonaddict.com\/wp-content\/uploads\/2023\/04\/LuxurycarLondonApril11PistonAddict_0906-scaled.jpg\",\"contentUrl\":\"https:\/\/pistonaddict.com\/wp-content\/uploads\/2023\/04\/LuxurycarLondonApril11PistonAddict_0906-scaled.jpg\",\"width\":2560,\"height\":1505},{\"@type\":\"BreadcrumbList\",\"@id\":\"https:\/\/pistonaddict.com\/lt\/product\/jensen-interceptor\/#breadcrumb\",\"itemListElement\":[{\"@type\":\"ListItem\",\"position\":1,\"name\":\"Pagrindinis puslapis\",\"item\":\"https:\/\/pistonaddict.com\/lt\/pradzia\/\"},{\"@type\":\"ListItem\",\"position\":2,\"name\":\"Auctions\",\"item\":\"https:\/\/pistonaddict.com\/auctions-listing\/\"},{\"@type\":\"ListItem\",\"position\":3,\"name\":\"&#8220;Jensen Interceptor R Mk3\"}]},{\"@type\":\"WebSite\",\"@id\":\"https:\/\/pistonaddict.com\/lt\/#website\",\"url\":\"https:\/\/pistonaddict.com\/lt\/\",\"name\":\"Piston Addict\",\"description\":\"Only interesting vehicles\",\"publisher\":{\"@id\":\"https:\/\/pistonaddict.com\/lt\/#organization\"},\"potentialAction\":[{\"@type\":\"SearchAction\",\"target\":{\"@type\":\"EntryPoint\",\"urlTemplate\":\"https:\/\/pistonaddict.com\/lt\/?s={search_term_string}\"},\"query-input\":\"required name=search_term_string\"}],\"inLanguage\":\"lt-LT\"},{\"@type\":\"Organization\",\"@id\":\"https:\/\/pistonaddict.com\/lt\/#organization\",\"name\":\"Piston Addict\",\"url\":\"https:\/\/pistonaddict.com\/lt\/\",\"logo\":{\"@type\":\"ImageObject\",\"inLanguage\":\"lt-LT\",\"@id\":\"https:\/\/pistonaddict.com\/lt\/#\/schema\/logo\/image\/\",\"url\":\"https:\/\/pistonaddict.com\/wp-content\/uploads\/2022\/07\/logo-6.png\",\"contentUrl\":\"https:\/\/pistonaddict.com\/wp-content\/uploads\/2022\/07\/logo-6.png\",\"width\":970,\"height\":200,\"caption\":\"Piston Addict\"},\"image\":{\"@id\":\"https:\/\/pistonaddict.com\/lt\/#\/schema\/logo\/image\/\"}}]}<\/script>\n<!-- \/ Yoast SEO plugin. -->","yoast_head_json":{"title":"\"Jensen Interceptor R Mk3 aukcionas - Piston Addict","description":"Patikrinkite, ar \u0161is \"Jensen Interceptor R MK3\" parduodamas aukcione PistonAddict.com","robots":{"index":"index","follow":"follow","max-snippet":"max-snippet:-1","max-image-preview":"max-image-preview:large","max-video-preview":"max-video-preview:-1"},"canonical":"https:\/\/pistonaddict.com\/lt\/product\/jensen-interceptor\/","og_locale":"lt_LT","og_type":"article","og_title":"\"Jensen Interceptor R Mk3 aukcionas - Piston Addict","og_description":"Patikrinkite, ar \u0161is \"Jensen Interceptor R MK3\" parduodamas aukcione PistonAddict.com","og_url":"https:\/\/pistonaddict.com\/lt\/product\/jensen-interceptor\/","og_site_name":"Piston Addict","article_modified_time":"2024-03-19T16:47:59+00:00","og_image":[{"width":2560,"height":1505,"url":"https:\/\/pistonaddict.com\/wp-content\/uploads\/2023\/04\/LuxurycarLondonApril11PistonAddict_0906-scaled.jpg","type":"image\/jpeg"}],"twitter_card":"summary_large_image","twitter_misc":{"Est. reading time":"3 minut\u0117s"},"schema":{"@context":"https:\/\/schema.org","@graph":[{"@type":"WebPage","@id":"https:\/\/pistonaddict.com\/lt\/product\/jensen-interceptor\/","url":"https:\/\/pistonaddict.com\/lt\/product\/jensen-interceptor\/","name":"\"Jensen Interceptor R Mk3 aukcionas - Piston Addict","isPartOf":{"@id":"https:\/\/pistonaddict.com\/lt\/#website"},"primaryImageOfPage":{"@id":"https:\/\/pistonaddict.com\/lt\/product\/jensen-interceptor\/#primaryimage"},"image":{"@id":"https:\/\/pistonaddict.com\/lt\/product\/jensen-interceptor\/#primaryimage"},"thumbnailUrl":"https:\/\/pistonaddict.com\/wp-content\/uploads\/2023\/04\/LuxurycarLondonApril11PistonAddict_0906-scaled.jpg","datePublished":"2023-04-19T07:41:30+00:00","dateModified":"2024-03-19T16:47:59+00:00","description":"Patikrinkite, ar \u0161is \"Jensen Interceptor R MK3\" parduodamas aukcione PistonAddict.com","breadcrumb":{"@id":"https:\/\/pistonaddict.com\/lt\/product\/jensen-interceptor\/#breadcrumb"},"inLanguage":"lt-LT","potentialAction":[{"@type":"ReadAction","target":["https:\/\/pistonaddict.com\/lt\/product\/jensen-interceptor\/"]}]},{"@type":"ImageObject","inLanguage":"lt-LT","@id":"https:\/\/pistonaddict.com\/lt\/product\/jensen-interceptor\/#primaryimage","url":"https:\/\/pistonaddict.com\/wp-content\/uploads\/2023\/04\/LuxurycarLondonApril11PistonAddict_0906-scaled.jpg","contentUrl":"https:\/\/pistonaddict.com\/wp-content\/uploads\/2023\/04\/LuxurycarLondonApril11PistonAddict_0906-scaled.jpg","width":2560,"height":1505},{"@type":"BreadcrumbList","@id":"https:\/\/pistonaddict.com\/lt\/product\/jensen-interceptor\/#breadcrumb","itemListElement":[{"@type":"ListItem","position":1,"name":"Pagrindinis puslapis","item":"https:\/\/pistonaddict.com\/lt\/pradzia\/"},{"@type":"ListItem","position":2,"name":"Auctions","item":"https:\/\/pistonaddict.com\/auctions-listing\/"},{"@type":"ListItem","position":3,"name":"&#8220;Jensen Interceptor R Mk3"}]},{"@type":"WebSite","@id":"https:\/\/pistonaddict.com\/lt\/#website","url":"https:\/\/pistonaddict.com\/lt\/","name":"Piston Addict","description":"Only interesting vehicles","publisher":{"@id":"https:\/\/pistonaddict.com\/lt\/#organization"},"potentialAction":[{"@type":"SearchAction","target":{"@type":"EntryPoint","urlTemplate":"https:\/\/pistonaddict.com\/lt\/?s={search_term_string}"},"query-input":"required name=search_term_string"}],"inLanguage":"lt-LT"},{"@type":"Organization","@id":"https:\/\/pistonaddict.com\/lt\/#organization","name":"Piston Addict","url":"https:\/\/pistonaddict.com\/lt\/","logo":{"@type":"ImageObject","inLanguage":"lt-LT","@id":"https:\/\/pistonaddict.com\/lt\/#\/schema\/logo\/image\/","url":"https:\/\/pistonaddict.com\/wp-content\/uploads\/2022\/07\/logo-6.png","contentUrl":"https:\/\/pistonaddict.com\/wp-content\/uploads\/2022\/07\/logo-6.png","width":970,"height":200,"caption":"Piston Addict"},"image":{"@id":"https:\/\/pistonaddict.com\/lt\/#\/schema\/logo\/image\/"}}]}},"_links":{"self":[{"href":"https:\/\/pistonaddict.com\/lt\/wp-json\/wp\/v2\/product\/33351"}],"collection":[{"href":"https:\/\/pistonaddict.com\/lt\/wp-json\/wp\/v2\/product"}],"about":[{"href":"https:\/\/pistonaddict.com\/lt\/wp-json\/wp\/v2\/types\/product"}],"replies":[{"embeddable":true,"href":"https:\/\/pistonaddict.com\/lt\/wp-json\/wp\/v2\/comments?post=33351"}],"wp:featuredmedia":[{"embeddable":true,"href":"https:\/\/pistonaddict.com\/lt\/wp-json\/wp\/v2\/media\/32673"}],"wp:attachment":[{"href":"https:\/\/pistonaddict.com\/lt\/wp-json\/wp\/v2\/media?parent=33351"}],"wp:term":[{"taxonomy":"product_cat","embeddable":true,"href":"https:\/\/pistonaddict.com\/lt\/wp-json\/wp\/v2\/product_cat?post=33351"},{"taxonomy":"product_tag","embeddable":true,"href":"https:\/\/pistonaddict.com\/lt\/wp-json\/wp\/v2\/product_tag?post=33351"}],"curies":[{"name":"wp","href":"https:\/\/api.w.org\/{rel}","templated":true}]}}