{"id":32599,"date":"2023-04-18T18:05:14","date_gmt":"2023-04-18T16:05:14","guid":{"rendered":"https:\/\/pistonaddict.com\/product\/maserati-ghibli-ss-49-litro\/"},"modified":"2024-03-19T17:37:03","modified_gmt":"2024-03-19T16:37:03","slug":"maserati-ghibli-ss-49-litru","status":"publish","type":"product","link":"https:\/\/pistonaddict.com\/lt\/product\/maserati-ghibli-ss-49-litru\/","title":{"rendered":"Maserati Ghibli SS 4,9 litro"},"content":{"rendered":"<h2>I\u0161or\u0117<\/h2>\n<p>\u0160iame aukcione parduodamas automobilis yra m\u0117lynos spalvos, o jo priekyje \u012frengti patraukl\u016bs i\u0161\u0161okantys priekiniai \u017eibintai. Ta\u010diau \u0161is &#8220;Sypder&#8221; toks patrauklus ir traukiantis ak\u012f yra jo eleganti\u0161kas siluetas. \u0160io dviej\u0173 dur\u0173 rodsterio, kur\u012f suk\u016br\u0117 vienas garsiausi\u0173 \u0161ios srities dizaineri\u0173 Giorgetto Giugiaro, nosis yra \u017eema, pana\u0161i \u012f ryklio, rat\u0173 arkos raumeningos, o galin\u0117 dalis &#8211; nuo\u017eulni. D\u0117l to jis puikiai tinka ramiai va\u017eiuoti bulvaru arba vaizdingais pakrant\u0117s keliais. O esant nepalankioms oro s\u0105lygoms pravers sulankstomas mink\u0161tas stogas, pasl\u0117ptas po spalvotu toniniu dang\u010diu. Automobilyje sumontuoti &#8220;Ruote Borrani&#8221; pagaminti 15 coli\u0173 vieliniai ratlankiai ir &#8220;Michelin Radial X&#8221; padangos. Kitos d\u0117mesio vertos detal\u0117s &#8211; chromuoti buferiai ir funkcin\u0117s ventiliacijos angos ant variklio dang\u010dio ir sparn\u0173.<\/p>\n<h2>Interjeras<\/h2>\n<p>\u0160io &#8220;Maserati&#8221; salone yra dvi patogios, ta\u010diau tvirtos s\u0117dyn\u0117s, aptrauktos mink\u0161ta \u0161viesiai ruda oda. Ta pa\u010dia akiai malonia med\u017eiaga apmu\u0161ta did\u017eioji interjero dalis, i\u0161skyrus prietais\u0173 skydelio vir\u0161\u0173, kuris aptrauktas juoda zom\u0161a. Sprend\u017eiant i\u0161 pardav\u0117jo pateikt\u0173 nuotrauk\u0173, interjeras yra nepriekai\u0161tingos b\u016bkl\u0117s. \u012elip\u0119s \u012f vid\u0173 vairuotojas valdys gra\u017e\u0173 medin\u012f vair\u0105 su trimis ner\u016bdijan\u010diojo plieno stipinais viduryje. U\u017e jo yra prietais\u0173 skydelis su raudonais 5555 apsisukim\u0173 per minut\u0119 skaitikliais ir grei\u010dio matuokliu, kurio galutinis rodiklis yra 300 km\/h. Be j\u0173, \u0161is &#8220;Ghibli&#8221; turi penkis centrin\u0117je dalyje sumontuotus matuoklius, rodan\u010dius tokius svarbius parametrus kaip alyvos sl\u0117gis, temperat\u016bra ir degal\u0173 lygis. \u0160iuo metu kilometra\u017eo skaitiklis rodo ma\u017edaug 13 000 km.<\/p>\n<h2>Mechanika<\/h2>\n<p>Parduodamas automobilis yra SS modelis, t. y. jame sumontuotas didesnis ir galingesnis 4,9 l V8 variklis. Keturi\u0173 &#8220;Weber&#8221; karbiuratori\u0173 su dviem durel\u0117mis maitinamas variklis i\u0161vysto 335 AG ir \u0161iek tiek daugiau nei 480 Nm sukimo moment\u0105, kuris \u012f galinius ratus perduodamas per penki\u0173 laipsni\u0173 mechanin\u0119 pavar\u0173 d\u0117\u017e\u0119. To pakanka, kad \u0161is &#8220;Ghibli SS&#8221; rodsteris pasiekt\u0173 maksimal\u0173 280 MPH greit\u012f ir tapt\u0173 grei\u010diausiu to meto &#8220;Maserati&#8221; automobiliu. Be mechanikos, automobilis turi vamzdin\u0119 plienin\u0119 va\u017eiuokl\u0119, kuri u\u017etikrina lengvum\u0105 ir konstrukcijos standum\u0105.<\/p>\n<h2>Transporto priemon\u0117s istorija<\/h2>\n<p>Min\u0117t\u0105 &#8220;Spyder&#8221; pertvarkym\u0105 atliko specializuotos dirbtuv\u0117s Mondenoje, tod\u0117l garantuojama darbo kokyb\u0117. Tai populiari modifikacija tarp &#8220;Ghibli&#8221; savinink\u0173, nes &#8220;Maserati&#8221; pagamino ma\u017eiau nei 50 gamyklini\u0173 &#8220;Spyders&#8221;. Be to, automobil\u012f nuodugniai restauravo &#8220;Furlonger Cars&#8221;, Ashforde \u012fsik\u016brusi autoritetinga restaurator\u0117, i\u0161mananti itali\u0161kus superautomobilius.<\/p>\n<p>Pasak savininko, visi technin\u0117s prie\u017ei\u016bros darbai buvo atliekami reguliariai, o paskutin\u0117 technin\u0117 prie\u017ei\u016bra atlikta 2021 m. bir\u017eel\u012f. \u0160iuo metu n\u0117ra joki\u0173 \u017einom\u0173 gedim\u0173 ar problem\u0173, susijusi\u0173 su kuriuo nors i\u0161 jo komponent\u0173. Be to, n\u0117ra joki\u0173 pastebim\u0173 \u012fbr\u0117\u017eim\u0173, \u012flenkim\u0173 ar kit\u0173 k\u0117bulo tr\u016bkum\u0173.<\/p>\n","protected":false},"excerpt":{"rendered":"<p>\u0160\u012f 1971 m. &#8220;Maserati Ghibli SS&#8221; atvir\u0105 roadster\u012f, kuris nuva\u017eiavo vos kiek daugiau nei 13 000 km, savininkas parduoda priva\u010diai. J\u012f suka V8 variklis, sujungtas su penki\u0173 laipsni\u0173 mechanine pavar\u0173 d\u0117\u017ee. Nors vizualiai \u0161is automobilis identi\u0161kas kultiniam &#8220;Spyder&#8221; modeliui, jis buvo prad\u0117tas gaminti kaip kup\u0117, o tik v\u0117liau pertvarkytas \u012f dabartin\u0119 form\u0105. Be to, kad \u0161is automobilis yra beveik nepriekai\u0161tingos b\u016bkl\u0117s, jis taip pat yra visi\u0161kai pri\u017ei\u016br\u0117tas ir, kaip teigia savininkas, nebuvo patek\u0119s \u012f jokius eismo \u012fvykius ir \u0161iuo metu yra Jungtin\u0117je Karalyst\u0117je.<\/p>\n","protected":false},"featured_media":32155,"comment_status":"open","ping_status":"closed","template":"","meta":{"inline_featured_image":false},"product_cat":[703],"product_tag":[1228,1062,1056,1005],"acf":[],"yoast_head":"<!-- This site is optimized with the Yoast SEO plugin v22.5 - https:\/\/yoast.com\/wordpress\/plugins\/seo\/ -->\n<title>Maserati Ghibli SS 4,9 litro aukcionas - Piston Addict<\/title>\n<meta name=\"description\" content=\"Per\u017ei\u016br\u0117kite \u0161\u012f PistonAddict.com aukcione parduodam\u0105 Maserati Ghibli SS 4,9 litro, turint\u012f mechanin\u0119 pavar\u0173 d\u0117\u017e\u0119 ir nuva\u017eiavus\u012f tik 13 220 km.\" \/>\n<meta name=\"robots\" content=\"index, follow, max-snippet:-1, max-image-preview:large, max-video-preview:-1\" \/>\n<link rel=\"canonical\" href=\"https:\/\/pistonaddict.com\/lt\/product\/maserati-ghibli-ss-49-litru\/\" \/>\n<meta property=\"og:locale\" content=\"lt_LT\" \/>\n<meta property=\"og:type\" content=\"article\" \/>\n<meta property=\"og:title\" content=\"Maserati Ghibli SS 4,9 litro aukcionas - Piston Addict\" \/>\n<meta property=\"og:description\" content=\"Per\u017ei\u016br\u0117kite \u0161\u012f PistonAddict.com aukcione parduodam\u0105 Maserati Ghibli SS 4,9 litro, turint\u012f mechanin\u0119 pavar\u0173 d\u0117\u017e\u0119 ir nuva\u017eiavus\u012f tik 13 220 km.\" \/>\n<meta property=\"og:url\" content=\"https:\/\/pistonaddict.com\/lt\/product\/maserati-ghibli-ss-49-litru\/\" \/>\n<meta property=\"og:site_name\" content=\"Piston Addict\" \/>\n<meta property=\"article:modified_time\" content=\"2024-03-19T16:37:03+00:00\" \/>\n<meta property=\"og:image\" content=\"https:\/\/pistonaddict.com\/wp-content\/uploads\/2023\/04\/Maserati13-scaled.jpg\" \/>\n\t<meta property=\"og:image:width\" content=\"2560\" \/>\n\t<meta property=\"og:image:height\" content=\"1609\" \/>\n\t<meta property=\"og:image:type\" content=\"image\/jpeg\" \/>\n<meta name=\"twitter:card\" content=\"summary_large_image\" \/>\n<meta name=\"twitter:label1\" content=\"Est. reading time\" \/>\n\t<meta name=\"twitter:data1\" content=\"2 minut\u0117s\" \/>\n<script type=\"application\/ld+json\" class=\"yoast-schema-graph\">{\"@context\":\"https:\/\/schema.org\",\"@graph\":[{\"@type\":\"WebPage\",\"@id\":\"https:\/\/pistonaddict.com\/lt\/product\/maserati-ghibli-ss-49-litru\/\",\"url\":\"https:\/\/pistonaddict.com\/lt\/product\/maserati-ghibli-ss-49-litru\/\",\"name\":\"Maserati Ghibli SS 4,9 litro aukcionas - Piston Addict\",\"isPartOf\":{\"@id\":\"https:\/\/pistonaddict.com\/lt\/#website\"},\"primaryImageOfPage\":{\"@id\":\"https:\/\/pistonaddict.com\/lt\/product\/maserati-ghibli-ss-49-litru\/#primaryimage\"},\"image\":{\"@id\":\"https:\/\/pistonaddict.com\/lt\/product\/maserati-ghibli-ss-49-litru\/#primaryimage\"},\"thumbnailUrl\":\"https:\/\/pistonaddict.com\/wp-content\/uploads\/2023\/04\/Maserati13-scaled.jpg\",\"datePublished\":\"2023-04-18T16:05:14+00:00\",\"dateModified\":\"2024-03-19T16:37:03+00:00\",\"description\":\"Per\u017ei\u016br\u0117kite \u0161\u012f PistonAddict.com aukcione parduodam\u0105 Maserati Ghibli SS 4,9 litro, turint\u012f mechanin\u0119 pavar\u0173 d\u0117\u017e\u0119 ir nuva\u017eiavus\u012f tik 13 220 km.\",\"breadcrumb\":{\"@id\":\"https:\/\/pistonaddict.com\/lt\/product\/maserati-ghibli-ss-49-litru\/#breadcrumb\"},\"inLanguage\":\"lt-LT\",\"potentialAction\":[{\"@type\":\"ReadAction\",\"target\":[\"https:\/\/pistonaddict.com\/lt\/product\/maserati-ghibli-ss-49-litru\/\"]}]},{\"@type\":\"ImageObject\",\"inLanguage\":\"lt-LT\",\"@id\":\"https:\/\/pistonaddict.com\/lt\/product\/maserati-ghibli-ss-49-litru\/#primaryimage\",\"url\":\"https:\/\/pistonaddict.com\/wp-content\/uploads\/2023\/04\/Maserati13-scaled.jpg\",\"contentUrl\":\"https:\/\/pistonaddict.com\/wp-content\/uploads\/2023\/04\/Maserati13-scaled.jpg\",\"width\":2560,\"height\":1609},{\"@type\":\"BreadcrumbList\",\"@id\":\"https:\/\/pistonaddict.com\/lt\/product\/maserati-ghibli-ss-49-litru\/#breadcrumb\",\"itemListElement\":[{\"@type\":\"ListItem\",\"position\":1,\"name\":\"Pagrindinis puslapis\",\"item\":\"https:\/\/pistonaddict.com\/lt\/pradzia\/\"},{\"@type\":\"ListItem\",\"position\":2,\"name\":\"Auctions\",\"item\":\"https:\/\/pistonaddict.com\/auctions-listing\/\"},{\"@type\":\"ListItem\",\"position\":3,\"name\":\"Maserati Ghibli SS 4,9 litro\"}]},{\"@type\":\"WebSite\",\"@id\":\"https:\/\/pistonaddict.com\/lt\/#website\",\"url\":\"https:\/\/pistonaddict.com\/lt\/\",\"name\":\"Piston Addict\",\"description\":\"Only interesting vehicles\",\"publisher\":{\"@id\":\"https:\/\/pistonaddict.com\/lt\/#organization\"},\"potentialAction\":[{\"@type\":\"SearchAction\",\"target\":{\"@type\":\"EntryPoint\",\"urlTemplate\":\"https:\/\/pistonaddict.com\/lt\/?s={search_term_string}\"},\"query-input\":\"required name=search_term_string\"}],\"inLanguage\":\"lt-LT\"},{\"@type\":\"Organization\",\"@id\":\"https:\/\/pistonaddict.com\/lt\/#organization\",\"name\":\"Piston Addict\",\"url\":\"https:\/\/pistonaddict.com\/lt\/\",\"logo\":{\"@type\":\"ImageObject\",\"inLanguage\":\"lt-LT\",\"@id\":\"https:\/\/pistonaddict.com\/lt\/#\/schema\/logo\/image\/\",\"url\":\"https:\/\/pistonaddict.com\/wp-content\/uploads\/2022\/07\/logo-6.png\",\"contentUrl\":\"https:\/\/pistonaddict.com\/wp-content\/uploads\/2022\/07\/logo-6.png\",\"width\":970,\"height\":200,\"caption\":\"Piston Addict\"},\"image\":{\"@id\":\"https:\/\/pistonaddict.com\/lt\/#\/schema\/logo\/image\/\"}}]}<\/script>\n<!-- \/ Yoast SEO plugin. -->","yoast_head_json":{"title":"Maserati Ghibli SS 4,9 litro aukcionas - Piston Addict","description":"Per\u017ei\u016br\u0117kite \u0161\u012f PistonAddict.com aukcione parduodam\u0105 Maserati Ghibli SS 4,9 litro, turint\u012f mechanin\u0119 pavar\u0173 d\u0117\u017e\u0119 ir nuva\u017eiavus\u012f tik 13 220 km.","robots":{"index":"index","follow":"follow","max-snippet":"max-snippet:-1","max-image-preview":"max-image-preview:large","max-video-preview":"max-video-preview:-1"},"canonical":"https:\/\/pistonaddict.com\/lt\/product\/maserati-ghibli-ss-49-litru\/","og_locale":"lt_LT","og_type":"article","og_title":"Maserati Ghibli SS 4,9 litro aukcionas - Piston Addict","og_description":"Per\u017ei\u016br\u0117kite \u0161\u012f PistonAddict.com aukcione parduodam\u0105 Maserati Ghibli SS 4,9 litro, turint\u012f mechanin\u0119 pavar\u0173 d\u0117\u017e\u0119 ir nuva\u017eiavus\u012f tik 13 220 km.","og_url":"https:\/\/pistonaddict.com\/lt\/product\/maserati-ghibli-ss-49-litru\/","og_site_name":"Piston Addict","article_modified_time":"2024-03-19T16:37:03+00:00","og_image":[{"width":2560,"height":1609,"url":"https:\/\/pistonaddict.com\/wp-content\/uploads\/2023\/04\/Maserati13-scaled.jpg","type":"image\/jpeg"}],"twitter_card":"summary_large_image","twitter_misc":{"Est. reading time":"2 minut\u0117s"},"schema":{"@context":"https:\/\/schema.org","@graph":[{"@type":"WebPage","@id":"https:\/\/pistonaddict.com\/lt\/product\/maserati-ghibli-ss-49-litru\/","url":"https:\/\/pistonaddict.com\/lt\/product\/maserati-ghibli-ss-49-litru\/","name":"Maserati Ghibli SS 4,9 litro aukcionas - Piston Addict","isPartOf":{"@id":"https:\/\/pistonaddict.com\/lt\/#website"},"primaryImageOfPage":{"@id":"https:\/\/pistonaddict.com\/lt\/product\/maserati-ghibli-ss-49-litru\/#primaryimage"},"image":{"@id":"https:\/\/pistonaddict.com\/lt\/product\/maserati-ghibli-ss-49-litru\/#primaryimage"},"thumbnailUrl":"https:\/\/pistonaddict.com\/wp-content\/uploads\/2023\/04\/Maserati13-scaled.jpg","datePublished":"2023-04-18T16:05:14+00:00","dateModified":"2024-03-19T16:37:03+00:00","description":"Per\u017ei\u016br\u0117kite \u0161\u012f PistonAddict.com aukcione parduodam\u0105 Maserati Ghibli SS 4,9 litro, turint\u012f mechanin\u0119 pavar\u0173 d\u0117\u017e\u0119 ir nuva\u017eiavus\u012f tik 13 220 km.","breadcrumb":{"@id":"https:\/\/pistonaddict.com\/lt\/product\/maserati-ghibli-ss-49-litru\/#breadcrumb"},"inLanguage":"lt-LT","potentialAction":[{"@type":"ReadAction","target":["https:\/\/pistonaddict.com\/lt\/product\/maserati-ghibli-ss-49-litru\/"]}]},{"@type":"ImageObject","inLanguage":"lt-LT","@id":"https:\/\/pistonaddict.com\/lt\/product\/maserati-ghibli-ss-49-litru\/#primaryimage","url":"https:\/\/pistonaddict.com\/wp-content\/uploads\/2023\/04\/Maserati13-scaled.jpg","contentUrl":"https:\/\/pistonaddict.com\/wp-content\/uploads\/2023\/04\/Maserati13-scaled.jpg","width":2560,"height":1609},{"@type":"BreadcrumbList","@id":"https:\/\/pistonaddict.com\/lt\/product\/maserati-ghibli-ss-49-litru\/#breadcrumb","itemListElement":[{"@type":"ListItem","position":1,"name":"Pagrindinis puslapis","item":"https:\/\/pistonaddict.com\/lt\/pradzia\/"},{"@type":"ListItem","position":2,"name":"Auctions","item":"https:\/\/pistonaddict.com\/auctions-listing\/"},{"@type":"ListItem","position":3,"name":"Maserati Ghibli SS 4,9 litro"}]},{"@type":"WebSite","@id":"https:\/\/pistonaddict.com\/lt\/#website","url":"https:\/\/pistonaddict.com\/lt\/","name":"Piston Addict","description":"Only interesting vehicles","publisher":{"@id":"https:\/\/pistonaddict.com\/lt\/#organization"},"potentialAction":[{"@type":"SearchAction","target":{"@type":"EntryPoint","urlTemplate":"https:\/\/pistonaddict.com\/lt\/?s={search_term_string}"},"query-input":"required name=search_term_string"}],"inLanguage":"lt-LT"},{"@type":"Organization","@id":"https:\/\/pistonaddict.com\/lt\/#organization","name":"Piston Addict","url":"https:\/\/pistonaddict.com\/lt\/","logo":{"@type":"ImageObject","inLanguage":"lt-LT","@id":"https:\/\/pistonaddict.com\/lt\/#\/schema\/logo\/image\/","url":"https:\/\/pistonaddict.com\/wp-content\/uploads\/2022\/07\/logo-6.png","contentUrl":"https:\/\/pistonaddict.com\/wp-content\/uploads\/2022\/07\/logo-6.png","width":970,"height":200,"caption":"Piston Addict"},"image":{"@id":"https:\/\/pistonaddict.com\/lt\/#\/schema\/logo\/image\/"}}]}},"_links":{"self":[{"href":"https:\/\/pistonaddict.com\/lt\/wp-json\/wp\/v2\/product\/32599"}],"collection":[{"href":"https:\/\/pistonaddict.com\/lt\/wp-json\/wp\/v2\/product"}],"about":[{"href":"https:\/\/pistonaddict.com\/lt\/wp-json\/wp\/v2\/types\/product"}],"replies":[{"embeddable":true,"href":"https:\/\/pistonaddict.com\/lt\/wp-json\/wp\/v2\/comments?post=32599"}],"wp:featuredmedia":[{"embeddable":true,"href":"https:\/\/pistonaddict.com\/lt\/wp-json\/wp\/v2\/media\/32155"}],"wp:attachment":[{"href":"https:\/\/pistonaddict.com\/lt\/wp-json\/wp\/v2\/media?parent=32599"}],"wp:term":[{"taxonomy":"product_cat","embeddable":true,"href":"https:\/\/pistonaddict.com\/lt\/wp-json\/wp\/v2\/product_cat?post=32599"},{"taxonomy":"product_tag","embeddable":true,"href":"https:\/\/pistonaddict.com\/lt\/wp-json\/wp\/v2\/product_tag?post=32599"}],"curies":[{"name":"wp","href":"https:\/\/api.w.org\/{rel}","templated":true}]}}