{"id":29701,"date":"2023-03-02T21:25:19","date_gmt":"2023-03-02T20:25:19","guid":{"rendered":"https:\/\/pistonaddict.com\/product\/1985-m-porsche-911-carrera-3-2-parduodamas\/"},"modified":"2024-03-22T16:10:19","modified_gmt":"2024-03-22T15:10:19","slug":"1985-porsche-911-carrera-3-2-for-sale","status":"publish","type":"product","link":"https:\/\/pistonaddict.com\/lt\/product\/1985-porsche-911-carrera-3-2-for-sale\/","title":{"rendered":"1985 m. &#8220;Porsche 911 Carrera 3.2&#8221; parduodamas aukcione"},"content":{"rendered":"<p><strong>Automobilio istorija<\/strong><\/p>\n<p>Pardav\u0117jas \u0161\u012f gra\u017e\u0173 80-\u0173j\u0173 vidurio magijos pavyzd\u012f \u012fsigijo 1997 m. Liuksemburge ir importavo \u012f \u0160veicarij\u0105. \u0160ioje &#8220;Carreroje&#8221; \u012frengtas standartinis 3,2 l darbinio t\u016brio plok\u0161\u010dias \u0161e\u0161i\u0173 cilindr\u0173 variklis, kuris per 5 pavar\u0173 mechanin\u0119 pavar\u0173 d\u0117\u017e\u0119 \u012f galinius ratus i\u0161vysto 231 AG. Variklis yra su degal\u0173 \u012fpur\u0161kimo sistema ir gali \u0161\u012f legendin\u012f sportin\u012f automobil\u012f i\u0161judinti iki 100 km\/val. per 5,9 sekund\u0117s ir pasiekti maksimal\u0173, vis dar neblog\u0105 245 km\/val. greit\u012f (150 myli\u0173 per valand\u0105). N\u0117ra joki\u0173 \u012fra\u0161\u0173 apie variklio modifikacijas, ta\u010diau automobilis buvo reguliariai pri\u017ei\u016brimas, o paskutin\u0117 dokumentais patvirtinta technin\u0117 prie\u017ei\u016bra atlikta 2022 m. kovo pabaigoje. Iki \u0161iol \u0161is juodas &#8220;Porsche&#8221; nuva\u017eiavo 168 000 km.<\/p>\n<p><strong>B\u016bkl\u0117<\/strong><\/p>\n<p>Transporto priemonei buvo atliktas profesionalus k\u0117bulo perda\u017eymas ir variklio atnaujinimas, naudojant originalias dalis ir komponentus. Jis pra\u0117jo \u0160veicarijos technin\u0119 ap\u017ei\u016br\u0105, o jo keliai \u012fteisinti ir \u012fregistruoti. Potencial\u016bs pirk\u0117jai nori \u017einoti, kad alyvos analiz\u0117 buvo atlikta ir jos rezultatai yra tinkami. Vaizdo \u012fra\u0161uose matyti, kad alyvos sl\u0117gis ir visi matuokliai veikia tinkamai. Alyvos nuot\u0117kio va\u017eiuokl\u0117je n\u0117ra, variklio skyrius tvarkingas, yra visi original\u016bs antspaudai ir \u017eym\u0117jimai.<\/p>\n<p><strong>Interjeras<\/strong><\/p>\n<p>\u0160io 1985 m. &#8220;Porsche 911 Carrera 3.2&#8221; interjeras yra originalus, s\u0117dyn\u0117s ir dur\u0173 apmu\u0161alai aptraukti oda. Palyginti su pana\u0161iais automobiliais, \u0161is trigubai juodas pavyzdys (k\u0117bulas, salonas ir kilim\u0117liai &#8211; visi juodi) turi kelet\u0105 pageidaujam\u0173 galimybi\u0173, kuri\u0173 kolekcininkai ie\u0161ko. Pirmoji i\u0161 j\u0173 &#8211; odin\u0117s s\u0117dyn\u0117s su elektrin\u0117mis galimyb\u0117mis. Antra, \u0161iame pavyzdyje \u012frengtas oro kondicionierius, kuris yra sveikintinas priedas, ypa\u010d kar\u0161tomis vasaros dienomis. Tre\u010dia, \u0161i 1985 m. &#8220;Carrera&#8221; taip pat turi stoglang\u012f, elektrinius veidrod\u0117lius ir priekini\u0173 \u017eibint\u0173 ploviklius &#8211; visa tai prisideda prie geresni\u0173 poj\u016b\u010di\u0173. Galinis stiklas yra \u0161ildomas, o m\u0117gstamoms 80-\u0173j\u0173 met\u0173 melodijoms groti \u012frengta papildoma stereogarsiakalbi\u0173 aparat\u016bra. Ta\u010diau pavar\u0173 perjungimo ranken\u0117l\u0117 n\u0117ra originalus elementas.<\/p>\n<p><strong>I\u0161or\u0117 ir ratai<\/strong><\/p>\n<p>Visos i\u0161or\u0117s apdailos detal\u0117s, lipdiniai ir plastikiniai komponentai atrodo puikios b\u016bkl\u0117s, o aplink stoglangio ang\u0105 n\u0117ra matom\u0173 r\u016bd\u017ei\u0173 &#8211; tai da\u017ena \u0161i\u0173 automobili\u0173 problema. Tai rei\u0161kia, kad transporto priemon\u0117 yra gerai pri\u017ei\u016brima ir naudojama tik retkar\u010diais. \u012edomu tai, kad savininkas nusprend\u0117 patobulinti \u0161io 1985 m. &#8220;Porsche 911 Carrera&#8221; riedmenis. Vietoj gamyklini\u0173 15 coli\u0173 ratlanki\u0173 \u0161iame automobilyje sumontuoti original\u016bs 16 coli\u0173 &#8220;Fuchs&#8221; ratlankiai su &#8220;Pirelli P Zero&#8221; padangomis. \u017dinoma, galin\u0117s yra platesn\u0117s nei priekin\u0117s. Tai \u012fprasta modifikacija, kuri padeda pagerinti i\u0161vaizd\u0105 ir vairavimo dinamik\u0105. Padangos buvo sumontuotos 2021 m. viduryje. Automobilyje yra originalus \u012franki\u0173 rinkinys ir atsarginis ratas, rodantis kolekcininkams palank\u0173 originalumo lyg\u012f.<\/p>\n<p><strong>Dokumentacija<\/strong><\/p>\n<p>Tai priva\u010diai priklausanti transporto priemon\u0117 su atitinkamais dokumentais, esanti \u017denevoje, \u0160veicarijoje. &#8220;CarVertical&#8221; ataskaita yra \u0161vari; n\u0117ra joki\u0173 \u012frodym\u0173 apie avarijas, remont\u0105 ar nuosavyb\u0117s teises, teisines problemas. \u012era\u0161ai apie reguliari\u0105 technin\u0119 prie\u017ei\u016br\u0105 yra nuo 2015 m.<\/p>\n","protected":false},"excerpt":{"rendered":"<p>\u0160is 1985 m. &#8220;Carrera 3.2&#8221;, apdailintas eleganti\u0161ku juodu &#8220;Porsche&#8221; atspalviu ir su atitinkamu interjeru, yra puikus vairuotojo kokyb\u0119 atitinkantis klasikinis 911 pavyzdys, paruo\u0161tas m\u0117gautis naujam savininkui. \u0160i &#8220;Carrera&#8221; &#8211; tai gerai pri\u017ei\u016brimas ir patikimas klasikinis automobilis, pasi\u017eymintis nepa\u017eym\u0117ta i\u0161ore, keliomis pageidaujamomis parinktimis ir gerai \u012frengtu interjeru, tod\u0117l jis yra gerai pri\u017ei\u016br\u0117tas ir patikimas, pasi\u017eymintis geromis eksploatacin\u0117mis savyb\u0117mis, ir yra pasiruo\u0161\u0119s dr\u0105siai leistis \u012f vasaros kelion\u0119 po Europ\u0105.<\/p>\n","protected":false},"featured_media":29669,"comment_status":"open","ping_status":"closed","template":"","meta":{"inline_featured_image":false},"product_cat":[703],"product_tag":[1006,846,880,1005,845],"acf":[],"yoast_head":"<!-- This site is optimized with the Yoast SEO plugin v22.5 - https:\/\/yoast.com\/wordpress\/plugins\/seo\/ -->\n<title>1985 m. &quot;Porsche 911 Carrera 3.2&quot; parduodamas aukcione - Piston Addict<\/title>\n<meta name=\"description\" content=\"Per\u017ei\u016br\u0117kite \u0161\u012f nuostab\u0173 1985 m. Porsche 911 Carrera 3.2 aukcione parduodam\u0105 PistonAddict.com\" \/>\n<meta name=\"robots\" content=\"index, follow, max-snippet:-1, max-image-preview:large, max-video-preview:-1\" \/>\n<link rel=\"canonical\" href=\"https:\/\/pistonaddict.com\/lt\/product\/1985-porsche-911-carrera-3-2-for-sale\/\" \/>\n<meta property=\"og:locale\" content=\"lt_LT\" \/>\n<meta property=\"og:type\" content=\"article\" \/>\n<meta property=\"og:title\" content=\"1985 m. &quot;Porsche 911 Carrera 3.2&quot; parduodamas aukcione - Piston Addict\" \/>\n<meta property=\"og:description\" content=\"Per\u017ei\u016br\u0117kite \u0161\u012f nuostab\u0173 1985 m. Porsche 911 Carrera 3.2 aukcione parduodam\u0105 PistonAddict.com\" \/>\n<meta property=\"og:url\" content=\"https:\/\/pistonaddict.com\/lt\/product\/1985-porsche-911-carrera-3-2-for-sale\/\" \/>\n<meta property=\"og:site_name\" content=\"Piston Addict\" \/>\n<meta property=\"article:modified_time\" content=\"2024-03-22T15:10:19+00:00\" \/>\n<meta property=\"og:image\" content=\"https:\/\/pistonaddict.com\/wp-content\/uploads\/2023\/03\/IMG_2519-scaled.jpeg\" \/>\n\t<meta property=\"og:image:width\" content=\"2560\" \/>\n\t<meta property=\"og:image:height\" content=\"1920\" \/>\n\t<meta property=\"og:image:type\" content=\"image\/jpeg\" \/>\n<meta name=\"twitter:card\" content=\"summary_large_image\" \/>\n<meta name=\"twitter:label1\" content=\"Est. reading time\" \/>\n\t<meta name=\"twitter:data1\" content=\"2 minut\u0117s\" \/>\n<script type=\"application\/ld+json\" class=\"yoast-schema-graph\">{\"@context\":\"https:\/\/schema.org\",\"@graph\":[{\"@type\":\"WebPage\",\"@id\":\"https:\/\/pistonaddict.com\/lt\/product\/1985-porsche-911-carrera-3-2-for-sale\/\",\"url\":\"https:\/\/pistonaddict.com\/lt\/product\/1985-porsche-911-carrera-3-2-for-sale\/\",\"name\":\"1985 m. \\\"Porsche 911 Carrera 3.2\\\" parduodamas aukcione - Piston Addict\",\"isPartOf\":{\"@id\":\"https:\/\/pistonaddict.com\/lt\/#website\"},\"primaryImageOfPage\":{\"@id\":\"https:\/\/pistonaddict.com\/lt\/product\/1985-porsche-911-carrera-3-2-for-sale\/#primaryimage\"},\"image\":{\"@id\":\"https:\/\/pistonaddict.com\/lt\/product\/1985-porsche-911-carrera-3-2-for-sale\/#primaryimage\"},\"thumbnailUrl\":\"https:\/\/pistonaddict.com\/wp-content\/uploads\/2023\/03\/IMG_2519-scaled.jpeg\",\"datePublished\":\"2023-03-02T20:25:19+00:00\",\"dateModified\":\"2024-03-22T15:10:19+00:00\",\"description\":\"Per\u017ei\u016br\u0117kite \u0161\u012f nuostab\u0173 1985 m. Porsche 911 Carrera 3.2 aukcione parduodam\u0105 PistonAddict.com\",\"breadcrumb\":{\"@id\":\"https:\/\/pistonaddict.com\/lt\/product\/1985-porsche-911-carrera-3-2-for-sale\/#breadcrumb\"},\"inLanguage\":\"lt-LT\",\"potentialAction\":[{\"@type\":\"ReadAction\",\"target\":[\"https:\/\/pistonaddict.com\/lt\/product\/1985-porsche-911-carrera-3-2-for-sale\/\"]}]},{\"@type\":\"ImageObject\",\"inLanguage\":\"lt-LT\",\"@id\":\"https:\/\/pistonaddict.com\/lt\/product\/1985-porsche-911-carrera-3-2-for-sale\/#primaryimage\",\"url\":\"https:\/\/pistonaddict.com\/wp-content\/uploads\/2023\/03\/IMG_2519-scaled.jpeg\",\"contentUrl\":\"https:\/\/pistonaddict.com\/wp-content\/uploads\/2023\/03\/IMG_2519-scaled.jpeg\",\"width\":2560,\"height\":1920},{\"@type\":\"BreadcrumbList\",\"@id\":\"https:\/\/pistonaddict.com\/lt\/product\/1985-porsche-911-carrera-3-2-for-sale\/#breadcrumb\",\"itemListElement\":[{\"@type\":\"ListItem\",\"position\":1,\"name\":\"Pagrindinis puslapis\",\"item\":\"https:\/\/pistonaddict.com\/lt\/pradzia\/\"},{\"@type\":\"ListItem\",\"position\":2,\"name\":\"Auctions\",\"item\":\"https:\/\/pistonaddict.com\/auctions-listing\/\"},{\"@type\":\"ListItem\",\"position\":3,\"name\":\"1985 m. &#8220;Porsche 911 Carrera 3.2&#8221; parduodamas aukcione\"}]},{\"@type\":\"WebSite\",\"@id\":\"https:\/\/pistonaddict.com\/lt\/#website\",\"url\":\"https:\/\/pistonaddict.com\/lt\/\",\"name\":\"Piston Addict\",\"description\":\"Only interesting vehicles\",\"publisher\":{\"@id\":\"https:\/\/pistonaddict.com\/lt\/#organization\"},\"potentialAction\":[{\"@type\":\"SearchAction\",\"target\":{\"@type\":\"EntryPoint\",\"urlTemplate\":\"https:\/\/pistonaddict.com\/lt\/?s={search_term_string}\"},\"query-input\":\"required name=search_term_string\"}],\"inLanguage\":\"lt-LT\"},{\"@type\":\"Organization\",\"@id\":\"https:\/\/pistonaddict.com\/lt\/#organization\",\"name\":\"Piston Addict\",\"url\":\"https:\/\/pistonaddict.com\/lt\/\",\"logo\":{\"@type\":\"ImageObject\",\"inLanguage\":\"lt-LT\",\"@id\":\"https:\/\/pistonaddict.com\/lt\/#\/schema\/logo\/image\/\",\"url\":\"https:\/\/pistonaddict.com\/wp-content\/uploads\/2022\/07\/logo-6.png\",\"contentUrl\":\"https:\/\/pistonaddict.com\/wp-content\/uploads\/2022\/07\/logo-6.png\",\"width\":970,\"height\":200,\"caption\":\"Piston Addict\"},\"image\":{\"@id\":\"https:\/\/pistonaddict.com\/lt\/#\/schema\/logo\/image\/\"}}]}<\/script>\n<!-- \/ Yoast SEO plugin. -->","yoast_head_json":{"title":"1985 m. \"Porsche 911 Carrera 3.2\" parduodamas aukcione - Piston Addict","description":"Per\u017ei\u016br\u0117kite \u0161\u012f nuostab\u0173 1985 m. Porsche 911 Carrera 3.2 aukcione parduodam\u0105 PistonAddict.com","robots":{"index":"index","follow":"follow","max-snippet":"max-snippet:-1","max-image-preview":"max-image-preview:large","max-video-preview":"max-video-preview:-1"},"canonical":"https:\/\/pistonaddict.com\/lt\/product\/1985-porsche-911-carrera-3-2-for-sale\/","og_locale":"lt_LT","og_type":"article","og_title":"1985 m. \"Porsche 911 Carrera 3.2\" parduodamas aukcione - Piston Addict","og_description":"Per\u017ei\u016br\u0117kite \u0161\u012f nuostab\u0173 1985 m. Porsche 911 Carrera 3.2 aukcione parduodam\u0105 PistonAddict.com","og_url":"https:\/\/pistonaddict.com\/lt\/product\/1985-porsche-911-carrera-3-2-for-sale\/","og_site_name":"Piston Addict","article_modified_time":"2024-03-22T15:10:19+00:00","og_image":[{"width":2560,"height":1920,"url":"https:\/\/pistonaddict.com\/wp-content\/uploads\/2023\/03\/IMG_2519-scaled.jpeg","type":"image\/jpeg"}],"twitter_card":"summary_large_image","twitter_misc":{"Est. reading time":"2 minut\u0117s"},"schema":{"@context":"https:\/\/schema.org","@graph":[{"@type":"WebPage","@id":"https:\/\/pistonaddict.com\/lt\/product\/1985-porsche-911-carrera-3-2-for-sale\/","url":"https:\/\/pistonaddict.com\/lt\/product\/1985-porsche-911-carrera-3-2-for-sale\/","name":"1985 m. \"Porsche 911 Carrera 3.2\" parduodamas aukcione - Piston Addict","isPartOf":{"@id":"https:\/\/pistonaddict.com\/lt\/#website"},"primaryImageOfPage":{"@id":"https:\/\/pistonaddict.com\/lt\/product\/1985-porsche-911-carrera-3-2-for-sale\/#primaryimage"},"image":{"@id":"https:\/\/pistonaddict.com\/lt\/product\/1985-porsche-911-carrera-3-2-for-sale\/#primaryimage"},"thumbnailUrl":"https:\/\/pistonaddict.com\/wp-content\/uploads\/2023\/03\/IMG_2519-scaled.jpeg","datePublished":"2023-03-02T20:25:19+00:00","dateModified":"2024-03-22T15:10:19+00:00","description":"Per\u017ei\u016br\u0117kite \u0161\u012f nuostab\u0173 1985 m. Porsche 911 Carrera 3.2 aukcione parduodam\u0105 PistonAddict.com","breadcrumb":{"@id":"https:\/\/pistonaddict.com\/lt\/product\/1985-porsche-911-carrera-3-2-for-sale\/#breadcrumb"},"inLanguage":"lt-LT","potentialAction":[{"@type":"ReadAction","target":["https:\/\/pistonaddict.com\/lt\/product\/1985-porsche-911-carrera-3-2-for-sale\/"]}]},{"@type":"ImageObject","inLanguage":"lt-LT","@id":"https:\/\/pistonaddict.com\/lt\/product\/1985-porsche-911-carrera-3-2-for-sale\/#primaryimage","url":"https:\/\/pistonaddict.com\/wp-content\/uploads\/2023\/03\/IMG_2519-scaled.jpeg","contentUrl":"https:\/\/pistonaddict.com\/wp-content\/uploads\/2023\/03\/IMG_2519-scaled.jpeg","width":2560,"height":1920},{"@type":"BreadcrumbList","@id":"https:\/\/pistonaddict.com\/lt\/product\/1985-porsche-911-carrera-3-2-for-sale\/#breadcrumb","itemListElement":[{"@type":"ListItem","position":1,"name":"Pagrindinis puslapis","item":"https:\/\/pistonaddict.com\/lt\/pradzia\/"},{"@type":"ListItem","position":2,"name":"Auctions","item":"https:\/\/pistonaddict.com\/auctions-listing\/"},{"@type":"ListItem","position":3,"name":"1985 m. &#8220;Porsche 911 Carrera 3.2&#8221; parduodamas aukcione"}]},{"@type":"WebSite","@id":"https:\/\/pistonaddict.com\/lt\/#website","url":"https:\/\/pistonaddict.com\/lt\/","name":"Piston Addict","description":"Only interesting vehicles","publisher":{"@id":"https:\/\/pistonaddict.com\/lt\/#organization"},"potentialAction":[{"@type":"SearchAction","target":{"@type":"EntryPoint","urlTemplate":"https:\/\/pistonaddict.com\/lt\/?s={search_term_string}"},"query-input":"required name=search_term_string"}],"inLanguage":"lt-LT"},{"@type":"Organization","@id":"https:\/\/pistonaddict.com\/lt\/#organization","name":"Piston Addict","url":"https:\/\/pistonaddict.com\/lt\/","logo":{"@type":"ImageObject","inLanguage":"lt-LT","@id":"https:\/\/pistonaddict.com\/lt\/#\/schema\/logo\/image\/","url":"https:\/\/pistonaddict.com\/wp-content\/uploads\/2022\/07\/logo-6.png","contentUrl":"https:\/\/pistonaddict.com\/wp-content\/uploads\/2022\/07\/logo-6.png","width":970,"height":200,"caption":"Piston Addict"},"image":{"@id":"https:\/\/pistonaddict.com\/lt\/#\/schema\/logo\/image\/"}}]}},"_links":{"self":[{"href":"https:\/\/pistonaddict.com\/lt\/wp-json\/wp\/v2\/product\/29701"}],"collection":[{"href":"https:\/\/pistonaddict.com\/lt\/wp-json\/wp\/v2\/product"}],"about":[{"href":"https:\/\/pistonaddict.com\/lt\/wp-json\/wp\/v2\/types\/product"}],"replies":[{"embeddable":true,"href":"https:\/\/pistonaddict.com\/lt\/wp-json\/wp\/v2\/comments?post=29701"}],"wp:featuredmedia":[{"embeddable":true,"href":"https:\/\/pistonaddict.com\/lt\/wp-json\/wp\/v2\/media\/29669"}],"wp:attachment":[{"href":"https:\/\/pistonaddict.com\/lt\/wp-json\/wp\/v2\/media?parent=29701"}],"wp:term":[{"taxonomy":"product_cat","embeddable":true,"href":"https:\/\/pistonaddict.com\/lt\/wp-json\/wp\/v2\/product_cat?post=29701"},{"taxonomy":"product_tag","embeddable":true,"href":"https:\/\/pistonaddict.com\/lt\/wp-json\/wp\/v2\/product_tag?post=29701"}],"curies":[{"name":"wp","href":"https:\/\/api.w.org\/{rel}","templated":true}]}}