{"id":28015,"date":"2023-03-02T16:24:00","date_gmt":"2023-03-02T15:24:00","guid":{"rendered":"https:\/\/pistonaddict.com\/product\/2008-m-porsche-911-gt2\/"},"modified":"2024-03-22T16:09:19","modified_gmt":"2024-03-22T15:09:19","slug":"2008-porsche-911-gt2","status":"publish","type":"product","link":"https:\/\/pistonaddict.com\/lt\/product\/2008-porsche-911-gt2\/","title":{"rendered":"2008 m. &#8220;Porsche 911 GT2&#8221; parduodamas aukcione"},"content":{"rendered":"<h2>I\u0161or\u0117<\/h2>\n<p>Turimas automobilis nuda\u017eytas juodai ir turi Bi-Xenon priekinius \u017eibintus. Ta\u010diau labiausiai \u012f akis krinta agresyvi \u0161io &#8220;Porsche&#8221; i\u0161vaizda. Palyginti su standartiniu 911, \u0161iame GT2 i\u0161pl\u0117sti k\u0117bulo skydai ir buferiai, o papildomos ventiliacijos angos pagerina au\u0161inim\u0105. Blizgantys titano i\u0161metimo sistemos antgaliai &#8211; dar viena svarbi detal\u0117, skirianti j\u012f nuo kit\u0173 modeli\u0173. Galiausiai, didelis juodas spoileris gale suteikia agresyvesn\u0119 i\u0161vaizd\u0105 ir pagerina aerodinamik\u0105. Automobilis montuojamas ant gamyklini\u0173 19 coli\u0173 ratlanki\u0173 su &#8220;Michelin Pilot Sport Cup2&#8221; padangomis. \u0160ios padangos buvo sumontuotos ant transporto priemon\u0117s 2022 m. liepos m\u0117n. ir yra idealiai pritaikytos naudoti.<\/p>\n<h2>Interjeras<\/h2>\n<p>Viduje yra dvi rankiniu b\u016bdu reguliuojamos lengvos kibirin\u0117s s\u0117dyn\u0117s, aptrauktos nedegiu audiniu ir sujungtos raudonais lenktyniniais dir\u017eais. Savininkas juos apib\u016bdina <em>kaip naujus<\/em>, o nuotraukos pasakoja t\u0105 pa\u010di\u0105 istorij\u0105. Galin\u0117je dalyje \u012fmontuotas gamykloje sumontuotas apsauginis statramstis, kuris sutvirtina va\u017eiuokl\u0119 ir padidina saugum\u0105. Likusi automobilio salono dalis aptraukta juodu audiniu. S\u0117d\u0117damas vairuotojas s\u0117d\u0117s u\u017e keturi\u0173 stipin\u0173 vairo, aptraukto &#8220;Alcantara&#8221; oda. Kaip ir daugumoje &#8220;Porsche&#8221; modeli\u0173, prietais\u0173 skydelyje dominuoja apsuk\u0173 skaitiklis, kurio raudona riba yra 7 000 aps\/min. Be to, jame yra spidometras, kurio greitis siekia iki 350 km\/val., ir keli gyvybi\u0161kai svarbius va\u017eiavimo parametrus rodantys matuokliai. Tai, be kita ko, apima variklio temperat\u016br\u0105, alyvos sl\u0117g\u012f ir degal\u0173 lyg\u012f. Dabartinis kilometra\u017eo skaitiklio rodmuo yra ma\u017edaug 12 000 kilometr\u0173. Galiausiai, prietais\u0173 skydelio centre \u012frengtas chronometras, kuris praver\u010dia, kai reikia \u012fveikti tam tikrus ratus.<\/p>\n<h2>Mechanika<\/h2>\n<p>Po oda esanti mechanika &#8211; tai vieta, kur visi\u0161kai atsiskleid\u017eia GT2 charakteris. Pirmiausia, jis turi 3,6 l darbinio t\u016brio \u0161e\u0161i\u0173 cilindr\u0173 varikl\u012f, kuris naudojamas daugumoje 997 modeli\u0173. Ta\u010diau GT2 variklyje \u012frengta pora kintamos geometrijos turbokompresori\u0173 ir tiesioginis degal\u0173 \u012fpur\u0161kimas. \u0160ie patobulinimai pad\u0117jo padidinti jo gali\u0105 iki 530 arklio gali\u0173. \u0160i energija galiniams ratams perduodama per tradicin\u0119 6 laipsni\u0173 pavar\u0173 d\u0117\u017e\u0119. &#8220;Porsche&#8221; nusprend\u0117 sutaupyti svorio, tod\u0117l nemontavo vis\u0173 varan\u010di\u0173j\u0173 rat\u0173 sistemos ir sud\u0117tingos PDK dviej\u0173 sankab\u0173 transmisijos. Galiausiai, gamykloje sumontuoti keraminiai stabd\u017eiai u\u017etikrina, kad GT2 sustos taip pat \u012fsp\u016bdingai, kaip ir va\u017eiuoja.<\/p>\n<h2>Paslaug\u0173 istorija<\/h2>\n<p>Savininkas teigia, kad automobilis buvo reguliariai pri\u017ei\u016brimas pagal gamintojo grafik\u0105, o paskutin\u0117 technin\u0117 prie\u017ei\u016bra atlikta 2022 m. liepos m\u0117n. \u0160iuo metu prietais\u0173 skydelyje n\u0117ra joki\u0173 \u017einom\u0173 gedim\u0173 ar \u012fsp\u0117jam\u0173j\u0173 lempu\u010di\u0173. Be to, n\u0117ra joki\u0173 pastebim\u0173 \u012fbr\u0117\u017eim\u0173, \u012flenkim\u0173 ar kit\u0173 k\u0117bulo tr\u016bkum\u0173. Galiausiai, \u0161i transporto priemon\u0117 yra visi\u0161kai komplektuojama, joje nebuvo atlikta joki\u0173 modifikacij\u0173. Atsi\u017evelgiant \u012f visa tai, galima teigti, kad \u0161is 911 GT2 yra <em>puikios b\u016bkl\u0117s<\/em>, kaip j\u012f apib\u016bdino savininkas.<\/p>\n","protected":false},"excerpt":{"rendered":"<p>\u0160\u012f 2008 m. &#8220;Porsche 911 GT2&#8221;, nuva\u017eiavus\u012f vos 12 000 km, priva\u010diai parduoda savininkas, kuris j\u012f \u012fsigijo visi\u0161kai nauj\u0105. J\u012f suka 530 AG turbininis plok\u0161\u010dias \u0161e\u0161i\u0173 laipsni\u0173 variklis, sujungtas su \u0161e\u0161i\u0173 laipsni\u0173 automatine pavar\u0173 d\u0117\u017ee. \u012e komplekt\u0105 \u012feina 19 coli\u0173 &#8220;Porsche&#8221; ratlankiai, &#8220;Bi-Xenon&#8221; priekiniai \u017eibintai, keraminiai stabd\u017eiai, lengvos kibirin\u0117s s\u0117dyn\u0117s su lenktyniniais dir\u017eais ir gamykloje sumontuota apsaugin\u0117 konstrukcija. \u0160iuo metu automobilis yra \u0160veicarijoje, kur jis registruotas nuo pat pirmos dienos. Neseniai jam buvo atlikta i\u0161sami technin\u0117 prie\u017ei\u016bra ir dabar jis turi beveik nauj\u0173 padang\u0173 komplekt\u0105. Be nedidelio 2013 m. bamperio \u012fbr\u0117\u017eimo, kuris buvo visi\u0161kai sutvarkytas, \u0161is GT2 yra be pa\u017eeidim\u0173 ir tai patvirtina atitinkama &#8220;CarVertical&#8221; ataskaita.<\/p>\n","protected":false},"featured_media":27900,"comment_status":"open","ping_status":"closed","template":"","meta":{"inline_featured_image":false},"product_cat":[703],"product_tag":[969,846,902,847,845],"acf":[],"yoast_head":"<!-- This site is optimized with the Yoast SEO plugin v22.5 - https:\/\/yoast.com\/wordpress\/plugins\/seo\/ -->\n<title>2008 m. &quot;Porsche 911 GT2&quot; parduodamas aukcione - Piston Addict<\/title>\n<meta name=\"description\" content=\"Per\u017ei\u016br\u0117kite \u0161\u012f 2008 m. Porsche 911 GT2, parduodam\u0105 aukcione PistonAddict.com\" \/>\n<meta name=\"robots\" content=\"index, follow, max-snippet:-1, max-image-preview:large, max-video-preview:-1\" \/>\n<link rel=\"canonical\" href=\"https:\/\/pistonaddict.com\/lt\/product\/2008-porsche-911-gt2\/\" \/>\n<meta property=\"og:locale\" content=\"lt_LT\" \/>\n<meta property=\"og:type\" content=\"article\" \/>\n<meta property=\"og:title\" content=\"2008 m. &quot;Porsche 911 GT2&quot; parduodamas aukcione - Piston Addict\" \/>\n<meta property=\"og:description\" content=\"Per\u017ei\u016br\u0117kite \u0161\u012f 2008 m. Porsche 911 GT2, parduodam\u0105 aukcione PistonAddict.com\" \/>\n<meta property=\"og:url\" content=\"https:\/\/pistonaddict.com\/lt\/product\/2008-porsche-911-gt2\/\" \/>\n<meta property=\"og:site_name\" content=\"Piston Addict\" \/>\n<meta property=\"article:modified_time\" content=\"2024-03-22T15:09:19+00:00\" \/>\n<meta property=\"og:image\" content=\"https:\/\/pistonaddict.com\/wp-content\/uploads\/2023\/03\/MainGT22008.jpg\" \/>\n\t<meta property=\"og:image:width\" content=\"1200\" \/>\n\t<meta property=\"og:image:height\" content=\"798\" \/>\n\t<meta property=\"og:image:type\" content=\"image\/jpeg\" \/>\n<meta name=\"twitter:card\" content=\"summary_large_image\" \/>\n<meta name=\"twitter:label1\" content=\"Est. reading time\" \/>\n\t<meta name=\"twitter:data1\" content=\"2 minut\u0117s\" \/>\n<script type=\"application\/ld+json\" class=\"yoast-schema-graph\">{\"@context\":\"https:\/\/schema.org\",\"@graph\":[{\"@type\":\"WebPage\",\"@id\":\"https:\/\/pistonaddict.com\/lt\/product\/2008-porsche-911-gt2\/\",\"url\":\"https:\/\/pistonaddict.com\/lt\/product\/2008-porsche-911-gt2\/\",\"name\":\"2008 m. \\\"Porsche 911 GT2\\\" parduodamas aukcione - Piston Addict\",\"isPartOf\":{\"@id\":\"https:\/\/pistonaddict.com\/lt\/#website\"},\"primaryImageOfPage\":{\"@id\":\"https:\/\/pistonaddict.com\/lt\/product\/2008-porsche-911-gt2\/#primaryimage\"},\"image\":{\"@id\":\"https:\/\/pistonaddict.com\/lt\/product\/2008-porsche-911-gt2\/#primaryimage\"},\"thumbnailUrl\":\"https:\/\/pistonaddict.com\/wp-content\/uploads\/2023\/03\/MainGT22008.jpg\",\"datePublished\":\"2023-03-02T15:24:00+00:00\",\"dateModified\":\"2024-03-22T15:09:19+00:00\",\"description\":\"Per\u017ei\u016br\u0117kite \u0161\u012f 2008 m. Porsche 911 GT2, parduodam\u0105 aukcione PistonAddict.com\",\"breadcrumb\":{\"@id\":\"https:\/\/pistonaddict.com\/lt\/product\/2008-porsche-911-gt2\/#breadcrumb\"},\"inLanguage\":\"lt-LT\",\"potentialAction\":[{\"@type\":\"ReadAction\",\"target\":[\"https:\/\/pistonaddict.com\/lt\/product\/2008-porsche-911-gt2\/\"]}]},{\"@type\":\"ImageObject\",\"inLanguage\":\"lt-LT\",\"@id\":\"https:\/\/pistonaddict.com\/lt\/product\/2008-porsche-911-gt2\/#primaryimage\",\"url\":\"https:\/\/pistonaddict.com\/wp-content\/uploads\/2023\/03\/MainGT22008.jpg\",\"contentUrl\":\"https:\/\/pistonaddict.com\/wp-content\/uploads\/2023\/03\/MainGT22008.jpg\",\"width\":1200,\"height\":798},{\"@type\":\"BreadcrumbList\",\"@id\":\"https:\/\/pistonaddict.com\/lt\/product\/2008-porsche-911-gt2\/#breadcrumb\",\"itemListElement\":[{\"@type\":\"ListItem\",\"position\":1,\"name\":\"Pagrindinis puslapis\",\"item\":\"https:\/\/pistonaddict.com\/lt\/pradzia\/\"},{\"@type\":\"ListItem\",\"position\":2,\"name\":\"Auctions\",\"item\":\"https:\/\/pistonaddict.com\/auctions-listing\/\"},{\"@type\":\"ListItem\",\"position\":3,\"name\":\"2008 m. &#8220;Porsche 911 GT2&#8221; parduodamas aukcione\"}]},{\"@type\":\"WebSite\",\"@id\":\"https:\/\/pistonaddict.com\/lt\/#website\",\"url\":\"https:\/\/pistonaddict.com\/lt\/\",\"name\":\"Piston Addict\",\"description\":\"Only interesting vehicles\",\"publisher\":{\"@id\":\"https:\/\/pistonaddict.com\/lt\/#organization\"},\"potentialAction\":[{\"@type\":\"SearchAction\",\"target\":{\"@type\":\"EntryPoint\",\"urlTemplate\":\"https:\/\/pistonaddict.com\/lt\/?s={search_term_string}\"},\"query-input\":\"required name=search_term_string\"}],\"inLanguage\":\"lt-LT\"},{\"@type\":\"Organization\",\"@id\":\"https:\/\/pistonaddict.com\/lt\/#organization\",\"name\":\"Piston Addict\",\"url\":\"https:\/\/pistonaddict.com\/lt\/\",\"logo\":{\"@type\":\"ImageObject\",\"inLanguage\":\"lt-LT\",\"@id\":\"https:\/\/pistonaddict.com\/lt\/#\/schema\/logo\/image\/\",\"url\":\"https:\/\/pistonaddict.com\/wp-content\/uploads\/2022\/07\/logo-6.png\",\"contentUrl\":\"https:\/\/pistonaddict.com\/wp-content\/uploads\/2022\/07\/logo-6.png\",\"width\":970,\"height\":200,\"caption\":\"Piston Addict\"},\"image\":{\"@id\":\"https:\/\/pistonaddict.com\/lt\/#\/schema\/logo\/image\/\"}}]}<\/script>\n<!-- \/ Yoast SEO plugin. -->","yoast_head_json":{"title":"2008 m. \"Porsche 911 GT2\" parduodamas aukcione - Piston Addict","description":"Per\u017ei\u016br\u0117kite \u0161\u012f 2008 m. Porsche 911 GT2, parduodam\u0105 aukcione PistonAddict.com","robots":{"index":"index","follow":"follow","max-snippet":"max-snippet:-1","max-image-preview":"max-image-preview:large","max-video-preview":"max-video-preview:-1"},"canonical":"https:\/\/pistonaddict.com\/lt\/product\/2008-porsche-911-gt2\/","og_locale":"lt_LT","og_type":"article","og_title":"2008 m. \"Porsche 911 GT2\" parduodamas aukcione - Piston Addict","og_description":"Per\u017ei\u016br\u0117kite \u0161\u012f 2008 m. Porsche 911 GT2, parduodam\u0105 aukcione PistonAddict.com","og_url":"https:\/\/pistonaddict.com\/lt\/product\/2008-porsche-911-gt2\/","og_site_name":"Piston Addict","article_modified_time":"2024-03-22T15:09:19+00:00","og_image":[{"width":1200,"height":798,"url":"https:\/\/pistonaddict.com\/wp-content\/uploads\/2023\/03\/MainGT22008.jpg","type":"image\/jpeg"}],"twitter_card":"summary_large_image","twitter_misc":{"Est. reading time":"2 minut\u0117s"},"schema":{"@context":"https:\/\/schema.org","@graph":[{"@type":"WebPage","@id":"https:\/\/pistonaddict.com\/lt\/product\/2008-porsche-911-gt2\/","url":"https:\/\/pistonaddict.com\/lt\/product\/2008-porsche-911-gt2\/","name":"2008 m. \"Porsche 911 GT2\" parduodamas aukcione - Piston Addict","isPartOf":{"@id":"https:\/\/pistonaddict.com\/lt\/#website"},"primaryImageOfPage":{"@id":"https:\/\/pistonaddict.com\/lt\/product\/2008-porsche-911-gt2\/#primaryimage"},"image":{"@id":"https:\/\/pistonaddict.com\/lt\/product\/2008-porsche-911-gt2\/#primaryimage"},"thumbnailUrl":"https:\/\/pistonaddict.com\/wp-content\/uploads\/2023\/03\/MainGT22008.jpg","datePublished":"2023-03-02T15:24:00+00:00","dateModified":"2024-03-22T15:09:19+00:00","description":"Per\u017ei\u016br\u0117kite \u0161\u012f 2008 m. Porsche 911 GT2, parduodam\u0105 aukcione PistonAddict.com","breadcrumb":{"@id":"https:\/\/pistonaddict.com\/lt\/product\/2008-porsche-911-gt2\/#breadcrumb"},"inLanguage":"lt-LT","potentialAction":[{"@type":"ReadAction","target":["https:\/\/pistonaddict.com\/lt\/product\/2008-porsche-911-gt2\/"]}]},{"@type":"ImageObject","inLanguage":"lt-LT","@id":"https:\/\/pistonaddict.com\/lt\/product\/2008-porsche-911-gt2\/#primaryimage","url":"https:\/\/pistonaddict.com\/wp-content\/uploads\/2023\/03\/MainGT22008.jpg","contentUrl":"https:\/\/pistonaddict.com\/wp-content\/uploads\/2023\/03\/MainGT22008.jpg","width":1200,"height":798},{"@type":"BreadcrumbList","@id":"https:\/\/pistonaddict.com\/lt\/product\/2008-porsche-911-gt2\/#breadcrumb","itemListElement":[{"@type":"ListItem","position":1,"name":"Pagrindinis puslapis","item":"https:\/\/pistonaddict.com\/lt\/pradzia\/"},{"@type":"ListItem","position":2,"name":"Auctions","item":"https:\/\/pistonaddict.com\/auctions-listing\/"},{"@type":"ListItem","position":3,"name":"2008 m. &#8220;Porsche 911 GT2&#8221; parduodamas aukcione"}]},{"@type":"WebSite","@id":"https:\/\/pistonaddict.com\/lt\/#website","url":"https:\/\/pistonaddict.com\/lt\/","name":"Piston Addict","description":"Only interesting vehicles","publisher":{"@id":"https:\/\/pistonaddict.com\/lt\/#organization"},"potentialAction":[{"@type":"SearchAction","target":{"@type":"EntryPoint","urlTemplate":"https:\/\/pistonaddict.com\/lt\/?s={search_term_string}"},"query-input":"required name=search_term_string"}],"inLanguage":"lt-LT"},{"@type":"Organization","@id":"https:\/\/pistonaddict.com\/lt\/#organization","name":"Piston Addict","url":"https:\/\/pistonaddict.com\/lt\/","logo":{"@type":"ImageObject","inLanguage":"lt-LT","@id":"https:\/\/pistonaddict.com\/lt\/#\/schema\/logo\/image\/","url":"https:\/\/pistonaddict.com\/wp-content\/uploads\/2022\/07\/logo-6.png","contentUrl":"https:\/\/pistonaddict.com\/wp-content\/uploads\/2022\/07\/logo-6.png","width":970,"height":200,"caption":"Piston Addict"},"image":{"@id":"https:\/\/pistonaddict.com\/lt\/#\/schema\/logo\/image\/"}}]}},"_links":{"self":[{"href":"https:\/\/pistonaddict.com\/lt\/wp-json\/wp\/v2\/product\/28015"}],"collection":[{"href":"https:\/\/pistonaddict.com\/lt\/wp-json\/wp\/v2\/product"}],"about":[{"href":"https:\/\/pistonaddict.com\/lt\/wp-json\/wp\/v2\/types\/product"}],"replies":[{"embeddable":true,"href":"https:\/\/pistonaddict.com\/lt\/wp-json\/wp\/v2\/comments?post=28015"}],"wp:featuredmedia":[{"embeddable":true,"href":"https:\/\/pistonaddict.com\/lt\/wp-json\/wp\/v2\/media\/27900"}],"wp:attachment":[{"href":"https:\/\/pistonaddict.com\/lt\/wp-json\/wp\/v2\/media?parent=28015"}],"wp:term":[{"taxonomy":"product_cat","embeddable":true,"href":"https:\/\/pistonaddict.com\/lt\/wp-json\/wp\/v2\/product_cat?post=28015"},{"taxonomy":"product_tag","embeddable":true,"href":"https:\/\/pistonaddict.com\/lt\/wp-json\/wp\/v2\/product_tag?post=28015"}],"curies":[{"name":"wp","href":"https:\/\/api.w.org\/{rel}","templated":true}]}}