{"id":108784,"date":"2024-06-11T17:05:07","date_gmt":"2024-06-11T15:05:07","guid":{"rendered":"https:\/\/pistonaddict.com\/product\/lamborghini-urraco-p250\/"},"modified":"2024-06-12T09:54:32","modified_gmt":"2024-06-12T07:54:32","slug":"lamborghini-urraco-p250","status":"publish","type":"product","link":"https:\/\/pistonaddict.com\/lt\/product\/lamborghini-urraco-p250\/","title":{"rendered":"Lamborghini Urraco P250"},"content":{"rendered":"<h2>I\u0161or\u0117<\/h2>\n<p>I\u0161ori\u0161kai \u0161is itali\u0161kas keturvietis automobilis pasi\u017eym\u0117jo plei\u0161to formos siluetu, b\u016bdingu daugumai to meto superautomobili\u0173. Priekyje dominuoja kultiniai i\u0161kylantys priekiniai \u017eibintai, kurie neabejotinai b\u016btini, kad tilpt\u0173 \u012f plok\u0161\u010di\u0105, \u017eemai kabant\u012f variklio dangt\u012f. \u0160onuose labiausiai pastebimos raumeningos rat\u0173 arkos, kuriose sumontuoti original\u016bs 14 coli\u0173 lengvojo lydinio ratlankiai, apauti tikrovi\u0161komis &#8220;Michelin XWX&#8221; padangomis. Be to, akyla akis pasteb\u0117s ner\u016bdijan\u010diojo plieno dvigub\u0105 ANSA, kur\u012f pagamino garsus derintojas &#8220;Abart&#8221;, galin\u0117je dalyje. \u0160is automobilis nuda\u017eytas eleganti\u0161ka sidabro spalva, kuri eleganti\u0161kai pridengia jo agresyvi\u0105 pozicij\u0105.<\/p>\n<h2>Interjeras<\/h2>\n<p>Atidarius dureles atsiveria prabangus &#8220;Lambo&#8221; &#8220;Nero&#8221; spalvos interjeras, i\u0161 kurio labiausiai i\u0161siskiria priekin\u0117s s\u0117dyn\u0117s, kuri\u0173 b\u016bkl\u0119 pardav\u0117jas apib\u016bdina kaip &#8220;nauj\u0105&#8221;. Toks pat apib\u016bdinimas gali b\u016bti taikomas ir galiniam suoliukui, kuris yra pakankamai erdvus, kad jame tilpt\u0173 du \u017emon\u0117s. S\u0117d\u0117damas vairuotojas \u017ei\u016bri \u012f keturi\u0173 stipin\u0173 odin\u012f vair\u0105, u\u017e kurio \u012frengtas sud\u0117tingas prietais\u0173 skydelis. Be grei\u010dio matuoklio, kuris siekia 280 km\/h, ir 9000 apsisukim\u0173 per minut\u0119 skaitiklio, rodykl\u0117se yra variklio temperat\u016bros, alyvos sl\u0117gio ir \u012fkrovimo \u012ftampos matuokliai. Prietais\u0173 skydelis padengtas tamsiai pilka &#8220;Alcantara&#8221; oda, kuri suteikia mink\u0161tumo ir plok\u0161\u010di\u0105 i\u0161vaizd\u0105, neatspindin\u010di\u0105 saul\u0117s spinduli\u0173.<\/p>\n<h2>Mechanika<\/h2>\n<p>\u0160iame &#8220;Urraco&#8221;, P250 modelyje, montuojamas 2,5 l V8 variklis, i\u0161vystantis 250 arklio gali\u0173 ir ne ma\u017eiau \u012fsp\u016bding\u0105 220 N-m sukimo moment\u0105. \u0160i galia perduodama per 5 laipsni\u0173 mechanin\u0119 pavar\u0173 d\u0117\u017e\u0119, tod\u0117l nuo 0 iki 100 km \u012fsib\u0117g\u0117jama grei\u010diau nei per 7 sekundes, o maksimalus greitis siekia 240 km per valand\u0105. D\u0117l \u0161i\u0173, net ir \u0161iandieniniais standartais \u012fsp\u016bding\u0173, eksploatacini\u0173 savybi\u0173 &#8220;Uracco&#8221; tapo vienu grei\u010diausi\u0173 to meto keturvie\u010di\u0173 automobili\u0173. Nepriklausoma pakaba u\u017etikrina tiksl\u0173 valdym\u0105, o galingi ir patvar\u016bs diskiniai stabd\u017eiai ant vis\u0173 keturi\u0173 rat\u0173 u\u017etikrina saug\u0173 stabdym\u0105.<\/p>\n<h2>Transporto priemon\u0117s istorija<\/h2>\n<p>M\u016bs\u0173 turimas &#8220;Lamborghini Urraco P250&#8221; pagamintas 1975 m., \u0161iuo metu jo laikrod\u017eio rodykl\u0117 rodo 78 000 kilometr\u0173. Per visus tuos metus automobilis niekada nebuvo naudojamas trasoje ir nebuvo patek\u0119s \u012f avarij\u0105. 2016 m. buvo atliktas kapitalinis remontas, kurio metu visi\u0161kai pertvarkytas variklis ir pakaba, o k\u0117bulo apa\u010dia padengta nauju antikorozin\u0117s apsaugos sluoksniu. Tuo pat metu buvo visi\u0161kai pakeistas salono apmu\u0161alas ir automobilis perda\u017eytas. Vizualiniai tr\u016bkumai yra tik nedideli vairuotojo dureli\u0173 pa\u017eeidimai, kurie bus pa\u0161alinti prie\u0161 pristatant b\u016bsimam savininkui. \u0160iuo metu transporto priemon\u0117 yra Ispanijoje, kur ji registruota nuo pat pirmos dienos.<\/p>\n<p><strong>Per\u017ei\u016br\u0117kite \u0161io nuostabaus<\/strong> &#8221; <strong>Lamborghini Urraco P250<\/strong> &#8221; <strong>\u0161altojo starto vaizdo \u012fra\u0161\u0105<\/strong>:<\/p>\n<p><iframe title=\"Cold Start Video of the amazing Lamborghini Urraco P250\" width=\"1200\" height=\"675\" src=\"https:\/\/www.youtube.com\/embed\/wt_LCr8LgcQ?feature=oembed\" frameborder=\"0\" allow=\"accelerometer; autoplay; clipboard-write; encrypted-media; gyroscope; picture-in-picture; web-share\" referrerpolicy=\"strict-origin-when-cross-origin\" allowfullscreen><\/iframe><\/p>\n<p><strong>Ir vaizdo \u012fra\u0161\u0173 kelion\u0117:<\/strong><\/p>\n<p><iframe title=\"Video Tour of the Lamborghini Urraco P250\" width=\"1200\" height=\"675\" src=\"https:\/\/www.youtube.com\/embed\/azU8K1XDHOA?feature=oembed\" frameborder=\"0\" allow=\"accelerometer; autoplay; clipboard-write; encrypted-media; gyroscope; picture-in-picture; web-share\" referrerpolicy=\"strict-origin-when-cross-origin\" allowfullscreen><\/iframe><\/p>\n","protected":false},"excerpt":{"rendered":"<p>&#8220;Urraco&#8221;, pavadintas Miuros kovini\u0173 buli\u0173 veisl\u0117s vardu, yra 1972-1979 m. &#8220;Lamborghini&#8221; gamintas sportinis automobilis. \u0160is Bertone suprojektuotas keturvietis automobilis buvo skirtas tokiems konkurentams kaip &#8220;Ferrari 308 GT4&#8221; ir legendinis &#8220;Porsche 911&#8221;. Nepaisant to, kad &#8220;Urraco&#8221; atrod\u0117 nuostabiai ir j\u012f buvo lengva vairuoti, jis nebuvo labai populiarus &#8211; per 7 metus buvo pagamintas tik 791 automobilis. Vis d\u0117lto toks ribotas gamybos kiekis u\u017etikrina i\u0161skirtinum\u0105, tod\u0117l \u012fsigijusieji \u0161\u012f sidabrin\u012f &#8220;Lambo&#8221; tur\u0117s tai, kas n\u0117ra da\u017enai sutinkama.<\/p>\n","protected":false},"featured_media":108762,"comment_status":"open","ping_status":"closed","template":"","meta":{"inline_featured_image":false},"product_cat":[703],"product_tag":[4212,4215,4209,1005],"acf":[],"yoast_head":"<!-- This site is optimized with the Yoast SEO plugin v22.5 - https:\/\/yoast.com\/wordpress\/plugins\/seo\/ -->\n<title>Lamborghini Urraco P250 - Piston Addict<\/title>\n<meta name=\"robots\" content=\"index, follow, max-snippet:-1, max-image-preview:large, max-video-preview:-1\" \/>\n<link rel=\"canonical\" href=\"https:\/\/pistonaddict.com\/lt\/product\/lamborghini-urraco-p250\/\" \/>\n<meta property=\"og:locale\" content=\"lt_LT\" \/>\n<meta property=\"og:type\" content=\"article\" \/>\n<meta property=\"og:title\" content=\"Lamborghini Urraco P250 - Piston Addict\" \/>\n<meta property=\"og:description\" content=\"&quot;Urraco&quot;, pavadintas Miuros kovini\u0173 buli\u0173 veisl\u0117s vardu, yra 1972-1979 m. &quot;Lamborghini&quot; gamintas sportinis automobilis. \u0160is Bertone suprojektuotas keturvietis automobilis buvo skirtas tokiems konkurentams kaip &quot;Ferrari 308 GT4&quot; ir legendinis &quot;Porsche 911&quot;. Nepaisant to, kad &quot;Urraco&quot; atrod\u0117 nuostabiai ir j\u012f buvo lengva vairuoti, jis nebuvo labai populiarus - per 7 metus buvo pagamintas tik 791 automobilis. Vis d\u0117lto toks ribotas gamybos kiekis u\u017etikrina i\u0161skirtinum\u0105, tod\u0117l \u012fsigijusieji \u0161\u012f sidabrin\u012f &quot;Lambo&quot; tur\u0117s tai, kas n\u0117ra da\u017enai sutinkama.\" \/>\n<meta property=\"og:url\" content=\"https:\/\/pistonaddict.com\/lt\/product\/lamborghini-urraco-p250\/\" \/>\n<meta property=\"og:site_name\" content=\"Piston Addict\" \/>\n<meta property=\"article:modified_time\" content=\"2024-06-12T07:54:32+00:00\" \/>\n<meta property=\"og:image\" content=\"https:\/\/pistonaddict.com\/wp-content\/uploads\/2024\/06\/IMG-20231121-WA0182.jpg\" \/>\n\t<meta property=\"og:image:width\" content=\"2048\" \/>\n\t<meta property=\"og:image:height\" content=\"1536\" \/>\n\t<meta property=\"og:image:type\" content=\"image\/jpeg\" \/>\n<meta name=\"twitter:card\" content=\"summary_large_image\" \/>\n<meta name=\"twitter:label1\" content=\"Est. reading time\" \/>\n\t<meta name=\"twitter:data1\" content=\"2 minut\u0117s\" \/>\n<script type=\"application\/ld+json\" class=\"yoast-schema-graph\">{\"@context\":\"https:\/\/schema.org\",\"@graph\":[{\"@type\":\"WebPage\",\"@id\":\"https:\/\/pistonaddict.com\/lt\/product\/lamborghini-urraco-p250\/\",\"url\":\"https:\/\/pistonaddict.com\/lt\/product\/lamborghini-urraco-p250\/\",\"name\":\"Lamborghini Urraco P250 - Piston Addict\",\"isPartOf\":{\"@id\":\"https:\/\/pistonaddict.com\/lt\/#website\"},\"primaryImageOfPage\":{\"@id\":\"https:\/\/pistonaddict.com\/lt\/product\/lamborghini-urraco-p250\/#primaryimage\"},\"image\":{\"@id\":\"https:\/\/pistonaddict.com\/lt\/product\/lamborghini-urraco-p250\/#primaryimage\"},\"thumbnailUrl\":\"https:\/\/pistonaddict.com\/wp-content\/uploads\/2024\/06\/IMG-20231121-WA0182.jpg\",\"datePublished\":\"2024-06-11T15:05:07+00:00\",\"dateModified\":\"2024-06-12T07:54:32+00:00\",\"breadcrumb\":{\"@id\":\"https:\/\/pistonaddict.com\/lt\/product\/lamborghini-urraco-p250\/#breadcrumb\"},\"inLanguage\":\"lt-LT\",\"potentialAction\":[{\"@type\":\"ReadAction\",\"target\":[\"https:\/\/pistonaddict.com\/lt\/product\/lamborghini-urraco-p250\/\"]}]},{\"@type\":\"ImageObject\",\"inLanguage\":\"lt-LT\",\"@id\":\"https:\/\/pistonaddict.com\/lt\/product\/lamborghini-urraco-p250\/#primaryimage\",\"url\":\"https:\/\/pistonaddict.com\/wp-content\/uploads\/2024\/06\/IMG-20231121-WA0182.jpg\",\"contentUrl\":\"https:\/\/pistonaddict.com\/wp-content\/uploads\/2024\/06\/IMG-20231121-WA0182.jpg\",\"width\":2048,\"height\":1536},{\"@type\":\"BreadcrumbList\",\"@id\":\"https:\/\/pistonaddict.com\/lt\/product\/lamborghini-urraco-p250\/#breadcrumb\",\"itemListElement\":[{\"@type\":\"ListItem\",\"position\":1,\"name\":\"Pagrindinis puslapis\",\"item\":\"https:\/\/pistonaddict.com\/lt\/pradzia\/\"},{\"@type\":\"ListItem\",\"position\":2,\"name\":\"Auctions\",\"item\":\"https:\/\/pistonaddict.com\/auctions-listing\/\"},{\"@type\":\"ListItem\",\"position\":3,\"name\":\"Lamborghini Urraco P250\"}]},{\"@type\":\"WebSite\",\"@id\":\"https:\/\/pistonaddict.com\/lt\/#website\",\"url\":\"https:\/\/pistonaddict.com\/lt\/\",\"name\":\"Piston Addict\",\"description\":\"Only interesting vehicles\",\"publisher\":{\"@id\":\"https:\/\/pistonaddict.com\/lt\/#organization\"},\"potentialAction\":[{\"@type\":\"SearchAction\",\"target\":{\"@type\":\"EntryPoint\",\"urlTemplate\":\"https:\/\/pistonaddict.com\/lt\/?s={search_term_string}\"},\"query-input\":\"required name=search_term_string\"}],\"inLanguage\":\"lt-LT\"},{\"@type\":\"Organization\",\"@id\":\"https:\/\/pistonaddict.com\/lt\/#organization\",\"name\":\"Piston Addict\",\"url\":\"https:\/\/pistonaddict.com\/lt\/\",\"logo\":{\"@type\":\"ImageObject\",\"inLanguage\":\"lt-LT\",\"@id\":\"https:\/\/pistonaddict.com\/lt\/#\/schema\/logo\/image\/\",\"url\":\"https:\/\/pistonaddict.com\/wp-content\/uploads\/2022\/07\/logo-6.png\",\"contentUrl\":\"https:\/\/pistonaddict.com\/wp-content\/uploads\/2022\/07\/logo-6.png\",\"width\":970,\"height\":200,\"caption\":\"Piston Addict\"},\"image\":{\"@id\":\"https:\/\/pistonaddict.com\/lt\/#\/schema\/logo\/image\/\"}}]}<\/script>\n<!-- \/ Yoast SEO plugin. -->","yoast_head_json":{"title":"Lamborghini Urraco P250 - Piston Addict","robots":{"index":"index","follow":"follow","max-snippet":"max-snippet:-1","max-image-preview":"max-image-preview:large","max-video-preview":"max-video-preview:-1"},"canonical":"https:\/\/pistonaddict.com\/lt\/product\/lamborghini-urraco-p250\/","og_locale":"lt_LT","og_type":"article","og_title":"Lamborghini Urraco P250 - Piston Addict","og_description":"\"Urraco\", pavadintas Miuros kovini\u0173 buli\u0173 veisl\u0117s vardu, yra 1972-1979 m. \"Lamborghini\" gamintas sportinis automobilis. \u0160is Bertone suprojektuotas keturvietis automobilis buvo skirtas tokiems konkurentams kaip \"Ferrari 308 GT4\" ir legendinis \"Porsche 911\". Nepaisant to, kad \"Urraco\" atrod\u0117 nuostabiai ir j\u012f buvo lengva vairuoti, jis nebuvo labai populiarus - per 7 metus buvo pagamintas tik 791 automobilis. Vis d\u0117lto toks ribotas gamybos kiekis u\u017etikrina i\u0161skirtinum\u0105, tod\u0117l \u012fsigijusieji \u0161\u012f sidabrin\u012f \"Lambo\" tur\u0117s tai, kas n\u0117ra da\u017enai sutinkama.","og_url":"https:\/\/pistonaddict.com\/lt\/product\/lamborghini-urraco-p250\/","og_site_name":"Piston Addict","article_modified_time":"2024-06-12T07:54:32+00:00","og_image":[{"width":2048,"height":1536,"url":"https:\/\/pistonaddict.com\/wp-content\/uploads\/2024\/06\/IMG-20231121-WA0182.jpg","type":"image\/jpeg"}],"twitter_card":"summary_large_image","twitter_misc":{"Est. reading time":"2 minut\u0117s"},"schema":{"@context":"https:\/\/schema.org","@graph":[{"@type":"WebPage","@id":"https:\/\/pistonaddict.com\/lt\/product\/lamborghini-urraco-p250\/","url":"https:\/\/pistonaddict.com\/lt\/product\/lamborghini-urraco-p250\/","name":"Lamborghini Urraco P250 - Piston Addict","isPartOf":{"@id":"https:\/\/pistonaddict.com\/lt\/#website"},"primaryImageOfPage":{"@id":"https:\/\/pistonaddict.com\/lt\/product\/lamborghini-urraco-p250\/#primaryimage"},"image":{"@id":"https:\/\/pistonaddict.com\/lt\/product\/lamborghini-urraco-p250\/#primaryimage"},"thumbnailUrl":"https:\/\/pistonaddict.com\/wp-content\/uploads\/2024\/06\/IMG-20231121-WA0182.jpg","datePublished":"2024-06-11T15:05:07+00:00","dateModified":"2024-06-12T07:54:32+00:00","breadcrumb":{"@id":"https:\/\/pistonaddict.com\/lt\/product\/lamborghini-urraco-p250\/#breadcrumb"},"inLanguage":"lt-LT","potentialAction":[{"@type":"ReadAction","target":["https:\/\/pistonaddict.com\/lt\/product\/lamborghini-urraco-p250\/"]}]},{"@type":"ImageObject","inLanguage":"lt-LT","@id":"https:\/\/pistonaddict.com\/lt\/product\/lamborghini-urraco-p250\/#primaryimage","url":"https:\/\/pistonaddict.com\/wp-content\/uploads\/2024\/06\/IMG-20231121-WA0182.jpg","contentUrl":"https:\/\/pistonaddict.com\/wp-content\/uploads\/2024\/06\/IMG-20231121-WA0182.jpg","width":2048,"height":1536},{"@type":"BreadcrumbList","@id":"https:\/\/pistonaddict.com\/lt\/product\/lamborghini-urraco-p250\/#breadcrumb","itemListElement":[{"@type":"ListItem","position":1,"name":"Pagrindinis puslapis","item":"https:\/\/pistonaddict.com\/lt\/pradzia\/"},{"@type":"ListItem","position":2,"name":"Auctions","item":"https:\/\/pistonaddict.com\/auctions-listing\/"},{"@type":"ListItem","position":3,"name":"Lamborghini Urraco P250"}]},{"@type":"WebSite","@id":"https:\/\/pistonaddict.com\/lt\/#website","url":"https:\/\/pistonaddict.com\/lt\/","name":"Piston Addict","description":"Only interesting vehicles","publisher":{"@id":"https:\/\/pistonaddict.com\/lt\/#organization"},"potentialAction":[{"@type":"SearchAction","target":{"@type":"EntryPoint","urlTemplate":"https:\/\/pistonaddict.com\/lt\/?s={search_term_string}"},"query-input":"required name=search_term_string"}],"inLanguage":"lt-LT"},{"@type":"Organization","@id":"https:\/\/pistonaddict.com\/lt\/#organization","name":"Piston Addict","url":"https:\/\/pistonaddict.com\/lt\/","logo":{"@type":"ImageObject","inLanguage":"lt-LT","@id":"https:\/\/pistonaddict.com\/lt\/#\/schema\/logo\/image\/","url":"https:\/\/pistonaddict.com\/wp-content\/uploads\/2022\/07\/logo-6.png","contentUrl":"https:\/\/pistonaddict.com\/wp-content\/uploads\/2022\/07\/logo-6.png","width":970,"height":200,"caption":"Piston Addict"},"image":{"@id":"https:\/\/pistonaddict.com\/lt\/#\/schema\/logo\/image\/"}}]}},"_links":{"self":[{"href":"https:\/\/pistonaddict.com\/lt\/wp-json\/wp\/v2\/product\/108784"}],"collection":[{"href":"https:\/\/pistonaddict.com\/lt\/wp-json\/wp\/v2\/product"}],"about":[{"href":"https:\/\/pistonaddict.com\/lt\/wp-json\/wp\/v2\/types\/product"}],"replies":[{"embeddable":true,"href":"https:\/\/pistonaddict.com\/lt\/wp-json\/wp\/v2\/comments?post=108784"}],"wp:featuredmedia":[{"embeddable":true,"href":"https:\/\/pistonaddict.com\/lt\/wp-json\/wp\/v2\/media\/108762"}],"wp:attachment":[{"href":"https:\/\/pistonaddict.com\/lt\/wp-json\/wp\/v2\/media?parent=108784"}],"wp:term":[{"taxonomy":"product_cat","embeddable":true,"href":"https:\/\/pistonaddict.com\/lt\/wp-json\/wp\/v2\/product_cat?post=108784"},{"taxonomy":"product_tag","embeddable":true,"href":"https:\/\/pistonaddict.com\/lt\/wp-json\/wp\/v2\/product_tag?post=108784"}],"curies":[{"name":"wp","href":"https:\/\/api.w.org\/{rel}","templated":true}]}}