{"id":104851,"date":"2024-05-21T11:33:26","date_gmt":"2024-05-21T09:33:26","guid":{"rendered":"https:\/\/pistonaddict.com\/product\/fisker-karma-2\/"},"modified":"2024-05-21T14:15:18","modified_gmt":"2024-05-21T12:15:18","slug":"fisker-karma-2","status":"publish","type":"product","link":"https:\/\/pistonaddict.com\/lt\/product\/fisker-karma-2\/","title":{"rendered":"&#8220;Fisker Karma"},"content":{"rendered":"<p><strong>Automobilio istorija<\/strong><\/p>\n<p>&#8220;Fisker Karma&#8221;, Henriko Fiskerio genialumo \u012frodymas, buvo pristatytas 2011 m. \u0160is i\u0161 tinklo \u012fkraunamas hibridinis elektromobilis (PHEV) ne tik prapl\u0117t\u0117 automobili\u0173 dizaino ir technologij\u0173 ribas, bet ir paverg\u0117 \u0161irdis savo \u012fsp\u016bdinga estetika, prabangiu interjeru ir novatori\u0161ka in\u017einerija. Nors tuo metu hibridiniai automobiliai nebuvo naujov\u0117, &#8220;Karma&#8221; i\u0161 naujo apibr\u0117\u017e\u0117 j\u0173 suvokim\u0105, pakeisdama juos i\u0161 kasdieni\u0161k\u0173 \u012f patrauklius. Jame skland\u017eiai susilieja na\u0161umas ir tvarumas, tod\u0117l hibridiniai automobiliai yra ir ekologi\u0161ki, ir stilingi, ir d\u017eiuginantys vairuoti. &#8220;Karma&#8221;, varoma galingu 2,0 litro benzininio variklio su turbokompresoriumi ir dviej\u0173 elektros varikli\u0173 deriniu, pasi\u017eym\u0117jo \u012fsp\u016bdingomis eksploatacin\u0117mis savyb\u0117mis. Jo pagreit\u0117jimas nuo 0 iki 100 km\/val. vos per 5,9 sekund\u0117s, o maksimalus greitis vir\u0161ijo 200 km\/val., o tai liudija apie jo sportin\u0119 kilm\u0119. Vis d\u0117lto jis pasiek\u0117 \u0161iuos laim\u0117jimus, kartu i\u0161laikydamas pagirtin\u0105 degal\u0173 naudojimo efektyvum\u0105. Be eksploatacini\u0173 savybi\u0173, i\u0161skirtiniu &#8220;Karma&#8221; bruo\u017eu tapo jos dizainas. Jo grak\u0161\u010dios linijos ir \u012fsp\u016bdinga i\u0161vaizda prikaustydavo d\u0117mes\u012f visur, kur tik jis va\u017eiuodavo, tod\u0117l juo \u017eav\u0117josi viso pasaulio automobili\u0173 entuziastai. \u0160is konkretus modelis, 2013 m. antrosios serijos iteracija, yra labai retas ir i\u0161skirtinis. I\u0161 2349 pagamint\u0173 &#8220;Fisker Karma&#8221; \u0161is automobilis, kurio serijos numeris 2259, yra vienas i\u0161 paskutin\u0117s partijos. Tai retas perlas, tik 188 automobiliai visame pasaulyje gali pasigirti \u0161iuo unikaliu spalvos ir ratlanki\u0173 deriniu.<\/p>\n<p><strong>B\u016bkl\u0117<\/strong><\/p>\n<p>Vos 82 080 km nuva\u017eiav\u0119s automobilis, su i\u0161samia technin\u0117s prie\u017ei\u016bros istorija ir tik poros atsidavusi\u0173 savinink\u0173 automobiliu &#8220;Karma&#8221; yra nepriekai\u0161tingos b\u016bkl\u0117s. Kalbant apie degal\u0173 naudojimo efektyvum\u0105, &#8220;Fisker&#8221; teiginys, kad vien elektra varomas automobilis gali nuva\u017eiuoti daugiau kaip 80 km, yra pagr\u012fstas, tod\u0117l jis tinka kasdien\u0117ms kelion\u0117ms \u012f darb\u0105 ir atgal. Be to, naudojant benzin\u0105 ir elektros energij\u0105, gaunami puik\u016bs skai\u010diai &#8211; vidutini\u0161kai vos 4,5 litro degal\u0173 100 km. Potencial\u016bs pirk\u0117jai \u012fvertins kruop\u0161\u010di\u0105 \u0161ios transporto priemon\u0117s prie\u017ei\u016br\u0105, kuri\u0105 patvirtina i\u0161sam\u016bs technin\u0117s prie\u017ei\u016bros dokumentai. 2022 m. pabaigoje pakeista alyva, 2024 m. kovo m\u0117n. atliktas pilnas techninis aptarnavimas, o 2024 m. gegu\u017e\u0119 &#8211; stabd\u017ei\u0173 sistemos remontas, kad \u0161i eleganti\u0161ka juoda &#8220;Karma&#8221; b\u016bt\u0173 geriausios b\u016bkl\u0117s. Svarbiausia pamin\u0117ti, kad akumuliatorius baig\u0117si 2017 m., kai dabartinis savininkas nusipirko automobil\u012f, o tai rei\u0161kia, kad b\u016bsimieji savininkai gal\u0117s be problem\u0173 naudotis automobiliu.<\/p>\n<p><strong>Interjeras<\/strong><\/p>\n<p>Juodos odos ir &#8220;Alcantara&#8221; derinys puikiai dera prie eksterjero, ta\u010diau svarbiausia, kad interjeras yra kaip naujas, be joki\u0173 \u012ftr\u016bkim\u0173, pa\u017eeidim\u0173 ar pakeitim\u0173. Yra informacijos ir pramog\u0173 bei garso sistemos, o ber\u0117m\u0117s durys suteikia \u0161iam sedanui sporti\u0161kumo ir kup\u0117 \u012fsp\u016bd\u012f. D\u0117l specifin\u0117s konstrukcijos &#8220;Karma&#8221; s\u0117di \u017eemai ir suteikia keleiviams daugiau erdv\u0117s nei konkurentai. Visos funkcijos, pavyzd\u017eiui, \u0161ildomos s\u0117dyn\u0117s, veikia ir yra tinkamos b\u016bkl\u0117s.<\/p>\n<p><strong>I\u0161or\u0117 ir ratai<\/strong><\/p>\n<p>Blizg\u016bs juodi da\u017eai yra geriausios b\u016bkl\u0117s, be joki\u0173 \u012fbr\u0117\u017eim\u0173, \u012flenkim\u0173 ar pa\u017eeidim\u0173. Unikalus stogas su saul\u0117s baterijomis yra ir funkcionuoja, ir vis dar yra viena puikiausi\u0173 \u0161io modelio savybi\u0173. \u0160iame &#8220;Karma&#8221; automobilyje papildomai montuojami 22 coli\u0173 ratlankiai, kuri\u0173 priekiniai ratai apauti &#8220;Pirelli&#8221; padangomis, o galiniai &#8211; &#8220;Goodyear&#8221; padangomis. Priekin\u0117s padangos buvo sumontuotos 2024 m. kovo m\u0117n. ir yra kaip naujos. Vienintelis i\u0161or\u0117je atliktas remontas &#8211; atnaujinti unikalios i\u0161vaizdos ratlankiai, kad jie atrodyt\u0173 tarsi k\u0105 tik pristatyti.<\/p>\n<p><strong>Dokumentacija<\/strong><\/p>\n<p>\u0160\u012f automobil\u012f \u0160veicarijoje parduoda privati \u0161alis. &#8221; <a href=\"https:\/\/pistonaddict.com\/wp-content\/uploads\/2024\/05\/YH4K14AA4CA002259.pdf\">CarVertical&#8221; ataskaita<\/a> yra \u0161vari; n\u0117ra joki\u0173 \u012frodym\u0173 apie avarijas, remont\u0105, nuosavyb\u0117s teis\u0119 ar teisines problemas. Yra nuolatin\u0117s technin\u0117s prie\u017ei\u016bros dokumentai, pardavimo s\u0105skaitos ir kvitai. \u0160iam modeliui gamyklin\u0117 garantija netaikoma.<\/p>\n<p><strong>Per\u017ei\u016br\u0117kite \u0161io nuostabaus &#8220;Fisker Karma&#8221; vaizdo \u012fra\u0161\u0105:<\/strong><\/p>\n<p><iframe title=\"Video Tour of the Fisker Karma for auction sale\" width=\"1200\" height=\"675\" src=\"https:\/\/www.youtube.com\/embed\/xv_ZkvmcPKw?feature=oembed\" frameborder=\"0\" allow=\"accelerometer; autoplay; clipboard-write; encrypted-media; gyroscope; picture-in-picture; web-share\" referrerpolicy=\"strict-origin-when-cross-origin\" allowfullscreen><\/iframe><\/p>\n","protected":false},"excerpt":{"rendered":"<p>&#8220;Fisker Karma&#8221; visada bus prisimenamas kaip vienas i\u0161 \u012fdomiausi\u0173 ir vienas pirm\u0173j\u0173 hibridini\u0173 automobili\u0173 pasaulyje. D\u0117l unikalaus dizaino, galingos transmisijos, puiki\u0173 savybi\u0173 ir labai ma\u017eo gamybos skai\u010diaus &#8220;Karma&#8221; i\u0161 ties\u0173 yra pirmasis kolekcinis \u0161iuolaikinio elektromobilio ir hibridinio automobilio modelis. Ateities klasika? Tikrai!<\/p>\n","protected":false},"featured_media":104624,"comment_status":"open","ping_status":"closed","template":"","meta":{"inline_featured_image":false},"product_cat":[703],"product_tag":[1809,4113,4114,902,4115],"acf":[],"yoast_head":"<!-- This site is optimized with the Yoast SEO plugin v22.5 - https:\/\/yoast.com\/wordpress\/plugins\/seo\/ -->\n<title>&quot;Fisker Karma - Piston Addict<\/title>\n<meta name=\"robots\" content=\"index, follow, max-snippet:-1, max-image-preview:large, max-video-preview:-1\" \/>\n<link rel=\"canonical\" href=\"https:\/\/pistonaddict.com\/lt\/product\/fisker-karma-2\/\" \/>\n<meta property=\"og:locale\" content=\"lt_LT\" \/>\n<meta property=\"og:type\" content=\"article\" \/>\n<meta property=\"og:title\" content=\"&quot;Fisker Karma - Piston Addict\" \/>\n<meta property=\"og:description\" content=\"&quot;Fisker Karma&quot; visada bus prisimenamas kaip vienas i\u0161 \u012fdomiausi\u0173 ir vienas pirm\u0173j\u0173 hibridini\u0173 automobili\u0173 pasaulyje. D\u0117l unikalaus dizaino, galingos transmisijos, puiki\u0173 savybi\u0173 ir labai ma\u017eo gamybos skai\u010diaus &quot;Karma&quot; i\u0161 ties\u0173 yra pirmasis kolekcinis \u0161iuolaikinio elektromobilio ir hibridinio automobilio modelis. Ateities klasika? Tikrai!\" \/>\n<meta property=\"og:url\" content=\"https:\/\/pistonaddict.com\/lt\/product\/fisker-karma-2\/\" \/>\n<meta property=\"og:site_name\" content=\"Piston Addict\" \/>\n<meta property=\"article:modified_time\" content=\"2024-05-21T12:15:18+00:00\" \/>\n<meta property=\"og:image\" content=\"https:\/\/pistonaddict.com\/wp-content\/uploads\/2024\/05\/IMG-20240321-WA0010.jpg\" \/>\n\t<meta property=\"og:image:width\" content=\"2000\" \/>\n\t<meta property=\"og:image:height\" content=\"1500\" \/>\n\t<meta property=\"og:image:type\" content=\"image\/jpeg\" \/>\n<meta name=\"twitter:card\" content=\"summary_large_image\" \/>\n<meta name=\"twitter:label1\" content=\"Est. reading time\" \/>\n\t<meta name=\"twitter:data1\" content=\"3 minut\u0117s\" \/>\n<script type=\"application\/ld+json\" class=\"yoast-schema-graph\">{\"@context\":\"https:\/\/schema.org\",\"@graph\":[{\"@type\":\"WebPage\",\"@id\":\"https:\/\/pistonaddict.com\/lt\/product\/fisker-karma-2\/\",\"url\":\"https:\/\/pistonaddict.com\/lt\/product\/fisker-karma-2\/\",\"name\":\"\\\"Fisker Karma - Piston Addict\",\"isPartOf\":{\"@id\":\"https:\/\/pistonaddict.com\/lt\/#website\"},\"primaryImageOfPage\":{\"@id\":\"https:\/\/pistonaddict.com\/lt\/product\/fisker-karma-2\/#primaryimage\"},\"image\":{\"@id\":\"https:\/\/pistonaddict.com\/lt\/product\/fisker-karma-2\/#primaryimage\"},\"thumbnailUrl\":\"https:\/\/pistonaddict.com\/wp-content\/uploads\/2024\/05\/IMG-20240321-WA0010.jpg\",\"datePublished\":\"2024-05-21T09:33:26+00:00\",\"dateModified\":\"2024-05-21T12:15:18+00:00\",\"breadcrumb\":{\"@id\":\"https:\/\/pistonaddict.com\/lt\/product\/fisker-karma-2\/#breadcrumb\"},\"inLanguage\":\"lt-LT\",\"potentialAction\":[{\"@type\":\"ReadAction\",\"target\":[\"https:\/\/pistonaddict.com\/lt\/product\/fisker-karma-2\/\"]}]},{\"@type\":\"ImageObject\",\"inLanguage\":\"lt-LT\",\"@id\":\"https:\/\/pistonaddict.com\/lt\/product\/fisker-karma-2\/#primaryimage\",\"url\":\"https:\/\/pistonaddict.com\/wp-content\/uploads\/2024\/05\/IMG-20240321-WA0010.jpg\",\"contentUrl\":\"https:\/\/pistonaddict.com\/wp-content\/uploads\/2024\/05\/IMG-20240321-WA0010.jpg\",\"width\":2000,\"height\":1500},{\"@type\":\"BreadcrumbList\",\"@id\":\"https:\/\/pistonaddict.com\/lt\/product\/fisker-karma-2\/#breadcrumb\",\"itemListElement\":[{\"@type\":\"ListItem\",\"position\":1,\"name\":\"Pagrindinis puslapis\",\"item\":\"https:\/\/pistonaddict.com\/lt\/pradzia\/\"},{\"@type\":\"ListItem\",\"position\":2,\"name\":\"Auctions\",\"item\":\"https:\/\/pistonaddict.com\/auctions-listing\/\"},{\"@type\":\"ListItem\",\"position\":3,\"name\":\"&#8220;Fisker Karma\"}]},{\"@type\":\"WebSite\",\"@id\":\"https:\/\/pistonaddict.com\/lt\/#website\",\"url\":\"https:\/\/pistonaddict.com\/lt\/\",\"name\":\"Piston Addict\",\"description\":\"Only interesting vehicles\",\"publisher\":{\"@id\":\"https:\/\/pistonaddict.com\/lt\/#organization\"},\"potentialAction\":[{\"@type\":\"SearchAction\",\"target\":{\"@type\":\"EntryPoint\",\"urlTemplate\":\"https:\/\/pistonaddict.com\/lt\/?s={search_term_string}\"},\"query-input\":\"required name=search_term_string\"}],\"inLanguage\":\"lt-LT\"},{\"@type\":\"Organization\",\"@id\":\"https:\/\/pistonaddict.com\/lt\/#organization\",\"name\":\"Piston Addict\",\"url\":\"https:\/\/pistonaddict.com\/lt\/\",\"logo\":{\"@type\":\"ImageObject\",\"inLanguage\":\"lt-LT\",\"@id\":\"https:\/\/pistonaddict.com\/lt\/#\/schema\/logo\/image\/\",\"url\":\"https:\/\/pistonaddict.com\/wp-content\/uploads\/2022\/07\/logo-6.png\",\"contentUrl\":\"https:\/\/pistonaddict.com\/wp-content\/uploads\/2022\/07\/logo-6.png\",\"width\":970,\"height\":200,\"caption\":\"Piston Addict\"},\"image\":{\"@id\":\"https:\/\/pistonaddict.com\/lt\/#\/schema\/logo\/image\/\"}}]}<\/script>\n<!-- \/ Yoast SEO plugin. -->","yoast_head_json":{"title":"\"Fisker Karma - Piston Addict","robots":{"index":"index","follow":"follow","max-snippet":"max-snippet:-1","max-image-preview":"max-image-preview:large","max-video-preview":"max-video-preview:-1"},"canonical":"https:\/\/pistonaddict.com\/lt\/product\/fisker-karma-2\/","og_locale":"lt_LT","og_type":"article","og_title":"\"Fisker Karma - Piston Addict","og_description":"\"Fisker Karma\" visada bus prisimenamas kaip vienas i\u0161 \u012fdomiausi\u0173 ir vienas pirm\u0173j\u0173 hibridini\u0173 automobili\u0173 pasaulyje. D\u0117l unikalaus dizaino, galingos transmisijos, puiki\u0173 savybi\u0173 ir labai ma\u017eo gamybos skai\u010diaus \"Karma\" i\u0161 ties\u0173 yra pirmasis kolekcinis \u0161iuolaikinio elektromobilio ir hibridinio automobilio modelis. Ateities klasika? Tikrai!","og_url":"https:\/\/pistonaddict.com\/lt\/product\/fisker-karma-2\/","og_site_name":"Piston Addict","article_modified_time":"2024-05-21T12:15:18+00:00","og_image":[{"width":2000,"height":1500,"url":"https:\/\/pistonaddict.com\/wp-content\/uploads\/2024\/05\/IMG-20240321-WA0010.jpg","type":"image\/jpeg"}],"twitter_card":"summary_large_image","twitter_misc":{"Est. reading time":"3 minut\u0117s"},"schema":{"@context":"https:\/\/schema.org","@graph":[{"@type":"WebPage","@id":"https:\/\/pistonaddict.com\/lt\/product\/fisker-karma-2\/","url":"https:\/\/pistonaddict.com\/lt\/product\/fisker-karma-2\/","name":"\"Fisker Karma - Piston Addict","isPartOf":{"@id":"https:\/\/pistonaddict.com\/lt\/#website"},"primaryImageOfPage":{"@id":"https:\/\/pistonaddict.com\/lt\/product\/fisker-karma-2\/#primaryimage"},"image":{"@id":"https:\/\/pistonaddict.com\/lt\/product\/fisker-karma-2\/#primaryimage"},"thumbnailUrl":"https:\/\/pistonaddict.com\/wp-content\/uploads\/2024\/05\/IMG-20240321-WA0010.jpg","datePublished":"2024-05-21T09:33:26+00:00","dateModified":"2024-05-21T12:15:18+00:00","breadcrumb":{"@id":"https:\/\/pistonaddict.com\/lt\/product\/fisker-karma-2\/#breadcrumb"},"inLanguage":"lt-LT","potentialAction":[{"@type":"ReadAction","target":["https:\/\/pistonaddict.com\/lt\/product\/fisker-karma-2\/"]}]},{"@type":"ImageObject","inLanguage":"lt-LT","@id":"https:\/\/pistonaddict.com\/lt\/product\/fisker-karma-2\/#primaryimage","url":"https:\/\/pistonaddict.com\/wp-content\/uploads\/2024\/05\/IMG-20240321-WA0010.jpg","contentUrl":"https:\/\/pistonaddict.com\/wp-content\/uploads\/2024\/05\/IMG-20240321-WA0010.jpg","width":2000,"height":1500},{"@type":"BreadcrumbList","@id":"https:\/\/pistonaddict.com\/lt\/product\/fisker-karma-2\/#breadcrumb","itemListElement":[{"@type":"ListItem","position":1,"name":"Pagrindinis puslapis","item":"https:\/\/pistonaddict.com\/lt\/pradzia\/"},{"@type":"ListItem","position":2,"name":"Auctions","item":"https:\/\/pistonaddict.com\/auctions-listing\/"},{"@type":"ListItem","position":3,"name":"&#8220;Fisker Karma"}]},{"@type":"WebSite","@id":"https:\/\/pistonaddict.com\/lt\/#website","url":"https:\/\/pistonaddict.com\/lt\/","name":"Piston Addict","description":"Only interesting vehicles","publisher":{"@id":"https:\/\/pistonaddict.com\/lt\/#organization"},"potentialAction":[{"@type":"SearchAction","target":{"@type":"EntryPoint","urlTemplate":"https:\/\/pistonaddict.com\/lt\/?s={search_term_string}"},"query-input":"required name=search_term_string"}],"inLanguage":"lt-LT"},{"@type":"Organization","@id":"https:\/\/pistonaddict.com\/lt\/#organization","name":"Piston Addict","url":"https:\/\/pistonaddict.com\/lt\/","logo":{"@type":"ImageObject","inLanguage":"lt-LT","@id":"https:\/\/pistonaddict.com\/lt\/#\/schema\/logo\/image\/","url":"https:\/\/pistonaddict.com\/wp-content\/uploads\/2022\/07\/logo-6.png","contentUrl":"https:\/\/pistonaddict.com\/wp-content\/uploads\/2022\/07\/logo-6.png","width":970,"height":200,"caption":"Piston Addict"},"image":{"@id":"https:\/\/pistonaddict.com\/lt\/#\/schema\/logo\/image\/"}}]}},"_links":{"self":[{"href":"https:\/\/pistonaddict.com\/lt\/wp-json\/wp\/v2\/product\/104851"}],"collection":[{"href":"https:\/\/pistonaddict.com\/lt\/wp-json\/wp\/v2\/product"}],"about":[{"href":"https:\/\/pistonaddict.com\/lt\/wp-json\/wp\/v2\/types\/product"}],"replies":[{"embeddable":true,"href":"https:\/\/pistonaddict.com\/lt\/wp-json\/wp\/v2\/comments?post=104851"}],"wp:featuredmedia":[{"embeddable":true,"href":"https:\/\/pistonaddict.com\/lt\/wp-json\/wp\/v2\/media\/104624"}],"wp:attachment":[{"href":"https:\/\/pistonaddict.com\/lt\/wp-json\/wp\/v2\/media?parent=104851"}],"wp:term":[{"taxonomy":"product_cat","embeddable":true,"href":"https:\/\/pistonaddict.com\/lt\/wp-json\/wp\/v2\/product_cat?post=104851"},{"taxonomy":"product_tag","embeddable":true,"href":"https:\/\/pistonaddict.com\/lt\/wp-json\/wp\/v2\/product_tag?post=104851"}],"curies":[{"name":"wp","href":"https:\/\/api.w.org\/{rel}","templated":true}]}}