{"id":104253,"date":"2024-05-17T11:16:20","date_gmt":"2024-05-17T09:16:20","guid":{"rendered":"https:\/\/pistonaddict.com\/product\/1979-m-pontiac-bonneville-brougham\/"},"modified":"2024-05-17T15:57:17","modified_gmt":"2024-05-17T13:57:17","slug":"1979-pontiac-bonneville-brougham","status":"publish","type":"product","link":"https:\/\/pistonaddict.com\/lt\/product\/1979-pontiac-bonneville-brougham\/","title":{"rendered":"1979 m. &#8220;Pontiac Bonneville Brougham"},"content":{"rendered":"<p><strong>Automobilio istorija<\/strong><\/p>\n<p>GM nomenklat\u016broje &#8220;Pontiac Bonneville&#8221; u\u017e\u0117m\u0117 ypating\u0105 viet\u0105. Nors \u0161is automobilis buvo glaud\u017eiai susij\u0119s su \u012fprastesniais &#8220;Chevrolet Impala&#8221; ir &#8220;Caprice&#8221; modeliais, unikal\u016bs dizaino elementai, prabanga ir na\u0161umo alure ai\u0161kiai skyr\u0117 j\u012f nuo kit\u0173 modeli\u0173. Nuo 1958 m., kai buvo pristatytas pirmasis &#8220;Bonneville&#8221; modelis, \u0161i mark\u0117 turi ypating\u0105 \u017eaves\u012f tarp JAV automobili\u0173 gerb\u0117j\u0173. Nepaisant to, kad 1979 m. &#8220;Bonneville&#8221; buvo ne toks galingas kaip jo pirmtakai, jis buvo laikomas vienu geriausi\u0173 sedan\u0173 rinkoje ir geriausiu pasirinkimu i\u0161rankiems entuziastams, norintiems prabangos ir eksploatacini\u0173 savybi\u0173 derinio. \u0160i \u0161e\u0161toji karta buvo pristatyta 1977 m. ir pardavin\u0117ta iki 1981 m., kol GM j\u0105 pakeit\u0117 ma\u017eesniu ir ne tokiu patraukliu modeliu. \u0160tai kod\u0117l \u0161is konkretus &#8220;Bonneville&#8221; yra toks \u012fdomus. Tai ne tik vienas i\u0161 paskutini\u0173j\u0173 tikr\u0173 &#8220;Pontiac&#8221; sedan\u0173, bet ir unikalios istorijos pavyzdys, be to, jis yra nepriekai\u0161tingos b\u016bkl\u0117s. Kadangi tai &#8220;Bonneville Brougham&#8221; (auk\u0161\u010diausios klas\u0117s modelis), jis taip pat yra gana retas, o tais metais &#8220;Pontiac&#8221; pagamino tik apie 17 300 egzempliori\u0173. Po variklio gaubtu yra pasirenkamas 350 V8 (5,7 l), kurio 170 AG yra sujungtas su 4 laipsni\u0173 automatine pavar\u0173 d\u0117\u017ee.<\/p>\n<p>\u0160is pavyzdys 1979 m. buvo parduotas Meksikoje ir i\u0161kart po to importuotas \u012f Ispanij\u0105. \u0160tai kod\u0117l jame yra spidometras kilometrais ir kita konkreti informacija. Savininkas j\u012f importavo ir naudojo nereguliariai, tod\u0117l automobilis nuva\u017eiavo tik 31 000 km. Dabartinis savininkas j\u012f \u012fsigijo 2019 m. i\u0161 pradinio savininko \u0161eimos ir restauravo automobil\u012f (da\u017eymo darbai ir kelios detal\u0117s), tod\u0117l \u0161is ie\u0161komas sedanas tapo naujos b\u016bkl\u0117s.<\/p>\n<p><strong>Interjeras<\/strong><\/p>\n<p>Kai s\u0117site prie 1979 m. &#8220;Pontiac Bonneville&#8221; vairo, j\u016bs\u0173 \u012fsivaizdavimas apie prabang\u0173 interjer\u0105 i\u0161kart pasikeis. Masyvios ir patogios veli\u016brin\u0117s s\u0117dyn\u0117s, daug erdv\u0117s salone, chromuotos detal\u0117s ir tylumas neprilygsta net daugeliui niekada neeksploatuot\u0173 automobili\u0173. Karamel\u0117s spalvos apmu\u0161alai ir kilim\u0117liai puikiai dera prie med\u017eio spalvos intarp\u0173 ir i\u0161or\u0117s spalvos, ir tai yra puikus septintojo de\u0161imtme\u010dio pabaigos Detroito estetikos pavyzdys. Tai taip pat gerai \u012frengta transporto priemon\u0117 su elektra valdomais langais ir veidrod\u0117liais, automatine kondicionavimo sistema, pakeista \u012f \u0161iuolaikin\u0119 dujin\u0119, stereo sistema ir kruizo valdymu. Viskas visi\u0161kai veikia ir n\u0117ra joki\u0173 pa\u017eeidim\u0173.<\/p>\n<p><strong>Automobilio b\u016bkl\u0117<\/strong><\/p>\n<p>\u0160is &#8220;Bonneville Brougham&#8221;, kurio odometro stulpelis rodo lygiai 31 619 kilometr\u0173, visada buvo laikomas gara\u017ee, o nenaudojamas &#8211; po unikaliu dang\u010diu. D\u0117l neseniai atlikto originalios spalvos perda\u017eymo galime dr\u0105siai teigti, kad transporto priemon\u0117 yra kaip nauja. Chromuotos detal\u0117s blizga; visos apdailos detal\u0117s yra puikios b\u016bkl\u0117s, original\u016bs ratlankiai ir atitinkan\u010dios laikmet\u012f padangos. 2024 m. baland\u012f automobiliui buvo atlikta technin\u0117 prie\u017ei\u016bra, pakeista alyva ir suremontuoti stabd\u017eiai, o 2021 m. atlikti kai kurie elektros darbai. Atsi\u017evelgiant \u012f rid\u0105, b\u016bkl\u0119 ir apvaizd\u0105, tai gali b\u016bti geriausias 1979 m. &#8220;Bonneville Brougham&#8221;. \u0160is automobilis pra\u0117jo ITV technin\u0119 ap\u017ei\u016br\u0105, kuri galioja iki 2028 m.<\/p>\n<p><strong>I\u0161or\u0117 ir ratai<\/strong><\/p>\n<p>K\u0117bulas nepriekai\u0161tingai nuda\u017eytas profesionaliais ir teisingais naujais originalios spalvos da\u017eais. Perda\u017eymas buvo s\u0117kmingas, nes k\u0117bulas buvo puikiai i\u0161silaik\u0119s, be korozijos, pa\u017eeidim\u0173 ar remonto. Su originaliais vieliniais ratais, savininkas sumontavo 2021 m. b\u016bdingas ir originalias baltas padangas.<\/p>\n<p><strong>Dokumentacija<\/strong><\/p>\n<p>Automobilis yra Ispanijoje ir turi i\u0161sami\u0105 dokument\u0173 byl\u0105, \u012fskaitant technin\u0117s prie\u017ei\u016bros kvitus, Ispanijos technin\u0117s ap\u017ei\u016bros dokumentus, klasikinio automobilio statuso patvirtinim\u0105 ir t. t. N\u0117ra joki\u0173 \u012fra\u0161\u0173 apie \u017eal\u0105, vagyst\u0117s i\u0161ie\u0161kojim\u0105 ar draudimo i\u0161mokas. Dokumentai apima transporto priemon\u0119 nuo pat pirmos dienos ir yra pilni i\u0161skirtin\u0117s prie\u017ei\u016bros \u012frodym\u0173.<\/p>\n<p><strong>Per\u017ei\u016br\u0117kite \u0161io nepriekai\u0161tingo 1979 m. &#8220;Pontiac Bonneville&#8221; \u0161altojo starto vaizdo \u012fra\u0161\u0105:<\/strong><\/p>\n<p><iframe title=\"Cold Start Video of the incredible 1979 Pontiac Bonneville\" width=\"1200\" height=\"675\" src=\"https:\/\/www.youtube.com\/embed\/6DKO8uhEkN8?feature=oembed\" frameborder=\"0\" allow=\"accelerometer; autoplay; clipboard-write; encrypted-media; gyroscope; picture-in-picture; web-share\" referrerpolicy=\"strict-origin-when-cross-origin\" allowfullscreen><\/iframe><\/p>\n","protected":false},"excerpt":{"rendered":"<p>Automobili\u0173 istorijoje &#8220;Pontiac&#8221; bus prisimenamas kaip \u012fdomus &#8220;GM&#8221; prek\u0117s \u017eenklas, pasi\u017eymintis galingais raumeningais automobiliais, eleganti\u0161komis formomis ir novatori\u0161ku dizainu. 1979 m. &#8220;Bonneville&#8221; yra modeli\u0173 linijos vir\u0161\u016bn\u0117je ir \u017eymi tam tikros pilno dyd\u017eio sedan\u0173 eros pabaig\u0105. \u0160is sedanas, pasi\u017eymintis neprilygstamu stiliumi, didele erdve ir daugybe prabangi\u0173 funkcij\u0173, yra puikus klasikinio amerikieti\u0161ko automobilio pavyzdys.<\/p>\n","protected":false},"featured_media":104293,"comment_status":"open","ping_status":"closed","template":"","meta":{"inline_featured_image":false},"product_cat":[703],"product_tag":[4001,4019,902],"acf":[],"yoast_head":"<!-- This site is optimized with the Yoast SEO plugin v22.5 - https:\/\/yoast.com\/wordpress\/plugins\/seo\/ -->\n<title>1979 m. &quot;Pontiac Bonneville Brougham - Piston Addict<\/title>\n<meta name=\"robots\" content=\"index, follow, max-snippet:-1, max-image-preview:large, max-video-preview:-1\" \/>\n<link rel=\"canonical\" href=\"https:\/\/pistonaddict.com\/lt\/product\/1979-pontiac-bonneville-brougham\/\" \/>\n<meta property=\"og:locale\" content=\"lt_LT\" \/>\n<meta property=\"og:type\" content=\"article\" \/>\n<meta property=\"og:title\" content=\"1979 m. &quot;Pontiac Bonneville Brougham - Piston Addict\" \/>\n<meta property=\"og:description\" content=\"Automobili\u0173 istorijoje &quot;Pontiac&quot; bus prisimenamas kaip \u012fdomus &quot;GM&quot; prek\u0117s \u017eenklas, pasi\u017eymintis galingais raumeningais automobiliais, eleganti\u0161komis formomis ir novatori\u0161ku dizainu. 1979 m. &quot;Bonneville&quot; yra modeli\u0173 linijos vir\u0161\u016bn\u0117je ir \u017eymi tam tikros pilno dyd\u017eio sedan\u0173 eros pabaig\u0105. \u0160is sedanas, pasi\u017eymintis neprilygstamu stiliumi, didele erdve ir daugybe prabangi\u0173 funkcij\u0173, yra puikus klasikinio amerikieti\u0161ko automobilio pavyzdys.\" \/>\n<meta property=\"og:url\" content=\"https:\/\/pistonaddict.com\/lt\/product\/1979-pontiac-bonneville-brougham\/\" \/>\n<meta property=\"og:site_name\" content=\"Piston Addict\" \/>\n<meta property=\"article:modified_time\" content=\"2024-05-17T13:57:17+00:00\" \/>\n<meta property=\"og:image\" content=\"https:\/\/pistonaddict.com\/wp-content\/uploads\/2024\/05\/5a7bfe0d-cda7-49a4-89d2-85a67cfe2d90-1.jpg\" \/>\n\t<meta property=\"og:image:width\" content=\"2016\" \/>\n\t<meta property=\"og:image:height\" content=\"1134\" \/>\n\t<meta property=\"og:image:type\" content=\"image\/jpeg\" \/>\n<meta name=\"twitter:card\" content=\"summary_large_image\" \/>\n<meta name=\"twitter:label1\" content=\"Est. reading time\" \/>\n\t<meta name=\"twitter:data1\" content=\"3 minut\u0117s\" \/>\n<script type=\"application\/ld+json\" class=\"yoast-schema-graph\">{\"@context\":\"https:\/\/schema.org\",\"@graph\":[{\"@type\":\"WebPage\",\"@id\":\"https:\/\/pistonaddict.com\/lt\/product\/1979-pontiac-bonneville-brougham\/\",\"url\":\"https:\/\/pistonaddict.com\/lt\/product\/1979-pontiac-bonneville-brougham\/\",\"name\":\"1979 m. \\\"Pontiac Bonneville Brougham - Piston Addict\",\"isPartOf\":{\"@id\":\"https:\/\/pistonaddict.com\/lt\/#website\"},\"primaryImageOfPage\":{\"@id\":\"https:\/\/pistonaddict.com\/lt\/product\/1979-pontiac-bonneville-brougham\/#primaryimage\"},\"image\":{\"@id\":\"https:\/\/pistonaddict.com\/lt\/product\/1979-pontiac-bonneville-brougham\/#primaryimage\"},\"thumbnailUrl\":\"https:\/\/pistonaddict.com\/wp-content\/uploads\/2024\/05\/5a7bfe0d-cda7-49a4-89d2-85a67cfe2d90-1.jpg\",\"datePublished\":\"2024-05-17T09:16:20+00:00\",\"dateModified\":\"2024-05-17T13:57:17+00:00\",\"breadcrumb\":{\"@id\":\"https:\/\/pistonaddict.com\/lt\/product\/1979-pontiac-bonneville-brougham\/#breadcrumb\"},\"inLanguage\":\"lt-LT\",\"potentialAction\":[{\"@type\":\"ReadAction\",\"target\":[\"https:\/\/pistonaddict.com\/lt\/product\/1979-pontiac-bonneville-brougham\/\"]}]},{\"@type\":\"ImageObject\",\"inLanguage\":\"lt-LT\",\"@id\":\"https:\/\/pistonaddict.com\/lt\/product\/1979-pontiac-bonneville-brougham\/#primaryimage\",\"url\":\"https:\/\/pistonaddict.com\/wp-content\/uploads\/2024\/05\/5a7bfe0d-cda7-49a4-89d2-85a67cfe2d90-1.jpg\",\"contentUrl\":\"https:\/\/pistonaddict.com\/wp-content\/uploads\/2024\/05\/5a7bfe0d-cda7-49a4-89d2-85a67cfe2d90-1.jpg\",\"width\":2016,\"height\":1134},{\"@type\":\"BreadcrumbList\",\"@id\":\"https:\/\/pistonaddict.com\/lt\/product\/1979-pontiac-bonneville-brougham\/#breadcrumb\",\"itemListElement\":[{\"@type\":\"ListItem\",\"position\":1,\"name\":\"Pagrindinis puslapis\",\"item\":\"https:\/\/pistonaddict.com\/lt\/pradzia\/\"},{\"@type\":\"ListItem\",\"position\":2,\"name\":\"Auctions\",\"item\":\"https:\/\/pistonaddict.com\/auctions-listing\/\"},{\"@type\":\"ListItem\",\"position\":3,\"name\":\"1979 m. &#8220;Pontiac Bonneville Brougham\"}]},{\"@type\":\"WebSite\",\"@id\":\"https:\/\/pistonaddict.com\/lt\/#website\",\"url\":\"https:\/\/pistonaddict.com\/lt\/\",\"name\":\"Piston Addict\",\"description\":\"Only interesting vehicles\",\"publisher\":{\"@id\":\"https:\/\/pistonaddict.com\/lt\/#organization\"},\"potentialAction\":[{\"@type\":\"SearchAction\",\"target\":{\"@type\":\"EntryPoint\",\"urlTemplate\":\"https:\/\/pistonaddict.com\/lt\/?s={search_term_string}\"},\"query-input\":\"required name=search_term_string\"}],\"inLanguage\":\"lt-LT\"},{\"@type\":\"Organization\",\"@id\":\"https:\/\/pistonaddict.com\/lt\/#organization\",\"name\":\"Piston Addict\",\"url\":\"https:\/\/pistonaddict.com\/lt\/\",\"logo\":{\"@type\":\"ImageObject\",\"inLanguage\":\"lt-LT\",\"@id\":\"https:\/\/pistonaddict.com\/lt\/#\/schema\/logo\/image\/\",\"url\":\"https:\/\/pistonaddict.com\/wp-content\/uploads\/2022\/07\/logo-6.png\",\"contentUrl\":\"https:\/\/pistonaddict.com\/wp-content\/uploads\/2022\/07\/logo-6.png\",\"width\":970,\"height\":200,\"caption\":\"Piston Addict\"},\"image\":{\"@id\":\"https:\/\/pistonaddict.com\/lt\/#\/schema\/logo\/image\/\"}}]}<\/script>\n<!-- \/ Yoast SEO plugin. -->","yoast_head_json":{"title":"1979 m. \"Pontiac Bonneville Brougham - Piston Addict","robots":{"index":"index","follow":"follow","max-snippet":"max-snippet:-1","max-image-preview":"max-image-preview:large","max-video-preview":"max-video-preview:-1"},"canonical":"https:\/\/pistonaddict.com\/lt\/product\/1979-pontiac-bonneville-brougham\/","og_locale":"lt_LT","og_type":"article","og_title":"1979 m. \"Pontiac Bonneville Brougham - Piston Addict","og_description":"Automobili\u0173 istorijoje \"Pontiac\" bus prisimenamas kaip \u012fdomus \"GM\" prek\u0117s \u017eenklas, pasi\u017eymintis galingais raumeningais automobiliais, eleganti\u0161komis formomis ir novatori\u0161ku dizainu. 1979 m. \"Bonneville\" yra modeli\u0173 linijos vir\u0161\u016bn\u0117je ir \u017eymi tam tikros pilno dyd\u017eio sedan\u0173 eros pabaig\u0105. \u0160is sedanas, pasi\u017eymintis neprilygstamu stiliumi, didele erdve ir daugybe prabangi\u0173 funkcij\u0173, yra puikus klasikinio amerikieti\u0161ko automobilio pavyzdys.","og_url":"https:\/\/pistonaddict.com\/lt\/product\/1979-pontiac-bonneville-brougham\/","og_site_name":"Piston Addict","article_modified_time":"2024-05-17T13:57:17+00:00","og_image":[{"width":2016,"height":1134,"url":"https:\/\/pistonaddict.com\/wp-content\/uploads\/2024\/05\/5a7bfe0d-cda7-49a4-89d2-85a67cfe2d90-1.jpg","type":"image\/jpeg"}],"twitter_card":"summary_large_image","twitter_misc":{"Est. reading time":"3 minut\u0117s"},"schema":{"@context":"https:\/\/schema.org","@graph":[{"@type":"WebPage","@id":"https:\/\/pistonaddict.com\/lt\/product\/1979-pontiac-bonneville-brougham\/","url":"https:\/\/pistonaddict.com\/lt\/product\/1979-pontiac-bonneville-brougham\/","name":"1979 m. \"Pontiac Bonneville Brougham - Piston Addict","isPartOf":{"@id":"https:\/\/pistonaddict.com\/lt\/#website"},"primaryImageOfPage":{"@id":"https:\/\/pistonaddict.com\/lt\/product\/1979-pontiac-bonneville-brougham\/#primaryimage"},"image":{"@id":"https:\/\/pistonaddict.com\/lt\/product\/1979-pontiac-bonneville-brougham\/#primaryimage"},"thumbnailUrl":"https:\/\/pistonaddict.com\/wp-content\/uploads\/2024\/05\/5a7bfe0d-cda7-49a4-89d2-85a67cfe2d90-1.jpg","datePublished":"2024-05-17T09:16:20+00:00","dateModified":"2024-05-17T13:57:17+00:00","breadcrumb":{"@id":"https:\/\/pistonaddict.com\/lt\/product\/1979-pontiac-bonneville-brougham\/#breadcrumb"},"inLanguage":"lt-LT","potentialAction":[{"@type":"ReadAction","target":["https:\/\/pistonaddict.com\/lt\/product\/1979-pontiac-bonneville-brougham\/"]}]},{"@type":"ImageObject","inLanguage":"lt-LT","@id":"https:\/\/pistonaddict.com\/lt\/product\/1979-pontiac-bonneville-brougham\/#primaryimage","url":"https:\/\/pistonaddict.com\/wp-content\/uploads\/2024\/05\/5a7bfe0d-cda7-49a4-89d2-85a67cfe2d90-1.jpg","contentUrl":"https:\/\/pistonaddict.com\/wp-content\/uploads\/2024\/05\/5a7bfe0d-cda7-49a4-89d2-85a67cfe2d90-1.jpg","width":2016,"height":1134},{"@type":"BreadcrumbList","@id":"https:\/\/pistonaddict.com\/lt\/product\/1979-pontiac-bonneville-brougham\/#breadcrumb","itemListElement":[{"@type":"ListItem","position":1,"name":"Pagrindinis puslapis","item":"https:\/\/pistonaddict.com\/lt\/pradzia\/"},{"@type":"ListItem","position":2,"name":"Auctions","item":"https:\/\/pistonaddict.com\/auctions-listing\/"},{"@type":"ListItem","position":3,"name":"1979 m. &#8220;Pontiac Bonneville Brougham"}]},{"@type":"WebSite","@id":"https:\/\/pistonaddict.com\/lt\/#website","url":"https:\/\/pistonaddict.com\/lt\/","name":"Piston Addict","description":"Only interesting vehicles","publisher":{"@id":"https:\/\/pistonaddict.com\/lt\/#organization"},"potentialAction":[{"@type":"SearchAction","target":{"@type":"EntryPoint","urlTemplate":"https:\/\/pistonaddict.com\/lt\/?s={search_term_string}"},"query-input":"required name=search_term_string"}],"inLanguage":"lt-LT"},{"@type":"Organization","@id":"https:\/\/pistonaddict.com\/lt\/#organization","name":"Piston Addict","url":"https:\/\/pistonaddict.com\/lt\/","logo":{"@type":"ImageObject","inLanguage":"lt-LT","@id":"https:\/\/pistonaddict.com\/lt\/#\/schema\/logo\/image\/","url":"https:\/\/pistonaddict.com\/wp-content\/uploads\/2022\/07\/logo-6.png","contentUrl":"https:\/\/pistonaddict.com\/wp-content\/uploads\/2022\/07\/logo-6.png","width":970,"height":200,"caption":"Piston Addict"},"image":{"@id":"https:\/\/pistonaddict.com\/lt\/#\/schema\/logo\/image\/"}}]}},"_links":{"self":[{"href":"https:\/\/pistonaddict.com\/lt\/wp-json\/wp\/v2\/product\/104253"}],"collection":[{"href":"https:\/\/pistonaddict.com\/lt\/wp-json\/wp\/v2\/product"}],"about":[{"href":"https:\/\/pistonaddict.com\/lt\/wp-json\/wp\/v2\/types\/product"}],"replies":[{"embeddable":true,"href":"https:\/\/pistonaddict.com\/lt\/wp-json\/wp\/v2\/comments?post=104253"}],"wp:featuredmedia":[{"embeddable":true,"href":"https:\/\/pistonaddict.com\/lt\/wp-json\/wp\/v2\/media\/104293"}],"wp:attachment":[{"href":"https:\/\/pistonaddict.com\/lt\/wp-json\/wp\/v2\/media?parent=104253"}],"wp:term":[{"taxonomy":"product_cat","embeddable":true,"href":"https:\/\/pistonaddict.com\/lt\/wp-json\/wp\/v2\/product_cat?post=104253"},{"taxonomy":"product_tag","embeddable":true,"href":"https:\/\/pistonaddict.com\/lt\/wp-json\/wp\/v2\/product_tag?post=104253"}],"curies":[{"name":"wp","href":"https:\/\/api.w.org\/{rel}","templated":true}]}}