{"id":51262,"date":"2022-04-28T09:17:25","date_gmt":"2022-04-28T07:17:25","guid":{"rendered":"https:\/\/pistonaddict.com\/pradzia\/"},"modified":"2024-05-17T17:26:19","modified_gmt":"2024-05-17T15:26:19","slug":"pradzia","status":"publish","type":"page","link":"https:\/\/pistonaddict.com\/lt\/","title":{"rendered":"Prad\u017eia"},"content":{"rendered":"","protected":false},"excerpt":{"rendered":"","protected":false},"author":1,"featured_media":0,"parent":0,"menu_order":0,"comment_status":"closed","ping_status":"closed","template":"template-parts\/tpl-accueil.php","meta":{"inline_featured_image":false,"footnotes":""},"acf":[],"yoast_head":"<!-- This site is optimized with the Yoast SEO plugin v22.5 - https:\/\/yoast.com\/wordpress\/plugins\/seo\/ -->\n<title>Piston Addict : Automobili\u0173 internetini\u0173 aukcion\u0173 rinka<\/title>\n<meta name=\"description\" content=\"&quot;Piston Addict&quot; aukcionai yra tarptautin\u0117 senovini\u0173 ir klasikini\u0173 transporto priemoni\u0173 rinka. Parduokite ir pirkite aukcionuose savo svajoni\u0173 transporto priemon\u0119 &quot;Piston Addict&quot;, tik \u012fdomias transporto priemones - nuo senovini\u0173 motocikl\u0173 iki hiperautomobili\u0173. Taip pat galite gauti informacijos apie kit\u0105 transporto priemon\u0119 i\u0161 &quot;Piston Addict&quot; straipsni\u0173 apie automobilius, kuriuos ra\u0161o m\u016bs\u0173 automobili\u0173 \u017eurnalistai, ir u\u017eduoti klausimus &quot;Piston Addict&quot; bendruomenei.\" \/>\n<meta name=\"robots\" content=\"index, follow, max-snippet:-1, max-image-preview:large, max-video-preview:-1\" \/>\n<link rel=\"canonical\" href=\"https:\/\/pistonaddict.com\/lt\/\" \/>\n<meta property=\"og:locale\" content=\"lt_LT\" \/>\n<meta property=\"og:type\" content=\"article\" \/>\n<meta property=\"og:title\" content=\"Piston Addict : Automobili\u0173 internetini\u0173 aukcion\u0173 rinka\" \/>\n<meta property=\"og:description\" content=\"&quot;Piston Addict&quot; aukcionai yra tarptautin\u0117 senovini\u0173 ir klasikini\u0173 transporto priemoni\u0173 rinka. Parduokite ir pirkite aukcionuose savo svajoni\u0173 transporto priemon\u0119 &quot;Piston Addict&quot;, tik \u012fdomias transporto priemones - nuo senovini\u0173 motocikl\u0173 iki hiperautomobili\u0173. Taip pat galite gauti informacijos apie kit\u0105 transporto priemon\u0119 i\u0161 &quot;Piston Addict&quot; straipsni\u0173 apie automobilius, kuriuos ra\u0161o m\u016bs\u0173 automobili\u0173 \u017eurnalistai, ir u\u017eduoti klausimus &quot;Piston Addict&quot; bendruomenei.\" \/>\n<meta property=\"og:url\" content=\"https:\/\/pistonaddict.com\/lt\/\" \/>\n<meta property=\"og:site_name\" content=\"Piston Addict\" \/>\n<meta property=\"article:modified_time\" content=\"2024-05-17T15:26:19+00:00\" \/>\n<meta name=\"twitter:card\" content=\"summary_large_image\" \/>\n<script type=\"application\/ld+json\" class=\"yoast-schema-graph\">{\"@context\":\"https:\/\/schema.org\",\"@graph\":[{\"@type\":\"WebPage\",\"@id\":\"https:\/\/pistonaddict.com\/lt\/\",\"url\":\"https:\/\/pistonaddict.com\/lt\/\",\"name\":\"Piston Addict : Automobili\u0173 internetini\u0173 aukcion\u0173 rinka\",\"isPartOf\":{\"@id\":\"https:\/\/pistonaddict.com\/lt\/#website\"},\"datePublished\":\"2022-04-28T07:17:25+00:00\",\"dateModified\":\"2024-05-17T15:26:19+00:00\",\"description\":\"\\\"Piston Addict\\\" aukcionai yra tarptautin\u0117 senovini\u0173 ir klasikini\u0173 transporto priemoni\u0173 rinka. Parduokite ir pirkite aukcionuose savo svajoni\u0173 transporto priemon\u0119 \\\"Piston Addict\\\", tik \u012fdomias transporto priemones - nuo senovini\u0173 motocikl\u0173 iki hiperautomobili\u0173. Taip pat galite gauti informacijos apie kit\u0105 transporto priemon\u0119 i\u0161 \\\"Piston Addict\\\" straipsni\u0173 apie automobilius, kuriuos ra\u0161o m\u016bs\u0173 automobili\u0173 \u017eurnalistai, ir u\u017eduoti klausimus \\\"Piston Addict\\\" bendruomenei.\",\"breadcrumb\":{\"@id\":\"https:\/\/pistonaddict.com\/lt\/#breadcrumb\"},\"inLanguage\":\"lt-LT\",\"potentialAction\":[{\"@type\":\"ReadAction\",\"target\":[\"https:\/\/pistonaddict.com\/lt\/\"]}]},{\"@type\":\"BreadcrumbList\",\"@id\":\"https:\/\/pistonaddict.com\/lt\/#breadcrumb\",\"itemListElement\":[{\"@type\":\"ListItem\",\"position\":1,\"name\":\"Pagrindinis puslapis\",\"item\":\"https:\/\/pistonaddict.com\/lt\/pradzia\/\"},{\"@type\":\"ListItem\",\"position\":2,\"name\":\"Prad\u017eia\"}]},{\"@type\":\"WebSite\",\"@id\":\"https:\/\/pistonaddict.com\/lt\/#website\",\"url\":\"https:\/\/pistonaddict.com\/lt\/\",\"name\":\"Piston Addict\",\"description\":\"Only interesting vehicles\",\"publisher\":{\"@id\":\"https:\/\/pistonaddict.com\/lt\/#organization\"},\"potentialAction\":[{\"@type\":\"SearchAction\",\"target\":{\"@type\":\"EntryPoint\",\"urlTemplate\":\"https:\/\/pistonaddict.com\/lt\/?s={search_term_string}\"},\"query-input\":\"required name=search_term_string\"}],\"inLanguage\":\"lt-LT\"},{\"@type\":\"Organization\",\"@id\":\"https:\/\/pistonaddict.com\/lt\/#organization\",\"name\":\"Piston Addict\",\"url\":\"https:\/\/pistonaddict.com\/lt\/\",\"logo\":{\"@type\":\"ImageObject\",\"inLanguage\":\"lt-LT\",\"@id\":\"https:\/\/pistonaddict.com\/lt\/#\/schema\/logo\/image\/\",\"url\":\"https:\/\/pistonaddict.com\/wp-content\/uploads\/2022\/07\/logo-6.png\",\"contentUrl\":\"https:\/\/pistonaddict.com\/wp-content\/uploads\/2022\/07\/logo-6.png\",\"width\":970,\"height\":200,\"caption\":\"Piston Addict\"},\"image\":{\"@id\":\"https:\/\/pistonaddict.com\/lt\/#\/schema\/logo\/image\/\"}}]}<\/script>\n<!-- \/ Yoast SEO plugin. -->","yoast_head_json":{"title":"Piston Addict : Automobili\u0173 internetini\u0173 aukcion\u0173 rinka","description":"\"Piston Addict\" aukcionai yra tarptautin\u0117 senovini\u0173 ir klasikini\u0173 transporto priemoni\u0173 rinka. Parduokite ir pirkite aukcionuose savo svajoni\u0173 transporto priemon\u0119 \"Piston Addict\", tik \u012fdomias transporto priemones - nuo senovini\u0173 motocikl\u0173 iki hiperautomobili\u0173. Taip pat galite gauti informacijos apie kit\u0105 transporto priemon\u0119 i\u0161 \"Piston Addict\" straipsni\u0173 apie automobilius, kuriuos ra\u0161o m\u016bs\u0173 automobili\u0173 \u017eurnalistai, ir u\u017eduoti klausimus \"Piston Addict\" bendruomenei.","robots":{"index":"index","follow":"follow","max-snippet":"max-snippet:-1","max-image-preview":"max-image-preview:large","max-video-preview":"max-video-preview:-1"},"canonical":"https:\/\/pistonaddict.com\/lt\/","og_locale":"lt_LT","og_type":"article","og_title":"Piston Addict : Automobili\u0173 internetini\u0173 aukcion\u0173 rinka","og_description":"\"Piston Addict\" aukcionai yra tarptautin\u0117 senovini\u0173 ir klasikini\u0173 transporto priemoni\u0173 rinka. Parduokite ir pirkite aukcionuose savo svajoni\u0173 transporto priemon\u0119 \"Piston Addict\", tik \u012fdomias transporto priemones - nuo senovini\u0173 motocikl\u0173 iki hiperautomobili\u0173. Taip pat galite gauti informacijos apie kit\u0105 transporto priemon\u0119 i\u0161 \"Piston Addict\" straipsni\u0173 apie automobilius, kuriuos ra\u0161o m\u016bs\u0173 automobili\u0173 \u017eurnalistai, ir u\u017eduoti klausimus \"Piston Addict\" bendruomenei.","og_url":"https:\/\/pistonaddict.com\/lt\/","og_site_name":"Piston Addict","article_modified_time":"2024-05-17T15:26:19+00:00","twitter_card":"summary_large_image","schema":{"@context":"https:\/\/schema.org","@graph":[{"@type":"WebPage","@id":"https:\/\/pistonaddict.com\/lt\/","url":"https:\/\/pistonaddict.com\/lt\/","name":"Piston Addict : Automobili\u0173 internetini\u0173 aukcion\u0173 rinka","isPartOf":{"@id":"https:\/\/pistonaddict.com\/lt\/#website"},"datePublished":"2022-04-28T07:17:25+00:00","dateModified":"2024-05-17T15:26:19+00:00","description":"\"Piston Addict\" aukcionai yra tarptautin\u0117 senovini\u0173 ir klasikini\u0173 transporto priemoni\u0173 rinka. Parduokite ir pirkite aukcionuose savo svajoni\u0173 transporto priemon\u0119 \"Piston Addict\", tik \u012fdomias transporto priemones - nuo senovini\u0173 motocikl\u0173 iki hiperautomobili\u0173. Taip pat galite gauti informacijos apie kit\u0105 transporto priemon\u0119 i\u0161 \"Piston Addict\" straipsni\u0173 apie automobilius, kuriuos ra\u0161o m\u016bs\u0173 automobili\u0173 \u017eurnalistai, ir u\u017eduoti klausimus \"Piston Addict\" bendruomenei.","breadcrumb":{"@id":"https:\/\/pistonaddict.com\/lt\/#breadcrumb"},"inLanguage":"lt-LT","potentialAction":[{"@type":"ReadAction","target":["https:\/\/pistonaddict.com\/lt\/"]}]},{"@type":"BreadcrumbList","@id":"https:\/\/pistonaddict.com\/lt\/#breadcrumb","itemListElement":[{"@type":"ListItem","position":1,"name":"Pagrindinis puslapis","item":"https:\/\/pistonaddict.com\/lt\/pradzia\/"},{"@type":"ListItem","position":2,"name":"Prad\u017eia"}]},{"@type":"WebSite","@id":"https:\/\/pistonaddict.com\/lt\/#website","url":"https:\/\/pistonaddict.com\/lt\/","name":"Piston Addict","description":"Only interesting vehicles","publisher":{"@id":"https:\/\/pistonaddict.com\/lt\/#organization"},"potentialAction":[{"@type":"SearchAction","target":{"@type":"EntryPoint","urlTemplate":"https:\/\/pistonaddict.com\/lt\/?s={search_term_string}"},"query-input":"required name=search_term_string"}],"inLanguage":"lt-LT"},{"@type":"Organization","@id":"https:\/\/pistonaddict.com\/lt\/#organization","name":"Piston Addict","url":"https:\/\/pistonaddict.com\/lt\/","logo":{"@type":"ImageObject","inLanguage":"lt-LT","@id":"https:\/\/pistonaddict.com\/lt\/#\/schema\/logo\/image\/","url":"https:\/\/pistonaddict.com\/wp-content\/uploads\/2022\/07\/logo-6.png","contentUrl":"https:\/\/pistonaddict.com\/wp-content\/uploads\/2022\/07\/logo-6.png","width":970,"height":200,"caption":"Piston Addict"},"image":{"@id":"https:\/\/pistonaddict.com\/lt\/#\/schema\/logo\/image\/"}}]}},"_links":{"self":[{"href":"https:\/\/pistonaddict.com\/lt\/wp-json\/wp\/v2\/pages\/51262"}],"collection":[{"href":"https:\/\/pistonaddict.com\/lt\/wp-json\/wp\/v2\/pages"}],"about":[{"href":"https:\/\/pistonaddict.com\/lt\/wp-json\/wp\/v2\/types\/page"}],"author":[{"embeddable":true,"href":"https:\/\/pistonaddict.com\/lt\/wp-json\/wp\/v2\/users\/1"}],"replies":[{"embeddable":true,"href":"https:\/\/pistonaddict.com\/lt\/wp-json\/wp\/v2\/comments?post=51262"}],"version-history":[{"count":1,"href":"https:\/\/pistonaddict.com\/lt\/wp-json\/wp\/v2\/pages\/51262\/revisions"}],"predecessor-version":[{"id":80978,"href":"https:\/\/pistonaddict.com\/lt\/wp-json\/wp\/v2\/pages\/51262\/revisions\/80978"}],"wp:attachment":[{"href":"https:\/\/pistonaddict.com\/lt\/wp-json\/wp\/v2\/media?parent=51262"}],"curies":[{"name":"wp","href":"https:\/\/api.w.org\/{rel}","templated":true}]}}