{"id":3105,"date":"2022-04-29T11:20:06","date_gmt":"2022-04-29T09:20:06","guid":{"rendered":"https:\/\/pistonaddict.com\/komentaru-taisykles\/"},"modified":"2023-02-05T11:11:47","modified_gmt":"2023-02-05T10:11:47","slug":"komentaru-taisykles","status":"publish","type":"page","link":"https:\/\/pistonaddict.com\/lt\/komentaru-taisykles\/","title":{"rendered":"Komentar\u0173 taisykl\u0117s"},"content":{"rendered":"\t\t<div data-elementor-type=\"wp-page\" data-elementor-id=\"3105\" class=\"elementor elementor-3105 elementor-3043\">\n\t\t\t\t\t\t<section class=\"elementor-section elementor-top-section elementor-element elementor-element-01b8fa5 elementor-section-boxed elementor-section-height-default elementor-section-height-default\" data-id=\"01b8fa5\" data-element_type=\"section\">\n\t\t\t\t\t\t<div class=\"elementor-container elementor-column-gap-default\">\n\t\t\t\t\t<div class=\"elementor-column elementor-col-100 elementor-top-column elementor-element elementor-element-19e2c1c\" data-id=\"19e2c1c\" data-element_type=\"column\">\n\t\t\t<div class=\"elementor-widget-wrap elementor-element-populated\">\n\t\t\t\t\t\t<div class=\"elementor-element elementor-element-9413b6d elementor-widget elementor-widget-text-editor\" data-id=\"9413b6d\" data-element_type=\"widget\" data-widget_type=\"text-editor.default\">\n\t\t\t\t<div class=\"elementor-widget-container\">\n\t\t\t<style>\/*! elementor - v3.21.0 - 18-04-2024 *\/\n.elementor-widget-text-editor.elementor-drop-cap-view-stacked .elementor-drop-cap{background-color:#69727d;color:#fff}.elementor-widget-text-editor.elementor-drop-cap-view-framed .elementor-drop-cap{color:#69727d;border:3px solid;background-color:transparent}.elementor-widget-text-editor:not(.elementor-drop-cap-view-default) .elementor-drop-cap{margin-top:8px}.elementor-widget-text-editor:not(.elementor-drop-cap-view-default) .elementor-drop-cap-letter{width:1em;height:1em}.elementor-widget-text-editor .elementor-drop-cap{float:left;text-align:center;line-height:1;font-size:50px}.elementor-widget-text-editor .elementor-drop-cap-letter{display:inline-block}<\/style>\t\t\t\t<\/p>\n<h2> <\/h2>\n<h2>1 taisykl\u0117. B\u016bkite konstruktyv\u016bs, o ne neigiami<\/h2>\n<p>Lengviau pasakyti, kad jums ka\u017ekas nepatinka, ir kartais tai gali b\u016bti pateisinama. Kita vertus, vertingiau pasakyti, kaip gal\u0117tum\u0117te j\u012f patobulinti, tikroji prid\u0117tin\u0117 vert\u0117 atsiranda tada, kai galite nurodyti, kas yra negerai ir kaip j\u012f pagra\u017einti.<\/p>\n<h2> <\/h2>\n<h2>2 taisykl\u0117. Patirtis laimi<\/h2>\n<p>Kitiems skaitytojams daug labiau r\u016bpi j\u016bs\u0173 nuomon\u0117, jei ji paremta atitinkama patirtimi. Jei \u017einote konkre\u010dios transporto priemon\u0117s istorij\u0105 arba daug \u017einote apie konkre\u010di\u0105 mark\u0119 ar model\u012f, yra daug didesn\u0117 tikimyb\u0117, kad jus sudomins.<\/p>\n<h2> <\/h2>\n<h2>3 taisykl\u0117. Kalb\u0117kite apie automobilius, o ne apie kitus<\/h2>\n<p>Kiekvienas turi teis\u0119 tur\u0117ti savo nuomon\u0119, net jei su ja nesutinkate. Kritikuoti kit\u0173 nari\u0173 charakter\u012f, skon\u012f ar bendr\u0105 charakter\u012f nevalia.<\/p>\n<h2> <\/h2>\n<h2>4 taisykl\u0117. Rinka nustato kain\u0105<\/h2>\n<p>&#8220;Piston Addict&#8221; yra laisvoji rinka, kurioje pardav\u0117jas ir pirk\u0117jas nustato kain\u0105, tod\u0117l teiginys, kad ka\u017ekas yra per brangu arba per pigu, nieko nerei\u0161kia. Daiktas vertas tiek, kiek kas nors yra pasireng\u0119s u\u017e j\u012f sumok\u0117ti.<\/p>\n<h2> <\/h2>\n<h2>5 taisykl\u0117. Jei neperskait\u0117te vis\u0173 likusi\u0173 komentar\u0173, vadinasi, dar nesate pasireng\u0119 palikti savo.<\/h2>\n<p>Tai skaitmeninis klausymosi prie\u0161 kalbant atitikmuo.<\/p>\n<h2> <\/h2>\n<h2>6 taisykl\u0117. Komentar\u0173 skiltyje neleid\u017eiama pirkti, parduoti ar pateikti kontaktin\u0119 informacij\u0105.<\/h2>\n<p>Jei turite parduodam\u0105 automobil\u012f, pateikite j\u012f mums per pateikimo form\u0105. Komentaruose paskelbti pirkimo pra\u0161ymai, el. pa\u0161to adresai ir telefono numeriai  <br \/>bus i\u0161trintas.<\/p>\n<h2> <\/h2>\n<h2>7 taisykl\u0117. Kvie\u010diame visus<\/h2>\n<p>M\u016bs\u0173 bendruomen\u0117s nariai yra tokie pat \u012fvair\u016bs, kaip ir m\u016bs\u0173 si\u016blom\u0173 automobili\u0173 pasirinkimas. Politiniai, mizogini\u0161ki ar homofobi\u0161ki komentarai neleistini.<\/p>\n<h2> <\/h2>\n<h2>Komentar\u0173 funkcija<\/h2>\n<p><strong>Komentar\u0173 keitimas<\/strong>: autorius gali keisti komentarus po j\u0173 paskelbimo neribot\u0105 laik\u0105. Spustel\u0117kite tam skirt\u0105 raudon\u0105 nuorod\u0105 &#8220;Redaguoti&#8221;.<\/p>\n<p><strong>Pa\u017eym\u0117ti kaip nekonstruktyvi\u0105:<\/strong> Jei komentaras pa\u017eeid\u017eia pirmiau nurodytas taisykles, spustel\u0117kite nuorod\u0105 &#8220;Prane\u0161ti&#8221;, kad jis b\u016bt\u0173 per\u017ei\u016br\u0117tas arba pa\u0161alintas. Per\u017ei\u016brime visus prane\u0161tus komentarus ir priimame galutin\u012f sprendim\u0105, ar jie bus atkurti, ar pa\u0161alinti.<br \/>Norime, kad pokalbis \u0161ioje svetain\u0117je b\u016bt\u0173 kokybi\u0161kas.<\/p>\n<p><strong>Pirm\u0105 kart\u0105 ra\u0161antys komentarus: Visi pirm\u0105 kart\u0105<\/strong> komentuojantys asmenys yra moderuojami, ir komentaras nebus paskelbtas svetain\u0117je, kol jo neper\u017ei\u016br\u0117s &#8220;Piston Addict&#8221; darbuotojai. Pirm\u0105 kart\u0105 paskelbus komentar\u0105, jis nebebus moderuojamas.<\/p>\n\t\t\t\t\t\t<\/div>\n\t\t\t\t<\/div>\n\t\t\t\t\t<\/div>\n\t\t<\/div>\n\t\t\t\t\t<\/div>\n\t\t<\/section>\n\t\t\t\t<\/div>\n\t\t","protected":false},"excerpt":{"rendered":"<p>1 taisykl\u0117. B\u016bkite konstruktyv\u016bs, o ne neigiami Lengviau pasakyti, kad jums ka\u017ekas nepatinka, ir kartais tai gali b\u016bti pateisinama. Kita vertus, vertingiau pasakyti, kaip gal\u0117tum\u0117te j\u012f patobulinti, tikroji prid\u0117tin\u0117 vert\u0117 atsiranda tada, kai galite nurodyti, kas yra negerai ir kaip j\u012f pagra\u017einti. 2 taisykl\u0117. Patirtis laimi Kitiems skaitytojams daug labiau r\u016bpi j\u016bs\u0173 nuomon\u0117, jei ji &#8230; <a title=\"Komentar\u0173 taisykl\u0117s\" class=\"read-more\" href=\"https:\/\/pistonaddict.com\/lt\/komentaru-taisykles\/\">Skaityti daugiau<span class=\"screen-reader-text\">Komentar\u0173 taisykl\u0117s<\/span><\/a><\/p>\n","protected":false},"author":1,"featured_media":0,"parent":0,"menu_order":0,"comment_status":"closed","ping_status":"closed","template":"","meta":{"inline_featured_image":false,"footnotes":""},"acf":[],"yoast_head":"<!-- This site is optimized with the Yoast SEO plugin v22.5 - https:\/\/yoast.com\/wordpress\/plugins\/seo\/ -->\n<title>Komentar\u0173 taisykl\u0117s - Piston Addict<\/title>\n<meta name=\"robots\" content=\"index, follow, max-snippet:-1, max-image-preview:large, max-video-preview:-1\" \/>\n<link rel=\"canonical\" href=\"https:\/\/pistonaddict.com\/lt\/komentaru-taisykles\/\" \/>\n<meta property=\"og:locale\" content=\"lt_LT\" \/>\n<meta property=\"og:type\" content=\"article\" \/>\n<meta property=\"og:title\" content=\"Komentar\u0173 taisykl\u0117s - Piston Addict\" \/>\n<meta property=\"og:description\" content=\"1 taisykl\u0117. B\u016bkite konstruktyv\u016bs, o ne neigiami Lengviau pasakyti, kad jums ka\u017ekas nepatinka, ir kartais tai gali b\u016bti pateisinama. Kita vertus, vertingiau pasakyti, kaip gal\u0117tum\u0117te j\u012f patobulinti, tikroji prid\u0117tin\u0117 vert\u0117 atsiranda tada, kai galite nurodyti, kas yra negerai ir kaip j\u012f pagra\u017einti. 2 taisykl\u0117. Patirtis laimi Kitiems skaitytojams daug labiau r\u016bpi j\u016bs\u0173 nuomon\u0117, jei ji ... Skaityti daugiauKomentar\u0173 taisykl\u0117s\" \/>\n<meta property=\"og:url\" content=\"https:\/\/pistonaddict.com\/lt\/komentaru-taisykles\/\" \/>\n<meta property=\"og:site_name\" content=\"Piston Addict\" \/>\n<meta property=\"article:modified_time\" content=\"2023-02-05T10:11:47+00:00\" \/>\n<meta name=\"twitter:card\" content=\"summary_large_image\" \/>\n<meta name=\"twitter:label1\" content=\"Est. reading time\" \/>\n\t<meta name=\"twitter:data1\" content=\"2 minut\u0117s\" \/>\n<script type=\"application\/ld+json\" class=\"yoast-schema-graph\">{\"@context\":\"https:\/\/schema.org\",\"@graph\":[{\"@type\":\"WebPage\",\"@id\":\"https:\/\/pistonaddict.com\/lt\/komentaru-taisykles\/\",\"url\":\"https:\/\/pistonaddict.com\/lt\/komentaru-taisykles\/\",\"name\":\"Komentar\u0173 taisykl\u0117s - Piston Addict\",\"isPartOf\":{\"@id\":\"https:\/\/pistonaddict.com\/lt\/#website\"},\"datePublished\":\"2022-04-29T09:20:06+00:00\",\"dateModified\":\"2023-02-05T10:11:47+00:00\",\"breadcrumb\":{\"@id\":\"https:\/\/pistonaddict.com\/lt\/komentaru-taisykles\/#breadcrumb\"},\"inLanguage\":\"lt-LT\",\"potentialAction\":[{\"@type\":\"ReadAction\",\"target\":[\"https:\/\/pistonaddict.com\/lt\/komentaru-taisykles\/\"]}]},{\"@type\":\"BreadcrumbList\",\"@id\":\"https:\/\/pistonaddict.com\/lt\/komentaru-taisykles\/#breadcrumb\",\"itemListElement\":[{\"@type\":\"ListItem\",\"position\":1,\"name\":\"Pagrindinis puslapis\",\"item\":\"https:\/\/pistonaddict.com\/lt\/pradzia\/\"},{\"@type\":\"ListItem\",\"position\":2,\"name\":\"Komentar\u0173 taisykl\u0117s\"}]},{\"@type\":\"WebSite\",\"@id\":\"https:\/\/pistonaddict.com\/lt\/#website\",\"url\":\"https:\/\/pistonaddict.com\/lt\/\",\"name\":\"Piston Addict\",\"description\":\"Only interesting vehicles\",\"publisher\":{\"@id\":\"https:\/\/pistonaddict.com\/lt\/#organization\"},\"potentialAction\":[{\"@type\":\"SearchAction\",\"target\":{\"@type\":\"EntryPoint\",\"urlTemplate\":\"https:\/\/pistonaddict.com\/lt\/?s={search_term_string}\"},\"query-input\":\"required name=search_term_string\"}],\"inLanguage\":\"lt-LT\"},{\"@type\":\"Organization\",\"@id\":\"https:\/\/pistonaddict.com\/lt\/#organization\",\"name\":\"Piston Addict\",\"url\":\"https:\/\/pistonaddict.com\/lt\/\",\"logo\":{\"@type\":\"ImageObject\",\"inLanguage\":\"lt-LT\",\"@id\":\"https:\/\/pistonaddict.com\/lt\/#\/schema\/logo\/image\/\",\"url\":\"https:\/\/pistonaddict.com\/wp-content\/uploads\/2022\/07\/logo-6.png\",\"contentUrl\":\"https:\/\/pistonaddict.com\/wp-content\/uploads\/2022\/07\/logo-6.png\",\"width\":970,\"height\":200,\"caption\":\"Piston Addict\"},\"image\":{\"@id\":\"https:\/\/pistonaddict.com\/lt\/#\/schema\/logo\/image\/\"}}]}<\/script>\n<!-- \/ Yoast SEO plugin. -->","yoast_head_json":{"title":"Komentar\u0173 taisykl\u0117s - Piston Addict","robots":{"index":"index","follow":"follow","max-snippet":"max-snippet:-1","max-image-preview":"max-image-preview:large","max-video-preview":"max-video-preview:-1"},"canonical":"https:\/\/pistonaddict.com\/lt\/komentaru-taisykles\/","og_locale":"lt_LT","og_type":"article","og_title":"Komentar\u0173 taisykl\u0117s - Piston Addict","og_description":"1 taisykl\u0117. B\u016bkite konstruktyv\u016bs, o ne neigiami Lengviau pasakyti, kad jums ka\u017ekas nepatinka, ir kartais tai gali b\u016bti pateisinama. Kita vertus, vertingiau pasakyti, kaip gal\u0117tum\u0117te j\u012f patobulinti, tikroji prid\u0117tin\u0117 vert\u0117 atsiranda tada, kai galite nurodyti, kas yra negerai ir kaip j\u012f pagra\u017einti. 2 taisykl\u0117. Patirtis laimi Kitiems skaitytojams daug labiau r\u016bpi j\u016bs\u0173 nuomon\u0117, jei ji ... Skaityti daugiauKomentar\u0173 taisykl\u0117s","og_url":"https:\/\/pistonaddict.com\/lt\/komentaru-taisykles\/","og_site_name":"Piston Addict","article_modified_time":"2023-02-05T10:11:47+00:00","twitter_card":"summary_large_image","twitter_misc":{"Est. reading time":"2 minut\u0117s"},"schema":{"@context":"https:\/\/schema.org","@graph":[{"@type":"WebPage","@id":"https:\/\/pistonaddict.com\/lt\/komentaru-taisykles\/","url":"https:\/\/pistonaddict.com\/lt\/komentaru-taisykles\/","name":"Komentar\u0173 taisykl\u0117s - Piston Addict","isPartOf":{"@id":"https:\/\/pistonaddict.com\/lt\/#website"},"datePublished":"2022-04-29T09:20:06+00:00","dateModified":"2023-02-05T10:11:47+00:00","breadcrumb":{"@id":"https:\/\/pistonaddict.com\/lt\/komentaru-taisykles\/#breadcrumb"},"inLanguage":"lt-LT","potentialAction":[{"@type":"ReadAction","target":["https:\/\/pistonaddict.com\/lt\/komentaru-taisykles\/"]}]},{"@type":"BreadcrumbList","@id":"https:\/\/pistonaddict.com\/lt\/komentaru-taisykles\/#breadcrumb","itemListElement":[{"@type":"ListItem","position":1,"name":"Pagrindinis puslapis","item":"https:\/\/pistonaddict.com\/lt\/pradzia\/"},{"@type":"ListItem","position":2,"name":"Komentar\u0173 taisykl\u0117s"}]},{"@type":"WebSite","@id":"https:\/\/pistonaddict.com\/lt\/#website","url":"https:\/\/pistonaddict.com\/lt\/","name":"Piston Addict","description":"Only interesting vehicles","publisher":{"@id":"https:\/\/pistonaddict.com\/lt\/#organization"},"potentialAction":[{"@type":"SearchAction","target":{"@type":"EntryPoint","urlTemplate":"https:\/\/pistonaddict.com\/lt\/?s={search_term_string}"},"query-input":"required name=search_term_string"}],"inLanguage":"lt-LT"},{"@type":"Organization","@id":"https:\/\/pistonaddict.com\/lt\/#organization","name":"Piston Addict","url":"https:\/\/pistonaddict.com\/lt\/","logo":{"@type":"ImageObject","inLanguage":"lt-LT","@id":"https:\/\/pistonaddict.com\/lt\/#\/schema\/logo\/image\/","url":"https:\/\/pistonaddict.com\/wp-content\/uploads\/2022\/07\/logo-6.png","contentUrl":"https:\/\/pistonaddict.com\/wp-content\/uploads\/2022\/07\/logo-6.png","width":970,"height":200,"caption":"Piston Addict"},"image":{"@id":"https:\/\/pistonaddict.com\/lt\/#\/schema\/logo\/image\/"}}]}},"_links":{"self":[{"href":"https:\/\/pistonaddict.com\/lt\/wp-json\/wp\/v2\/pages\/3105"}],"collection":[{"href":"https:\/\/pistonaddict.com\/lt\/wp-json\/wp\/v2\/pages"}],"about":[{"href":"https:\/\/pistonaddict.com\/lt\/wp-json\/wp\/v2\/types\/page"}],"author":[{"embeddable":true,"href":"https:\/\/pistonaddict.com\/lt\/wp-json\/wp\/v2\/users\/1"}],"replies":[{"embeddable":true,"href":"https:\/\/pistonaddict.com\/lt\/wp-json\/wp\/v2\/comments?post=3105"}],"version-history":[{"count":4,"href":"https:\/\/pistonaddict.com\/lt\/wp-json\/wp\/v2\/pages\/3105\/revisions"}],"predecessor-version":[{"id":26256,"href":"https:\/\/pistonaddict.com\/lt\/wp-json\/wp\/v2\/pages\/3105\/revisions\/26256"}],"wp:attachment":[{"href":"https:\/\/pistonaddict.com\/lt\/wp-json\/wp\/v2\/media?parent=3105"}],"curies":[{"name":"wp","href":"https:\/\/api.w.org\/{rel}","templated":true}]}}