{"id":2903,"date":"2022-04-29T11:18:33","date_gmt":"2022-04-29T09:18:33","guid":{"rendered":"https:\/\/pistonaddict.com\/teisinis-ispejimas\/"},"modified":"2024-10-26T08:17:36","modified_gmt":"2024-10-26T06:17:36","slug":"teisinis-ispejimas","status":"publish","type":"page","link":"https:\/\/pistonaddict.com\/lt\/teisinis-ispejimas\/","title":{"rendered":"Teisinis prane\u0161imas"},"content":{"rendered":"\t\t<div data-elementor-type=\"wp-page\" data-elementor-id=\"2903\" class=\"elementor elementor-2903 elementor-2848\">\n\t\t\t\t\t\t<section class=\"elementor-section elementor-top-section elementor-element elementor-element-4eb0e23 elementor-section-boxed elementor-section-height-default elementor-section-height-default\" data-id=\"4eb0e23\" data-element_type=\"section\">\n\t\t\t\t\t\t<div class=\"elementor-container elementor-column-gap-default\">\n\t\t\t\t\t<div class=\"elementor-column elementor-col-100 elementor-top-column elementor-element elementor-element-229cbe5\" data-id=\"229cbe5\" data-element_type=\"column\">\n\t\t\t<div class=\"elementor-widget-wrap elementor-element-populated\">\n\t\t\t\t\t\t<div class=\"elementor-element elementor-element-2af4966 elementor-widget elementor-widget-text-editor\" data-id=\"2af4966\" data-element_type=\"widget\" data-widget_type=\"text-editor.default\">\n\t\t\t\t<div class=\"elementor-widget-container\">\n\t\t\t<style>\/*! elementor - v3.21.0 - 18-04-2024 *\/\n.elementor-widget-text-editor.elementor-drop-cap-view-stacked .elementor-drop-cap{background-color:#69727d;color:#fff}.elementor-widget-text-editor.elementor-drop-cap-view-framed .elementor-drop-cap{color:#69727d;border:3px solid;background-color:transparent}.elementor-widget-text-editor:not(.elementor-drop-cap-view-default) .elementor-drop-cap{margin-top:8px}.elementor-widget-text-editor:not(.elementor-drop-cap-view-default) .elementor-drop-cap-letter{width:1em;height:1em}.elementor-widget-text-editor .elementor-drop-cap{float:left;text-align:center;line-height:1;font-size:50px}.elementor-widget-text-editor .elementor-drop-cap-letter{display:inline-block}<\/style>\t\t\t\t<h2><strong>SVETAIN\u0116S PRISTATYMAS<\/strong><\/h2>\n<p>Pagal 2004 m. bir\u017eelio 21 d. \u012fstatymo Nr. 2004-575 d\u0117l pasitik\u0117jimo skaitmenine ekonomika 6 straipsn\u012f ir taikant <strong>Bendr\u0105j\u012f duomen\u0173 apsaugos<\/strong> <strong>reglament\u0105<\/strong> [Reglament\u0105 (ES) 2016\/679], svetain\u0117s naudotojams nurodoma: https:\/\/www.pistonaddict.com, \u012fvairi\u0173 suinteresuot\u0173j\u0173 \u0161ali\u0173 tapatyb\u0117, susijusi su jos \u012fgyvendinimu ir steb\u0117sena.<\/p>\n<ul>\n<li><strong>Savininkas:<\/strong> <strong>Piston Addict SA<\/strong><\/li>\n<li>SA, kurios akcinis kapitalas &#8211; 400 000 CHF<\/li>\n<li>IDE numeris: CHE-354.351.695<\/li>\n<li>PVM mok\u0117tojo kodas: CHE-354.351.695TVA ir EU528667635 (ne ES OSS numeris)<\/li>\n<li>Biuras : Rue Alexandre Gavard 16, 1227 Carouge,&nbsp; \u0160veicarija<\/li>\n<li>Telefonas: 00 41 22 342 03 55<\/li>\n<\/ul>\n<ul>\n<li><strong>K\u016br\u0117jas ir (arba) tinklalapio administratorius: KUBIWEB<\/strong><\/li>\n<li>SAS, kurios akcinis kapitalas 21 320 \u20ac<\/li>\n<li>SIRET numeris: 53018964600025<\/li>\n<li>Pagrindin\u0117 b\u016bstin\u0117: 46-48 Chemin de la Bruy\u00e8re &#8211; 69570 DARDILLY<\/li>\n<\/ul>\n<ul>\n<li><strong>\u0160eimininkas: HOSTINGER<\/strong><\/li>\n<li>Pagrindin\u0117 b\u016bstin\u0117: HOSTINGER INTERNATIONAL LTD, 61 Lordou Vironos Street, 6023 Larnaka, Kipras<\/li>\n<li>Kontaktai: <a href=\"https:\/\/www.hostinger.fr\/contact\" target=\"_blank\" rel=\"noopener\">https:\/\/www.hostinger.fr\/contact<\/a><\/li>\n<\/ul>\n\n<ul>\n<li>El. pa\u0161tas : <a href=\"https:\/\/pistonaddict.com\/lt\/susisiekite-su-mumis\/\">Kontaktin\u0117 forma<\/a><\/li>\n<\/ul>\n<p>&#8220;Piston Addict&#8221; veikla vykdoma visame pasaulyje, daugiausia d\u0117mesio skiriant Europai, i\u0161skyrus Jungtin\u0119 Karalyst\u0119 ir Airij\u0105.&nbsp;<\/p>\n<p><\/p>\n<h2><strong>BENDROSIOS SVETAIN\u0116S IR SI\u016aLOM\u0172 PASLAUG\u0172 NAUDOJIMO S\u0104LYGOS<\/strong><\/h2>\n<p>Naudojimasis https:\/\/www.pistonaddict.com svetaine rei\u0161kia, kad visi\u0161kai sutinkate su toliau apra\u0161ytomis bendrosiomis naudojimo s\u0105lygomis. \u0160ios naudojimo s\u0105lygos gali b\u016bti bet kada pakeistos ar papildytos, tod\u0117l svetain\u0117s https:\/\/www.pistonaddict.com naudotoj\u0173 pra\u0161ome nuolat su jomis susipa\u017einti.<\/p>\n<p>\u0160ia svetaine naudotojai paprastai gali naudotis bet kuriuo metu. Ta\u010diau d\u0117l technin\u0117s prie\u017ei\u016bros pertraukos gali nuspr\u0119sti <strong>&#8220;Piston Addict<\/strong> &#8220;, kuris pasistengs prane\u0161ti naudotojams apie pertraukos datas ir laik\u0105.<\/p>\n<p>Svetain\u0119 https:\/\/www.pistonaddict.com reguliariai atnaujina &#8221; <strong>Piston Addict&#8221;<\/strong>. Taip pat ir teisiniai prane\u0161imai gali b\u016bti bet kada kei\u010diami, ta\u010diau jie yra privalomi naudotojui, kuris raginamas kuo da\u017eniau jais naudotis, kad su jais susipa\u017eint\u0173.<\/p>\n<h2>&nbsp;<\/h2>\n<h2><strong>TEIKIAM\u0172 PASLAUG\u0172 APRA\u0160YMAS<\/strong><\/h2>\n<p>Svetain\u0117s https:\/\/www.pistonaddict.com tikslas &#8211; pateikti informacij\u0105 apie vis\u0105 bendrov\u0117s veikl\u0105. <strong>Piston Addict<\/strong> stengiasi, kad https:\/\/www.pistonaddict.com svetain\u0117je b\u016bt\u0173 pateikiama kuo tikslesn\u0117 informacija.<\/p>\n<p>Ta\u010diau ji negali b\u016bti laikoma atsakinga u\u017e praleidimus, netikslumus ir tr\u016bkumus atnaujintoje informacijoje, kuriuos padaro ji pati arba tre\u010diosios \u0161alys partner\u0117s, teikian\u010dios jai \u0161i\u0105 informacij\u0105.<\/p>\n<p>Visa svetain\u0117je https:\/\/www.pistonaddict.com nurodyta informacija yra orientacin\u0117 ir gali keistis. Be to, svetain\u0117je https:\/\/www.pistonaddict.com pateikta informacija n\u0117ra i\u0161sami. Jos pateikiamos atsi\u017evelgiant \u012f tai, kad nuo j\u0173 paskelbimo internete buvo padaryta pakeitim\u0173.<\/p>\n<h2>&nbsp;<\/h2>\n<h2><strong>SUTARTINIAI TECHNINI\u0172 DUOMEN\u0172 APRIBOJIMAI<\/strong><\/h2>\n<p>Svetain\u0117je naudojama &#8220;JavaScript&#8221; technologija.<\/p>\n<p>Svetain\u0117 negali b\u016bti laikoma atsakinga u\u017e materialin\u0119 \u017eal\u0105, susijusi\u0105 su svetain\u0117s naudojimu. Be to, svetain\u0117s naudotojas sutinka naudotis svetaine naudodamasis naujausia \u012franga, kurioje n\u0117ra virus\u0173, ir atnaujinta naujausios kartos nar\u0161ykle.<\/p>\n<h2>&nbsp;<\/h2>\n<h2><strong>INTELEKTIN\u0116 NUOSAVYB\u0116 IR PA\u017dEIDIMAI<\/strong><\/h2>\n<p>&#8220;<strong>Piston Addict&#8221;<\/strong> yra intelektin\u0117s nuosavyb\u0117s teisi\u0173 savinink\u0117 arba jai priklauso vis\u0173 svetain\u0117je prieinam\u0173 element\u0173, ypa\u010d tekst\u0173, paveiksl\u0117li\u0173, grafikos, logotip\u0173, piktogram\u0173, gars\u0173, programin\u0117s \u012frangos, naudojimo teis\u0117s.<\/p>\n<p>Draud\u017eiama atgaminti, vaizduoti, keisti, skelbti, adaptuoti visus svetain\u0117s elementus ar j\u0173 dal\u012f, nepriklausomai nuo naudojam\u0173 priemoni\u0173 ar proces\u0173, i\u0161skyrus atvejus, kai yra gautas i\u0161ankstinis ra\u0161ti\u0161kas &#8221; <strong>Piston Addict&#8221;<\/strong> leidimas.<\/p>\n<p>Bet koks neteis\u0117tas svetain\u0117s ar bet kurio joje esan\u010dio elemento naudojimas bus laikomas pa\u017eeidimu ir bus persekiojamas pagal Intelektin\u0117s nuosavyb\u0117s kodekso L.335-2 ir v\u0117lesni\u0173 straipsni\u0173 nuostatas.<\/p>\n<h2>&nbsp;<\/h2>\n<h2><strong>ATSAKOMYB\u0116S APRIBOJIMAI<\/strong><\/h2>\n<p><strong>&#8220;Piston Addict&#8221;<\/strong> neatsako u\u017e tiesiogin\u0119 ar netiesiogin\u0119 \u017eal\u0105, padaryt\u0105 naudotojo \u012frangai, kai jis naudojasi svetaine https:\/\/www.pistonaddict.com, ir atsiradusi\u0105 d\u0117l to, kad naudojama \u012franga neatitinka 4 punkte nurodyt\u0173 specifikacij\u0173, arba d\u0117l to, kad atsirado klaida ar nesuderinamumas.<\/p>\n<p>&#8220;<strong>Piston Addict&#8221;<\/strong> taip pat negali b\u016bti laikoma atsakinga u\u017e netiesiogin\u0119 \u017eal\u0105 (pvz., rinkos praradim\u0105 ar galimybi\u0173 praradim\u0105), atsiradusi\u0105 d\u0117l svetain\u0117s https:\/\/www.pistonaddict.com naudojimo. Naudotojai gali naudotis interaktyviomis erdv\u0117mis (galimyb\u0117 u\u017eduoti klausimus kontakt\u0173 erdv\u0117je).<\/p>\n<p><strong>&#8220;Piston Addict&#8221;<\/strong> pasilieka teis\u0119 be i\u0161ankstinio \u012fsp\u0117jimo i\u0161trinti bet kok\u012f \u0161ioje erdv\u0117je paskelbt\u0105 turin\u012f, kuris prie\u0161taraut\u0173 Pranc\u016bzijoje taikomiems teis\u0117s aktams, ypa\u010d nuostatoms, susijusioms su duomen\u0173 apsauga.<\/p>\n<p>Tam tikrais atvejais &#8221; <strong>Piston Addict&#8221;<\/strong> taip pat pasilieka teis\u0119 kelti klausim\u0105 d\u0117l naudotojo civilin\u0117s ir (arba) baud\u017eiamosios atsakomyb\u0117s, ypa\u010d rasistinio, \u012f\u017eeid\u017eian\u010dio, \u0161mei\u017eiki\u0161ko ar pornografinio pob\u016bd\u017eio prane\u0161imo atveju, nepriklausomai nuo naudojamos informacijos (teksto, fotografijos ir pan.).<\/p>\n<h2>&nbsp;<\/h2>\n<h2><strong>ASMENS DUOMEN\u0172 VALDYMAS<\/strong><\/h2>\n<p>Pranc\u016bzijoje asmens duomenys ypa\u010d saugomi 1978 m. sausio 6 d. \u012fstatymu Nr. 78-87, 2004 m. rugpj\u016b\u010dio 6 d. \u012fstatymu Nr. 2004-801, Baud\u017eiamojo kodekso L. 226-13 straipsniu, 1995 m. spalio 24 d. Europos direktyva ir 2016 m. baland\u017eio 27 d. Europos Parlamento ir Tarybos reglamentu (ES) 2016\/679.<\/p>\n<p>Naudojantis https:\/\/www.pistonaddict.com svetaine gali b\u016bti renkami \u0161ie duomenys: nuorod\u0173, per kurias naudotojas pateko \u012f https:\/\/www.pistonaddict.com svetain\u0119, URL , naudotojo interneto paslaug\u0173 teik\u0117jo adresas, naudotojo interneto protokolo (IP) adresas.<\/p>\n<p>Bet kuriuo atveju &#8221; <strong>Piston Addict&#8221;<\/strong> renka tik asmenin\u0119 informacij\u0105, susijusi\u0105 su naudotoju, kad gal\u0117t\u0173 naudotis tam tikromis svetain\u0117s https:\/\/www.pistonaddict.com si\u016blomomis paslaugomis.<\/p>\n<p>Naudotojas \u0161i\u0105 informacij\u0105 pateikia \u017einodamas visus faktus, ypa\u010d kai pats j\u0105 \u012fveda. Tuomet svetain\u0117s https:\/\/www.pistonaddict.com naudotojui nurodoma, ar jis privalo pateikti \u0161i\u0105 informacij\u0105, ar ne. Pagal 1978 m. sausio 6 d. \u012estatymo Nr. 78-17 d\u0117l duomen\u0173 tvarkymo, byl\u0173 ir laisvi\u0173 38 ir tolesni\u0173 straipsni\u0173 bei Bendr\u0173j\u0173 duomen\u0173 apsaugos nuostat\u0173 3 skyriaus nuostatas visi naudotojai turi teis\u0119 susipa\u017einti su savo asmens duomenimis, juos i\u0161taisyti ir nesutikti su jais, pateikdami ra\u0161ti\u0161k\u0105 ir pasira\u0161yt\u0105 pra\u0161ym\u0105, prie kurio pridedama asmens tapatyb\u0117s dokumento kopija su dokumento tur\u0117tojo para\u0161u, nurodant adres\u0105, kuriuo tur\u0117t\u0173 b\u016bti siun\u010diamas atsakymas.<\/p>\n<p>Jokia svetain\u0117s https:\/\/www.pistonaddict.com naudotojo asmenin\u0117 informacija be naudotojo \u017einios n\u0117ra skelbiama, kei\u010diama, perduodama, perleid\u017eiama ar parduodama tre\u010diosioms \u0161alims.<\/p>\n<p>Tik per\u0117mus &#8221; <strong>Piston Addict&#8221;<\/strong> i\u0161pirkimo teis\u0119 ir jos teises, toki\u0105 informacij\u0105 b\u016bt\u0173 galima perduoti b\u016bsimam pirk\u0117jui, kuris savo ruo\u017etu b\u016bt\u0173 saistomas tos pa\u010dios pareigos saugoti ir keisti duomenis apie svetain\u0117s naudotoj\u0105. https:\/\/www.pistonaddict.com.<\/p>\n<p>\u0160i svetain\u0117 n\u0117ra deklaruota CNIL, nes ji nerenka asmenin\u0117s informacijos be atitinkam\u0173 asmen\u0173 sutikimo. Duomen\u0173 baz\u0117s saugomos pagal 1998 m. liepos 1 d. \u012fstatymo, kuriuo \u012f nacionalin\u0119 teis\u0119 perkeliama 1996 m. kovo 11 d. Direktyva 96\/9 d\u0117l duomen\u0173 bazi\u0173 teisin\u0117s apsaugos, nuostatas.<\/p>\n<p><span lang=\"en\">Nor\u0117dami pasinaudoti savo teis\u0117mis, susijusiomis su j\u016bs\u0173 asmens duomenimis, arba i\u0161kilus su jomis susijusiems klausimams, galite kreiptis \u012f m\u016bs\u0173 duomen\u0173 apsaugos pareig\u016bn\u0105 \u0161iuo adresu: dpo@pistonaddict.com.<\/span><\/p>\n<h2>&nbsp;<\/h2>\n<h2><strong>HIPERTEKSTIN\u0116S NUORODOS IR SLAPUKAI<\/strong><\/h2>\n<p>Svetain\u0117je https:\/\/www.pistonaddict.com yra tam tikras skai\u010dius hipertekstini\u0173 nuorod\u0173 \u012f kitas svetaines, sukurt\u0173 gavus &#8221; <strong>Piston Addict&#8221;<\/strong> leidim\u0105. Ta\u010diau &#8221; <strong>Piston Addict&#8221;<\/strong> neturi galimyb\u0117s patikrinti tokiu b\u016bdu aplankyt\u0173 svetaini\u0173 turinio, tod\u0117l neprisiima jokios atsakomyb\u0117s u\u017e \u0161\u012f fakt\u0105.<\/p>\n<p>Nar\u0161ant svetain\u0117je https:\/\/www.pistonaddict.com, naudotojo kompiuteryje gali b\u016bti \u012fdiegtas (-i) slapukas (-ai). Slapukas &#8211; tai nedidelis failas, i\u0161 kurio negalima nustatyti naudotojo tapatyb\u0117s, ta\u010diau kuriame \u012fra\u0161oma informacija, susijusi su kompiuterio nar\u0161ymu svetain\u0117je.<\/p>\n<p>Tokiu b\u016bdu gauti duomenys yra skirti palengvinti tolesn\u0119 navigacij\u0105 svetain\u0117je, be to, jais remiantis galima atlikti \u012fvairius lankomumo vertinimus.<\/p>\n<p>Atsisakius \u012fdiegti slapuk\u0105, gali b\u016bti ne\u012fmanoma naudotis tam tikromis paslaugomis. Ta\u010diau naudotojas gali taip sukonfig\u016bruoti savo kompiuter\u012f, kad atsisakyt\u0173 \u012fdiegti slapukus:<\/p>\n<ul>\n<li>Internet Explorer: \u012franki\u0173 skirtukas (piktogramos pavidalo piktograma vir\u0161uje de\u0161in\u0117je) \/ interneto parinktys. Spustel\u0117kite Privatumas ir pasirinkite Blokuoti visus slapukus. Patvirtinkite &#8220;Ok&#8221;.<\/li>\n<li>&#8220;Firefox&#8221;: nar\u0161ykl\u0117s lango vir\u0161uje spustel\u0117kite mygtuk\u0105 &#8220;Firefox&#8221;, tada eikite \u012f skirtuk\u0105 &#8220;Parinktys&#8221;. Spustel\u0117kite skirtuk\u0105 Privatumas. Nustatykite saugojimo taisykles taip: naudoti pasirinktinius istorijos nustatymus. Galiausiai panaikinkite \u017eym\u0117jim\u0105, kad i\u0161jungtum\u0117te slapukus.<\/li>\n<li>Pagal Safari: Paspauskite nar\u0161ykl\u0117s vir\u0161utiniame de\u0161iniajame kampe esan\u010di\u0105 meniu piktogram\u0105 (simbolizuojam\u0105 krumpliara\u010diu). Pasirinkite Nustatymai. Spustel\u0117kite Rodyti i\u0161pl\u0117stinius nustatymus. Skyriuje &#8220;Privatumas&#8221; spustel\u0117kite Turinio nustatymai. Skyriuje &#8220;Slapukai&#8221; galite blokuoti slapukus.<\/li>\n<li>&#8220;Chrome&#8221;: Paspauskite nar\u0161ykl\u0117s vir\u0161utiniame de\u0161iniajame kampe esan\u010di\u0105 meniu piktogram\u0105 (j\u0105 simbolizuoja trys horizontalios linijos). Pasirinkite Nustatymai. Spustel\u0117kite Rodyti i\u0161pl\u0117stinius nustatymus. Skyriuje &#8220;Privatumas&#8221; spustel\u0117kite nuostatas. Skirtuke &#8220;Privatumas&#8221; galite blokuoti slapukus.<\/li>\n<\/ul>\n<h2>&nbsp;<\/h2>\n<h2><strong>TAIKYTINA TEIS\u0116 IR JURISDIKCIJOS NUSTATYMAS<\/strong><\/h2>\n<p>Bet kokiems gin\u010dams, susijusiems su svetain\u0117s https:\/\/www.pistonaddict.com naudojimu, taikoma \u0160veicarijos teis\u0117. I\u0161imtin\u0119 jurisdikcij\u0105 turi kompetentingi \u017denevos teismai.<\/p>\n<h2>&nbsp;<\/h2>\n<h2><strong>PAGRINDINIAI SUSIJ\u0118 TEIS\u0116S AKTAI<\/strong><\/h2>\n<p>1978 m. sausio 6 d. \u012estatymas Nr. 78-87, ypa\u010d pakeistas 2004 m. rugpj\u016b\u010dio 6 d. \u012estatymu Nr. 2004-801 d\u0117l duomen\u0173 tvarkymo, byl\u0173 ir laisvi\u0173. 2004 m. bir\u017eelio 21 d. \u012estatymas Nr. 2004-575 d\u0117l pasitik\u0117jimo skaitmenine ekonomika. Bendrojo duomen\u0173 apsaugos reglamento 3 skyriaus 2, 3, 4 ir 5 skirsniai.<\/p>\n<h2>&nbsp;<\/h2>\n<h2><strong>LEXICON<\/strong><\/h2>\n<p>Naudotojas: prisijung\u0119s interneto naudotojas, kuris naudojasi min\u0117ta svetaine.<\/p>\n<p>Asmenin\u0117 informacija: 1978 m. sausio 6 d. \u012estatymo Nr. 78-17 4 straipsnis: &#8220;informacija, pagal kuri\u0105 bet kokia forma, tiesiogiai ar netiesiogiai, galima identifikuoti fizinius asmenis, kuriems ji taikoma&#8221;.<\/p>\n<h2>&nbsp;<\/h2>\n<h2>COPYRIGHT<\/h2>\n<p><a title=\"pagrindin\u0117s piktogramos\" href=\"https:\/\/www.flaticon.com\/free-icons\/key\">Pagrindin\u0117s piktogramos, sukurtos Good Ware &#8211; Flaticon<br><\/a><\/p>\n<p>&#8220;<strong>Piston Addict&#8221;<\/strong> yra registruotas prek\u0117s \u017eenklas, visos teis\u0117s saugomos.<\/p>\t\t\t\t\t\t<\/div>\n\t\t\t\t<\/div>\n\t\t\t\t\t<\/div>\n\t\t<\/div>\n\t\t\t\t\t<\/div>\n\t\t<\/section>\n\t\t\t\t<\/div>\n\t\t","protected":false},"excerpt":{"rendered":"<p>SVETAIN\u0116S PRISTATYMAS Pagal 2004 m. bir\u017eelio 21 d. \u012fstatymo Nr. 2004-575 d\u0117l pasitik\u0117jimo skaitmenine ekonomika 6 straipsn\u012f ir taikant Bendr\u0105j\u012f duomen\u0173 apsaugos reglament\u0105 [Reglament\u0105 (ES) 2016\/679], svetain\u0117s naudotojams nurodoma: https:\/\/www.pistonaddict.com, \u012fvairi\u0173 suinteresuot\u0173j\u0173 \u0161ali\u0173 tapatyb\u0117, susijusi su jos \u012fgyvendinimu ir steb\u0117sena. Savininkas: Piston Addict SA SA, kurios akcinis kapitalas &#8211; 400 000 CHF IDE numeris: CHE-354.351.695 &#8230; <a title=\"Teisinis prane\u0161imas\" class=\"read-more\" href=\"https:\/\/pistonaddict.com\/lt\/teisinis-ispejimas\/\">Skaityti daugiau<span class=\"screen-reader-text\">Teisinis prane\u0161imas<\/span><\/a><\/p>\n","protected":false},"author":1,"featured_media":0,"parent":0,"menu_order":0,"comment_status":"closed","ping_status":"closed","template":"","meta":{"inline_featured_image":false,"footnotes":""},"acf":[],"yoast_head":"<!-- This site is optimized with the Yoast SEO plugin v22.5 - https:\/\/yoast.com\/wordpress\/plugins\/seo\/ -->\n<title>Teisinis prane\u0161imas - Piston Addict<\/title>\n<meta name=\"robots\" content=\"index, follow, max-snippet:-1, max-image-preview:large, max-video-preview:-1\" \/>\n<link rel=\"canonical\" href=\"https:\/\/pistonaddict.com\/lt\/teisinis-ispejimas\/\" \/>\n<meta property=\"og:locale\" content=\"lt_LT\" \/>\n<meta property=\"og:type\" content=\"article\" \/>\n<meta property=\"og:title\" content=\"Teisinis prane\u0161imas - Piston Addict\" \/>\n<meta property=\"og:description\" content=\"SVETAIN\u0116S PRISTATYMAS Pagal 2004 m. bir\u017eelio 21 d. \u012fstatymo Nr. 2004-575 d\u0117l pasitik\u0117jimo skaitmenine ekonomika 6 straipsn\u012f ir taikant Bendr\u0105j\u012f duomen\u0173 apsaugos reglament\u0105 [Reglament\u0105 (ES) 2016\/679], svetain\u0117s naudotojams nurodoma: https:\/\/www.pistonaddict.com, \u012fvairi\u0173 suinteresuot\u0173j\u0173 \u0161ali\u0173 tapatyb\u0117, susijusi su jos \u012fgyvendinimu ir steb\u0117sena. Savininkas: Piston Addict SA SA, kurios akcinis kapitalas &#8211; 400 000 CHF IDE numeris: CHE-354.351.695 ... Skaityti daugiauTeisinis prane\u0161imas\" \/>\n<meta property=\"og:url\" content=\"https:\/\/pistonaddict.com\/lt\/teisinis-ispejimas\/\" \/>\n<meta property=\"og:site_name\" content=\"Piston Addict\" \/>\n<meta property=\"article:modified_time\" content=\"2024-10-26T06:17:36+00:00\" \/>\n<meta name=\"twitter:card\" content=\"summary_large_image\" \/>\n<meta name=\"twitter:label1\" content=\"Est. reading time\" \/>\n\t<meta name=\"twitter:data1\" content=\"7 minut\u0117s\" \/>\n<script type=\"application\/ld+json\" class=\"yoast-schema-graph\">{\"@context\":\"https:\/\/schema.org\",\"@graph\":[{\"@type\":\"WebPage\",\"@id\":\"https:\/\/pistonaddict.com\/lt\/teisinis-ispejimas\/\",\"url\":\"https:\/\/pistonaddict.com\/lt\/teisinis-ispejimas\/\",\"name\":\"Teisinis prane\u0161imas - Piston Addict\",\"isPartOf\":{\"@id\":\"https:\/\/pistonaddict.com\/lt\/#website\"},\"datePublished\":\"2022-04-29T09:18:33+00:00\",\"dateModified\":\"2024-10-26T06:17:36+00:00\",\"breadcrumb\":{\"@id\":\"https:\/\/pistonaddict.com\/lt\/teisinis-ispejimas\/#breadcrumb\"},\"inLanguage\":\"lt-LT\",\"potentialAction\":[{\"@type\":\"ReadAction\",\"target\":[\"https:\/\/pistonaddict.com\/lt\/teisinis-ispejimas\/\"]}]},{\"@type\":\"BreadcrumbList\",\"@id\":\"https:\/\/pistonaddict.com\/lt\/teisinis-ispejimas\/#breadcrumb\",\"itemListElement\":[{\"@type\":\"ListItem\",\"position\":1,\"name\":\"Pagrindinis puslapis\",\"item\":\"https:\/\/pistonaddict.com\/lt\/pradzia\/\"},{\"@type\":\"ListItem\",\"position\":2,\"name\":\"Teisinis prane\u0161imas\"}]},{\"@type\":\"WebSite\",\"@id\":\"https:\/\/pistonaddict.com\/lt\/#website\",\"url\":\"https:\/\/pistonaddict.com\/lt\/\",\"name\":\"Piston Addict\",\"description\":\"Only interesting vehicles\",\"publisher\":{\"@id\":\"https:\/\/pistonaddict.com\/lt\/#organization\"},\"potentialAction\":[{\"@type\":\"SearchAction\",\"target\":{\"@type\":\"EntryPoint\",\"urlTemplate\":\"https:\/\/pistonaddict.com\/lt\/?s={search_term_string}\"},\"query-input\":\"required name=search_term_string\"}],\"inLanguage\":\"lt-LT\"},{\"@type\":\"Organization\",\"@id\":\"https:\/\/pistonaddict.com\/lt\/#organization\",\"name\":\"Piston Addict\",\"url\":\"https:\/\/pistonaddict.com\/lt\/\",\"logo\":{\"@type\":\"ImageObject\",\"inLanguage\":\"lt-LT\",\"@id\":\"https:\/\/pistonaddict.com\/lt\/#\/schema\/logo\/image\/\",\"url\":\"https:\/\/pistonaddict.com\/wp-content\/uploads\/2022\/07\/logo-6.png\",\"contentUrl\":\"https:\/\/pistonaddict.com\/wp-content\/uploads\/2022\/07\/logo-6.png\",\"width\":970,\"height\":200,\"caption\":\"Piston Addict\"},\"image\":{\"@id\":\"https:\/\/pistonaddict.com\/lt\/#\/schema\/logo\/image\/\"}}]}<\/script>\n<!-- \/ Yoast SEO plugin. -->","yoast_head_json":{"title":"Teisinis prane\u0161imas - Piston Addict","robots":{"index":"index","follow":"follow","max-snippet":"max-snippet:-1","max-image-preview":"max-image-preview:large","max-video-preview":"max-video-preview:-1"},"canonical":"https:\/\/pistonaddict.com\/lt\/teisinis-ispejimas\/","og_locale":"lt_LT","og_type":"article","og_title":"Teisinis prane\u0161imas - Piston Addict","og_description":"SVETAIN\u0116S PRISTATYMAS Pagal 2004 m. bir\u017eelio 21 d. \u012fstatymo Nr. 2004-575 d\u0117l pasitik\u0117jimo skaitmenine ekonomika 6 straipsn\u012f ir taikant Bendr\u0105j\u012f duomen\u0173 apsaugos reglament\u0105 [Reglament\u0105 (ES) 2016\/679], svetain\u0117s naudotojams nurodoma: https:\/\/www.pistonaddict.com, \u012fvairi\u0173 suinteresuot\u0173j\u0173 \u0161ali\u0173 tapatyb\u0117, susijusi su jos \u012fgyvendinimu ir steb\u0117sena. Savininkas: Piston Addict SA SA, kurios akcinis kapitalas &#8211; 400 000 CHF IDE numeris: CHE-354.351.695 ... Skaityti daugiauTeisinis prane\u0161imas","og_url":"https:\/\/pistonaddict.com\/lt\/teisinis-ispejimas\/","og_site_name":"Piston Addict","article_modified_time":"2024-10-26T06:17:36+00:00","twitter_card":"summary_large_image","twitter_misc":{"Est. reading time":"7 minut\u0117s"},"schema":{"@context":"https:\/\/schema.org","@graph":[{"@type":"WebPage","@id":"https:\/\/pistonaddict.com\/lt\/teisinis-ispejimas\/","url":"https:\/\/pistonaddict.com\/lt\/teisinis-ispejimas\/","name":"Teisinis prane\u0161imas - Piston Addict","isPartOf":{"@id":"https:\/\/pistonaddict.com\/lt\/#website"},"datePublished":"2022-04-29T09:18:33+00:00","dateModified":"2024-10-26T06:17:36+00:00","breadcrumb":{"@id":"https:\/\/pistonaddict.com\/lt\/teisinis-ispejimas\/#breadcrumb"},"inLanguage":"lt-LT","potentialAction":[{"@type":"ReadAction","target":["https:\/\/pistonaddict.com\/lt\/teisinis-ispejimas\/"]}]},{"@type":"BreadcrumbList","@id":"https:\/\/pistonaddict.com\/lt\/teisinis-ispejimas\/#breadcrumb","itemListElement":[{"@type":"ListItem","position":1,"name":"Pagrindinis puslapis","item":"https:\/\/pistonaddict.com\/lt\/pradzia\/"},{"@type":"ListItem","position":2,"name":"Teisinis prane\u0161imas"}]},{"@type":"WebSite","@id":"https:\/\/pistonaddict.com\/lt\/#website","url":"https:\/\/pistonaddict.com\/lt\/","name":"Piston Addict","description":"Only interesting vehicles","publisher":{"@id":"https:\/\/pistonaddict.com\/lt\/#organization"},"potentialAction":[{"@type":"SearchAction","target":{"@type":"EntryPoint","urlTemplate":"https:\/\/pistonaddict.com\/lt\/?s={search_term_string}"},"query-input":"required name=search_term_string"}],"inLanguage":"lt-LT"},{"@type":"Organization","@id":"https:\/\/pistonaddict.com\/lt\/#organization","name":"Piston Addict","url":"https:\/\/pistonaddict.com\/lt\/","logo":{"@type":"ImageObject","inLanguage":"lt-LT","@id":"https:\/\/pistonaddict.com\/lt\/#\/schema\/logo\/image\/","url":"https:\/\/pistonaddict.com\/wp-content\/uploads\/2022\/07\/logo-6.png","contentUrl":"https:\/\/pistonaddict.com\/wp-content\/uploads\/2022\/07\/logo-6.png","width":970,"height":200,"caption":"Piston Addict"},"image":{"@id":"https:\/\/pistonaddict.com\/lt\/#\/schema\/logo\/image\/"}}]}},"_links":{"self":[{"href":"https:\/\/pistonaddict.com\/lt\/wp-json\/wp\/v2\/pages\/2903"}],"collection":[{"href":"https:\/\/pistonaddict.com\/lt\/wp-json\/wp\/v2\/pages"}],"about":[{"href":"https:\/\/pistonaddict.com\/lt\/wp-json\/wp\/v2\/types\/page"}],"author":[{"embeddable":true,"href":"https:\/\/pistonaddict.com\/lt\/wp-json\/wp\/v2\/users\/1"}],"replies":[{"embeddable":true,"href":"https:\/\/pistonaddict.com\/lt\/wp-json\/wp\/v2\/comments?post=2903"}],"version-history":[{"count":15,"href":"https:\/\/pistonaddict.com\/lt\/wp-json\/wp\/v2\/pages\/2903\/revisions"}],"predecessor-version":[{"id":111607,"href":"https:\/\/pistonaddict.com\/lt\/wp-json\/wp\/v2\/pages\/2903\/revisions\/111607"}],"wp:attachment":[{"href":"https:\/\/pistonaddict.com\/lt\/wp-json\/wp\/v2\/media?parent=2903"}],"curies":[{"name":"wp","href":"https:\/\/api.w.org\/{rel}","templated":true}]}}