{"id":2855,"date":"2022-04-29T11:18:49","date_gmt":"2022-04-29T09:18:49","guid":{"rendered":"https:\/\/pistonaddict.com\/issiuntimas\/"},"modified":"2022-05-04T18:00:06","modified_gmt":"2022-05-04T16:00:06","slug":"issiuntimas","status":"publish","type":"page","link":"https:\/\/pistonaddict.com\/lt\/issiuntimas\/","title":{"rendered":"I\u0161siuntimas"},"content":{"rendered":"\t\t<div data-elementor-type=\"wp-page\" data-elementor-id=\"2855\" class=\"elementor elementor-2855 elementor-333\">\n\t\t\t\t\t\t<section class=\"elementor-section elementor-top-section elementor-element elementor-element-eb8a04d elementor-section-boxed elementor-section-height-default elementor-section-height-default\" data-id=\"eb8a04d\" data-element_type=\"section\">\n\t\t\t\t\t\t<div class=\"elementor-container elementor-column-gap-default\">\n\t\t\t\t\t<div class=\"elementor-column elementor-col-100 elementor-top-column elementor-element elementor-element-43edc4e\" data-id=\"43edc4e\" data-element_type=\"column\">\n\t\t\t<div class=\"elementor-widget-wrap elementor-element-populated\">\n\t\t\t\t\t\t<div class=\"elementor-element elementor-element-d78828a elementor-widget elementor-widget-text-editor\" data-id=\"d78828a\" data-element_type=\"widget\" data-widget_type=\"text-editor.default\">\n\t\t\t\t<div class=\"elementor-widget-container\">\n\t\t\t<style>\/*! elementor - v3.21.0 - 18-04-2024 *\/\n.elementor-widget-text-editor.elementor-drop-cap-view-stacked .elementor-drop-cap{background-color:#69727d;color:#fff}.elementor-widget-text-editor.elementor-drop-cap-view-framed .elementor-drop-cap{color:#69727d;border:3px solid;background-color:transparent}.elementor-widget-text-editor:not(.elementor-drop-cap-view-default) .elementor-drop-cap{margin-top:8px}.elementor-widget-text-editor:not(.elementor-drop-cap-view-default) .elementor-drop-cap-letter{width:1em;height:1em}.elementor-widget-text-editor .elementor-drop-cap{float:left;text-align:center;line-height:1;font-size:50px}.elementor-widget-text-editor .elementor-drop-cap-letter{display:inline-block}<\/style>\t\t\t\t\n          <h1>\n            <strong>TRANSPORTO PRIEMON\u0116S SIUNTIMAS<\/strong>\n          <\/h1>\n          <h2>\n            <strong>KAIP TRANSPORTUOTI SAVO TRANSPORTO PRIEMON\u0118?<\/strong>\n          <\/h2>\n          <p>Jei norite, kad j\u016bs\u0173 transporto priemon\u0117 b\u016bt\u0173 perve\u017eta, jums yra keletas sprendim\u0173.<\/p>\n          <p>Galite tai padaryti patys arba naudotis profesionaliomis transporto paslaugomis, tokiomis kaip vilkimas, transportavimas, bortinis ar sunkve\u017eimis arba galiausiai j\u016br\u0173 transportas.<\/p>\n          <h3>\n            <strong>1- Transporto priemoni\u0173 vilkimas<\/strong>\n          <\/h3>\n          <p>\u0160i transporto r\u016b\u0161is tinkama va\u017eiuoti trumpais atstumais, va\u017eiuojant nedideliu grei\u010diu. Nor\u0117dami vilkti automobil\u012f, jums reik\u0117s:<\/p>\n          <ul>\n            <li>Nor\u0117dami u\u017etikrinti maksimal\u0173 saugum\u0105, naudokite patvirtint\u0105 traukimo stryp\u0105;<\/li>\n            <li>B\u016bti velkamoje transporto priemon\u0117je lydimas vairuotojo;<\/li>\n            <li>Va\u017eiuokite ne didesniu kaip 50 km\/h grei\u010diu ir naudokite tik antrines a\u0161is;<\/li>\n            <li>Numatykite vilkik\u0105, sunkesn\u012f u\u017e velkam\u0105;<\/li>\n            <li>Pasinaudokite \u012fsp\u0117jimais, b\u016bkite atsarg\u016bs ir vadovaukit\u0117s lanks\u010diu vairavimo stiliumi.<\/li>\n          <\/ul>\n          <h2> <\/h2>\n          <h3>\n            <strong>2- Transportuokite transporto priemon\u0119 ant platformos<\/strong>\n          <\/h3>\n          <p>\u0160i parinktis tinka transporto priemon\u0117s gabenimui dideliais atstumais visi\u0161kai saugiai. Galite pasirinkti, kad j\u016bs\u0173 transporto priemon\u0117 b\u016bt\u0173 ve\u017eama bortiniu sunkve\u017eimiu, geriausia u\u017edengtu, kad apsaugotum\u0117te k\u0117bul\u0105 transportavimo metu.<\/p>\n          <h3>\n            <strong>3- Transporto priemoni\u0173 gabenimas sunkve\u017eimiu<\/strong>\n          <\/h3>\n          <p>Tai toks pat principas kaip ir ve\u017eant bortiniu sunkve\u017eimiu, ta\u010diau tokiu atveju J\u016bs\u0173 transporto priemon\u0117 ve\u017eama vilkiko priekaboje. \u0160i alternatyva \u012fmanoma, net jei ve\u017eate tik vien\u0105 transporto priemon\u0119. \u0160i parinktis yra ekonomi\u0161ka; geriausi rinkos \u017eaid\u0117jai si\u016blo nuo vienos iki dviej\u0173 savai\u010di\u0173 pristatymo terminus nuo u\u017esakymo pri\u0117mimo iki pristatymo.<\/p>\n          <h3>\n            <strong>4- Transporto priemoni\u0173 transportavimas<\/strong>\n          <\/h3>\n          <p>Kad b\u016bt\u0173 galima transportuoti, transporto priemon\u0117 turi b\u016bti mobili, tvarkinga ir gerai pri\u017ei\u016brima. J\u016bs\u0173 poreikiams priskiriamas konvejeris, kuris nuve\u017ea transporto priemon\u0119 nuo i\u0161vykimo iki kelion\u0117s tikslo.<\/p>\n          <p>Tai greita alternatyva be skirting\u0173 pakrovimo ar i\u0161krovimo platform\u0173, ta\u010diau brangesn\u0117.<\/p>\n          <h3>\n            <strong>5- J\u016br\u0173 transportas<\/strong>\n          <\/h3>\n          <p>Automobili\u0173 gabenimas ro-ro laivais (arba RO-RO) sudaro did\u017ei\u0105j\u0105 dal\u012f transporto priemoni\u0173 krovini\u0173 j\u016bra. Transporto priemon\u0117s ten stovi perve\u017eimo metu. Tai ekonomi\u0161kiausias ir kartais grei\u010diausias automobili\u0173 gabenimo b\u016bdas.<\/p>\n          <p>Norint i\u0161si\u0173sti transporto priemon\u0119 \u012f u\u017esienio \u0161al\u012f, da\u017enai privaloma naudotis siuntimo agentu. Tai pasir\u016bpins administracin\u0117mis proced\u016bromis ne tik i\u0161vykimo, bet ir atvykimo uoste.<\/p>\n          <h2>\n            <strong>KOKIUS DOKUMENTUS B\u016aTINA PATEIKTI, KAD TRANSPORTO PRIEMON\u0118 SI\u0172STI TARPTAUTINIS SKAI\u010cIUS?<\/strong>\n          <\/h2>\n          <ul>\n            <li>transporto priemon\u0117s pirkimo s\u0105skait\u0105 fakt\u016br\u0105;<\/li>\n            <li>J\u016bs\u0173 asmens dokumento kopij\u0105;<\/li>\n            <li>transporto priemon\u0117s registracijos dokumentas;<\/li>\n            <li>perdavimo pa\u017eym\u0117jimas;<\/li>\n            <li>Ne\u012fkeitimo pa\u017eym\u0117jimas;<\/li>\n            <li>U\u017epildytas ir pasira\u0161ytas vert\u0117s sertifikatas ( <strong><a href=\"https:\/\/pistonaddict.com\/wp-content\/uploads\/2022\/05\/Attestation-de-valeur-vehicule.pdf\" target=\"_blank\" rel=\"noopener\"><u>atsisi\u0173skite j\u012f<\/u><\/a><\/strong> ).<\/li>\n          <\/ul>\n          <p>Priklausomai nuo paskirties \u0161alies, gali prireikti kit\u0173 dokument\u0173. Nepamir\u0161kite pasiteirauti savo ve\u017e\u0117jo, ar mokes\u010diai, muitai ir muitin\u0117s \u012fforminimo mokes\u010diai yra \u012ftraukti \u012f pateikt\u0105 kain\u0105.<\/p>\n          <h2>\n            <strong>KIEK KAINA TRANSPORTO PRIEMON\u0116S SIUNTIMAS TARPTAUTINIS SKAI\u010cIUS?<\/strong>\n          <\/h2>\n          <p>\u012ekainiai kiekvienam ve\u017e\u0117jui nat\u016braliai skiriasi: skai\u010diuodama transporto i\u0161laidas, transporto priemoni\u0173 transporto \u012fmon\u0117 atsi\u017evelgia \u012f kelis elementus:<\/p>\n          <ul>\n            <li>transporto priemon\u0117s tipas;<\/li>\n            <li>transporto r\u016b\u0161is;<\/li>\n            <li>Atstumas tarp dviej\u0173 \u0161ali\u0173;<\/li>\n            <li>Siuntimo terminas ir met\u0173 laikas.<\/li>\n          <\/ul>\n          <p>J\u016bs liksite atsakingas u\u017e transporto draudim\u0105, kur\u012f jums pasi\u016blys transporto \u012fmon\u0117, taip pat muito mokes\u010dius ir mokes\u010dius, kuriuos tur\u0117site sumok\u0117ti.<\/p>\n          <p>Sausumos transportas yra prakti\u0161kiausias b\u016bdas i\u0161si\u0173sti transporto priemon\u0119, ypa\u010d tarp besiribojan\u010di\u0173 \u0161ali\u0173. J\u016br\u0173 transporto prana\u0161umas yra tas, kad jis yra ekonomi\u0161kas, bet l\u0117tesnis.<\/p>\n          <h2>\n            <strong>PATARIMAI SU ST\u016aKLINIU PRIKLAUSOMU<\/strong>\n          <\/h2>\n          <p>Dabar, kai \u017einote visk\u0105, k\u0105 reikia \u017einoti apie transporto priemoni\u0173 gabenim\u0105, \u010dia yra keletas patarim\u0173, kuri\u0173 visada verta laikytis prie\u0161 patik\u0117dami savo transporto priemon\u0119 pasirinktai transporto \u012fmonei:<\/p>\n          <ul>\n            <li>I\u0161junkite signalizacij\u0105, jei ji yra, kad ji nesugest\u0173 transportavimo metu;<\/li>\n            <li>\u012ekraukite akumuliatori\u0173 maksimaliai, kad jis visi\u0161kai nei\u0161sikraut\u0173 transportuojant;<\/li>\n            <li>Saugumo sumetimais kiek \u012fmanoma i\u0161tu\u0161tinkite degal\u0173 bak\u0105;<\/li>\n            <li>B\u016bkite atsarg\u016bs ir nepalikite joki\u0173 daikt\u0173 automobilyje;<\/li>\n            <li>Prie\u0161 perduodant ve\u017e\u0117jui, saugokite transporto priemon\u0117s b\u016bkl\u0117s \u012frodymus;<\/li>\n            <li>Apsidraudkite, kad tur\u0117tum\u0117te pinig\u0173 gr\u0105\u017einimo garantij\u0105, jei kilt\u0173 problem\u0173 transportavimo metu;<\/li>\n            <li>Saugoti transporto priemon\u0117s registracijos liudijimo, nuosavyb\u0117s pa\u017eym\u0117jimo ir ne\u012fkeitimo liudijimo originalus;<\/li>\n            <li>Su savimi tur\u0117kite atsarginius automobilio raktelius. Ir, svarbiausia, nepamir\u0161kite i\u0161si\u0173sti rakt\u0173 dublikat\u0173, kai tik transporto priemon\u0119 pirk\u0117jas gauna.<\/li>\n          <\/ul>\n          <p> <\/p>\n          <h2>\n            <strong>M\u016bs\u0173 rekomendacijos sunkve\u017eimiu<\/strong>\n          <\/h2>\n          <ul>\n            <li><em><strong>Vokietija \u2013 Austrija \u2013 Belgija \u2013 Ispanija \u2013 Pranc\u016bzija \u2013 Italija \u2013 Nyderlandai \u2013 Portugalija \u2013 \u0160veicarija \u2013 JK<\/strong> :<\/em> Tarptautin\u0117: <a href=\"https:\/\/www.eurosender.com\/en\/vt\/vehicle-transport\/car\" target=\"_blank\" rel=\"noopener\">Eurosender<\/a> , <a href=\"https:\/\/www.shiply.com\/vehicle-delivery\/car-transport-to-europe.php\" target=\"_blank\" rel=\"noopener\">Shiply<\/a><\/li>\n            <li><strong><em>Pranc\u016bzija:<\/em><\/strong> nacionalin\u0117: <a href=\"https:\/\/disposeo.com\/\" target=\"_blank\" rel=\"noopener\">Disposeo<\/a> , <a href=\"https:\/\/www.hiflow.com\/particulier\" target=\"_blank\" rel=\"noopener\">Hiflow<\/a><\/li>\n          <\/ul>\n          <h2>\n            <strong>M\u016bs\u0173 rekomendacijos j\u016broje<\/strong>\n          <\/h2>\n          <ul>\n            <li><a href=\"https:\/\/cfrrinkens.com\/rate-request\/\" target=\"_blank\" rel=\"noopener\">CFR Rinkens<\/a> , <a href=\"https:\/\/www.carseurope.net\/international-car-transportation-quote\/\" target=\"_blank\" rel=\"noopener\">CARS<\/a><\/li>\n          <\/ul>\n        \t\t\t\t\t\t<\/div>\n\t\t\t\t<\/div>\n\t\t\t\t\t<\/div>\n\t\t<\/div>\n\t\t\t\t\t<\/div>\n\t\t<\/section>\n\t\t\t\t<\/div>\n\t\t","protected":false},"excerpt":{"rendered":"<p>TRANSPORTO PRIEMON\u0116S SIUNTIMAS KAIP TRANSPORTUOTI SAVO TRANSPORTO PRIEMON\u0118? Jei norite, kad j\u016bs\u0173 transporto priemon\u0117 b\u016bt\u0173 perve\u017eta, jums yra keletas sprendim\u0173. Galite tai padaryti patys arba naudotis profesionaliomis transporto paslaugomis, tokiomis kaip vilkimas, transportavimas, bortinis ar sunkve\u017eimis arba galiausiai j\u016br\u0173 transportas. 1- Transporto priemoni\u0173 vilkimas \u0160i transporto r\u016b\u0161is tinkama va\u017eiuoti trumpais atstumais, va\u017eiuojant nedideliu grei\u010diu. Nor\u0117dami &#8230; <a title=\"I\u0161siuntimas\" class=\"read-more\" href=\"https:\/\/pistonaddict.com\/lt\/issiuntimas\/\">Skaityti daugiau<span class=\"screen-reader-text\">I\u0161siuntimas<\/span><\/a><\/p>\n","protected":false},"author":1,"featured_media":0,"parent":0,"menu_order":0,"comment_status":"closed","ping_status":"closed","template":"","meta":{"inline_featured_image":false,"footnotes":""},"acf":[],"yoast_head":"<!-- This site is optimized with the Yoast SEO plugin v22.5 - https:\/\/yoast.com\/wordpress\/plugins\/seo\/ -->\n<title>I\u0161siuntimas - Piston Addict<\/title>\n<meta name=\"robots\" content=\"index, follow, max-snippet:-1, max-image-preview:large, max-video-preview:-1\" \/>\n<link rel=\"canonical\" href=\"https:\/\/pistonaddict.com\/lt\/issiuntimas\/\" \/>\n<meta property=\"og:locale\" content=\"lt_LT\" \/>\n<meta property=\"og:type\" content=\"article\" \/>\n<meta property=\"og:title\" content=\"I\u0161siuntimas - Piston Addict\" \/>\n<meta property=\"og:description\" content=\"TRANSPORTO PRIEMON\u0116S SIUNTIMAS KAIP TRANSPORTUOTI SAVO TRANSPORTO PRIEMON\u0118? Jei norite, kad j\u016bs\u0173 transporto priemon\u0117 b\u016bt\u0173 perve\u017eta, jums yra keletas sprendim\u0173. Galite tai padaryti patys arba naudotis profesionaliomis transporto paslaugomis, tokiomis kaip vilkimas, transportavimas, bortinis ar sunkve\u017eimis arba galiausiai j\u016br\u0173 transportas. 1- Transporto priemoni\u0173 vilkimas \u0160i transporto r\u016b\u0161is tinkama va\u017eiuoti trumpais atstumais, va\u017eiuojant nedideliu grei\u010diu. Nor\u0117dami ... Skaityti daugiauI\u0161siuntimas\" \/>\n<meta property=\"og:url\" content=\"https:\/\/pistonaddict.com\/lt\/issiuntimas\/\" \/>\n<meta property=\"og:site_name\" content=\"Piston Addict\" \/>\n<meta property=\"article:modified_time\" content=\"2022-05-04T16:00:06+00:00\" \/>\n<meta name=\"twitter:card\" content=\"summary_large_image\" \/>\n<meta name=\"twitter:label1\" content=\"Est. reading time\" \/>\n\t<meta name=\"twitter:data1\" content=\"4 minut\u0117s\" \/>\n<script type=\"application\/ld+json\" class=\"yoast-schema-graph\">{\"@context\":\"https:\/\/schema.org\",\"@graph\":[{\"@type\":\"WebPage\",\"@id\":\"https:\/\/pistonaddict.com\/lt\/issiuntimas\/\",\"url\":\"https:\/\/pistonaddict.com\/lt\/issiuntimas\/\",\"name\":\"I\u0161siuntimas - Piston Addict\",\"isPartOf\":{\"@id\":\"https:\/\/pistonaddict.com\/lt\/#website\"},\"datePublished\":\"2022-04-29T09:18:49+00:00\",\"dateModified\":\"2022-05-04T16:00:06+00:00\",\"breadcrumb\":{\"@id\":\"https:\/\/pistonaddict.com\/lt\/issiuntimas\/#breadcrumb\"},\"inLanguage\":\"lt-LT\",\"potentialAction\":[{\"@type\":\"ReadAction\",\"target\":[\"https:\/\/pistonaddict.com\/lt\/issiuntimas\/\"]}]},{\"@type\":\"BreadcrumbList\",\"@id\":\"https:\/\/pistonaddict.com\/lt\/issiuntimas\/#breadcrumb\",\"itemListElement\":[{\"@type\":\"ListItem\",\"position\":1,\"name\":\"Pagrindinis puslapis\",\"item\":\"https:\/\/pistonaddict.com\/lt\/pradzia\/\"},{\"@type\":\"ListItem\",\"position\":2,\"name\":\"I\u0161siuntimas\"}]},{\"@type\":\"WebSite\",\"@id\":\"https:\/\/pistonaddict.com\/lt\/#website\",\"url\":\"https:\/\/pistonaddict.com\/lt\/\",\"name\":\"Piston Addict\",\"description\":\"Only interesting vehicles\",\"publisher\":{\"@id\":\"https:\/\/pistonaddict.com\/lt\/#organization\"},\"potentialAction\":[{\"@type\":\"SearchAction\",\"target\":{\"@type\":\"EntryPoint\",\"urlTemplate\":\"https:\/\/pistonaddict.com\/lt\/?s={search_term_string}\"},\"query-input\":\"required name=search_term_string\"}],\"inLanguage\":\"lt-LT\"},{\"@type\":\"Organization\",\"@id\":\"https:\/\/pistonaddict.com\/lt\/#organization\",\"name\":\"Piston Addict\",\"url\":\"https:\/\/pistonaddict.com\/lt\/\",\"logo\":{\"@type\":\"ImageObject\",\"inLanguage\":\"lt-LT\",\"@id\":\"https:\/\/pistonaddict.com\/lt\/#\/schema\/logo\/image\/\",\"url\":\"https:\/\/pistonaddict.com\/wp-content\/uploads\/2022\/07\/logo-6.png\",\"contentUrl\":\"https:\/\/pistonaddict.com\/wp-content\/uploads\/2022\/07\/logo-6.png\",\"width\":970,\"height\":200,\"caption\":\"Piston Addict\"},\"image\":{\"@id\":\"https:\/\/pistonaddict.com\/lt\/#\/schema\/logo\/image\/\"}}]}<\/script>\n<!-- \/ Yoast SEO plugin. -->","yoast_head_json":{"title":"I\u0161siuntimas - Piston Addict","robots":{"index":"index","follow":"follow","max-snippet":"max-snippet:-1","max-image-preview":"max-image-preview:large","max-video-preview":"max-video-preview:-1"},"canonical":"https:\/\/pistonaddict.com\/lt\/issiuntimas\/","og_locale":"lt_LT","og_type":"article","og_title":"I\u0161siuntimas - Piston Addict","og_description":"TRANSPORTO PRIEMON\u0116S SIUNTIMAS KAIP TRANSPORTUOTI SAVO TRANSPORTO PRIEMON\u0118? Jei norite, kad j\u016bs\u0173 transporto priemon\u0117 b\u016bt\u0173 perve\u017eta, jums yra keletas sprendim\u0173. Galite tai padaryti patys arba naudotis profesionaliomis transporto paslaugomis, tokiomis kaip vilkimas, transportavimas, bortinis ar sunkve\u017eimis arba galiausiai j\u016br\u0173 transportas. 1- Transporto priemoni\u0173 vilkimas \u0160i transporto r\u016b\u0161is tinkama va\u017eiuoti trumpais atstumais, va\u017eiuojant nedideliu grei\u010diu. Nor\u0117dami ... Skaityti daugiauI\u0161siuntimas","og_url":"https:\/\/pistonaddict.com\/lt\/issiuntimas\/","og_site_name":"Piston Addict","article_modified_time":"2022-05-04T16:00:06+00:00","twitter_card":"summary_large_image","twitter_misc":{"Est. reading time":"4 minut\u0117s"},"schema":{"@context":"https:\/\/schema.org","@graph":[{"@type":"WebPage","@id":"https:\/\/pistonaddict.com\/lt\/issiuntimas\/","url":"https:\/\/pistonaddict.com\/lt\/issiuntimas\/","name":"I\u0161siuntimas - Piston Addict","isPartOf":{"@id":"https:\/\/pistonaddict.com\/lt\/#website"},"datePublished":"2022-04-29T09:18:49+00:00","dateModified":"2022-05-04T16:00:06+00:00","breadcrumb":{"@id":"https:\/\/pistonaddict.com\/lt\/issiuntimas\/#breadcrumb"},"inLanguage":"lt-LT","potentialAction":[{"@type":"ReadAction","target":["https:\/\/pistonaddict.com\/lt\/issiuntimas\/"]}]},{"@type":"BreadcrumbList","@id":"https:\/\/pistonaddict.com\/lt\/issiuntimas\/#breadcrumb","itemListElement":[{"@type":"ListItem","position":1,"name":"Pagrindinis puslapis","item":"https:\/\/pistonaddict.com\/lt\/pradzia\/"},{"@type":"ListItem","position":2,"name":"I\u0161siuntimas"}]},{"@type":"WebSite","@id":"https:\/\/pistonaddict.com\/lt\/#website","url":"https:\/\/pistonaddict.com\/lt\/","name":"Piston Addict","description":"Only interesting vehicles","publisher":{"@id":"https:\/\/pistonaddict.com\/lt\/#organization"},"potentialAction":[{"@type":"SearchAction","target":{"@type":"EntryPoint","urlTemplate":"https:\/\/pistonaddict.com\/lt\/?s={search_term_string}"},"query-input":"required name=search_term_string"}],"inLanguage":"lt-LT"},{"@type":"Organization","@id":"https:\/\/pistonaddict.com\/lt\/#organization","name":"Piston Addict","url":"https:\/\/pistonaddict.com\/lt\/","logo":{"@type":"ImageObject","inLanguage":"lt-LT","@id":"https:\/\/pistonaddict.com\/lt\/#\/schema\/logo\/image\/","url":"https:\/\/pistonaddict.com\/wp-content\/uploads\/2022\/07\/logo-6.png","contentUrl":"https:\/\/pistonaddict.com\/wp-content\/uploads\/2022\/07\/logo-6.png","width":970,"height":200,"caption":"Piston Addict"},"image":{"@id":"https:\/\/pistonaddict.com\/lt\/#\/schema\/logo\/image\/"}}]}},"_links":{"self":[{"href":"https:\/\/pistonaddict.com\/lt\/wp-json\/wp\/v2\/pages\/2855"}],"collection":[{"href":"https:\/\/pistonaddict.com\/lt\/wp-json\/wp\/v2\/pages"}],"about":[{"href":"https:\/\/pistonaddict.com\/lt\/wp-json\/wp\/v2\/types\/page"}],"author":[{"embeddable":true,"href":"https:\/\/pistonaddict.com\/lt\/wp-json\/wp\/v2\/users\/1"}],"replies":[{"embeddable":true,"href":"https:\/\/pistonaddict.com\/lt\/wp-json\/wp\/v2\/comments?post=2855"}],"version-history":[{"count":2,"href":"https:\/\/pistonaddict.com\/lt\/wp-json\/wp\/v2\/pages\/2855\/revisions"}],"predecessor-version":[{"id":4224,"href":"https:\/\/pistonaddict.com\/lt\/wp-json\/wp\/v2\/pages\/2855\/revisions\/4224"}],"wp:attachment":[{"href":"https:\/\/pistonaddict.com\/lt\/wp-json\/wp\/v2\/media?parent=2855"}],"curies":[{"name":"wp","href":"https:\/\/api.w.org\/{rel}","templated":true}]}}