{"id":2286,"date":"2022-04-21T10:08:27","date_gmt":"2022-04-21T08:08:27","guid":{"rendered":"https:\/\/pistonaddict.com\/fotografai\/"},"modified":"2022-05-04T18:00:14","modified_gmt":"2022-05-04T16:00:14","slug":"fotografai","status":"publish","type":"page","link":"https:\/\/pistonaddict.com\/lt\/fotografai\/","title":{"rendered":"Fotografai"},"content":{"rendered":"\t\t<div data-elementor-type=\"wp-page\" data-elementor-id=\"2286\" class=\"elementor elementor-2286 elementor-68\">\n\t\t\t\t\t\t<section class=\"elementor-section elementor-top-section elementor-element elementor-element-910ea2a elementor-section-full_width elementor-section-content-middle banniere-page elementor-section-height-default elementor-section-height-default\" data-id=\"910ea2a\" data-element_type=\"section\" data-settings=\"{&quot;background_background&quot;:&quot;classic&quot;}\">\n\t\t\t\t\t\t<div class=\"elementor-container elementor-column-gap-default\">\n\t\t\t\t\t<div class=\"elementor-column elementor-col-100 elementor-top-column elementor-element elementor-element-b8add27\" data-id=\"b8add27\" data-element_type=\"column\">\n\t\t\t<div class=\"elementor-widget-wrap elementor-element-populated\">\n\t\t\t\t\t\t<div class=\"elementor-element elementor-element-ec39b5c elementor-widget elementor-widget-heading\" data-id=\"ec39b5c\" data-element_type=\"widget\" data-widget_type=\"heading.default\">\n\t\t\t\t<div class=\"elementor-widget-container\">\n\t\t\t<style>\/*! elementor - v3.21.0 - 18-04-2024 *\/\n.elementor-heading-title{padding:0;margin:0;line-height:1}.elementor-widget-heading .elementor-heading-title[class*=elementor-size-]>a{color:inherit;font-size:inherit;line-height:inherit}.elementor-widget-heading .elementor-heading-title.elementor-size-small{font-size:15px}.elementor-widget-heading .elementor-heading-title.elementor-size-medium{font-size:19px}.elementor-widget-heading .elementor-heading-title.elementor-size-large{font-size:29px}.elementor-widget-heading .elementor-heading-title.elementor-size-xl{font-size:39px}.elementor-widget-heading .elementor-heading-title.elementor-size-xxl{font-size:59px}<\/style><h1 class=\"elementor-heading-title elementor-size-default\">Fotografai<\/h1>\t\t<\/div>\n\t\t\t\t<\/div>\n\t\t\t\t\t<\/div>\n\t\t<\/div>\n\t\t\t\t\t<\/div>\n\t\t<\/section>\n\t\t\t\t<section class=\"elementor-section elementor-top-section elementor-element elementor-element-24c18a1 elementor-section-full_width descs elementor-section-height-default elementor-section-height-default\" data-id=\"24c18a1\" data-element_type=\"section\">\n\t\t\t\t\t\t<div class=\"elementor-container elementor-column-gap-default\">\n\t\t\t\t\t<div class=\"elementor-column elementor-col-100 elementor-top-column elementor-element elementor-element-116ccfe\" data-id=\"116ccfe\" data-element_type=\"column\">\n\t\t\t<div class=\"elementor-widget-wrap elementor-element-populated\">\n\t\t\t\t\t\t<div class=\"elementor-element elementor-element-bccac14 elementor-widget elementor-widget-text-editor\" data-id=\"bccac14\" data-element_type=\"widget\" data-widget_type=\"text-editor.default\">\n\t\t\t\t<div class=\"elementor-widget-container\">\n\t\t\t<style>\/*! elementor - v3.21.0 - 18-04-2024 *\/\n.elementor-widget-text-editor.elementor-drop-cap-view-stacked .elementor-drop-cap{background-color:#69727d;color:#fff}.elementor-widget-text-editor.elementor-drop-cap-view-framed .elementor-drop-cap{color:#69727d;border:3px solid;background-color:transparent}.elementor-widget-text-editor:not(.elementor-drop-cap-view-default) .elementor-drop-cap{margin-top:8px}.elementor-widget-text-editor:not(.elementor-drop-cap-view-default) .elementor-drop-cap-letter{width:1em;height:1em}.elementor-widget-text-editor .elementor-drop-cap{float:left;text-align:center;line-height:1;font-size:50px}.elementor-widget-text-editor .elementor-drop-cap-letter{display:inline-block}<\/style>\t\t\t\t\n          <h2>Profesionali\u0173 fotograf\u0173 paslauga prie j\u016bs\u0173 dur\u0173<\/h2>\n          \n\n          <p>\u201ePiston Addict\u201c si\u016blo nemokam\u0105 vietos nustatymo paslaug\u0105 profesionaliems fotografams j\u016bs\u0173 vietov\u0117je.<\/p>\n          \n\n          <p>\nJ\u0173 nuotrauk\u0173 d\u0117ka j\u016bs\u0173 transporto priemon\u0117 bus sublimuota.\nMes suk\u016br\u0117me daugiau nei X fotograf\u0173 tinkl\u0105 \u012fvairiose \u0161alyse.\n<\/p>\n          <p>\nI\u0161sirinkus fotograf\u0105, kvie\u010diame su juo susisiekti tiesiogiai jo kontakt\u0173 formoje nurodytu elektroninio pa\u0161to adresu arba telefono numeriu.<\/p>\n        \t\t\t\t\t\t<\/div>\n\t\t\t\t<\/div>\n\t\t\t\t\t<\/div>\n\t\t<\/div>\n\t\t\t\t\t<\/div>\n\t\t<\/section>\n\t\t\t\t<\/div>\n\t\t","protected":false},"excerpt":{"rendered":"<p>Fotografai Profesionali\u0173 fotograf\u0173 paslauga prie j\u016bs\u0173 dur\u0173 \u201ePiston Addict\u201c si\u016blo nemokam\u0105 vietos nustatymo paslaug\u0105 profesionaliems fotografams j\u016bs\u0173 vietov\u0117je. J\u0173 nuotrauk\u0173 d\u0117ka j\u016bs\u0173 transporto priemon\u0117 bus sublimuota. Mes suk\u016br\u0117me daugiau nei X fotograf\u0173 tinkl\u0105 \u012fvairiose \u0161alyse. I\u0161sirinkus fotograf\u0105, kvie\u010diame su juo susisiekti tiesiogiai jo kontakt\u0173 formoje nurodytu elektroninio pa\u0161to adresu arba telefono numeriu.<\/p>\n","protected":false},"author":1,"featured_media":0,"parent":0,"menu_order":0,"comment_status":"closed","ping_status":"closed","template":"template-parts\/tpl-photographers.php","meta":{"inline_featured_image":false,"footnotes":""},"acf":[],"yoast_head":"<!-- This site is optimized with the Yoast SEO plugin v22.5 - https:\/\/yoast.com\/wordpress\/plugins\/seo\/ -->\n<title>Fotografai - Piston Addict<\/title>\n<meta name=\"robots\" content=\"index, follow, max-snippet:-1, max-image-preview:large, max-video-preview:-1\" \/>\n<link rel=\"canonical\" href=\"https:\/\/pistonaddict.com\/lt\/fotografai\/\" \/>\n<meta property=\"og:locale\" content=\"lt_LT\" \/>\n<meta property=\"og:type\" content=\"article\" \/>\n<meta property=\"og:title\" content=\"Fotografai - Piston Addict\" \/>\n<meta property=\"og:description\" content=\"Fotografai Profesionali\u0173 fotograf\u0173 paslauga prie j\u016bs\u0173 dur\u0173 \u201ePiston Addict\u201c si\u016blo nemokam\u0105 vietos nustatymo paslaug\u0105 profesionaliems fotografams j\u016bs\u0173 vietov\u0117je. J\u0173 nuotrauk\u0173 d\u0117ka j\u016bs\u0173 transporto priemon\u0117 bus sublimuota. Mes suk\u016br\u0117me daugiau nei X fotograf\u0173 tinkl\u0105 \u012fvairiose \u0161alyse. I\u0161sirinkus fotograf\u0105, kvie\u010diame su juo susisiekti tiesiogiai jo kontakt\u0173 formoje nurodytu elektroninio pa\u0161to adresu arba telefono numeriu.\" \/>\n<meta property=\"og:url\" content=\"https:\/\/pistonaddict.com\/lt\/fotografai\/\" \/>\n<meta property=\"og:site_name\" content=\"Piston Addict\" \/>\n<meta property=\"article:modified_time\" content=\"2022-05-04T16:00:14+00:00\" \/>\n<meta name=\"twitter:card\" content=\"summary_large_image\" \/>\n<script type=\"application\/ld+json\" class=\"yoast-schema-graph\">{\"@context\":\"https:\/\/schema.org\",\"@graph\":[{\"@type\":\"WebPage\",\"@id\":\"https:\/\/pistonaddict.com\/lt\/fotografai\/\",\"url\":\"https:\/\/pistonaddict.com\/lt\/fotografai\/\",\"name\":\"Fotografai - Piston Addict\",\"isPartOf\":{\"@id\":\"https:\/\/pistonaddict.com\/lt\/#website\"},\"datePublished\":\"2022-04-21T08:08:27+00:00\",\"dateModified\":\"2022-05-04T16:00:14+00:00\",\"breadcrumb\":{\"@id\":\"https:\/\/pistonaddict.com\/lt\/fotografai\/#breadcrumb\"},\"inLanguage\":\"lt-LT\",\"potentialAction\":[{\"@type\":\"ReadAction\",\"target\":[\"https:\/\/pistonaddict.com\/lt\/fotografai\/\"]}]},{\"@type\":\"BreadcrumbList\",\"@id\":\"https:\/\/pistonaddict.com\/lt\/fotografai\/#breadcrumb\",\"itemListElement\":[{\"@type\":\"ListItem\",\"position\":1,\"name\":\"Pagrindinis puslapis\",\"item\":\"https:\/\/pistonaddict.com\/lt\/pradzia\/\"},{\"@type\":\"ListItem\",\"position\":2,\"name\":\"Fotografai\"}]},{\"@type\":\"WebSite\",\"@id\":\"https:\/\/pistonaddict.com\/lt\/#website\",\"url\":\"https:\/\/pistonaddict.com\/lt\/\",\"name\":\"Piston Addict\",\"description\":\"Only interesting vehicles\",\"publisher\":{\"@id\":\"https:\/\/pistonaddict.com\/lt\/#organization\"},\"potentialAction\":[{\"@type\":\"SearchAction\",\"target\":{\"@type\":\"EntryPoint\",\"urlTemplate\":\"https:\/\/pistonaddict.com\/lt\/?s={search_term_string}\"},\"query-input\":\"required name=search_term_string\"}],\"inLanguage\":\"lt-LT\"},{\"@type\":\"Organization\",\"@id\":\"https:\/\/pistonaddict.com\/lt\/#organization\",\"name\":\"Piston Addict\",\"url\":\"https:\/\/pistonaddict.com\/lt\/\",\"logo\":{\"@type\":\"ImageObject\",\"inLanguage\":\"lt-LT\",\"@id\":\"https:\/\/pistonaddict.com\/lt\/#\/schema\/logo\/image\/\",\"url\":\"https:\/\/pistonaddict.com\/wp-content\/uploads\/2022\/07\/logo-6.png\",\"contentUrl\":\"https:\/\/pistonaddict.com\/wp-content\/uploads\/2022\/07\/logo-6.png\",\"width\":970,\"height\":200,\"caption\":\"Piston Addict\"},\"image\":{\"@id\":\"https:\/\/pistonaddict.com\/lt\/#\/schema\/logo\/image\/\"}}]}<\/script>\n<!-- \/ Yoast SEO plugin. -->","yoast_head_json":{"title":"Fotografai - Piston Addict","robots":{"index":"index","follow":"follow","max-snippet":"max-snippet:-1","max-image-preview":"max-image-preview:large","max-video-preview":"max-video-preview:-1"},"canonical":"https:\/\/pistonaddict.com\/lt\/fotografai\/","og_locale":"lt_LT","og_type":"article","og_title":"Fotografai - Piston Addict","og_description":"Fotografai Profesionali\u0173 fotograf\u0173 paslauga prie j\u016bs\u0173 dur\u0173 \u201ePiston Addict\u201c si\u016blo nemokam\u0105 vietos nustatymo paslaug\u0105 profesionaliems fotografams j\u016bs\u0173 vietov\u0117je. J\u0173 nuotrauk\u0173 d\u0117ka j\u016bs\u0173 transporto priemon\u0117 bus sublimuota. Mes suk\u016br\u0117me daugiau nei X fotograf\u0173 tinkl\u0105 \u012fvairiose \u0161alyse. I\u0161sirinkus fotograf\u0105, kvie\u010diame su juo susisiekti tiesiogiai jo kontakt\u0173 formoje nurodytu elektroninio pa\u0161to adresu arba telefono numeriu.","og_url":"https:\/\/pistonaddict.com\/lt\/fotografai\/","og_site_name":"Piston Addict","article_modified_time":"2022-05-04T16:00:14+00:00","twitter_card":"summary_large_image","schema":{"@context":"https:\/\/schema.org","@graph":[{"@type":"WebPage","@id":"https:\/\/pistonaddict.com\/lt\/fotografai\/","url":"https:\/\/pistonaddict.com\/lt\/fotografai\/","name":"Fotografai - Piston Addict","isPartOf":{"@id":"https:\/\/pistonaddict.com\/lt\/#website"},"datePublished":"2022-04-21T08:08:27+00:00","dateModified":"2022-05-04T16:00:14+00:00","breadcrumb":{"@id":"https:\/\/pistonaddict.com\/lt\/fotografai\/#breadcrumb"},"inLanguage":"lt-LT","potentialAction":[{"@type":"ReadAction","target":["https:\/\/pistonaddict.com\/lt\/fotografai\/"]}]},{"@type":"BreadcrumbList","@id":"https:\/\/pistonaddict.com\/lt\/fotografai\/#breadcrumb","itemListElement":[{"@type":"ListItem","position":1,"name":"Pagrindinis puslapis","item":"https:\/\/pistonaddict.com\/lt\/pradzia\/"},{"@type":"ListItem","position":2,"name":"Fotografai"}]},{"@type":"WebSite","@id":"https:\/\/pistonaddict.com\/lt\/#website","url":"https:\/\/pistonaddict.com\/lt\/","name":"Piston Addict","description":"Only interesting vehicles","publisher":{"@id":"https:\/\/pistonaddict.com\/lt\/#organization"},"potentialAction":[{"@type":"SearchAction","target":{"@type":"EntryPoint","urlTemplate":"https:\/\/pistonaddict.com\/lt\/?s={search_term_string}"},"query-input":"required name=search_term_string"}],"inLanguage":"lt-LT"},{"@type":"Organization","@id":"https:\/\/pistonaddict.com\/lt\/#organization","name":"Piston Addict","url":"https:\/\/pistonaddict.com\/lt\/","logo":{"@type":"ImageObject","inLanguage":"lt-LT","@id":"https:\/\/pistonaddict.com\/lt\/#\/schema\/logo\/image\/","url":"https:\/\/pistonaddict.com\/wp-content\/uploads\/2022\/07\/logo-6.png","contentUrl":"https:\/\/pistonaddict.com\/wp-content\/uploads\/2022\/07\/logo-6.png","width":970,"height":200,"caption":"Piston Addict"},"image":{"@id":"https:\/\/pistonaddict.com\/lt\/#\/schema\/logo\/image\/"}}]}},"_links":{"self":[{"href":"https:\/\/pistonaddict.com\/lt\/wp-json\/wp\/v2\/pages\/2286"}],"collection":[{"href":"https:\/\/pistonaddict.com\/lt\/wp-json\/wp\/v2\/pages"}],"about":[{"href":"https:\/\/pistonaddict.com\/lt\/wp-json\/wp\/v2\/types\/page"}],"author":[{"embeddable":true,"href":"https:\/\/pistonaddict.com\/lt\/wp-json\/wp\/v2\/users\/1"}],"replies":[{"embeddable":true,"href":"https:\/\/pistonaddict.com\/lt\/wp-json\/wp\/v2\/comments?post=2286"}],"version-history":[{"count":3,"href":"https:\/\/pistonaddict.com\/lt\/wp-json\/wp\/v2\/pages\/2286\/revisions"}],"predecessor-version":[{"id":4347,"href":"https:\/\/pistonaddict.com\/lt\/wp-json\/wp\/v2\/pages\/2286\/revisions\/4347"}],"wp:attachment":[{"href":"https:\/\/pistonaddict.com\/lt\/wp-json\/wp\/v2\/media?parent=2286"}],"curies":[{"name":"wp","href":"https:\/\/api.w.org\/{rel}","templated":true}]}}