{"id":22624,"date":"2022-04-20T13:00:00","date_gmt":"2022-04-20T11:00:00","guid":{"rendered":"https:\/\/pistonaddict.com\/virsutine-dalis\/"},"modified":"2023-01-04T12:23:05","modified_gmt":"2023-01-04T11:23:05","slug":"virsutine-dalis","status":"publish","type":"page","link":"https:\/\/pistonaddict.com\/lt\/virsutine-dalis\/","title":{"rendered":"Vir\u0161utin\u0117 dalis"},"content":{"rendered":"\t\t<div data-elementor-type=\"wp-page\" data-elementor-id=\"22624\" class=\"elementor elementor-22624 elementor-19002\">\n\t\t\t\t\t\t<section class=\"elementor-section elementor-top-section elementor-element elementor-element-3668bb8 elementor-section-full_width elementor-section-content-middle banniere-page elementor-section-height-default elementor-section-height-default\" data-id=\"3668bb8\" data-element_type=\"section\" data-settings=\"{&quot;background_background&quot;:&quot;classic&quot;}\">\n\t\t\t\t\t\t<div class=\"elementor-container elementor-column-gap-default\">\n\t\t\t\t\t<div class=\"elementor-column elementor-col-100 elementor-top-column elementor-element elementor-element-b2088b2\" data-id=\"b2088b2\" data-element_type=\"column\">\n\t\t\t<div class=\"elementor-widget-wrap elementor-element-populated\">\n\t\t\t\t\t\t<div class=\"elementor-element elementor-element-26e06c0 elementor-widget elementor-widget-heading\" data-id=\"26e06c0\" data-element_type=\"widget\" data-widget_type=\"heading.default\">\n\t\t\t\t<div class=\"elementor-widget-container\">\n\t\t\t<style>\/*! elementor - v3.21.0 - 18-04-2024 *\/\n.elementor-heading-title{padding:0;margin:0;line-height:1}.elementor-widget-heading .elementor-heading-title[class*=elementor-size-]>a{color:inherit;font-size:inherit;line-height:inherit}.elementor-widget-heading .elementor-heading-title.elementor-size-small{font-size:15px}.elementor-widget-heading .elementor-heading-title.elementor-size-medium{font-size:19px}.elementor-widget-heading .elementor-heading-title.elementor-size-large{font-size:29px}.elementor-widget-heading .elementor-heading-title.elementor-size-xl{font-size:39px}.elementor-widget-heading .elementor-heading-title.elementor-size-xxl{font-size:59px}<\/style><h1 class=\"elementor-heading-title elementor-size-default\">Apie \"Piston Addict<\/h1>\t\t<\/div>\n\t\t\t\t<\/div>\n\t\t\t\t\t<\/div>\n\t\t<\/div>\n\t\t\t\t\t<\/div>\n\t\t<\/section>\n\t\t\t\t<section class=\"elementor-section elementor-top-section elementor-element elementor-element-62ecd00 elementor-section-full_width descs elementor-section-height-default elementor-section-height-default\" data-id=\"62ecd00\" data-element_type=\"section\">\n\t\t\t\t\t\t<div class=\"elementor-container elementor-column-gap-default\">\n\t\t\t\t\t<div class=\"elementor-column elementor-col-100 elementor-top-column elementor-element elementor-element-cae2e10\" data-id=\"cae2e10\" data-element_type=\"column\">\n\t\t\t<div class=\"elementor-widget-wrap elementor-element-populated\">\n\t\t\t\t\t\t<div class=\"elementor-element elementor-element-174bee4 elementor-widget elementor-widget-text-editor\" data-id=\"174bee4\" data-element_type=\"widget\" data-widget_type=\"text-editor.default\">\n\t\t\t\t<div class=\"elementor-widget-container\">\n\t\t\t<style>\/*! elementor - v3.21.0 - 18-04-2024 *\/\n.elementor-widget-text-editor.elementor-drop-cap-view-stacked .elementor-drop-cap{background-color:#69727d;color:#fff}.elementor-widget-text-editor.elementor-drop-cap-view-framed .elementor-drop-cap{color:#69727d;border:3px solid;background-color:transparent}.elementor-widget-text-editor:not(.elementor-drop-cap-view-default) .elementor-drop-cap{margin-top:8px}.elementor-widget-text-editor:not(.elementor-drop-cap-view-default) .elementor-drop-cap-letter{width:1em;height:1em}.elementor-widget-text-editor .elementor-drop-cap{float:left;text-align:center;line-height:1;font-size:50px}.elementor-widget-text-editor .elementor-drop-cap-letter{display:inline-block}<\/style>\t\t\t\t<\/p>\n<h2>M\u016bs\u0173 istorija<\/h2>\n<p>&#8220;Piston Addict&#8221; yra internetin\u0117 aukcion\u0173 platforma, kurios specializacija &#8211; i\u0161skirtin\u0117s transporto priemon\u0117s.  <\/p>\n<p>Nuo ma\u017eens buvome automobili\u0173 entuziastai, tod\u0117l mums buvo svarbu, kad automobili\u0173 ir motocikl\u0173 pardavimas ir pirkimas tapt\u0173 prieinamesnis, kad gal\u0117tum\u0117te parduoti ar pirkti transporto priemon\u0119, kad ir kur b\u016btum\u0117te. radote.<\/p>\n<p>&#8220;Piston Addict&#8221; gim\u0117 trok\u0161dama padaryti revoliucij\u0105 naudot\u0173 transporto priemoni\u0173 rinkoje pa\u010diu papras\u010diausiu, skland\u017eiausiu ir skaidriausiu b\u016bdu: norint \u012fsigyti ir parduoti \u012fdomias transporto priemones, tereikia spustel\u0117ti arba dalyvauti aukcione. entuziast\u0173.<\/p>\n<h2> <\/h2>\n<h2>Kaip mes dirbame<\/h2>\n<p>&#8220;Piston Addict&#8221; i\u0161radin\u0117ja klasikini\u0173, kolekcini\u0173 ir entuziast\u0173 transporto priemoni\u0173 pardavimo ir pirkimo b\u016bdus.<\/p>\n<p>Kiekvien\u0105 pateikt\u0105 transporto priemon\u0119 i\u0161nagrin\u0117jame itin atid\u017eiai: &#8220;Piston Addict&#8221; rasite entuziast\u0173 komand\u0105, kuri yra sen\u0173 ar \u0161iuolaikini\u0173 automobili\u0173 ekspertai.<\/p>\n<p>M\u016bs\u0173 aukcionuose u\u017etikrinamas visi\u0161kas skaidrumas, i\u0161samesni s\u0105ra\u0161ai ir s\u0105\u017einingesni mokes\u010diai, palyginti su tradicin\u0117mis platformomis. Renkam\u0117s \u012fvairi\u0173 marki\u0173, modeli\u0173 ir tip\u0173 transporto priemones: norime pamatyti kuo daugiau j\u0173 r\u016b\u0161i\u0173!<\/p>\n\t\t\t\t\t\t<\/div>\n\t\t\t\t<\/div>\n\t\t\t\t\t<\/div>\n\t\t<\/div>\n\t\t\t\t\t<\/div>\n\t\t<\/section>\n\t\t\t\t<section class=\"elementor-section elementor-top-section elementor-element elementor-element-38f2e81 elementor-section-content-middle story elementor-section-boxed elementor-section-height-default elementor-section-height-default\" data-id=\"38f2e81\" data-element_type=\"section\" data-settings=\"{&quot;background_background&quot;:&quot;gradient&quot;}\">\n\t\t\t\t\t\t<div class=\"elementor-container elementor-column-gap-default\">\n\t\t\t\t\t<div class=\"elementor-column elementor-col-100 elementor-top-column elementor-element elementor-element-71b8e7e\" data-id=\"71b8e7e\" data-element_type=\"column\">\n\t\t\t<div class=\"elementor-widget-wrap elementor-element-populated\">\n\t\t\t\t\t\t<div class=\"elementor-element elementor-element-205cd4d elementor-widget elementor-widget-text-editor\" data-id=\"205cd4d\" data-element_type=\"widget\" data-widget_type=\"text-editor.default\">\n\t\t\t\t<div class=\"elementor-widget-container\">\n\t\t\t\t\t\t\t\n          <h3>Liudijimas<\/h3>\n          <p>Mums patinka, kai pirk\u0117jai ir pardav\u0117jai pasakoja apie ger\u0105 patirt\u012f, kuri\u0105 jie patyr\u0117 m\u016bs\u0173 svetain\u0117je.<\/p>\n          <p>Atsi\u0173skite mums savo pirkimo ar pardavimo istorij\u0105 su \u012fdomiomis nuotraukomis ir mes paskelbsime j\u016bs\u0173 atsiliepim\u0105.<\/p>\n          <p>\n            <a href=\"mailto:contact@pistonaddict.com\">Pateikite savo atsiliepim\u0105<\/a>\n          <\/p>\n        \t\t\t\t\t\t<\/div>\n\t\t\t\t<\/div>\n\t\t\t\t\t<\/div>\n\t\t<\/div>\n\t\t\t\t\t<\/div>\n\t\t<\/section>\n\t\t\t\t<\/div>\n\t\t","protected":false},"excerpt":{"rendered":"<p>Apie &#8220;Piston Addict M\u016bs\u0173 istorija &#8220;Piston Addict&#8221; yra internetin\u0117 aukcion\u0173 platforma, kurios specializacija &#8211; i\u0161skirtin\u0117s transporto priemon\u0117s. Nuo ma\u017eens buvome automobili\u0173 entuziastai, tod\u0117l mums buvo svarbu, kad automobili\u0173 ir motocikl\u0173 pardavimas ir pirkimas tapt\u0173 prieinamesnis, kad gal\u0117tum\u0117te parduoti ar pirkti transporto priemon\u0119, kad ir kur b\u016btum\u0117te. radote. &#8220;Piston Addict&#8221; gim\u0117 trok\u0161dama padaryti revoliucij\u0105 naudot\u0173 transporto &#8230; <a title=\"Vir\u0161utin\u0117 dalis\" class=\"read-more\" href=\"https:\/\/pistonaddict.com\/lt\/virsutine-dalis\/\">Skaityti daugiau<span class=\"screen-reader-text\">Vir\u0161utin\u0117 dalis<\/span><\/a><\/p>\n","protected":false},"author":1,"featured_media":0,"parent":0,"menu_order":0,"comment_status":"closed","ping_status":"closed","template":"","meta":{"inline_featured_image":false,"footnotes":""},"acf":[],"yoast_head":"<!-- This site is optimized with the Yoast SEO plugin v22.5 - https:\/\/yoast.com\/wordpress\/plugins\/seo\/ -->\n<title>Vir\u0161utin\u0117 dalis - Piston Addict<\/title>\n<meta name=\"robots\" content=\"index, follow, max-snippet:-1, max-image-preview:large, max-video-preview:-1\" \/>\n<link rel=\"canonical\" href=\"https:\/\/pistonaddict.com\/lt\/virsutine-dalis\/\" \/>\n<meta property=\"og:locale\" content=\"lt_LT\" \/>\n<meta property=\"og:type\" content=\"article\" \/>\n<meta property=\"og:title\" content=\"Vir\u0161utin\u0117 dalis - Piston Addict\" \/>\n<meta property=\"og:description\" content=\"Apie &#8220;Piston Addict M\u016bs\u0173 istorija &#8220;Piston Addict&#8221; yra internetin\u0117 aukcion\u0173 platforma, kurios specializacija &#8211; i\u0161skirtin\u0117s transporto priemon\u0117s. Nuo ma\u017eens buvome automobili\u0173 entuziastai, tod\u0117l mums buvo svarbu, kad automobili\u0173 ir motocikl\u0173 pardavimas ir pirkimas tapt\u0173 prieinamesnis, kad gal\u0117tum\u0117te parduoti ar pirkti transporto priemon\u0119, kad ir kur b\u016btum\u0117te. radote. &#8220;Piston Addict&#8221; gim\u0117 trok\u0161dama padaryti revoliucij\u0105 naudot\u0173 transporto ... Skaityti daugiauVir\u0161utin\u0117 dalis\" \/>\n<meta property=\"og:url\" content=\"https:\/\/pistonaddict.com\/lt\/virsutine-dalis\/\" \/>\n<meta property=\"og:site_name\" content=\"Piston Addict\" \/>\n<meta property=\"article:modified_time\" content=\"2023-01-04T11:23:05+00:00\" \/>\n<meta name=\"twitter:card\" content=\"summary_large_image\" \/>\n<meta name=\"twitter:label1\" content=\"Est. reading time\" \/>\n\t<meta name=\"twitter:data1\" content=\"1 minut\u0117\" \/>\n<script type=\"application\/ld+json\" class=\"yoast-schema-graph\">{\"@context\":\"https:\/\/schema.org\",\"@graph\":[{\"@type\":\"WebPage\",\"@id\":\"https:\/\/pistonaddict.com\/lt\/virsutine-dalis\/\",\"url\":\"https:\/\/pistonaddict.com\/lt\/virsutine-dalis\/\",\"name\":\"Vir\u0161utin\u0117 dalis - Piston Addict\",\"isPartOf\":{\"@id\":\"https:\/\/pistonaddict.com\/lt\/#website\"},\"datePublished\":\"2022-04-20T11:00:00+00:00\",\"dateModified\":\"2023-01-04T11:23:05+00:00\",\"breadcrumb\":{\"@id\":\"https:\/\/pistonaddict.com\/lt\/virsutine-dalis\/#breadcrumb\"},\"inLanguage\":\"lt-LT\",\"potentialAction\":[{\"@type\":\"ReadAction\",\"target\":[\"https:\/\/pistonaddict.com\/lt\/virsutine-dalis\/\"]}]},{\"@type\":\"BreadcrumbList\",\"@id\":\"https:\/\/pistonaddict.com\/lt\/virsutine-dalis\/#breadcrumb\",\"itemListElement\":[{\"@type\":\"ListItem\",\"position\":1,\"name\":\"Pagrindinis puslapis\",\"item\":\"https:\/\/pistonaddict.com\/lt\/pradzia\/\"},{\"@type\":\"ListItem\",\"position\":2,\"name\":\"Vir\u0161utin\u0117 dalis\"}]},{\"@type\":\"WebSite\",\"@id\":\"https:\/\/pistonaddict.com\/lt\/#website\",\"url\":\"https:\/\/pistonaddict.com\/lt\/\",\"name\":\"Piston Addict\",\"description\":\"Only interesting vehicles\",\"publisher\":{\"@id\":\"https:\/\/pistonaddict.com\/lt\/#organization\"},\"potentialAction\":[{\"@type\":\"SearchAction\",\"target\":{\"@type\":\"EntryPoint\",\"urlTemplate\":\"https:\/\/pistonaddict.com\/lt\/?s={search_term_string}\"},\"query-input\":\"required name=search_term_string\"}],\"inLanguage\":\"lt-LT\"},{\"@type\":\"Organization\",\"@id\":\"https:\/\/pistonaddict.com\/lt\/#organization\",\"name\":\"Piston Addict\",\"url\":\"https:\/\/pistonaddict.com\/lt\/\",\"logo\":{\"@type\":\"ImageObject\",\"inLanguage\":\"lt-LT\",\"@id\":\"https:\/\/pistonaddict.com\/lt\/#\/schema\/logo\/image\/\",\"url\":\"https:\/\/pistonaddict.com\/wp-content\/uploads\/2022\/07\/logo-6.png\",\"contentUrl\":\"https:\/\/pistonaddict.com\/wp-content\/uploads\/2022\/07\/logo-6.png\",\"width\":970,\"height\":200,\"caption\":\"Piston Addict\"},\"image\":{\"@id\":\"https:\/\/pistonaddict.com\/lt\/#\/schema\/logo\/image\/\"}}]}<\/script>\n<!-- \/ Yoast SEO plugin. -->","yoast_head_json":{"title":"Vir\u0161utin\u0117 dalis - Piston Addict","robots":{"index":"index","follow":"follow","max-snippet":"max-snippet:-1","max-image-preview":"max-image-preview:large","max-video-preview":"max-video-preview:-1"},"canonical":"https:\/\/pistonaddict.com\/lt\/virsutine-dalis\/","og_locale":"lt_LT","og_type":"article","og_title":"Vir\u0161utin\u0117 dalis - Piston Addict","og_description":"Apie &#8220;Piston Addict M\u016bs\u0173 istorija &#8220;Piston Addict&#8221; yra internetin\u0117 aukcion\u0173 platforma, kurios specializacija &#8211; i\u0161skirtin\u0117s transporto priemon\u0117s. Nuo ma\u017eens buvome automobili\u0173 entuziastai, tod\u0117l mums buvo svarbu, kad automobili\u0173 ir motocikl\u0173 pardavimas ir pirkimas tapt\u0173 prieinamesnis, kad gal\u0117tum\u0117te parduoti ar pirkti transporto priemon\u0119, kad ir kur b\u016btum\u0117te. radote. &#8220;Piston Addict&#8221; gim\u0117 trok\u0161dama padaryti revoliucij\u0105 naudot\u0173 transporto ... Skaityti daugiauVir\u0161utin\u0117 dalis","og_url":"https:\/\/pistonaddict.com\/lt\/virsutine-dalis\/","og_site_name":"Piston Addict","article_modified_time":"2023-01-04T11:23:05+00:00","twitter_card":"summary_large_image","twitter_misc":{"Est. reading time":"1 minut\u0117"},"schema":{"@context":"https:\/\/schema.org","@graph":[{"@type":"WebPage","@id":"https:\/\/pistonaddict.com\/lt\/virsutine-dalis\/","url":"https:\/\/pistonaddict.com\/lt\/virsutine-dalis\/","name":"Vir\u0161utin\u0117 dalis - Piston Addict","isPartOf":{"@id":"https:\/\/pistonaddict.com\/lt\/#website"},"datePublished":"2022-04-20T11:00:00+00:00","dateModified":"2023-01-04T11:23:05+00:00","breadcrumb":{"@id":"https:\/\/pistonaddict.com\/lt\/virsutine-dalis\/#breadcrumb"},"inLanguage":"lt-LT","potentialAction":[{"@type":"ReadAction","target":["https:\/\/pistonaddict.com\/lt\/virsutine-dalis\/"]}]},{"@type":"BreadcrumbList","@id":"https:\/\/pistonaddict.com\/lt\/virsutine-dalis\/#breadcrumb","itemListElement":[{"@type":"ListItem","position":1,"name":"Pagrindinis puslapis","item":"https:\/\/pistonaddict.com\/lt\/pradzia\/"},{"@type":"ListItem","position":2,"name":"Vir\u0161utin\u0117 dalis"}]},{"@type":"WebSite","@id":"https:\/\/pistonaddict.com\/lt\/#website","url":"https:\/\/pistonaddict.com\/lt\/","name":"Piston Addict","description":"Only interesting vehicles","publisher":{"@id":"https:\/\/pistonaddict.com\/lt\/#organization"},"potentialAction":[{"@type":"SearchAction","target":{"@type":"EntryPoint","urlTemplate":"https:\/\/pistonaddict.com\/lt\/?s={search_term_string}"},"query-input":"required name=search_term_string"}],"inLanguage":"lt-LT"},{"@type":"Organization","@id":"https:\/\/pistonaddict.com\/lt\/#organization","name":"Piston Addict","url":"https:\/\/pistonaddict.com\/lt\/","logo":{"@type":"ImageObject","inLanguage":"lt-LT","@id":"https:\/\/pistonaddict.com\/lt\/#\/schema\/logo\/image\/","url":"https:\/\/pistonaddict.com\/wp-content\/uploads\/2022\/07\/logo-6.png","contentUrl":"https:\/\/pistonaddict.com\/wp-content\/uploads\/2022\/07\/logo-6.png","width":970,"height":200,"caption":"Piston Addict"},"image":{"@id":"https:\/\/pistonaddict.com\/lt\/#\/schema\/logo\/image\/"}}]}},"_links":{"self":[{"href":"https:\/\/pistonaddict.com\/lt\/wp-json\/wp\/v2\/pages\/22624"}],"collection":[{"href":"https:\/\/pistonaddict.com\/lt\/wp-json\/wp\/v2\/pages"}],"about":[{"href":"https:\/\/pistonaddict.com\/lt\/wp-json\/wp\/v2\/types\/page"}],"author":[{"embeddable":true,"href":"https:\/\/pistonaddict.com\/lt\/wp-json\/wp\/v2\/users\/1"}],"replies":[{"embeddable":true,"href":"https:\/\/pistonaddict.com\/lt\/wp-json\/wp\/v2\/comments?post=22624"}],"version-history":[{"count":2,"href":"https:\/\/pistonaddict.com\/lt\/wp-json\/wp\/v2\/pages\/22624\/revisions"}],"predecessor-version":[{"id":22642,"href":"https:\/\/pistonaddict.com\/lt\/wp-json\/wp\/v2\/pages\/22624\/revisions\/22642"}],"wp:attachment":[{"href":"https:\/\/pistonaddict.com\/lt\/wp-json\/wp\/v2\/media?parent=22624"}],"curies":[{"name":"wp","href":"https:\/\/api.w.org\/{rel}","templated":true}]}}