{"id":1969,"date":"2022-04-13T10:38:14","date_gmt":"2022-04-13T08:38:14","guid":{"rendered":"https:\/\/pistonaddict.com\/puslapio-pavyzdys\/"},"modified":"2022-05-04T18:00:16","modified_gmt":"2022-05-04T16:00:16","slug":"puslapio-pavyzdys","status":"publish","type":"page","link":"https:\/\/pistonaddict.com\/lt\/puslapio-pavyzdys\/","title":{"rendered":"Puslapio pavyzdys"},"content":{"rendered":"\n<p>Tai yra puslapio pavyzdys. Tai skiriasi nuo tinklara\u0161\u010dio \u012fra\u0161o, nes jis liks vienoje vietoje ir bus rodomas j\u016bs\u0173 svetain\u0117s nar\u0161ymo skydelyje (daugumoje tem\u0173). Daugelis \u017emoni\u0173 pradeda nuo puslapio \u201eApie\u201c, kuriame jie pristatomi svetain\u0117je besilankantiems \u017emon\u0117ms. Tai gal\u0117t\u0173 atrodyti ma\u017edaug taip:<\/p>\n\n<blockquote class=\"wp-block-quote\"><p>Labas rytas ! A\u0161 esu mechanikas, siekiantis b\u016bti aktoriumi, ir tai yra mano svetain\u0117. A\u0161 gyvenu Bordo mieste, turiu puik\u0173 \u0161un\u012f, vardu Raselas, ir m\u0117gstu degtin\u0119 (taip pat stebina staigus lietus per ilgus pasivaik\u0161\u010diojimus papl\u016bdimyje saul\u0117lyd\u017eio metu).<\/p><\/blockquote>\n\n<p>&#8230; arba ka\u017ekas pana\u0161aus:<\/p>\n\n<blockquote class=\"wp-block-quote\"><p>\u012emon\u0117 123 Machin Truc buvo \u012fkurta 1971 m. ir nuo to laiko visuomenei si\u016blo kokybi\u0161kus \u012ftaisus. \u012esik\u016br\u0119s Saint-Remy-en-Bouzemont-Saint-Genest-et-Isson, 123 Machin Truc dirba 2000 \u017emoni\u0173 ir gamina vis\u0173 r\u016b\u0161i\u0173 puiki\u0173 prietais\u0173 Bouzemont bendruomenei.<\/p><\/blockquote>\n\n<p>Kaip naujas \u201eWordPress\u201c naudotojas, tur\u0117tum\u0117te eiti \u012f <a href=\"https:\/\/pistonaddict.com\/wp-admin\/\">savo prietais\u0173 skydel\u012f<\/a> , kad i\u0161trintum\u0117te \u0161\u012f puslap\u012f ir sukurtum\u0117te naujus savo turinio puslapius. Pasilinksmink !<\/p>\n","protected":false},"excerpt":{"rendered":"<p>Tai yra puslapio pavyzdys. Tai skiriasi nuo tinklara\u0161\u010dio \u012fra\u0161o, nes jis liks vienoje vietoje ir bus rodomas j\u016bs\u0173 svetain\u0117s nar\u0161ymo skydelyje (daugumoje tem\u0173). Daugelis \u017emoni\u0173 pradeda nuo puslapio \u201eApie\u201c, kuriame jie pristatomi svetain\u0117je besilankantiems \u017emon\u0117ms. Tai gal\u0117t\u0173 atrodyti ma\u017edaug taip: Labas rytas ! A\u0161 esu mechanikas, siekiantis b\u016bti aktoriumi, ir tai yra mano svetain\u0117. A\u0161 &#8230; <a title=\"Puslapio pavyzdys\" class=\"read-more\" href=\"https:\/\/pistonaddict.com\/lt\/puslapio-pavyzdys\/\">Skaityti daugiau<span class=\"screen-reader-text\">Puslapio pavyzdys<\/span><\/a><\/p>\n","protected":false},"author":1,"featured_media":0,"parent":0,"menu_order":0,"comment_status":"closed","ping_status":"closed","template":"","meta":{"inline_featured_image":false,"footnotes":""},"acf":[],"yoast_head":"<!-- This site is optimized with the Yoast SEO plugin v22.5 - https:\/\/yoast.com\/wordpress\/plugins\/seo\/ -->\n<title>Puslapio pavyzdys - Piston Addict<\/title>\n<meta name=\"robots\" content=\"index, follow, max-snippet:-1, max-image-preview:large, max-video-preview:-1\" \/>\n<link rel=\"canonical\" href=\"https:\/\/pistonaddict.com\/lt\/puslapio-pavyzdys\/\" \/>\n<meta property=\"og:locale\" content=\"lt_LT\" \/>\n<meta property=\"og:type\" content=\"article\" \/>\n<meta property=\"og:title\" content=\"Puslapio pavyzdys - Piston Addict\" \/>\n<meta property=\"og:description\" content=\"Tai yra puslapio pavyzdys. Tai skiriasi nuo tinklara\u0161\u010dio \u012fra\u0161o, nes jis liks vienoje vietoje ir bus rodomas j\u016bs\u0173 svetain\u0117s nar\u0161ymo skydelyje (daugumoje tem\u0173). Daugelis \u017emoni\u0173 pradeda nuo puslapio \u201eApie\u201c, kuriame jie pristatomi svetain\u0117je besilankantiems \u017emon\u0117ms. Tai gal\u0117t\u0173 atrodyti ma\u017edaug taip: Labas rytas ! A\u0161 esu mechanikas, siekiantis b\u016bti aktoriumi, ir tai yra mano svetain\u0117. A\u0161 ... Skaityti daugiauPuslapio pavyzdys\" \/>\n<meta property=\"og:url\" content=\"https:\/\/pistonaddict.com\/lt\/puslapio-pavyzdys\/\" \/>\n<meta property=\"og:site_name\" content=\"Piston Addict\" \/>\n<meta property=\"article:modified_time\" content=\"2022-05-04T16:00:16+00:00\" \/>\n<meta name=\"twitter:card\" content=\"summary_large_image\" \/>\n<meta name=\"twitter:label1\" content=\"Est. reading time\" \/>\n\t<meta name=\"twitter:data1\" content=\"1 minut\u0117\" \/>\n<script type=\"application\/ld+json\" class=\"yoast-schema-graph\">{\"@context\":\"https:\/\/schema.org\",\"@graph\":[{\"@type\":\"WebPage\",\"@id\":\"https:\/\/pistonaddict.com\/lt\/puslapio-pavyzdys\/\",\"url\":\"https:\/\/pistonaddict.com\/lt\/puslapio-pavyzdys\/\",\"name\":\"Puslapio pavyzdys - Piston Addict\",\"isPartOf\":{\"@id\":\"https:\/\/pistonaddict.com\/lt\/#website\"},\"datePublished\":\"2022-04-13T08:38:14+00:00\",\"dateModified\":\"2022-05-04T16:00:16+00:00\",\"breadcrumb\":{\"@id\":\"https:\/\/pistonaddict.com\/lt\/puslapio-pavyzdys\/#breadcrumb\"},\"inLanguage\":\"lt-LT\",\"potentialAction\":[{\"@type\":\"ReadAction\",\"target\":[\"https:\/\/pistonaddict.com\/lt\/puslapio-pavyzdys\/\"]}]},{\"@type\":\"BreadcrumbList\",\"@id\":\"https:\/\/pistonaddict.com\/lt\/puslapio-pavyzdys\/#breadcrumb\",\"itemListElement\":[{\"@type\":\"ListItem\",\"position\":1,\"name\":\"Pagrindinis puslapis\",\"item\":\"https:\/\/pistonaddict.com\/lt\/pradzia\/\"},{\"@type\":\"ListItem\",\"position\":2,\"name\":\"Puslapio pavyzdys\"}]},{\"@type\":\"WebSite\",\"@id\":\"https:\/\/pistonaddict.com\/lt\/#website\",\"url\":\"https:\/\/pistonaddict.com\/lt\/\",\"name\":\"Piston Addict\",\"description\":\"Only interesting vehicles\",\"publisher\":{\"@id\":\"https:\/\/pistonaddict.com\/lt\/#organization\"},\"potentialAction\":[{\"@type\":\"SearchAction\",\"target\":{\"@type\":\"EntryPoint\",\"urlTemplate\":\"https:\/\/pistonaddict.com\/lt\/?s={search_term_string}\"},\"query-input\":\"required name=search_term_string\"}],\"inLanguage\":\"lt-LT\"},{\"@type\":\"Organization\",\"@id\":\"https:\/\/pistonaddict.com\/lt\/#organization\",\"name\":\"Piston Addict\",\"url\":\"https:\/\/pistonaddict.com\/lt\/\",\"logo\":{\"@type\":\"ImageObject\",\"inLanguage\":\"lt-LT\",\"@id\":\"https:\/\/pistonaddict.com\/lt\/#\/schema\/logo\/image\/\",\"url\":\"https:\/\/pistonaddict.com\/wp-content\/uploads\/2022\/07\/logo-6.png\",\"contentUrl\":\"https:\/\/pistonaddict.com\/wp-content\/uploads\/2022\/07\/logo-6.png\",\"width\":970,\"height\":200,\"caption\":\"Piston Addict\"},\"image\":{\"@id\":\"https:\/\/pistonaddict.com\/lt\/#\/schema\/logo\/image\/\"}}]}<\/script>\n<!-- \/ Yoast SEO plugin. -->","yoast_head_json":{"title":"Puslapio pavyzdys - Piston Addict","robots":{"index":"index","follow":"follow","max-snippet":"max-snippet:-1","max-image-preview":"max-image-preview:large","max-video-preview":"max-video-preview:-1"},"canonical":"https:\/\/pistonaddict.com\/lt\/puslapio-pavyzdys\/","og_locale":"lt_LT","og_type":"article","og_title":"Puslapio pavyzdys - Piston Addict","og_description":"Tai yra puslapio pavyzdys. Tai skiriasi nuo tinklara\u0161\u010dio \u012fra\u0161o, nes jis liks vienoje vietoje ir bus rodomas j\u016bs\u0173 svetain\u0117s nar\u0161ymo skydelyje (daugumoje tem\u0173). Daugelis \u017emoni\u0173 pradeda nuo puslapio \u201eApie\u201c, kuriame jie pristatomi svetain\u0117je besilankantiems \u017emon\u0117ms. Tai gal\u0117t\u0173 atrodyti ma\u017edaug taip: Labas rytas ! A\u0161 esu mechanikas, siekiantis b\u016bti aktoriumi, ir tai yra mano svetain\u0117. A\u0161 ... Skaityti daugiauPuslapio pavyzdys","og_url":"https:\/\/pistonaddict.com\/lt\/puslapio-pavyzdys\/","og_site_name":"Piston Addict","article_modified_time":"2022-05-04T16:00:16+00:00","twitter_card":"summary_large_image","twitter_misc":{"Est. reading time":"1 minut\u0117"},"schema":{"@context":"https:\/\/schema.org","@graph":[{"@type":"WebPage","@id":"https:\/\/pistonaddict.com\/lt\/puslapio-pavyzdys\/","url":"https:\/\/pistonaddict.com\/lt\/puslapio-pavyzdys\/","name":"Puslapio pavyzdys - Piston Addict","isPartOf":{"@id":"https:\/\/pistonaddict.com\/lt\/#website"},"datePublished":"2022-04-13T08:38:14+00:00","dateModified":"2022-05-04T16:00:16+00:00","breadcrumb":{"@id":"https:\/\/pistonaddict.com\/lt\/puslapio-pavyzdys\/#breadcrumb"},"inLanguage":"lt-LT","potentialAction":[{"@type":"ReadAction","target":["https:\/\/pistonaddict.com\/lt\/puslapio-pavyzdys\/"]}]},{"@type":"BreadcrumbList","@id":"https:\/\/pistonaddict.com\/lt\/puslapio-pavyzdys\/#breadcrumb","itemListElement":[{"@type":"ListItem","position":1,"name":"Pagrindinis puslapis","item":"https:\/\/pistonaddict.com\/lt\/pradzia\/"},{"@type":"ListItem","position":2,"name":"Puslapio pavyzdys"}]},{"@type":"WebSite","@id":"https:\/\/pistonaddict.com\/lt\/#website","url":"https:\/\/pistonaddict.com\/lt\/","name":"Piston Addict","description":"Only interesting vehicles","publisher":{"@id":"https:\/\/pistonaddict.com\/lt\/#organization"},"potentialAction":[{"@type":"SearchAction","target":{"@type":"EntryPoint","urlTemplate":"https:\/\/pistonaddict.com\/lt\/?s={search_term_string}"},"query-input":"required name=search_term_string"}],"inLanguage":"lt-LT"},{"@type":"Organization","@id":"https:\/\/pistonaddict.com\/lt\/#organization","name":"Piston Addict","url":"https:\/\/pistonaddict.com\/lt\/","logo":{"@type":"ImageObject","inLanguage":"lt-LT","@id":"https:\/\/pistonaddict.com\/lt\/#\/schema\/logo\/image\/","url":"https:\/\/pistonaddict.com\/wp-content\/uploads\/2022\/07\/logo-6.png","contentUrl":"https:\/\/pistonaddict.com\/wp-content\/uploads\/2022\/07\/logo-6.png","width":970,"height":200,"caption":"Piston Addict"},"image":{"@id":"https:\/\/pistonaddict.com\/lt\/#\/schema\/logo\/image\/"}}]}},"_links":{"self":[{"href":"https:\/\/pistonaddict.com\/lt\/wp-json\/wp\/v2\/pages\/1969"}],"collection":[{"href":"https:\/\/pistonaddict.com\/lt\/wp-json\/wp\/v2\/pages"}],"about":[{"href":"https:\/\/pistonaddict.com\/lt\/wp-json\/wp\/v2\/types\/page"}],"author":[{"embeddable":true,"href":"https:\/\/pistonaddict.com\/lt\/wp-json\/wp\/v2\/users\/1"}],"replies":[{"embeddable":true,"href":"https:\/\/pistonaddict.com\/lt\/wp-json\/wp\/v2\/comments?post=1969"}],"version-history":[{"count":3,"href":"https:\/\/pistonaddict.com\/lt\/wp-json\/wp\/v2\/pages\/1969\/revisions"}],"predecessor-version":[{"id":4384,"href":"https:\/\/pistonaddict.com\/lt\/wp-json\/wp\/v2\/pages\/1969\/revisions\/4384"}],"wp:attachment":[{"href":"https:\/\/pistonaddict.com\/lt\/wp-json\/wp\/v2\/media?parent=1969"}],"curies":[{"name":"wp","href":"https:\/\/api.w.org\/{rel}","templated":true}]}}