{"id":19014,"date":"2022-04-20T13:00:00","date_gmt":"2022-04-20T11:00:00","guid":{"rendered":"https:\/\/pistonaddict.com\/apie-mus\/"},"modified":"2023-11-14T17:54:56","modified_gmt":"2023-11-14T16:54:56","slug":"apie-mus","status":"publish","type":"page","link":"https:\/\/pistonaddict.com\/lt\/apie-mus\/","title":{"rendered":"Apie mus"},"content":{"rendered":"\t\t<div data-elementor-type=\"wp-page\" data-elementor-id=\"19014\" class=\"elementor elementor-19014 elementor-2278\">\n\t\t\t\t\t\t<section class=\"elementor-section elementor-top-section elementor-element elementor-element-3668bb8 elementor-section-full_width elementor-section-content-middle banniere-page elementor-section-height-default elementor-section-height-default\" data-id=\"3668bb8\" data-element_type=\"section\" data-settings=\"{&quot;background_background&quot;:&quot;classic&quot;}\">\n\t\t\t\t\t\t<div class=\"elementor-container elementor-column-gap-default\">\n\t\t\t\t\t<div class=\"elementor-column elementor-col-100 elementor-top-column elementor-element elementor-element-b2088b2\" data-id=\"b2088b2\" data-element_type=\"column\">\n\t\t\t<div class=\"elementor-widget-wrap elementor-element-populated\">\n\t\t\t\t\t\t<div class=\"elementor-element elementor-element-26e06c0 elementor-widget elementor-widget-heading\" data-id=\"26e06c0\" data-element_type=\"widget\" data-widget_type=\"heading.default\">\n\t\t\t\t<div class=\"elementor-widget-container\">\n\t\t\t<style>\/*! elementor - v3.21.0 - 18-04-2024 *\/\n.elementor-heading-title{padding:0;margin:0;line-height:1}.elementor-widget-heading .elementor-heading-title[class*=elementor-size-]>a{color:inherit;font-size:inherit;line-height:inherit}.elementor-widget-heading .elementor-heading-title.elementor-size-small{font-size:15px}.elementor-widget-heading .elementor-heading-title.elementor-size-medium{font-size:19px}.elementor-widget-heading .elementor-heading-title.elementor-size-large{font-size:29px}.elementor-widget-heading .elementor-heading-title.elementor-size-xl{font-size:39px}.elementor-widget-heading .elementor-heading-title.elementor-size-xxl{font-size:59px}<\/style><h1 class=\"elementor-heading-title elementor-size-default\">Apie \"Piston Addict<\/h1>\t\t<\/div>\n\t\t\t\t<\/div>\n\t\t\t\t\t<\/div>\n\t\t<\/div>\n\t\t\t\t\t<\/div>\n\t\t<\/section>\n\t\t\t\t<section class=\"elementor-section elementor-top-section elementor-element elementor-element-62ecd00 elementor-section-full_width descs elementor-section-height-default elementor-section-height-default\" data-id=\"62ecd00\" data-element_type=\"section\">\n\t\t\t\t\t\t<div class=\"elementor-container elementor-column-gap-default\">\n\t\t\t\t\t<div class=\"elementor-column elementor-col-100 elementor-top-column elementor-element elementor-element-cae2e10\" data-id=\"cae2e10\" data-element_type=\"column\">\n\t\t\t<div class=\"elementor-widget-wrap elementor-element-populated\">\n\t\t\t\t\t\t<div class=\"elementor-element elementor-element-174bee4 elementor-widget elementor-widget-text-editor\" data-id=\"174bee4\" data-element_type=\"widget\" data-widget_type=\"text-editor.default\">\n\t\t\t\t<div class=\"elementor-widget-container\">\n\t\t\t<style>\/*! elementor - v3.21.0 - 18-04-2024 *\/\n.elementor-widget-text-editor.elementor-drop-cap-view-stacked .elementor-drop-cap{background-color:#69727d;color:#fff}.elementor-widget-text-editor.elementor-drop-cap-view-framed .elementor-drop-cap{color:#69727d;border:3px solid;background-color:transparent}.elementor-widget-text-editor:not(.elementor-drop-cap-view-default) .elementor-drop-cap{margin-top:8px}.elementor-widget-text-editor:not(.elementor-drop-cap-view-default) .elementor-drop-cap-letter{width:1em;height:1em}.elementor-widget-text-editor .elementor-drop-cap{float:left;text-align:center;line-height:1;font-size:50px}.elementor-widget-text-editor .elementor-drop-cap-letter{display:inline-block}<\/style>\t\t\t\t<h2>M\u016bs\u0173 istorija<\/h2>\n&#8220;Piston Addict&#8221; yra internetin\u0117 aukcion\u0173 platforma, kurios specializacija &#8211; i\u0161skirtin\u0117s transporto priemon\u0117s.\n\nNuo ma\u017eens buvome automobili\u0173 entuziastai, tod\u0117l mums buvo svarbu, kad automobili\u0173 ir motocikl\u0173 pardavimas ir pirkimas tapt\u0173 prieinamesnis, kad gal\u0117tum\u0117te parduoti ar pirkti transporto priemon\u0119, kad ir kur b\u016btum\u0117te.\n\n&#8220;Piston Addict&#8221; gim\u0117 trok\u0161dama padaryti revoliucij\u0105 naudot\u0173 transporto priemoni\u0173 rinkoje papras\u010diausiu, skland\u017eiausiu ir skaidriausiu b\u016bdu &#8211; norint \u012fsigyti ir parduoti \u012fdomias transporto priemones, tereikia spustel\u0117ti arba dalyvauti aukcione.\n\n<b>\u012ekurta entuziast\u0173, \u0161io sektoriaus profesional\u0173, turin\u010di\u0173 daugiau nei 20 met\u0173 patirt\u012f automobili\u0173 srityje.<\/b>, kuri\u0105 remia grup\u0117, kurios apyvarta per pastaruosius 10 met\u0173 vir\u0161ijo 500 mln. eur\u0173, o akcininkai per pastaruosius 30 met\u0173 kolekcionavo i\u0161skirtines transporto priemones ir tur\u0117jo galimyb\u0119 tur\u0117ti legendinius automobilius, pvz.  <a href=\"https:\/\/pistonaddict.com\/lt\/parduodu-ferrari-250-gto\/\">Ferrari 250 GTO<\/a>,  &#8220;<a href=\"https:\/\/pistonaddict.com\/lt\/aukcione-parduodamas-ferrari-250-gt-swb\/\">Ferrari 250 GT SWB&#8221;<\/a>, &#8221; <a href=\"https:\/\/pistonaddict.com\/lt\/parduodu-lamborghini-miura\/\">Lamborghini Miura SV<\/a>&#8220;, &#8221; <a href=\"https:\/\/pistonaddict.com\/lt\/aukcione-parduodamas-porsche-959\/\">Porsche 959&#8243;<\/a>, &#8221; <a href=\"https:\/\/pistonaddict.com\/lt\/parduodu-shelby-ac-cobra\/\">AC Cobra&#8221;<\/a> arba &#8221; <a href=\"https:\/\/pistonaddict.com\/lt\/aukcione-parduodamas-maserati-5000-gt\/\">Maserati 5000 GT&#8221;<\/a>.\n\nSukurti &#8220;Piston Addict&#8221; mus paskatino noras dalytis savo aistra.\n<h2><\/h2>\n<h2>Kaip mes dirbame<\/h2>\n&#8220;Piston Addict&#8221; i\u0161radin\u0117ja klasikini\u0173, kolekcini\u0173 ir entuziast\u0173 transporto priemoni\u0173 pardavimo ir pirkimo b\u016bdus.\n\nKiekvien\u0105 pateikt\u0105 transporto priemon\u0119 i\u0161nagrin\u0117jame itin atid\u017eiai: &#8220;Piston Addict&#8221; rasite entuziast\u0173 komand\u0105, kuri yra sen\u0173 ir moderni\u0173 motorini\u0173 transporto priemoni\u0173 ekspertai.\n\nM\u016bs\u0173 aukcionuose u\u017etikrinamas visi\u0161kas skaidrumas, i\u0161samesni s\u0105ra\u0161ai ir s\u0105\u017einingi mokes\u010diai, palyginti su tradicin\u0117mis platformomis. Renkam\u0117s \u012fvairi\u0173 marki\u0173, modeli\u0173 ir tip\u0173 transporto priemones, norime j\u0173 pamatyti tiek, kiek tik galite tik\u0117tis!\n\t<div id=\"hp-videos\" class=\"internal-page\">\n\t\t\t\t\t<div class=\"row\">\n\t\t\t\t\t\t\t\t\t\t\t\t\t\t\t<div class=\"col-2\">\n\t\t\t\t\t\t\t<div class=\"titre\">Kaip parduoti automobil\u012f ?<\/div>\n\t\t\t\t\t\t\t<div class=\"video\"><iframe width=\"560\" height=\"315\" src=\"https:\/\/www.youtube.com\/embed\/O3Y_LGkk7SA?si=lrPDABSM1_VbMAty&#038;cc_load_policy=1&#038;cc_lang_pref=lt\" title=\"YouTube video player\" frameborder=\"0\" allow=\"accelerometer; autoplay; clipboard-write; encrypted-media; gyroscope; picture-in-picture; web-share\" allowfullscreen><\/iframe><\/div>\n\t\t\t\t\t\t<\/div>\n\t\t\t\t\t\t\t\t\t\t\t\t\t\t\t\t\t\t\t\t<div class=\"col-2\">\n\t\t\t\t\t\t\t<div class=\"titre\">Kaip \u012fsigyti automobil\u012f?<\/div>\n\t\t\t\t\t\t\t<div class=\"video\"><iframe width=\"560\" height=\"315\" src=\"https:\/\/www.youtube.com\/embed\/rpL_CWBVwKk?si=Inx_LsS68MsBiaVq&#038;cc_load_policy=1&#038;cc_lang_pref=lt\" title=\"YouTube video player\" frameborder=\"0\" allow=\"accelerometer; autoplay; clipboard-write; encrypted-media; gyroscope; picture-in-picture; web-share\" allowfullscreen><\/iframe><\/div>\n\t\t\t\t\t\t<\/div>\n\t\t\t\t\t\t\t\t\t\t\t\t<\/div>\n\t\t\t<\/div>\n\t\t\n<div class=\"grid-container\" id=\"logos-mag\">\n\t    \t<h3>Pateikta \u0161iuose \u017eurnaluose<\/h3>\n    \t<div class=\"c-logos-mag\">\n\t\t\t                                \t<div>\n                    \t<img \n                        \tsrc=\"https:\/\/pistonaddict.com\/wp-content\/uploads\/2023\/11\/1-logo-sport-auto-300x300-couleur.png\" \n                            alt=\"Sport Auto\" \n                        \ttitle=\"Sport Auto\" class=\"responsive-img\" \/>\n                    <\/div>\n                                                            \t<div>\n                    \t<img \n                        \tsrc=\"https:\/\/pistonaddict.com\/wp-content\/uploads\/2023\/11\/2-logo-auto-epca-300x300-couleur.png\" \n                            alt=\"Auto d\u2019Epoca\" \n                        \ttitle=\"Auto d\u2019Epoca\" class=\"responsive-img\" \/>\n                    <\/div>\n                                                            \t<div>\n                    \t<img \n                        \tsrc=\"https:\/\/pistonaddict.com\/wp-content\/uploads\/2023\/11\/3-logo-classic-300x300-couleur.png\" \n                            alt=\"Classic &amp; Sports Car\" \n                        \ttitle=\"Classic &amp; Sports Car\" class=\"responsive-img\" \/>\n                    <\/div>\n                                                            \t<div>\n                    \t<img \n                        \tsrc=\"https:\/\/pistonaddict.com\/wp-content\/uploads\/2023\/11\/4-logo-motor-klassik-300x300-couleur.png\" \n                            alt=\"Motor Klassik\" \n                        \ttitle=\"Motor Klassik\" class=\"responsive-img\" \/>\n                    <\/div>\n                                                            \t<div>\n                    \t<img \n                        \tsrc=\"https:\/\/pistonaddict.com\/wp-content\/uploads\/2023\/11\/5-logo-sport-auto-classiques-300x300-couleur.png\" \n                            alt=\"Sport Auto Classiques\" \n                        \ttitle=\"Sport Auto Classiques\" class=\"responsive-img\" \/>\n                    <\/div>\n                                    <\/div>\n    <\/div>\n\t\n<h2>Kokie nors klausimai ? <a href=\"https:\/\/pistonaddict.com\/lt\/susisiekite-su-mumis\/\">Susisiekite su mumis<\/a>.<\/h2>\t\t\t\t\t\t<\/div>\n\t\t\t\t<\/div>\n\t\t\t\t\t<\/div>\n\t\t<\/div>\n\t\t\t\t\t<\/div>\n\t\t<\/section>\n\t\t\t\t<section class=\"elementor-section elementor-top-section elementor-element elementor-element-38f2e81 elementor-section-content-middle story elementor-section-boxed elementor-section-height-default elementor-section-height-default\" data-id=\"38f2e81\" data-element_type=\"section\" data-settings=\"{&quot;background_background&quot;:&quot;gradient&quot;}\">\n\t\t\t\t\t\t<div class=\"elementor-container elementor-column-gap-default\">\n\t\t\t\t\t<div class=\"elementor-column elementor-col-100 elementor-top-column elementor-element elementor-element-71b8e7e\" data-id=\"71b8e7e\" data-element_type=\"column\">\n\t\t\t<div class=\"elementor-widget-wrap elementor-element-populated\">\n\t\t\t\t\t\t<div class=\"elementor-element elementor-element-205cd4d elementor-widget elementor-widget-text-editor\" data-id=\"205cd4d\" data-element_type=\"widget\" data-widget_type=\"text-editor.default\">\n\t\t\t\t<div class=\"elementor-widget-container\">\n\t\t\t\t\t\t\t\n          <h3>Liudijimas<\/h3>\n          <p>Mums patinka, kai pirk\u0117jai ir pardav\u0117jai pasakoja apie ger\u0105 patirt\u012f, kuri\u0105 jie patyr\u0117 m\u016bs\u0173 svetain\u0117je.<\/p>\n          <p>Atsi\u0173skite mums savo pirkimo ar pardavimo istorij\u0105 su \u012fdomiomis nuotraukomis ir mes paskelbsime j\u016bs\u0173 atsiliepim\u0105.<\/p>\n          <p>\n            <a href=\"mailto:contact@pistonaddict.com\">Pateikite savo atsiliepim\u0105<\/a>\n          <\/p>\n        \t\t\t\t\t\t<\/div>\n\t\t\t\t<\/div>\n\t\t\t\t\t<\/div>\n\t\t<\/div>\n\t\t\t\t\t<\/div>\n\t\t<\/section>\n\t\t\t\t<\/div>\n\t\t","protected":false},"excerpt":{"rendered":"<p>Apie &#8220;Piston Addict M\u016bs\u0173 istorija &#8220;Piston Addict&#8221; yra internetin\u0117 aukcion\u0173 platforma, kurios specializacija &#8211; i\u0161skirtin\u0117s transporto priemon\u0117s. Nuo ma\u017eens buvome automobili\u0173 entuziastai, tod\u0117l mums buvo svarbu, kad automobili\u0173 ir motocikl\u0173 pardavimas ir pirkimas tapt\u0173 prieinamesnis, kad gal\u0117tum\u0117te parduoti ar pirkti transporto priemon\u0119, kad ir kur b\u016btum\u0117te. &#8220;Piston Addict&#8221; gim\u0117 trok\u0161dama padaryti revoliucij\u0105 naudot\u0173 transporto priemoni\u0173 &#8230; <a title=\"Apie mus\" class=\"read-more\" href=\"https:\/\/pistonaddict.com\/lt\/apie-mus\/\">Skaityti daugiau<span class=\"screen-reader-text\">Apie mus<\/span><\/a><\/p>\n","protected":false},"author":1,"featured_media":0,"parent":0,"menu_order":0,"comment_status":"closed","ping_status":"closed","template":"","meta":{"inline_featured_image":false,"footnotes":""},"acf":[],"yoast_head":"<!-- This site is optimized with the Yoast SEO plugin v22.5 - https:\/\/yoast.com\/wordpress\/plugins\/seo\/ -->\n<title>Apie mus - Piston Addict<\/title>\n<meta name=\"robots\" content=\"index, follow, max-snippet:-1, max-image-preview:large, max-video-preview:-1\" \/>\n<link rel=\"canonical\" href=\"https:\/\/pistonaddict.com\/lt\/apie-mus\/\" \/>\n<meta property=\"og:locale\" content=\"lt_LT\" \/>\n<meta property=\"og:type\" content=\"article\" \/>\n<meta property=\"og:title\" content=\"Apie mus - Piston Addict\" \/>\n<meta property=\"og:description\" content=\"Apie &#8220;Piston Addict M\u016bs\u0173 istorija &#8220;Piston Addict&#8221; yra internetin\u0117 aukcion\u0173 platforma, kurios specializacija &#8211; i\u0161skirtin\u0117s transporto priemon\u0117s. Nuo ma\u017eens buvome automobili\u0173 entuziastai, tod\u0117l mums buvo svarbu, kad automobili\u0173 ir motocikl\u0173 pardavimas ir pirkimas tapt\u0173 prieinamesnis, kad gal\u0117tum\u0117te parduoti ar pirkti transporto priemon\u0119, kad ir kur b\u016btum\u0117te. &#8220;Piston Addict&#8221; gim\u0117 trok\u0161dama padaryti revoliucij\u0105 naudot\u0173 transporto priemoni\u0173 ... Skaityti daugiauApie mus\" \/>\n<meta property=\"og:url\" content=\"https:\/\/pistonaddict.com\/lt\/apie-mus\/\" \/>\n<meta property=\"og:site_name\" content=\"Piston Addict\" \/>\n<meta property=\"article:modified_time\" content=\"2023-11-14T16:54:56+00:00\" \/>\n<meta name=\"twitter:card\" content=\"summary_large_image\" \/>\n<meta name=\"twitter:label1\" content=\"Est. reading time\" \/>\n\t<meta name=\"twitter:data1\" content=\"1 minut\u0117\" \/>\n<script type=\"application\/ld+json\" class=\"yoast-schema-graph\">{\"@context\":\"https:\/\/schema.org\",\"@graph\":[{\"@type\":\"WebPage\",\"@id\":\"https:\/\/pistonaddict.com\/lt\/apie-mus\/\",\"url\":\"https:\/\/pistonaddict.com\/lt\/apie-mus\/\",\"name\":\"Apie mus - Piston Addict\",\"isPartOf\":{\"@id\":\"https:\/\/pistonaddict.com\/lt\/#website\"},\"datePublished\":\"2022-04-20T11:00:00+00:00\",\"dateModified\":\"2023-11-14T16:54:56+00:00\",\"breadcrumb\":{\"@id\":\"https:\/\/pistonaddict.com\/lt\/apie-mus\/#breadcrumb\"},\"inLanguage\":\"lt-LT\",\"potentialAction\":[{\"@type\":\"ReadAction\",\"target\":[\"https:\/\/pistonaddict.com\/lt\/apie-mus\/\"]}]},{\"@type\":\"BreadcrumbList\",\"@id\":\"https:\/\/pistonaddict.com\/lt\/apie-mus\/#breadcrumb\",\"itemListElement\":[{\"@type\":\"ListItem\",\"position\":1,\"name\":\"Pagrindinis puslapis\",\"item\":\"https:\/\/pistonaddict.com\/lt\/pradzia\/\"},{\"@type\":\"ListItem\",\"position\":2,\"name\":\"Apie mus\"}]},{\"@type\":\"WebSite\",\"@id\":\"https:\/\/pistonaddict.com\/lt\/#website\",\"url\":\"https:\/\/pistonaddict.com\/lt\/\",\"name\":\"Piston Addict\",\"description\":\"Only interesting vehicles\",\"publisher\":{\"@id\":\"https:\/\/pistonaddict.com\/lt\/#organization\"},\"potentialAction\":[{\"@type\":\"SearchAction\",\"target\":{\"@type\":\"EntryPoint\",\"urlTemplate\":\"https:\/\/pistonaddict.com\/lt\/?s={search_term_string}\"},\"query-input\":\"required name=search_term_string\"}],\"inLanguage\":\"lt-LT\"},{\"@type\":\"Organization\",\"@id\":\"https:\/\/pistonaddict.com\/lt\/#organization\",\"name\":\"Piston Addict\",\"url\":\"https:\/\/pistonaddict.com\/lt\/\",\"logo\":{\"@type\":\"ImageObject\",\"inLanguage\":\"lt-LT\",\"@id\":\"https:\/\/pistonaddict.com\/lt\/#\/schema\/logo\/image\/\",\"url\":\"https:\/\/pistonaddict.com\/wp-content\/uploads\/2022\/07\/logo-6.png\",\"contentUrl\":\"https:\/\/pistonaddict.com\/wp-content\/uploads\/2022\/07\/logo-6.png\",\"width\":970,\"height\":200,\"caption\":\"Piston Addict\"},\"image\":{\"@id\":\"https:\/\/pistonaddict.com\/lt\/#\/schema\/logo\/image\/\"}}]}<\/script>\n<!-- \/ Yoast SEO plugin. -->","yoast_head_json":{"title":"Apie mus - Piston Addict","robots":{"index":"index","follow":"follow","max-snippet":"max-snippet:-1","max-image-preview":"max-image-preview:large","max-video-preview":"max-video-preview:-1"},"canonical":"https:\/\/pistonaddict.com\/lt\/apie-mus\/","og_locale":"lt_LT","og_type":"article","og_title":"Apie mus - Piston Addict","og_description":"Apie &#8220;Piston Addict M\u016bs\u0173 istorija &#8220;Piston Addict&#8221; yra internetin\u0117 aukcion\u0173 platforma, kurios specializacija &#8211; i\u0161skirtin\u0117s transporto priemon\u0117s. Nuo ma\u017eens buvome automobili\u0173 entuziastai, tod\u0117l mums buvo svarbu, kad automobili\u0173 ir motocikl\u0173 pardavimas ir pirkimas tapt\u0173 prieinamesnis, kad gal\u0117tum\u0117te parduoti ar pirkti transporto priemon\u0119, kad ir kur b\u016btum\u0117te. &#8220;Piston Addict&#8221; gim\u0117 trok\u0161dama padaryti revoliucij\u0105 naudot\u0173 transporto priemoni\u0173 ... Skaityti daugiauApie mus","og_url":"https:\/\/pistonaddict.com\/lt\/apie-mus\/","og_site_name":"Piston Addict","article_modified_time":"2023-11-14T16:54:56+00:00","twitter_card":"summary_large_image","twitter_misc":{"Est. reading time":"1 minut\u0117"},"schema":{"@context":"https:\/\/schema.org","@graph":[{"@type":"WebPage","@id":"https:\/\/pistonaddict.com\/lt\/apie-mus\/","url":"https:\/\/pistonaddict.com\/lt\/apie-mus\/","name":"Apie mus - Piston Addict","isPartOf":{"@id":"https:\/\/pistonaddict.com\/lt\/#website"},"datePublished":"2022-04-20T11:00:00+00:00","dateModified":"2023-11-14T16:54:56+00:00","breadcrumb":{"@id":"https:\/\/pistonaddict.com\/lt\/apie-mus\/#breadcrumb"},"inLanguage":"lt-LT","potentialAction":[{"@type":"ReadAction","target":["https:\/\/pistonaddict.com\/lt\/apie-mus\/"]}]},{"@type":"BreadcrumbList","@id":"https:\/\/pistonaddict.com\/lt\/apie-mus\/#breadcrumb","itemListElement":[{"@type":"ListItem","position":1,"name":"Pagrindinis puslapis","item":"https:\/\/pistonaddict.com\/lt\/pradzia\/"},{"@type":"ListItem","position":2,"name":"Apie mus"}]},{"@type":"WebSite","@id":"https:\/\/pistonaddict.com\/lt\/#website","url":"https:\/\/pistonaddict.com\/lt\/","name":"Piston Addict","description":"Only interesting vehicles","publisher":{"@id":"https:\/\/pistonaddict.com\/lt\/#organization"},"potentialAction":[{"@type":"SearchAction","target":{"@type":"EntryPoint","urlTemplate":"https:\/\/pistonaddict.com\/lt\/?s={search_term_string}"},"query-input":"required name=search_term_string"}],"inLanguage":"lt-LT"},{"@type":"Organization","@id":"https:\/\/pistonaddict.com\/lt\/#organization","name":"Piston Addict","url":"https:\/\/pistonaddict.com\/lt\/","logo":{"@type":"ImageObject","inLanguage":"lt-LT","@id":"https:\/\/pistonaddict.com\/lt\/#\/schema\/logo\/image\/","url":"https:\/\/pistonaddict.com\/wp-content\/uploads\/2022\/07\/logo-6.png","contentUrl":"https:\/\/pistonaddict.com\/wp-content\/uploads\/2022\/07\/logo-6.png","width":970,"height":200,"caption":"Piston Addict"},"image":{"@id":"https:\/\/pistonaddict.com\/lt\/#\/schema\/logo\/image\/"}}]}},"_links":{"self":[{"href":"https:\/\/pistonaddict.com\/lt\/wp-json\/wp\/v2\/pages\/19014"}],"collection":[{"href":"https:\/\/pistonaddict.com\/lt\/wp-json\/wp\/v2\/pages"}],"about":[{"href":"https:\/\/pistonaddict.com\/lt\/wp-json\/wp\/v2\/types\/page"}],"author":[{"embeddable":true,"href":"https:\/\/pistonaddict.com\/lt\/wp-json\/wp\/v2\/users\/1"}],"replies":[{"embeddable":true,"href":"https:\/\/pistonaddict.com\/lt\/wp-json\/wp\/v2\/comments?post=19014"}],"version-history":[{"count":15,"href":"https:\/\/pistonaddict.com\/lt\/wp-json\/wp\/v2\/pages\/19014\/revisions"}],"predecessor-version":[{"id":70337,"href":"https:\/\/pistonaddict.com\/lt\/wp-json\/wp\/v2\/pages\/19014\/revisions\/70337"}],"wp:attachment":[{"href":"https:\/\/pistonaddict.com\/lt\/wp-json\/wp\/v2\/media?parent=19014"}],"curies":[{"name":"wp","href":"https:\/\/api.w.org\/{rel}","templated":true}]}}