{"id":11052,"date":"2022-07-05T08:47:55","date_gmt":"2022-07-05T06:47:55","guid":{"rendered":"https:\/\/pistonaddict.com\/mano-saskaita\/mano-aukcionai\/"},"modified":"2022-07-05T08:49:06","modified_gmt":"2022-07-05T06:49:06","slug":"mano-aukcionai","status":"publish","type":"page","link":"https:\/\/pistonaddict.com\/lt\/mano-saskaita\/mano-aukcionai\/","title":{"rendered":"Mano aukcionai"},"content":{"rendered":"<h1>Mano aukcionai<\/h1>\n<h2>Mano aukcion\u0173 veikla<\/h2>\n<p>&nbsp;<\/p>\n<div class=\"woocommerce\"><p class=\"woocommerce-info\">Prisijunkite, kad pamatytum\u0117te savo aukcion\u0173 aktyvum\u0105.<\/p><\/div>\n<h2>Mano aukcionai Whatchlist<\/h2>\n<p>&nbsp;<\/p>\n<div class=\"woocommerce\"><p class=\"woocommerce-info\">Prisijunkite, kad pamatytum\u0117te savo aukcionus.<\/p><\/div>\n","protected":false},"excerpt":{"rendered":"<p>Mano aukcionai Mano aukcion\u0173 veikla &nbsp; Mano aukcionai Whatchlist &nbsp;<\/p>\n","protected":false},"author":1,"featured_media":0,"parent":2150,"menu_order":0,"comment_status":"closed","ping_status":"closed","template":"","meta":{"inline_featured_image":false,"footnotes":""},"acf":[],"yoast_head":"<!-- This site is optimized with the Yoast SEO plugin v22.5 - https:\/\/yoast.com\/wordpress\/plugins\/seo\/ -->\n<title>Mano aukcionai - Piston Addict<\/title>\n<meta name=\"robots\" content=\"index, follow, max-snippet:-1, max-image-preview:large, max-video-preview:-1\" \/>\n<link rel=\"canonical\" href=\"https:\/\/pistonaddict.com\/lt\/mano-saskaita\/mano-aukcionai\/\" \/>\n<meta property=\"og:locale\" content=\"lt_LT\" \/>\n<meta property=\"og:type\" content=\"article\" \/>\n<meta property=\"og:title\" content=\"Mano aukcionai - Piston Addict\" \/>\n<meta property=\"og:description\" content=\"Mano aukcionai Mano aukcion\u0173 veikla &nbsp; Mano aukcionai Whatchlist &nbsp;\" \/>\n<meta property=\"og:url\" content=\"https:\/\/pistonaddict.com\/lt\/mano-saskaita\/mano-aukcionai\/\" \/>\n<meta property=\"og:site_name\" content=\"Piston Addict\" \/>\n<meta property=\"article:modified_time\" content=\"2022-07-05T06:49:06+00:00\" \/>\n<meta name=\"twitter:card\" content=\"summary_large_image\" \/>\n<script type=\"application\/ld+json\" class=\"yoast-schema-graph\">{\"@context\":\"https:\/\/schema.org\",\"@graph\":[{\"@type\":\"WebPage\",\"@id\":\"https:\/\/pistonaddict.com\/lt\/mano-saskaita\/mano-aukcionai\/\",\"url\":\"https:\/\/pistonaddict.com\/lt\/mano-saskaita\/mano-aukcionai\/\",\"name\":\"Mano aukcionai - Piston Addict\",\"isPartOf\":{\"@id\":\"https:\/\/pistonaddict.com\/lt\/#website\"},\"datePublished\":\"2022-07-05T06:47:55+00:00\",\"dateModified\":\"2022-07-05T06:49:06+00:00\",\"breadcrumb\":{\"@id\":\"https:\/\/pistonaddict.com\/lt\/mano-saskaita\/mano-aukcionai\/#breadcrumb\"},\"inLanguage\":\"lt-LT\",\"potentialAction\":[{\"@type\":\"ReadAction\",\"target\":[\"https:\/\/pistonaddict.com\/lt\/mano-saskaita\/mano-aukcionai\/\"]}]},{\"@type\":\"BreadcrumbList\",\"@id\":\"https:\/\/pistonaddict.com\/lt\/mano-saskaita\/mano-aukcionai\/#breadcrumb\",\"itemListElement\":[{\"@type\":\"ListItem\",\"position\":1,\"name\":\"Pagrindinis puslapis\",\"item\":\"https:\/\/pistonaddict.com\/lt\/pradzia\/\"},{\"@type\":\"ListItem\",\"position\":2,\"name\":\"Mano s\u0105skaita\",\"item\":\"https:\/\/pistonaddict.com\/lt\/mano-saskaita\/\"},{\"@type\":\"ListItem\",\"position\":3,\"name\":\"Mano aukcionai\"}]},{\"@type\":\"WebSite\",\"@id\":\"https:\/\/pistonaddict.com\/lt\/#website\",\"url\":\"https:\/\/pistonaddict.com\/lt\/\",\"name\":\"Piston Addict\",\"description\":\"Only interesting vehicles\",\"publisher\":{\"@id\":\"https:\/\/pistonaddict.com\/lt\/#organization\"},\"potentialAction\":[{\"@type\":\"SearchAction\",\"target\":{\"@type\":\"EntryPoint\",\"urlTemplate\":\"https:\/\/pistonaddict.com\/lt\/?s={search_term_string}\"},\"query-input\":\"required name=search_term_string\"}],\"inLanguage\":\"lt-LT\"},{\"@type\":\"Organization\",\"@id\":\"https:\/\/pistonaddict.com\/lt\/#organization\",\"name\":\"Piston Addict\",\"url\":\"https:\/\/pistonaddict.com\/lt\/\",\"logo\":{\"@type\":\"ImageObject\",\"inLanguage\":\"lt-LT\",\"@id\":\"https:\/\/pistonaddict.com\/lt\/#\/schema\/logo\/image\/\",\"url\":\"https:\/\/pistonaddict.com\/wp-content\/uploads\/2022\/07\/logo-6.png\",\"contentUrl\":\"https:\/\/pistonaddict.com\/wp-content\/uploads\/2022\/07\/logo-6.png\",\"width\":970,\"height\":200,\"caption\":\"Piston Addict\"},\"image\":{\"@id\":\"https:\/\/pistonaddict.com\/lt\/#\/schema\/logo\/image\/\"}}]}<\/script>\n<!-- \/ Yoast SEO plugin. -->","yoast_head_json":{"title":"Mano aukcionai - Piston Addict","robots":{"index":"index","follow":"follow","max-snippet":"max-snippet:-1","max-image-preview":"max-image-preview:large","max-video-preview":"max-video-preview:-1"},"canonical":"https:\/\/pistonaddict.com\/lt\/mano-saskaita\/mano-aukcionai\/","og_locale":"lt_LT","og_type":"article","og_title":"Mano aukcionai - Piston Addict","og_description":"Mano aukcionai Mano aukcion\u0173 veikla &nbsp; Mano aukcionai Whatchlist &nbsp;","og_url":"https:\/\/pistonaddict.com\/lt\/mano-saskaita\/mano-aukcionai\/","og_site_name":"Piston Addict","article_modified_time":"2022-07-05T06:49:06+00:00","twitter_card":"summary_large_image","schema":{"@context":"https:\/\/schema.org","@graph":[{"@type":"WebPage","@id":"https:\/\/pistonaddict.com\/lt\/mano-saskaita\/mano-aukcionai\/","url":"https:\/\/pistonaddict.com\/lt\/mano-saskaita\/mano-aukcionai\/","name":"Mano aukcionai - Piston Addict","isPartOf":{"@id":"https:\/\/pistonaddict.com\/lt\/#website"},"datePublished":"2022-07-05T06:47:55+00:00","dateModified":"2022-07-05T06:49:06+00:00","breadcrumb":{"@id":"https:\/\/pistonaddict.com\/lt\/mano-saskaita\/mano-aukcionai\/#breadcrumb"},"inLanguage":"lt-LT","potentialAction":[{"@type":"ReadAction","target":["https:\/\/pistonaddict.com\/lt\/mano-saskaita\/mano-aukcionai\/"]}]},{"@type":"BreadcrumbList","@id":"https:\/\/pistonaddict.com\/lt\/mano-saskaita\/mano-aukcionai\/#breadcrumb","itemListElement":[{"@type":"ListItem","position":1,"name":"Pagrindinis puslapis","item":"https:\/\/pistonaddict.com\/lt\/pradzia\/"},{"@type":"ListItem","position":2,"name":"Mano s\u0105skaita","item":"https:\/\/pistonaddict.com\/lt\/mano-saskaita\/"},{"@type":"ListItem","position":3,"name":"Mano aukcionai"}]},{"@type":"WebSite","@id":"https:\/\/pistonaddict.com\/lt\/#website","url":"https:\/\/pistonaddict.com\/lt\/","name":"Piston Addict","description":"Only interesting vehicles","publisher":{"@id":"https:\/\/pistonaddict.com\/lt\/#organization"},"potentialAction":[{"@type":"SearchAction","target":{"@type":"EntryPoint","urlTemplate":"https:\/\/pistonaddict.com\/lt\/?s={search_term_string}"},"query-input":"required name=search_term_string"}],"inLanguage":"lt-LT"},{"@type":"Organization","@id":"https:\/\/pistonaddict.com\/lt\/#organization","name":"Piston Addict","url":"https:\/\/pistonaddict.com\/lt\/","logo":{"@type":"ImageObject","inLanguage":"lt-LT","@id":"https:\/\/pistonaddict.com\/lt\/#\/schema\/logo\/image\/","url":"https:\/\/pistonaddict.com\/wp-content\/uploads\/2022\/07\/logo-6.png","contentUrl":"https:\/\/pistonaddict.com\/wp-content\/uploads\/2022\/07\/logo-6.png","width":970,"height":200,"caption":"Piston Addict"},"image":{"@id":"https:\/\/pistonaddict.com\/lt\/#\/schema\/logo\/image\/"}}]}},"_links":{"self":[{"href":"https:\/\/pistonaddict.com\/lt\/wp-json\/wp\/v2\/pages\/11052"}],"collection":[{"href":"https:\/\/pistonaddict.com\/lt\/wp-json\/wp\/v2\/pages"}],"about":[{"href":"https:\/\/pistonaddict.com\/lt\/wp-json\/wp\/v2\/types\/page"}],"author":[{"embeddable":true,"href":"https:\/\/pistonaddict.com\/lt\/wp-json\/wp\/v2\/users\/1"}],"replies":[{"embeddable":true,"href":"https:\/\/pistonaddict.com\/lt\/wp-json\/wp\/v2\/comments?post=11052"}],"version-history":[{"count":1,"href":"https:\/\/pistonaddict.com\/lt\/wp-json\/wp\/v2\/pages\/11052\/revisions"}],"predecessor-version":[{"id":11076,"href":"https:\/\/pistonaddict.com\/lt\/wp-json\/wp\/v2\/pages\/11052\/revisions\/11076"}],"up":[{"embeddable":true,"href":"https:\/\/pistonaddict.com\/lt\/wp-json\/wp\/v2\/pages\/2150"}],"wp:attachment":[{"href":"https:\/\/pistonaddict.com\/lt\/wp-json\/wp\/v2\/media?parent=11052"}],"curies":[{"name":"wp","href":"https:\/\/api.w.org\/{rel}","templated":true}]}}