{"id":98267,"date":"2024-03-20T15:15:43","date_gmt":"2024-03-20T14:15:43","guid":{"rendered":"https:\/\/pistonaddict.com\/product\/porsche-997-targa\/"},"modified":"2024-03-20T15:24:07","modified_gmt":"2024-03-20T14:24:07","slug":"porsche-997-targa","status":"publish","type":"product","link":"https:\/\/pistonaddict.com\/it\/product\/porsche-997-targa\/","title":{"rendered":"Porsche 997 Targa 4S"},"content":{"rendered":"<p><strong>Storia dell&#8217;auto<\/strong><\/p>\n<p>La sesta generazione dell&#8217;iconica Porsche 911 \u00e8 stata presentata per la prima volta nel 2004 ed \u00e8 conosciuta internamente come 997. Il suo predecessore, la 996, rimane uno dei modelli 911 pi\u00f9 controversi mai prodotti, soprattutto per il suo design e l&#8217;introduzione dei motori raffreddati ad acqua. Tuttavia, la 997 \u00e8 stata universalmente elogiata per le sue linee pulite e i miglioramenti in termini di tecnologia e potenza. Anche se la 997 presenta alcune somiglianze meccaniche e la stessa piattaforma della 996, era un&#8217;auto di gran lunga migliore e pi\u00f9 competente, per non dire pi\u00f9 moderna e bella. Non sorprende che i dati di vendita dimostrino che la 997 fu un successo, con oltre 212.000 esemplari prodotti in 9 anni. Tuttavia, questo particolare esemplare \u00e8 piuttosto raro, non solo perch\u00e9 \u00e8 un modello precedente alla 997.1, ma anche per il suo raro stile di carrozzeria Targa. Nel 2008 sono stati consegnati solo 1426 esemplari di Targa 4S e pochissimi avevano il cambio manuale a 6 marce. In totale, sono state prodotte solo circa 8.400 Targa 4S per la generazione 997. Il 6 cilindri piatto da 3,8 litri ad aspirazione naturale eroga 350 CV a tutte e quattro le ruote, garantendo un&#8217;accelerazione impressionante e una tenuta di strada stellare in qualsiasi condizione. La combinazione di prestazioni elevate con la sensazione di ariosit\u00e0 del tetto in vetro e la sensazione meccanica del cambio manuale rende questo esemplare incredibilmente interessante per ogni vero collezionista.<\/p>\n<p><strong>Interno<\/strong><\/p>\n<p>Rifiniti in pelle nera con il raro e opzionale cruscotto in pelle, gli interni della Porsche Targa 4S del 2008 sono in perfette condizioni, senza danni e con pochi segni di usura. Questo esemplare \u00e8 dotato di molti optional desiderabili, come il cruise control, l&#8217;impianto audio premium, i sedili sportivi in pelle riscaldati e ad azionamento elettrico, il volante multifunzione, il sistema di navigazione e cos\u00ec via. Tutto funziona come dovrebbe, anche il tetto in vetro, e non ci sono modifiche. Rispetto alle altre 911 dell&#8217;epoca, la Targa \u00e8 piuttosto unica in quanto offre la sensazione di apertura di una cabriolet ma con il comfort di una coup\u00e9 e l&#8217;utilizzabilit\u00e0 per tutto l&#8217;anno.<\/p>\n<p><strong>Condizioni dell&#8217;auto<\/strong><\/p>\n<p>Con poco pi\u00f9 di 110.000 chilometri da nuova e due proprietari attenti, questa Porsche 911 Targa 4S \u00e8 in condizioni impressionanti e viene mantenuta con cura. I registri mostrano che l&#8217;ultimo intervento di manutenzione \u00e8 stato effettuato alla fine del 2022, mentre i freni sono stati revisionati solo pochi giorni fa, nel marzo 2024. Sono disponibili tutti i registri di manutenzione, a dimostrazione della cura meticolosa di cui \u00e8 stata oggetto la vettura. Questa vettura in particolare \u00e8 stata consegnata in Belgio.<\/p>\n<p><strong>Esterni e ruote<\/strong><\/p>\n<p>Questo particolare esemplare \u00e8 stato riverniciato professionalmente nel suo colore originale grigio scuro, che sembra perfetto e si adatta alle ruote originali e agli interni neri. Come indicato in CarVertical, l&#8217;unico dettaglio degno di nota \u00e8 un leggero danno sul paraurti posteriore, che \u00e8 stato riparato come si pu\u00f2 vedere nelle foto. I pneumatici Bridgestone, con specifiche corrette, risalgono al 2018 e sono solo leggermente usurati.<\/p>\n<p><strong>Documentazione<\/strong><\/p>\n<p>Il concessionario vende questa vettura con la relativa documentazione e si trova in Belgio. Il <a href=\"https:\/\/pistonaddict.com\/wp-content\/uploads\/2024\/03\/CarVertical-Porsche.pdf\">rapporto CarVertical<\/a> \u00e8 pulito, la propriet\u00e0 o i problemi legali. Esistono registrazioni della manutenzione regolare e ricevute.<\/p>\n","protected":false},"excerpt":{"rendered":"<p>Grazie al perfetto equilibrio tra la classica sensazione della 911, le dimensioni compatte, il telaio comunicativo e le moderne tecnologie e caratteristiche, la generazione 997 \u00e8 stata sempre pi\u00f9 apprezzata dagli appassionati di 911. Ci\u00f2 significa che si tratta della prossima grande novit\u00e0 nel mondo 911, con prezzi in aumento. Supponiamo che vogliate salire sul carro della 997. In questo caso, non c&#8217;\u00e8 niente di meglio di una vettura altamente desiderabile in uno stile di carrozzeria raro con un cambio manuale desiderabile, pronta per essere goduta appieno.<\/p>\n","protected":false},"featured_media":97677,"comment_status":"open","ping_status":"closed","template":"","meta":{"inline_featured_image":false},"product_cat":[742],"product_tag":[3934,3938,972,2324,3932],"acf":[],"yoast_head":"<!-- This site is optimized with the Yoast SEO plugin v22.5 - https:\/\/yoast.com\/wordpress\/plugins\/seo\/ -->\n<title>Porsche 997 Targa 4S - Piston Addict<\/title>\n<meta name=\"robots\" content=\"index, follow, max-snippet:-1, max-image-preview:large, max-video-preview:-1\" \/>\n<link rel=\"canonical\" href=\"https:\/\/pistonaddict.com\/it\/product\/porsche-997-targa\/\" \/>\n<meta property=\"og:locale\" content=\"it_IT\" \/>\n<meta property=\"og:type\" content=\"article\" \/>\n<meta property=\"og:title\" content=\"Porsche 997 Targa 4S - Piston Addict\" \/>\n<meta property=\"og:description\" content=\"Grazie al perfetto equilibrio tra la classica sensazione della 911, le dimensioni compatte, il telaio comunicativo e le moderne tecnologie e caratteristiche, la generazione 997 \u00e8 stata sempre pi\u00f9 apprezzata dagli appassionati di 911. Ci\u00f2 significa che si tratta della prossima grande novit\u00e0 nel mondo 911, con prezzi in aumento. Supponiamo che vogliate salire sul carro della 997. In questo caso, non c&#039;\u00e8 niente di meglio di una vettura altamente desiderabile in uno stile di carrozzeria raro con un cambio manuale desiderabile, pronta per essere goduta appieno.\" \/>\n<meta property=\"og:url\" content=\"https:\/\/pistonaddict.com\/it\/product\/porsche-997-targa\/\" \/>\n<meta property=\"og:site_name\" content=\"Piston Addict\" \/>\n<meta property=\"article:modified_time\" content=\"2024-03-20T14:24:07+00:00\" \/>\n<meta property=\"og:image\" content=\"https:\/\/pistonaddict.com\/wp-content\/uploads\/2024\/03\/1-1-1024x611.png\" \/>\n\t<meta property=\"og:image:width\" content=\"1024\" \/>\n\t<meta property=\"og:image:height\" content=\"611\" \/>\n\t<meta property=\"og:image:type\" content=\"image\/png\" \/>\n<meta name=\"twitter:card\" content=\"summary_large_image\" \/>\n<meta name=\"twitter:label1\" content=\"Tempo di lettura stimato\" \/>\n\t<meta name=\"twitter:data1\" content=\"3 minuti\" \/>\n<script type=\"application\/ld+json\" class=\"yoast-schema-graph\">{\"@context\":\"https:\/\/schema.org\",\"@graph\":[{\"@type\":\"WebPage\",\"@id\":\"https:\/\/pistonaddict.com\/it\/product\/porsche-997-targa\/\",\"url\":\"https:\/\/pistonaddict.com\/it\/product\/porsche-997-targa\/\",\"name\":\"Porsche 997 Targa 4S - Piston Addict\",\"isPartOf\":{\"@id\":\"https:\/\/pistonaddict.com\/it\/#website\"},\"primaryImageOfPage\":{\"@id\":\"https:\/\/pistonaddict.com\/it\/product\/porsche-997-targa\/#primaryimage\"},\"image\":{\"@id\":\"https:\/\/pistonaddict.com\/it\/product\/porsche-997-targa\/#primaryimage\"},\"thumbnailUrl\":\"https:\/\/pistonaddict.com\/wp-content\/uploads\/2024\/03\/1-1.png\",\"datePublished\":\"2024-03-20T14:15:43+00:00\",\"dateModified\":\"2024-03-20T14:24:07+00:00\",\"breadcrumb\":{\"@id\":\"https:\/\/pistonaddict.com\/it\/product\/porsche-997-targa\/#breadcrumb\"},\"inLanguage\":\"it-IT\",\"potentialAction\":[{\"@type\":\"ReadAction\",\"target\":[\"https:\/\/pistonaddict.com\/it\/product\/porsche-997-targa\/\"]}]},{\"@type\":\"ImageObject\",\"inLanguage\":\"it-IT\",\"@id\":\"https:\/\/pistonaddict.com\/it\/product\/porsche-997-targa\/#primaryimage\",\"url\":\"https:\/\/pistonaddict.com\/wp-content\/uploads\/2024\/03\/1-1.png\",\"contentUrl\":\"https:\/\/pistonaddict.com\/wp-content\/uploads\/2024\/03\/1-1.png\",\"width\":2778,\"height\":1657},{\"@type\":\"BreadcrumbList\",\"@id\":\"https:\/\/pistonaddict.com\/it\/product\/porsche-997-targa\/#breadcrumb\",\"itemListElement\":[{\"@type\":\"ListItem\",\"position\":1,\"name\":\"accoglienza\",\"item\":\"https:\/\/pistonaddict.com\/it\/homepage\/\"},{\"@type\":\"ListItem\",\"position\":2,\"name\":\"Auctions\",\"item\":\"https:\/\/pistonaddict.com\/auctions-listing\/\"},{\"@type\":\"ListItem\",\"position\":3,\"name\":\"Porsche 997 Targa 4S\"}]},{\"@type\":\"WebSite\",\"@id\":\"https:\/\/pistonaddict.com\/it\/#website\",\"url\":\"https:\/\/pistonaddict.com\/it\/\",\"name\":\"Piston Addict\",\"description\":\"Only interesting vehicles\",\"publisher\":{\"@id\":\"https:\/\/pistonaddict.com\/it\/#organization\"},\"potentialAction\":[{\"@type\":\"SearchAction\",\"target\":{\"@type\":\"EntryPoint\",\"urlTemplate\":\"https:\/\/pistonaddict.com\/it\/?s={search_term_string}\"},\"query-input\":\"required name=search_term_string\"}],\"inLanguage\":\"it-IT\"},{\"@type\":\"Organization\",\"@id\":\"https:\/\/pistonaddict.com\/it\/#organization\",\"name\":\"Piston Addict\",\"url\":\"https:\/\/pistonaddict.com\/it\/\",\"logo\":{\"@type\":\"ImageObject\",\"inLanguage\":\"it-IT\",\"@id\":\"https:\/\/pistonaddict.com\/it\/#\/schema\/logo\/image\/\",\"url\":\"https:\/\/pistonaddict.com\/wp-content\/uploads\/2022\/07\/logo-6.png\",\"contentUrl\":\"https:\/\/pistonaddict.com\/wp-content\/uploads\/2022\/07\/logo-6.png\",\"width\":970,\"height\":200,\"caption\":\"Piston Addict\"},\"image\":{\"@id\":\"https:\/\/pistonaddict.com\/it\/#\/schema\/logo\/image\/\"}}]}<\/script>\n<!-- \/ Yoast SEO plugin. -->","yoast_head_json":{"title":"Porsche 997 Targa 4S - Piston Addict","robots":{"index":"index","follow":"follow","max-snippet":"max-snippet:-1","max-image-preview":"max-image-preview:large","max-video-preview":"max-video-preview:-1"},"canonical":"https:\/\/pistonaddict.com\/it\/product\/porsche-997-targa\/","og_locale":"it_IT","og_type":"article","og_title":"Porsche 997 Targa 4S - Piston Addict","og_description":"Grazie al perfetto equilibrio tra la classica sensazione della 911, le dimensioni compatte, il telaio comunicativo e le moderne tecnologie e caratteristiche, la generazione 997 \u00e8 stata sempre pi\u00f9 apprezzata dagli appassionati di 911. Ci\u00f2 significa che si tratta della prossima grande novit\u00e0 nel mondo 911, con prezzi in aumento. Supponiamo che vogliate salire sul carro della 997. In questo caso, non c'\u00e8 niente di meglio di una vettura altamente desiderabile in uno stile di carrozzeria raro con un cambio manuale desiderabile, pronta per essere goduta appieno.","og_url":"https:\/\/pistonaddict.com\/it\/product\/porsche-997-targa\/","og_site_name":"Piston Addict","article_modified_time":"2024-03-20T14:24:07+00:00","og_image":[{"width":1024,"height":611,"url":"https:\/\/pistonaddict.com\/wp-content\/uploads\/2024\/03\/1-1-1024x611.png","type":"image\/png"}],"twitter_card":"summary_large_image","twitter_misc":{"Tempo di lettura stimato":"3 minuti"},"schema":{"@context":"https:\/\/schema.org","@graph":[{"@type":"WebPage","@id":"https:\/\/pistonaddict.com\/it\/product\/porsche-997-targa\/","url":"https:\/\/pistonaddict.com\/it\/product\/porsche-997-targa\/","name":"Porsche 997 Targa 4S - Piston Addict","isPartOf":{"@id":"https:\/\/pistonaddict.com\/it\/#website"},"primaryImageOfPage":{"@id":"https:\/\/pistonaddict.com\/it\/product\/porsche-997-targa\/#primaryimage"},"image":{"@id":"https:\/\/pistonaddict.com\/it\/product\/porsche-997-targa\/#primaryimage"},"thumbnailUrl":"https:\/\/pistonaddict.com\/wp-content\/uploads\/2024\/03\/1-1.png","datePublished":"2024-03-20T14:15:43+00:00","dateModified":"2024-03-20T14:24:07+00:00","breadcrumb":{"@id":"https:\/\/pistonaddict.com\/it\/product\/porsche-997-targa\/#breadcrumb"},"inLanguage":"it-IT","potentialAction":[{"@type":"ReadAction","target":["https:\/\/pistonaddict.com\/it\/product\/porsche-997-targa\/"]}]},{"@type":"ImageObject","inLanguage":"it-IT","@id":"https:\/\/pistonaddict.com\/it\/product\/porsche-997-targa\/#primaryimage","url":"https:\/\/pistonaddict.com\/wp-content\/uploads\/2024\/03\/1-1.png","contentUrl":"https:\/\/pistonaddict.com\/wp-content\/uploads\/2024\/03\/1-1.png","width":2778,"height":1657},{"@type":"BreadcrumbList","@id":"https:\/\/pistonaddict.com\/it\/product\/porsche-997-targa\/#breadcrumb","itemListElement":[{"@type":"ListItem","position":1,"name":"accoglienza","item":"https:\/\/pistonaddict.com\/it\/homepage\/"},{"@type":"ListItem","position":2,"name":"Auctions","item":"https:\/\/pistonaddict.com\/auctions-listing\/"},{"@type":"ListItem","position":3,"name":"Porsche 997 Targa 4S"}]},{"@type":"WebSite","@id":"https:\/\/pistonaddict.com\/it\/#website","url":"https:\/\/pistonaddict.com\/it\/","name":"Piston Addict","description":"Only interesting vehicles","publisher":{"@id":"https:\/\/pistonaddict.com\/it\/#organization"},"potentialAction":[{"@type":"SearchAction","target":{"@type":"EntryPoint","urlTemplate":"https:\/\/pistonaddict.com\/it\/?s={search_term_string}"},"query-input":"required name=search_term_string"}],"inLanguage":"it-IT"},{"@type":"Organization","@id":"https:\/\/pistonaddict.com\/it\/#organization","name":"Piston Addict","url":"https:\/\/pistonaddict.com\/it\/","logo":{"@type":"ImageObject","inLanguage":"it-IT","@id":"https:\/\/pistonaddict.com\/it\/#\/schema\/logo\/image\/","url":"https:\/\/pistonaddict.com\/wp-content\/uploads\/2022\/07\/logo-6.png","contentUrl":"https:\/\/pistonaddict.com\/wp-content\/uploads\/2022\/07\/logo-6.png","width":970,"height":200,"caption":"Piston Addict"},"image":{"@id":"https:\/\/pistonaddict.com\/it\/#\/schema\/logo\/image\/"}}]}},"_links":{"self":[{"href":"https:\/\/pistonaddict.com\/it\/wp-json\/wp\/v2\/product\/98267"}],"collection":[{"href":"https:\/\/pistonaddict.com\/it\/wp-json\/wp\/v2\/product"}],"about":[{"href":"https:\/\/pistonaddict.com\/it\/wp-json\/wp\/v2\/types\/product"}],"replies":[{"embeddable":true,"href":"https:\/\/pistonaddict.com\/it\/wp-json\/wp\/v2\/comments?post=98267"}],"wp:featuredmedia":[{"embeddable":true,"href":"https:\/\/pistonaddict.com\/it\/wp-json\/wp\/v2\/media\/97677"}],"wp:attachment":[{"href":"https:\/\/pistonaddict.com\/it\/wp-json\/wp\/v2\/media?parent=98267"}],"wp:term":[{"taxonomy":"product_cat","embeddable":true,"href":"https:\/\/pistonaddict.com\/it\/wp-json\/wp\/v2\/product_cat?post=98267"},{"taxonomy":"product_tag","embeddable":true,"href":"https:\/\/pistonaddict.com\/it\/wp-json\/wp\/v2\/product_tag?post=98267"}],"curies":[{"name":"wp","href":"https:\/\/api.w.org\/{rel}","templated":true}]}}