{"id":97454,"date":"2024-03-15T18:51:57","date_gmt":"2024-03-15T17:51:57","guid":{"rendered":"https:\/\/pistonaddict.com\/product\/bmw-m4-competizione\/"},"modified":"2024-03-20T14:16:45","modified_gmt":"2024-03-20T13:16:45","slug":"bmw-m4-concorso","status":"publish","type":"product","link":"https:\/\/pistonaddict.com\/it\/product\/bmw-m4-concorso\/","title":{"rendered":"BMW M4 Competizione"},"content":{"rendered":"<h2>Esterno<\/h2>\n<p>Cominciamo dal colore dell&#8217;auto: definirla marrone sarebbe ingiusto, almeno a dirsi. BMW l&#8217;ha chiamata Sepang Bronze e per apprezzarla appieno \u00e8 necessario vedere l&#8217;auto alla luce del sole. Ma la caratteristica pi\u00f9 sorprendente della M4 \u00e8 il tetto pieghevole in fibra di carbonio, che la rende leggera e robusta. Grazie ad esso, questa BMW pu\u00f2 trasformarsi da un&#8217;auto sportiva simile a una coup\u00e9 a un&#8217;elegante city cruiser con la semplice pressione di un pulsante.<\/p>\n<p>Altri dettagli degni di nota sono i fari allo xeno nella parte anteriore, i cerchi da 19 pollici con pneumatici Michelin Pilot Sport sulla fiancata e i doppi scarichi nella parte posteriore. Come qualsiasi altra M4, quest&#8217;auto ha paraurti aggressivi, prese d&#8217;aria nei parafanghi e un cofano con un rigonfiamento al centro.<\/p>\n<h2>Interno<\/h2>\n<p>All&#8217;interno, la prima cosa che cattura l&#8217;attenzione sono i sedili, rivestiti in morbida pelle marrone con cuciture bianche. Ma oltre a essere sportive e di sostegno, come suggerisce il loro aspetto, sono anche molto comode. Una volta seduti, vi troverete dietro il caratteristico volante a tre razze della BMW e un cruscotto con una semplice disposizione degli indicatori. Tra questi, un tachimetro che termina a 330 km\/h, un contagiri che arriva a 8000 giri\/minuto e indicatori per il livello del carburante e la temperatura del motore. E se non volete abbassare lo sguardo durante le curve pi\u00f9 difficili, c&#8217;\u00e8 un Head-Up display che mostra tutte le informazioni vitali sul parabrezza.<\/p>\n<h2>Meccanica<\/h2>\n<p>A parte l&#8217;aspetto esteriore, ogni BMW deve essere una macchina da guida definitiva. E questa M4 ha diversi assi nella manica per essere all&#8217;altezza delle aspettative. Per cominciare, sotto il cofano c&#8217;\u00e8 uno spettacolare motore biturbo a sei cilindri in linea che sviluppa una rassicurante potenza di 450 cavalli. La potenza passa alle ruote posteriori attraverso un cambio a doppia frizione a 7 rapporti e un differenziale a slittamento limitato a controllo elettronico.<\/p>\n<p>Con tutta questa potenza e tecnologia, la M4 raggiunger\u00e0 facilmente i 100 km\/h in circa 4 secondi e sfreccer\u00e0 fino a 250 km\/h. E probabilmente andrebbe molto pi\u00f9 veloce se non fosse per il limitatore elettronico. Infine, per tenere tutto sotto controllo in velocit\u00e0, la vettura \u00e8 dotata di sospensioni irrigidite e di freni enormi.<\/p>\n<h2>Storia del veicolo<\/h2>\n<p>Concludiamo con qualche parola sulle condizioni attuali della BMW M4, che il venditore descrive come immacolate. E a giudicare dalle foto e dal video fornito, lo \u00e8 sicuramente, senza alcun danno visibile da segnalare. L&#8217;auto \u00e8 stata sottoposta a regolare manutenzione e controllo da parte di un concessionario autorizzato BMW, con l&#8217;ultimo servizio effettuato nel giugno 2022.<\/p>\n<p>Il venditore afferma che l&#8217;auto, che attualmente si trova in Belgio, non \u00e8 stata utilizzata in pista n\u00e9 \u00e8 stata coinvolta in incidenti, come confermato dal rapporto di <a href=\"https:\/\/pistonaddict.com\/wp-content\/uploads\/2024\/03\/CarVerticalBMWM4.pdf\">storia del veicolo CarVertical<\/a>.<\/p>\n<p><strong>Guardate il video della partenza a freddo di questa grande<\/strong> <strong>BMW M4 Competition<\/strong>:<\/p>\n<p><iframe title=\"Cold Start Video of the BMW M4 Competition\" width=\"1200\" height=\"675\" src=\"https:\/\/www.youtube.com\/embed\/-weepN3iz9c?feature=oembed\" frameborder=\"0\" allow=\"accelerometer; autoplay; clipboard-write; encrypted-media; gyroscope; picture-in-picture; web-share\" allowfullscreen><\/iframe><\/p>\n","protected":false},"excerpt":{"rendered":"<p>Se cercate qualcosa che giri in pista a un ritmo da record, allora avete bisogno di un&#8217;auto sportiva. D&#8217;altra parte, se preferite una comoda crociera lungo il viale in una giornata di sole, un&#8217;elegante decappottabile \u00e8 l&#8217;opzione migliore. Ma se volete qualcosa che faccia entrambe le cose, allora vi piacer\u00e0 sicuramente questa BMW M4 Competition che abbiamo messo all&#8217;asta. \u00c8 in ottime condizioni, ha un solo proprietario e ha 74.000 km all&#8217;attivo.<\/p>\n","protected":false},"featured_media":96746,"comment_status":"open","ping_status":"closed","template":"","meta":{"inline_featured_image":false},"product_cat":[742],"product_tag":[3152,3126,3125,939],"acf":[],"yoast_head":"<!-- This site is optimized with the Yoast SEO plugin v22.5 - https:\/\/yoast.com\/wordpress\/plugins\/seo\/ -->\n<title>BMW M4 Competizione - Piston Addict<\/title>\n<meta name=\"robots\" content=\"index, follow, max-snippet:-1, max-image-preview:large, max-video-preview:-1\" \/>\n<link rel=\"canonical\" href=\"https:\/\/pistonaddict.com\/it\/product\/bmw-m4-concorso\/\" \/>\n<meta property=\"og:locale\" content=\"it_IT\" \/>\n<meta property=\"og:type\" content=\"article\" \/>\n<meta property=\"og:title\" content=\"BMW M4 Competizione - Piston Addict\" \/>\n<meta property=\"og:description\" content=\"Se cercate qualcosa che giri in pista a un ritmo da record, allora avete bisogno di un&#039;auto sportiva. D&#039;altra parte, se preferite una comoda crociera lungo il viale in una giornata di sole, un&#039;elegante decappottabile \u00e8 l&#039;opzione migliore. Ma se volete qualcosa che faccia entrambe le cose, allora vi piacer\u00e0 sicuramente questa BMW M4 Competition che abbiamo messo all&#039;asta. \u00c8 in ottime condizioni, ha un solo proprietario e ha 74.000 km all&#039;attivo.\" \/>\n<meta property=\"og:url\" content=\"https:\/\/pistonaddict.com\/it\/product\/bmw-m4-concorso\/\" \/>\n<meta property=\"og:site_name\" content=\"Piston Addict\" \/>\n<meta property=\"article:modified_time\" content=\"2024-03-20T13:16:45+00:00\" \/>\n<meta property=\"og:image\" content=\"https:\/\/pistonaddict.com\/wp-content\/uploads\/2024\/03\/1-1024x612.png\" \/>\n\t<meta property=\"og:image:width\" content=\"1024\" \/>\n\t<meta property=\"og:image:height\" content=\"612\" \/>\n\t<meta property=\"og:image:type\" content=\"image\/png\" \/>\n<meta name=\"twitter:card\" content=\"summary_large_image\" \/>\n<meta name=\"twitter:label1\" content=\"Tempo di lettura stimato\" \/>\n\t<meta name=\"twitter:data1\" content=\"2 minuti\" \/>\n<script type=\"application\/ld+json\" class=\"yoast-schema-graph\">{\"@context\":\"https:\/\/schema.org\",\"@graph\":[{\"@type\":\"WebPage\",\"@id\":\"https:\/\/pistonaddict.com\/it\/product\/bmw-m4-concorso\/\",\"url\":\"https:\/\/pistonaddict.com\/it\/product\/bmw-m4-concorso\/\",\"name\":\"BMW M4 Competizione - Piston Addict\",\"isPartOf\":{\"@id\":\"https:\/\/pistonaddict.com\/it\/#website\"},\"primaryImageOfPage\":{\"@id\":\"https:\/\/pistonaddict.com\/it\/product\/bmw-m4-concorso\/#primaryimage\"},\"image\":{\"@id\":\"https:\/\/pistonaddict.com\/it\/product\/bmw-m4-concorso\/#primaryimage\"},\"thumbnailUrl\":\"https:\/\/pistonaddict.com\/wp-content\/uploads\/2024\/03\/1.png\",\"datePublished\":\"2024-03-15T17:51:57+00:00\",\"dateModified\":\"2024-03-20T13:16:45+00:00\",\"breadcrumb\":{\"@id\":\"https:\/\/pistonaddict.com\/it\/product\/bmw-m4-concorso\/#breadcrumb\"},\"inLanguage\":\"it-IT\",\"potentialAction\":[{\"@type\":\"ReadAction\",\"target\":[\"https:\/\/pistonaddict.com\/it\/product\/bmw-m4-concorso\/\"]}]},{\"@type\":\"ImageObject\",\"inLanguage\":\"it-IT\",\"@id\":\"https:\/\/pistonaddict.com\/it\/product\/bmw-m4-concorso\/#primaryimage\",\"url\":\"https:\/\/pistonaddict.com\/wp-content\/uploads\/2024\/03\/1.png\",\"contentUrl\":\"https:\/\/pistonaddict.com\/wp-content\/uploads\/2024\/03\/1.png\",\"width\":2778,\"height\":1660},{\"@type\":\"BreadcrumbList\",\"@id\":\"https:\/\/pistonaddict.com\/it\/product\/bmw-m4-concorso\/#breadcrumb\",\"itemListElement\":[{\"@type\":\"ListItem\",\"position\":1,\"name\":\"accoglienza\",\"item\":\"https:\/\/pistonaddict.com\/it\/homepage\/\"},{\"@type\":\"ListItem\",\"position\":2,\"name\":\"Auctions\",\"item\":\"https:\/\/pistonaddict.com\/auctions-listing\/\"},{\"@type\":\"ListItem\",\"position\":3,\"name\":\"BMW M4 Competizione\"}]},{\"@type\":\"WebSite\",\"@id\":\"https:\/\/pistonaddict.com\/it\/#website\",\"url\":\"https:\/\/pistonaddict.com\/it\/\",\"name\":\"Piston Addict\",\"description\":\"Only interesting vehicles\",\"publisher\":{\"@id\":\"https:\/\/pistonaddict.com\/it\/#organization\"},\"potentialAction\":[{\"@type\":\"SearchAction\",\"target\":{\"@type\":\"EntryPoint\",\"urlTemplate\":\"https:\/\/pistonaddict.com\/it\/?s={search_term_string}\"},\"query-input\":\"required name=search_term_string\"}],\"inLanguage\":\"it-IT\"},{\"@type\":\"Organization\",\"@id\":\"https:\/\/pistonaddict.com\/it\/#organization\",\"name\":\"Piston Addict\",\"url\":\"https:\/\/pistonaddict.com\/it\/\",\"logo\":{\"@type\":\"ImageObject\",\"inLanguage\":\"it-IT\",\"@id\":\"https:\/\/pistonaddict.com\/it\/#\/schema\/logo\/image\/\",\"url\":\"https:\/\/pistonaddict.com\/wp-content\/uploads\/2022\/07\/logo-6.png\",\"contentUrl\":\"https:\/\/pistonaddict.com\/wp-content\/uploads\/2022\/07\/logo-6.png\",\"width\":970,\"height\":200,\"caption\":\"Piston Addict\"},\"image\":{\"@id\":\"https:\/\/pistonaddict.com\/it\/#\/schema\/logo\/image\/\"}}]}<\/script>\n<!-- \/ Yoast SEO plugin. -->","yoast_head_json":{"title":"BMW M4 Competizione - Piston Addict","robots":{"index":"index","follow":"follow","max-snippet":"max-snippet:-1","max-image-preview":"max-image-preview:large","max-video-preview":"max-video-preview:-1"},"canonical":"https:\/\/pistonaddict.com\/it\/product\/bmw-m4-concorso\/","og_locale":"it_IT","og_type":"article","og_title":"BMW M4 Competizione - Piston Addict","og_description":"Se cercate qualcosa che giri in pista a un ritmo da record, allora avete bisogno di un'auto sportiva. D'altra parte, se preferite una comoda crociera lungo il viale in una giornata di sole, un'elegante decappottabile \u00e8 l'opzione migliore. Ma se volete qualcosa che faccia entrambe le cose, allora vi piacer\u00e0 sicuramente questa BMW M4 Competition che abbiamo messo all'asta. \u00c8 in ottime condizioni, ha un solo proprietario e ha 74.000 km all'attivo.","og_url":"https:\/\/pistonaddict.com\/it\/product\/bmw-m4-concorso\/","og_site_name":"Piston Addict","article_modified_time":"2024-03-20T13:16:45+00:00","og_image":[{"width":1024,"height":612,"url":"https:\/\/pistonaddict.com\/wp-content\/uploads\/2024\/03\/1-1024x612.png","type":"image\/png"}],"twitter_card":"summary_large_image","twitter_misc":{"Tempo di lettura stimato":"2 minuti"},"schema":{"@context":"https:\/\/schema.org","@graph":[{"@type":"WebPage","@id":"https:\/\/pistonaddict.com\/it\/product\/bmw-m4-concorso\/","url":"https:\/\/pistonaddict.com\/it\/product\/bmw-m4-concorso\/","name":"BMW M4 Competizione - Piston Addict","isPartOf":{"@id":"https:\/\/pistonaddict.com\/it\/#website"},"primaryImageOfPage":{"@id":"https:\/\/pistonaddict.com\/it\/product\/bmw-m4-concorso\/#primaryimage"},"image":{"@id":"https:\/\/pistonaddict.com\/it\/product\/bmw-m4-concorso\/#primaryimage"},"thumbnailUrl":"https:\/\/pistonaddict.com\/wp-content\/uploads\/2024\/03\/1.png","datePublished":"2024-03-15T17:51:57+00:00","dateModified":"2024-03-20T13:16:45+00:00","breadcrumb":{"@id":"https:\/\/pistonaddict.com\/it\/product\/bmw-m4-concorso\/#breadcrumb"},"inLanguage":"it-IT","potentialAction":[{"@type":"ReadAction","target":["https:\/\/pistonaddict.com\/it\/product\/bmw-m4-concorso\/"]}]},{"@type":"ImageObject","inLanguage":"it-IT","@id":"https:\/\/pistonaddict.com\/it\/product\/bmw-m4-concorso\/#primaryimage","url":"https:\/\/pistonaddict.com\/wp-content\/uploads\/2024\/03\/1.png","contentUrl":"https:\/\/pistonaddict.com\/wp-content\/uploads\/2024\/03\/1.png","width":2778,"height":1660},{"@type":"BreadcrumbList","@id":"https:\/\/pistonaddict.com\/it\/product\/bmw-m4-concorso\/#breadcrumb","itemListElement":[{"@type":"ListItem","position":1,"name":"accoglienza","item":"https:\/\/pistonaddict.com\/it\/homepage\/"},{"@type":"ListItem","position":2,"name":"Auctions","item":"https:\/\/pistonaddict.com\/auctions-listing\/"},{"@type":"ListItem","position":3,"name":"BMW M4 Competizione"}]},{"@type":"WebSite","@id":"https:\/\/pistonaddict.com\/it\/#website","url":"https:\/\/pistonaddict.com\/it\/","name":"Piston Addict","description":"Only interesting vehicles","publisher":{"@id":"https:\/\/pistonaddict.com\/it\/#organization"},"potentialAction":[{"@type":"SearchAction","target":{"@type":"EntryPoint","urlTemplate":"https:\/\/pistonaddict.com\/it\/?s={search_term_string}"},"query-input":"required name=search_term_string"}],"inLanguage":"it-IT"},{"@type":"Organization","@id":"https:\/\/pistonaddict.com\/it\/#organization","name":"Piston Addict","url":"https:\/\/pistonaddict.com\/it\/","logo":{"@type":"ImageObject","inLanguage":"it-IT","@id":"https:\/\/pistonaddict.com\/it\/#\/schema\/logo\/image\/","url":"https:\/\/pistonaddict.com\/wp-content\/uploads\/2022\/07\/logo-6.png","contentUrl":"https:\/\/pistonaddict.com\/wp-content\/uploads\/2022\/07\/logo-6.png","width":970,"height":200,"caption":"Piston Addict"},"image":{"@id":"https:\/\/pistonaddict.com\/it\/#\/schema\/logo\/image\/"}}]}},"_links":{"self":[{"href":"https:\/\/pistonaddict.com\/it\/wp-json\/wp\/v2\/product\/97454"}],"collection":[{"href":"https:\/\/pistonaddict.com\/it\/wp-json\/wp\/v2\/product"}],"about":[{"href":"https:\/\/pistonaddict.com\/it\/wp-json\/wp\/v2\/types\/product"}],"replies":[{"embeddable":true,"href":"https:\/\/pistonaddict.com\/it\/wp-json\/wp\/v2\/comments?post=97454"}],"wp:featuredmedia":[{"embeddable":true,"href":"https:\/\/pistonaddict.com\/it\/wp-json\/wp\/v2\/media\/96746"}],"wp:attachment":[{"href":"https:\/\/pistonaddict.com\/it\/wp-json\/wp\/v2\/media?parent=97454"}],"wp:term":[{"taxonomy":"product_cat","embeddable":true,"href":"https:\/\/pistonaddict.com\/it\/wp-json\/wp\/v2\/product_cat?post=97454"},{"taxonomy":"product_tag","embeddable":true,"href":"https:\/\/pistonaddict.com\/it\/wp-json\/wp\/v2\/product_tag?post=97454"}],"curies":[{"name":"wp","href":"https:\/\/api.w.org\/{rel}","templated":true}]}}