{"id":96712,"date":"2024-03-15T17:17:18","date_gmt":"2024-03-15T16:17:18","guid":{"rendered":"https:\/\/pistonaddict.com\/product\/amg-sls-roadster\/"},"modified":"2024-03-19T16:40:29","modified_gmt":"2024-03-19T15:40:29","slug":"amg-sls-roadster","status":"publish","type":"product","link":"https:\/\/pistonaddict.com\/it\/product\/amg-sls-roadster\/","title":{"rendered":"AMG SLS Roadster"},"content":{"rendered":"<p><strong>Storia dell&#8217;auto<\/strong><\/p>\n<p>Il mondo dell&#8217;automobile \u00e8 rimasto sbalordito quando Mercedes ha presentato l&#8217;iconica SLS AMG nel 2010. Classica nell&#8217;approccio ma assolutamente moderna nell&#8217;esecuzione, questa vettura sportiva di razza trae chiaramente ispirazione dal glorioso passato del marchio e dalla leggendaria 300 SL Gullwing. Sebbene Mercedes abbia guardato al passato durante la progettazione, l&#8217;azienda ha puntato al futuro con una struttura moderna del telaio, caratteristiche interne, comfort e trasmissione. Sotto il lungo cofano c&#8217;era un V8 da 6,2 litri (nome in codice M156), che erogava 571 cavalli ad aspirazione naturale inviati alle ruote posteriori tramite una competente trasmissione a doppia frizione a 7 rapporti. Il risultato \u00e8 un&#8217;auto dall&#8217;aspetto straordinario e ancora veloce come una supercar. Con un tempo da 0 a 100 km\/h di soli 3,8 secondi e una velocit\u00e0 massima di oltre 310 km\/h, si capisce perch\u00e9 la Mercedes SLS AMG \u00e8 tra le auto pi\u00f9 veloci della sua epoca.<\/p>\n<p>\u00c8 interessante notare che la produzione di questa incredibile macchina \u00e8 stata relativamente breve: il modello \u00e8 stato dismesso nel 2014. Alcuni sostengono che Mercedes lo abbia fatto deliberatamente per garantire l&#8217;esclusivit\u00e0 e la rarit\u00e0 della sua migliore auto sportiva moderna. Queste voci potrebbero essere vere, dato che l&#8217;azienda non ha mai rivelato ufficialmente i dati di produzione precisi. Si stima che siano state consegnate circa 8.000 coup\u00e9 e circa 4.000 roadster. Questa vettura \u00e8 uno di quei 4.000 esemplari, il che la rende ancora pi\u00f9 esclusiva e mitica.<\/p>\n<p><strong>Interno<\/strong><\/p>\n<p>Rifiniti in pelle nera con cruscotto in pelle, gli interni di questa SLS AMG Roadster sono in perfette condizioni senza alcun segno di utilizzo. I sedili e le portiere non presentano segni particolari; tutte le caratteristiche funzionano, cos\u00ec come il sistema di navigazione, l&#8217;audio premium e i sedili sportivi riscaldati e a comando elettrico. Il tetto convertibile \u00e8 in condizioni pari al nuovo e si apre e si chiude perfettamente.<\/p>\n<p><strong>Condizione<\/strong><\/p>\n<p>Siamo sempre entusiasti di offrire veicoli in condizioni pari al nuovo e questa Mercedes SLS AMG Roadster 2012 \u00e8 uno di questi. Con soli 19.000 chilometri da nuova, questa vettura \u00e8 stata usata pochissimo dal suo primo e unico proprietario e ha percorso in media meno di 2000 km all&#8217;anno. Significa che \u00e8 in ottima forma dal punto di vista meccanico ed estetico ed \u00e8 completamente originale di fabbrica. L&#8217;ultima manutenzione importante \u00e8 stata effettuata nel 2018, mentre i freni sono stati revisionati di recente, nel marzo 2024. L&#8217;auto \u00e8 stata curata meticolosamente da un concessionario Mercedes.<\/p>\n<p><strong>Esterni e ruote<\/strong><\/p>\n<p>Con cos\u00ec pochi chilometri percorsi e una cura maniacale, non sorprende che la carrozzeria sia come nuova, senza graffi o ammaccature. Rifinita nella classica tonalit\u00e0 argento Mercedes (che ricorda le auto da corsa Silver Arrow), \u00e8 splendida con gli interni neri a contrasto. Sono presenti i cerchi originali da 19 pollici, rivestiti in gomma Continental ContiSport Contact performance (DOT 2017) con circa il 50% di utilizzo.<\/p>\n<p><strong>Documentazione<\/strong><\/p>\n<p>Il concessionario vende questo veicolo per conto del proprietario originale, con la relativa documentazione, che si trova in Belgio. Il <a href=\"https:\/\/pistonaddict.com\/wp-content\/uploads\/2024\/03\/CarVerticalAMG.pdf\">rapporto CarVertical<\/a> \u00e8 pulito, senza prove di incidenti, riparazioni di incidenti, propriet\u00e0 o problemi legali. Esistono registrazioni della manutenzione regolare e ricevute.<\/p>\n<p><strong>Guardate il video della partenza a freddo di questa straordinaria AMG SLS Roadster:<\/strong><\/p>\n<p><iframe title=\"Cold Start Video of the AMG SLS Roadster\" width=\"1200\" height=\"675\" src=\"https:\/\/www.youtube.com\/embed\/vjLjXYVelXI?feature=oembed\" frameborder=\"0\" allow=\"accelerometer; autoplay; clipboard-write; encrypted-media; gyroscope; picture-in-picture; web-share\" allowfullscreen><\/iframe><\/p>\n","protected":false},"excerpt":{"rendered":"<p>Quando si guarda ai classici moderni di Stoccarda, nulla si avvicina alla Mercedes SLS AMG. Con il suo design retro-futuristico, il poderoso V8 da 6,2 litri nella parte anteriore e le sue prestazioni sublimi, la SLS \u00e8 l&#8217;auto sportiva pi\u00f9 ricercata di Mercedes dopo l&#8217;originale degli anni Cinquanta che ha dato il via alla stirpe. Squisita sotto ogni aspetto, la SLS \u00e8 un&#8217;auto che raramente viene messa in vendita, il che rende questo esemplare a basso chilometraggio, uniproprietario e praticamente nuovo, pi\u00f9 raro e ancora pi\u00f9 unico.<\/p>\n","protected":false},"featured_media":95997,"comment_status":"open","ping_status":"closed","template":"","meta":{"inline_featured_image":false},"product_cat":[742],"product_tag":[3055,2777,3050,939],"acf":[],"yoast_head":"<!-- This site is optimized with the Yoast SEO plugin v22.5 - https:\/\/yoast.com\/wordpress\/plugins\/seo\/ -->\n<title>AMG SLS Roadster - Piston Addict<\/title>\n<meta name=\"robots\" content=\"index, follow, max-snippet:-1, max-image-preview:large, max-video-preview:-1\" \/>\n<link rel=\"canonical\" href=\"https:\/\/pistonaddict.com\/it\/product\/amg-sls-roadster\/\" \/>\n<meta property=\"og:locale\" content=\"it_IT\" \/>\n<meta property=\"og:type\" content=\"article\" \/>\n<meta property=\"og:title\" content=\"AMG SLS Roadster - Piston Addict\" \/>\n<meta property=\"og:description\" content=\"Quando si guarda ai classici moderni di Stoccarda, nulla si avvicina alla Mercedes SLS AMG. Con il suo design retro-futuristico, il poderoso V8 da 6,2 litri nella parte anteriore e le sue prestazioni sublimi, la SLS \u00e8 l&#039;auto sportiva pi\u00f9 ricercata di Mercedes dopo l&#039;originale degli anni Cinquanta che ha dato il via alla stirpe. Squisita sotto ogni aspetto, la SLS \u00e8 un&#039;auto che raramente viene messa in vendita, il che rende questo esemplare a basso chilometraggio, uniproprietario e praticamente nuovo, pi\u00f9 raro e ancora pi\u00f9 unico.\" \/>\n<meta property=\"og:url\" content=\"https:\/\/pistonaddict.com\/it\/product\/amg-sls-roadster\/\" \/>\n<meta property=\"og:site_name\" content=\"Piston Addict\" \/>\n<meta property=\"article:modified_time\" content=\"2024-03-19T15:40:29+00:00\" \/>\n<meta property=\"og:image\" content=\"https:\/\/pistonaddict.com\/wp-content\/uploads\/2024\/03\/1-scaled.jpg\" \/>\n\t<meta property=\"og:image:width\" content=\"2560\" \/>\n\t<meta property=\"og:image:height\" content=\"1527\" \/>\n\t<meta property=\"og:image:type\" content=\"image\/jpeg\" \/>\n<meta name=\"twitter:card\" content=\"summary_large_image\" \/>\n<meta name=\"twitter:label1\" content=\"Tempo di lettura stimato\" \/>\n\t<meta name=\"twitter:data1\" content=\"3 minuti\" \/>\n<script type=\"application\/ld+json\" class=\"yoast-schema-graph\">{\"@context\":\"https:\/\/schema.org\",\"@graph\":[{\"@type\":\"WebPage\",\"@id\":\"https:\/\/pistonaddict.com\/it\/product\/amg-sls-roadster\/\",\"url\":\"https:\/\/pistonaddict.com\/it\/product\/amg-sls-roadster\/\",\"name\":\"AMG SLS Roadster - Piston Addict\",\"isPartOf\":{\"@id\":\"https:\/\/pistonaddict.com\/it\/#website\"},\"primaryImageOfPage\":{\"@id\":\"https:\/\/pistonaddict.com\/it\/product\/amg-sls-roadster\/#primaryimage\"},\"image\":{\"@id\":\"https:\/\/pistonaddict.com\/it\/product\/amg-sls-roadster\/#primaryimage\"},\"thumbnailUrl\":\"https:\/\/pistonaddict.com\/wp-content\/uploads\/2024\/03\/1-scaled.jpg\",\"datePublished\":\"2024-03-15T16:17:18+00:00\",\"dateModified\":\"2024-03-19T15:40:29+00:00\",\"breadcrumb\":{\"@id\":\"https:\/\/pistonaddict.com\/it\/product\/amg-sls-roadster\/#breadcrumb\"},\"inLanguage\":\"it-IT\",\"potentialAction\":[{\"@type\":\"ReadAction\",\"target\":[\"https:\/\/pistonaddict.com\/it\/product\/amg-sls-roadster\/\"]}]},{\"@type\":\"ImageObject\",\"inLanguage\":\"it-IT\",\"@id\":\"https:\/\/pistonaddict.com\/it\/product\/amg-sls-roadster\/#primaryimage\",\"url\":\"https:\/\/pistonaddict.com\/wp-content\/uploads\/2024\/03\/1-scaled.jpg\",\"contentUrl\":\"https:\/\/pistonaddict.com\/wp-content\/uploads\/2024\/03\/1-scaled.jpg\",\"width\":2560,\"height\":1527},{\"@type\":\"BreadcrumbList\",\"@id\":\"https:\/\/pistonaddict.com\/it\/product\/amg-sls-roadster\/#breadcrumb\",\"itemListElement\":[{\"@type\":\"ListItem\",\"position\":1,\"name\":\"accoglienza\",\"item\":\"https:\/\/pistonaddict.com\/it\/homepage\/\"},{\"@type\":\"ListItem\",\"position\":2,\"name\":\"Auctions\",\"item\":\"https:\/\/pistonaddict.com\/auctions-listing\/\"},{\"@type\":\"ListItem\",\"position\":3,\"name\":\"AMG SLS Roadster\"}]},{\"@type\":\"WebSite\",\"@id\":\"https:\/\/pistonaddict.com\/it\/#website\",\"url\":\"https:\/\/pistonaddict.com\/it\/\",\"name\":\"Piston Addict\",\"description\":\"Only interesting vehicles\",\"publisher\":{\"@id\":\"https:\/\/pistonaddict.com\/it\/#organization\"},\"potentialAction\":[{\"@type\":\"SearchAction\",\"target\":{\"@type\":\"EntryPoint\",\"urlTemplate\":\"https:\/\/pistonaddict.com\/it\/?s={search_term_string}\"},\"query-input\":\"required name=search_term_string\"}],\"inLanguage\":\"it-IT\"},{\"@type\":\"Organization\",\"@id\":\"https:\/\/pistonaddict.com\/it\/#organization\",\"name\":\"Piston Addict\",\"url\":\"https:\/\/pistonaddict.com\/it\/\",\"logo\":{\"@type\":\"ImageObject\",\"inLanguage\":\"it-IT\",\"@id\":\"https:\/\/pistonaddict.com\/it\/#\/schema\/logo\/image\/\",\"url\":\"https:\/\/pistonaddict.com\/wp-content\/uploads\/2022\/07\/logo-6.png\",\"contentUrl\":\"https:\/\/pistonaddict.com\/wp-content\/uploads\/2022\/07\/logo-6.png\",\"width\":970,\"height\":200,\"caption\":\"Piston Addict\"},\"image\":{\"@id\":\"https:\/\/pistonaddict.com\/it\/#\/schema\/logo\/image\/\"}}]}<\/script>\n<!-- \/ Yoast SEO plugin. -->","yoast_head_json":{"title":"AMG SLS Roadster - Piston Addict","robots":{"index":"index","follow":"follow","max-snippet":"max-snippet:-1","max-image-preview":"max-image-preview:large","max-video-preview":"max-video-preview:-1"},"canonical":"https:\/\/pistonaddict.com\/it\/product\/amg-sls-roadster\/","og_locale":"it_IT","og_type":"article","og_title":"AMG SLS Roadster - Piston Addict","og_description":"Quando si guarda ai classici moderni di Stoccarda, nulla si avvicina alla Mercedes SLS AMG. Con il suo design retro-futuristico, il poderoso V8 da 6,2 litri nella parte anteriore e le sue prestazioni sublimi, la SLS \u00e8 l'auto sportiva pi\u00f9 ricercata di Mercedes dopo l'originale degli anni Cinquanta che ha dato il via alla stirpe. Squisita sotto ogni aspetto, la SLS \u00e8 un'auto che raramente viene messa in vendita, il che rende questo esemplare a basso chilometraggio, uniproprietario e praticamente nuovo, pi\u00f9 raro e ancora pi\u00f9 unico.","og_url":"https:\/\/pistonaddict.com\/it\/product\/amg-sls-roadster\/","og_site_name":"Piston Addict","article_modified_time":"2024-03-19T15:40:29+00:00","og_image":[{"width":2560,"height":1527,"url":"https:\/\/pistonaddict.com\/wp-content\/uploads\/2024\/03\/1-scaled.jpg","type":"image\/jpeg"}],"twitter_card":"summary_large_image","twitter_misc":{"Tempo di lettura stimato":"3 minuti"},"schema":{"@context":"https:\/\/schema.org","@graph":[{"@type":"WebPage","@id":"https:\/\/pistonaddict.com\/it\/product\/amg-sls-roadster\/","url":"https:\/\/pistonaddict.com\/it\/product\/amg-sls-roadster\/","name":"AMG SLS Roadster - Piston Addict","isPartOf":{"@id":"https:\/\/pistonaddict.com\/it\/#website"},"primaryImageOfPage":{"@id":"https:\/\/pistonaddict.com\/it\/product\/amg-sls-roadster\/#primaryimage"},"image":{"@id":"https:\/\/pistonaddict.com\/it\/product\/amg-sls-roadster\/#primaryimage"},"thumbnailUrl":"https:\/\/pistonaddict.com\/wp-content\/uploads\/2024\/03\/1-scaled.jpg","datePublished":"2024-03-15T16:17:18+00:00","dateModified":"2024-03-19T15:40:29+00:00","breadcrumb":{"@id":"https:\/\/pistonaddict.com\/it\/product\/amg-sls-roadster\/#breadcrumb"},"inLanguage":"it-IT","potentialAction":[{"@type":"ReadAction","target":["https:\/\/pistonaddict.com\/it\/product\/amg-sls-roadster\/"]}]},{"@type":"ImageObject","inLanguage":"it-IT","@id":"https:\/\/pistonaddict.com\/it\/product\/amg-sls-roadster\/#primaryimage","url":"https:\/\/pistonaddict.com\/wp-content\/uploads\/2024\/03\/1-scaled.jpg","contentUrl":"https:\/\/pistonaddict.com\/wp-content\/uploads\/2024\/03\/1-scaled.jpg","width":2560,"height":1527},{"@type":"BreadcrumbList","@id":"https:\/\/pistonaddict.com\/it\/product\/amg-sls-roadster\/#breadcrumb","itemListElement":[{"@type":"ListItem","position":1,"name":"accoglienza","item":"https:\/\/pistonaddict.com\/it\/homepage\/"},{"@type":"ListItem","position":2,"name":"Auctions","item":"https:\/\/pistonaddict.com\/auctions-listing\/"},{"@type":"ListItem","position":3,"name":"AMG SLS Roadster"}]},{"@type":"WebSite","@id":"https:\/\/pistonaddict.com\/it\/#website","url":"https:\/\/pistonaddict.com\/it\/","name":"Piston Addict","description":"Only interesting vehicles","publisher":{"@id":"https:\/\/pistonaddict.com\/it\/#organization"},"potentialAction":[{"@type":"SearchAction","target":{"@type":"EntryPoint","urlTemplate":"https:\/\/pistonaddict.com\/it\/?s={search_term_string}"},"query-input":"required name=search_term_string"}],"inLanguage":"it-IT"},{"@type":"Organization","@id":"https:\/\/pistonaddict.com\/it\/#organization","name":"Piston Addict","url":"https:\/\/pistonaddict.com\/it\/","logo":{"@type":"ImageObject","inLanguage":"it-IT","@id":"https:\/\/pistonaddict.com\/it\/#\/schema\/logo\/image\/","url":"https:\/\/pistonaddict.com\/wp-content\/uploads\/2022\/07\/logo-6.png","contentUrl":"https:\/\/pistonaddict.com\/wp-content\/uploads\/2022\/07\/logo-6.png","width":970,"height":200,"caption":"Piston Addict"},"image":{"@id":"https:\/\/pistonaddict.com\/it\/#\/schema\/logo\/image\/"}}]}},"_links":{"self":[{"href":"https:\/\/pistonaddict.com\/it\/wp-json\/wp\/v2\/product\/96712"}],"collection":[{"href":"https:\/\/pistonaddict.com\/it\/wp-json\/wp\/v2\/product"}],"about":[{"href":"https:\/\/pistonaddict.com\/it\/wp-json\/wp\/v2\/types\/product"}],"replies":[{"embeddable":true,"href":"https:\/\/pistonaddict.com\/it\/wp-json\/wp\/v2\/comments?post=96712"}],"wp:featuredmedia":[{"embeddable":true,"href":"https:\/\/pistonaddict.com\/it\/wp-json\/wp\/v2\/media\/95997"}],"wp:attachment":[{"href":"https:\/\/pistonaddict.com\/it\/wp-json\/wp\/v2\/media?parent=96712"}],"wp:term":[{"taxonomy":"product_cat","embeddable":true,"href":"https:\/\/pistonaddict.com\/it\/wp-json\/wp\/v2\/product_cat?post=96712"},{"taxonomy":"product_tag","embeddable":true,"href":"https:\/\/pistonaddict.com\/it\/wp-json\/wp\/v2\/product_tag?post=96712"}],"curies":[{"name":"wp","href":"https:\/\/api.w.org\/{rel}","templated":true}]}}