{"id":94113,"date":"2024-02-28T13:52:28","date_gmt":"2024-02-28T12:52:28","guid":{"rendered":"https:\/\/pistonaddict.com\/product\/fisker-karma\/"},"modified":"2024-03-19T16:38:49","modified_gmt":"2024-03-19T15:38:49","slug":"fisker-karma","status":"publish","type":"product","link":"https:\/\/pistonaddict.com\/it\/product\/fisker-karma\/","title":{"rendered":"Fisker Karma"},"content":{"rendered":"<h2>Esterno<\/h2>\n<p>All&#8217;esterno, a partire dal frontale, la Karma presenta un muso ribassato con ampie griglie e fari allo xeno allungati, che le conferiscono un aspetto aggressivo. Questo tema continua lungo le fiancate, dove una silhouette muscolosa \u00e8 dominata da parafanghi massicci avvolti da cerchi da 22 pollici. Nella parte posteriore della supercar italiana, dettagli come gli eleganti fanali posteriori e i diffusori nel punto in cui ci si aspetterebbe di vedere i terminali di scarico con tappi cromati conferiscono alla Karma un aspetto stradale unico.<\/p>\n<p>L&#8217;auto \u00e8 verniciata in blu Oceano Profondo, che appare spettacolare nelle giornate limpide quando i raggi del sole ne esaltano la lucentezza. A proposito di sole, la Karma \u00e8 dotata di pannelli solari integrati nel tetto, il che significa che pu\u00f2 ricaricarsi semplicemente parcheggiando all&#8217;aperto.<\/p>\n<h2>Interno<\/h2>\n<p>Una volta all&#8217;interno dell&#8217;auto, vi troverete dietro un volante in pelle a quattro razze che incornicia un quadro strumenti elegante e futuristico. A sinistra c&#8217;\u00e8 un tachimetro che arriva fino a 220 km\/h. Ma sulla destra, al posto del contagiri, c&#8217;\u00e8 un display che indica la capacit\u00e0 della batteria e se \u00e8 in carica o se l&#8217;elettricit\u00e0 viene utilizzata per l&#8217;accelerazione. La plancia \u00e8 dotata di un display touch-screen che funge da centro di comando per l&#8217;impianto stereo, la navigazione e il climatizzatore.<\/p>\n<p>L&#8217;intero abitacolo \u00e8 rivestito da una combinazione di legno, pelle e morbida Alcantara, che gli conferisce una sensazione e un aspetto squisiti. Una cosa che attira l&#8217;attenzione \u00e8 il massiccio tunnel centrale, necessario perch\u00e9 \u00e8 qui che sono alloggiate le batterie.<\/p>\n<h2>Meccanica<\/h2>\n<p>Per quanto possa sembrare stupefacente all&#8217;interno e all&#8217;esterno, la base meccanica della Fisker \u00e8 la pi\u00f9 impressionante. Se si apre il cofano, sotto di esso si trova un motore, come in qualsiasi altra auto. Tuttavia, questo 4 cilindri turbo non viene utilizzato per alimentare le ruote. Funziona invece come un generatore che carica le batterie quando devono essere rabboccate.<\/p>\n<p>La vettura \u00e8 spinta da due motori elettrici, che lavorano in coppia per fornire potenza alle ruote posteriori attraverso un differenziale a slittamento limitato. Questa combinazione \u00e8 in grado di erogare fino a 409 cavalli e ben 1300 Nm di coppia, offrendo al Karma prestazioni all&#8217;altezza del suo look.<\/p>\n<p>Poich\u00e9 Fisker non voleva che l&#8217;auto fosse troppo pesante, in quanto ci\u00f2 avrebbe compromesso la maneggevolezza, le batterie e la conseguente autonomia in modalit\u00e0 completamente elettrica non sono troppo estese. Quando \u00e8 completamente carico, il Karma pu\u00f2 percorrere circa 80 chilometri utilizzando solo l&#8217;elettricit\u00e0. Ma onestamente, questo \u00e8 probabilmente pi\u00f9 che sufficiente per la maggior parte degli spostamenti quotidiani, e c&#8217;\u00e8 sempre un motore a benzina come generatore di riserva.<\/p>\n<h2>Storia del veicolo<\/h2>\n<p>Infine, qualche parola sulle condizioni della Fisker, che il venditore descrive come eccellenti. E, a dire il vero, le foto e il breve video raccontano la stessa storia. La vettura \u00e8 stata revisionata l&#8217;ultima volta nel novembre 2023 e non presenta difetti o errori, a parte l&#8217;avviso di pressione degli pneumatici sul cruscotto. A quanto pare, ci\u00f2 \u00e8 dovuto al fatto che il veicolo monta attualmente cerchi Schmid aftermarket da 21 pollici, mentre il sistema TPMS \u00e8 programmato per funzionare con l&#8217;allestimento estivo OEM da 22 pollici. Il proprietario dice che l&#8217;auto pu\u00f2 essere ricalibrata in modo che riconosca le dimensioni alternative dei pneumatici, ma non si \u00e8 preoccupato di farlo, dato che la guida raramente in inverno. Inoltre, tutti gli airbag sono stati sostituiti nel 2022 nell&#8217;ambito di un ampio richiamo di airbag Takata.<\/p>\n<p>Ora, trattandosi di un&#8217;auto ibrida elettrica, potrebbero sorgere dubbi sulle condizioni delle batterie, che sono molto costose da sostituire. Ma, secondo il venditore, non c&#8217;\u00e8 nulla di cui preoccuparsi, perch\u00e9 la batteria \u00e8 stata controllata da un tecnico certificato della Fisker Karma nell&#8217;agosto 2023, che ha confermato che \u00e8 ancora al massimo delle sue prestazioni. L&#8217;auto viene fornita con il caricabatterie originale, che si collega alla presa da 220 V, e con un lettore di codici OBD2 manuale. L&#8217;ispezione tecnica austriaca \u00e8 stata superata con successo ed \u00e8 valida fino ad agosto 2024.<\/p>\n<p>Una nota futuristica sulla manutenzione: sebbene l&#8217;unico rivenditore autorizzato europeo si trovi nei Paesi Bassi, \u00e8 possibile far arrivare il loro specialista sul posto, dove si occuper\u00e0 di tutto ci\u00f2 che \u00e8 necessario (a condizione che la riparazione possa essere effettuata in loco).<\/p>\n<p>Infine, il venditore, che l&#8217;ha acquistata nel 2019, afferma che l&#8217;auto non ha mai avuto incidenti n\u00e9 \u00e8 stata utilizzata in pista, il che pu\u00f2 essere ulteriormente confermato da un corrispondente <a href=\"https:\/\/pistonaddict.com\/wp-content\/uploads\/2024\/02\/FiskerKarma.pdf\">Vehicle History Report<\/a>. Inoltre, il venditore fornir\u00e0 il <a href=\"https:\/\/pistonaddict.com\/wp-content\/uploads\/2024\/02\/CoC1-rotated.jpg\">certificato di conformit\u00e0<\/a>, se l&#8217;acquirente vuole spostare il veicolo al di fuori dell&#8217;Austria, dove questa Fisker \u00e8 stata immatricolata fin dal primo giorno.<\/p>\n<p><strong><br \/>\nGuardate il video dell&#8217;avviamento a freddo di questa grande Fisker Karma :<\/strong><\/p>\n<p><iframe title=\"Cold Start Video of the Fisker Karma\" width=\"1200\" height=\"675\" src=\"https:\/\/www.youtube.com\/embed\/Ct2_uFf2FEw?feature=oembed\" frameborder=\"0\" allow=\"accelerometer; autoplay; clipboard-write; encrypted-media; gyroscope; picture-in-picture; web-share\" allowfullscreen><\/iframe><\/p>\n","protected":false},"excerpt":{"rendered":"<p>Se cercate un&#8217;auto sportiva in grado di trasportare quattro persone e i loro bagagli, c&#8217;\u00e8 solo l&#8217;imbarazzo della scelta. Ma se volete qualcosa che vi distingua dai modelli tradizionali, allora potreste apprezzare la Fisker Karma. Offre tutti i vantaggi di un&#8217;auto elettrica senza l&#8217;ansia da autonomia e il peso aggiuntivo solitamente associati. Inoltre, tutta questa tecnologia magica \u00e8 racchiusa in un corpo dall&#8217;aspetto spettacolare. E in vendita qui, abbiamo un modello del 2012, che viene venduto dal proprietario e ha fatto 67.000 chilometri finora. Diamo un&#8217;occhiata pi\u00f9 da vicino a ci\u00f2 che ha da offrire.<\/p>\n","protected":false},"featured_media":93023,"comment_status":"open","ping_status":"closed","template":"","meta":{"inline_featured_image":false},"product_cat":[742],"product_tag":[2777,3042,939,1801,2985,1803],"acf":[],"yoast_head":"<!-- This site is optimized with the Yoast SEO plugin v22.5 - https:\/\/yoast.com\/wordpress\/plugins\/seo\/ -->\n<title>Fisker Karma - Piston Addict<\/title>\n<meta name=\"robots\" content=\"index, follow, max-snippet:-1, max-image-preview:large, max-video-preview:-1\" \/>\n<link rel=\"canonical\" href=\"https:\/\/pistonaddict.com\/it\/product\/fisker-karma\/\" \/>\n<meta property=\"og:locale\" content=\"it_IT\" \/>\n<meta property=\"og:type\" content=\"article\" \/>\n<meta property=\"og:title\" content=\"Fisker Karma - Piston Addict\" \/>\n<meta property=\"og:description\" content=\"Se cercate un&#039;auto sportiva in grado di trasportare quattro persone e i loro bagagli, c&#039;\u00e8 solo l&#039;imbarazzo della scelta. Ma se volete qualcosa che vi distingua dai modelli tradizionali, allora potreste apprezzare la Fisker Karma. Offre tutti i vantaggi di un&#039;auto elettrica senza l&#039;ansia da autonomia e il peso aggiuntivo solitamente associati. Inoltre, tutta questa tecnologia magica \u00e8 racchiusa in un corpo dall&#039;aspetto spettacolare. E in vendita qui, abbiamo un modello del 2012, che viene venduto dal proprietario e ha fatto 67.000 chilometri finora. Diamo un&#039;occhiata pi\u00f9 da vicino a ci\u00f2 che ha da offrire.\" \/>\n<meta property=\"og:url\" content=\"https:\/\/pistonaddict.com\/it\/product\/fisker-karma\/\" \/>\n<meta property=\"og:site_name\" content=\"Piston Addict\" \/>\n<meta property=\"article:modified_time\" content=\"2024-03-19T15:38:49+00:00\" \/>\n<meta property=\"og:image\" content=\"https:\/\/pistonaddict.com\/wp-content\/uploads\/2024\/02\/1.jpg\" \/>\n\t<meta property=\"og:image:width\" content=\"1280\" \/>\n\t<meta property=\"og:image:height\" content=\"960\" \/>\n\t<meta property=\"og:image:type\" content=\"image\/jpeg\" \/>\n<meta name=\"twitter:card\" content=\"summary_large_image\" \/>\n<meta name=\"twitter:label1\" content=\"Tempo di lettura stimato\" \/>\n\t<meta name=\"twitter:data1\" content=\"4 minuti\" \/>\n<script type=\"application\/ld+json\" class=\"yoast-schema-graph\">{\"@context\":\"https:\/\/schema.org\",\"@graph\":[{\"@type\":\"WebPage\",\"@id\":\"https:\/\/pistonaddict.com\/it\/product\/fisker-karma\/\",\"url\":\"https:\/\/pistonaddict.com\/it\/product\/fisker-karma\/\",\"name\":\"Fisker Karma - Piston Addict\",\"isPartOf\":{\"@id\":\"https:\/\/pistonaddict.com\/it\/#website\"},\"primaryImageOfPage\":{\"@id\":\"https:\/\/pistonaddict.com\/it\/product\/fisker-karma\/#primaryimage\"},\"image\":{\"@id\":\"https:\/\/pistonaddict.com\/it\/product\/fisker-karma\/#primaryimage\"},\"thumbnailUrl\":\"https:\/\/pistonaddict.com\/wp-content\/uploads\/2024\/02\/1.jpg\",\"datePublished\":\"2024-02-28T12:52:28+00:00\",\"dateModified\":\"2024-03-19T15:38:49+00:00\",\"breadcrumb\":{\"@id\":\"https:\/\/pistonaddict.com\/it\/product\/fisker-karma\/#breadcrumb\"},\"inLanguage\":\"it-IT\",\"potentialAction\":[{\"@type\":\"ReadAction\",\"target\":[\"https:\/\/pistonaddict.com\/it\/product\/fisker-karma\/\"]}]},{\"@type\":\"ImageObject\",\"inLanguage\":\"it-IT\",\"@id\":\"https:\/\/pistonaddict.com\/it\/product\/fisker-karma\/#primaryimage\",\"url\":\"https:\/\/pistonaddict.com\/wp-content\/uploads\/2024\/02\/1.jpg\",\"contentUrl\":\"https:\/\/pistonaddict.com\/wp-content\/uploads\/2024\/02\/1.jpg\",\"width\":1280,\"height\":960},{\"@type\":\"BreadcrumbList\",\"@id\":\"https:\/\/pistonaddict.com\/it\/product\/fisker-karma\/#breadcrumb\",\"itemListElement\":[{\"@type\":\"ListItem\",\"position\":1,\"name\":\"accoglienza\",\"item\":\"https:\/\/pistonaddict.com\/it\/homepage\/\"},{\"@type\":\"ListItem\",\"position\":2,\"name\":\"Auctions\",\"item\":\"https:\/\/pistonaddict.com\/auctions-listing\/\"},{\"@type\":\"ListItem\",\"position\":3,\"name\":\"Fisker Karma\"}]},{\"@type\":\"WebSite\",\"@id\":\"https:\/\/pistonaddict.com\/it\/#website\",\"url\":\"https:\/\/pistonaddict.com\/it\/\",\"name\":\"Piston Addict\",\"description\":\"Only interesting vehicles\",\"publisher\":{\"@id\":\"https:\/\/pistonaddict.com\/it\/#organization\"},\"potentialAction\":[{\"@type\":\"SearchAction\",\"target\":{\"@type\":\"EntryPoint\",\"urlTemplate\":\"https:\/\/pistonaddict.com\/it\/?s={search_term_string}\"},\"query-input\":\"required name=search_term_string\"}],\"inLanguage\":\"it-IT\"},{\"@type\":\"Organization\",\"@id\":\"https:\/\/pistonaddict.com\/it\/#organization\",\"name\":\"Piston Addict\",\"url\":\"https:\/\/pistonaddict.com\/it\/\",\"logo\":{\"@type\":\"ImageObject\",\"inLanguage\":\"it-IT\",\"@id\":\"https:\/\/pistonaddict.com\/it\/#\/schema\/logo\/image\/\",\"url\":\"https:\/\/pistonaddict.com\/wp-content\/uploads\/2022\/07\/logo-6.png\",\"contentUrl\":\"https:\/\/pistonaddict.com\/wp-content\/uploads\/2022\/07\/logo-6.png\",\"width\":970,\"height\":200,\"caption\":\"Piston Addict\"},\"image\":{\"@id\":\"https:\/\/pistonaddict.com\/it\/#\/schema\/logo\/image\/\"}}]}<\/script>\n<!-- \/ Yoast SEO plugin. -->","yoast_head_json":{"title":"Fisker Karma - Piston Addict","robots":{"index":"index","follow":"follow","max-snippet":"max-snippet:-1","max-image-preview":"max-image-preview:large","max-video-preview":"max-video-preview:-1"},"canonical":"https:\/\/pistonaddict.com\/it\/product\/fisker-karma\/","og_locale":"it_IT","og_type":"article","og_title":"Fisker Karma - Piston Addict","og_description":"Se cercate un'auto sportiva in grado di trasportare quattro persone e i loro bagagli, c'\u00e8 solo l'imbarazzo della scelta. Ma se volete qualcosa che vi distingua dai modelli tradizionali, allora potreste apprezzare la Fisker Karma. Offre tutti i vantaggi di un'auto elettrica senza l'ansia da autonomia e il peso aggiuntivo solitamente associati. Inoltre, tutta questa tecnologia magica \u00e8 racchiusa in un corpo dall'aspetto spettacolare. E in vendita qui, abbiamo un modello del 2012, che viene venduto dal proprietario e ha fatto 67.000 chilometri finora. Diamo un'occhiata pi\u00f9 da vicino a ci\u00f2 che ha da offrire.","og_url":"https:\/\/pistonaddict.com\/it\/product\/fisker-karma\/","og_site_name":"Piston Addict","article_modified_time":"2024-03-19T15:38:49+00:00","og_image":[{"width":1280,"height":960,"url":"https:\/\/pistonaddict.com\/wp-content\/uploads\/2024\/02\/1.jpg","type":"image\/jpeg"}],"twitter_card":"summary_large_image","twitter_misc":{"Tempo di lettura stimato":"4 minuti"},"schema":{"@context":"https:\/\/schema.org","@graph":[{"@type":"WebPage","@id":"https:\/\/pistonaddict.com\/it\/product\/fisker-karma\/","url":"https:\/\/pistonaddict.com\/it\/product\/fisker-karma\/","name":"Fisker Karma - Piston Addict","isPartOf":{"@id":"https:\/\/pistonaddict.com\/it\/#website"},"primaryImageOfPage":{"@id":"https:\/\/pistonaddict.com\/it\/product\/fisker-karma\/#primaryimage"},"image":{"@id":"https:\/\/pistonaddict.com\/it\/product\/fisker-karma\/#primaryimage"},"thumbnailUrl":"https:\/\/pistonaddict.com\/wp-content\/uploads\/2024\/02\/1.jpg","datePublished":"2024-02-28T12:52:28+00:00","dateModified":"2024-03-19T15:38:49+00:00","breadcrumb":{"@id":"https:\/\/pistonaddict.com\/it\/product\/fisker-karma\/#breadcrumb"},"inLanguage":"it-IT","potentialAction":[{"@type":"ReadAction","target":["https:\/\/pistonaddict.com\/it\/product\/fisker-karma\/"]}]},{"@type":"ImageObject","inLanguage":"it-IT","@id":"https:\/\/pistonaddict.com\/it\/product\/fisker-karma\/#primaryimage","url":"https:\/\/pistonaddict.com\/wp-content\/uploads\/2024\/02\/1.jpg","contentUrl":"https:\/\/pistonaddict.com\/wp-content\/uploads\/2024\/02\/1.jpg","width":1280,"height":960},{"@type":"BreadcrumbList","@id":"https:\/\/pistonaddict.com\/it\/product\/fisker-karma\/#breadcrumb","itemListElement":[{"@type":"ListItem","position":1,"name":"accoglienza","item":"https:\/\/pistonaddict.com\/it\/homepage\/"},{"@type":"ListItem","position":2,"name":"Auctions","item":"https:\/\/pistonaddict.com\/auctions-listing\/"},{"@type":"ListItem","position":3,"name":"Fisker Karma"}]},{"@type":"WebSite","@id":"https:\/\/pistonaddict.com\/it\/#website","url":"https:\/\/pistonaddict.com\/it\/","name":"Piston Addict","description":"Only interesting vehicles","publisher":{"@id":"https:\/\/pistonaddict.com\/it\/#organization"},"potentialAction":[{"@type":"SearchAction","target":{"@type":"EntryPoint","urlTemplate":"https:\/\/pistonaddict.com\/it\/?s={search_term_string}"},"query-input":"required name=search_term_string"}],"inLanguage":"it-IT"},{"@type":"Organization","@id":"https:\/\/pistonaddict.com\/it\/#organization","name":"Piston Addict","url":"https:\/\/pistonaddict.com\/it\/","logo":{"@type":"ImageObject","inLanguage":"it-IT","@id":"https:\/\/pistonaddict.com\/it\/#\/schema\/logo\/image\/","url":"https:\/\/pistonaddict.com\/wp-content\/uploads\/2022\/07\/logo-6.png","contentUrl":"https:\/\/pistonaddict.com\/wp-content\/uploads\/2022\/07\/logo-6.png","width":970,"height":200,"caption":"Piston Addict"},"image":{"@id":"https:\/\/pistonaddict.com\/it\/#\/schema\/logo\/image\/"}}]}},"_links":{"self":[{"href":"https:\/\/pistonaddict.com\/it\/wp-json\/wp\/v2\/product\/94113"}],"collection":[{"href":"https:\/\/pistonaddict.com\/it\/wp-json\/wp\/v2\/product"}],"about":[{"href":"https:\/\/pistonaddict.com\/it\/wp-json\/wp\/v2\/types\/product"}],"replies":[{"embeddable":true,"href":"https:\/\/pistonaddict.com\/it\/wp-json\/wp\/v2\/comments?post=94113"}],"wp:featuredmedia":[{"embeddable":true,"href":"https:\/\/pistonaddict.com\/it\/wp-json\/wp\/v2\/media\/93023"}],"wp:attachment":[{"href":"https:\/\/pistonaddict.com\/it\/wp-json\/wp\/v2\/media?parent=94113"}],"wp:term":[{"taxonomy":"product_cat","embeddable":true,"href":"https:\/\/pistonaddict.com\/it\/wp-json\/wp\/v2\/product_cat?post=94113"},{"taxonomy":"product_tag","embeddable":true,"href":"https:\/\/pistonaddict.com\/it\/wp-json\/wp\/v2\/product_tag?post=94113"}],"curies":[{"name":"wp","href":"https:\/\/api.w.org\/{rel}","templated":true}]}}