{"id":92878,"date":"2024-02-23T14:19:05","date_gmt":"2024-02-23T13:19:05","guid":{"rendered":"https:\/\/pistonaddict.com\/product\/volkswagen-1303-maggiolino-cabriolet-triplo-bianco\/"},"modified":"2024-03-20T09:46:44","modified_gmt":"2024-03-20T08:46:44","slug":"volkswagen-1303-convertibile-triplo-bianco-beetle","status":"publish","type":"product","link":"https:\/\/pistonaddict.com\/it\/product\/volkswagen-1303-convertibile-triplo-bianco-beetle\/","title":{"rendered":"Volkswagen 1303 Maggiolino Cabriolet Triplo Bianco"},"content":{"rendered":"<p>Se il Maggiolino Volkswagen standard era un modello economico che metteva il mondo su ruote, la sua versione cabriolet \u00e8 sempre stata la pi\u00f9 raffinata e prestigiosa. Innanzitutto, fu prodotta dalla famosa carrozzeria Karmann e presentava molte modifiche rispetto al modello standard. Non si trattava solo di un Maggiolino ribassato, ma di un&#8217;auto completamente diversa, con modifiche al telaio, porte, parabrezza e pannelli specifici diversi. Verso la fine della sua lunga produzione, la Volkswagen Beetle Cabrio ricevette un motore aggiornato, freni a disco anteriori e altre caratteristiche, che la resero un&#8217;auto da crociera aperta migliore e pi\u00f9 competente. Oggi siamo orgogliosi di presentare una vettura di questo tipo. Una Volkswagen 1303 Cabrio del 1979 in un&#8217;esclusiva colorazione tripla bianca, con un motore a iniezione da 1,6 litri e in condizioni del tutto originali. Venduto originariamente negli Stati Uniti, questo Maggiolino cabriolet di ultima generazione \u00e8 stato commercializzato come Super Beetle ed \u00e8 tra gli esemplari pi\u00f9 desiderabili grazie a un equipaggiamento migliore e a un motore da 48 CV con una velocit\u00e0 massima di 130 km\/h (82 mph). Questa vettura in particolare \u00e8 stata prodotta nel dicembre 1979, il che la rende una delle ultime Beetle cabrio, la cui produzione \u00e8 terminata all&#8217;inizio del 1980. Volkswagen ha venduto solo 4.572 1303 Cabrio nel 1980, pochissime in Tripple-White, e questa \u00e8 una di queste. Questi modelli pi\u00f9 recenti hanno diverse caratteristiche di design uniche che li rendono ancora pi\u00f9 pratici e piacevoli. Ad esempio, un vano bagagli anteriore pi\u00f9 grande e un parabrezza leggermente curvo hanno ridotto il rumore del vento, soprattutto quando si guida con il tetto abbassato.<\/p>\n<p><strong>Interno<\/strong><\/p>\n<p>I sedili in vinile bianco sono in ottime condizioni e gli interni di questo accattivante Maggiolino sono completamente originali. Con una plancia rivestita in legno, un volante unico e un&#8217;ergonomia migliorata, questo \u00e8 l&#8217;ambiente di guida pi\u00f9 raffinato di qualsiasi Maggiolino classico. Il cruscotto non \u00e8 rotto; l&#8217;impianto audio ha un&#8217;affascinante unit\u00e0 a cassette Blaupunkt degli anni &#8217;80.<\/p>\n<p><strong>Condizioni dell&#8217;auto<\/strong><\/p>\n<p>Con soli 94.000 chilometri e un paio di proprietari attenti, questa 1303 Cabrio ha beneficiato di un restauro e ha mantenuto il motore e la trasmissione originali, corrispondenti ai numeri. Le condizioni generali sono quasi perfette, con tutto funzionante e nessun punto di ruggine o scolorimento. L&#8217;ultimo servizio \u00e8 stato effettuato nell&#8217;ottobre 2023 e la vettura ha superato senza problemi il controllo tecnico annuale del 2024. Su auto come questa, il tetto in vinile \u00e8 spesso problematico, ma siamo felici di riferire che anche questo \u00e8 in perfette condizioni, senza strappi o perdite. Il sottoscocca \u00e8 pulito come la carrozzeria, senza problemi di ruggine. L&#8217;auto \u00e8 stata restaurata professionalmente secondo gli standard pi\u00f9 elevati con parti originali e mantenuta da uno specialista VW. Dopo il restauro, il veicolo \u00e8 stato conservato in un garage climatizzato.<\/p>\n<p><strong>Esterni e ruote<\/strong><\/p>\n<p>Il colore bianco \u00e8 in condizioni ideali e la combinazione di colori a tre colori \u00e8 originale e rara. I cerchi sono originali da 15 pollici con coprimozzo cromato e rivestiti di gomma nuova (DOT 2023) e di dimensioni adeguate (175\/70\/R15).<\/p>\n<p><strong>Documentazione<\/strong><\/p>\n<p>Il venditore privato vende questo veicolo con la documentazione appropriata nei Paesi Bassi. L&#8217;<strong>omologazione olandese (APK) \u00e8 valida fino ad agosto 2024<\/strong>. Esistono registri di manutenzione regolare, fatture di vendita e ricevute. La documentazione comprende il titolo di propriet\u00e0 originale, le brochure, la <a href=\"https:\/\/pistonaddict.com\/wp-content\/uploads\/2024\/02\/Zertificat.pdf\" target=\"blank\" rel=\"noopener\">perizia VW classic<\/a> e i documenti di immatricolazione. Per questo modello non \u00e8 disponibile alcuna garanzia di fabbrica.<\/p>\n<p><strong><br \/>\nGuarda il video dell&#8217;avviamento a freddo di questo bellissimo Maggiolino cabrio Triple White:<\/strong><\/p>\n<p>&nbsp;<\/p>\n<p><iframe title=\"Cold Start Video of the Volkswagen Coccinelle\/Beetle Cabriolet 1.6 Triple White\" width=\"1200\" height=\"675\" src=\"https:\/\/www.youtube.com\/embed\/G0rjRvyjhRo?feature=oembed\" frameborder=\"0\" allow=\"accelerometer; autoplay; clipboard-write; encrypted-media; gyroscope; picture-in-picture; web-share\" allowfullscreen><\/iframe><\/p>\n<p><strong> <\/strong><\/p>\n","protected":false},"excerpt":{"rendered":"<p>L&#8217;omonimo Maggiolino della Volkswagen \u00e8 stato una delle auto pi\u00f9 belle del 20\u00b0 secolo e ancora oggi \u00e8 uno dei migliori classici. Ma la sua versione cabriolet \u00e8 molto pi\u00f9 rara, pi\u00f9 cool e perfetta per i viaggi all&#8217;aria aperta sulla costa, con l&#8217;inconfondibile colonna sonora del flat-four. Se siete innamorati delle linee classiche del Maggiolino, ma cercate una vettura che abbia una migliore guidabilit\u00e0 e potenza, questa \u00e8 l&#8217;auto perfetta per voi. Una 1303 Cabrio pi\u00f9 desiderabile, modello successivo, con un motore pi\u00f9 potente e a iniezione, pronta per la stagione estiva.<\/p>\n","protected":false},"featured_media":92686,"comment_status":"open","ping_status":"closed","template":"","meta":{"inline_featured_image":false},"product_cat":[742],"product_tag":[2958,972,2955],"acf":[],"yoast_head":"<!-- This site is optimized with the Yoast SEO plugin v22.5 - https:\/\/yoast.com\/wordpress\/plugins\/seo\/ -->\n<title>Volkswagen 1303 Maggiolino Cabriolet Triplo Bianco - Piston Addict<\/title>\n<meta name=\"robots\" content=\"index, follow, max-snippet:-1, max-image-preview:large, max-video-preview:-1\" \/>\n<link rel=\"canonical\" href=\"https:\/\/pistonaddict.com\/it\/product\/volkswagen-1303-convertibile-triplo-bianco-beetle\/\" \/>\n<meta property=\"og:locale\" content=\"it_IT\" \/>\n<meta property=\"og:type\" content=\"article\" \/>\n<meta property=\"og:title\" content=\"Volkswagen 1303 Maggiolino Cabriolet Triplo Bianco - Piston Addict\" \/>\n<meta property=\"og:description\" content=\"L&#039;omonimo Maggiolino della Volkswagen \u00e8 stato una delle auto pi\u00f9 belle del 20\u00b0 secolo e ancora oggi \u00e8 uno dei migliori classici. Ma la sua versione cabriolet \u00e8 molto pi\u00f9 rara, pi\u00f9 cool e perfetta per i viaggi all&#039;aria aperta sulla costa, con l&#039;inconfondibile colonna sonora del flat-four. Se siete innamorati delle linee classiche del Maggiolino, ma cercate una vettura che abbia una migliore guidabilit\u00e0 e potenza, questa \u00e8 l&#039;auto perfetta per voi. Una 1303 Cabrio pi\u00f9 desiderabile, modello successivo, con un motore pi\u00f9 potente e a iniezione, pronta per la stagione estiva.\" \/>\n<meta property=\"og:url\" content=\"https:\/\/pistonaddict.com\/it\/product\/volkswagen-1303-convertibile-triplo-bianco-beetle\/\" \/>\n<meta property=\"og:site_name\" content=\"Piston Addict\" \/>\n<meta property=\"article:modified_time\" content=\"2024-03-20T08:46:44+00:00\" \/>\n<meta property=\"og:image\" content=\"https:\/\/pistonaddict.com\/wp-content\/uploads\/2024\/02\/b2c02738-a5a6-4266-893c-b51da700edcd-1.jpg\" \/>\n\t<meta property=\"og:image:width\" content=\"1600\" \/>\n\t<meta property=\"og:image:height\" content=\"1200\" \/>\n\t<meta property=\"og:image:type\" content=\"image\/jpeg\" \/>\n<meta name=\"twitter:card\" content=\"summary_large_image\" \/>\n<meta name=\"twitter:label1\" content=\"Tempo di lettura stimato\" \/>\n\t<meta name=\"twitter:data1\" content=\"3 minuti\" \/>\n<script type=\"application\/ld+json\" class=\"yoast-schema-graph\">{\"@context\":\"https:\/\/schema.org\",\"@graph\":[{\"@type\":\"WebPage\",\"@id\":\"https:\/\/pistonaddict.com\/it\/product\/volkswagen-1303-convertibile-triplo-bianco-beetle\/\",\"url\":\"https:\/\/pistonaddict.com\/it\/product\/volkswagen-1303-convertibile-triplo-bianco-beetle\/\",\"name\":\"Volkswagen 1303 Maggiolino Cabriolet Triplo Bianco - Piston Addict\",\"isPartOf\":{\"@id\":\"https:\/\/pistonaddict.com\/it\/#website\"},\"primaryImageOfPage\":{\"@id\":\"https:\/\/pistonaddict.com\/it\/product\/volkswagen-1303-convertibile-triplo-bianco-beetle\/#primaryimage\"},\"image\":{\"@id\":\"https:\/\/pistonaddict.com\/it\/product\/volkswagen-1303-convertibile-triplo-bianco-beetle\/#primaryimage\"},\"thumbnailUrl\":\"https:\/\/pistonaddict.com\/wp-content\/uploads\/2024\/02\/b2c02738-a5a6-4266-893c-b51da700edcd-1.jpg\",\"datePublished\":\"2024-02-23T13:19:05+00:00\",\"dateModified\":\"2024-03-20T08:46:44+00:00\",\"breadcrumb\":{\"@id\":\"https:\/\/pistonaddict.com\/it\/product\/volkswagen-1303-convertibile-triplo-bianco-beetle\/#breadcrumb\"},\"inLanguage\":\"it-IT\",\"potentialAction\":[{\"@type\":\"ReadAction\",\"target\":[\"https:\/\/pistonaddict.com\/it\/product\/volkswagen-1303-convertibile-triplo-bianco-beetle\/\"]}]},{\"@type\":\"ImageObject\",\"inLanguage\":\"it-IT\",\"@id\":\"https:\/\/pistonaddict.com\/it\/product\/volkswagen-1303-convertibile-triplo-bianco-beetle\/#primaryimage\",\"url\":\"https:\/\/pistonaddict.com\/wp-content\/uploads\/2024\/02\/b2c02738-a5a6-4266-893c-b51da700edcd-1.jpg\",\"contentUrl\":\"https:\/\/pistonaddict.com\/wp-content\/uploads\/2024\/02\/b2c02738-a5a6-4266-893c-b51da700edcd-1.jpg\",\"width\":1600,\"height\":1200},{\"@type\":\"BreadcrumbList\",\"@id\":\"https:\/\/pistonaddict.com\/it\/product\/volkswagen-1303-convertibile-triplo-bianco-beetle\/#breadcrumb\",\"itemListElement\":[{\"@type\":\"ListItem\",\"position\":1,\"name\":\"accoglienza\",\"item\":\"https:\/\/pistonaddict.com\/it\/homepage\/\"},{\"@type\":\"ListItem\",\"position\":2,\"name\":\"Auctions\",\"item\":\"https:\/\/pistonaddict.com\/auctions-listing\/\"},{\"@type\":\"ListItem\",\"position\":3,\"name\":\"Volkswagen 1303 Maggiolino Cabriolet Triplo Bianco\"}]},{\"@type\":\"WebSite\",\"@id\":\"https:\/\/pistonaddict.com\/it\/#website\",\"url\":\"https:\/\/pistonaddict.com\/it\/\",\"name\":\"Piston Addict\",\"description\":\"Only interesting vehicles\",\"publisher\":{\"@id\":\"https:\/\/pistonaddict.com\/it\/#organization\"},\"potentialAction\":[{\"@type\":\"SearchAction\",\"target\":{\"@type\":\"EntryPoint\",\"urlTemplate\":\"https:\/\/pistonaddict.com\/it\/?s={search_term_string}\"},\"query-input\":\"required name=search_term_string\"}],\"inLanguage\":\"it-IT\"},{\"@type\":\"Organization\",\"@id\":\"https:\/\/pistonaddict.com\/it\/#organization\",\"name\":\"Piston Addict\",\"url\":\"https:\/\/pistonaddict.com\/it\/\",\"logo\":{\"@type\":\"ImageObject\",\"inLanguage\":\"it-IT\",\"@id\":\"https:\/\/pistonaddict.com\/it\/#\/schema\/logo\/image\/\",\"url\":\"https:\/\/pistonaddict.com\/wp-content\/uploads\/2022\/07\/logo-6.png\",\"contentUrl\":\"https:\/\/pistonaddict.com\/wp-content\/uploads\/2022\/07\/logo-6.png\",\"width\":970,\"height\":200,\"caption\":\"Piston Addict\"},\"image\":{\"@id\":\"https:\/\/pistonaddict.com\/it\/#\/schema\/logo\/image\/\"}}]}<\/script>\n<!-- \/ Yoast SEO plugin. -->","yoast_head_json":{"title":"Volkswagen 1303 Maggiolino Cabriolet Triplo Bianco - Piston Addict","robots":{"index":"index","follow":"follow","max-snippet":"max-snippet:-1","max-image-preview":"max-image-preview:large","max-video-preview":"max-video-preview:-1"},"canonical":"https:\/\/pistonaddict.com\/it\/product\/volkswagen-1303-convertibile-triplo-bianco-beetle\/","og_locale":"it_IT","og_type":"article","og_title":"Volkswagen 1303 Maggiolino Cabriolet Triplo Bianco - Piston Addict","og_description":"L'omonimo Maggiolino della Volkswagen \u00e8 stato una delle auto pi\u00f9 belle del 20\u00b0 secolo e ancora oggi \u00e8 uno dei migliori classici. Ma la sua versione cabriolet \u00e8 molto pi\u00f9 rara, pi\u00f9 cool e perfetta per i viaggi all'aria aperta sulla costa, con l'inconfondibile colonna sonora del flat-four. Se siete innamorati delle linee classiche del Maggiolino, ma cercate una vettura che abbia una migliore guidabilit\u00e0 e potenza, questa \u00e8 l'auto perfetta per voi. Una 1303 Cabrio pi\u00f9 desiderabile, modello successivo, con un motore pi\u00f9 potente e a iniezione, pronta per la stagione estiva.","og_url":"https:\/\/pistonaddict.com\/it\/product\/volkswagen-1303-convertibile-triplo-bianco-beetle\/","og_site_name":"Piston Addict","article_modified_time":"2024-03-20T08:46:44+00:00","og_image":[{"width":1600,"height":1200,"url":"https:\/\/pistonaddict.com\/wp-content\/uploads\/2024\/02\/b2c02738-a5a6-4266-893c-b51da700edcd-1.jpg","type":"image\/jpeg"}],"twitter_card":"summary_large_image","twitter_misc":{"Tempo di lettura stimato":"3 minuti"},"schema":{"@context":"https:\/\/schema.org","@graph":[{"@type":"WebPage","@id":"https:\/\/pistonaddict.com\/it\/product\/volkswagen-1303-convertibile-triplo-bianco-beetle\/","url":"https:\/\/pistonaddict.com\/it\/product\/volkswagen-1303-convertibile-triplo-bianco-beetle\/","name":"Volkswagen 1303 Maggiolino Cabriolet Triplo Bianco - Piston Addict","isPartOf":{"@id":"https:\/\/pistonaddict.com\/it\/#website"},"primaryImageOfPage":{"@id":"https:\/\/pistonaddict.com\/it\/product\/volkswagen-1303-convertibile-triplo-bianco-beetle\/#primaryimage"},"image":{"@id":"https:\/\/pistonaddict.com\/it\/product\/volkswagen-1303-convertibile-triplo-bianco-beetle\/#primaryimage"},"thumbnailUrl":"https:\/\/pistonaddict.com\/wp-content\/uploads\/2024\/02\/b2c02738-a5a6-4266-893c-b51da700edcd-1.jpg","datePublished":"2024-02-23T13:19:05+00:00","dateModified":"2024-03-20T08:46:44+00:00","breadcrumb":{"@id":"https:\/\/pistonaddict.com\/it\/product\/volkswagen-1303-convertibile-triplo-bianco-beetle\/#breadcrumb"},"inLanguage":"it-IT","potentialAction":[{"@type":"ReadAction","target":["https:\/\/pistonaddict.com\/it\/product\/volkswagen-1303-convertibile-triplo-bianco-beetle\/"]}]},{"@type":"ImageObject","inLanguage":"it-IT","@id":"https:\/\/pistonaddict.com\/it\/product\/volkswagen-1303-convertibile-triplo-bianco-beetle\/#primaryimage","url":"https:\/\/pistonaddict.com\/wp-content\/uploads\/2024\/02\/b2c02738-a5a6-4266-893c-b51da700edcd-1.jpg","contentUrl":"https:\/\/pistonaddict.com\/wp-content\/uploads\/2024\/02\/b2c02738-a5a6-4266-893c-b51da700edcd-1.jpg","width":1600,"height":1200},{"@type":"BreadcrumbList","@id":"https:\/\/pistonaddict.com\/it\/product\/volkswagen-1303-convertibile-triplo-bianco-beetle\/#breadcrumb","itemListElement":[{"@type":"ListItem","position":1,"name":"accoglienza","item":"https:\/\/pistonaddict.com\/it\/homepage\/"},{"@type":"ListItem","position":2,"name":"Auctions","item":"https:\/\/pistonaddict.com\/auctions-listing\/"},{"@type":"ListItem","position":3,"name":"Volkswagen 1303 Maggiolino Cabriolet Triplo Bianco"}]},{"@type":"WebSite","@id":"https:\/\/pistonaddict.com\/it\/#website","url":"https:\/\/pistonaddict.com\/it\/","name":"Piston Addict","description":"Only interesting vehicles","publisher":{"@id":"https:\/\/pistonaddict.com\/it\/#organization"},"potentialAction":[{"@type":"SearchAction","target":{"@type":"EntryPoint","urlTemplate":"https:\/\/pistonaddict.com\/it\/?s={search_term_string}"},"query-input":"required name=search_term_string"}],"inLanguage":"it-IT"},{"@type":"Organization","@id":"https:\/\/pistonaddict.com\/it\/#organization","name":"Piston Addict","url":"https:\/\/pistonaddict.com\/it\/","logo":{"@type":"ImageObject","inLanguage":"it-IT","@id":"https:\/\/pistonaddict.com\/it\/#\/schema\/logo\/image\/","url":"https:\/\/pistonaddict.com\/wp-content\/uploads\/2022\/07\/logo-6.png","contentUrl":"https:\/\/pistonaddict.com\/wp-content\/uploads\/2022\/07\/logo-6.png","width":970,"height":200,"caption":"Piston Addict"},"image":{"@id":"https:\/\/pistonaddict.com\/it\/#\/schema\/logo\/image\/"}}]}},"_links":{"self":[{"href":"https:\/\/pistonaddict.com\/it\/wp-json\/wp\/v2\/product\/92878"}],"collection":[{"href":"https:\/\/pistonaddict.com\/it\/wp-json\/wp\/v2\/product"}],"about":[{"href":"https:\/\/pistonaddict.com\/it\/wp-json\/wp\/v2\/types\/product"}],"replies":[{"embeddable":true,"href":"https:\/\/pistonaddict.com\/it\/wp-json\/wp\/v2\/comments?post=92878"}],"wp:featuredmedia":[{"embeddable":true,"href":"https:\/\/pistonaddict.com\/it\/wp-json\/wp\/v2\/media\/92686"}],"wp:attachment":[{"href":"https:\/\/pistonaddict.com\/it\/wp-json\/wp\/v2\/media?parent=92878"}],"wp:term":[{"taxonomy":"product_cat","embeddable":true,"href":"https:\/\/pistonaddict.com\/it\/wp-json\/wp\/v2\/product_cat?post=92878"},{"taxonomy":"product_tag","embeddable":true,"href":"https:\/\/pistonaddict.com\/it\/wp-json\/wp\/v2\/product_tag?post=92878"}],"curies":[{"name":"wp","href":"https:\/\/api.w.org\/{rel}","templated":true}]}}