{"id":89361,"date":"2024-01-31T11:03:43","date_gmt":"2024-01-31T10:03:43","guid":{"rendered":"https:\/\/pistonaddict.com\/product\/abarth-695-tributo-ferrari-no424\/"},"modified":"2024-03-20T09:46:35","modified_gmt":"2024-03-20T08:46:35","slug":"abarth-695-tributo-ferrari-no424","status":"publish","type":"product","link":"https:\/\/pistonaddict.com\/it\/product\/abarth-695-tributo-ferrari-no424\/","title":{"rendered":"Abarth 695 Tributo Ferrari n\u00ba424"},"content":{"rendered":"<h2>Esterno<\/h2>\n<p>Basata sulla famosa e popolarissima Fiat 500, la 695 non ha probabilmente bisogno di molte presentazioni. Abarth ha aggiunto dei massicci paraurti anteriori e posteriori, accompagnati da coperture dei brancardi in tinta, spoiler posteriore e doppio scarico. E poi, per rendere il tutto ancora pi\u00f9 vivace, sono stati inseriti dettagli come le calotte degli specchietti retrovisori in fibra di carbonio e l&#8217;accattivante scudetto <em>Tributo Ferrari<\/em> sui pannelli del quarto posteriore.<br \/>\nQuesta particolare Abart 695 \u00e8 verniciata in un colore rosso fuoco con strisce da corsa grigie che iniziano sul cofano, si estendono sul tetto e terminano sul portellone posteriore. Quanto l&#8217;auto sia stata guidata &#8211; o non lo sia stata, per essere pi\u00f9 precisi &#8211; lo dimostrano i cerchi da 17 pollici, che montano ancora pneumatici Michelin Pilot montati in fabbrica.<\/p>\n<h2>Interno<\/h2>\n<p>Come l&#8217;esterno, anche l&#8217;interno dell&#8217;auto rivela rapidamente la sua vera natura. Tanto per cominciare, i sedili anteriori, realizzati da Sabelt, presentano una struttura in fibra di carbonio e sono estremamente sostenuti. Una volta seduto al loro interno, il conducente si trover\u00e0 dietro un volante in pelle a tre razze con accenti e cuciture rosse. Essendo un modello con cambio automatico, questa Abart non ha una leva del cambio sulla console centrale, ma solo diversi pulsanti per selezionare la retromarcia, la marcia o la folle. Ma ci sono anche i paddle sul volante, per quando il guidatore vuole cambiare le marce manualmente.<\/p>\n<p>L&#8217;intero abitacolo \u00e8 ricoperto di dettagli raffinati, come le finiture in fibra di carbonio, l&#8217;aria condizionata e l&#8217;impianto stereo con connettivit\u00e0 USB, oltre agli stemmi <em>Tributo Ferrari<\/em> su tutto il perimetro.<\/p>\n<h2>Meccanica<\/h2>\n<p>Questa sportster italiana dall&#8217;aspetto aggressivo \u00e8 dotata di un motore turbo da 1,4 litri, dal quale gli ingegneri Abarth sono riusciti a spremere ben 180 cavalli. La potenza viene trasmessa alle ruote anteriori attraverso una trasmissione MTA semiautomatica, che funziona sia in modalit\u00e0 automatica che manuale. Certo, mettere tanta potenza in un&#8217;auto cos\u00ec leggera si tradurr\u00e0 in prestazioni spettacolari, come una velocit\u00e0 massima di oltre 220 chilometri all&#8217;ora. Infine, per tenere tutto sotto controllo, questa Abarth 695 \u00e8 dotata di sospensioni pi\u00f9 rigide e freni pi\u00f9 grandi.<\/p>\n<h2>Storia del veicolo<\/h2>\n<p>Il venditore professionista, che l&#8217;ha acquistata di recente, descrive le condizioni dell&#8217;Abarth come quasi perfette. Oltre ad avere un basso chilometraggio, la vettura \u00e8 stata sottoposta all&#8217;ultima manutenzione nel gennaio 2023, in occasione del cambio dell&#8217;olio motore. All&#8217;interno e all&#8217;esterno non ci sono segni di usura, danni o ruggine, e gli unici difetti visivi sono due graffi minori sul lato destro. Questi, tuttavia, saranno riparati professionalmente senza alcun costo per il futuro proprietario una volta venduta l&#8217;auto.<\/p>\n<p>Infine, secondo il venditore, l&#8217;auto, che attualmente si trova in Spagna, non \u00e8 mai stata coinvolta in un incidente, con un corrispondente <a href=\"https:\/\/pistonaddict.com\/wp-content\/uploads\/2024\/01\/carfaxAbarth695.pdf\">CARFAX<\/a> Vehicle History Report a dimostrarlo. MOT spagnolo (ITV) superato e valido fino a dicembre 2024.<\/p>\n<p><strong>Guarda il video della partenza a freddo di questa bellissima Abarth 695 Tributo Ferrari :<\/strong><\/p>\n<p><iframe title=\"Cold Start Video of the Abarth 500 Tributo Ferrari\" width=\"1200\" height=\"675\" src=\"https:\/\/www.youtube.com\/embed\/lzDg2i_JYA4?feature=oembed\" frameborder=\"0\" allow=\"accelerometer; autoplay; clipboard-write; encrypted-media; gyroscope; picture-in-picture; web-share\" allowfullscreen><\/iframe><\/p>\n<p>&nbsp;<\/p>\n","protected":false},"excerpt":{"rendered":"<p>Una piccola city car non deve necessariamente essere solo un modo pratico per spostarsi in ambienti angusti. Invece, con il giusto equipaggiamento sotto il cofano, pu\u00f2 essere un vero e proprio razzo tascabile che, se vestito in modo appropriato, ha anche un aspetto straordinario. Una di queste auto \u00e8 la 500 Abarth, basata sulla reincarnazione di grande successo del leggendario modello degli anni &#8217;60 della Fiat. Ma l&#8217;esemplare in vendita all&#8217;asta \u00e8 una variante Abarth 695 ancora pi\u00f9 speziata, costruita nel 2010 e che ha percorso finora solo 6.800 chilometri. E per aggiungere esclusivit\u00e0, questo \u00e8 un raro modello Tributo Ferrari, la cui produzione \u00e8 stata limitata a 1.695 unit\u00e0. Vediamo quindi cosa offre questa vettura dall&#8217;aspetto esclusivo e aggressivo&#8230;<\/p>\n","protected":false},"featured_media":89378,"comment_status":"open","ping_status":"closed","template":"","meta":{"inline_featured_image":false},"product_cat":[742],"product_tag":[2928,2929,939],"acf":[],"yoast_head":"<!-- This site is optimized with the Yoast SEO plugin v22.5 - https:\/\/yoast.com\/wordpress\/plugins\/seo\/ -->\n<title>Abarth 695 Tributo Ferrari n\u00ba424 - Piston Addict<\/title>\n<meta name=\"robots\" content=\"index, follow, max-snippet:-1, max-image-preview:large, max-video-preview:-1\" \/>\n<link rel=\"canonical\" href=\"https:\/\/pistonaddict.com\/it\/product\/abarth-695-tributo-ferrari-no424\/\" \/>\n<meta property=\"og:locale\" content=\"it_IT\" \/>\n<meta property=\"og:type\" content=\"article\" \/>\n<meta property=\"og:title\" content=\"Abarth 695 Tributo Ferrari n\u00ba424 - Piston Addict\" \/>\n<meta property=\"og:description\" content=\"Una piccola city car non deve necessariamente essere solo un modo pratico per spostarsi in ambienti angusti. Invece, con il giusto equipaggiamento sotto il cofano, pu\u00f2 essere un vero e proprio razzo tascabile che, se vestito in modo appropriato, ha anche un aspetto straordinario. Una di queste auto \u00e8 la 500 Abarth, basata sulla reincarnazione di grande successo del leggendario modello degli anni &#039;60 della Fiat. Ma l&#039;esemplare in vendita all&#039;asta \u00e8 una variante Abarth 695 ancora pi\u00f9 speziata, costruita nel 2010 e che ha percorso finora solo 6.800 chilometri. E per aggiungere esclusivit\u00e0, questo \u00e8 un raro modello Tributo Ferrari, la cui produzione \u00e8 stata limitata a 1.695 unit\u00e0. Vediamo quindi cosa offre questa vettura dall&#039;aspetto esclusivo e aggressivo...\" \/>\n<meta property=\"og:url\" content=\"https:\/\/pistonaddict.com\/it\/product\/abarth-695-tributo-ferrari-no424\/\" \/>\n<meta property=\"og:site_name\" content=\"Piston Addict\" \/>\n<meta property=\"article:modified_time\" content=\"2024-03-20T08:46:35+00:00\" \/>\n<meta property=\"og:image\" content=\"https:\/\/pistonaddict.com\/wp-content\/uploads\/2024\/01\/IMG-20240110-WA0149-1.jpg\" \/>\n\t<meta property=\"og:image:width\" content=\"1600\" \/>\n\t<meta property=\"og:image:height\" content=\"1200\" \/>\n\t<meta property=\"og:image:type\" content=\"image\/jpeg\" \/>\n<meta name=\"twitter:card\" content=\"summary_large_image\" \/>\n<meta name=\"twitter:label1\" content=\"Tempo di lettura stimato\" \/>\n\t<meta name=\"twitter:data1\" content=\"2 minuti\" \/>\n<script type=\"application\/ld+json\" class=\"yoast-schema-graph\">{\"@context\":\"https:\/\/schema.org\",\"@graph\":[{\"@type\":\"WebPage\",\"@id\":\"https:\/\/pistonaddict.com\/it\/product\/abarth-695-tributo-ferrari-no424\/\",\"url\":\"https:\/\/pistonaddict.com\/it\/product\/abarth-695-tributo-ferrari-no424\/\",\"name\":\"Abarth 695 Tributo Ferrari n\u00ba424 - Piston Addict\",\"isPartOf\":{\"@id\":\"https:\/\/pistonaddict.com\/it\/#website\"},\"primaryImageOfPage\":{\"@id\":\"https:\/\/pistonaddict.com\/it\/product\/abarth-695-tributo-ferrari-no424\/#primaryimage\"},\"image\":{\"@id\":\"https:\/\/pistonaddict.com\/it\/product\/abarth-695-tributo-ferrari-no424\/#primaryimage\"},\"thumbnailUrl\":\"https:\/\/pistonaddict.com\/wp-content\/uploads\/2024\/01\/IMG-20240110-WA0149-1.jpg\",\"datePublished\":\"2024-01-31T10:03:43+00:00\",\"dateModified\":\"2024-03-20T08:46:35+00:00\",\"breadcrumb\":{\"@id\":\"https:\/\/pistonaddict.com\/it\/product\/abarth-695-tributo-ferrari-no424\/#breadcrumb\"},\"inLanguage\":\"it-IT\",\"potentialAction\":[{\"@type\":\"ReadAction\",\"target\":[\"https:\/\/pistonaddict.com\/it\/product\/abarth-695-tributo-ferrari-no424\/\"]}]},{\"@type\":\"ImageObject\",\"inLanguage\":\"it-IT\",\"@id\":\"https:\/\/pistonaddict.com\/it\/product\/abarth-695-tributo-ferrari-no424\/#primaryimage\",\"url\":\"https:\/\/pistonaddict.com\/wp-content\/uploads\/2024\/01\/IMG-20240110-WA0149-1.jpg\",\"contentUrl\":\"https:\/\/pistonaddict.com\/wp-content\/uploads\/2024\/01\/IMG-20240110-WA0149-1.jpg\",\"width\":1600,\"height\":1200},{\"@type\":\"BreadcrumbList\",\"@id\":\"https:\/\/pistonaddict.com\/it\/product\/abarth-695-tributo-ferrari-no424\/#breadcrumb\",\"itemListElement\":[{\"@type\":\"ListItem\",\"position\":1,\"name\":\"accoglienza\",\"item\":\"https:\/\/pistonaddict.com\/it\/homepage\/\"},{\"@type\":\"ListItem\",\"position\":2,\"name\":\"Auctions\",\"item\":\"https:\/\/pistonaddict.com\/auctions-listing\/\"},{\"@type\":\"ListItem\",\"position\":3,\"name\":\"Abarth 695 Tributo Ferrari n\u00ba424\"}]},{\"@type\":\"WebSite\",\"@id\":\"https:\/\/pistonaddict.com\/it\/#website\",\"url\":\"https:\/\/pistonaddict.com\/it\/\",\"name\":\"Piston Addict\",\"description\":\"Only interesting vehicles\",\"publisher\":{\"@id\":\"https:\/\/pistonaddict.com\/it\/#organization\"},\"potentialAction\":[{\"@type\":\"SearchAction\",\"target\":{\"@type\":\"EntryPoint\",\"urlTemplate\":\"https:\/\/pistonaddict.com\/it\/?s={search_term_string}\"},\"query-input\":\"required name=search_term_string\"}],\"inLanguage\":\"it-IT\"},{\"@type\":\"Organization\",\"@id\":\"https:\/\/pistonaddict.com\/it\/#organization\",\"name\":\"Piston Addict\",\"url\":\"https:\/\/pistonaddict.com\/it\/\",\"logo\":{\"@type\":\"ImageObject\",\"inLanguage\":\"it-IT\",\"@id\":\"https:\/\/pistonaddict.com\/it\/#\/schema\/logo\/image\/\",\"url\":\"https:\/\/pistonaddict.com\/wp-content\/uploads\/2022\/07\/logo-6.png\",\"contentUrl\":\"https:\/\/pistonaddict.com\/wp-content\/uploads\/2022\/07\/logo-6.png\",\"width\":970,\"height\":200,\"caption\":\"Piston Addict\"},\"image\":{\"@id\":\"https:\/\/pistonaddict.com\/it\/#\/schema\/logo\/image\/\"}}]}<\/script>\n<!-- \/ Yoast SEO plugin. -->","yoast_head_json":{"title":"Abarth 695 Tributo Ferrari n\u00ba424 - Piston Addict","robots":{"index":"index","follow":"follow","max-snippet":"max-snippet:-1","max-image-preview":"max-image-preview:large","max-video-preview":"max-video-preview:-1"},"canonical":"https:\/\/pistonaddict.com\/it\/product\/abarth-695-tributo-ferrari-no424\/","og_locale":"it_IT","og_type":"article","og_title":"Abarth 695 Tributo Ferrari n\u00ba424 - Piston Addict","og_description":"Una piccola city car non deve necessariamente essere solo un modo pratico per spostarsi in ambienti angusti. Invece, con il giusto equipaggiamento sotto il cofano, pu\u00f2 essere un vero e proprio razzo tascabile che, se vestito in modo appropriato, ha anche un aspetto straordinario. Una di queste auto \u00e8 la 500 Abarth, basata sulla reincarnazione di grande successo del leggendario modello degli anni '60 della Fiat. Ma l'esemplare in vendita all'asta \u00e8 una variante Abarth 695 ancora pi\u00f9 speziata, costruita nel 2010 e che ha percorso finora solo 6.800 chilometri. E per aggiungere esclusivit\u00e0, questo \u00e8 un raro modello Tributo Ferrari, la cui produzione \u00e8 stata limitata a 1.695 unit\u00e0. Vediamo quindi cosa offre questa vettura dall'aspetto esclusivo e aggressivo...","og_url":"https:\/\/pistonaddict.com\/it\/product\/abarth-695-tributo-ferrari-no424\/","og_site_name":"Piston Addict","article_modified_time":"2024-03-20T08:46:35+00:00","og_image":[{"width":1600,"height":1200,"url":"https:\/\/pistonaddict.com\/wp-content\/uploads\/2024\/01\/IMG-20240110-WA0149-1.jpg","type":"image\/jpeg"}],"twitter_card":"summary_large_image","twitter_misc":{"Tempo di lettura stimato":"2 minuti"},"schema":{"@context":"https:\/\/schema.org","@graph":[{"@type":"WebPage","@id":"https:\/\/pistonaddict.com\/it\/product\/abarth-695-tributo-ferrari-no424\/","url":"https:\/\/pistonaddict.com\/it\/product\/abarth-695-tributo-ferrari-no424\/","name":"Abarth 695 Tributo Ferrari n\u00ba424 - Piston Addict","isPartOf":{"@id":"https:\/\/pistonaddict.com\/it\/#website"},"primaryImageOfPage":{"@id":"https:\/\/pistonaddict.com\/it\/product\/abarth-695-tributo-ferrari-no424\/#primaryimage"},"image":{"@id":"https:\/\/pistonaddict.com\/it\/product\/abarth-695-tributo-ferrari-no424\/#primaryimage"},"thumbnailUrl":"https:\/\/pistonaddict.com\/wp-content\/uploads\/2024\/01\/IMG-20240110-WA0149-1.jpg","datePublished":"2024-01-31T10:03:43+00:00","dateModified":"2024-03-20T08:46:35+00:00","breadcrumb":{"@id":"https:\/\/pistonaddict.com\/it\/product\/abarth-695-tributo-ferrari-no424\/#breadcrumb"},"inLanguage":"it-IT","potentialAction":[{"@type":"ReadAction","target":["https:\/\/pistonaddict.com\/it\/product\/abarth-695-tributo-ferrari-no424\/"]}]},{"@type":"ImageObject","inLanguage":"it-IT","@id":"https:\/\/pistonaddict.com\/it\/product\/abarth-695-tributo-ferrari-no424\/#primaryimage","url":"https:\/\/pistonaddict.com\/wp-content\/uploads\/2024\/01\/IMG-20240110-WA0149-1.jpg","contentUrl":"https:\/\/pistonaddict.com\/wp-content\/uploads\/2024\/01\/IMG-20240110-WA0149-1.jpg","width":1600,"height":1200},{"@type":"BreadcrumbList","@id":"https:\/\/pistonaddict.com\/it\/product\/abarth-695-tributo-ferrari-no424\/#breadcrumb","itemListElement":[{"@type":"ListItem","position":1,"name":"accoglienza","item":"https:\/\/pistonaddict.com\/it\/homepage\/"},{"@type":"ListItem","position":2,"name":"Auctions","item":"https:\/\/pistonaddict.com\/auctions-listing\/"},{"@type":"ListItem","position":3,"name":"Abarth 695 Tributo Ferrari n\u00ba424"}]},{"@type":"WebSite","@id":"https:\/\/pistonaddict.com\/it\/#website","url":"https:\/\/pistonaddict.com\/it\/","name":"Piston Addict","description":"Only interesting vehicles","publisher":{"@id":"https:\/\/pistonaddict.com\/it\/#organization"},"potentialAction":[{"@type":"SearchAction","target":{"@type":"EntryPoint","urlTemplate":"https:\/\/pistonaddict.com\/it\/?s={search_term_string}"},"query-input":"required name=search_term_string"}],"inLanguage":"it-IT"},{"@type":"Organization","@id":"https:\/\/pistonaddict.com\/it\/#organization","name":"Piston Addict","url":"https:\/\/pistonaddict.com\/it\/","logo":{"@type":"ImageObject","inLanguage":"it-IT","@id":"https:\/\/pistonaddict.com\/it\/#\/schema\/logo\/image\/","url":"https:\/\/pistonaddict.com\/wp-content\/uploads\/2022\/07\/logo-6.png","contentUrl":"https:\/\/pistonaddict.com\/wp-content\/uploads\/2022\/07\/logo-6.png","width":970,"height":200,"caption":"Piston Addict"},"image":{"@id":"https:\/\/pistonaddict.com\/it\/#\/schema\/logo\/image\/"}}]}},"_links":{"self":[{"href":"https:\/\/pistonaddict.com\/it\/wp-json\/wp\/v2\/product\/89361"}],"collection":[{"href":"https:\/\/pistonaddict.com\/it\/wp-json\/wp\/v2\/product"}],"about":[{"href":"https:\/\/pistonaddict.com\/it\/wp-json\/wp\/v2\/types\/product"}],"replies":[{"embeddable":true,"href":"https:\/\/pistonaddict.com\/it\/wp-json\/wp\/v2\/comments?post=89361"}],"wp:featuredmedia":[{"embeddable":true,"href":"https:\/\/pistonaddict.com\/it\/wp-json\/wp\/v2\/media\/89378"}],"wp:attachment":[{"href":"https:\/\/pistonaddict.com\/it\/wp-json\/wp\/v2\/media?parent=89361"}],"wp:term":[{"taxonomy":"product_cat","embeddable":true,"href":"https:\/\/pistonaddict.com\/it\/wp-json\/wp\/v2\/product_cat?post=89361"},{"taxonomy":"product_tag","embeddable":true,"href":"https:\/\/pistonaddict.com\/it\/wp-json\/wp\/v2\/product_tag?post=89361"}],"curies":[{"name":"wp","href":"https:\/\/api.w.org\/{rel}","templated":true}]}}