{"id":82552,"date":"2024-01-17T09:08:31","date_gmt":"2024-01-17T08:08:31","guid":{"rendered":"https:\/\/pistonaddict.com\/product\/mg-a-coupe\/"},"modified":"2024-05-29T10:47:07","modified_gmt":"2024-05-29T08:47:07","slug":"mg-a-coupe","status":"publish","type":"product","link":"https:\/\/pistonaddict.com\/it\/product\/mg-a-coupe\/","title":{"rendered":"MG A coup\u00e9"},"content":{"rendered":"<p><strong>Storia dell&#8217;auto<\/strong><\/p>\n<p>Anche se la MG \u00e8 ora di propriet\u00e0 dei cinesi e vende una linea di SUV scialbi, questo marchio sar\u00e0 per sempre sinonimo di coup\u00e9 e roadster che erano le Mazda Miata dei suoi tempi. Piccole, agili, veloci e divertenti, le MG di quell&#8217;epoca sono ancora molto apprezzate dagli appassionati di tutto il mondo. Con motori ad alta velocit\u00e0, trazione posteriore, sterzo preciso e prestazioni vivaci, la MG ha dato il via alla scena delle auto sportive a prezzi accessibili gi\u00e0 prima della seconda guerra mondiale. Tuttavia, quando la MG A arriv\u00f2 nel 1955, era un modello all&#8217;avanguardia, non solo per l&#8217;estetica ma anche per la tecnologia. In America riusc\u00ec a vendere piuttosto bene, dando all&#8217;azienda una spinta per molti modelli successivi. L&#8217;unione di un aspetto splendido con il successo negli sport motoristici \u00e8 stata una formula vincente per la MG A, ed \u00e8 questo che la rende cos\u00ec speciale e desiderabile. Questo esemplare in particolare \u00e8 stato prodotto nel 1959 ed \u00e8 il modello di seconda serie con un motore pi\u00f9 potente da 1.600 ccm e 80 CV. Era una cifra significativa per gli standard dell&#8217;epoca e, con un cambio manuale a 4 marce, \u00e8 pi\u00f9 che in grado di offrire le stesse emozioni oggi come tanti anni fa. La MG A 1600 era nota per avere i freni a disco anteriori, una tecnologia molto avanzata per il 1959. Questo particolare esemplare \u00e8 uno dei soli 31.000 prodotti tra il 1959 e il 1962, quando la produzione della MG A termin\u00f2.<\/p>\n<p><strong>Interno<\/strong><\/p>\n<p>Rifiniti in pelle rossa, gli interni di questa MG A Coupe 1600 del 1959 sono in condizioni ideali. Con tutto ci\u00f2 che funziona e una patina sufficiente a renderla cos\u00ec affascinante, i suoi sedili sono un ottimo posto per godersi quest&#8217;auto. Anche se non si pu\u00f2 parlare di caratteristiche moderne in un veicolo che ha 65 anni, ci sono affascinanti quadranti analogici e un riscaldatore, che sarebbero stati considerati il top delle specifiche in passato. Le cinture di sicurezza sono state aggiornate con le pi\u00f9 moderne cinture a tre punti per garantire sicurezza e praticit\u00e0.<\/p>\n<p><strong>Condizione<\/strong><\/p>\n<p>Con soli 51.824 chilometri da nuova (si ritiene che sia originale), questa MG A \u00e8 stata oggetto di un attento e leggero restauro in passato (pompa dell&#8217;acqua, freni posteriori e carburazione sono stati cambiati nel 2022). Fortunatamente, ogni dettaglio \u00e8 stato accuratamente restaurato e l&#8217;auto \u00e8 in condizioni corrette per l&#8217;epoca, senza ruggine, perfettamente funzionante e senza problemi meccanici. Il venditore ha acquistato il veicolo di recente e ha eseguito la manutenzione regolare alla fine del 2023, con i freni revisionati solo pochi giorni fa, nel gennaio 2024.<\/p>\n<p><strong>Esterni e ruote<\/strong><\/p>\n<p>La classica vernice nera \u00e8 in condizioni discrete, senza ammaccature e senza graffi importanti. Tutte le cromature (molto importanti in auto d&#8217;epoca come questa) sono in perfetta forma, compresa la griglia, i paraurti e le finiture. L&#8217;abbinamento esterno nero\/interno rosso \u00e8 sorprendente ed enfatizza le linee dell&#8217;auto. I cerchi originali da 15 pollici sono rivestiti di gomma nuova di zecca, il che rende quest&#8217;auto completamente pronta per il prossimo proprietario e per i viaggi del fine settimana di quest&#8217;estate.<\/p>\n<p><strong>Documentazione<\/strong><\/p>\n<p>Il concessionario vende questo veicolo con la documentazione appropriata (tutte le fatture, la copia certificata del British Motor Industry Heritage Trust e il manuale d&#8217;uso) con sede in Spagna. Poich\u00e9 questa vettura risale al 1959, non ci sono rapporti CarFax ma nemmeno prove di incidenti, riparazioni di incidenti, propriet\u00e0 o problemi legali. Esistono registrazioni della manutenzione regolare e ricevute.<br \/>\n<strong>MOT spagnolo (ITV) superato e valido fino ad agosto 2028.<\/strong><\/p>\n<p><strong>Guardate il video dell&#8217;avviamento a freddo di questa bellissima MG A Coup\u00e9:<\/strong><\/p>\n<p><iframe title=\"Cold Start Video of MGA coupe\" width=\"1200\" height=\"675\" src=\"https:\/\/www.youtube.com\/embed\/IaLRg9Rs9iY?feature=oembed\" frameborder=\"0\" allow=\"accelerometer; autoplay; clipboard-write; encrypted-media; gyroscope; picture-in-picture; web-share\" allowfullscreen><\/iframe><\/p>\n","protected":false},"excerpt":{"rendered":"<p>Se volessimo esplorare la genesi delle moderne auto sportive, dovremmo iniziare con la leggendaria MG A. Con una carrozzeria aerodinamica, motori a elevato numero di giri, prestazioni eccellenti (per l&#8217;epoca) e un prezzo accessibile, questa auto sportiva ha rivoluzionato il segmento. \u00c8 rimasta una delle coup\u00e9 britanniche per eccellenza di tutti i tempi.<\/p>\n","protected":false},"featured_media":81147,"comment_status":"open","ping_status":"closed","template":"","meta":{"inline_featured_image":false},"product_cat":[742],"product_tag":[2866,972,2864],"acf":[],"yoast_head":"<!-- This site is optimized with the Yoast SEO plugin v22.5 - https:\/\/yoast.com\/wordpress\/plugins\/seo\/ -->\n<title>MG A coup\u00e9 - Piston Addict<\/title>\n<meta name=\"robots\" content=\"index, follow, max-snippet:-1, max-image-preview:large, max-video-preview:-1\" \/>\n<link rel=\"canonical\" href=\"https:\/\/pistonaddict.com\/it\/product\/mg-a-coupe\/\" \/>\n<meta property=\"og:locale\" content=\"it_IT\" \/>\n<meta property=\"og:type\" content=\"article\" \/>\n<meta property=\"og:title\" content=\"MG A coup\u00e9 - Piston Addict\" \/>\n<meta property=\"og:description\" content=\"Se volessimo esplorare la genesi delle moderne auto sportive, dovremmo iniziare con la leggendaria MG A. Con una carrozzeria aerodinamica, motori a elevato numero di giri, prestazioni eccellenti (per l&#039;epoca) e un prezzo accessibile, questa auto sportiva ha rivoluzionato il segmento. \u00c8 rimasta una delle coup\u00e9 britanniche per eccellenza di tutti i tempi.\" \/>\n<meta property=\"og:url\" content=\"https:\/\/pistonaddict.com\/it\/product\/mg-a-coupe\/\" \/>\n<meta property=\"og:site_name\" content=\"Piston Addict\" \/>\n<meta property=\"article:modified_time\" content=\"2024-05-29T08:47:07+00:00\" \/>\n<meta property=\"og:image\" content=\"https:\/\/pistonaddict.com\/wp-content\/uploads\/2024\/01\/IMG-20231031-WA0006.jpg\" \/>\n\t<meta property=\"og:image:width\" content=\"1600\" \/>\n\t<meta property=\"og:image:height\" content=\"1200\" \/>\n\t<meta property=\"og:image:type\" content=\"image\/jpeg\" \/>\n<meta name=\"twitter:card\" content=\"summary_large_image\" \/>\n<meta name=\"twitter:label1\" content=\"Tempo di lettura stimato\" \/>\n\t<meta name=\"twitter:data1\" content=\"3 minuti\" \/>\n<script type=\"application\/ld+json\" class=\"yoast-schema-graph\">{\"@context\":\"https:\/\/schema.org\",\"@graph\":[{\"@type\":\"WebPage\",\"@id\":\"https:\/\/pistonaddict.com\/it\/product\/mg-a-coupe\/\",\"url\":\"https:\/\/pistonaddict.com\/it\/product\/mg-a-coupe\/\",\"name\":\"MG A coup\u00e9 - Piston Addict\",\"isPartOf\":{\"@id\":\"https:\/\/pistonaddict.com\/it\/#website\"},\"primaryImageOfPage\":{\"@id\":\"https:\/\/pistonaddict.com\/it\/product\/mg-a-coupe\/#primaryimage\"},\"image\":{\"@id\":\"https:\/\/pistonaddict.com\/it\/product\/mg-a-coupe\/#primaryimage\"},\"thumbnailUrl\":\"https:\/\/pistonaddict.com\/wp-content\/uploads\/2024\/01\/IMG-20231031-WA0006.jpg\",\"datePublished\":\"2024-01-17T08:08:31+00:00\",\"dateModified\":\"2024-05-29T08:47:07+00:00\",\"breadcrumb\":{\"@id\":\"https:\/\/pistonaddict.com\/it\/product\/mg-a-coupe\/#breadcrumb\"},\"inLanguage\":\"it-IT\",\"potentialAction\":[{\"@type\":\"ReadAction\",\"target\":[\"https:\/\/pistonaddict.com\/it\/product\/mg-a-coupe\/\"]}]},{\"@type\":\"ImageObject\",\"inLanguage\":\"it-IT\",\"@id\":\"https:\/\/pistonaddict.com\/it\/product\/mg-a-coupe\/#primaryimage\",\"url\":\"https:\/\/pistonaddict.com\/wp-content\/uploads\/2024\/01\/IMG-20231031-WA0006.jpg\",\"contentUrl\":\"https:\/\/pistonaddict.com\/wp-content\/uploads\/2024\/01\/IMG-20231031-WA0006.jpg\",\"width\":1600,\"height\":1200},{\"@type\":\"BreadcrumbList\",\"@id\":\"https:\/\/pistonaddict.com\/it\/product\/mg-a-coupe\/#breadcrumb\",\"itemListElement\":[{\"@type\":\"ListItem\",\"position\":1,\"name\":\"accoglienza\",\"item\":\"https:\/\/pistonaddict.com\/it\/homepage\/\"},{\"@type\":\"ListItem\",\"position\":2,\"name\":\"Auctions\",\"item\":\"https:\/\/pistonaddict.com\/auctions-listing\/\"},{\"@type\":\"ListItem\",\"position\":3,\"name\":\"MG A coup\u00e9\"}]},{\"@type\":\"WebSite\",\"@id\":\"https:\/\/pistonaddict.com\/it\/#website\",\"url\":\"https:\/\/pistonaddict.com\/it\/\",\"name\":\"Piston Addict\",\"description\":\"Only interesting vehicles\",\"publisher\":{\"@id\":\"https:\/\/pistonaddict.com\/it\/#organization\"},\"potentialAction\":[{\"@type\":\"SearchAction\",\"target\":{\"@type\":\"EntryPoint\",\"urlTemplate\":\"https:\/\/pistonaddict.com\/it\/?s={search_term_string}\"},\"query-input\":\"required name=search_term_string\"}],\"inLanguage\":\"it-IT\"},{\"@type\":\"Organization\",\"@id\":\"https:\/\/pistonaddict.com\/it\/#organization\",\"name\":\"Piston Addict\",\"url\":\"https:\/\/pistonaddict.com\/it\/\",\"logo\":{\"@type\":\"ImageObject\",\"inLanguage\":\"it-IT\",\"@id\":\"https:\/\/pistonaddict.com\/it\/#\/schema\/logo\/image\/\",\"url\":\"https:\/\/pistonaddict.com\/wp-content\/uploads\/2022\/07\/logo-6.png\",\"contentUrl\":\"https:\/\/pistonaddict.com\/wp-content\/uploads\/2022\/07\/logo-6.png\",\"width\":970,\"height\":200,\"caption\":\"Piston Addict\"},\"image\":{\"@id\":\"https:\/\/pistonaddict.com\/it\/#\/schema\/logo\/image\/\"}}]}<\/script>\n<!-- \/ Yoast SEO plugin. -->","yoast_head_json":{"title":"MG A coup\u00e9 - Piston Addict","robots":{"index":"index","follow":"follow","max-snippet":"max-snippet:-1","max-image-preview":"max-image-preview:large","max-video-preview":"max-video-preview:-1"},"canonical":"https:\/\/pistonaddict.com\/it\/product\/mg-a-coupe\/","og_locale":"it_IT","og_type":"article","og_title":"MG A coup\u00e9 - Piston Addict","og_description":"Se volessimo esplorare la genesi delle moderne auto sportive, dovremmo iniziare con la leggendaria MG A. Con una carrozzeria aerodinamica, motori a elevato numero di giri, prestazioni eccellenti (per l'epoca) e un prezzo accessibile, questa auto sportiva ha rivoluzionato il segmento. \u00c8 rimasta una delle coup\u00e9 britanniche per eccellenza di tutti i tempi.","og_url":"https:\/\/pistonaddict.com\/it\/product\/mg-a-coupe\/","og_site_name":"Piston Addict","article_modified_time":"2024-05-29T08:47:07+00:00","og_image":[{"width":1600,"height":1200,"url":"https:\/\/pistonaddict.com\/wp-content\/uploads\/2024\/01\/IMG-20231031-WA0006.jpg","type":"image\/jpeg"}],"twitter_card":"summary_large_image","twitter_misc":{"Tempo di lettura stimato":"3 minuti"},"schema":{"@context":"https:\/\/schema.org","@graph":[{"@type":"WebPage","@id":"https:\/\/pistonaddict.com\/it\/product\/mg-a-coupe\/","url":"https:\/\/pistonaddict.com\/it\/product\/mg-a-coupe\/","name":"MG A coup\u00e9 - Piston Addict","isPartOf":{"@id":"https:\/\/pistonaddict.com\/it\/#website"},"primaryImageOfPage":{"@id":"https:\/\/pistonaddict.com\/it\/product\/mg-a-coupe\/#primaryimage"},"image":{"@id":"https:\/\/pistonaddict.com\/it\/product\/mg-a-coupe\/#primaryimage"},"thumbnailUrl":"https:\/\/pistonaddict.com\/wp-content\/uploads\/2024\/01\/IMG-20231031-WA0006.jpg","datePublished":"2024-01-17T08:08:31+00:00","dateModified":"2024-05-29T08:47:07+00:00","breadcrumb":{"@id":"https:\/\/pistonaddict.com\/it\/product\/mg-a-coupe\/#breadcrumb"},"inLanguage":"it-IT","potentialAction":[{"@type":"ReadAction","target":["https:\/\/pistonaddict.com\/it\/product\/mg-a-coupe\/"]}]},{"@type":"ImageObject","inLanguage":"it-IT","@id":"https:\/\/pistonaddict.com\/it\/product\/mg-a-coupe\/#primaryimage","url":"https:\/\/pistonaddict.com\/wp-content\/uploads\/2024\/01\/IMG-20231031-WA0006.jpg","contentUrl":"https:\/\/pistonaddict.com\/wp-content\/uploads\/2024\/01\/IMG-20231031-WA0006.jpg","width":1600,"height":1200},{"@type":"BreadcrumbList","@id":"https:\/\/pistonaddict.com\/it\/product\/mg-a-coupe\/#breadcrumb","itemListElement":[{"@type":"ListItem","position":1,"name":"accoglienza","item":"https:\/\/pistonaddict.com\/it\/homepage\/"},{"@type":"ListItem","position":2,"name":"Auctions","item":"https:\/\/pistonaddict.com\/auctions-listing\/"},{"@type":"ListItem","position":3,"name":"MG A coup\u00e9"}]},{"@type":"WebSite","@id":"https:\/\/pistonaddict.com\/it\/#website","url":"https:\/\/pistonaddict.com\/it\/","name":"Piston Addict","description":"Only interesting vehicles","publisher":{"@id":"https:\/\/pistonaddict.com\/it\/#organization"},"potentialAction":[{"@type":"SearchAction","target":{"@type":"EntryPoint","urlTemplate":"https:\/\/pistonaddict.com\/it\/?s={search_term_string}"},"query-input":"required name=search_term_string"}],"inLanguage":"it-IT"},{"@type":"Organization","@id":"https:\/\/pistonaddict.com\/it\/#organization","name":"Piston Addict","url":"https:\/\/pistonaddict.com\/it\/","logo":{"@type":"ImageObject","inLanguage":"it-IT","@id":"https:\/\/pistonaddict.com\/it\/#\/schema\/logo\/image\/","url":"https:\/\/pistonaddict.com\/wp-content\/uploads\/2022\/07\/logo-6.png","contentUrl":"https:\/\/pistonaddict.com\/wp-content\/uploads\/2022\/07\/logo-6.png","width":970,"height":200,"caption":"Piston Addict"},"image":{"@id":"https:\/\/pistonaddict.com\/it\/#\/schema\/logo\/image\/"}}]}},"_links":{"self":[{"href":"https:\/\/pistonaddict.com\/it\/wp-json\/wp\/v2\/product\/82552"}],"collection":[{"href":"https:\/\/pistonaddict.com\/it\/wp-json\/wp\/v2\/product"}],"about":[{"href":"https:\/\/pistonaddict.com\/it\/wp-json\/wp\/v2\/types\/product"}],"replies":[{"embeddable":true,"href":"https:\/\/pistonaddict.com\/it\/wp-json\/wp\/v2\/comments?post=82552"}],"wp:featuredmedia":[{"embeddable":true,"href":"https:\/\/pistonaddict.com\/it\/wp-json\/wp\/v2\/media\/81147"}],"wp:attachment":[{"href":"https:\/\/pistonaddict.com\/it\/wp-json\/wp\/v2\/media?parent=82552"}],"wp:term":[{"taxonomy":"product_cat","embeddable":true,"href":"https:\/\/pistonaddict.com\/it\/wp-json\/wp\/v2\/product_cat?post=82552"},{"taxonomy":"product_tag","embeddable":true,"href":"https:\/\/pistonaddict.com\/it\/wp-json\/wp\/v2\/product_tag?post=82552"}],"curies":[{"name":"wp","href":"https:\/\/api.w.org\/{rel}","templated":true}]}}