{"id":79065,"date":"2023-12-13T14:41:14","date_gmt":"2023-12-13T13:41:14","guid":{"rendered":"https:\/\/pistonaddict.com\/product\/alpino-a110\/"},"modified":"2024-03-20T09:42:58","modified_gmt":"2024-03-20T08:42:58","slug":"alpino-a110","status":"publish","type":"product","link":"https:\/\/pistonaddict.com\/it\/product\/alpino-a110\/","title":{"rendered":"Alpino A110"},"content":{"rendered":"<p><strong>Storia dell&#8217;auto<\/strong><\/p>\n<p>Per le generazioni di amanti delle auto sportive cresciute negli anni &#8217;60 e &#8217;70, il nome Alpine \u00e8 sinonimo di campionati di rally, prestazioni elevate e presenza in strada senza pari. Anche se Alpine utilizzava i componenti standard Renault, le auto avevano un fascino quasi da supercar ed erano le preferite dagli appassionati per il loro aspetto e la loro dinamica di guida. Ma all&#8217;inizio degli anni &#8217;90 il marchio \u00e8 scomparso, quasi dimenticato da tutti tranne che dai fan pi\u00f9 accaniti. Fortunatamente, Renault ha capito quanto sia importante il potenziale di questo nome leggendario e ha investito molto in un nuovo modello con una carrozzeria completamente in alluminio, un motore posizionato al centro e un cambio a doppia frizione molto veloce. La combinazione di un look iconico e retro-futuristico con il motore della Clio RS e le impostazioni personalizzate di carrozzeria e sospensioni ha creato un classico istantaneo e forse la migliore auto sportiva del decennio. Il turbocompressore da 1,8 litri che invia la potenza alle ruote posteriori pu\u00f2 lanciare questa splendida due posti in un tempo piuttosto convincente di 4,5 secondi da 0 a 100 km\/h (60 mph). Tuttavia, i numeri non rendono giustizia a quest&#8217;auto. Con un peso a vuoto di poco superiore a una tonnellata, l&#8217;Alpine A110 vola sulle curve e si comporta come un sogno. L&#8217;impareggiabile dinamica di guida \u00e8 proprio il motivo per cui \u00e8 la beniamina di molte riviste specializzate.<\/p>\n<p><strong>Interno<\/strong><\/p>\n<p>Poich\u00e9 questo modello \u00e8 relativamente nuovo e ha un basso chilometraggio, gli interni in pelle sono in condizioni pari al nuovo, senza segni di usura. Gli acquirenti pi\u00f9 esperti noteranno la presenza dei sedili &#8220;GT&#8221; opzionali, un&#8217;aggiunta gradita, e di alcune finiture in carbonio per un look da motorsport. Tuttavia, la cosa importante \u00e8 il sistema audio premium Focal, che \u00e8 un&#8217;opzione rara.<\/p>\n<p><strong>Condizione<\/strong><\/p>\n<p>L&#8217;esemplare in questione \u00e8 stato consegnato nuovo nel 2021 e da allora ha percorso poco pi\u00f9 di 30.000 km. \u00c8 un&#8217;auto ben curata che \u00e8 stata usata per guidare con gioia, proprio come \u00e8 stata inventata dai suoi costruttori. Non \u00e8 mai stata tracciata o danneggiata da due proprietari premurosi fin da nuova. Infatti, il proprietario originario era il direttore commerciale di Alpine Spagna. L&#8217;ultima manutenzione \u00e8 stata effettuata nel novembre 2023, mentre i freni sono stati revisionati di recente, nel dicembre 2023. Il precedente cambio dell&#8217;olio \u00e8 stato effettuato a settembre. <strong>Questa Alpine A110 \u00e8 ancora in garanzia di fabbrica fino a novembre 2024, quindi tutti gli interventi di manutenzione sono stati eseguiti dall&#8217;assistenza ufficiale in Spagna<\/strong>.<\/p>\n<p><strong> <\/strong><strong>Esterni e ruote<\/strong><\/p>\n<p>Verniciata in bianco con un pacchetto grafico molto interessante, questa Alpine A110 ha un aspetto unico grazie ai cerchi speciali da 18 pollici, riservati alle Alpine. La carrozzeria \u00e8 intatta, senza danni, ammaccature o graffi, e i pneumatici sono in condizioni decenti, con il 50% di usato, secondo il venditore. I pneumatici sono Michelin Pilot Sport e sono stati prodotti alla fine del 2021.<\/p>\n<p><strong>Documentazione<\/strong><\/p>\n<p>Il concessionario vende questo veicolo con la relativa documentazione in Spagna. Il <a href=\"https:\/\/pistonaddict.com\/wp-content\/uploads\/2023\/12\/AlpineA110.pdf\">rapporto CarFax<\/a> \u00e8 pulito; non esistono prove di incidenti, riparazioni di incidenti, propriet\u00e0 o problemi legali. Esistono registri di manutenzione regolare, fatture di vendita e ricevute. Questo Alpine A110 \u00e8 ancora coperto dalla garanzia di fabbrica, trasferibile al prossimo proprietario.<\/p>\n<p><strong>Guarda il video della partenza a freddo di questa bellissima Alpine A110 :<\/strong><\/p>\n<p><iframe title=\"Cold Start Video of this great Alpine A110 for auction sale\" width=\"1200\" height=\"675\" src=\"https:\/\/www.youtube.com\/embed\/FlqeDNY4UtI?feature=oembed\" frameborder=\"0\" allow=\"accelerometer; autoplay; clipboard-write; encrypted-media; gyroscope; picture-in-picture; web-share\" allowfullscreen><\/iframe><\/p>\n","protected":false},"excerpt":{"rendered":"<p>L&#8217;auto sportiva pi\u00f9 sexy degli ultimi due anni non \u00e8 una Ferrari, una Lamborghini o una McLaren. \u00c8 l&#8217;Alpine A110 con una carrozzeria su misura e molto leggera, un grintoso quattro cilindri turbo e prestazioni vivaci. Questa biposto ha ricordato agli appassionati di auto sportive cosa significa guidare e ha riportato trionfalmente il leggendario marchio sul mercato. Oggi siamo orgogliosi di presentare uno dei migliori esempi di questa vettura sportiva molto influente.<\/p>\n","protected":false},"featured_media":78358,"comment_status":"open","ping_status":"closed","template":"","meta":{"inline_featured_image":false},"product_cat":[742],"product_tag":[2837,2834,939],"acf":[],"yoast_head":"<!-- This site is optimized with the Yoast SEO plugin v22.5 - https:\/\/yoast.com\/wordpress\/plugins\/seo\/ -->\n<title>asta - %<\/title>\n<meta name=\"robots\" content=\"index, follow, max-snippet:-1, max-image-preview:large, max-video-preview:-1\" \/>\n<link rel=\"canonical\" href=\"https:\/\/pistonaddict.com\/it\/product\/alpino-a110\/\" \/>\n<meta property=\"og:locale\" content=\"it_IT\" \/>\n<meta property=\"og:type\" content=\"article\" \/>\n<meta property=\"og:title\" content=\"asta - %\" \/>\n<meta property=\"og:description\" content=\"L&#039;auto sportiva pi\u00f9 sexy degli ultimi due anni non \u00e8 una Ferrari, una Lamborghini o una McLaren. \u00c8 l&#039;Alpine A110 con una carrozzeria su misura e molto leggera, un grintoso quattro cilindri turbo e prestazioni vivaci. Questa biposto ha ricordato agli appassionati di auto sportive cosa significa guidare e ha riportato trionfalmente il leggendario marchio sul mercato. Oggi siamo orgogliosi di presentare uno dei migliori esempi di questa vettura sportiva molto influente.\" \/>\n<meta property=\"og:url\" content=\"https:\/\/pistonaddict.com\/it\/product\/alpino-a110\/\" \/>\n<meta property=\"og:site_name\" content=\"Piston Addict\" \/>\n<meta property=\"article:modified_time\" content=\"2024-03-20T08:42:58+00:00\" \/>\n<meta property=\"og:image\" content=\"https:\/\/pistonaddict.com\/wp-content\/uploads\/2023\/12\/4517LTW_01.jpg\" \/>\n\t<meta property=\"og:image:width\" content=\"1440\" \/>\n\t<meta property=\"og:image:height\" content=\"1080\" \/>\n\t<meta property=\"og:image:type\" content=\"image\/jpeg\" \/>\n<meta name=\"twitter:card\" content=\"summary_large_image\" \/>\n<meta name=\"twitter:label1\" content=\"Tempo di lettura stimato\" \/>\n\t<meta name=\"twitter:data1\" content=\"3 minuti\" \/>\n<script type=\"application\/ld+json\" class=\"yoast-schema-graph\">{\"@context\":\"https:\/\/schema.org\",\"@graph\":[{\"@type\":\"WebPage\",\"@id\":\"https:\/\/pistonaddict.com\/it\/product\/alpino-a110\/\",\"url\":\"https:\/\/pistonaddict.com\/it\/product\/alpino-a110\/\",\"name\":\"asta - %\",\"isPartOf\":{\"@id\":\"https:\/\/pistonaddict.com\/it\/#website\"},\"primaryImageOfPage\":{\"@id\":\"https:\/\/pistonaddict.com\/it\/product\/alpino-a110\/#primaryimage\"},\"image\":{\"@id\":\"https:\/\/pistonaddict.com\/it\/product\/alpino-a110\/#primaryimage\"},\"thumbnailUrl\":\"https:\/\/pistonaddict.com\/wp-content\/uploads\/2023\/12\/4517LTW_01.jpg\",\"datePublished\":\"2023-12-13T13:41:14+00:00\",\"dateModified\":\"2024-03-20T08:42:58+00:00\",\"breadcrumb\":{\"@id\":\"https:\/\/pistonaddict.com\/it\/product\/alpino-a110\/#breadcrumb\"},\"inLanguage\":\"it-IT\",\"potentialAction\":[{\"@type\":\"ReadAction\",\"target\":[\"https:\/\/pistonaddict.com\/it\/product\/alpino-a110\/\"]}]},{\"@type\":\"ImageObject\",\"inLanguage\":\"it-IT\",\"@id\":\"https:\/\/pistonaddict.com\/it\/product\/alpino-a110\/#primaryimage\",\"url\":\"https:\/\/pistonaddict.com\/wp-content\/uploads\/2023\/12\/4517LTW_01.jpg\",\"contentUrl\":\"https:\/\/pistonaddict.com\/wp-content\/uploads\/2023\/12\/4517LTW_01.jpg\",\"width\":1440,\"height\":1080},{\"@type\":\"BreadcrumbList\",\"@id\":\"https:\/\/pistonaddict.com\/it\/product\/alpino-a110\/#breadcrumb\",\"itemListElement\":[{\"@type\":\"ListItem\",\"position\":1,\"name\":\"accoglienza\",\"item\":\"https:\/\/pistonaddict.com\/it\/homepage\/\"},{\"@type\":\"ListItem\",\"position\":2,\"name\":\"Auctions\",\"item\":\"https:\/\/pistonaddict.com\/auctions-listing\/\"},{\"@type\":\"ListItem\",\"position\":3,\"name\":\"Alpino A110\"}]},{\"@type\":\"WebSite\",\"@id\":\"https:\/\/pistonaddict.com\/it\/#website\",\"url\":\"https:\/\/pistonaddict.com\/it\/\",\"name\":\"Piston Addict\",\"description\":\"Only interesting vehicles\",\"publisher\":{\"@id\":\"https:\/\/pistonaddict.com\/it\/#organization\"},\"potentialAction\":[{\"@type\":\"SearchAction\",\"target\":{\"@type\":\"EntryPoint\",\"urlTemplate\":\"https:\/\/pistonaddict.com\/it\/?s={search_term_string}\"},\"query-input\":\"required name=search_term_string\"}],\"inLanguage\":\"it-IT\"},{\"@type\":\"Organization\",\"@id\":\"https:\/\/pistonaddict.com\/it\/#organization\",\"name\":\"Piston Addict\",\"url\":\"https:\/\/pistonaddict.com\/it\/\",\"logo\":{\"@type\":\"ImageObject\",\"inLanguage\":\"it-IT\",\"@id\":\"https:\/\/pistonaddict.com\/it\/#\/schema\/logo\/image\/\",\"url\":\"https:\/\/pistonaddict.com\/wp-content\/uploads\/2022\/07\/logo-6.png\",\"contentUrl\":\"https:\/\/pistonaddict.com\/wp-content\/uploads\/2022\/07\/logo-6.png\",\"width\":970,\"height\":200,\"caption\":\"Piston Addict\"},\"image\":{\"@id\":\"https:\/\/pistonaddict.com\/it\/#\/schema\/logo\/image\/\"}}]}<\/script>\n<!-- \/ Yoast SEO plugin. -->","yoast_head_json":{"title":"asta - %","robots":{"index":"index","follow":"follow","max-snippet":"max-snippet:-1","max-image-preview":"max-image-preview:large","max-video-preview":"max-video-preview:-1"},"canonical":"https:\/\/pistonaddict.com\/it\/product\/alpino-a110\/","og_locale":"it_IT","og_type":"article","og_title":"asta - %","og_description":"L'auto sportiva pi\u00f9 sexy degli ultimi due anni non \u00e8 una Ferrari, una Lamborghini o una McLaren. \u00c8 l'Alpine A110 con una carrozzeria su misura e molto leggera, un grintoso quattro cilindri turbo e prestazioni vivaci. Questa biposto ha ricordato agli appassionati di auto sportive cosa significa guidare e ha riportato trionfalmente il leggendario marchio sul mercato. Oggi siamo orgogliosi di presentare uno dei migliori esempi di questa vettura sportiva molto influente.","og_url":"https:\/\/pistonaddict.com\/it\/product\/alpino-a110\/","og_site_name":"Piston Addict","article_modified_time":"2024-03-20T08:42:58+00:00","og_image":[{"width":1440,"height":1080,"url":"https:\/\/pistonaddict.com\/wp-content\/uploads\/2023\/12\/4517LTW_01.jpg","type":"image\/jpeg"}],"twitter_card":"summary_large_image","twitter_misc":{"Tempo di lettura stimato":"3 minuti"},"schema":{"@context":"https:\/\/schema.org","@graph":[{"@type":"WebPage","@id":"https:\/\/pistonaddict.com\/it\/product\/alpino-a110\/","url":"https:\/\/pistonaddict.com\/it\/product\/alpino-a110\/","name":"asta - %","isPartOf":{"@id":"https:\/\/pistonaddict.com\/it\/#website"},"primaryImageOfPage":{"@id":"https:\/\/pistonaddict.com\/it\/product\/alpino-a110\/#primaryimage"},"image":{"@id":"https:\/\/pistonaddict.com\/it\/product\/alpino-a110\/#primaryimage"},"thumbnailUrl":"https:\/\/pistonaddict.com\/wp-content\/uploads\/2023\/12\/4517LTW_01.jpg","datePublished":"2023-12-13T13:41:14+00:00","dateModified":"2024-03-20T08:42:58+00:00","breadcrumb":{"@id":"https:\/\/pistonaddict.com\/it\/product\/alpino-a110\/#breadcrumb"},"inLanguage":"it-IT","potentialAction":[{"@type":"ReadAction","target":["https:\/\/pistonaddict.com\/it\/product\/alpino-a110\/"]}]},{"@type":"ImageObject","inLanguage":"it-IT","@id":"https:\/\/pistonaddict.com\/it\/product\/alpino-a110\/#primaryimage","url":"https:\/\/pistonaddict.com\/wp-content\/uploads\/2023\/12\/4517LTW_01.jpg","contentUrl":"https:\/\/pistonaddict.com\/wp-content\/uploads\/2023\/12\/4517LTW_01.jpg","width":1440,"height":1080},{"@type":"BreadcrumbList","@id":"https:\/\/pistonaddict.com\/it\/product\/alpino-a110\/#breadcrumb","itemListElement":[{"@type":"ListItem","position":1,"name":"accoglienza","item":"https:\/\/pistonaddict.com\/it\/homepage\/"},{"@type":"ListItem","position":2,"name":"Auctions","item":"https:\/\/pistonaddict.com\/auctions-listing\/"},{"@type":"ListItem","position":3,"name":"Alpino A110"}]},{"@type":"WebSite","@id":"https:\/\/pistonaddict.com\/it\/#website","url":"https:\/\/pistonaddict.com\/it\/","name":"Piston Addict","description":"Only interesting vehicles","publisher":{"@id":"https:\/\/pistonaddict.com\/it\/#organization"},"potentialAction":[{"@type":"SearchAction","target":{"@type":"EntryPoint","urlTemplate":"https:\/\/pistonaddict.com\/it\/?s={search_term_string}"},"query-input":"required name=search_term_string"}],"inLanguage":"it-IT"},{"@type":"Organization","@id":"https:\/\/pistonaddict.com\/it\/#organization","name":"Piston Addict","url":"https:\/\/pistonaddict.com\/it\/","logo":{"@type":"ImageObject","inLanguage":"it-IT","@id":"https:\/\/pistonaddict.com\/it\/#\/schema\/logo\/image\/","url":"https:\/\/pistonaddict.com\/wp-content\/uploads\/2022\/07\/logo-6.png","contentUrl":"https:\/\/pistonaddict.com\/wp-content\/uploads\/2022\/07\/logo-6.png","width":970,"height":200,"caption":"Piston Addict"},"image":{"@id":"https:\/\/pistonaddict.com\/it\/#\/schema\/logo\/image\/"}}]}},"_links":{"self":[{"href":"https:\/\/pistonaddict.com\/it\/wp-json\/wp\/v2\/product\/79065"}],"collection":[{"href":"https:\/\/pistonaddict.com\/it\/wp-json\/wp\/v2\/product"}],"about":[{"href":"https:\/\/pistonaddict.com\/it\/wp-json\/wp\/v2\/types\/product"}],"replies":[{"embeddable":true,"href":"https:\/\/pistonaddict.com\/it\/wp-json\/wp\/v2\/comments?post=79065"}],"wp:featuredmedia":[{"embeddable":true,"href":"https:\/\/pistonaddict.com\/it\/wp-json\/wp\/v2\/media\/78358"}],"wp:attachment":[{"href":"https:\/\/pistonaddict.com\/it\/wp-json\/wp\/v2\/media?parent=79065"}],"wp:term":[{"taxonomy":"product_cat","embeddable":true,"href":"https:\/\/pistonaddict.com\/it\/wp-json\/wp\/v2\/product_cat?post=79065"},{"taxonomy":"product_tag","embeddable":true,"href":"https:\/\/pistonaddict.com\/it\/wp-json\/wp\/v2\/product_tag?post=79065"}],"curies":[{"name":"wp","href":"https:\/\/api.w.org\/{rel}","templated":true}]}}