{"id":78322,"date":"2023-12-13T10:17:52","date_gmt":"2023-12-13T09:17:52","guid":{"rendered":"https:\/\/pistonaddict.com\/product\/fisker-karma-signature-edition\/"},"modified":"2024-03-20T09:42:47","modified_gmt":"2024-03-20T08:42:47","slug":"fisker-karma-signature-edition","status":"publish","type":"product","link":"https:\/\/pistonaddict.com\/it\/product\/fisker-karma-signature-edition\/","title":{"rendered":"Fisker Karma Signature Edition"},"content":{"rendered":"<p><strong>Storia dell&#8217;auto<\/strong><\/p>\n<p>Prima che la Karma esplodesse sul mercato nel 2011, le ibride erano veicoli piuttosto noiosi e poco eccitanti. Ma poi Fisker ha presentato la Karma con un design accattivante, una silhouette bassa, un assetto muscoloso e forme uniche. Era ed \u00e8 tuttora qualcosa di straordinario. Sotto la seducente carrozzeria si nasconde una serie di tecnologie innovative. Il motore principale \u00e8 un 2,0 litri turbo di GM con 260 CV e due motori elettrici sull&#8217;asse posteriore. Un pacco batterie da 20,1 kWh alimenta i motori elettrici da 120 kW ciascuno (403 CV).<\/p>\n<p>\u00c8 interessante notare che le batterie sono posizionate al centro dell&#8217;auto, il che conferisce al Karma un baricentro basso e un&#8217;eccellente tenuta di strada. Anche il principio di funzionamento \u00e8 unico. Il veicolo, con cambio automatico, aveva un&#8217;autonomia di circa 80 km con la sola energia elettrica. Tuttavia, quando le batterie sono scariche, il conducente attiva il motore a benzina, che alimenta il generatore che alimenta i motori elettrici. Quindi, la Karma \u00e8 un ibrido benzina-elettrico con una forte enfasi sulla parte elettrica. Questo modello \u00e8 stato consegnato a un membro della famiglia Fisker e a uno degli investitori originari, il che lo rende una parte straordinaria della storia dell&#8217;azienda.<\/p>\n<p><strong>Interno<\/strong><\/p>\n<p>L&#8217;interno di questo particolare esemplare presenta una combinazione di pelle nera e marrone, che lo rende un luogo affascinante. Non ci sono graffi sui sedili e tutto \u00e8 funzionante. \u00c8 dotata di un sistema di infotainment opzionale con display sul cruscotto.<\/p>\n<p><strong>Condizione<\/strong><\/p>\n<p>Con 80.000 km, l&#8217;intera storia del servizio, un solo proprietario, questa Karma \u00e8 in condizioni ideali. Non ci sono incidenti o danni e gli interni sono in condizioni pari al nuovo. \u00c8 interessante notare che il Karma \u00e8 dotato di un tetto a pannelli solari che trasforma l&#8217;energia solare in elettricit\u00e0 e spegne la batteria quando necessario. In questo esemplare, il tetto solare \u00e8 presente e perfettamente funzionante. <strong>Questo particolare esemplare \u00e8 il numero 61 su 100 prodotti con il pacchetto Signature Edition<\/strong>, che \u00e8 essenziale in quanto la sua storia pu\u00f2 essere tracciata all&#8217;interno della comunit\u00e0 Fisker. Poich\u00e9 questo esemplare ha un significato storico, \u00e8 stato sottoposto a manutenzione da uno dei migliori specialisti Fisker al mondo, con registri di manutenzione regolari disponibili. L&#8217;ultima revisione e il cambio dell&#8217;olio sono stati effettuati nell&#8217;ottobre 2023, mentre i freni sono stati revisionati solo pochi giorni fa, nel dicembre 2023.<\/p>\n<p><strong>Esterni e ruote<\/strong><\/p>\n<p>L&#8217;esclusiva vernice argentata si abbina perfettamente agli interni bicolore senza graffi e ammaccature. La vettura sar\u00e0 consegnata con pneumatici invernali da 21 pollici in perfette condizioni. I cerchi da 22 pollici con pneumatici estivi hanno un costo aggiuntivo. I pneumatici sono del 2023.<\/p>\n<p><strong>Documentazione<\/strong><\/p>\n<p>Il venditore privato vende questo veicolo con la relativa documentazione in Germania. Il rapporto <a href=\"https:\/\/pistonaddict.com\/wp-content\/uploads\/2023\/12\/FiskerKarma.pdf\">CarVertical<\/a> \u00e8 pulito; non esistono prove di incidenti, riparazioni di incidenti, propriet\u00e0 o problemi legali. Esistono registri di manutenzione regolare, fatture di vendita e ricevute. Per questo modello non \u00e8 disponibile alcuna garanzia di fabbrica.<\/p>\n<p><strong><br \/>\nGuardate il video dell&#8217;avviamento a freddo di questa bellissima Fisker Karma Silver Signature:<\/strong><\/p>\n<p><iframe title=\"Cold Start Video of the Fisker Karma Signature for auction sale\" width=\"1200\" height=\"675\" src=\"https:\/\/www.youtube.com\/embed\/sOmYYpDT2U8?feature=oembed\" frameborder=\"0\" allow=\"accelerometer; autoplay; clipboard-write; encrypted-media; gyroscope; picture-in-picture; web-share\" allowfullscreen><\/iframe><\/p>\n","protected":false},"excerpt":{"rendered":"<p>Fisker Karma non \u00e8 solo un ibrido rivoluzionario, ma anche una delle auto pi\u00f9 belle del XXI secolo. Con poco pi\u00f9 di 3.000 esemplari prodotti, il modello \u00e8 raro, ma questo \u00e8 ancora pi\u00f9 raro. La Karma argentata del 2012 che vi proponiamo oggi \u00e8 un modello 1 su 100 della Signature Edition ed \u00e8 stata persino firmata personalmente da Henrik Fisker, il proprietario dell&#8217;azienda. Se state cercando il sogno di un collezionista, questo \u00e8 il caso.<\/p>\n","protected":false},"featured_media":77666,"comment_status":"open","ping_status":"closed","template":"","meta":{"inline_featured_image":false},"product_cat":[742],"product_tag":[2777,2779,939,1801,1803],"acf":[],"yoast_head":"<!-- This site is optimized with the Yoast SEO plugin v22.5 - https:\/\/yoast.com\/wordpress\/plugins\/seo\/ -->\n<title>asta - %<\/title>\n<meta name=\"robots\" content=\"index, follow, max-snippet:-1, max-image-preview:large, max-video-preview:-1\" \/>\n<link rel=\"canonical\" href=\"https:\/\/pistonaddict.com\/it\/product\/fisker-karma-signature-edition\/\" \/>\n<meta property=\"og:locale\" content=\"it_IT\" \/>\n<meta property=\"og:type\" content=\"article\" \/>\n<meta property=\"og:title\" content=\"asta - %\" \/>\n<meta property=\"og:description\" content=\"Fisker Karma non \u00e8 solo un ibrido rivoluzionario, ma anche una delle auto pi\u00f9 belle del XXI secolo. Con poco pi\u00f9 di 3.000 esemplari prodotti, il modello \u00e8 raro, ma questo \u00e8 ancora pi\u00f9 raro. La Karma argentata del 2012 che vi proponiamo oggi \u00e8 un modello 1 su 100 della Signature Edition ed \u00e8 stata persino firmata personalmente da Henrik Fisker, il proprietario dell&#039;azienda. Se state cercando il sogno di un collezionista, questo \u00e8 il caso.\" \/>\n<meta property=\"og:url\" content=\"https:\/\/pistonaddict.com\/it\/product\/fisker-karma-signature-edition\/\" \/>\n<meta property=\"og:site_name\" content=\"Piston Addict\" \/>\n<meta property=\"article:modified_time\" content=\"2024-03-20T08:42:47+00:00\" \/>\n<meta property=\"og:image\" content=\"https:\/\/pistonaddict.com\/wp-content\/uploads\/2023\/12\/20210129_085341.jpg\" \/>\n\t<meta property=\"og:image:width\" content=\"1762\" \/>\n\t<meta property=\"og:image:height\" content=\"752\" \/>\n\t<meta property=\"og:image:type\" content=\"image\/jpeg\" \/>\n<meta name=\"twitter:card\" content=\"summary_large_image\" \/>\n<meta name=\"twitter:label1\" content=\"Tempo di lettura stimato\" \/>\n\t<meta name=\"twitter:data1\" content=\"2 minuti\" \/>\n<script type=\"application\/ld+json\" class=\"yoast-schema-graph\">{\"@context\":\"https:\/\/schema.org\",\"@graph\":[{\"@type\":\"WebPage\",\"@id\":\"https:\/\/pistonaddict.com\/it\/product\/fisker-karma-signature-edition\/\",\"url\":\"https:\/\/pistonaddict.com\/it\/product\/fisker-karma-signature-edition\/\",\"name\":\"asta - %\",\"isPartOf\":{\"@id\":\"https:\/\/pistonaddict.com\/it\/#website\"},\"primaryImageOfPage\":{\"@id\":\"https:\/\/pistonaddict.com\/it\/product\/fisker-karma-signature-edition\/#primaryimage\"},\"image\":{\"@id\":\"https:\/\/pistonaddict.com\/it\/product\/fisker-karma-signature-edition\/#primaryimage\"},\"thumbnailUrl\":\"https:\/\/pistonaddict.com\/wp-content\/uploads\/2023\/12\/20210129_085341.jpg\",\"datePublished\":\"2023-12-13T09:17:52+00:00\",\"dateModified\":\"2024-03-20T08:42:47+00:00\",\"breadcrumb\":{\"@id\":\"https:\/\/pistonaddict.com\/it\/product\/fisker-karma-signature-edition\/#breadcrumb\"},\"inLanguage\":\"it-IT\",\"potentialAction\":[{\"@type\":\"ReadAction\",\"target\":[\"https:\/\/pistonaddict.com\/it\/product\/fisker-karma-signature-edition\/\"]}]},{\"@type\":\"ImageObject\",\"inLanguage\":\"it-IT\",\"@id\":\"https:\/\/pistonaddict.com\/it\/product\/fisker-karma-signature-edition\/#primaryimage\",\"url\":\"https:\/\/pistonaddict.com\/wp-content\/uploads\/2023\/12\/20210129_085341.jpg\",\"contentUrl\":\"https:\/\/pistonaddict.com\/wp-content\/uploads\/2023\/12\/20210129_085341.jpg\",\"width\":1762,\"height\":752},{\"@type\":\"BreadcrumbList\",\"@id\":\"https:\/\/pistonaddict.com\/it\/product\/fisker-karma-signature-edition\/#breadcrumb\",\"itemListElement\":[{\"@type\":\"ListItem\",\"position\":1,\"name\":\"accoglienza\",\"item\":\"https:\/\/pistonaddict.com\/it\/homepage\/\"},{\"@type\":\"ListItem\",\"position\":2,\"name\":\"Auctions\",\"item\":\"https:\/\/pistonaddict.com\/auctions-listing\/\"},{\"@type\":\"ListItem\",\"position\":3,\"name\":\"Fisker Karma Signature Edition\"}]},{\"@type\":\"WebSite\",\"@id\":\"https:\/\/pistonaddict.com\/it\/#website\",\"url\":\"https:\/\/pistonaddict.com\/it\/\",\"name\":\"Piston Addict\",\"description\":\"Only interesting vehicles\",\"publisher\":{\"@id\":\"https:\/\/pistonaddict.com\/it\/#organization\"},\"potentialAction\":[{\"@type\":\"SearchAction\",\"target\":{\"@type\":\"EntryPoint\",\"urlTemplate\":\"https:\/\/pistonaddict.com\/it\/?s={search_term_string}\"},\"query-input\":\"required name=search_term_string\"}],\"inLanguage\":\"it-IT\"},{\"@type\":\"Organization\",\"@id\":\"https:\/\/pistonaddict.com\/it\/#organization\",\"name\":\"Piston Addict\",\"url\":\"https:\/\/pistonaddict.com\/it\/\",\"logo\":{\"@type\":\"ImageObject\",\"inLanguage\":\"it-IT\",\"@id\":\"https:\/\/pistonaddict.com\/it\/#\/schema\/logo\/image\/\",\"url\":\"https:\/\/pistonaddict.com\/wp-content\/uploads\/2022\/07\/logo-6.png\",\"contentUrl\":\"https:\/\/pistonaddict.com\/wp-content\/uploads\/2022\/07\/logo-6.png\",\"width\":970,\"height\":200,\"caption\":\"Piston Addict\"},\"image\":{\"@id\":\"https:\/\/pistonaddict.com\/it\/#\/schema\/logo\/image\/\"}}]}<\/script>\n<!-- \/ Yoast SEO plugin. -->","yoast_head_json":{"title":"asta - %","robots":{"index":"index","follow":"follow","max-snippet":"max-snippet:-1","max-image-preview":"max-image-preview:large","max-video-preview":"max-video-preview:-1"},"canonical":"https:\/\/pistonaddict.com\/it\/product\/fisker-karma-signature-edition\/","og_locale":"it_IT","og_type":"article","og_title":"asta - %","og_description":"Fisker Karma non \u00e8 solo un ibrido rivoluzionario, ma anche una delle auto pi\u00f9 belle del XXI secolo. Con poco pi\u00f9 di 3.000 esemplari prodotti, il modello \u00e8 raro, ma questo \u00e8 ancora pi\u00f9 raro. La Karma argentata del 2012 che vi proponiamo oggi \u00e8 un modello 1 su 100 della Signature Edition ed \u00e8 stata persino firmata personalmente da Henrik Fisker, il proprietario dell'azienda. Se state cercando il sogno di un collezionista, questo \u00e8 il caso.","og_url":"https:\/\/pistonaddict.com\/it\/product\/fisker-karma-signature-edition\/","og_site_name":"Piston Addict","article_modified_time":"2024-03-20T08:42:47+00:00","og_image":[{"width":1762,"height":752,"url":"https:\/\/pistonaddict.com\/wp-content\/uploads\/2023\/12\/20210129_085341.jpg","type":"image\/jpeg"}],"twitter_card":"summary_large_image","twitter_misc":{"Tempo di lettura stimato":"2 minuti"},"schema":{"@context":"https:\/\/schema.org","@graph":[{"@type":"WebPage","@id":"https:\/\/pistonaddict.com\/it\/product\/fisker-karma-signature-edition\/","url":"https:\/\/pistonaddict.com\/it\/product\/fisker-karma-signature-edition\/","name":"asta - %","isPartOf":{"@id":"https:\/\/pistonaddict.com\/it\/#website"},"primaryImageOfPage":{"@id":"https:\/\/pistonaddict.com\/it\/product\/fisker-karma-signature-edition\/#primaryimage"},"image":{"@id":"https:\/\/pistonaddict.com\/it\/product\/fisker-karma-signature-edition\/#primaryimage"},"thumbnailUrl":"https:\/\/pistonaddict.com\/wp-content\/uploads\/2023\/12\/20210129_085341.jpg","datePublished":"2023-12-13T09:17:52+00:00","dateModified":"2024-03-20T08:42:47+00:00","breadcrumb":{"@id":"https:\/\/pistonaddict.com\/it\/product\/fisker-karma-signature-edition\/#breadcrumb"},"inLanguage":"it-IT","potentialAction":[{"@type":"ReadAction","target":["https:\/\/pistonaddict.com\/it\/product\/fisker-karma-signature-edition\/"]}]},{"@type":"ImageObject","inLanguage":"it-IT","@id":"https:\/\/pistonaddict.com\/it\/product\/fisker-karma-signature-edition\/#primaryimage","url":"https:\/\/pistonaddict.com\/wp-content\/uploads\/2023\/12\/20210129_085341.jpg","contentUrl":"https:\/\/pistonaddict.com\/wp-content\/uploads\/2023\/12\/20210129_085341.jpg","width":1762,"height":752},{"@type":"BreadcrumbList","@id":"https:\/\/pistonaddict.com\/it\/product\/fisker-karma-signature-edition\/#breadcrumb","itemListElement":[{"@type":"ListItem","position":1,"name":"accoglienza","item":"https:\/\/pistonaddict.com\/it\/homepage\/"},{"@type":"ListItem","position":2,"name":"Auctions","item":"https:\/\/pistonaddict.com\/auctions-listing\/"},{"@type":"ListItem","position":3,"name":"Fisker Karma Signature Edition"}]},{"@type":"WebSite","@id":"https:\/\/pistonaddict.com\/it\/#website","url":"https:\/\/pistonaddict.com\/it\/","name":"Piston Addict","description":"Only interesting vehicles","publisher":{"@id":"https:\/\/pistonaddict.com\/it\/#organization"},"potentialAction":[{"@type":"SearchAction","target":{"@type":"EntryPoint","urlTemplate":"https:\/\/pistonaddict.com\/it\/?s={search_term_string}"},"query-input":"required name=search_term_string"}],"inLanguage":"it-IT"},{"@type":"Organization","@id":"https:\/\/pistonaddict.com\/it\/#organization","name":"Piston Addict","url":"https:\/\/pistonaddict.com\/it\/","logo":{"@type":"ImageObject","inLanguage":"it-IT","@id":"https:\/\/pistonaddict.com\/it\/#\/schema\/logo\/image\/","url":"https:\/\/pistonaddict.com\/wp-content\/uploads\/2022\/07\/logo-6.png","contentUrl":"https:\/\/pistonaddict.com\/wp-content\/uploads\/2022\/07\/logo-6.png","width":970,"height":200,"caption":"Piston Addict"},"image":{"@id":"https:\/\/pistonaddict.com\/it\/#\/schema\/logo\/image\/"}}]}},"_links":{"self":[{"href":"https:\/\/pistonaddict.com\/it\/wp-json\/wp\/v2\/product\/78322"}],"collection":[{"href":"https:\/\/pistonaddict.com\/it\/wp-json\/wp\/v2\/product"}],"about":[{"href":"https:\/\/pistonaddict.com\/it\/wp-json\/wp\/v2\/types\/product"}],"replies":[{"embeddable":true,"href":"https:\/\/pistonaddict.com\/it\/wp-json\/wp\/v2\/comments?post=78322"}],"wp:featuredmedia":[{"embeddable":true,"href":"https:\/\/pistonaddict.com\/it\/wp-json\/wp\/v2\/media\/77666"}],"wp:attachment":[{"href":"https:\/\/pistonaddict.com\/it\/wp-json\/wp\/v2\/media?parent=78322"}],"wp:term":[{"taxonomy":"product_cat","embeddable":true,"href":"https:\/\/pistonaddict.com\/it\/wp-json\/wp\/v2\/product_cat?post=78322"},{"taxonomy":"product_tag","embeddable":true,"href":"https:\/\/pistonaddict.com\/it\/wp-json\/wp\/v2\/product_tag?post=78322"}],"curies":[{"name":"wp","href":"https:\/\/api.w.org\/{rel}","templated":true}]}}