{"id":77366,"date":"2023-12-11T15:55:41","date_gmt":"2023-12-11T14:55:41","guid":{"rendered":"https:\/\/pistonaddict.com\/product\/abarth-124-spider\/"},"modified":"2024-03-20T09:41:27","modified_gmt":"2024-03-20T08:41:27","slug":"abarth-124-spider","status":"publish","type":"product","link":"https:\/\/pistonaddict.com\/it\/product\/abarth-124-spider\/","title":{"rendered":"Abarth 124 Spider"},"content":{"rendered":"<h2>Esterno<\/h2>\n<p>A prima vista \u00e8 evidente che non si tratta di una normale 124 Spider. Questa roadster verniciata di nero presenta paraurti pi\u00f9 aggressivi, fari allo xeno e uno scarico bifacciale sul retro, con due terminali cromati su ciascun lato. Tutti questi dettagli conferiscono alla vettura una formidabile presenza su strada che la distingue inequivocabilmente dalla cugina pi\u00f9 mite. Come se non bastasse, il badge laterale che celebra il 70\u00b0 anniversario di Abarth sottolinea l&#8217;esclusivit\u00e0 di questo particolare modello.<\/p>\n<p>Questa Abarth 124 Spider monta cerchi da 17 pollici con pneumatici Bridgestone, che forse hanno superato il loro momento migliore. Le ruote offrono anche una chiara visione delle massicce pinze freno Brembo rosse che promettono un&#8217;eccellente potenza di arresto.<\/p>\n<h2>Interno<\/h2>\n<p>Come l&#8217;aspetto esteriore, anche gli interni presentano diversi dettagli accattivanti che mostrano chiaramente l&#8217;origine della vettura. Per cominciare, una coppia di comodi sedili rivestiti in pelle scamosciata, con una massiccia scritta rossa Abart cucita sullo schienale. I dettagli in rosso accentuano anche il volante e il quadro strumenti retrostante, dominato da un contagiri che arriva a 8000 giri\/min. Infine, la plancia minimalista contiene solo l&#8217;essenziale, come i comandi dell&#8217;aria condizionata e il display centrale, rendendo evidente che quest&#8217;auto \u00e8 fatta principalmente per la guida.<\/p>\n<h2>Meccanica<\/h2>\n<p>A prima vista, il motore da 1,4 litri sotto il cofano potrebbe non sembrare cos\u00ec convincente come ci si aspetterebbe. Tuttavia, grazie a un turbocompressore e a un sistema di gestione del carburante ottimizzato, che ne aumentano la potenza a 170 cavalli, questo fluido 4 cilindri \u00e8 davvero potente. Il cambio &#8211; un tradizionale manuale a sei rapporti &#8211; \u00e8 un altro dettaglio che rivela la vera natura della Spider. Questa configurazione della trasmissione, abbinata a sospensioni superbe e freni efficienti, la rende una vera e propria auto da guida, progettata per affrontare qualsiasi strada tortuosa.<\/p>\n<h2>Storia del veicolo<\/h2>\n<p>Infine, due parole sulle condizioni attuali di questa Abarth Spider. L&#8217;ultima manutenzione regolare, che comprendeva il cambio dell&#8217;olio, \u00e8 stata effettuata nel gennaio 2023. Pi\u00f9 recentemente, a dicembre, sono stati revisionati i freni. In base alle foto fornite e al video corrispondente, l&#8217;auto appare in ottime condizioni, senza danni visibili o segni di usura.<\/p>\n<p>Inoltre, il venditore afferma che la vettura, che attualmente si trova in Italia, non \u00e8 stata utilizzata in pista n\u00e9 \u00e8 stata coinvolta in alcun incidente, come confermato dal rapporto <a href=\"https:\/\/pistonaddict.com\/wp-content\/uploads\/2023\/12\/abarthspider.pdf\">CARFAX<\/a> sulla storia del veicolo.<\/p>\n<p><strong><br \/>\nGuardate il video della partenza a freddo di questa bellissima Abarth 124 Spider :<\/strong><\/p>\n<p><iframe title=\"Cold Start Video of the Abarth 124 Spider for auction sale\" width=\"1200\" height=\"675\" src=\"https:\/\/www.youtube.com\/embed\/wZs51_ew1WU?feature=oembed\" frameborder=\"0\" allow=\"accelerometer; autoplay; clipboard-write; encrypted-media; gyroscope; picture-in-picture; web-share\" allowfullscreen><\/iframe><\/p>\n","protected":false},"excerpt":{"rendered":"<p>Se volete un&#8217;auto che sia bella, divertente da guidare e facile da gestire, dovreste prendere in considerazione l&#8217;acquisto di una roadster. Ci sono diversi modelli relativamente nuovi tra cui scegliere, e uno di questi \u00e8 la 124 Spider, che condivide la sua base meccanica con la roadster probabilmente pi\u00f9 famosa di oggi: la Mazda MX5. Come tale, rappresenta una miscela unica di stile italiano e tecnologia di precisione giapponese.<\/p>\n<p>E quando il tuner interno di Fiat aggiunge un po&#8217; di pepe a tutto questo, si ottiene una fiammante <strong>Abarth 124 Spider<\/strong>, una delle quali \u00e8 all&#8217;asta proprio qui sul nostro sito. Questo modello immacolato del 2019 ha percorso poco pi\u00f9 di 23.000 chilometri ed \u00e8 attualmente alla ricerca di un nuovo proprietario. E, oltre all&#8217;aspetto elegante e alle prestazioni piacevoli, nasconde anche un altro asso nella manica.<\/p>\n","protected":false},"featured_media":77144,"comment_status":"open","ping_status":"closed","template":"","meta":{"inline_featured_image":false},"product_cat":[742],"product_tag":[2730,2735,2724,972],"acf":[],"yoast_head":"<!-- This site is optimized with the Yoast SEO plugin v22.5 - https:\/\/yoast.com\/wordpress\/plugins\/seo\/ -->\n<title>asta - %<\/title>\n<meta name=\"robots\" content=\"index, follow, max-snippet:-1, max-image-preview:large, max-video-preview:-1\" \/>\n<link rel=\"canonical\" href=\"https:\/\/pistonaddict.com\/it\/product\/abarth-124-spider\/\" \/>\n<meta property=\"og:locale\" content=\"it_IT\" \/>\n<meta property=\"og:type\" content=\"article\" \/>\n<meta property=\"og:title\" content=\"asta - %\" \/>\n<meta property=\"og:description\" content=\"Se volete un&#039;auto che sia bella, divertente da guidare e facile da gestire, dovreste prendere in considerazione l&#039;acquisto di una roadster. Ci sono diversi modelli relativamente nuovi tra cui scegliere, e uno di questi \u00e8 la 124 Spider, che condivide la sua base meccanica con la roadster probabilmente pi\u00f9 famosa di oggi: la Mazda MX5. Come tale, rappresenta una miscela unica di stile italiano e tecnologia di precisione giapponese. E quando il tuner interno di Fiat aggiunge un po&#039; di pepe a tutto questo, si ottiene una fiammante Abarth 124 Spider, una delle quali \u00e8 all&#039;asta proprio qui sul nostro sito. Questo modello immacolato del 2019 ha percorso poco pi\u00f9 di 23.000 chilometri ed \u00e8 attualmente alla ricerca di un nuovo proprietario. E, oltre all&#039;aspetto elegante e alle prestazioni piacevoli, nasconde anche un altro asso nella manica.\" \/>\n<meta property=\"og:url\" content=\"https:\/\/pistonaddict.com\/it\/product\/abarth-124-spider\/\" \/>\n<meta property=\"og:site_name\" content=\"Piston Addict\" \/>\n<meta property=\"article:modified_time\" content=\"2024-03-20T08:41:27+00:00\" \/>\n<meta property=\"og:image\" content=\"https:\/\/pistonaddict.com\/wp-content\/uploads\/2023\/12\/image00020-scaled.jpeg\" \/>\n\t<meta property=\"og:image:width\" content=\"2560\" \/>\n\t<meta property=\"og:image:height\" content=\"1920\" \/>\n\t<meta property=\"og:image:type\" content=\"image\/jpeg\" \/>\n<meta name=\"twitter:card\" content=\"summary_large_image\" \/>\n<meta name=\"twitter:label1\" content=\"Tempo di lettura stimato\" \/>\n\t<meta name=\"twitter:data1\" content=\"2 minuti\" \/>\n<script type=\"application\/ld+json\" class=\"yoast-schema-graph\">{\"@context\":\"https:\/\/schema.org\",\"@graph\":[{\"@type\":\"WebPage\",\"@id\":\"https:\/\/pistonaddict.com\/it\/product\/abarth-124-spider\/\",\"url\":\"https:\/\/pistonaddict.com\/it\/product\/abarth-124-spider\/\",\"name\":\"asta - %\",\"isPartOf\":{\"@id\":\"https:\/\/pistonaddict.com\/it\/#website\"},\"primaryImageOfPage\":{\"@id\":\"https:\/\/pistonaddict.com\/it\/product\/abarth-124-spider\/#primaryimage\"},\"image\":{\"@id\":\"https:\/\/pistonaddict.com\/it\/product\/abarth-124-spider\/#primaryimage\"},\"thumbnailUrl\":\"https:\/\/pistonaddict.com\/wp-content\/uploads\/2023\/12\/image00020-scaled.jpeg\",\"datePublished\":\"2023-12-11T14:55:41+00:00\",\"dateModified\":\"2024-03-20T08:41:27+00:00\",\"breadcrumb\":{\"@id\":\"https:\/\/pistonaddict.com\/it\/product\/abarth-124-spider\/#breadcrumb\"},\"inLanguage\":\"it-IT\",\"potentialAction\":[{\"@type\":\"ReadAction\",\"target\":[\"https:\/\/pistonaddict.com\/it\/product\/abarth-124-spider\/\"]}]},{\"@type\":\"ImageObject\",\"inLanguage\":\"it-IT\",\"@id\":\"https:\/\/pistonaddict.com\/it\/product\/abarth-124-spider\/#primaryimage\",\"url\":\"https:\/\/pistonaddict.com\/wp-content\/uploads\/2023\/12\/image00020-scaled.jpeg\",\"contentUrl\":\"https:\/\/pistonaddict.com\/wp-content\/uploads\/2023\/12\/image00020-scaled.jpeg\",\"width\":2560,\"height\":1920},{\"@type\":\"BreadcrumbList\",\"@id\":\"https:\/\/pistonaddict.com\/it\/product\/abarth-124-spider\/#breadcrumb\",\"itemListElement\":[{\"@type\":\"ListItem\",\"position\":1,\"name\":\"accoglienza\",\"item\":\"https:\/\/pistonaddict.com\/it\/homepage\/\"},{\"@type\":\"ListItem\",\"position\":2,\"name\":\"Auctions\",\"item\":\"https:\/\/pistonaddict.com\/auctions-listing\/\"},{\"@type\":\"ListItem\",\"position\":3,\"name\":\"Abarth 124 Spider\"}]},{\"@type\":\"WebSite\",\"@id\":\"https:\/\/pistonaddict.com\/it\/#website\",\"url\":\"https:\/\/pistonaddict.com\/it\/\",\"name\":\"Piston Addict\",\"description\":\"Only interesting vehicles\",\"publisher\":{\"@id\":\"https:\/\/pistonaddict.com\/it\/#organization\"},\"potentialAction\":[{\"@type\":\"SearchAction\",\"target\":{\"@type\":\"EntryPoint\",\"urlTemplate\":\"https:\/\/pistonaddict.com\/it\/?s={search_term_string}\"},\"query-input\":\"required name=search_term_string\"}],\"inLanguage\":\"it-IT\"},{\"@type\":\"Organization\",\"@id\":\"https:\/\/pistonaddict.com\/it\/#organization\",\"name\":\"Piston Addict\",\"url\":\"https:\/\/pistonaddict.com\/it\/\",\"logo\":{\"@type\":\"ImageObject\",\"inLanguage\":\"it-IT\",\"@id\":\"https:\/\/pistonaddict.com\/it\/#\/schema\/logo\/image\/\",\"url\":\"https:\/\/pistonaddict.com\/wp-content\/uploads\/2022\/07\/logo-6.png\",\"contentUrl\":\"https:\/\/pistonaddict.com\/wp-content\/uploads\/2022\/07\/logo-6.png\",\"width\":970,\"height\":200,\"caption\":\"Piston Addict\"},\"image\":{\"@id\":\"https:\/\/pistonaddict.com\/it\/#\/schema\/logo\/image\/\"}}]}<\/script>\n<!-- \/ Yoast SEO plugin. -->","yoast_head_json":{"title":"asta - %","robots":{"index":"index","follow":"follow","max-snippet":"max-snippet:-1","max-image-preview":"max-image-preview:large","max-video-preview":"max-video-preview:-1"},"canonical":"https:\/\/pistonaddict.com\/it\/product\/abarth-124-spider\/","og_locale":"it_IT","og_type":"article","og_title":"asta - %","og_description":"Se volete un'auto che sia bella, divertente da guidare e facile da gestire, dovreste prendere in considerazione l'acquisto di una roadster. Ci sono diversi modelli relativamente nuovi tra cui scegliere, e uno di questi \u00e8 la 124 Spider, che condivide la sua base meccanica con la roadster probabilmente pi\u00f9 famosa di oggi: la Mazda MX5. Come tale, rappresenta una miscela unica di stile italiano e tecnologia di precisione giapponese. E quando il tuner interno di Fiat aggiunge un po' di pepe a tutto questo, si ottiene una fiammante Abarth 124 Spider, una delle quali \u00e8 all'asta proprio qui sul nostro sito. Questo modello immacolato del 2019 ha percorso poco pi\u00f9 di 23.000 chilometri ed \u00e8 attualmente alla ricerca di un nuovo proprietario. E, oltre all'aspetto elegante e alle prestazioni piacevoli, nasconde anche un altro asso nella manica.","og_url":"https:\/\/pistonaddict.com\/it\/product\/abarth-124-spider\/","og_site_name":"Piston Addict","article_modified_time":"2024-03-20T08:41:27+00:00","og_image":[{"width":2560,"height":1920,"url":"https:\/\/pistonaddict.com\/wp-content\/uploads\/2023\/12\/image00020-scaled.jpeg","type":"image\/jpeg"}],"twitter_card":"summary_large_image","twitter_misc":{"Tempo di lettura stimato":"2 minuti"},"schema":{"@context":"https:\/\/schema.org","@graph":[{"@type":"WebPage","@id":"https:\/\/pistonaddict.com\/it\/product\/abarth-124-spider\/","url":"https:\/\/pistonaddict.com\/it\/product\/abarth-124-spider\/","name":"asta - %","isPartOf":{"@id":"https:\/\/pistonaddict.com\/it\/#website"},"primaryImageOfPage":{"@id":"https:\/\/pistonaddict.com\/it\/product\/abarth-124-spider\/#primaryimage"},"image":{"@id":"https:\/\/pistonaddict.com\/it\/product\/abarth-124-spider\/#primaryimage"},"thumbnailUrl":"https:\/\/pistonaddict.com\/wp-content\/uploads\/2023\/12\/image00020-scaled.jpeg","datePublished":"2023-12-11T14:55:41+00:00","dateModified":"2024-03-20T08:41:27+00:00","breadcrumb":{"@id":"https:\/\/pistonaddict.com\/it\/product\/abarth-124-spider\/#breadcrumb"},"inLanguage":"it-IT","potentialAction":[{"@type":"ReadAction","target":["https:\/\/pistonaddict.com\/it\/product\/abarth-124-spider\/"]}]},{"@type":"ImageObject","inLanguage":"it-IT","@id":"https:\/\/pistonaddict.com\/it\/product\/abarth-124-spider\/#primaryimage","url":"https:\/\/pistonaddict.com\/wp-content\/uploads\/2023\/12\/image00020-scaled.jpeg","contentUrl":"https:\/\/pistonaddict.com\/wp-content\/uploads\/2023\/12\/image00020-scaled.jpeg","width":2560,"height":1920},{"@type":"BreadcrumbList","@id":"https:\/\/pistonaddict.com\/it\/product\/abarth-124-spider\/#breadcrumb","itemListElement":[{"@type":"ListItem","position":1,"name":"accoglienza","item":"https:\/\/pistonaddict.com\/it\/homepage\/"},{"@type":"ListItem","position":2,"name":"Auctions","item":"https:\/\/pistonaddict.com\/auctions-listing\/"},{"@type":"ListItem","position":3,"name":"Abarth 124 Spider"}]},{"@type":"WebSite","@id":"https:\/\/pistonaddict.com\/it\/#website","url":"https:\/\/pistonaddict.com\/it\/","name":"Piston Addict","description":"Only interesting vehicles","publisher":{"@id":"https:\/\/pistonaddict.com\/it\/#organization"},"potentialAction":[{"@type":"SearchAction","target":{"@type":"EntryPoint","urlTemplate":"https:\/\/pistonaddict.com\/it\/?s={search_term_string}"},"query-input":"required name=search_term_string"}],"inLanguage":"it-IT"},{"@type":"Organization","@id":"https:\/\/pistonaddict.com\/it\/#organization","name":"Piston Addict","url":"https:\/\/pistonaddict.com\/it\/","logo":{"@type":"ImageObject","inLanguage":"it-IT","@id":"https:\/\/pistonaddict.com\/it\/#\/schema\/logo\/image\/","url":"https:\/\/pistonaddict.com\/wp-content\/uploads\/2022\/07\/logo-6.png","contentUrl":"https:\/\/pistonaddict.com\/wp-content\/uploads\/2022\/07\/logo-6.png","width":970,"height":200,"caption":"Piston Addict"},"image":{"@id":"https:\/\/pistonaddict.com\/it\/#\/schema\/logo\/image\/"}}]}},"_links":{"self":[{"href":"https:\/\/pistonaddict.com\/it\/wp-json\/wp\/v2\/product\/77366"}],"collection":[{"href":"https:\/\/pistonaddict.com\/it\/wp-json\/wp\/v2\/product"}],"about":[{"href":"https:\/\/pistonaddict.com\/it\/wp-json\/wp\/v2\/types\/product"}],"replies":[{"embeddable":true,"href":"https:\/\/pistonaddict.com\/it\/wp-json\/wp\/v2\/comments?post=77366"}],"wp:featuredmedia":[{"embeddable":true,"href":"https:\/\/pistonaddict.com\/it\/wp-json\/wp\/v2\/media\/77144"}],"wp:attachment":[{"href":"https:\/\/pistonaddict.com\/it\/wp-json\/wp\/v2\/media?parent=77366"}],"wp:term":[{"taxonomy":"product_cat","embeddable":true,"href":"https:\/\/pistonaddict.com\/it\/wp-json\/wp\/v2\/product_cat?post=77366"},{"taxonomy":"product_tag","embeddable":true,"href":"https:\/\/pistonaddict.com\/it\/wp-json\/wp\/v2\/product_tag?post=77366"}],"curies":[{"name":"wp","href":"https:\/\/api.w.org\/{rel}","templated":true}]}}