{"id":76298,"date":"2023-12-01T10:53:23","date_gmt":"2023-12-01T09:53:23","guid":{"rendered":"https:\/\/pistonaddict.com\/product\/ferrari-488-gtb\/"},"modified":"2023-12-20T11:45:35","modified_gmt":"2023-12-20T10:45:35","slug":"ferrari-488-gtb","status":"publish","type":"product","link":"https:\/\/pistonaddict.com\/it\/product\/ferrari-488-gtb\/","title":{"rendered":"Ferrari 488 GTB"},"content":{"rendered":"<p><strong>Storia dell&#8217;auto<\/strong><\/p>\n<p>In sostituzione della 458 Italia nel 2015, la Ferrari ha presentato la 488 GTB, la prima Ferrari con motore centrale V8 turbocompresso dopo la leggendaria F40. Anche se la 488 GTB aveva una cilindrata inferiore, avendo solo un V8 da 3,9 litri, aveva 100 CV in pi\u00f9 rispetto alla 458 Italia, con ben 670 CV. Ma ci\u00f2 che \u00e8 ancora pi\u00f9 entusiasmante \u00e8 il dato sulla coppia, che \u00e8 impressionante con 760 Nm e garantisce un&#8217;accelerazione fulminea, una risposta istantanea dell&#8217;acceleratore e una dinamica di guida incredibile. I 100 km\/h sono raggiungibili in soli 3 secondi e la velocit\u00e0 massima di 330 km\/h sembra incredibile. Con un basso chilometraggio, opzioni interessanti e freni in carbonio, la 488 GTB che vi offriamo \u00e8 un modello con specifiche da vero pilota, pronto a stupirvi con la pura potenza, la raffinatezza e la dinamica di guida di un jet da combattimento.<\/p>\n<p><strong>Interno<\/strong><\/p>\n<p>Poich\u00e9 questa Ferrari \u00e8 stata tenuta meticolosamente, gli interni in pelle nera e Alcantara sono in ottimo stato e non presentano tracce d&#8217;uso. Il proprietario originale di quest&#8217;auto ha optato per opzioni performanti come i sedili con schienale in carbonio e una combinazione di pelle e Alcantara, un display digitale sul volante e inserti interni in carbonio. Tutti questi elementi sono in perfetto stato, senza graffi, e contribuiscono ad aumentare le prestazioni di questa vettura. Non ci sono modifiche e tutto funziona come previsto.<\/p>\n<p><strong>Condizione<\/strong><\/p>\n<p>Inizialmente, questa Ferrari 488 GTB \u00e8 stata consegnata nell&#8217;aprile 2016 al suo primo proprietario in Francia e acquistata dal venditore nel 2022. Questa supercar \u00e8 in condizioni immacolate, con appena 20.500 chilometri sul contachilometri. L&#8217;auto non ha mai corso, non \u00e8 stata sottoposta a prove e non \u00e8 mai stata coinvolta in incidenti. Sempre mantenuta con cura, con i freni revisionati a fine novembre 2023 e l&#8217;ultimo servizio completo eseguito a maggio dello stesso anno. I futuri proprietari saranno lieti di sapere che questo esemplare \u00e8 coperto da un&#8217;estensione della garanzia Ferrari (Ferrari Power), che \u00e8 trasferibile. La manutenzione \u00e8 sempre stata eseguita da un rivenditore autorizzato ed \u00e8 documentata. Tuttavia, uno dei punti di forza di questa vettura \u00e8 la lunga lista di optional. <strong>Questa 488 GTB \u00e8 dotata di sistema ATF, freni in ceramica con pinze dei freni verniciate, pannelli delle porte e sedili in fibra di carbonio, PDC anteriore e posteriore, sollevatore delle sospensioni e inserti in carbonio<\/strong>. Tutto ci\u00f2 la rende un&#8217;auto unica con specifiche ideali per il conducente.<\/p>\n<p><strong>Esterni e ruote<\/strong><\/p>\n<p>Rifinita in una straordinaria tonalit\u00e0 di Grigio Silverstone, questa 488 GTB ha interni neri in tinta, il che la rende un vero e proprio sito. Anche se non \u00e8 rosso, \u00e8 ancora pi\u00f9 bello e discreto in grigio scuro. Naturalmente la carrozzeria \u00e8 priva di graffi e ammaccature. Con cerchi da 20 pollici di serie e pneumatici Pirelli nuovi e corretti, questa fantastica 488 GTB \u00e8 pronta a trasformare i suoi 670 CV in un&#8217;esperienza di guida unica.<\/p>\n<p><strong> <\/strong><strong>Documentazione<\/strong><\/p>\n<p>Il professionista vende questo veicolo con la documentazione appropriata, con sede in Francia. Il <a href=\"https:\/\/pistonaddict.com\/wp-content\/uploads\/2023\/12\/Ferrari488GTB.pdf\" target=\"_blank\" rel=\"noopener\">rapporto CarVertical<\/a> \u00e8 pulito; non esistono prove di incidenti, riparazioni di incidenti, propriet\u00e0 o problemi legali. Sono presenti i registri della manutenzione regolare, gli atti di vendita e le ricevute. La <strong>garanzia di fabbrica estesa a questo modello per 12 mesi<\/strong> e il certificato di conformit\u00e0 (del valore di 2000 euro) sono un&#8217;ulteriore prova che si tratta di un veicolo da collezione di prim&#8217;ordine.<\/p>\n<p><strong><br \/>\nGuardate il video della partenza a freddo di questa bellissima Ferrari 488 GTB:<\/strong><\/p>\n<p><iframe title=\"Cold Start Video of the Ferrari 488 GTB for auction sale\" width=\"1200\" height=\"675\" src=\"https:\/\/www.youtube.com\/embed\/_SyEnhUZHXQ?feature=oembed\" frameborder=\"0\" allow=\"accelerometer; autoplay; clipboard-write; encrypted-media; gyroscope; picture-in-picture; web-share\" allowfullscreen><\/iframe><\/p>\n","protected":false},"excerpt":{"rendered":"<p>Se la Ferrari 458 Italia era la perfezione ad aspirazione naturale, il successore, la 488 Italia, era un capolavoro turbo. La 458 Italia ha stabilito standard estremamente elevati per la classe delle auto sportive a motore centrale, ma la Ferrari \u00e8 riuscita a superare le aspettative con la 488 GTB. Incredibilmente potente, aggressiva e veloce, la 488 GTB \u00e8 un&#8217;auto sportiva da veri intenditori, che si trova a suo agio sia sull&#8217;Autobahn che in pista. L&#8217;esempio che abbiamo in vendita \u00e8 uno dei migliori disponibili.<\/p>\n","protected":false},"featured_media":75677,"comment_status":"open","ping_status":"closed","template":"","meta":{"inline_featured_image":false},"product_cat":[742],"product_tag":[2681,2244,939,2680],"acf":[],"yoast_head":"<!-- This site is optimized with the Yoast SEO plugin v22.5 - https:\/\/yoast.com\/wordpress\/plugins\/seo\/ -->\n<title>asta - %<\/title>\n<meta name=\"robots\" content=\"index, follow, max-snippet:-1, max-image-preview:large, max-video-preview:-1\" \/>\n<link rel=\"canonical\" href=\"https:\/\/pistonaddict.com\/it\/product\/ferrari-488-gtb\/\" \/>\n<meta property=\"og:locale\" content=\"it_IT\" \/>\n<meta property=\"og:type\" content=\"article\" \/>\n<meta property=\"og:title\" content=\"asta - %\" \/>\n<meta property=\"og:description\" content=\"Se la Ferrari 458 Italia era la perfezione ad aspirazione naturale, il successore, la 488 Italia, era un capolavoro turbo. La 458 Italia ha stabilito standard estremamente elevati per la classe delle auto sportive a motore centrale, ma la Ferrari \u00e8 riuscita a superare le aspettative con la 488 GTB. Incredibilmente potente, aggressiva e veloce, la 488 GTB \u00e8 un&#039;auto sportiva da veri intenditori, che si trova a suo agio sia sull&#039;Autobahn che in pista. L&#039;esempio che abbiamo in vendita \u00e8 uno dei migliori disponibili.\" \/>\n<meta property=\"og:url\" content=\"https:\/\/pistonaddict.com\/it\/product\/ferrari-488-gtb\/\" \/>\n<meta property=\"og:site_name\" content=\"Piston Addict\" \/>\n<meta property=\"article:modified_time\" content=\"2023-12-20T10:45:35+00:00\" \/>\n<meta property=\"og:image\" content=\"https:\/\/pistonaddict.com\/wp-content\/uploads\/2023\/12\/IMG_0075-1024x765.png\" \/>\n\t<meta property=\"og:image:width\" content=\"1024\" \/>\n\t<meta property=\"og:image:height\" content=\"765\" \/>\n\t<meta property=\"og:image:type\" content=\"image\/png\" \/>\n<meta name=\"twitter:card\" content=\"summary_large_image\" \/>\n<meta name=\"twitter:label1\" content=\"Tempo di lettura stimato\" \/>\n\t<meta name=\"twitter:data1\" content=\"3 minuti\" \/>\n<script type=\"application\/ld+json\" class=\"yoast-schema-graph\">{\"@context\":\"https:\/\/schema.org\",\"@graph\":[{\"@type\":\"WebPage\",\"@id\":\"https:\/\/pistonaddict.com\/it\/product\/ferrari-488-gtb\/\",\"url\":\"https:\/\/pistonaddict.com\/it\/product\/ferrari-488-gtb\/\",\"name\":\"asta - %\",\"isPartOf\":{\"@id\":\"https:\/\/pistonaddict.com\/it\/#website\"},\"primaryImageOfPage\":{\"@id\":\"https:\/\/pistonaddict.com\/it\/product\/ferrari-488-gtb\/#primaryimage\"},\"image\":{\"@id\":\"https:\/\/pistonaddict.com\/it\/product\/ferrari-488-gtb\/#primaryimage\"},\"thumbnailUrl\":\"https:\/\/pistonaddict.com\/wp-content\/uploads\/2023\/12\/IMG_0075.png\",\"datePublished\":\"2023-12-01T09:53:23+00:00\",\"dateModified\":\"2023-12-20T10:45:35+00:00\",\"breadcrumb\":{\"@id\":\"https:\/\/pistonaddict.com\/it\/product\/ferrari-488-gtb\/#breadcrumb\"},\"inLanguage\":\"it-IT\",\"potentialAction\":[{\"@type\":\"ReadAction\",\"target\":[\"https:\/\/pistonaddict.com\/it\/product\/ferrari-488-gtb\/\"]}]},{\"@type\":\"ImageObject\",\"inLanguage\":\"it-IT\",\"@id\":\"https:\/\/pistonaddict.com\/it\/product\/ferrari-488-gtb\/#primaryimage\",\"url\":\"https:\/\/pistonaddict.com\/wp-content\/uploads\/2023\/12\/IMG_0075.png\",\"contentUrl\":\"https:\/\/pistonaddict.com\/wp-content\/uploads\/2023\/12\/IMG_0075.png\",\"width\":2160,\"height\":1614},{\"@type\":\"BreadcrumbList\",\"@id\":\"https:\/\/pistonaddict.com\/it\/product\/ferrari-488-gtb\/#breadcrumb\",\"itemListElement\":[{\"@type\":\"ListItem\",\"position\":1,\"name\":\"accoglienza\",\"item\":\"https:\/\/pistonaddict.com\/it\/homepage\/\"},{\"@type\":\"ListItem\",\"position\":2,\"name\":\"Auctions\",\"item\":\"https:\/\/pistonaddict.com\/auctions-listing\/\"},{\"@type\":\"ListItem\",\"position\":3,\"name\":\"Ferrari 488 GTB\"}]},{\"@type\":\"WebSite\",\"@id\":\"https:\/\/pistonaddict.com\/it\/#website\",\"url\":\"https:\/\/pistonaddict.com\/it\/\",\"name\":\"Piston Addict\",\"description\":\"Only interesting vehicles\",\"publisher\":{\"@id\":\"https:\/\/pistonaddict.com\/it\/#organization\"},\"potentialAction\":[{\"@type\":\"SearchAction\",\"target\":{\"@type\":\"EntryPoint\",\"urlTemplate\":\"https:\/\/pistonaddict.com\/it\/?s={search_term_string}\"},\"query-input\":\"required name=search_term_string\"}],\"inLanguage\":\"it-IT\"},{\"@type\":\"Organization\",\"@id\":\"https:\/\/pistonaddict.com\/it\/#organization\",\"name\":\"Piston Addict\",\"url\":\"https:\/\/pistonaddict.com\/it\/\",\"logo\":{\"@type\":\"ImageObject\",\"inLanguage\":\"it-IT\",\"@id\":\"https:\/\/pistonaddict.com\/it\/#\/schema\/logo\/image\/\",\"url\":\"https:\/\/pistonaddict.com\/wp-content\/uploads\/2022\/07\/logo-6.png\",\"contentUrl\":\"https:\/\/pistonaddict.com\/wp-content\/uploads\/2022\/07\/logo-6.png\",\"width\":970,\"height\":200,\"caption\":\"Piston Addict\"},\"image\":{\"@id\":\"https:\/\/pistonaddict.com\/it\/#\/schema\/logo\/image\/\"}}]}<\/script>\n<!-- \/ Yoast SEO plugin. -->","yoast_head_json":{"title":"asta - %","robots":{"index":"index","follow":"follow","max-snippet":"max-snippet:-1","max-image-preview":"max-image-preview:large","max-video-preview":"max-video-preview:-1"},"canonical":"https:\/\/pistonaddict.com\/it\/product\/ferrari-488-gtb\/","og_locale":"it_IT","og_type":"article","og_title":"asta - %","og_description":"Se la Ferrari 458 Italia era la perfezione ad aspirazione naturale, il successore, la 488 Italia, era un capolavoro turbo. La 458 Italia ha stabilito standard estremamente elevati per la classe delle auto sportive a motore centrale, ma la Ferrari \u00e8 riuscita a superare le aspettative con la 488 GTB. Incredibilmente potente, aggressiva e veloce, la 488 GTB \u00e8 un'auto sportiva da veri intenditori, che si trova a suo agio sia sull'Autobahn che in pista. L'esempio che abbiamo in vendita \u00e8 uno dei migliori disponibili.","og_url":"https:\/\/pistonaddict.com\/it\/product\/ferrari-488-gtb\/","og_site_name":"Piston Addict","article_modified_time":"2023-12-20T10:45:35+00:00","og_image":[{"width":1024,"height":765,"url":"https:\/\/pistonaddict.com\/wp-content\/uploads\/2023\/12\/IMG_0075-1024x765.png","type":"image\/png"}],"twitter_card":"summary_large_image","twitter_misc":{"Tempo di lettura stimato":"3 minuti"},"schema":{"@context":"https:\/\/schema.org","@graph":[{"@type":"WebPage","@id":"https:\/\/pistonaddict.com\/it\/product\/ferrari-488-gtb\/","url":"https:\/\/pistonaddict.com\/it\/product\/ferrari-488-gtb\/","name":"asta - %","isPartOf":{"@id":"https:\/\/pistonaddict.com\/it\/#website"},"primaryImageOfPage":{"@id":"https:\/\/pistonaddict.com\/it\/product\/ferrari-488-gtb\/#primaryimage"},"image":{"@id":"https:\/\/pistonaddict.com\/it\/product\/ferrari-488-gtb\/#primaryimage"},"thumbnailUrl":"https:\/\/pistonaddict.com\/wp-content\/uploads\/2023\/12\/IMG_0075.png","datePublished":"2023-12-01T09:53:23+00:00","dateModified":"2023-12-20T10:45:35+00:00","breadcrumb":{"@id":"https:\/\/pistonaddict.com\/it\/product\/ferrari-488-gtb\/#breadcrumb"},"inLanguage":"it-IT","potentialAction":[{"@type":"ReadAction","target":["https:\/\/pistonaddict.com\/it\/product\/ferrari-488-gtb\/"]}]},{"@type":"ImageObject","inLanguage":"it-IT","@id":"https:\/\/pistonaddict.com\/it\/product\/ferrari-488-gtb\/#primaryimage","url":"https:\/\/pistonaddict.com\/wp-content\/uploads\/2023\/12\/IMG_0075.png","contentUrl":"https:\/\/pistonaddict.com\/wp-content\/uploads\/2023\/12\/IMG_0075.png","width":2160,"height":1614},{"@type":"BreadcrumbList","@id":"https:\/\/pistonaddict.com\/it\/product\/ferrari-488-gtb\/#breadcrumb","itemListElement":[{"@type":"ListItem","position":1,"name":"accoglienza","item":"https:\/\/pistonaddict.com\/it\/homepage\/"},{"@type":"ListItem","position":2,"name":"Auctions","item":"https:\/\/pistonaddict.com\/auctions-listing\/"},{"@type":"ListItem","position":3,"name":"Ferrari 488 GTB"}]},{"@type":"WebSite","@id":"https:\/\/pistonaddict.com\/it\/#website","url":"https:\/\/pistonaddict.com\/it\/","name":"Piston Addict","description":"Only interesting vehicles","publisher":{"@id":"https:\/\/pistonaddict.com\/it\/#organization"},"potentialAction":[{"@type":"SearchAction","target":{"@type":"EntryPoint","urlTemplate":"https:\/\/pistonaddict.com\/it\/?s={search_term_string}"},"query-input":"required name=search_term_string"}],"inLanguage":"it-IT"},{"@type":"Organization","@id":"https:\/\/pistonaddict.com\/it\/#organization","name":"Piston Addict","url":"https:\/\/pistonaddict.com\/it\/","logo":{"@type":"ImageObject","inLanguage":"it-IT","@id":"https:\/\/pistonaddict.com\/it\/#\/schema\/logo\/image\/","url":"https:\/\/pistonaddict.com\/wp-content\/uploads\/2022\/07\/logo-6.png","contentUrl":"https:\/\/pistonaddict.com\/wp-content\/uploads\/2022\/07\/logo-6.png","width":970,"height":200,"caption":"Piston Addict"},"image":{"@id":"https:\/\/pistonaddict.com\/it\/#\/schema\/logo\/image\/"}}]}},"_links":{"self":[{"href":"https:\/\/pistonaddict.com\/it\/wp-json\/wp\/v2\/product\/76298"}],"collection":[{"href":"https:\/\/pistonaddict.com\/it\/wp-json\/wp\/v2\/product"}],"about":[{"href":"https:\/\/pistonaddict.com\/it\/wp-json\/wp\/v2\/types\/product"}],"replies":[{"embeddable":true,"href":"https:\/\/pistonaddict.com\/it\/wp-json\/wp\/v2\/comments?post=76298"}],"wp:featuredmedia":[{"embeddable":true,"href":"https:\/\/pistonaddict.com\/it\/wp-json\/wp\/v2\/media\/75677"}],"wp:attachment":[{"href":"https:\/\/pistonaddict.com\/it\/wp-json\/wp\/v2\/media?parent=76298"}],"wp:term":[{"taxonomy":"product_cat","embeddable":true,"href":"https:\/\/pistonaddict.com\/it\/wp-json\/wp\/v2\/product_cat?post=76298"},{"taxonomy":"product_tag","embeddable":true,"href":"https:\/\/pistonaddict.com\/it\/wp-json\/wp\/v2\/product_tag?post=76298"}],"curies":[{"name":"wp","href":"https:\/\/api.w.org\/{rel}","templated":true}]}}