{"id":75662,"date":"2023-12-01T10:02:11","date_gmt":"2023-12-01T09:02:11","guid":{"rendered":"https:\/\/pistonaddict.com\/product\/ferrari-458-italia\/"},"modified":"2023-12-20T09:59:17","modified_gmt":"2023-12-20T08:59:17","slug":"ferrari-458-italia","status":"publish","type":"product","link":"https:\/\/pistonaddict.com\/it\/product\/ferrari-458-italia\/","title":{"rendered":"Ferrari 458 Italia"},"content":{"rendered":"<p><strong>Storia dell&#8217;auto<\/strong><\/p>\n<p>La 458 Italia \u00e8 stata presentata nel 2009 e ha segnato una nuova era per questo marchio leggendario, introducendo un nuovo linguaggio di design, un motore V8 da 4,5 litri, un differenziale elettronico e un cambio automatico a doppia frizione a 7 rapporti come unica opzione di motore. Con 570 CV inviati alle ruote posteriori e una linea rossa di 9.000 giri, la 458 Italia offre una dinamica di guida quasi da Formula Uno con la stessa colonna sonora ed emozione. Fin dall&#8217;inizio, i tester delle riviste hanno dichiarato che la 458 \u00e8 una delle migliori Ferrari da strada in circolazione, un&#8217;affermazione altisonante ma non priva di ragioni. Si tratta di uno stallone italiano velocissimo, con uno scatto da 0 a 100 km\/h ben al di sotto dei 4 secondi e una velocit\u00e0 massima di oltre 320 km\/h. Questa particolare Ferrari 458 \u00e8 stata prodotta nel 2011 e l&#8217;attuale venditore l&#8217;ha acquistata nel 2022. Con una serie di opzioni molto interessanti, un classico schema di verniciatura rosso-nero, un basso chilometraggio e una manutenzione recente, \u00e8 pronta per essere goduta appieno dal nuovo proprietario. Il proprietario originale di quest&#8217;auto si \u00e8 concentrato su opzioni di convenienza come l&#8217;Adaptive Front Lightning System, i sedili riscaldati, il PDC per facilitare le manovre e i parcheggi, il piantone dello sterzo regolabile elettricamente e molto altro ancora. Tutto ci\u00f2 fa di questa 458 Italia un esemplare molto ben accessoriato e facile da usare.<\/p>\n<p><strong>Interno<\/strong><\/p>\n<p>Poich\u00e9 questa Ferrari \u00e8 stata tenuta meticolosamente, gli interni in pelle nera sono in ottimo stato con minime tracce d&#8217;uso. I sedili con cuciture rosse sono in condizioni ideali e il proprietario originale li ha opzionati per un look elegante che non passer\u00e0 mai di moda. Non ci sono modifiche e gli interni sembrano nuovi.<\/p>\n<p><strong>Condizione<\/strong><\/p>\n<p>Con soli 25.500 chilometri, questa Ferrari 458 Italia \u00e8 immacolata e curata con attenzione da tutti i suoi utenti. Tutte le procedure di manutenzione sono state eseguite per tempo, con l&#8217;ultimo cambio dell&#8217;olio e l&#8217;assistenza eseguiti a maggio del 2023 e i freni revisionati solo pochi giorni fa, a fine novembre 2023. Tuttavia, l&#8217;aspetto ancora pi\u00f9 importante di questo esempio specifico \u00e8 che tutti i richiami di fabbrica per il modello 458 Italia sono stati effettuati da concessionari ufficiali con documenti che lo dimostrano. L&#8217;auto \u00e8 stata originariamente consegnata nei Paesi Bassi e il concessionario autorizzato Ferrari ha eseguito il servizio di richiamo. Nel 2019 \u00e8 stato sostituito l&#8217;airbag lato passeggero e nel 2022 \u00e8 stato sostituito il tappo del serbatoio del liquido dei freni. Tutti questi interventi di richiamo sono stati approvati dalla fabbrica e documentati. Questo dimostra che tutti i proprietari sono appassionati. <strong>Questa vettura in particolare ha un&#8217;estensione della garanzia Ferrari New Power per i prossimi 12 mesi<\/strong>.<\/p>\n<p><strong> <\/strong><strong>Esterni e ruote<\/strong><\/p>\n<p>Il Rosso Corsa \u00e8 il colore Ferrari pi\u00f9 comune, ma questa tonalit\u00e0 leggendaria si sposa perfettamente con le linee seducenti della 458 Italia. La vernice originale non presenta segni, non ci sono ammaccature o graffi e l&#8217;auto \u00e8 perfettamente presentabile. Con cerchi originali da 20 pollici e pneumatici Michelin nuovi di zecca, quest&#8217;auto \u00e8 pronta a fornire tutte le sue prestazioni. Una delle opzioni degne di nota di quest&#8217;auto sono i freni in ceramica per un&#8217;incredibile potenza di arresto.<\/p>\n<p><strong>Documentazione<\/strong><\/p>\n<p>Questo veicolo \u00e8 venduto da un professionista con la documentazione appropriata, e si trova in Francia. Il rapporto <a href=\"https:\/\/pistonaddict.com\/wp-content\/uploads\/2023\/12\/CarVertical458.pdf\" target=\"_blank\" rel=\"noopener\">CarVertical<\/a> \u00e8 pulito; non esistono prove di incidenti, riparazioni di incidenti, propriet\u00e0 o problemi legali. Sono presenti i registri della manutenzione regolare e le brochure originali della fabbrica, le distinte di vendita e le ricevute. L&#8217;estensione della garanzia di fabbrica (Ferrari Power) a questo modello per 12 mesi e il certificato di conformit\u00e0 (del valore di 2000 euro) sono un&#8217;ulteriore prova che si tratta di un veicolo da collezione di prim&#8217;ordine.<\/p>\n<p><strong>Guardate il video della partenza a freddo di questa bellissima Ferrari 458 Italia:<\/strong><\/p>\n<p><iframe title=\"Cold Start Video of the Ferrari 458 Italia for auction sale\" width=\"1200\" height=\"675\" src=\"https:\/\/www.youtube.com\/embed\/BEdW3ySb03E?feature=oembed\" frameborder=\"0\" allow=\"accelerometer; autoplay; clipboard-write; encrypted-media; gyroscope; picture-in-picture; web-share\" allowfullscreen><\/iframe><\/p>\n","protected":false},"excerpt":{"rendered":"<p>Sempre all&#8217;avanguardia nella tecnologia automobilistica e nelle prestazioni, la Ferrari ha adottato la sovralimentazione di serie in tutti i suoi modelli, insieme al powertrain ibrido. Tuttavia, per un breve momento, la Ferrari ha prodotto un&#8217;auto sportiva assolutamente moderna, alimentata da un motore ad aspirazione naturale da urlo che combinava perfettamente la tecnologia contemporanea, l&#8217;alta velocit\u00e0 e l&#8217;immensa potenza del motore con l&#8217;affascinante sensazione della vecchia scuola. S\u00ec, stiamo parlando della 458 Italia e siamo orgogliosi di offrirvi uno dei migliori esempi sul mercato.<\/p>\n","protected":false},"featured_media":75544,"comment_status":"open","ping_status":"closed","template":"","meta":{"inline_featured_image":false},"product_cat":[742],"product_tag":[2640,2638,939,2637],"acf":[],"yoast_head":"<!-- This site is optimized with the Yoast SEO plugin v22.5 - https:\/\/yoast.com\/wordpress\/plugins\/seo\/ -->\n<title>asta - %<\/title>\n<meta name=\"robots\" content=\"index, follow, max-snippet:-1, max-image-preview:large, max-video-preview:-1\" \/>\n<link rel=\"canonical\" href=\"https:\/\/pistonaddict.com\/it\/product\/ferrari-458-italia\/\" \/>\n<meta property=\"og:locale\" content=\"it_IT\" \/>\n<meta property=\"og:type\" content=\"article\" \/>\n<meta property=\"og:title\" content=\"asta - %\" \/>\n<meta property=\"og:description\" content=\"Sempre all&#039;avanguardia nella tecnologia automobilistica e nelle prestazioni, la Ferrari ha adottato la sovralimentazione di serie in tutti i suoi modelli, insieme al powertrain ibrido. Tuttavia, per un breve momento, la Ferrari ha prodotto un&#039;auto sportiva assolutamente moderna, alimentata da un motore ad aspirazione naturale da urlo che combinava perfettamente la tecnologia contemporanea, l&#039;alta velocit\u00e0 e l&#039;immensa potenza del motore con l&#039;affascinante sensazione della vecchia scuola. S\u00ec, stiamo parlando della 458 Italia e siamo orgogliosi di offrirvi uno dei migliori esempi sul mercato.\" \/>\n<meta property=\"og:url\" content=\"https:\/\/pistonaddict.com\/it\/product\/ferrari-458-italia\/\" \/>\n<meta property=\"og:site_name\" content=\"Piston Addict\" \/>\n<meta property=\"article:modified_time\" content=\"2023-12-20T08:59:17+00:00\" \/>\n<meta property=\"og:image\" content=\"https:\/\/pistonaddict.com\/wp-content\/uploads\/2023\/12\/IMG_0124.jpeg\" \/>\n\t<meta property=\"og:image:width\" content=\"1885\" \/>\n\t<meta property=\"og:image:height\" content=\"1207\" \/>\n\t<meta property=\"og:image:type\" content=\"image\/jpeg\" \/>\n<meta name=\"twitter:card\" content=\"summary_large_image\" \/>\n<meta name=\"twitter:label1\" content=\"Tempo di lettura stimato\" \/>\n\t<meta name=\"twitter:data1\" content=\"3 minuti\" \/>\n<script type=\"application\/ld+json\" class=\"yoast-schema-graph\">{\"@context\":\"https:\/\/schema.org\",\"@graph\":[{\"@type\":\"WebPage\",\"@id\":\"https:\/\/pistonaddict.com\/it\/product\/ferrari-458-italia\/\",\"url\":\"https:\/\/pistonaddict.com\/it\/product\/ferrari-458-italia\/\",\"name\":\"asta - %\",\"isPartOf\":{\"@id\":\"https:\/\/pistonaddict.com\/it\/#website\"},\"primaryImageOfPage\":{\"@id\":\"https:\/\/pistonaddict.com\/it\/product\/ferrari-458-italia\/#primaryimage\"},\"image\":{\"@id\":\"https:\/\/pistonaddict.com\/it\/product\/ferrari-458-italia\/#primaryimage\"},\"thumbnailUrl\":\"https:\/\/pistonaddict.com\/wp-content\/uploads\/2023\/12\/IMG_0124.jpeg\",\"datePublished\":\"2023-12-01T09:02:11+00:00\",\"dateModified\":\"2023-12-20T08:59:17+00:00\",\"breadcrumb\":{\"@id\":\"https:\/\/pistonaddict.com\/it\/product\/ferrari-458-italia\/#breadcrumb\"},\"inLanguage\":\"it-IT\",\"potentialAction\":[{\"@type\":\"ReadAction\",\"target\":[\"https:\/\/pistonaddict.com\/it\/product\/ferrari-458-italia\/\"]}]},{\"@type\":\"ImageObject\",\"inLanguage\":\"it-IT\",\"@id\":\"https:\/\/pistonaddict.com\/it\/product\/ferrari-458-italia\/#primaryimage\",\"url\":\"https:\/\/pistonaddict.com\/wp-content\/uploads\/2023\/12\/IMG_0124.jpeg\",\"contentUrl\":\"https:\/\/pistonaddict.com\/wp-content\/uploads\/2023\/12\/IMG_0124.jpeg\",\"width\":1885,\"height\":1207},{\"@type\":\"BreadcrumbList\",\"@id\":\"https:\/\/pistonaddict.com\/it\/product\/ferrari-458-italia\/#breadcrumb\",\"itemListElement\":[{\"@type\":\"ListItem\",\"position\":1,\"name\":\"accoglienza\",\"item\":\"https:\/\/pistonaddict.com\/it\/homepage\/\"},{\"@type\":\"ListItem\",\"position\":2,\"name\":\"Auctions\",\"item\":\"https:\/\/pistonaddict.com\/auctions-listing\/\"},{\"@type\":\"ListItem\",\"position\":3,\"name\":\"Ferrari 458 Italia\"}]},{\"@type\":\"WebSite\",\"@id\":\"https:\/\/pistonaddict.com\/it\/#website\",\"url\":\"https:\/\/pistonaddict.com\/it\/\",\"name\":\"Piston Addict\",\"description\":\"Only interesting vehicles\",\"publisher\":{\"@id\":\"https:\/\/pistonaddict.com\/it\/#organization\"},\"potentialAction\":[{\"@type\":\"SearchAction\",\"target\":{\"@type\":\"EntryPoint\",\"urlTemplate\":\"https:\/\/pistonaddict.com\/it\/?s={search_term_string}\"},\"query-input\":\"required name=search_term_string\"}],\"inLanguage\":\"it-IT\"},{\"@type\":\"Organization\",\"@id\":\"https:\/\/pistonaddict.com\/it\/#organization\",\"name\":\"Piston Addict\",\"url\":\"https:\/\/pistonaddict.com\/it\/\",\"logo\":{\"@type\":\"ImageObject\",\"inLanguage\":\"it-IT\",\"@id\":\"https:\/\/pistonaddict.com\/it\/#\/schema\/logo\/image\/\",\"url\":\"https:\/\/pistonaddict.com\/wp-content\/uploads\/2022\/07\/logo-6.png\",\"contentUrl\":\"https:\/\/pistonaddict.com\/wp-content\/uploads\/2022\/07\/logo-6.png\",\"width\":970,\"height\":200,\"caption\":\"Piston Addict\"},\"image\":{\"@id\":\"https:\/\/pistonaddict.com\/it\/#\/schema\/logo\/image\/\"}}]}<\/script>\n<!-- \/ Yoast SEO plugin. -->","yoast_head_json":{"title":"asta - %","robots":{"index":"index","follow":"follow","max-snippet":"max-snippet:-1","max-image-preview":"max-image-preview:large","max-video-preview":"max-video-preview:-1"},"canonical":"https:\/\/pistonaddict.com\/it\/product\/ferrari-458-italia\/","og_locale":"it_IT","og_type":"article","og_title":"asta - %","og_description":"Sempre all'avanguardia nella tecnologia automobilistica e nelle prestazioni, la Ferrari ha adottato la sovralimentazione di serie in tutti i suoi modelli, insieme al powertrain ibrido. Tuttavia, per un breve momento, la Ferrari ha prodotto un'auto sportiva assolutamente moderna, alimentata da un motore ad aspirazione naturale da urlo che combinava perfettamente la tecnologia contemporanea, l'alta velocit\u00e0 e l'immensa potenza del motore con l'affascinante sensazione della vecchia scuola. S\u00ec, stiamo parlando della 458 Italia e siamo orgogliosi di offrirvi uno dei migliori esempi sul mercato.","og_url":"https:\/\/pistonaddict.com\/it\/product\/ferrari-458-italia\/","og_site_name":"Piston Addict","article_modified_time":"2023-12-20T08:59:17+00:00","og_image":[{"width":1885,"height":1207,"url":"https:\/\/pistonaddict.com\/wp-content\/uploads\/2023\/12\/IMG_0124.jpeg","type":"image\/jpeg"}],"twitter_card":"summary_large_image","twitter_misc":{"Tempo di lettura stimato":"3 minuti"},"schema":{"@context":"https:\/\/schema.org","@graph":[{"@type":"WebPage","@id":"https:\/\/pistonaddict.com\/it\/product\/ferrari-458-italia\/","url":"https:\/\/pistonaddict.com\/it\/product\/ferrari-458-italia\/","name":"asta - %","isPartOf":{"@id":"https:\/\/pistonaddict.com\/it\/#website"},"primaryImageOfPage":{"@id":"https:\/\/pistonaddict.com\/it\/product\/ferrari-458-italia\/#primaryimage"},"image":{"@id":"https:\/\/pistonaddict.com\/it\/product\/ferrari-458-italia\/#primaryimage"},"thumbnailUrl":"https:\/\/pistonaddict.com\/wp-content\/uploads\/2023\/12\/IMG_0124.jpeg","datePublished":"2023-12-01T09:02:11+00:00","dateModified":"2023-12-20T08:59:17+00:00","breadcrumb":{"@id":"https:\/\/pistonaddict.com\/it\/product\/ferrari-458-italia\/#breadcrumb"},"inLanguage":"it-IT","potentialAction":[{"@type":"ReadAction","target":["https:\/\/pistonaddict.com\/it\/product\/ferrari-458-italia\/"]}]},{"@type":"ImageObject","inLanguage":"it-IT","@id":"https:\/\/pistonaddict.com\/it\/product\/ferrari-458-italia\/#primaryimage","url":"https:\/\/pistonaddict.com\/wp-content\/uploads\/2023\/12\/IMG_0124.jpeg","contentUrl":"https:\/\/pistonaddict.com\/wp-content\/uploads\/2023\/12\/IMG_0124.jpeg","width":1885,"height":1207},{"@type":"BreadcrumbList","@id":"https:\/\/pistonaddict.com\/it\/product\/ferrari-458-italia\/#breadcrumb","itemListElement":[{"@type":"ListItem","position":1,"name":"accoglienza","item":"https:\/\/pistonaddict.com\/it\/homepage\/"},{"@type":"ListItem","position":2,"name":"Auctions","item":"https:\/\/pistonaddict.com\/auctions-listing\/"},{"@type":"ListItem","position":3,"name":"Ferrari 458 Italia"}]},{"@type":"WebSite","@id":"https:\/\/pistonaddict.com\/it\/#website","url":"https:\/\/pistonaddict.com\/it\/","name":"Piston Addict","description":"Only interesting vehicles","publisher":{"@id":"https:\/\/pistonaddict.com\/it\/#organization"},"potentialAction":[{"@type":"SearchAction","target":{"@type":"EntryPoint","urlTemplate":"https:\/\/pistonaddict.com\/it\/?s={search_term_string}"},"query-input":"required name=search_term_string"}],"inLanguage":"it-IT"},{"@type":"Organization","@id":"https:\/\/pistonaddict.com\/it\/#organization","name":"Piston Addict","url":"https:\/\/pistonaddict.com\/it\/","logo":{"@type":"ImageObject","inLanguage":"it-IT","@id":"https:\/\/pistonaddict.com\/it\/#\/schema\/logo\/image\/","url":"https:\/\/pistonaddict.com\/wp-content\/uploads\/2022\/07\/logo-6.png","contentUrl":"https:\/\/pistonaddict.com\/wp-content\/uploads\/2022\/07\/logo-6.png","width":970,"height":200,"caption":"Piston Addict"},"image":{"@id":"https:\/\/pistonaddict.com\/it\/#\/schema\/logo\/image\/"}}]}},"_links":{"self":[{"href":"https:\/\/pistonaddict.com\/it\/wp-json\/wp\/v2\/product\/75662"}],"collection":[{"href":"https:\/\/pistonaddict.com\/it\/wp-json\/wp\/v2\/product"}],"about":[{"href":"https:\/\/pistonaddict.com\/it\/wp-json\/wp\/v2\/types\/product"}],"replies":[{"embeddable":true,"href":"https:\/\/pistonaddict.com\/it\/wp-json\/wp\/v2\/comments?post=75662"}],"wp:featuredmedia":[{"embeddable":true,"href":"https:\/\/pistonaddict.com\/it\/wp-json\/wp\/v2\/media\/75544"}],"wp:attachment":[{"href":"https:\/\/pistonaddict.com\/it\/wp-json\/wp\/v2\/media?parent=75662"}],"wp:term":[{"taxonomy":"product_cat","embeddable":true,"href":"https:\/\/pistonaddict.com\/it\/wp-json\/wp\/v2\/product_cat?post=75662"},{"taxonomy":"product_tag","embeddable":true,"href":"https:\/\/pistonaddict.com\/it\/wp-json\/wp\/v2\/product_tag?post=75662"}],"curies":[{"name":"wp","href":"https:\/\/api.w.org\/{rel}","templated":true}]}}