{"id":72244,"date":"2023-11-17T17:40:02","date_gmt":"2023-11-17T16:40:02","guid":{"rendered":"https:\/\/pistonaddict.com\/product\/land-rover-defender-p90e-elettrico\/"},"modified":"2024-03-19T16:59:28","modified_gmt":"2024-03-19T15:59:28","slug":"land-rover-defender-p90e-elettrico","status":"publish","type":"product","link":"https:\/\/pistonaddict.com\/it\/product\/land-rover-defender-p90e-elettrico\/","title":{"rendered":"Land Rover Defender P90E elettrico"},"content":{"rendered":"<p><strong>Storia dell&#8217;auto<\/strong><\/p>\n<p>Nel mondo dei veicoli fuoristrada, il Land Rover Defender \u00e8 un&#8217;icona indiscutibile. Un vero eroe automobilistico e un modello che ancora oggi simboleggia la robustezza, l&#8217;affidabilit\u00e0 e l&#8217;attitudine ad andare ovunque. Per questo motivo, \u00e8 ancora un&#8217;auto da sogno per milioni di appassionati di fuoristrada in tutto il mondo. Tuttavia, i modelli classici, per quanto siano belli e affascinanti, sono obsoleti nel mondo di oggi, caratterizzato dal traffico e dall&#8217;attenzione per l&#8217;ambiente. L&#8217;azienda svizzera Revive ha trovato una soluzione e ha convertito questo esemplare alla moderna alimentazione elettrica, trasformando completamente la sensazione di questo veicolo classico e migliorandone le capacit\u00e0. Questo particolare esemplare \u00e8 stato prodotto nel 1999 nella desiderabile forma a tre porte e consegnato nuovo in Svizzera. Acquistato dal venditore nel 2021, \u00e8 stato oggetto di un accurato processo di retrofitting da parte di Revive nel 2022, che ha portato alla prima conversione del Defender EV in Svizzera. Il motore diesel originale \u00e8 stato sostituito dal motore elettrico Netgain Hyper 9 da 66 kW (100 CV) accompagnato da un pacco batterie da 44 kWh. \u00c8 interessante notare che il motore elettrico \u00e8 stato collegato al cambio manuale originale e alla trasmissione 4&#215;4. Questo Defender \u00e8 caratterizzato da una combinazione unica di energia elettrica e cambio manuale, prestazioni migliorate, maggiore coppia e un&#8217;autonomia di circa 120-130 km (fino a 80 miglia).<\/p>\n<p><strong>Interno<\/strong><\/p>\n<p>A parte il display centrale, gli interni di questa Land Rover Defender unica sono d&#8217;epoca e in ottime condizioni. I sedili sono rivestiti in stoffa e il retro \u00e8 dotato di sedili a rombo dall&#8217;aspetto accattivante. Il cruscotto \u00e8 identico all&#8217;originale. Ha alcuni interruttori aggiuntivi, un sistema audio aggiornato e un indicatore del carburante che \u00e8 stato convertito per mostrare la quantit\u00e0 di elettricit\u00e0 nelle batterie, un eccellente dettaglio personalizzato. Anche se il Defender \u00e8 ora dotato di un pacco batteria, non ha perso nulla della sua praticit\u00e0 o dello spazio interno.<\/p>\n<p><strong> <\/strong><strong>Condizione<\/strong><\/p>\n<p>Questo leggendario fuoristrada ha percorso 187.654 km da nuovo fino alla sua conversione da parte di Revive. Questo particolare esemplare \u00e8 stato scelto per le sue condizioni, l&#8217;assenza di danni o di ruggine, tutti problemi comuni dei Defender classici. Da quando \u00e8 stato convertito, il Defender ha percorso quasi 10.000 chilometri ed \u00e8 pronto a percorrerne molti di pi\u00f9, dato che il suo motore \u00e8 nuovo di zecca. Attualmente, il contachilometri segna poco pi\u00f9 di 197.500 km. La vettura \u00e8 accompagnata da un fascicolo di documentazione completo, oltre che dalla documentazione e dalla garanzia della societ\u00e0 Revive. Il veicolo \u00e8 stato sottoposto a un&#8217;accurata manutenzione poco prima del processo di conversione 2022, con i freni revisionati solo pochi giorni fa, nel novembre 2023. \u00c8 essenziale dire che questo Defender ha superato il controllo tecnico svizzero, \u00e8 stato immatricolato e viene fornito con una garanzia di tre anni da parte della Revive, il che dimostra che le condizioni generali sono fantastiche e che il veicolo \u00e8 assolutamente adatto a qualsiasi uso su strada e fuoristrada.<\/p>\n<p><strong> <\/strong><strong>Esterni e ruote<\/strong><\/p>\n<p>Dall&#8217;esterno, questo Defender EV sembra un qualsiasi altro Land Rover della stessa epoca, e le uniche cose che lo distinguono sono gli adesivi e la porta di ricarica al posto del tappo del serbatoio. Con le originali ruote da 16 pollici avvolte da pneumatici Nokian da fuoristrada (risalenti al 2021), \u00e8 in grado di affrontare qualsiasi terreno. Non ci sono ammaccature, graffi o ruggine e la vernice grigia \u00e8 originale.<\/p>\n<p><strong> <\/strong><strong>Documentazione<\/strong><\/p>\n<p>Il proprietario vende questo veicolo con la relativa documentazione e si trova in Svizzera. Il rapporto <a href=\"https:\/\/pistonaddict.com\/wp-content\/uploads\/2023\/11\/CarVertical.pdf\">Car Vertical<\/a> \u00e8 pulito; non esistono prove di incidenti, riparazioni di incidenti, propriet\u00e0 o problemi legali. Sono presenti i registri della manutenzione regolare, le brochure originali della fabbrica, le distinte di vendita e le ricevute.  <strong>L&#8217;auto \u00e8 corredata da un&#8217;adeguata documentazione di Revive, da una garanzia scritta di 3 anni sul motore elettrico e sul pacco batterie e da un&#8217;ispezione tecnica da parte delle autorit\u00e0 svizzere. Insieme alla vettura vengono forniti anche un manuale d&#8217;uso completo e la documentazione assicurativa.<\/strong>. Tutto ci\u00f2 significa che questo Defender EV \u00e8 completamente omologato, pronto per l&#8217;esportazione e pu\u00f2 essere utilizzato ovunque.<\/p>\n<p><strong>Guardate il video dell&#8217;avviamento a freddo di questo interessantissimo Land Rover Defender full electric :<\/strong><\/p>\n<p><iframe title=\"Cold Start Video of the Land Rover Defender full Electric for auction sale\" width=\"1200\" height=\"900\" src=\"https:\/\/www.youtube.com\/embed\/8ZfpIXIwhOI?feature=oembed\" frameborder=\"0\" allow=\"accelerometer; autoplay; clipboard-write; encrypted-media; gyroscope; picture-in-picture; web-share\" allowfullscreen><\/iframe><\/p>\n<p><strong> <\/strong><\/p>\n","protected":false},"excerpt":{"rendered":"<p>Uno degli aspetti pi\u00f9 entusiasmanti della rivoluzione dei veicoli elettrici \u00e8 che possiamo reinventare le auto d&#8217;epoca e dar loro una nuova vita. Il retrofit di un veicolo d&#8217;epoca con una trasmissione elettrica ultramoderna \u00e8 un passo avanti rispetto al restauro e un modo unico per abbinare la forma riconoscibile alla tecnologia del XXI secolo. Oggi siamo orgogliosi di presentare una vettura di questo tipo: la Land Rover Defender EV, la prima Defender classica convertita in veicolo elettrico dall&#8217;azienda svizzera Revive.<\/p>\n","protected":false},"featured_media":71390,"comment_status":"open","ping_status":"closed","template":"","meta":{"inline_featured_image":false},"product_cat":[742],"product_tag":[2574,2511,2509,2506],"acf":[],"yoast_head":"<!-- This site is optimized with the Yoast SEO plugin v22.5 - https:\/\/yoast.com\/wordpress\/plugins\/seo\/ -->\n<title>asta - %<\/title>\n<meta name=\"robots\" content=\"index, follow, max-snippet:-1, max-image-preview:large, max-video-preview:-1\" \/>\n<link rel=\"canonical\" href=\"https:\/\/pistonaddict.com\/it\/product\/land-rover-defender-p90e-elettrico\/\" \/>\n<meta property=\"og:locale\" content=\"it_IT\" \/>\n<meta property=\"og:type\" content=\"article\" \/>\n<meta property=\"og:title\" content=\"asta - %\" \/>\n<meta property=\"og:description\" content=\"Uno degli aspetti pi\u00f9 entusiasmanti della rivoluzione dei veicoli elettrici \u00e8 che possiamo reinventare le auto d&#039;epoca e dar loro una nuova vita. Il retrofit di un veicolo d&#039;epoca con una trasmissione elettrica ultramoderna \u00e8 un passo avanti rispetto al restauro e un modo unico per abbinare la forma riconoscibile alla tecnologia del XXI secolo. Oggi siamo orgogliosi di presentare una vettura di questo tipo: la Land Rover Defender EV, la prima Defender classica convertita in veicolo elettrico dall&#039;azienda svizzera Revive.\" \/>\n<meta property=\"og:url\" content=\"https:\/\/pistonaddict.com\/it\/product\/land-rover-defender-p90e-elettrico\/\" \/>\n<meta property=\"og:site_name\" content=\"Piston Addict\" \/>\n<meta property=\"article:modified_time\" content=\"2024-03-19T15:59:28+00:00\" \/>\n<meta property=\"og:image\" content=\"https:\/\/pistonaddict.com\/wp-content\/uploads\/2023\/11\/def-05.jpg\" \/>\n\t<meta property=\"og:image:width\" content=\"2560\" \/>\n\t<meta property=\"og:image:height\" content=\"1440\" \/>\n\t<meta property=\"og:image:type\" content=\"image\/jpeg\" \/>\n<meta name=\"twitter:card\" content=\"summary_large_image\" \/>\n<meta name=\"twitter:label1\" content=\"Tempo di lettura stimato\" \/>\n\t<meta name=\"twitter:data1\" content=\"3 minuti\" \/>\n<script type=\"application\/ld+json\" class=\"yoast-schema-graph\">{\"@context\":\"https:\/\/schema.org\",\"@graph\":[{\"@type\":\"WebPage\",\"@id\":\"https:\/\/pistonaddict.com\/it\/product\/land-rover-defender-p90e-elettrico\/\",\"url\":\"https:\/\/pistonaddict.com\/it\/product\/land-rover-defender-p90e-elettrico\/\",\"name\":\"asta - %\",\"isPartOf\":{\"@id\":\"https:\/\/pistonaddict.com\/it\/#website\"},\"primaryImageOfPage\":{\"@id\":\"https:\/\/pistonaddict.com\/it\/product\/land-rover-defender-p90e-elettrico\/#primaryimage\"},\"image\":{\"@id\":\"https:\/\/pistonaddict.com\/it\/product\/land-rover-defender-p90e-elettrico\/#primaryimage\"},\"thumbnailUrl\":\"https:\/\/pistonaddict.com\/wp-content\/uploads\/2023\/11\/def-05.jpg\",\"datePublished\":\"2023-11-17T16:40:02+00:00\",\"dateModified\":\"2024-03-19T15:59:28+00:00\",\"breadcrumb\":{\"@id\":\"https:\/\/pistonaddict.com\/it\/product\/land-rover-defender-p90e-elettrico\/#breadcrumb\"},\"inLanguage\":\"it-IT\",\"potentialAction\":[{\"@type\":\"ReadAction\",\"target\":[\"https:\/\/pistonaddict.com\/it\/product\/land-rover-defender-p90e-elettrico\/\"]}]},{\"@type\":\"ImageObject\",\"inLanguage\":\"it-IT\",\"@id\":\"https:\/\/pistonaddict.com\/it\/product\/land-rover-defender-p90e-elettrico\/#primaryimage\",\"url\":\"https:\/\/pistonaddict.com\/wp-content\/uploads\/2023\/11\/def-05.jpg\",\"contentUrl\":\"https:\/\/pistonaddict.com\/wp-content\/uploads\/2023\/11\/def-05.jpg\",\"width\":2560,\"height\":1440},{\"@type\":\"BreadcrumbList\",\"@id\":\"https:\/\/pistonaddict.com\/it\/product\/land-rover-defender-p90e-elettrico\/#breadcrumb\",\"itemListElement\":[{\"@type\":\"ListItem\",\"position\":1,\"name\":\"accoglienza\",\"item\":\"https:\/\/pistonaddict.com\/it\/homepage\/\"},{\"@type\":\"ListItem\",\"position\":2,\"name\":\"Auctions\",\"item\":\"https:\/\/pistonaddict.com\/auctions-listing\/\"},{\"@type\":\"ListItem\",\"position\":3,\"name\":\"Land Rover Defender P90E elettrico\"}]},{\"@type\":\"WebSite\",\"@id\":\"https:\/\/pistonaddict.com\/it\/#website\",\"url\":\"https:\/\/pistonaddict.com\/it\/\",\"name\":\"Piston Addict\",\"description\":\"Only interesting vehicles\",\"publisher\":{\"@id\":\"https:\/\/pistonaddict.com\/it\/#organization\"},\"potentialAction\":[{\"@type\":\"SearchAction\",\"target\":{\"@type\":\"EntryPoint\",\"urlTemplate\":\"https:\/\/pistonaddict.com\/it\/?s={search_term_string}\"},\"query-input\":\"required name=search_term_string\"}],\"inLanguage\":\"it-IT\"},{\"@type\":\"Organization\",\"@id\":\"https:\/\/pistonaddict.com\/it\/#organization\",\"name\":\"Piston Addict\",\"url\":\"https:\/\/pistonaddict.com\/it\/\",\"logo\":{\"@type\":\"ImageObject\",\"inLanguage\":\"it-IT\",\"@id\":\"https:\/\/pistonaddict.com\/it\/#\/schema\/logo\/image\/\",\"url\":\"https:\/\/pistonaddict.com\/wp-content\/uploads\/2022\/07\/logo-6.png\",\"contentUrl\":\"https:\/\/pistonaddict.com\/wp-content\/uploads\/2022\/07\/logo-6.png\",\"width\":970,\"height\":200,\"caption\":\"Piston Addict\"},\"image\":{\"@id\":\"https:\/\/pistonaddict.com\/it\/#\/schema\/logo\/image\/\"}}]}<\/script>\n<!-- \/ Yoast SEO plugin. -->","yoast_head_json":{"title":"asta - %","robots":{"index":"index","follow":"follow","max-snippet":"max-snippet:-1","max-image-preview":"max-image-preview:large","max-video-preview":"max-video-preview:-1"},"canonical":"https:\/\/pistonaddict.com\/it\/product\/land-rover-defender-p90e-elettrico\/","og_locale":"it_IT","og_type":"article","og_title":"asta - %","og_description":"Uno degli aspetti pi\u00f9 entusiasmanti della rivoluzione dei veicoli elettrici \u00e8 che possiamo reinventare le auto d'epoca e dar loro una nuova vita. Il retrofit di un veicolo d'epoca con una trasmissione elettrica ultramoderna \u00e8 un passo avanti rispetto al restauro e un modo unico per abbinare la forma riconoscibile alla tecnologia del XXI secolo. Oggi siamo orgogliosi di presentare una vettura di questo tipo: la Land Rover Defender EV, la prima Defender classica convertita in veicolo elettrico dall'azienda svizzera Revive.","og_url":"https:\/\/pistonaddict.com\/it\/product\/land-rover-defender-p90e-elettrico\/","og_site_name":"Piston Addict","article_modified_time":"2024-03-19T15:59:28+00:00","og_image":[{"width":2560,"height":1440,"url":"https:\/\/pistonaddict.com\/wp-content\/uploads\/2023\/11\/def-05.jpg","type":"image\/jpeg"}],"twitter_card":"summary_large_image","twitter_misc":{"Tempo di lettura stimato":"3 minuti"},"schema":{"@context":"https:\/\/schema.org","@graph":[{"@type":"WebPage","@id":"https:\/\/pistonaddict.com\/it\/product\/land-rover-defender-p90e-elettrico\/","url":"https:\/\/pistonaddict.com\/it\/product\/land-rover-defender-p90e-elettrico\/","name":"asta - %","isPartOf":{"@id":"https:\/\/pistonaddict.com\/it\/#website"},"primaryImageOfPage":{"@id":"https:\/\/pistonaddict.com\/it\/product\/land-rover-defender-p90e-elettrico\/#primaryimage"},"image":{"@id":"https:\/\/pistonaddict.com\/it\/product\/land-rover-defender-p90e-elettrico\/#primaryimage"},"thumbnailUrl":"https:\/\/pistonaddict.com\/wp-content\/uploads\/2023\/11\/def-05.jpg","datePublished":"2023-11-17T16:40:02+00:00","dateModified":"2024-03-19T15:59:28+00:00","breadcrumb":{"@id":"https:\/\/pistonaddict.com\/it\/product\/land-rover-defender-p90e-elettrico\/#breadcrumb"},"inLanguage":"it-IT","potentialAction":[{"@type":"ReadAction","target":["https:\/\/pistonaddict.com\/it\/product\/land-rover-defender-p90e-elettrico\/"]}]},{"@type":"ImageObject","inLanguage":"it-IT","@id":"https:\/\/pistonaddict.com\/it\/product\/land-rover-defender-p90e-elettrico\/#primaryimage","url":"https:\/\/pistonaddict.com\/wp-content\/uploads\/2023\/11\/def-05.jpg","contentUrl":"https:\/\/pistonaddict.com\/wp-content\/uploads\/2023\/11\/def-05.jpg","width":2560,"height":1440},{"@type":"BreadcrumbList","@id":"https:\/\/pistonaddict.com\/it\/product\/land-rover-defender-p90e-elettrico\/#breadcrumb","itemListElement":[{"@type":"ListItem","position":1,"name":"accoglienza","item":"https:\/\/pistonaddict.com\/it\/homepage\/"},{"@type":"ListItem","position":2,"name":"Auctions","item":"https:\/\/pistonaddict.com\/auctions-listing\/"},{"@type":"ListItem","position":3,"name":"Land Rover Defender P90E elettrico"}]},{"@type":"WebSite","@id":"https:\/\/pistonaddict.com\/it\/#website","url":"https:\/\/pistonaddict.com\/it\/","name":"Piston Addict","description":"Only interesting vehicles","publisher":{"@id":"https:\/\/pistonaddict.com\/it\/#organization"},"potentialAction":[{"@type":"SearchAction","target":{"@type":"EntryPoint","urlTemplate":"https:\/\/pistonaddict.com\/it\/?s={search_term_string}"},"query-input":"required name=search_term_string"}],"inLanguage":"it-IT"},{"@type":"Organization","@id":"https:\/\/pistonaddict.com\/it\/#organization","name":"Piston Addict","url":"https:\/\/pistonaddict.com\/it\/","logo":{"@type":"ImageObject","inLanguage":"it-IT","@id":"https:\/\/pistonaddict.com\/it\/#\/schema\/logo\/image\/","url":"https:\/\/pistonaddict.com\/wp-content\/uploads\/2022\/07\/logo-6.png","contentUrl":"https:\/\/pistonaddict.com\/wp-content\/uploads\/2022\/07\/logo-6.png","width":970,"height":200,"caption":"Piston Addict"},"image":{"@id":"https:\/\/pistonaddict.com\/it\/#\/schema\/logo\/image\/"}}]}},"_links":{"self":[{"href":"https:\/\/pistonaddict.com\/it\/wp-json\/wp\/v2\/product\/72244"}],"collection":[{"href":"https:\/\/pistonaddict.com\/it\/wp-json\/wp\/v2\/product"}],"about":[{"href":"https:\/\/pistonaddict.com\/it\/wp-json\/wp\/v2\/types\/product"}],"replies":[{"embeddable":true,"href":"https:\/\/pistonaddict.com\/it\/wp-json\/wp\/v2\/comments?post=72244"}],"wp:featuredmedia":[{"embeddable":true,"href":"https:\/\/pistonaddict.com\/it\/wp-json\/wp\/v2\/media\/71390"}],"wp:attachment":[{"href":"https:\/\/pistonaddict.com\/it\/wp-json\/wp\/v2\/media?parent=72244"}],"wp:term":[{"taxonomy":"product_cat","embeddable":true,"href":"https:\/\/pistonaddict.com\/it\/wp-json\/wp\/v2\/product_cat?post=72244"},{"taxonomy":"product_tag","embeddable":true,"href":"https:\/\/pistonaddict.com\/it\/wp-json\/wp\/v2\/product_tag?post=72244"}],"curies":[{"name":"wp","href":"https:\/\/api.w.org\/{rel}","templated":true}]}}