{"id":69413,"date":"2023-11-09T17:05:55","date_gmt":"2023-11-09T16:05:55","guid":{"rendered":"https:\/\/pistonaddict.com\/product\/mini-rover-1-3-mpi-silverstone\/"},"modified":"2023-12-08T09:01:25","modified_gmt":"2023-12-08T08:01:25","slug":"mini-rover-1-3-mpi-argento","status":"publish","type":"product","link":"https:\/\/pistonaddict.com\/it\/product\/mini-rover-1-3-mpi-argento\/","title":{"rendered":"Mini Rover 1.3 Silverstone"},"content":{"rendered":"<h2>Esterno<\/h2>\n<p>All&#8217;esterno, la forma familiare di questa due porte nera \u00e8 arricchita da dettagli come la griglia cromata, le strisce da corsa sul cofano e il tetto dipinto di bianco. Inoltre, nella parte anteriore, \u00e8 presente una coppia di fendinebbia che contribuisce a migliorare la visibilit\u00e0 e l&#8217;estetica. Il tutto \u00e8 accompagnato da indicatori di direzione bianchi, un&#8217;opzione decisamente migliore rispetto ai vecchi indicatori gialli. Nella parte posteriore \u00e8 presente uno scarico centrale con terminale cromato.<\/p>\n<p>Infine, vanno menzionati i passaruota svasati, che accentuano ulteriormente l&#8217;aspetto aggressivo della vettura. Ma questa modifica non \u00e8 solo per lo spettacolo, perch\u00e9 era necessaria per avere spazio sufficiente per le ruote larghe e sportive. E a proposito di pneumatici, va detto che i cerchi da 13 pollici di quest&#8217;auto non sono quelli di serie. Ma il venditore dice che anche questi saranno forniti.<\/p>\n<h2>Interno<\/h2>\n<p>Una volta all&#8217;interno dell&#8217;auto, ci si trova dietro un volante in pelle a tre razze tipicamente Mini. Dietro c&#8217;\u00e8 il quadro strumenti con un tachimetro che termina a 180 km\/h e un contagiri che arriva a 8.000 giri\/min. Come prevedibile, la plancia &#8211; realizzata in vero legno &#8211; \u00e8 scarsamente attrezzata e offre solo l&#8217;essenziale. Questo include gli interruttori delle luci, i comandi delle bocchette di ventilazione e l&#8217;unit\u00e0 principale dello stereo che, in questo caso, \u00e8 un dispositivo Sony aftermarket.<\/p>\n<p>Il resto dell&#8217;abitacolo fa intuire il carattere sportivo dell&#8217;auto, con i sedili anteriori che sono i pi\u00f9 convincenti. Vestite con una combinazione di pelle nera e tessuto grigio, offrono un sostegno sufficiente nelle curve strette, dove la Mini d\u00e0 il meglio di s\u00e9. I sedili posteriori e il pannello laterale sono rivestiti nello stesso stile, con un tappeto rosso sul pavimento che completa l&#8217;aspetto accattivante. Infine, il venditore sostituir\u00e0 il rivestimento del tetto prima della consegna dell&#8217;auto, poich\u00e9 quello originale \u00e8 danneggiato proprio sopra le tendine parasole (vedi foto).<\/p>\n<h2>Meccanica<\/h2>\n<p>Questa Mini Cooper ha un motore 1.3 a 4 cilindri, che aziona le ruote anteriori attraverso un cambio manuale a 4 rapporti. Sebbene la configurazione di base del motore risalga agli anni &#8217;60, questo particolare modello \u00e8 dotato dell&#8217;iniezione elettronica di carburante Rover, che rende l&#8217;auto pi\u00f9 affidabile e piacevole da guidare.<\/p>\n<p>In termini di potenza, la Mini Cooper dispone di soli 63 cavalli, che possono sembrare pochi. Ma deve fare i conti solo con 685 chilogrammi, ovvero il peso di quest&#8217;auto. Nel complesso, anche se la Mini probabilmente non \u00e8 velocissima sul rettilineo, \u00e8 incredibilmente divertente nelle curve. E questo \u00e8 uno degli aspetti che l&#8217;hanno resa cos\u00ec speciale e famosa.<\/p>\n<h2>Storia del veicolo<\/h2>\n<p>Infine, qualche parola sulle condizioni attuali della Mini, che il venditore descrive come molto buone. La vettura \u00e8 stata revisionata l&#8217;ultima volta nel giugno 2023, quando \u00e8 stata effettuata la manutenzione ordinaria e sono stati montati nuovi freni. Inoltre, l&#8217;intero scarico, compreso il catalizzatore, \u00e8 nuovo. A giudicare dalle foto, l&#8217;auto sembra perfetta, sia all&#8217;esterno che all&#8217;interno. Inoltre, il venditore professionista, che \u00e8 il quinto proprietario, afferma che l&#8217;auto non ha mai avuto incidenti, il che pu\u00f2 essere ulteriormente confermato da un corrispondente <a href=\"https:\/\/pistonaddict.com\/wp-content\/uploads\/2023\/11\/CARFAX-Vehicle-History-Report-ROVER-MINI.pdf\">CARFAX<\/a> Vehicle History Report. L&#8217;ultimo controllo tecnico \u00e8 stato superato e approvato il 6 ottobre 2023.<\/p>\n<p><strong><br \/>\nGuardate il video della partenza a freddo di questa simpatica Mini Rover Silverstone:<\/strong><\/p>\n<p><iframe title=\"Cold Start Video of the Austin Mini Silverstone for auction sale\" width=\"1200\" height=\"675\" src=\"https:\/\/www.youtube.com\/embed\/NW_53HH3Wg4?feature=oembed\" frameborder=\"0\" allow=\"accelerometer; autoplay; clipboard-write; encrypted-media; gyroscope; picture-in-picture; web-share\" allowfullscreen><\/iframe><\/p>\n","protected":false},"excerpt":{"rendered":"<p>Se cercate un&#8217;auto d&#8217;epoca piccola, pratica e agile, la Mini originale deve essere in cima alla vostra lista. Durante il suo lungo periodo di produzione, questa icona automobilistica \u00e8 stata disponibile in diverse varianti, tra le quali la Cooper sportiva era probabilmente la pi\u00f9 desiderata. Si tratta di un&#8217;auto che combina il carattere originale della Mini con una serie di dettagli visivi di pregio e un&#8217;esperienza di guida entusiasmante. In vendita qui abbiamo una Mini Cooper del 1993, che \u00e8 in ottime condizioni e ha percorso finora 74.000 chilometri. Inoltre, il fatto di essere uno dei soli 400 esemplari Silverstone prodotti le conferisce esclusivit\u00e0. Diamo un&#8217;occhiata pi\u00f9 da vicino a ci\u00f2 che ha da offrire.<\/p>\n","protected":false},"featured_media":67413,"comment_status":"open","ping_status":"closed","template":"","meta":{"inline_featured_image":false},"product_cat":[742],"product_tag":[2444,972,2447],"acf":[],"yoast_head":"<!-- This site is optimized with the Yoast SEO plugin v22.5 - https:\/\/yoast.com\/wordpress\/plugins\/seo\/ -->\n<title>Mini Rover 1.3 Silverstone - Piston Addict<\/title>\n<meta name=\"robots\" content=\"index, follow, max-snippet:-1, max-image-preview:large, max-video-preview:-1\" \/>\n<link rel=\"canonical\" href=\"https:\/\/pistonaddict.com\/it\/product\/mini-rover-1-3-mpi-argento\/\" \/>\n<meta property=\"og:locale\" content=\"it_IT\" \/>\n<meta property=\"og:type\" content=\"article\" \/>\n<meta property=\"og:title\" content=\"Mini Rover 1.3 Silverstone - Piston Addict\" \/>\n<meta property=\"og:description\" content=\"Se cercate un&#039;auto d&#039;epoca piccola, pratica e agile, la Mini originale deve essere in cima alla vostra lista. Durante il suo lungo periodo di produzione, questa icona automobilistica \u00e8 stata disponibile in diverse varianti, tra le quali la Cooper sportiva era probabilmente la pi\u00f9 desiderata. Si tratta di un&#039;auto che combina il carattere originale della Mini con una serie di dettagli visivi di pregio e un&#039;esperienza di guida entusiasmante. In vendita qui abbiamo una Mini Cooper del 1993, che \u00e8 in ottime condizioni e ha percorso finora 74.000 chilometri. Inoltre, il fatto di essere uno dei soli 400 esemplari Silverstone prodotti le conferisce esclusivit\u00e0. Diamo un&#039;occhiata pi\u00f9 da vicino a ci\u00f2 che ha da offrire.\" \/>\n<meta property=\"og:url\" content=\"https:\/\/pistonaddict.com\/it\/product\/mini-rover-1-3-mpi-argento\/\" \/>\n<meta property=\"og:site_name\" content=\"Piston Addict\" \/>\n<meta property=\"article:modified_time\" content=\"2023-12-08T08:01:25+00:00\" \/>\n<meta property=\"og:image\" content=\"https:\/\/pistonaddict.com\/wp-content\/uploads\/2023\/11\/IMG_5534-scaled.jpeg\" \/>\n\t<meta property=\"og:image:width\" content=\"2560\" \/>\n\t<meta property=\"og:image:height\" content=\"1920\" \/>\n\t<meta property=\"og:image:type\" content=\"image\/jpeg\" \/>\n<meta name=\"twitter:card\" content=\"summary_large_image\" \/>\n<meta name=\"twitter:label1\" content=\"Tempo di lettura stimato\" \/>\n\t<meta name=\"twitter:data1\" content=\"3 minuti\" \/>\n<script type=\"application\/ld+json\" class=\"yoast-schema-graph\">{\"@context\":\"https:\/\/schema.org\",\"@graph\":[{\"@type\":\"WebPage\",\"@id\":\"https:\/\/pistonaddict.com\/it\/product\/mini-rover-1-3-mpi-argento\/\",\"url\":\"https:\/\/pistonaddict.com\/it\/product\/mini-rover-1-3-mpi-argento\/\",\"name\":\"Mini Rover 1.3 Silverstone - Piston Addict\",\"isPartOf\":{\"@id\":\"https:\/\/pistonaddict.com\/it\/#website\"},\"primaryImageOfPage\":{\"@id\":\"https:\/\/pistonaddict.com\/it\/product\/mini-rover-1-3-mpi-argento\/#primaryimage\"},\"image\":{\"@id\":\"https:\/\/pistonaddict.com\/it\/product\/mini-rover-1-3-mpi-argento\/#primaryimage\"},\"thumbnailUrl\":\"https:\/\/pistonaddict.com\/wp-content\/uploads\/2023\/11\/IMG_5534-scaled.jpeg\",\"datePublished\":\"2023-11-09T16:05:55+00:00\",\"dateModified\":\"2023-12-08T08:01:25+00:00\",\"breadcrumb\":{\"@id\":\"https:\/\/pistonaddict.com\/it\/product\/mini-rover-1-3-mpi-argento\/#breadcrumb\"},\"inLanguage\":\"it-IT\",\"potentialAction\":[{\"@type\":\"ReadAction\",\"target\":[\"https:\/\/pistonaddict.com\/it\/product\/mini-rover-1-3-mpi-argento\/\"]}]},{\"@type\":\"ImageObject\",\"inLanguage\":\"it-IT\",\"@id\":\"https:\/\/pistonaddict.com\/it\/product\/mini-rover-1-3-mpi-argento\/#primaryimage\",\"url\":\"https:\/\/pistonaddict.com\/wp-content\/uploads\/2023\/11\/IMG_5534-scaled.jpeg\",\"contentUrl\":\"https:\/\/pistonaddict.com\/wp-content\/uploads\/2023\/11\/IMG_5534-scaled.jpeg\",\"width\":2560,\"height\":1920},{\"@type\":\"BreadcrumbList\",\"@id\":\"https:\/\/pistonaddict.com\/it\/product\/mini-rover-1-3-mpi-argento\/#breadcrumb\",\"itemListElement\":[{\"@type\":\"ListItem\",\"position\":1,\"name\":\"accoglienza\",\"item\":\"https:\/\/pistonaddict.com\/it\/homepage\/\"},{\"@type\":\"ListItem\",\"position\":2,\"name\":\"Auctions\",\"item\":\"https:\/\/pistonaddict.com\/auctions-listing\/\"},{\"@type\":\"ListItem\",\"position\":3,\"name\":\"Mini Rover 1.3 Silverstone\"}]},{\"@type\":\"WebSite\",\"@id\":\"https:\/\/pistonaddict.com\/it\/#website\",\"url\":\"https:\/\/pistonaddict.com\/it\/\",\"name\":\"Piston Addict\",\"description\":\"Only interesting vehicles\",\"publisher\":{\"@id\":\"https:\/\/pistonaddict.com\/it\/#organization\"},\"potentialAction\":[{\"@type\":\"SearchAction\",\"target\":{\"@type\":\"EntryPoint\",\"urlTemplate\":\"https:\/\/pistonaddict.com\/it\/?s={search_term_string}\"},\"query-input\":\"required name=search_term_string\"}],\"inLanguage\":\"it-IT\"},{\"@type\":\"Organization\",\"@id\":\"https:\/\/pistonaddict.com\/it\/#organization\",\"name\":\"Piston Addict\",\"url\":\"https:\/\/pistonaddict.com\/it\/\",\"logo\":{\"@type\":\"ImageObject\",\"inLanguage\":\"it-IT\",\"@id\":\"https:\/\/pistonaddict.com\/it\/#\/schema\/logo\/image\/\",\"url\":\"https:\/\/pistonaddict.com\/wp-content\/uploads\/2022\/07\/logo-6.png\",\"contentUrl\":\"https:\/\/pistonaddict.com\/wp-content\/uploads\/2022\/07\/logo-6.png\",\"width\":970,\"height\":200,\"caption\":\"Piston Addict\"},\"image\":{\"@id\":\"https:\/\/pistonaddict.com\/it\/#\/schema\/logo\/image\/\"}}]}<\/script>\n<!-- \/ Yoast SEO plugin. -->","yoast_head_json":{"title":"Mini Rover 1.3 Silverstone - Piston Addict","robots":{"index":"index","follow":"follow","max-snippet":"max-snippet:-1","max-image-preview":"max-image-preview:large","max-video-preview":"max-video-preview:-1"},"canonical":"https:\/\/pistonaddict.com\/it\/product\/mini-rover-1-3-mpi-argento\/","og_locale":"it_IT","og_type":"article","og_title":"Mini Rover 1.3 Silverstone - Piston Addict","og_description":"Se cercate un'auto d'epoca piccola, pratica e agile, la Mini originale deve essere in cima alla vostra lista. Durante il suo lungo periodo di produzione, questa icona automobilistica \u00e8 stata disponibile in diverse varianti, tra le quali la Cooper sportiva era probabilmente la pi\u00f9 desiderata. Si tratta di un'auto che combina il carattere originale della Mini con una serie di dettagli visivi di pregio e un'esperienza di guida entusiasmante. In vendita qui abbiamo una Mini Cooper del 1993, che \u00e8 in ottime condizioni e ha percorso finora 74.000 chilometri. Inoltre, il fatto di essere uno dei soli 400 esemplari Silverstone prodotti le conferisce esclusivit\u00e0. Diamo un'occhiata pi\u00f9 da vicino a ci\u00f2 che ha da offrire.","og_url":"https:\/\/pistonaddict.com\/it\/product\/mini-rover-1-3-mpi-argento\/","og_site_name":"Piston Addict","article_modified_time":"2023-12-08T08:01:25+00:00","og_image":[{"width":2560,"height":1920,"url":"https:\/\/pistonaddict.com\/wp-content\/uploads\/2023\/11\/IMG_5534-scaled.jpeg","type":"image\/jpeg"}],"twitter_card":"summary_large_image","twitter_misc":{"Tempo di lettura stimato":"3 minuti"},"schema":{"@context":"https:\/\/schema.org","@graph":[{"@type":"WebPage","@id":"https:\/\/pistonaddict.com\/it\/product\/mini-rover-1-3-mpi-argento\/","url":"https:\/\/pistonaddict.com\/it\/product\/mini-rover-1-3-mpi-argento\/","name":"Mini Rover 1.3 Silverstone - Piston Addict","isPartOf":{"@id":"https:\/\/pistonaddict.com\/it\/#website"},"primaryImageOfPage":{"@id":"https:\/\/pistonaddict.com\/it\/product\/mini-rover-1-3-mpi-argento\/#primaryimage"},"image":{"@id":"https:\/\/pistonaddict.com\/it\/product\/mini-rover-1-3-mpi-argento\/#primaryimage"},"thumbnailUrl":"https:\/\/pistonaddict.com\/wp-content\/uploads\/2023\/11\/IMG_5534-scaled.jpeg","datePublished":"2023-11-09T16:05:55+00:00","dateModified":"2023-12-08T08:01:25+00:00","breadcrumb":{"@id":"https:\/\/pistonaddict.com\/it\/product\/mini-rover-1-3-mpi-argento\/#breadcrumb"},"inLanguage":"it-IT","potentialAction":[{"@type":"ReadAction","target":["https:\/\/pistonaddict.com\/it\/product\/mini-rover-1-3-mpi-argento\/"]}]},{"@type":"ImageObject","inLanguage":"it-IT","@id":"https:\/\/pistonaddict.com\/it\/product\/mini-rover-1-3-mpi-argento\/#primaryimage","url":"https:\/\/pistonaddict.com\/wp-content\/uploads\/2023\/11\/IMG_5534-scaled.jpeg","contentUrl":"https:\/\/pistonaddict.com\/wp-content\/uploads\/2023\/11\/IMG_5534-scaled.jpeg","width":2560,"height":1920},{"@type":"BreadcrumbList","@id":"https:\/\/pistonaddict.com\/it\/product\/mini-rover-1-3-mpi-argento\/#breadcrumb","itemListElement":[{"@type":"ListItem","position":1,"name":"accoglienza","item":"https:\/\/pistonaddict.com\/it\/homepage\/"},{"@type":"ListItem","position":2,"name":"Auctions","item":"https:\/\/pistonaddict.com\/auctions-listing\/"},{"@type":"ListItem","position":3,"name":"Mini Rover 1.3 Silverstone"}]},{"@type":"WebSite","@id":"https:\/\/pistonaddict.com\/it\/#website","url":"https:\/\/pistonaddict.com\/it\/","name":"Piston Addict","description":"Only interesting vehicles","publisher":{"@id":"https:\/\/pistonaddict.com\/it\/#organization"},"potentialAction":[{"@type":"SearchAction","target":{"@type":"EntryPoint","urlTemplate":"https:\/\/pistonaddict.com\/it\/?s={search_term_string}"},"query-input":"required name=search_term_string"}],"inLanguage":"it-IT"},{"@type":"Organization","@id":"https:\/\/pistonaddict.com\/it\/#organization","name":"Piston Addict","url":"https:\/\/pistonaddict.com\/it\/","logo":{"@type":"ImageObject","inLanguage":"it-IT","@id":"https:\/\/pistonaddict.com\/it\/#\/schema\/logo\/image\/","url":"https:\/\/pistonaddict.com\/wp-content\/uploads\/2022\/07\/logo-6.png","contentUrl":"https:\/\/pistonaddict.com\/wp-content\/uploads\/2022\/07\/logo-6.png","width":970,"height":200,"caption":"Piston Addict"},"image":{"@id":"https:\/\/pistonaddict.com\/it\/#\/schema\/logo\/image\/"}}]}},"_links":{"self":[{"href":"https:\/\/pistonaddict.com\/it\/wp-json\/wp\/v2\/product\/69413"}],"collection":[{"href":"https:\/\/pistonaddict.com\/it\/wp-json\/wp\/v2\/product"}],"about":[{"href":"https:\/\/pistonaddict.com\/it\/wp-json\/wp\/v2\/types\/product"}],"replies":[{"embeddable":true,"href":"https:\/\/pistonaddict.com\/it\/wp-json\/wp\/v2\/comments?post=69413"}],"wp:featuredmedia":[{"embeddable":true,"href":"https:\/\/pistonaddict.com\/it\/wp-json\/wp\/v2\/media\/67413"}],"wp:attachment":[{"href":"https:\/\/pistonaddict.com\/it\/wp-json\/wp\/v2\/media?parent=69413"}],"wp:term":[{"taxonomy":"product_cat","embeddable":true,"href":"https:\/\/pistonaddict.com\/it\/wp-json\/wp\/v2\/product_cat?post=69413"},{"taxonomy":"product_tag","embeddable":true,"href":"https:\/\/pistonaddict.com\/it\/wp-json\/wp\/v2\/product_tag?post=69413"}],"curies":[{"name":"wp","href":"https:\/\/api.w.org\/{rel}","templated":true}]}}