{"id":67054,"date":"2023-11-07T14:48:12","date_gmt":"2023-11-07T13:48:12","guid":{"rendered":"https:\/\/pistonaddict.com\/product\/ferrari-348-tb\/"},"modified":"2024-03-20T09:41:43","modified_gmt":"2024-03-20T08:41:43","slug":"ferrari-348-tb","status":"publish","type":"product","link":"https:\/\/pistonaddict.com\/it\/product\/ferrari-348-tb\/","title":{"rendered":"Ferrari 348 TB"},"content":{"rendered":"<p><strong>Storia dell&#8217;auto<\/strong><\/p>\n<p>La 348 TB fu presentata nel 1989 e rappresent\u00f2 un grande passo avanti in termini di prestazioni e di ingegneria rispetto ai suoi predecessori. Fu anche uno degli ultimi modelli dell&#8217;era &#8220;Enzo&#8221;, essendo stato approvato per la produzione poco prima della morte del leggendario boss della Ferrari. Il motore V8 da 3,4 litri erogava una potenza di 300 CV che garantiva prestazioni esaltanti. Questa particolare vettura \u00e8 stata consegnata nuova in Svizzera nel 1991 e acquistata dall&#8217;attuale proprietario nel 2023. <strong>Tuttavia, ci\u00f2 che rende questa Ferrari 348 TB cos\u00ec interessante \u00e8 che \u00e8 stata dotata di un kit Challenge<\/strong>. All&#8217;inizio degli anni &#8217;90, la Ferrari ha dato vita alla famosa serie di gare 348 Challenge per i proprietari che volevano far correre le loro auto. Per partecipare, era necessario acquistare una 348 Challenge dalla fabbrica (ne furono prodotti circa 50 esemplari) o ordinare un kit Challenge dal concessionario Ferrari. Le <strong>specifiche del Challenge comprendevano un motore potenziato a 320 CV, freni migliori, sedili, una batteria pi\u00f9 piccola, una gabbia di sicurezza e pneumatici slick<\/strong>. Un concessionario Ferrari ha trasformato questo particolare esemplare alla fine del 1995, ma non ha mai corso perch\u00e9 la serie Ferrari Challenge \u00e8 passata al modello Ferrari 355 per la stagione 1996. Il processo \u00e8 stato completamente documentato con fatture e ricevute,<strong> il che rende questa 348 gialla una delle circa 150 auto convertite dai concessionari in tutto il mondo e probabilmente l&#8217;unica senza storia di corse!<\/strong><\/p>\n<p><strong>Interno<\/strong><\/p>\n<p>Poich\u00e9 questa Ferrari \u00e8 stata tenuta meticolosamente, gli interni in pelle nera sono in ottimo stato con minime tracce d&#8217;uso. Il precedente proprietario ha rimosso il roll cage e ha rimesso i sedili originali, rendendo molto pi\u00f9 facile entrare e uscire. Il cruscotto non presenta crepe e tutti gli strumenti e i pulsanti funzionano. Non ci sono modifiche, ad eccezione del lettore CD, che si adatta perfettamente all&#8217;atmosfera anni &#8217;90 di questa vettura.<\/p>\n<p><strong>Condizione<\/strong><\/p>\n<p>Con soli 55.721 chilometri dal nuovo, questa Ferrari 348 TB Challenge \u00e8 in condizioni immacolate e curata con attenzione da tutti i suoi utenti. Il veicolo era ovviamente poco usato e ben tenuto, come risulta dai registri. Il file della storia della manutenzione fornito con questa vettura \u00e8 incredibile, con l&#8217;originale fattura di vendita e i proprietari degli anni &#8217;90. L&#8217;ultimo intervento \u00e8 stato effettuato nell&#8217;agosto del 2023, mentre i freni sono stati revisionati solo pochi giorni fa, nel novembre del 2023. Secondo il venditore, la prossima manutenzione dovrebbe essere la cinghia del distributore, che pu\u00f2 essere eseguita dai loro meccanici al costo aggiuntivo di 3000 euro. Non ci sono perdite; sotto la vettura \u00e8 pulita come gli interni. L&#8217;auto \u00e8 pronta per essere guidata ovunque ed \u00e8 probabilmente uno dei migliori esempi di Ferrari 348 TB Challenge di qualit\u00e0 che si possano incontrare.<\/p>\n<p><strong>Esterni e ruote<\/strong><\/p>\n<p>La vernice Giallo \u00e8 in perfette condizioni, senza graffi e ammaccature. Lo strumento per lo spessore della vernice mostra la coerenza del colore, il che significa che non ci sono state riparazioni di danni e stucco per la carrozzeria. Gli unici danni visibili sulla carrozzeria sono le guarnizioni intorno alle portiere del guidatore, che presentano segni di usura, come prevedibile vista l&#8217;et\u00e0 della vettura. I cerchi in lega OZ da 17 pollici, corretti per l&#8217;epoca, sono specifici Challenge e hanno un bell&#8217;aspetto. I Michelin Pilot Sport sono vecchi ma non usurati.<\/p>\n<p><strong> <\/strong><strong>Documentazione<\/strong><\/p>\n<p>Questo veicolo viene venduto dal concessionario con la relativa documentazione e si trova in Spagna. Il <a href=\"https:\/\/pistonaddict.com\/wp-content\/uploads\/2023\/11\/CARFAX-Vehicle-History-Report-FERRARI-348-tb.pdf\">rapporto CarFax<\/a> \u00e8 pulito; non esistono prove di incidenti, riparazioni di incidenti, propriet\u00e0 o problemi legali. Sono presenti i registri della manutenzione regolare, le brochure originali della fabbrica, le distinte di vendita, le ricevute e l&#8217;omologazione tecnica \u00e8 valida fino all&#8217;agosto 2024. La quantit\u00e0 di documentazione \u00e8 semplicemente sorprendente ed \u00e8 raro vedere un&#8217;auto con cos\u00ec tanti documenti che dimostrano che \u00e8 stata ben curata.<\/p>\n<p><strong><br \/>\nGuarda il video dell&#8217;avviamento a freddo di questa bellissima Ferrari 348 TB :<\/strong><\/p>\n<p><iframe title=\"Cold Start Video of the Ferrari F348 TB for auction sale\" width=\"1200\" height=\"675\" src=\"https:\/\/www.youtube.com\/embed\/VcqnL6NA2Yk?feature=oembed\" frameborder=\"0\" allow=\"accelerometer; autoplay; clipboard-write; encrypted-media; gyroscope; picture-in-picture; web-share\" allowfullscreen><\/iframe><\/p>\n","protected":false},"excerpt":{"rendered":"<p>Guidare una Ferrari \u00e8 sempre una proposta interessante. Le auto degli anni &#8217;60 sono ormai troppo preziose per essere utilizzate su strada e la gamma attuale \u00e8 quasi troppo veloce per il traffico moderno. Tuttavia, esistono ancora modelli in grado di offrirvi tutta l&#8217;emozione di possedere un&#8217;auto sportiva italiana purosangue, il rombo di un motore V8 ad aspirazione naturale e una dinamica di guida impareggiabile. Presentiamo con orgoglio un veicolo particolare in condizioni ideali, con un&#8217;emozionante connessione al motorsport e una documentazione pazzesca.<\/p>\n","protected":false},"featured_media":64588,"comment_status":"open","ping_status":"closed","template":"","meta":{"inline_featured_image":false},"product_cat":[742],"product_tag":[2391,972,2390],"acf":[],"yoast_head":"<!-- This site is optimized with the Yoast SEO plugin v22.5 - https:\/\/yoast.com\/wordpress\/plugins\/seo\/ -->\n<title>asta - %<\/title>\n<meta name=\"robots\" content=\"index, follow, max-snippet:-1, max-image-preview:large, max-video-preview:-1\" \/>\n<link rel=\"canonical\" href=\"https:\/\/pistonaddict.com\/it\/product\/ferrari-348-tb\/\" \/>\n<meta property=\"og:locale\" content=\"it_IT\" \/>\n<meta property=\"og:type\" content=\"article\" \/>\n<meta property=\"og:title\" content=\"asta - %\" \/>\n<meta property=\"og:description\" content=\"Guidare una Ferrari \u00e8 sempre una proposta interessante. Le auto degli anni &#039;60 sono ormai troppo preziose per essere utilizzate su strada e la gamma attuale \u00e8 quasi troppo veloce per il traffico moderno. Tuttavia, esistono ancora modelli in grado di offrirvi tutta l&#039;emozione di possedere un&#039;auto sportiva italiana purosangue, il rombo di un motore V8 ad aspirazione naturale e una dinamica di guida impareggiabile. Presentiamo con orgoglio un veicolo particolare in condizioni ideali, con un&#039;emozionante connessione al motorsport e una documentazione pazzesca.\" \/>\n<meta property=\"og:url\" content=\"https:\/\/pistonaddict.com\/it\/product\/ferrari-348-tb\/\" \/>\n<meta property=\"og:site_name\" content=\"Piston Addict\" \/>\n<meta property=\"article:modified_time\" content=\"2024-03-20T08:41:43+00:00\" \/>\n<meta property=\"og:image\" content=\"https:\/\/pistonaddict.com\/wp-content\/uploads\/2023\/11\/IMG7107-scaled.jpg\" \/>\n\t<meta property=\"og:image:width\" content=\"2560\" \/>\n\t<meta property=\"og:image:height\" content=\"1709\" \/>\n\t<meta property=\"og:image:type\" content=\"image\/jpeg\" \/>\n<meta name=\"twitter:card\" content=\"summary_large_image\" \/>\n<meta name=\"twitter:label1\" content=\"Tempo di lettura stimato\" \/>\n\t<meta name=\"twitter:data1\" content=\"3 minuti\" \/>\n<script type=\"application\/ld+json\" class=\"yoast-schema-graph\">{\"@context\":\"https:\/\/schema.org\",\"@graph\":[{\"@type\":\"WebPage\",\"@id\":\"https:\/\/pistonaddict.com\/it\/product\/ferrari-348-tb\/\",\"url\":\"https:\/\/pistonaddict.com\/it\/product\/ferrari-348-tb\/\",\"name\":\"asta - %\",\"isPartOf\":{\"@id\":\"https:\/\/pistonaddict.com\/it\/#website\"},\"primaryImageOfPage\":{\"@id\":\"https:\/\/pistonaddict.com\/it\/product\/ferrari-348-tb\/#primaryimage\"},\"image\":{\"@id\":\"https:\/\/pistonaddict.com\/it\/product\/ferrari-348-tb\/#primaryimage\"},\"thumbnailUrl\":\"https:\/\/pistonaddict.com\/wp-content\/uploads\/2023\/11\/IMG7107-scaled.jpg\",\"datePublished\":\"2023-11-07T13:48:12+00:00\",\"dateModified\":\"2024-03-20T08:41:43+00:00\",\"breadcrumb\":{\"@id\":\"https:\/\/pistonaddict.com\/it\/product\/ferrari-348-tb\/#breadcrumb\"},\"inLanguage\":\"it-IT\",\"potentialAction\":[{\"@type\":\"ReadAction\",\"target\":[\"https:\/\/pistonaddict.com\/it\/product\/ferrari-348-tb\/\"]}]},{\"@type\":\"ImageObject\",\"inLanguage\":\"it-IT\",\"@id\":\"https:\/\/pistonaddict.com\/it\/product\/ferrari-348-tb\/#primaryimage\",\"url\":\"https:\/\/pistonaddict.com\/wp-content\/uploads\/2023\/11\/IMG7107-scaled.jpg\",\"contentUrl\":\"https:\/\/pistonaddict.com\/wp-content\/uploads\/2023\/11\/IMG7107-scaled.jpg\",\"width\":2560,\"height\":1709},{\"@type\":\"BreadcrumbList\",\"@id\":\"https:\/\/pistonaddict.com\/it\/product\/ferrari-348-tb\/#breadcrumb\",\"itemListElement\":[{\"@type\":\"ListItem\",\"position\":1,\"name\":\"accoglienza\",\"item\":\"https:\/\/pistonaddict.com\/it\/homepage\/\"},{\"@type\":\"ListItem\",\"position\":2,\"name\":\"Auctions\",\"item\":\"https:\/\/pistonaddict.com\/auctions-listing\/\"},{\"@type\":\"ListItem\",\"position\":3,\"name\":\"Ferrari 348 TB\"}]},{\"@type\":\"WebSite\",\"@id\":\"https:\/\/pistonaddict.com\/it\/#website\",\"url\":\"https:\/\/pistonaddict.com\/it\/\",\"name\":\"Piston Addict\",\"description\":\"Only interesting vehicles\",\"publisher\":{\"@id\":\"https:\/\/pistonaddict.com\/it\/#organization\"},\"potentialAction\":[{\"@type\":\"SearchAction\",\"target\":{\"@type\":\"EntryPoint\",\"urlTemplate\":\"https:\/\/pistonaddict.com\/it\/?s={search_term_string}\"},\"query-input\":\"required name=search_term_string\"}],\"inLanguage\":\"it-IT\"},{\"@type\":\"Organization\",\"@id\":\"https:\/\/pistonaddict.com\/it\/#organization\",\"name\":\"Piston Addict\",\"url\":\"https:\/\/pistonaddict.com\/it\/\",\"logo\":{\"@type\":\"ImageObject\",\"inLanguage\":\"it-IT\",\"@id\":\"https:\/\/pistonaddict.com\/it\/#\/schema\/logo\/image\/\",\"url\":\"https:\/\/pistonaddict.com\/wp-content\/uploads\/2022\/07\/logo-6.png\",\"contentUrl\":\"https:\/\/pistonaddict.com\/wp-content\/uploads\/2022\/07\/logo-6.png\",\"width\":970,\"height\":200,\"caption\":\"Piston Addict\"},\"image\":{\"@id\":\"https:\/\/pistonaddict.com\/it\/#\/schema\/logo\/image\/\"}}]}<\/script>\n<!-- \/ Yoast SEO plugin. -->","yoast_head_json":{"title":"asta - %","robots":{"index":"index","follow":"follow","max-snippet":"max-snippet:-1","max-image-preview":"max-image-preview:large","max-video-preview":"max-video-preview:-1"},"canonical":"https:\/\/pistonaddict.com\/it\/product\/ferrari-348-tb\/","og_locale":"it_IT","og_type":"article","og_title":"asta - %","og_description":"Guidare una Ferrari \u00e8 sempre una proposta interessante. Le auto degli anni '60 sono ormai troppo preziose per essere utilizzate su strada e la gamma attuale \u00e8 quasi troppo veloce per il traffico moderno. Tuttavia, esistono ancora modelli in grado di offrirvi tutta l'emozione di possedere un'auto sportiva italiana purosangue, il rombo di un motore V8 ad aspirazione naturale e una dinamica di guida impareggiabile. Presentiamo con orgoglio un veicolo particolare in condizioni ideali, con un'emozionante connessione al motorsport e una documentazione pazzesca.","og_url":"https:\/\/pistonaddict.com\/it\/product\/ferrari-348-tb\/","og_site_name":"Piston Addict","article_modified_time":"2024-03-20T08:41:43+00:00","og_image":[{"width":2560,"height":1709,"url":"https:\/\/pistonaddict.com\/wp-content\/uploads\/2023\/11\/IMG7107-scaled.jpg","type":"image\/jpeg"}],"twitter_card":"summary_large_image","twitter_misc":{"Tempo di lettura stimato":"3 minuti"},"schema":{"@context":"https:\/\/schema.org","@graph":[{"@type":"WebPage","@id":"https:\/\/pistonaddict.com\/it\/product\/ferrari-348-tb\/","url":"https:\/\/pistonaddict.com\/it\/product\/ferrari-348-tb\/","name":"asta - %","isPartOf":{"@id":"https:\/\/pistonaddict.com\/it\/#website"},"primaryImageOfPage":{"@id":"https:\/\/pistonaddict.com\/it\/product\/ferrari-348-tb\/#primaryimage"},"image":{"@id":"https:\/\/pistonaddict.com\/it\/product\/ferrari-348-tb\/#primaryimage"},"thumbnailUrl":"https:\/\/pistonaddict.com\/wp-content\/uploads\/2023\/11\/IMG7107-scaled.jpg","datePublished":"2023-11-07T13:48:12+00:00","dateModified":"2024-03-20T08:41:43+00:00","breadcrumb":{"@id":"https:\/\/pistonaddict.com\/it\/product\/ferrari-348-tb\/#breadcrumb"},"inLanguage":"it-IT","potentialAction":[{"@type":"ReadAction","target":["https:\/\/pistonaddict.com\/it\/product\/ferrari-348-tb\/"]}]},{"@type":"ImageObject","inLanguage":"it-IT","@id":"https:\/\/pistonaddict.com\/it\/product\/ferrari-348-tb\/#primaryimage","url":"https:\/\/pistonaddict.com\/wp-content\/uploads\/2023\/11\/IMG7107-scaled.jpg","contentUrl":"https:\/\/pistonaddict.com\/wp-content\/uploads\/2023\/11\/IMG7107-scaled.jpg","width":2560,"height":1709},{"@type":"BreadcrumbList","@id":"https:\/\/pistonaddict.com\/it\/product\/ferrari-348-tb\/#breadcrumb","itemListElement":[{"@type":"ListItem","position":1,"name":"accoglienza","item":"https:\/\/pistonaddict.com\/it\/homepage\/"},{"@type":"ListItem","position":2,"name":"Auctions","item":"https:\/\/pistonaddict.com\/auctions-listing\/"},{"@type":"ListItem","position":3,"name":"Ferrari 348 TB"}]},{"@type":"WebSite","@id":"https:\/\/pistonaddict.com\/it\/#website","url":"https:\/\/pistonaddict.com\/it\/","name":"Piston Addict","description":"Only interesting vehicles","publisher":{"@id":"https:\/\/pistonaddict.com\/it\/#organization"},"potentialAction":[{"@type":"SearchAction","target":{"@type":"EntryPoint","urlTemplate":"https:\/\/pistonaddict.com\/it\/?s={search_term_string}"},"query-input":"required name=search_term_string"}],"inLanguage":"it-IT"},{"@type":"Organization","@id":"https:\/\/pistonaddict.com\/it\/#organization","name":"Piston Addict","url":"https:\/\/pistonaddict.com\/it\/","logo":{"@type":"ImageObject","inLanguage":"it-IT","@id":"https:\/\/pistonaddict.com\/it\/#\/schema\/logo\/image\/","url":"https:\/\/pistonaddict.com\/wp-content\/uploads\/2022\/07\/logo-6.png","contentUrl":"https:\/\/pistonaddict.com\/wp-content\/uploads\/2022\/07\/logo-6.png","width":970,"height":200,"caption":"Piston Addict"},"image":{"@id":"https:\/\/pistonaddict.com\/it\/#\/schema\/logo\/image\/"}}]}},"_links":{"self":[{"href":"https:\/\/pistonaddict.com\/it\/wp-json\/wp\/v2\/product\/67054"}],"collection":[{"href":"https:\/\/pistonaddict.com\/it\/wp-json\/wp\/v2\/product"}],"about":[{"href":"https:\/\/pistonaddict.com\/it\/wp-json\/wp\/v2\/types\/product"}],"replies":[{"embeddable":true,"href":"https:\/\/pistonaddict.com\/it\/wp-json\/wp\/v2\/comments?post=67054"}],"wp:featuredmedia":[{"embeddable":true,"href":"https:\/\/pistonaddict.com\/it\/wp-json\/wp\/v2\/media\/64588"}],"wp:attachment":[{"href":"https:\/\/pistonaddict.com\/it\/wp-json\/wp\/v2\/media?parent=67054"}],"wp:term":[{"taxonomy":"product_cat","embeddable":true,"href":"https:\/\/pistonaddict.com\/it\/wp-json\/wp\/v2\/product_cat?post=67054"},{"taxonomy":"product_tag","embeddable":true,"href":"https:\/\/pistonaddict.com\/it\/wp-json\/wp\/v2\/product_tag?post=67054"}],"curies":[{"name":"wp","href":"https:\/\/api.w.org\/{rel}","templated":true}]}}