{"id":62911,"date":"2023-10-25T19:30:40","date_gmt":"2023-10-25T17:30:40","guid":{"rendered":"https:\/\/pistonaddict.com\/product\/porsche-911-996-targa\/"},"modified":"2024-03-20T09:39:25","modified_gmt":"2024-03-20T08:39:25","slug":"porsche-911-996-targa","status":"publish","type":"product","link":"https:\/\/pistonaddict.com\/it\/product\/porsche-911-996-targa\/","title":{"rendered":"Porsche 911 (996) Targa"},"content":{"rendered":"<p><strong>Storia dell&#8217;auto<\/strong><\/p>\n<p>Questo particolare esemplare \u00e8 la 911 Targa, prodotta nel 2004. Ci\u00f2 che la rende unica \u00e8 che la Targa \u00e8 stata di gran lunga la pi\u00f9 rara di tutte le carrozzerie della 996; solo 5.125 vetture sono state consegnate con speciali tetti in vetro apribili e differenti montanti C. Rifinita in una seducente tonalit\u00e0 di blu scuro con interni chiari, questa 911 Targa \u00e8 stata consegnata nuova in Spagna e acquistata dall&#8217;attuale proprietario nel 2023. \u00c8 alimentata da un motore flat-six da 3,6 litri ad aspirazione naturale, raffreddato ad acqua (una delle controversie delle generazioni 996). Tuttavia, ha un cambio manuale a 6 marce, il che la rende ancora pi\u00f9 rara e un must per ogni collezionista di modelli specifici di 911. Con 320 CV e una carrozzeria leggera, questa 911 Targa \u00e8 pronta a scattare a 100 km\/h (62 mph) in soli 5,2 secondi e a raggiungere i 285 km\/h (177 mph). \u00c8 interessante notare che la versione manuale di questo modello \u00e8 significativamente pi\u00f9 veloce di quella automatica, il che rende quest&#8217;auto ancora pi\u00f9 desiderabile. Il fatto di avere tutti i vantaggi di una cabriolet, un&#8217;eccellente visibilit\u00e0 e una sensazione di aria aperta con la praticit\u00e0 e il comfort di una coup\u00e9 trasforma questa 911 Targa blu in una macchina da guida molto versatile, con un&#8217;importante colonna sonora flat-six e un cambio manuale.<\/p>\n<p><strong>Interno<\/strong><\/p>\n<p>Trattandosi di un esemplare a basso chilometraggio, gli interni sono in condizioni immacolate, totalmente originali e con opzioni desiderabili. Rifinita in colore grigio Savannah, \u00e8 dotata di sistema di infotainment, audio premium con 6 caricatori CD (period correct), pelle e sedili controllabili elettronicamente. La qualit\u00e0 degli interni Porsche \u00e8 ben nota in tutto il settore e questa 911 Targa del 2004 non \u00e8 da meno. La pelle \u00e8 in perfette condizioni; non ci sono graffi sul cruscotto, sulle portiere o sulla console centrale. Sono presenti anche sedili posteriori utilizzabili, ideali per i bambini.<\/p>\n<p><strong>Condizione<\/strong><\/p>\n<p>Con soli 39.037 chilometri dal nuovo, questa 911 Targa \u00e8 in condizioni immacolate e curata con attenzione da tutti i suoi utenti. Il veicolo era ovviamente poco usato e ben tenuto, come risulta dai registri. L&#8217;attuale proprietario \u00e8 un concessionario in Spagna e l&#8217;ultimo tagliando \u00e8 stato effettuato nell&#8217;aprile del 2023, mentre i freni sono stati revisionati solo pochi giorni fa, nell&#8217;ottobre del 2023. La parte inferiore delle Porsche \u00e8 in alluminio, quindi non pu\u00f2 arrugginire. Tuttavia, come si pu\u00f2 vedere nelle ultime foto della parte inferiore, c&#8217;\u00e8 un po&#8217; di sporco secco che il venditore pulir\u00e0 per l&#8217;acquirente al termine dell&#8217;asta. L&#8217;auto \u00e8 pronta per essere guidata ovunque ed \u00e8 probabilmente uno dei migliori esempi di 911 996 Targa con cambio manuale che si possano trovare.<\/p>\n<p><strong>Esterni e ruote<\/strong><\/p>\n<p>Con una carrozzeria non segnata rifinita in blu notte e interni grigi, questa 911 Targa \u00e8 una macchina dall&#8217;aspetto splendido senza graffi, danni o ammaccature. Il materiale rotabile \u00e8 costituito da cerchi da 18 pollici forniti dalla fabbrica e rivestiti di gomma Bridgestone Potenza. I pneumatici sono del 2020 e hanno percorso pochissimi chilometri. Non ci sono modifiche e questa 996 Targa \u00e8 in condizioni di consegna.<\/p>\n<p><strong>Documentazione<\/strong><\/p>\n<p>Questo veicolo viene venduto dal concessionario con la relativa documentazione e si trova in Spagna. Il rapporto CarFax \u00e8 pulito; non esistono prove di incidenti, riparazioni di incidenti, propriet\u00e0 o problemi legali. Sono presenti i registri della manutenzione regolare, nonch\u00e9 le brochure e le ricevute originali della fabbrica.<\/p>\n<p><strong>Guardate il video dell&#8217;avviamento a freddo di questa bellissima Porsche 911 Targa :<\/strong><\/p>\n<p><iframe title=\"Cold Start Video of the Porsche 911 996 Targa for auction sale\" width=\"1200\" height=\"675\" src=\"https:\/\/www.youtube.com\/embed\/pOCqegVAqt8?feature=oembed\" frameborder=\"0\" allow=\"accelerometer; autoplay; clipboard-write; encrypted-media; gyroscope; picture-in-picture; web-share\" allowfullscreen><\/iframe><\/p>\n","protected":false},"excerpt":{"rendered":"<p>La generazione 996 della venerabile Porsche 911 fu molto controversa quando fu lanciata alla fine degli anni &#8217;90. Da allora, tuttavia, \u00e8 stata riconosciuta come parte integrante della leggenda della 911, un modello immensamente importante per l&#8217;azienda e la prima 911 dell&#8217;era moderna. Grazie al suo design caratteristico, all&#8217;ampia gamma di modelli e alle specifiche tecniche, i collezionisti hanno iniziato a scoprire i veri gioielli della 996 911. Oggi siamo orgogliosi di presentare un modello di questo tipo, una versione rara nelle specifiche ideali che attirer\u00e0 l&#8217;attenzione di tutti gli appassionati di 911.<\/p>\n","protected":false},"featured_media":59806,"comment_status":"open","ping_status":"closed","template":"","meta":{"inline_featured_image":false},"product_cat":[742],"product_tag":[2354,2327,972,2324],"acf":[],"yoast_head":"<!-- This site is optimized with the Yoast SEO plugin v22.5 - https:\/\/yoast.com\/wordpress\/plugins\/seo\/ -->\n<title>asta - %<\/title>\n<meta name=\"robots\" content=\"index, follow, max-snippet:-1, max-image-preview:large, max-video-preview:-1\" \/>\n<link rel=\"canonical\" href=\"https:\/\/pistonaddict.com\/it\/product\/porsche-911-996-targa\/\" \/>\n<meta property=\"og:locale\" content=\"it_IT\" \/>\n<meta property=\"og:type\" content=\"article\" \/>\n<meta property=\"og:title\" content=\"asta - %\" \/>\n<meta property=\"og:description\" content=\"La generazione 996 della venerabile Porsche 911 fu molto controversa quando fu lanciata alla fine degli anni &#039;90. Da allora, tuttavia, \u00e8 stata riconosciuta come parte integrante della leggenda della 911, un modello immensamente importante per l&#039;azienda e la prima 911 dell&#039;era moderna. Grazie al suo design caratteristico, all&#039;ampia gamma di modelli e alle specifiche tecniche, i collezionisti hanno iniziato a scoprire i veri gioielli della 996 911. Oggi siamo orgogliosi di presentare un modello di questo tipo, una versione rara nelle specifiche ideali che attirer\u00e0 l&#039;attenzione di tutti gli appassionati di 911.\" \/>\n<meta property=\"og:url\" content=\"https:\/\/pistonaddict.com\/it\/product\/porsche-911-996-targa\/\" \/>\n<meta property=\"og:site_name\" content=\"Piston Addict\" \/>\n<meta property=\"article:modified_time\" content=\"2024-03-20T08:39:25+00:00\" \/>\n<meta property=\"og:image\" content=\"https:\/\/pistonaddict.com\/wp-content\/uploads\/2023\/10\/image00032-1-scaled.jpeg\" \/>\n\t<meta property=\"og:image:width\" content=\"2560\" \/>\n\t<meta property=\"og:image:height\" content=\"1920\" \/>\n\t<meta property=\"og:image:type\" content=\"image\/jpeg\" \/>\n<meta name=\"twitter:card\" content=\"summary_large_image\" \/>\n<meta name=\"twitter:label1\" content=\"Tempo di lettura stimato\" \/>\n\t<meta name=\"twitter:data1\" content=\"3 minuti\" \/>\n<script type=\"application\/ld+json\" class=\"yoast-schema-graph\">{\"@context\":\"https:\/\/schema.org\",\"@graph\":[{\"@type\":\"WebPage\",\"@id\":\"https:\/\/pistonaddict.com\/it\/product\/porsche-911-996-targa\/\",\"url\":\"https:\/\/pistonaddict.com\/it\/product\/porsche-911-996-targa\/\",\"name\":\"asta - %\",\"isPartOf\":{\"@id\":\"https:\/\/pistonaddict.com\/it\/#website\"},\"primaryImageOfPage\":{\"@id\":\"https:\/\/pistonaddict.com\/it\/product\/porsche-911-996-targa\/#primaryimage\"},\"image\":{\"@id\":\"https:\/\/pistonaddict.com\/it\/product\/porsche-911-996-targa\/#primaryimage\"},\"thumbnailUrl\":\"https:\/\/pistonaddict.com\/wp-content\/uploads\/2023\/10\/image00032-1-scaled.jpeg\",\"datePublished\":\"2023-10-25T17:30:40+00:00\",\"dateModified\":\"2024-03-20T08:39:25+00:00\",\"breadcrumb\":{\"@id\":\"https:\/\/pistonaddict.com\/it\/product\/porsche-911-996-targa\/#breadcrumb\"},\"inLanguage\":\"it-IT\",\"potentialAction\":[{\"@type\":\"ReadAction\",\"target\":[\"https:\/\/pistonaddict.com\/it\/product\/porsche-911-996-targa\/\"]}]},{\"@type\":\"ImageObject\",\"inLanguage\":\"it-IT\",\"@id\":\"https:\/\/pistonaddict.com\/it\/product\/porsche-911-996-targa\/#primaryimage\",\"url\":\"https:\/\/pistonaddict.com\/wp-content\/uploads\/2023\/10\/image00032-1-scaled.jpeg\",\"contentUrl\":\"https:\/\/pistonaddict.com\/wp-content\/uploads\/2023\/10\/image00032-1-scaled.jpeg\",\"width\":2560,\"height\":1920},{\"@type\":\"BreadcrumbList\",\"@id\":\"https:\/\/pistonaddict.com\/it\/product\/porsche-911-996-targa\/#breadcrumb\",\"itemListElement\":[{\"@type\":\"ListItem\",\"position\":1,\"name\":\"accoglienza\",\"item\":\"https:\/\/pistonaddict.com\/it\/homepage\/\"},{\"@type\":\"ListItem\",\"position\":2,\"name\":\"Auctions\",\"item\":\"https:\/\/pistonaddict.com\/auctions-listing\/\"},{\"@type\":\"ListItem\",\"position\":3,\"name\":\"Porsche 911 (996) Targa\"}]},{\"@type\":\"WebSite\",\"@id\":\"https:\/\/pistonaddict.com\/it\/#website\",\"url\":\"https:\/\/pistonaddict.com\/it\/\",\"name\":\"Piston Addict\",\"description\":\"Only interesting vehicles\",\"publisher\":{\"@id\":\"https:\/\/pistonaddict.com\/it\/#organization\"},\"potentialAction\":[{\"@type\":\"SearchAction\",\"target\":{\"@type\":\"EntryPoint\",\"urlTemplate\":\"https:\/\/pistonaddict.com\/it\/?s={search_term_string}\"},\"query-input\":\"required name=search_term_string\"}],\"inLanguage\":\"it-IT\"},{\"@type\":\"Organization\",\"@id\":\"https:\/\/pistonaddict.com\/it\/#organization\",\"name\":\"Piston Addict\",\"url\":\"https:\/\/pistonaddict.com\/it\/\",\"logo\":{\"@type\":\"ImageObject\",\"inLanguage\":\"it-IT\",\"@id\":\"https:\/\/pistonaddict.com\/it\/#\/schema\/logo\/image\/\",\"url\":\"https:\/\/pistonaddict.com\/wp-content\/uploads\/2022\/07\/logo-6.png\",\"contentUrl\":\"https:\/\/pistonaddict.com\/wp-content\/uploads\/2022\/07\/logo-6.png\",\"width\":970,\"height\":200,\"caption\":\"Piston Addict\"},\"image\":{\"@id\":\"https:\/\/pistonaddict.com\/it\/#\/schema\/logo\/image\/\"}}]}<\/script>\n<!-- \/ Yoast SEO plugin. -->","yoast_head_json":{"title":"asta - %","robots":{"index":"index","follow":"follow","max-snippet":"max-snippet:-1","max-image-preview":"max-image-preview:large","max-video-preview":"max-video-preview:-1"},"canonical":"https:\/\/pistonaddict.com\/it\/product\/porsche-911-996-targa\/","og_locale":"it_IT","og_type":"article","og_title":"asta - %","og_description":"La generazione 996 della venerabile Porsche 911 fu molto controversa quando fu lanciata alla fine degli anni '90. Da allora, tuttavia, \u00e8 stata riconosciuta come parte integrante della leggenda della 911, un modello immensamente importante per l'azienda e la prima 911 dell'era moderna. Grazie al suo design caratteristico, all'ampia gamma di modelli e alle specifiche tecniche, i collezionisti hanno iniziato a scoprire i veri gioielli della 996 911. Oggi siamo orgogliosi di presentare un modello di questo tipo, una versione rara nelle specifiche ideali che attirer\u00e0 l'attenzione di tutti gli appassionati di 911.","og_url":"https:\/\/pistonaddict.com\/it\/product\/porsche-911-996-targa\/","og_site_name":"Piston Addict","article_modified_time":"2024-03-20T08:39:25+00:00","og_image":[{"width":2560,"height":1920,"url":"https:\/\/pistonaddict.com\/wp-content\/uploads\/2023\/10\/image00032-1-scaled.jpeg","type":"image\/jpeg"}],"twitter_card":"summary_large_image","twitter_misc":{"Tempo di lettura stimato":"3 minuti"},"schema":{"@context":"https:\/\/schema.org","@graph":[{"@type":"WebPage","@id":"https:\/\/pistonaddict.com\/it\/product\/porsche-911-996-targa\/","url":"https:\/\/pistonaddict.com\/it\/product\/porsche-911-996-targa\/","name":"asta - %","isPartOf":{"@id":"https:\/\/pistonaddict.com\/it\/#website"},"primaryImageOfPage":{"@id":"https:\/\/pistonaddict.com\/it\/product\/porsche-911-996-targa\/#primaryimage"},"image":{"@id":"https:\/\/pistonaddict.com\/it\/product\/porsche-911-996-targa\/#primaryimage"},"thumbnailUrl":"https:\/\/pistonaddict.com\/wp-content\/uploads\/2023\/10\/image00032-1-scaled.jpeg","datePublished":"2023-10-25T17:30:40+00:00","dateModified":"2024-03-20T08:39:25+00:00","breadcrumb":{"@id":"https:\/\/pistonaddict.com\/it\/product\/porsche-911-996-targa\/#breadcrumb"},"inLanguage":"it-IT","potentialAction":[{"@type":"ReadAction","target":["https:\/\/pistonaddict.com\/it\/product\/porsche-911-996-targa\/"]}]},{"@type":"ImageObject","inLanguage":"it-IT","@id":"https:\/\/pistonaddict.com\/it\/product\/porsche-911-996-targa\/#primaryimage","url":"https:\/\/pistonaddict.com\/wp-content\/uploads\/2023\/10\/image00032-1-scaled.jpeg","contentUrl":"https:\/\/pistonaddict.com\/wp-content\/uploads\/2023\/10\/image00032-1-scaled.jpeg","width":2560,"height":1920},{"@type":"BreadcrumbList","@id":"https:\/\/pistonaddict.com\/it\/product\/porsche-911-996-targa\/#breadcrumb","itemListElement":[{"@type":"ListItem","position":1,"name":"accoglienza","item":"https:\/\/pistonaddict.com\/it\/homepage\/"},{"@type":"ListItem","position":2,"name":"Auctions","item":"https:\/\/pistonaddict.com\/auctions-listing\/"},{"@type":"ListItem","position":3,"name":"Porsche 911 (996) Targa"}]},{"@type":"WebSite","@id":"https:\/\/pistonaddict.com\/it\/#website","url":"https:\/\/pistonaddict.com\/it\/","name":"Piston Addict","description":"Only interesting vehicles","publisher":{"@id":"https:\/\/pistonaddict.com\/it\/#organization"},"potentialAction":[{"@type":"SearchAction","target":{"@type":"EntryPoint","urlTemplate":"https:\/\/pistonaddict.com\/it\/?s={search_term_string}"},"query-input":"required name=search_term_string"}],"inLanguage":"it-IT"},{"@type":"Organization","@id":"https:\/\/pistonaddict.com\/it\/#organization","name":"Piston Addict","url":"https:\/\/pistonaddict.com\/it\/","logo":{"@type":"ImageObject","inLanguage":"it-IT","@id":"https:\/\/pistonaddict.com\/it\/#\/schema\/logo\/image\/","url":"https:\/\/pistonaddict.com\/wp-content\/uploads\/2022\/07\/logo-6.png","contentUrl":"https:\/\/pistonaddict.com\/wp-content\/uploads\/2022\/07\/logo-6.png","width":970,"height":200,"caption":"Piston Addict"},"image":{"@id":"https:\/\/pistonaddict.com\/it\/#\/schema\/logo\/image\/"}}]}},"_links":{"self":[{"href":"https:\/\/pistonaddict.com\/it\/wp-json\/wp\/v2\/product\/62911"}],"collection":[{"href":"https:\/\/pistonaddict.com\/it\/wp-json\/wp\/v2\/product"}],"about":[{"href":"https:\/\/pistonaddict.com\/it\/wp-json\/wp\/v2\/types\/product"}],"replies":[{"embeddable":true,"href":"https:\/\/pistonaddict.com\/it\/wp-json\/wp\/v2\/comments?post=62911"}],"wp:featuredmedia":[{"embeddable":true,"href":"https:\/\/pistonaddict.com\/it\/wp-json\/wp\/v2\/media\/59806"}],"wp:attachment":[{"href":"https:\/\/pistonaddict.com\/it\/wp-json\/wp\/v2\/media?parent=62911"}],"wp:term":[{"taxonomy":"product_cat","embeddable":true,"href":"https:\/\/pistonaddict.com\/it\/wp-json\/wp\/v2\/product_cat?post=62911"},{"taxonomy":"product_tag","embeddable":true,"href":"https:\/\/pistonaddict.com\/it\/wp-json\/wp\/v2\/product_tag?post=62911"}],"curies":[{"name":"wp","href":"https:\/\/api.w.org\/{rel}","templated":true}]}}