{"id":55256,"date":"2023-10-13T09:36:04","date_gmt":"2023-10-13T07:36:04","guid":{"rendered":"https:\/\/pistonaddict.com\/product\/porsche-cayman-s-3-4-325-cv\/"},"modified":"2024-03-19T17:03:41","modified_gmt":"2024-03-19T16:03:41","slug":"porsche-cayman-s-3-4-325-cv","status":"publish","type":"product","link":"https:\/\/pistonaddict.com\/it\/product\/porsche-cayman-s-3-4-325-cv\/","title":{"rendered":"Porsche Cayman S 3.4 325 CV"},"content":{"rendered":"<p><strong>Storia dell&#8217;auto<\/strong><\/p>\n<p>Questa Cayman S bianca del 2016 \u00e8 stata inizialmente venduta in Germania ma si \u00e8 trasferita in Italia, dove \u00e8 stata importata dall&#8217;attuale proprietario, un concessionario di auto sportive. Il 2016 \u00e8 l&#8217;ultimo anno della generazione 981 della Cayman, un fatto significativo per diversi motivi. Soprattutto perch\u00e9 la Cayman S monta il rinnovato motore flat-six da 3,4 litri della Porsche 911 Carrera, risolvendo una delle controversie pi\u00f9 importanti della comunit\u00e0 Porsche moderna. Per anni \u00e8 circolata la voce che Porsche avesse paura di montare il motore della 911 sulla Cayman, temendo che potesse offrire un&#8217;esperienza di guida ancora migliore. Questa \u00e8 la prima Cayman con un motore 911. Con 325 CV di potenza, un cambio PDK a 7 rapporti fulmineo e sospensioni appositamente tarate, la Cayman S 2016 \u00e8 in grado di raggiungere i 100 km\/h in soli 4,8 secondi e di raggiungere i 283 km\/h di velocit\u00e0 massima. Tuttavia, non si tratta di numeri, anche se sono fantastici. La Cayman S ha un motore centrale, una carrozzeria leggera, uno sterzo preciso e freni eccellenti, motivo per cui rende cos\u00ec nervosi molti proprietari di 911. La combinazione di un motore ad alta velocit\u00e0 e ad aspirazione naturale, di un telaio agile e di una dinamica di guida perfetta \u00e8 ancora oggi considerata dal pubblico delle auto sportive come una delle auto pi\u00f9 ideali per i piloti mai realizzate.<\/p>\n<p><strong>Interno<\/strong><\/p>\n<p>Poich\u00e9 questa Porsche Cayman S del 2016 \u00e8 un esemplare a basso chilometraggio, gli interni sono privi di segni e in condizioni eccellenti, come previsto. Il proprietario originale l&#8217;ha ispezionata con cura, con alcune opzioni desiderabili che il prossimo proprietario apprezzer\u00e0. I sedili sportivi a regolazione elettronica, il sistema di infotainment con display digitale integrato e il volante multifunzione elevano l&#8217;esperienza di guida a un livello superiore. La qualit\u00e0 degli interni, tipica di Porsche, \u00e8 visibile, cos\u00ec come la notevole cura delle finiture.<\/p>\n<p><strong>Condizione<\/strong><\/p>\n<p>Questa immacolata Porsche Cayman S ha percorso poco pi\u00f9 di 33.000 chilometri negli ultimi sette anni. Un chilometraggio cos\u00ec basso, un paio di proprietari attenti e una corretta documentazione sulla manutenzione garantiscono che l&#8217;auto sia in perfette condizioni. Il venditore \u00e8 un rivenditore di auto sportive molto rispettabile in Italia, ed \u00e8 cos\u00ec sicuro delle condizioni generali di questa Cayman S che l&#8217;<strong>auto viene fornita con una garanzia di 12 mesi<\/strong>, che \u00e8 molto importante e separa questo veicolo da altri simili che si possono trovare in vendita. Esistono registri di manutenzione e servizi significativi eseguiti nel 2021.<\/p>\n<p><strong>Esterni e ruote<\/strong><\/p>\n<p>L&#8217;elegante esterno bianco non presenta graffi o ammaccature e l&#8217;auto presenta un interessante dettaglio grafico sui pannelli laterali, che \u00e8 originale di fabbrica e serve a dimostrare che questa Cayman non \u00e8 un modello base. L&#8217;aspetto sportivo \u00e8 completato da cerchi da 20 pollici, gli stessi utilizzati sulle 911 d&#8217;epoca, avvolti da pneumatici Michelin Pilot Sport 4S quasi nuovi, noti come la scelta degli automobilisti appassionati. Non ci sono modifiche e questa Cayman \u00e8 in condizioni originali ideali.<\/p>\n<p><strong>Documentazione<\/strong><\/p>\n<p>Questo veicolo viene venduto dal concessionario con la relativa documentazione e si trova in Italia. Il rapporto <a href=\"https:\/\/pistonaddict.com\/wp-content\/uploads\/2023\/10\/CARFAX-Vehicle-History-Report-PORSCHE-WP0ZZZ98ZGK181513.pdf\" target=\"_blank\" rel=\"noopener\">CarFax<\/a> \u00e8 pulito; non esistono prove di incidenti, riparazioni di incidenti, propriet\u00e0 o problemi legali. Il venditore ci ha comunque informato che nel 2017 si \u00e8 verificato un incidente con una moto, l&#8217;elemento interessato, il cofano anteriore, \u00e8 stato ovviamente riparato. Sono presenti i registri della manutenzione regolare, nonch\u00e9 le brochure e le ricevute originali della fabbrica. La garanzia di 12 mesi del concessionario \u00e8 inclusa nella vendita. <strong>Inoltre, se vivete in Europa, il venditore \u00e8 in grado di occuparsi del trasporto per voi e di portare il veicolo a casa vostra.<\/strong><\/p>\n<p><strong> <\/strong><\/p>\n<p>Guardate il video della scoperta di questa bellissima Porsche Cayman S :<\/p>\n<p><iframe title=\"Video of the Porsche Cayman S for auction sale\" width=\"1200\" height=\"675\" src=\"https:\/\/www.youtube.com\/embed\/-29PE_JnFJM?feature=oembed\" frameborder=\"0\" allow=\"accelerometer; autoplay; clipboard-write; encrypted-media; gyroscope; picture-in-picture; web-share\" allowfullscreen><\/iframe><\/p>\n","protected":false},"excerpt":{"rendered":"<p>Come azienda che ha sempre cercato di inseguire la perfezione delle auto sportive, Porsche ha risposto alle critiche nel miglior modo possibile, presentando il modello dedicato ai piloti che \u00e8 universalmente amato e lodato. Quando la Cayman di prima generazione ha debuttato, era tutto ci\u00f2 che gli appassionati desideravano, con il 90% delle sensazioni della Porsche 911 al 60% del prezzo. La Cayman era un&#8217;auto pi\u00f9 leggera, pi\u00f9 precisa e pi\u00f9 coinvolgente, mentre la versione S era un&#8217;auto sportiva perfettamente equilibrata. Ecco un esempio particolarmente interessante in condizioni ideali. <strong>Per accedere a questa asta \u00e8 necessario <a href=\"https:\/\/pistonaddict.com\/it\/il-mio-account\/\">creare un account<\/a>.<\/strong><\/p>\n","protected":false},"featured_media":55125,"comment_status":"open","ping_status":"closed","template":"","meta":{"inline_featured_image":false},"product_cat":[742],"product_tag":[2244,2241,939,2239],"acf":[],"yoast_head":"<!-- This site is optimized with the Yoast SEO plugin v22.5 - https:\/\/yoast.com\/wordpress\/plugins\/seo\/ -->\n<title>asta - %<\/title>\n<meta name=\"robots\" content=\"index, follow, max-snippet:-1, max-image-preview:large, max-video-preview:-1\" \/>\n<link rel=\"canonical\" href=\"https:\/\/pistonaddict.com\/it\/product\/porsche-cayman-s-3-4-325-cv\/\" \/>\n<meta property=\"og:locale\" content=\"it_IT\" \/>\n<meta property=\"og:type\" content=\"article\" \/>\n<meta property=\"og:title\" content=\"asta - %\" \/>\n<meta property=\"og:description\" content=\"Come azienda che ha sempre cercato di inseguire la perfezione delle auto sportive, Porsche ha risposto alle critiche nel miglior modo possibile, presentando il modello dedicato ai piloti che \u00e8 universalmente amato e lodato. Quando la Cayman di prima generazione ha debuttato, era tutto ci\u00f2 che gli appassionati desideravano, con il 90% delle sensazioni della Porsche 911 al 60% del prezzo. La Cayman era un&#039;auto pi\u00f9 leggera, pi\u00f9 precisa e pi\u00f9 coinvolgente, mentre la versione S era un&#039;auto sportiva perfettamente equilibrata. Ecco un esempio particolarmente interessante in condizioni ideali. Per accedere a questa asta \u00e8 necessario creare un account.\" \/>\n<meta property=\"og:url\" content=\"https:\/\/pistonaddict.com\/it\/product\/porsche-cayman-s-3-4-325-cv\/\" \/>\n<meta property=\"og:site_name\" content=\"Piston Addict\" \/>\n<meta property=\"article:modified_time\" content=\"2024-03-19T16:03:41+00:00\" \/>\n<meta property=\"og:image\" content=\"https:\/\/pistonaddict.com\/wp-content\/uploads\/2023\/10\/CAYMAN-1.png\" \/>\n\t<meta property=\"og:image:width\" content=\"1887\" \/>\n\t<meta property=\"og:image:height\" content=\"781\" \/>\n\t<meta property=\"og:image:type\" content=\"image\/png\" \/>\n<meta name=\"twitter:card\" content=\"summary_large_image\" \/>\n<meta name=\"twitter:label1\" content=\"Tempo di lettura stimato\" \/>\n\t<meta name=\"twitter:data1\" content=\"3 minuti\" \/>\n<script type=\"application\/ld+json\" class=\"yoast-schema-graph\">{\"@context\":\"https:\/\/schema.org\",\"@graph\":[{\"@type\":\"WebPage\",\"@id\":\"https:\/\/pistonaddict.com\/it\/product\/porsche-cayman-s-3-4-325-cv\/\",\"url\":\"https:\/\/pistonaddict.com\/it\/product\/porsche-cayman-s-3-4-325-cv\/\",\"name\":\"asta - %\",\"isPartOf\":{\"@id\":\"https:\/\/pistonaddict.com\/it\/#website\"},\"primaryImageOfPage\":{\"@id\":\"https:\/\/pistonaddict.com\/it\/product\/porsche-cayman-s-3-4-325-cv\/#primaryimage\"},\"image\":{\"@id\":\"https:\/\/pistonaddict.com\/it\/product\/porsche-cayman-s-3-4-325-cv\/#primaryimage\"},\"thumbnailUrl\":\"https:\/\/pistonaddict.com\/wp-content\/uploads\/2023\/10\/CAYMAN-1.png\",\"datePublished\":\"2023-10-13T07:36:04+00:00\",\"dateModified\":\"2024-03-19T16:03:41+00:00\",\"breadcrumb\":{\"@id\":\"https:\/\/pistonaddict.com\/it\/product\/porsche-cayman-s-3-4-325-cv\/#breadcrumb\"},\"inLanguage\":\"it-IT\",\"potentialAction\":[{\"@type\":\"ReadAction\",\"target\":[\"https:\/\/pistonaddict.com\/it\/product\/porsche-cayman-s-3-4-325-cv\/\"]}]},{\"@type\":\"ImageObject\",\"inLanguage\":\"it-IT\",\"@id\":\"https:\/\/pistonaddict.com\/it\/product\/porsche-cayman-s-3-4-325-cv\/#primaryimage\",\"url\":\"https:\/\/pistonaddict.com\/wp-content\/uploads\/2023\/10\/CAYMAN-1.png\",\"contentUrl\":\"https:\/\/pistonaddict.com\/wp-content\/uploads\/2023\/10\/CAYMAN-1.png\",\"width\":1887,\"height\":781},{\"@type\":\"BreadcrumbList\",\"@id\":\"https:\/\/pistonaddict.com\/it\/product\/porsche-cayman-s-3-4-325-cv\/#breadcrumb\",\"itemListElement\":[{\"@type\":\"ListItem\",\"position\":1,\"name\":\"accoglienza\",\"item\":\"https:\/\/pistonaddict.com\/it\/homepage\/\"},{\"@type\":\"ListItem\",\"position\":2,\"name\":\"Auctions\",\"item\":\"https:\/\/pistonaddict.com\/auctions-listing\/\"},{\"@type\":\"ListItem\",\"position\":3,\"name\":\"Porsche Cayman S 3.4 325 CV\"}]},{\"@type\":\"WebSite\",\"@id\":\"https:\/\/pistonaddict.com\/it\/#website\",\"url\":\"https:\/\/pistonaddict.com\/it\/\",\"name\":\"Piston Addict\",\"description\":\"Only interesting vehicles\",\"publisher\":{\"@id\":\"https:\/\/pistonaddict.com\/it\/#organization\"},\"potentialAction\":[{\"@type\":\"SearchAction\",\"target\":{\"@type\":\"EntryPoint\",\"urlTemplate\":\"https:\/\/pistonaddict.com\/it\/?s={search_term_string}\"},\"query-input\":\"required name=search_term_string\"}],\"inLanguage\":\"it-IT\"},{\"@type\":\"Organization\",\"@id\":\"https:\/\/pistonaddict.com\/it\/#organization\",\"name\":\"Piston Addict\",\"url\":\"https:\/\/pistonaddict.com\/it\/\",\"logo\":{\"@type\":\"ImageObject\",\"inLanguage\":\"it-IT\",\"@id\":\"https:\/\/pistonaddict.com\/it\/#\/schema\/logo\/image\/\",\"url\":\"https:\/\/pistonaddict.com\/wp-content\/uploads\/2022\/07\/logo-6.png\",\"contentUrl\":\"https:\/\/pistonaddict.com\/wp-content\/uploads\/2022\/07\/logo-6.png\",\"width\":970,\"height\":200,\"caption\":\"Piston Addict\"},\"image\":{\"@id\":\"https:\/\/pistonaddict.com\/it\/#\/schema\/logo\/image\/\"}}]}<\/script>\n<!-- \/ Yoast SEO plugin. -->","yoast_head_json":{"title":"asta - %","robots":{"index":"index","follow":"follow","max-snippet":"max-snippet:-1","max-image-preview":"max-image-preview:large","max-video-preview":"max-video-preview:-1"},"canonical":"https:\/\/pistonaddict.com\/it\/product\/porsche-cayman-s-3-4-325-cv\/","og_locale":"it_IT","og_type":"article","og_title":"asta - %","og_description":"Come azienda che ha sempre cercato di inseguire la perfezione delle auto sportive, Porsche ha risposto alle critiche nel miglior modo possibile, presentando il modello dedicato ai piloti che \u00e8 universalmente amato e lodato. Quando la Cayman di prima generazione ha debuttato, era tutto ci\u00f2 che gli appassionati desideravano, con il 90% delle sensazioni della Porsche 911 al 60% del prezzo. La Cayman era un'auto pi\u00f9 leggera, pi\u00f9 precisa e pi\u00f9 coinvolgente, mentre la versione S era un'auto sportiva perfettamente equilibrata. Ecco un esempio particolarmente interessante in condizioni ideali. Per accedere a questa asta \u00e8 necessario creare un account.","og_url":"https:\/\/pistonaddict.com\/it\/product\/porsche-cayman-s-3-4-325-cv\/","og_site_name":"Piston Addict","article_modified_time":"2024-03-19T16:03:41+00:00","og_image":[{"width":1887,"height":781,"url":"https:\/\/pistonaddict.com\/wp-content\/uploads\/2023\/10\/CAYMAN-1.png","type":"image\/png"}],"twitter_card":"summary_large_image","twitter_misc":{"Tempo di lettura stimato":"3 minuti"},"schema":{"@context":"https:\/\/schema.org","@graph":[{"@type":"WebPage","@id":"https:\/\/pistonaddict.com\/it\/product\/porsche-cayman-s-3-4-325-cv\/","url":"https:\/\/pistonaddict.com\/it\/product\/porsche-cayman-s-3-4-325-cv\/","name":"asta - %","isPartOf":{"@id":"https:\/\/pistonaddict.com\/it\/#website"},"primaryImageOfPage":{"@id":"https:\/\/pistonaddict.com\/it\/product\/porsche-cayman-s-3-4-325-cv\/#primaryimage"},"image":{"@id":"https:\/\/pistonaddict.com\/it\/product\/porsche-cayman-s-3-4-325-cv\/#primaryimage"},"thumbnailUrl":"https:\/\/pistonaddict.com\/wp-content\/uploads\/2023\/10\/CAYMAN-1.png","datePublished":"2023-10-13T07:36:04+00:00","dateModified":"2024-03-19T16:03:41+00:00","breadcrumb":{"@id":"https:\/\/pistonaddict.com\/it\/product\/porsche-cayman-s-3-4-325-cv\/#breadcrumb"},"inLanguage":"it-IT","potentialAction":[{"@type":"ReadAction","target":["https:\/\/pistonaddict.com\/it\/product\/porsche-cayman-s-3-4-325-cv\/"]}]},{"@type":"ImageObject","inLanguage":"it-IT","@id":"https:\/\/pistonaddict.com\/it\/product\/porsche-cayman-s-3-4-325-cv\/#primaryimage","url":"https:\/\/pistonaddict.com\/wp-content\/uploads\/2023\/10\/CAYMAN-1.png","contentUrl":"https:\/\/pistonaddict.com\/wp-content\/uploads\/2023\/10\/CAYMAN-1.png","width":1887,"height":781},{"@type":"BreadcrumbList","@id":"https:\/\/pistonaddict.com\/it\/product\/porsche-cayman-s-3-4-325-cv\/#breadcrumb","itemListElement":[{"@type":"ListItem","position":1,"name":"accoglienza","item":"https:\/\/pistonaddict.com\/it\/homepage\/"},{"@type":"ListItem","position":2,"name":"Auctions","item":"https:\/\/pistonaddict.com\/auctions-listing\/"},{"@type":"ListItem","position":3,"name":"Porsche Cayman S 3.4 325 CV"}]},{"@type":"WebSite","@id":"https:\/\/pistonaddict.com\/it\/#website","url":"https:\/\/pistonaddict.com\/it\/","name":"Piston Addict","description":"Only interesting vehicles","publisher":{"@id":"https:\/\/pistonaddict.com\/it\/#organization"},"potentialAction":[{"@type":"SearchAction","target":{"@type":"EntryPoint","urlTemplate":"https:\/\/pistonaddict.com\/it\/?s={search_term_string}"},"query-input":"required name=search_term_string"}],"inLanguage":"it-IT"},{"@type":"Organization","@id":"https:\/\/pistonaddict.com\/it\/#organization","name":"Piston Addict","url":"https:\/\/pistonaddict.com\/it\/","logo":{"@type":"ImageObject","inLanguage":"it-IT","@id":"https:\/\/pistonaddict.com\/it\/#\/schema\/logo\/image\/","url":"https:\/\/pistonaddict.com\/wp-content\/uploads\/2022\/07\/logo-6.png","contentUrl":"https:\/\/pistonaddict.com\/wp-content\/uploads\/2022\/07\/logo-6.png","width":970,"height":200,"caption":"Piston Addict"},"image":{"@id":"https:\/\/pistonaddict.com\/it\/#\/schema\/logo\/image\/"}}]}},"_links":{"self":[{"href":"https:\/\/pistonaddict.com\/it\/wp-json\/wp\/v2\/product\/55256"}],"collection":[{"href":"https:\/\/pistonaddict.com\/it\/wp-json\/wp\/v2\/product"}],"about":[{"href":"https:\/\/pistonaddict.com\/it\/wp-json\/wp\/v2\/types\/product"}],"replies":[{"embeddable":true,"href":"https:\/\/pistonaddict.com\/it\/wp-json\/wp\/v2\/comments?post=55256"}],"wp:featuredmedia":[{"embeddable":true,"href":"https:\/\/pistonaddict.com\/it\/wp-json\/wp\/v2\/media\/55125"}],"wp:attachment":[{"href":"https:\/\/pistonaddict.com\/it\/wp-json\/wp\/v2\/media?parent=55256"}],"wp:term":[{"taxonomy":"product_cat","embeddable":true,"href":"https:\/\/pistonaddict.com\/it\/wp-json\/wp\/v2\/product_cat?post=55256"},{"taxonomy":"product_tag","embeddable":true,"href":"https:\/\/pistonaddict.com\/it\/wp-json\/wp\/v2\/product_tag?post=55256"}],"curies":[{"name":"wp","href":"https:\/\/api.w.org\/{rel}","templated":true}]}}