{"id":53498,"date":"2023-10-06T11:28:15","date_gmt":"2023-10-06T09:28:15","guid":{"rendered":"https:\/\/pistonaddict.com\/product\/porsche-911-carrera-2-cabrio-997\/"},"modified":"2023-12-20T09:48:56","modified_gmt":"2023-12-20T08:48:56","slug":"porsche-911-carrera-2-cabrio-997","status":"publish","type":"product","link":"https:\/\/pistonaddict.com\/it\/product\/porsche-911-carrera-2-cabrio-997\/","title":{"rendered":"Porsche 911 Carrera 2 Cabrio (997)"},"content":{"rendered":"<p><strong>Storia dell&#8217;auto<\/strong><\/p>\n<p>Questa Porsche 911 Carrera 2 Cabrio &#8220;Guards Red&#8221; \u00e8 stata prodotta nel dicembre 2006 e venduta nuova in Spagna, dove ha trascorso tutta la sua vita. L&#8217;attuale proprietario l&#8217;ha acquistata nel 2021. Questa cabriolet \u00e8 un ottimo esempio del modello Carrera 2 della generazione 997, noto per la sua struttura leggera, i motori ad alto regime e la sensazione di guida senza compromessi. I puristi della Porsche hanno spesso criticato i modelli 911 successivi perch\u00e9 troppo grandi e pesanti, ma tutti erano d&#8217;accordo sul fatto che la 997 fosse l&#8217;ultima della linea classica di auto. Offre un telaio agile, motori ad aspirazione naturale, un suono caratteristico e una maneggevolezza unica, soprattutto in versione RWD, come questa. Questo esemplare \u00e8 <strong>alimentato da un<\/strong> <strong>motore flat-six<\/strong> <strong>da 3,6 litri<\/strong> <strong>che eroga una potenza di 325 CV<\/strong> e prestazioni pi\u00f9 che rispettabili. Lo sprint da 0 a 100 km\/h \u00e8 possibile in soli 4,8 secondi, con una velocit\u00e0 massima di oltre 280 km\/h (177 mph). Tuttavia, l&#8217;elemento essenziale \u00e8 il manuale a 6 marce, che trasforma immediatamente questa cabriolet rossa da una 911 qualsiasi a un raro oggetto da collezione. Il manuale \u00e8 un&#8217;opzione molto desiderabile che non solo aiuta l&#8217;auto a raggiungere il suo pieno potenziale di prestazioni, ma rende ogni guida un&#8217;esperienza indimenticabile.<\/p>\n<p><strong>Interno<\/strong><\/p>\n<p>Gli interni in &#8220;Natural Brown&#8221; si combinano in modo straordinario con gli esterni rossi e distinguono ulteriormente questo esemplare dal resto dei modelli 911. Gli interni sono in condizioni immacolate, senza graffi sui sedili in pelle. \u00c8 inoltre ben equipaggiata con sedili sportivi opzionali, un sistema audio Bose e un volante coordinato. L&#8217;unico elemento non originale \u00e8 l&#8217;unit\u00e0 principale Kenwood con touchscreen, ma l&#8217;aggiornamento di buon gusto si adatta perfettamente al design della plancia. Anche se questa cabriolet \u00e8 stata usata per i weekend in Spagna, non ci sono segni di danni causati dal sole sugli splendidi interni in pelle abbronzata.<\/p>\n<p><strong>Condizione<\/strong><\/p>\n<p>Con soli 43.000 chilometri dal nuovo, le condizioni generali della vettura sono immacolate, senza incidenti o danni al veicolo. L&#8217;ultimo intervento sul motore \u00e8 stato effettuato nel 2022, mentre i freni sono stati revisionati nell&#8217;ottobre 2023. L&#8217;auto \u00e8 stata pulita a fondo ed \u00e8 stata condotta un&#8217;analisi dell&#8217;olio che ha dimostrato che il motore e la trasmissione erano in condizioni ottimali. Le 911 hanno sempre avuto una reputazione di qualit\u00e0 e, se sottoposte a una corretta manutenzione e conservate con cura, come questa, possono durare una vita.<\/p>\n<p><strong>Esterni e ruote  <\/strong><\/p>\n<p>La carrozzeria rossa \u00e8 in perfetta forma, senza graffi o ammaccature, e la capote non presenta danni. La combinazione di colori \u00e8 superba e fa s\u00ec che questo esemplare si distingua dalla massa. Questa 911 Carrera 2 ha i caratteristici cerchi Porsche &#8220;Lobster Claw&#8221; da 19 pollici con pneumatici Michelin Pilot Sport nuovi di zecca.<\/p>\n<p><strong>Documentazione:<\/strong><\/p>\n<p>Questo veicolo viene venduto dal concessionario con la documentazione appropriata situato in Spagna. Il rapporto CarFax \u00e8 pulito; non esistono prove di incidenti, riparazioni di incidenti, propriet\u00e0 o problemi legali. Sono presenti i registri della manutenzione regolare, nonch\u00e9 le brochure e le ricevute originali della fabbrica. L&#8217;ispezione tecnica spagnola (ITV) \u00e8 inclusa nella documentazione e la vettura l&#8217;ha superata a pieni voti. Controllare il <a href=\"https:\/\/pistonaddict.com\/wp-content\/uploads\/2023\/10\/CARFAX-Vehicle-History-Report-PORSCHE-911.pdf\">documento CarFax<\/a> di questa bellissima Porsche 911 Carrera convertibile.<\/p>\n<p><strong>Per poter accedere all&#8217;asta di questo veicolo di pregio \u00e8 necessaria l&#8217;impronta della carta di credito (rilasciata automaticamente).<\/strong><\/p>\n<p>Guardate il video dell&#8217;avviamento a freddo di questa bellissima Porsche 911 Carrera Cabrio:<\/p>\n<p><iframe title=\"Cold Start Video of the Porsche 911 Carrera Cabrio 325 CV\" width=\"1200\" height=\"675\" src=\"https:\/\/www.youtube.com\/embed\/FNuC3o32Erw?feature=oembed\" frameborder=\"0\" allow=\"accelerometer; autoplay; clipboard-write; encrypted-media; gyroscope; picture-in-picture; web-share\" allowfullscreen><\/iframe><\/p>\n","protected":false},"excerpt":{"rendered":"<p>La Porsche 911 occupa un posto speciale nel mondo delle auto sportive. Non \u00e8 pi\u00f9 percepito come un semplice veicolo, poich\u00e9 trascende i limiti dell&#8217;industria automobilistica ed \u00e8 diventato un simbolo culturale e una forma riconosciuta a livello globale. Nel corso delle sue generazioni, la 911 si \u00e8 evoluta da piccola coup\u00e9 sportiva alla lussuosa auto GT di oggi. Tuttavia, supponiamo che desideriate la sensazione essenziale della 911, il ringhio del motore boxer aspirato e la pura sensazione di guida. In questo caso, la generazione 997 \u00e8 l&#8217;ultima a offrire tutte le desiderabili virt\u00f9 classiche in una confezione moderna. \u00c8 la perfezione su quattro ruote in forma cabriolet e con cambio manuale.<\/p>\n","protected":false},"featured_media":53272,"comment_status":"open","ping_status":"closed","template":"","meta":{"inline_featured_image":false},"product_cat":[742],"product_tag":[2130,827,2128,972,2129,825],"acf":[],"yoast_head":"<!-- This site is optimized with the Yoast SEO plugin v22.5 - https:\/\/yoast.com\/wordpress\/plugins\/seo\/ -->\n<title>asta - %<\/title>\n<meta name=\"robots\" content=\"index, follow, max-snippet:-1, max-image-preview:large, max-video-preview:-1\" \/>\n<link rel=\"canonical\" href=\"https:\/\/pistonaddict.com\/it\/product\/porsche-911-carrera-2-cabrio-997\/\" \/>\n<meta property=\"og:locale\" content=\"it_IT\" \/>\n<meta property=\"og:type\" content=\"article\" \/>\n<meta property=\"og:title\" content=\"asta - %\" \/>\n<meta property=\"og:description\" content=\"La Porsche 911 occupa un posto speciale nel mondo delle auto sportive. Non \u00e8 pi\u00f9 percepito come un semplice veicolo, poich\u00e9 trascende i limiti dell&#039;industria automobilistica ed \u00e8 diventato un simbolo culturale e una forma riconosciuta a livello globale. Nel corso delle sue generazioni, la 911 si \u00e8 evoluta da piccola coup\u00e9 sportiva alla lussuosa auto GT di oggi. Tuttavia, supponiamo che desideriate la sensazione essenziale della 911, il ringhio del motore boxer aspirato e la pura sensazione di guida. In questo caso, la generazione 997 \u00e8 l&#039;ultima a offrire tutte le desiderabili virt\u00f9 classiche in una confezione moderna. \u00c8 la perfezione su quattro ruote in forma cabriolet e con cambio manuale.\" \/>\n<meta property=\"og:url\" content=\"https:\/\/pistonaddict.com\/it\/product\/porsche-911-carrera-2-cabrio-997\/\" \/>\n<meta property=\"og:site_name\" content=\"Piston Addict\" \/>\n<meta property=\"article:modified_time\" content=\"2023-12-20T08:48:56+00:00\" \/>\n<meta property=\"og:image\" content=\"https:\/\/pistonaddict.com\/wp-content\/uploads\/2023\/10\/20220624_201726_resized-copia.jpg\" \/>\n\t<meta property=\"og:image:width\" content=\"1008\" \/>\n\t<meta property=\"og:image:height\" content=\"567\" \/>\n\t<meta property=\"og:image:type\" content=\"image\/jpeg\" \/>\n<meta name=\"twitter:card\" content=\"summary_large_image\" \/>\n<meta name=\"twitter:label1\" content=\"Tempo di lettura stimato\" \/>\n\t<meta name=\"twitter:data1\" content=\"3 minuti\" \/>\n<script type=\"application\/ld+json\" class=\"yoast-schema-graph\">{\"@context\":\"https:\/\/schema.org\",\"@graph\":[{\"@type\":\"WebPage\",\"@id\":\"https:\/\/pistonaddict.com\/it\/product\/porsche-911-carrera-2-cabrio-997\/\",\"url\":\"https:\/\/pistonaddict.com\/it\/product\/porsche-911-carrera-2-cabrio-997\/\",\"name\":\"asta - %\",\"isPartOf\":{\"@id\":\"https:\/\/pistonaddict.com\/it\/#website\"},\"primaryImageOfPage\":{\"@id\":\"https:\/\/pistonaddict.com\/it\/product\/porsche-911-carrera-2-cabrio-997\/#primaryimage\"},\"image\":{\"@id\":\"https:\/\/pistonaddict.com\/it\/product\/porsche-911-carrera-2-cabrio-997\/#primaryimage\"},\"thumbnailUrl\":\"https:\/\/pistonaddict.com\/wp-content\/uploads\/2023\/10\/20220624_201726_resized-copia.jpg\",\"datePublished\":\"2023-10-06T09:28:15+00:00\",\"dateModified\":\"2023-12-20T08:48:56+00:00\",\"breadcrumb\":{\"@id\":\"https:\/\/pistonaddict.com\/it\/product\/porsche-911-carrera-2-cabrio-997\/#breadcrumb\"},\"inLanguage\":\"it-IT\",\"potentialAction\":[{\"@type\":\"ReadAction\",\"target\":[\"https:\/\/pistonaddict.com\/it\/product\/porsche-911-carrera-2-cabrio-997\/\"]}]},{\"@type\":\"ImageObject\",\"inLanguage\":\"it-IT\",\"@id\":\"https:\/\/pistonaddict.com\/it\/product\/porsche-911-carrera-2-cabrio-997\/#primaryimage\",\"url\":\"https:\/\/pistonaddict.com\/wp-content\/uploads\/2023\/10\/20220624_201726_resized-copia.jpg\",\"contentUrl\":\"https:\/\/pistonaddict.com\/wp-content\/uploads\/2023\/10\/20220624_201726_resized-copia.jpg\",\"width\":1008,\"height\":567},{\"@type\":\"BreadcrumbList\",\"@id\":\"https:\/\/pistonaddict.com\/it\/product\/porsche-911-carrera-2-cabrio-997\/#breadcrumb\",\"itemListElement\":[{\"@type\":\"ListItem\",\"position\":1,\"name\":\"accoglienza\",\"item\":\"https:\/\/pistonaddict.com\/it\/homepage\/\"},{\"@type\":\"ListItem\",\"position\":2,\"name\":\"Auctions\",\"item\":\"https:\/\/pistonaddict.com\/auctions-listing\/\"},{\"@type\":\"ListItem\",\"position\":3,\"name\":\"Porsche 911 Carrera 2 Cabrio (997)\"}]},{\"@type\":\"WebSite\",\"@id\":\"https:\/\/pistonaddict.com\/it\/#website\",\"url\":\"https:\/\/pistonaddict.com\/it\/\",\"name\":\"Piston Addict\",\"description\":\"Only interesting vehicles\",\"publisher\":{\"@id\":\"https:\/\/pistonaddict.com\/it\/#organization\"},\"potentialAction\":[{\"@type\":\"SearchAction\",\"target\":{\"@type\":\"EntryPoint\",\"urlTemplate\":\"https:\/\/pistonaddict.com\/it\/?s={search_term_string}\"},\"query-input\":\"required name=search_term_string\"}],\"inLanguage\":\"it-IT\"},{\"@type\":\"Organization\",\"@id\":\"https:\/\/pistonaddict.com\/it\/#organization\",\"name\":\"Piston Addict\",\"url\":\"https:\/\/pistonaddict.com\/it\/\",\"logo\":{\"@type\":\"ImageObject\",\"inLanguage\":\"it-IT\",\"@id\":\"https:\/\/pistonaddict.com\/it\/#\/schema\/logo\/image\/\",\"url\":\"https:\/\/pistonaddict.com\/wp-content\/uploads\/2022\/07\/logo-6.png\",\"contentUrl\":\"https:\/\/pistonaddict.com\/wp-content\/uploads\/2022\/07\/logo-6.png\",\"width\":970,\"height\":200,\"caption\":\"Piston Addict\"},\"image\":{\"@id\":\"https:\/\/pistonaddict.com\/it\/#\/schema\/logo\/image\/\"}}]}<\/script>\n<!-- \/ Yoast SEO plugin. -->","yoast_head_json":{"title":"asta - %","robots":{"index":"index","follow":"follow","max-snippet":"max-snippet:-1","max-image-preview":"max-image-preview:large","max-video-preview":"max-video-preview:-1"},"canonical":"https:\/\/pistonaddict.com\/it\/product\/porsche-911-carrera-2-cabrio-997\/","og_locale":"it_IT","og_type":"article","og_title":"asta - %","og_description":"La Porsche 911 occupa un posto speciale nel mondo delle auto sportive. Non \u00e8 pi\u00f9 percepito come un semplice veicolo, poich\u00e9 trascende i limiti dell'industria automobilistica ed \u00e8 diventato un simbolo culturale e una forma riconosciuta a livello globale. Nel corso delle sue generazioni, la 911 si \u00e8 evoluta da piccola coup\u00e9 sportiva alla lussuosa auto GT di oggi. Tuttavia, supponiamo che desideriate la sensazione essenziale della 911, il ringhio del motore boxer aspirato e la pura sensazione di guida. In questo caso, la generazione 997 \u00e8 l'ultima a offrire tutte le desiderabili virt\u00f9 classiche in una confezione moderna. \u00c8 la perfezione su quattro ruote in forma cabriolet e con cambio manuale.","og_url":"https:\/\/pistonaddict.com\/it\/product\/porsche-911-carrera-2-cabrio-997\/","og_site_name":"Piston Addict","article_modified_time":"2023-12-20T08:48:56+00:00","og_image":[{"width":1008,"height":567,"url":"https:\/\/pistonaddict.com\/wp-content\/uploads\/2023\/10\/20220624_201726_resized-copia.jpg","type":"image\/jpeg"}],"twitter_card":"summary_large_image","twitter_misc":{"Tempo di lettura stimato":"3 minuti"},"schema":{"@context":"https:\/\/schema.org","@graph":[{"@type":"WebPage","@id":"https:\/\/pistonaddict.com\/it\/product\/porsche-911-carrera-2-cabrio-997\/","url":"https:\/\/pistonaddict.com\/it\/product\/porsche-911-carrera-2-cabrio-997\/","name":"asta - %","isPartOf":{"@id":"https:\/\/pistonaddict.com\/it\/#website"},"primaryImageOfPage":{"@id":"https:\/\/pistonaddict.com\/it\/product\/porsche-911-carrera-2-cabrio-997\/#primaryimage"},"image":{"@id":"https:\/\/pistonaddict.com\/it\/product\/porsche-911-carrera-2-cabrio-997\/#primaryimage"},"thumbnailUrl":"https:\/\/pistonaddict.com\/wp-content\/uploads\/2023\/10\/20220624_201726_resized-copia.jpg","datePublished":"2023-10-06T09:28:15+00:00","dateModified":"2023-12-20T08:48:56+00:00","breadcrumb":{"@id":"https:\/\/pistonaddict.com\/it\/product\/porsche-911-carrera-2-cabrio-997\/#breadcrumb"},"inLanguage":"it-IT","potentialAction":[{"@type":"ReadAction","target":["https:\/\/pistonaddict.com\/it\/product\/porsche-911-carrera-2-cabrio-997\/"]}]},{"@type":"ImageObject","inLanguage":"it-IT","@id":"https:\/\/pistonaddict.com\/it\/product\/porsche-911-carrera-2-cabrio-997\/#primaryimage","url":"https:\/\/pistonaddict.com\/wp-content\/uploads\/2023\/10\/20220624_201726_resized-copia.jpg","contentUrl":"https:\/\/pistonaddict.com\/wp-content\/uploads\/2023\/10\/20220624_201726_resized-copia.jpg","width":1008,"height":567},{"@type":"BreadcrumbList","@id":"https:\/\/pistonaddict.com\/it\/product\/porsche-911-carrera-2-cabrio-997\/#breadcrumb","itemListElement":[{"@type":"ListItem","position":1,"name":"accoglienza","item":"https:\/\/pistonaddict.com\/it\/homepage\/"},{"@type":"ListItem","position":2,"name":"Auctions","item":"https:\/\/pistonaddict.com\/auctions-listing\/"},{"@type":"ListItem","position":3,"name":"Porsche 911 Carrera 2 Cabrio (997)"}]},{"@type":"WebSite","@id":"https:\/\/pistonaddict.com\/it\/#website","url":"https:\/\/pistonaddict.com\/it\/","name":"Piston Addict","description":"Only interesting vehicles","publisher":{"@id":"https:\/\/pistonaddict.com\/it\/#organization"},"potentialAction":[{"@type":"SearchAction","target":{"@type":"EntryPoint","urlTemplate":"https:\/\/pistonaddict.com\/it\/?s={search_term_string}"},"query-input":"required name=search_term_string"}],"inLanguage":"it-IT"},{"@type":"Organization","@id":"https:\/\/pistonaddict.com\/it\/#organization","name":"Piston Addict","url":"https:\/\/pistonaddict.com\/it\/","logo":{"@type":"ImageObject","inLanguage":"it-IT","@id":"https:\/\/pistonaddict.com\/it\/#\/schema\/logo\/image\/","url":"https:\/\/pistonaddict.com\/wp-content\/uploads\/2022\/07\/logo-6.png","contentUrl":"https:\/\/pistonaddict.com\/wp-content\/uploads\/2022\/07\/logo-6.png","width":970,"height":200,"caption":"Piston Addict"},"image":{"@id":"https:\/\/pistonaddict.com\/it\/#\/schema\/logo\/image\/"}}]}},"_links":{"self":[{"href":"https:\/\/pistonaddict.com\/it\/wp-json\/wp\/v2\/product\/53498"}],"collection":[{"href":"https:\/\/pistonaddict.com\/it\/wp-json\/wp\/v2\/product"}],"about":[{"href":"https:\/\/pistonaddict.com\/it\/wp-json\/wp\/v2\/types\/product"}],"replies":[{"embeddable":true,"href":"https:\/\/pistonaddict.com\/it\/wp-json\/wp\/v2\/comments?post=53498"}],"wp:featuredmedia":[{"embeddable":true,"href":"https:\/\/pistonaddict.com\/it\/wp-json\/wp\/v2\/media\/53272"}],"wp:attachment":[{"href":"https:\/\/pistonaddict.com\/it\/wp-json\/wp\/v2\/media?parent=53498"}],"wp:term":[{"taxonomy":"product_cat","embeddable":true,"href":"https:\/\/pistonaddict.com\/it\/wp-json\/wp\/v2\/product_cat?post=53498"},{"taxonomy":"product_tag","embeddable":true,"href":"https:\/\/pistonaddict.com\/it\/wp-json\/wp\/v2\/product_tag?post=53498"}],"curies":[{"name":"wp","href":"https:\/\/api.w.org\/{rel}","templated":true}]}}