{"id":47830,"date":"2024-01-16T09:00:29","date_gmt":"2024-01-16T08:00:29","guid":{"rendered":"https:\/\/pistonaddict.com\/product\/morgan-roadster-v6-3-0\/"},"modified":"2024-03-20T09:43:43","modified_gmt":"2024-03-20T08:43:43","slug":"morgan-roadster-v6-3-0","status":"publish","type":"product","link":"https:\/\/pistonaddict.com\/it\/product\/morgan-roadster-v6-3-0\/","title":{"rendered":"Morgan Roadster V6 3.0"},"content":{"rendered":"<p><strong>Storia dell&#8217;auto<\/strong><\/p>\n<p>L&#8217;attuale proprietario di questa elegante roadster l&#8217;ha acquistata nel 2010, quando aveva appena tre anni. \u00c8 stata consegnata nuova e ha trascorso tutta la sua vita in Spagna, utilizzata per rilassanti giri in auto lungo la costa. Questa generazione della venerabile roadster di Morgan \u00e8 stata introdotta nel 2004 e, sebbene fosse quasi indistinguibile dall&#8217;esterno, presentava un miglioramento molto gradito sotto il lungo cofano: il V6 Duratec da 3,0 litri di Ford. Con 24 valvole, una struttura moderna e un&#8217;affidabilit\u00e0 senza pari, il V6 Ford \u00e8 migliore del vecchio V8 Rover utilizzato da Morgan sotto ogni aspetto. Questo motore eroga una rispettabile potenza di 223 CV e, poich\u00e9 il V6 \u00e8 pi\u00f9 corto del V8, \u00e8 posizionato pi\u00f9 verso il centro dell&#8217;auto, rendendola pi\u00f9 maneggevole. Come probabilmente saprete, uno dei segreti della dinamica di guida unica della Morgan \u00e8 il suo telaio, parzialmente realizzato in legno. Quindi, quando si ha una roadster che pesa poco meno di una tonnellata, si vive un&#8217;esperienza di guida vivida e si nota ogni dettaglio della guida, dell&#8217;accelerazione e della maneggevolezza. Inoltre, pu\u00f2 raggiungere i 100 km\/h in 5,5 secondi, il che la rende molto eccitante da guidare.<\/p>\n<p><strong>Condizione<\/strong><\/p>\n<p>Questa Morgan Roadster ha percorso poco pi\u00f9 di 41.000 chilometri e ha due proprietari da nuova. Le condizioni generali sono molto buone, senza danni, incidenti o riparazioni esterne. \u00c8 stata sottoposta a regolare manutenzione senza alcuna modifica al motore, alla carrozzeria o alle sospensioni. Il proprietario ha recentemente revisionato i freni ed effettuato un&#8217;analisi dell&#8217;olio che ha dato esito negativo, il che significa che il motore \u00e8 in perfette condizioni. Era prevedibile, dato che il V6 da 3,0 litri di Ford \u00e8 noto per la sua durata e longevit\u00e0.<\/p>\n<p><strong>Interno<\/strong><\/p>\n<p>Una delle migliori caratteristiche della Morgan Roadster era il suo interno classico ma elegante e, in questo caso, \u00e8 stato arricchito con il leggendario volante in legno Moto-Lita. Il cruscotto in legno \u00e8 dotato di strumentazione completa, impianto audio e orologio. Allo stesso tempo, i sedili sono rivestiti in splendida pelle beige, che \u00e8 in condizioni ideali e si abbina perfettamente al colore esterno. Anche la capote nera \u00e8 in ottimo stato ed \u00e8 stata usata raramente, poich\u00e9 il veicolo \u00e8 stato conservato in garage e guidato con il bel tempo. \u00c8 inclusa anche la copertina interna originale Morgan.<\/p>\n<p><strong>Esterni e ruote<\/strong><\/p>\n<p>Ufficialmente chiamata Connaught Green ma pi\u00f9 famosa come BRG (British Racing Green), questa Morgan \u00e8 rifinita nel colore pi\u00f9 ambito di tutti. Una classica tonalit\u00e0 scura che si adatta perfettamente agli interni beige \u00e8 la specifica definitiva per qualsiasi roadster britannica classica. La carrozzeria \u00e8 in perfetta forma, senza graffi o scolorimenti e con dettagli interessanti come i fendinebbia, gli stemmi e le cinghie di cuoio che tengono il cofano in posizione (l&#8217;adesivo sul cofano pu\u00f2 essere facilmente rimosso). Il look \u00e8 completato da un set di cerchi a filo da 18 pollici con pneumatici Yokohama e dalla ruota di scorta montata sul retro. Le ruote possono sembrare degli anni &#8217;40, ma si tratta di pezzi nuovi e ricreati con cura, progettati per accogliere le gomme moderne.<\/p>\n<p><strong>Documentazione<\/strong><\/p>\n<p>Si tratta di un veicolo di propriet\u00e0 privata con documentazione adeguata situato a Palma di Maiorca, Spagna. I rapporti sono puliti; non esistono prove di incidenti, riparazioni di incidenti, propriet\u00e0 o problemi legali. Esistono registrazioni di manutenzione regolare che risalgono al 2020.<br \/>\n\u00c8 possibile controllare la CarFax di questa Morgan Roadster V6 convertibile <a href=\"https:\/\/pistonaddict.com\/wp-content\/uploads\/2023\/08\/CARFAX-Vehicle-History-Report-MORGAN-ROADSTER-Convertible-2007.pdf\">qui<\/a>. <strong>MOT spagnolo (ITV) superato e valido fino al 4 agosto 2024<\/strong>.<\/p>\n<p><strong>Attrezzature ed extra<\/strong><\/p>\n<p>&#8211; Volante classico in legno Motolita<br \/>\n&#8211; Cruscotto in legno<br \/>\n&#8211; Pomello del cambio in acciaio<br \/>\n&#8211; Tasche laterali nelle porte in pelle<br \/>\n&#8211; Morgan scudo finiture traverse<br \/>\n&#8211; Finiture interne delle serrature con scudo Morgan<br \/>\n&#8211; Orologio<br \/>\n&#8211; Radio CD\/MP3 Blaupunkt<br \/>\n&#8211; 2 luci anteriori supplementari<br \/>\n&#8211; Cintura interna in pelle foderata in pelle di pecora sulla parte superiore del cofano.<br \/>\n&#8211; Ombrelloni in pelle nera<br \/>\n&#8211; Staccabatteria antifurto<br \/>\n&#8211; Barra anteriore per stemmi\/scudi<br \/>\n&#8211; Copertura del cappuccio in pelle nera con scudo Morgan<br \/>\n&#8211; 2 coperture in pelle nera per i finestrini in metacrilato con scudo Morgan<br \/>\n&#8211; Copertura di protezione interna per l&#8217;auto (tessuto blu) con scudo Morgan<\/p>\n<p><strong>Guarda il video dell&#8217;avviamento a freddo di questa bellissima Morgan Roadster V6 cabrio:<\/strong><\/p>\n<p><iframe title=\"Cold Start : Morgan Roadster V6 3.0 on PistonAddict.com\" width=\"1200\" height=\"675\" src=\"https:\/\/www.youtube.com\/embed\/yLSfe-ePOFg?start=29&#038;feature=oembed\" frameborder=\"0\" allow=\"accelerometer; autoplay; clipboard-write; encrypted-media; gyroscope; picture-in-picture; web-share\" allowfullscreen><\/iframe><\/p>\n","protected":false},"excerpt":{"rendered":"<p>Tra i tanti classici del Regno Unito, la Morgan Roadster \u00e8 innegabilmente la quintessenza del fascino britannico in forma automobilistica. Con un design senza tempo che risale agli albori delle roadster e una discendenza di modelli ininterrotta dal 1950, la moderna Morgan Plus Six \u00e8 un&#8217;irresistibile combinazione di costruzione unica, produzione su misura e a mano, e un potente V6 che trasforma questo vero classico in una capace auto sportiva a cielo aperto.<\/p>\n","protected":false},"featured_media":46734,"comment_status":"open","ping_status":"closed","template":"","meta":{"inline_featured_image":false},"product_cat":[742],"product_tag":[2017,2016,972,2014,2015],"acf":[],"yoast_head":"<!-- This site is optimized with the Yoast SEO plugin v22.5 - https:\/\/yoast.com\/wordpress\/plugins\/seo\/ -->\n<title>asta - %<\/title>\n<meta name=\"description\" content=\"Fantastica Morgan Roadster V6 3.0 del 2007 in ottime condizioni in vendita all&#039;asta su PistonAddict.com\" \/>\n<meta name=\"robots\" content=\"index, follow, max-snippet:-1, max-image-preview:large, max-video-preview:-1\" \/>\n<link rel=\"canonical\" href=\"https:\/\/pistonaddict.com\/it\/product\/morgan-roadster-v6-3-0\/\" \/>\n<meta property=\"og:locale\" content=\"it_IT\" \/>\n<meta property=\"og:type\" content=\"article\" \/>\n<meta property=\"og:title\" content=\"asta - %\" \/>\n<meta property=\"og:description\" content=\"Fantastica Morgan Roadster V6 3.0 del 2007 in ottime condizioni in vendita all&#039;asta su PistonAddict.com\" \/>\n<meta property=\"og:url\" content=\"https:\/\/pistonaddict.com\/it\/product\/morgan-roadster-v6-3-0\/\" \/>\n<meta property=\"og:site_name\" content=\"Piston Addict\" \/>\n<meta property=\"article:modified_time\" content=\"2024-03-20T08:43:43+00:00\" \/>\n<meta property=\"og:image\" content=\"https:\/\/pistonaddict.com\/wp-content\/uploads\/2023\/08\/DSC0169-scaled.jpg\" \/>\n\t<meta property=\"og:image:width\" content=\"2560\" \/>\n\t<meta property=\"og:image:height\" content=\"1707\" \/>\n\t<meta property=\"og:image:type\" content=\"image\/jpeg\" \/>\n<meta name=\"twitter:card\" content=\"summary_large_image\" \/>\n<meta name=\"twitter:label1\" content=\"Tempo di lettura stimato\" \/>\n\t<meta name=\"twitter:data1\" content=\"3 minuti\" \/>\n<script type=\"application\/ld+json\" class=\"yoast-schema-graph\">{\"@context\":\"https:\/\/schema.org\",\"@graph\":[{\"@type\":\"WebPage\",\"@id\":\"https:\/\/pistonaddict.com\/it\/product\/morgan-roadster-v6-3-0\/\",\"url\":\"https:\/\/pistonaddict.com\/it\/product\/morgan-roadster-v6-3-0\/\",\"name\":\"asta - %\",\"isPartOf\":{\"@id\":\"https:\/\/pistonaddict.com\/it\/#website\"},\"primaryImageOfPage\":{\"@id\":\"https:\/\/pistonaddict.com\/it\/product\/morgan-roadster-v6-3-0\/#primaryimage\"},\"image\":{\"@id\":\"https:\/\/pistonaddict.com\/it\/product\/morgan-roadster-v6-3-0\/#primaryimage\"},\"thumbnailUrl\":\"https:\/\/pistonaddict.com\/wp-content\/uploads\/2023\/08\/DSC0169-scaled.jpg\",\"datePublished\":\"2024-01-16T08:00:29+00:00\",\"dateModified\":\"2024-03-20T08:43:43+00:00\",\"description\":\"Fantastica Morgan Roadster V6 3.0 del 2007 in ottime condizioni in vendita all'asta su PistonAddict.com\",\"breadcrumb\":{\"@id\":\"https:\/\/pistonaddict.com\/it\/product\/morgan-roadster-v6-3-0\/#breadcrumb\"},\"inLanguage\":\"it-IT\",\"potentialAction\":[{\"@type\":\"ReadAction\",\"target\":[\"https:\/\/pistonaddict.com\/it\/product\/morgan-roadster-v6-3-0\/\"]}]},{\"@type\":\"ImageObject\",\"inLanguage\":\"it-IT\",\"@id\":\"https:\/\/pistonaddict.com\/it\/product\/morgan-roadster-v6-3-0\/#primaryimage\",\"url\":\"https:\/\/pistonaddict.com\/wp-content\/uploads\/2023\/08\/DSC0169-scaled.jpg\",\"contentUrl\":\"https:\/\/pistonaddict.com\/wp-content\/uploads\/2023\/08\/DSC0169-scaled.jpg\",\"width\":2560,\"height\":1707},{\"@type\":\"BreadcrumbList\",\"@id\":\"https:\/\/pistonaddict.com\/it\/product\/morgan-roadster-v6-3-0\/#breadcrumb\",\"itemListElement\":[{\"@type\":\"ListItem\",\"position\":1,\"name\":\"accoglienza\",\"item\":\"https:\/\/pistonaddict.com\/it\/homepage\/\"},{\"@type\":\"ListItem\",\"position\":2,\"name\":\"Auctions\",\"item\":\"https:\/\/pistonaddict.com\/auctions-listing\/\"},{\"@type\":\"ListItem\",\"position\":3,\"name\":\"Morgan Roadster V6 3.0\"}]},{\"@type\":\"WebSite\",\"@id\":\"https:\/\/pistonaddict.com\/it\/#website\",\"url\":\"https:\/\/pistonaddict.com\/it\/\",\"name\":\"Piston Addict\",\"description\":\"Only interesting vehicles\",\"publisher\":{\"@id\":\"https:\/\/pistonaddict.com\/it\/#organization\"},\"potentialAction\":[{\"@type\":\"SearchAction\",\"target\":{\"@type\":\"EntryPoint\",\"urlTemplate\":\"https:\/\/pistonaddict.com\/it\/?s={search_term_string}\"},\"query-input\":\"required name=search_term_string\"}],\"inLanguage\":\"it-IT\"},{\"@type\":\"Organization\",\"@id\":\"https:\/\/pistonaddict.com\/it\/#organization\",\"name\":\"Piston Addict\",\"url\":\"https:\/\/pistonaddict.com\/it\/\",\"logo\":{\"@type\":\"ImageObject\",\"inLanguage\":\"it-IT\",\"@id\":\"https:\/\/pistonaddict.com\/it\/#\/schema\/logo\/image\/\",\"url\":\"https:\/\/pistonaddict.com\/wp-content\/uploads\/2022\/07\/logo-6.png\",\"contentUrl\":\"https:\/\/pistonaddict.com\/wp-content\/uploads\/2022\/07\/logo-6.png\",\"width\":970,\"height\":200,\"caption\":\"Piston Addict\"},\"image\":{\"@id\":\"https:\/\/pistonaddict.com\/it\/#\/schema\/logo\/image\/\"}}]}<\/script>\n<!-- \/ Yoast SEO plugin. -->","yoast_head_json":{"title":"asta - %","description":"Fantastica Morgan Roadster V6 3.0 del 2007 in ottime condizioni in vendita all'asta su PistonAddict.com","robots":{"index":"index","follow":"follow","max-snippet":"max-snippet:-1","max-image-preview":"max-image-preview:large","max-video-preview":"max-video-preview:-1"},"canonical":"https:\/\/pistonaddict.com\/it\/product\/morgan-roadster-v6-3-0\/","og_locale":"it_IT","og_type":"article","og_title":"asta - %","og_description":"Fantastica Morgan Roadster V6 3.0 del 2007 in ottime condizioni in vendita all'asta su PistonAddict.com","og_url":"https:\/\/pistonaddict.com\/it\/product\/morgan-roadster-v6-3-0\/","og_site_name":"Piston Addict","article_modified_time":"2024-03-20T08:43:43+00:00","og_image":[{"width":2560,"height":1707,"url":"https:\/\/pistonaddict.com\/wp-content\/uploads\/2023\/08\/DSC0169-scaled.jpg","type":"image\/jpeg"}],"twitter_card":"summary_large_image","twitter_misc":{"Tempo di lettura stimato":"3 minuti"},"schema":{"@context":"https:\/\/schema.org","@graph":[{"@type":"WebPage","@id":"https:\/\/pistonaddict.com\/it\/product\/morgan-roadster-v6-3-0\/","url":"https:\/\/pistonaddict.com\/it\/product\/morgan-roadster-v6-3-0\/","name":"asta - %","isPartOf":{"@id":"https:\/\/pistonaddict.com\/it\/#website"},"primaryImageOfPage":{"@id":"https:\/\/pistonaddict.com\/it\/product\/morgan-roadster-v6-3-0\/#primaryimage"},"image":{"@id":"https:\/\/pistonaddict.com\/it\/product\/morgan-roadster-v6-3-0\/#primaryimage"},"thumbnailUrl":"https:\/\/pistonaddict.com\/wp-content\/uploads\/2023\/08\/DSC0169-scaled.jpg","datePublished":"2024-01-16T08:00:29+00:00","dateModified":"2024-03-20T08:43:43+00:00","description":"Fantastica Morgan Roadster V6 3.0 del 2007 in ottime condizioni in vendita all'asta su PistonAddict.com","breadcrumb":{"@id":"https:\/\/pistonaddict.com\/it\/product\/morgan-roadster-v6-3-0\/#breadcrumb"},"inLanguage":"it-IT","potentialAction":[{"@type":"ReadAction","target":["https:\/\/pistonaddict.com\/it\/product\/morgan-roadster-v6-3-0\/"]}]},{"@type":"ImageObject","inLanguage":"it-IT","@id":"https:\/\/pistonaddict.com\/it\/product\/morgan-roadster-v6-3-0\/#primaryimage","url":"https:\/\/pistonaddict.com\/wp-content\/uploads\/2023\/08\/DSC0169-scaled.jpg","contentUrl":"https:\/\/pistonaddict.com\/wp-content\/uploads\/2023\/08\/DSC0169-scaled.jpg","width":2560,"height":1707},{"@type":"BreadcrumbList","@id":"https:\/\/pistonaddict.com\/it\/product\/morgan-roadster-v6-3-0\/#breadcrumb","itemListElement":[{"@type":"ListItem","position":1,"name":"accoglienza","item":"https:\/\/pistonaddict.com\/it\/homepage\/"},{"@type":"ListItem","position":2,"name":"Auctions","item":"https:\/\/pistonaddict.com\/auctions-listing\/"},{"@type":"ListItem","position":3,"name":"Morgan Roadster V6 3.0"}]},{"@type":"WebSite","@id":"https:\/\/pistonaddict.com\/it\/#website","url":"https:\/\/pistonaddict.com\/it\/","name":"Piston Addict","description":"Only interesting vehicles","publisher":{"@id":"https:\/\/pistonaddict.com\/it\/#organization"},"potentialAction":[{"@type":"SearchAction","target":{"@type":"EntryPoint","urlTemplate":"https:\/\/pistonaddict.com\/it\/?s={search_term_string}"},"query-input":"required name=search_term_string"}],"inLanguage":"it-IT"},{"@type":"Organization","@id":"https:\/\/pistonaddict.com\/it\/#organization","name":"Piston Addict","url":"https:\/\/pistonaddict.com\/it\/","logo":{"@type":"ImageObject","inLanguage":"it-IT","@id":"https:\/\/pistonaddict.com\/it\/#\/schema\/logo\/image\/","url":"https:\/\/pistonaddict.com\/wp-content\/uploads\/2022\/07\/logo-6.png","contentUrl":"https:\/\/pistonaddict.com\/wp-content\/uploads\/2022\/07\/logo-6.png","width":970,"height":200,"caption":"Piston Addict"},"image":{"@id":"https:\/\/pistonaddict.com\/it\/#\/schema\/logo\/image\/"}}]}},"_links":{"self":[{"href":"https:\/\/pistonaddict.com\/it\/wp-json\/wp\/v2\/product\/47830"}],"collection":[{"href":"https:\/\/pistonaddict.com\/it\/wp-json\/wp\/v2\/product"}],"about":[{"href":"https:\/\/pistonaddict.com\/it\/wp-json\/wp\/v2\/types\/product"}],"replies":[{"embeddable":true,"href":"https:\/\/pistonaddict.com\/it\/wp-json\/wp\/v2\/comments?post=47830"}],"wp:featuredmedia":[{"embeddable":true,"href":"https:\/\/pistonaddict.com\/it\/wp-json\/wp\/v2\/media\/46734"}],"wp:attachment":[{"href":"https:\/\/pistonaddict.com\/it\/wp-json\/wp\/v2\/media?parent=47830"}],"wp:term":[{"taxonomy":"product_cat","embeddable":true,"href":"https:\/\/pistonaddict.com\/it\/wp-json\/wp\/v2\/product_cat?post=47830"},{"taxonomy":"product_tag","embeddable":true,"href":"https:\/\/pistonaddict.com\/it\/wp-json\/wp\/v2\/product_tag?post=47830"}],"curies":[{"name":"wp","href":"https:\/\/api.w.org\/{rel}","templated":true}]}}