{"id":45995,"date":"2023-06-16T15:02:15","date_gmt":"2023-06-16T13:02:15","guid":{"rendered":"https:\/\/pistonaddict.com\/product\/audi-r8-v10-red-dynamite\/"},"modified":"2023-12-20T09:46:54","modified_gmt":"2023-12-20T08:46:54","slug":"audi-r8-v10-red-dynamite","status":"publish","type":"product","link":"https:\/\/pistonaddict.com\/it\/product\/audi-r8-v10-red-dynamite\/","title":{"rendered":"Audi R8 V10 Red Dynamite"},"content":{"rendered":"<h2>Esterno<\/h2>\n<p>Con una finitura rosso brillante e dettagli neri, verniciata in rosso brillante, questa Audi R8 non passer\u00e0 inosservata ovunque si presenti. Inoltre, elementi come la griglia cromata e le calotte degli specchietti retrovisori in fibra di carbonio non fanno che migliorare il suo aspetto. Ma, francamente, la R8 \u00e8 un&#8217;auto straordinaria in qualsiasi colore e indipendentemente dalla presenza di questi dettagli.<\/p>\n<p>In definitiva, con la R8 i progettisti tedeschi hanno raggiunto una miscela quasi perfetta di aggressivit\u00e0 e delicatezza. \u00c8 difficile credere che sotto la carrozzeria ci sia una Lamborgini Aventador, molto pi\u00f9 appariscente e sgargiante. Quindi, se siete alla ricerca di un&#8217;auto sportiva capace ma non volete dare nell&#8217;occhio, la R8 \u00e8 una delle migliori scommesse. Tra gli altri dettagli degni di nota di questa 2 posti figurano un massiccio spoiler posteriore e cerchi da 20 pollici montati in fabbrica con pneumatici Good Year Eagle nuovi di zecca.<\/p>\n<h2>Interno<\/h2>\n<p>Gli interni di questa particolare R8 sono dominati da una combinazione di pelle nera, cuciture rosse e finiture in fibra di carbonio. I sedili, che sembrano appena usciti dalla fabbrica, sono sostenuti e comodi allo stesso tempo. Poi, c&#8217;\u00e8 un volante a 3 razze rivestito in pelle con pulsanti di controllo per tutte le funzioni essenziali. Oltre a quelli normali, come quelli per l&#8217;impianto stereo o il computer di bordo, sono inclusi i pulsanti per la selezione della modalit\u00e0 di guida, il launch control e la sintonizzazione dello scarico.<\/p>\n<p>Dietro il volante si trova un quadro strumenti digitale che, oltre alle informazioni di base, pu\u00f2 mostrare molto di pi\u00f9. Questo include il navigatore, la telecamera posteriore e l&#8217;impianto stereo, che, tra l&#8217;altro, \u00e8 prodotto dalla famosa Bang&amp;Olufsen.<\/p>\n<h2>Meccanica<\/h2>\n<p>Sotto la pelle sottile ed elegante, questa seconda generazione di R8 ha un telaio pi\u00f9 rigido e leggero realizzato in alluminio e fibra di carbonio. Ma la parte pi\u00f9 significativa di quest&#8217;auto \u00e8, prevedibilmente, il suo motore, un potente V10 da 5,2 litri. Essendo quello che Audi definisce un modello Plus, produce 610 cavalli e 560 Nm di coppia, che vengono erogati a tutte le ruote attraverso il sistema Quattro e l&#8217;automatico a 7 rapporti. Con tutto ci\u00f2, questa R8 scatta da 0 a 100 in circa 3 secondi e raggiunge una velocit\u00e0 massima di 329 km\/h. Per garantire una potenza di arresto all&#8217;altezza di questa velocit\u00e0, i freni sono enormi.<\/p>\n<h2>Storia del veicolo<\/h2>\n<p>Secondo il venditore, l&#8217;ultima manutenzione di questa Audi R8 risale all&#8217;ottobre 2022, mentre i freni sono stati revisionati solo pochi giorni fa. Inoltre, non ci sono guasti o avvisi noti sul cruscotto. Infine, a giudicare dalle foto fornite, non ci sono imperfezioni di carrozzeria da segnalare.<\/p>\n<p>&nbsp;<\/p>\n<p><strong>Per poter accedere all&#8217;asta di questo veicolo di pregio \u00e8 necessaria l&#8217;impronta di una carta di credito.<\/strong><\/p>\n","protected":false},"excerpt":{"rendered":"<p>L&#8217;auto in vendita \u00e8 probabilmente uno dei modelli pi\u00f9 performanti della sua categoria: l&#8217;iconica Audi R8. Era, ed \u00e8 tuttora, il primo tentativo del costruttore di Ingolstadt di entrare nel mercato delle supercar, che si \u00e8 rivelato un enorme successo. Secondo il venditore, questo veicolo \u00e8 completamente revisionato e non ha avuto incidenti, con un rapporto CarVertical corrispondente che lo conferma. Inoltre, finora ha percorso meno di 50.000 km, che non sono molti per un&#8217;auto come questa. Infine, questa <strong>Audi R8 V10 plus Quattro <\/strong>del 2015 si trova attualmente in Belgio, dove \u00e8 stata immatricolata da quando era nuova. \u00c8 possibile fare un&#8217;offerta su quell&#8217;auto <a href=\"https:\/\/pistonaddict.com\/contact-us\/\">contattandoci<\/a>.<\/p>\n","protected":false},"featured_media":43352,"comment_status":"open","ping_status":"closed","template":"","meta":{"inline_featured_image":false},"product_cat":[742],"product_tag":[1941,1943,939],"acf":[],"yoast_head":"<!-- This site is optimized with the Yoast SEO plugin v22.5 - https:\/\/yoast.com\/wordpress\/plugins\/seo\/ -->\n<title>asta - %<\/title>\n<meta name=\"description\" content=\"L&#039;auto in vendita all&#039;asta \u00e8 probabilmente uno dei modelli pi\u00f9 performanti della sua categoria: l&#039;iconica Audi R8 V10.\" \/>\n<meta name=\"robots\" content=\"index, follow, max-snippet:-1, max-image-preview:large, max-video-preview:-1\" \/>\n<link rel=\"canonical\" href=\"https:\/\/pistonaddict.com\/it\/product\/audi-r8-v10-red-dynamite\/\" \/>\n<meta property=\"og:locale\" content=\"it_IT\" \/>\n<meta property=\"og:type\" content=\"article\" \/>\n<meta property=\"og:title\" content=\"asta - %\" \/>\n<meta property=\"og:description\" content=\"L&#039;auto in vendita all&#039;asta \u00e8 probabilmente uno dei modelli pi\u00f9 performanti della sua categoria: l&#039;iconica Audi R8 V10.\" \/>\n<meta property=\"og:url\" content=\"https:\/\/pistonaddict.com\/it\/product\/audi-r8-v10-red-dynamite\/\" \/>\n<meta property=\"og:site_name\" content=\"Piston Addict\" \/>\n<meta property=\"article:modified_time\" content=\"2023-12-20T08:46:54+00:00\" \/>\n<meta property=\"og:image\" content=\"https:\/\/pistonaddict.com\/wp-content\/uploads\/2023\/06\/DSC_0412.jpg\" \/>\n\t<meta property=\"og:image:width\" content=\"2048\" \/>\n\t<meta property=\"og:image:height\" content=\"1365\" \/>\n\t<meta property=\"og:image:type\" content=\"image\/jpeg\" \/>\n<meta name=\"twitter:card\" content=\"summary_large_image\" \/>\n<meta name=\"twitter:label1\" content=\"Tempo di lettura stimato\" \/>\n\t<meta name=\"twitter:data1\" content=\"2 minuti\" \/>\n<script type=\"application\/ld+json\" class=\"yoast-schema-graph\">{\"@context\":\"https:\/\/schema.org\",\"@graph\":[{\"@type\":\"WebPage\",\"@id\":\"https:\/\/pistonaddict.com\/it\/product\/audi-r8-v10-red-dynamite\/\",\"url\":\"https:\/\/pistonaddict.com\/it\/product\/audi-r8-v10-red-dynamite\/\",\"name\":\"asta - %\",\"isPartOf\":{\"@id\":\"https:\/\/pistonaddict.com\/it\/#website\"},\"primaryImageOfPage\":{\"@id\":\"https:\/\/pistonaddict.com\/it\/product\/audi-r8-v10-red-dynamite\/#primaryimage\"},\"image\":{\"@id\":\"https:\/\/pistonaddict.com\/it\/product\/audi-r8-v10-red-dynamite\/#primaryimage\"},\"thumbnailUrl\":\"https:\/\/pistonaddict.com\/wp-content\/uploads\/2023\/06\/DSC_0412.jpg\",\"datePublished\":\"2023-06-16T13:02:15+00:00\",\"dateModified\":\"2023-12-20T08:46:54+00:00\",\"description\":\"L'auto in vendita all'asta \u00e8 probabilmente uno dei modelli pi\u00f9 performanti della sua categoria: l'iconica Audi R8 V10.\",\"breadcrumb\":{\"@id\":\"https:\/\/pistonaddict.com\/it\/product\/audi-r8-v10-red-dynamite\/#breadcrumb\"},\"inLanguage\":\"it-IT\",\"potentialAction\":[{\"@type\":\"ReadAction\",\"target\":[\"https:\/\/pistonaddict.com\/it\/product\/audi-r8-v10-red-dynamite\/\"]}]},{\"@type\":\"ImageObject\",\"inLanguage\":\"it-IT\",\"@id\":\"https:\/\/pistonaddict.com\/it\/product\/audi-r8-v10-red-dynamite\/#primaryimage\",\"url\":\"https:\/\/pistonaddict.com\/wp-content\/uploads\/2023\/06\/DSC_0412.jpg\",\"contentUrl\":\"https:\/\/pistonaddict.com\/wp-content\/uploads\/2023\/06\/DSC_0412.jpg\",\"width\":2048,\"height\":1365},{\"@type\":\"BreadcrumbList\",\"@id\":\"https:\/\/pistonaddict.com\/it\/product\/audi-r8-v10-red-dynamite\/#breadcrumb\",\"itemListElement\":[{\"@type\":\"ListItem\",\"position\":1,\"name\":\"accoglienza\",\"item\":\"https:\/\/pistonaddict.com\/it\/homepage\/\"},{\"@type\":\"ListItem\",\"position\":2,\"name\":\"Auctions\",\"item\":\"https:\/\/pistonaddict.com\/auctions-listing\/\"},{\"@type\":\"ListItem\",\"position\":3,\"name\":\"Audi R8 V10 Red Dynamite\"}]},{\"@type\":\"WebSite\",\"@id\":\"https:\/\/pistonaddict.com\/it\/#website\",\"url\":\"https:\/\/pistonaddict.com\/it\/\",\"name\":\"Piston Addict\",\"description\":\"Only interesting vehicles\",\"publisher\":{\"@id\":\"https:\/\/pistonaddict.com\/it\/#organization\"},\"potentialAction\":[{\"@type\":\"SearchAction\",\"target\":{\"@type\":\"EntryPoint\",\"urlTemplate\":\"https:\/\/pistonaddict.com\/it\/?s={search_term_string}\"},\"query-input\":\"required name=search_term_string\"}],\"inLanguage\":\"it-IT\"},{\"@type\":\"Organization\",\"@id\":\"https:\/\/pistonaddict.com\/it\/#organization\",\"name\":\"Piston Addict\",\"url\":\"https:\/\/pistonaddict.com\/it\/\",\"logo\":{\"@type\":\"ImageObject\",\"inLanguage\":\"it-IT\",\"@id\":\"https:\/\/pistonaddict.com\/it\/#\/schema\/logo\/image\/\",\"url\":\"https:\/\/pistonaddict.com\/wp-content\/uploads\/2022\/07\/logo-6.png\",\"contentUrl\":\"https:\/\/pistonaddict.com\/wp-content\/uploads\/2022\/07\/logo-6.png\",\"width\":970,\"height\":200,\"caption\":\"Piston Addict\"},\"image\":{\"@id\":\"https:\/\/pistonaddict.com\/it\/#\/schema\/logo\/image\/\"}}]}<\/script>\n<!-- \/ Yoast SEO plugin. -->","yoast_head_json":{"title":"asta - %","description":"L'auto in vendita all'asta \u00e8 probabilmente uno dei modelli pi\u00f9 performanti della sua categoria: l'iconica Audi R8 V10.","robots":{"index":"index","follow":"follow","max-snippet":"max-snippet:-1","max-image-preview":"max-image-preview:large","max-video-preview":"max-video-preview:-1"},"canonical":"https:\/\/pistonaddict.com\/it\/product\/audi-r8-v10-red-dynamite\/","og_locale":"it_IT","og_type":"article","og_title":"asta - %","og_description":"L'auto in vendita all'asta \u00e8 probabilmente uno dei modelli pi\u00f9 performanti della sua categoria: l'iconica Audi R8 V10.","og_url":"https:\/\/pistonaddict.com\/it\/product\/audi-r8-v10-red-dynamite\/","og_site_name":"Piston Addict","article_modified_time":"2023-12-20T08:46:54+00:00","og_image":[{"width":2048,"height":1365,"url":"https:\/\/pistonaddict.com\/wp-content\/uploads\/2023\/06\/DSC_0412.jpg","type":"image\/jpeg"}],"twitter_card":"summary_large_image","twitter_misc":{"Tempo di lettura stimato":"2 minuti"},"schema":{"@context":"https:\/\/schema.org","@graph":[{"@type":"WebPage","@id":"https:\/\/pistonaddict.com\/it\/product\/audi-r8-v10-red-dynamite\/","url":"https:\/\/pistonaddict.com\/it\/product\/audi-r8-v10-red-dynamite\/","name":"asta - %","isPartOf":{"@id":"https:\/\/pistonaddict.com\/it\/#website"},"primaryImageOfPage":{"@id":"https:\/\/pistonaddict.com\/it\/product\/audi-r8-v10-red-dynamite\/#primaryimage"},"image":{"@id":"https:\/\/pistonaddict.com\/it\/product\/audi-r8-v10-red-dynamite\/#primaryimage"},"thumbnailUrl":"https:\/\/pistonaddict.com\/wp-content\/uploads\/2023\/06\/DSC_0412.jpg","datePublished":"2023-06-16T13:02:15+00:00","dateModified":"2023-12-20T08:46:54+00:00","description":"L'auto in vendita all'asta \u00e8 probabilmente uno dei modelli pi\u00f9 performanti della sua categoria: l'iconica Audi R8 V10.","breadcrumb":{"@id":"https:\/\/pistonaddict.com\/it\/product\/audi-r8-v10-red-dynamite\/#breadcrumb"},"inLanguage":"it-IT","potentialAction":[{"@type":"ReadAction","target":["https:\/\/pistonaddict.com\/it\/product\/audi-r8-v10-red-dynamite\/"]}]},{"@type":"ImageObject","inLanguage":"it-IT","@id":"https:\/\/pistonaddict.com\/it\/product\/audi-r8-v10-red-dynamite\/#primaryimage","url":"https:\/\/pistonaddict.com\/wp-content\/uploads\/2023\/06\/DSC_0412.jpg","contentUrl":"https:\/\/pistonaddict.com\/wp-content\/uploads\/2023\/06\/DSC_0412.jpg","width":2048,"height":1365},{"@type":"BreadcrumbList","@id":"https:\/\/pistonaddict.com\/it\/product\/audi-r8-v10-red-dynamite\/#breadcrumb","itemListElement":[{"@type":"ListItem","position":1,"name":"accoglienza","item":"https:\/\/pistonaddict.com\/it\/homepage\/"},{"@type":"ListItem","position":2,"name":"Auctions","item":"https:\/\/pistonaddict.com\/auctions-listing\/"},{"@type":"ListItem","position":3,"name":"Audi R8 V10 Red Dynamite"}]},{"@type":"WebSite","@id":"https:\/\/pistonaddict.com\/it\/#website","url":"https:\/\/pistonaddict.com\/it\/","name":"Piston Addict","description":"Only interesting vehicles","publisher":{"@id":"https:\/\/pistonaddict.com\/it\/#organization"},"potentialAction":[{"@type":"SearchAction","target":{"@type":"EntryPoint","urlTemplate":"https:\/\/pistonaddict.com\/it\/?s={search_term_string}"},"query-input":"required name=search_term_string"}],"inLanguage":"it-IT"},{"@type":"Organization","@id":"https:\/\/pistonaddict.com\/it\/#organization","name":"Piston Addict","url":"https:\/\/pistonaddict.com\/it\/","logo":{"@type":"ImageObject","inLanguage":"it-IT","@id":"https:\/\/pistonaddict.com\/it\/#\/schema\/logo\/image\/","url":"https:\/\/pistonaddict.com\/wp-content\/uploads\/2022\/07\/logo-6.png","contentUrl":"https:\/\/pistonaddict.com\/wp-content\/uploads\/2022\/07\/logo-6.png","width":970,"height":200,"caption":"Piston Addict"},"image":{"@id":"https:\/\/pistonaddict.com\/it\/#\/schema\/logo\/image\/"}}]}},"_links":{"self":[{"href":"https:\/\/pistonaddict.com\/it\/wp-json\/wp\/v2\/product\/45995"}],"collection":[{"href":"https:\/\/pistonaddict.com\/it\/wp-json\/wp\/v2\/product"}],"about":[{"href":"https:\/\/pistonaddict.com\/it\/wp-json\/wp\/v2\/types\/product"}],"replies":[{"embeddable":true,"href":"https:\/\/pistonaddict.com\/it\/wp-json\/wp\/v2\/comments?post=45995"}],"wp:featuredmedia":[{"embeddable":true,"href":"https:\/\/pistonaddict.com\/it\/wp-json\/wp\/v2\/media\/43352"}],"wp:attachment":[{"href":"https:\/\/pistonaddict.com\/it\/wp-json\/wp\/v2\/media?parent=45995"}],"wp:term":[{"taxonomy":"product_cat","embeddable":true,"href":"https:\/\/pistonaddict.com\/it\/wp-json\/wp\/v2\/product_cat?post=45995"},{"taxonomy":"product_tag","embeddable":true,"href":"https:\/\/pistonaddict.com\/it\/wp-json\/wp\/v2\/product_tag?post=45995"}],"curies":[{"name":"wp","href":"https:\/\/api.w.org\/{rel}","templated":true}]}}