{"id":39976,"date":"2023-04-19T17:58:30","date_gmt":"2023-04-19T15:58:30","guid":{"rendered":"https:\/\/pistonaddict.com\/product\/nissan-gtr\/"},"modified":"2024-03-19T17:53:52","modified_gmt":"2024-03-19T16:53:52","slug":"nissan-gtr","status":"publish","type":"product","link":"https:\/\/pistonaddict.com\/it\/product\/nissan-gtr\/","title":{"rendered":"Nissan GT-R Nismo"},"content":{"rendered":"<h2>Esterno<\/h2>\n<p>Dall&#8217;esterno, questa coup\u00e9 a 2 porte di colore nero bilancia un aspetto apparentemente discreto con dettagli aggressivi, lasciando intendere il suo vero carattere. Il frontale \u00e8 caratterizzato da una grande griglia e da fari di forma triangolare, che conferiscono alla vettura una formidabile presenza su strada. La silhouette della GT-R \u00e8 definita dal lungo cofano, dalla linea del tetto spiovente e dal massiccio spoiler posteriore. Infine, la parte posteriore \u00e8 dominata dalle luci posteriori rotonde, segno distintivo di Nissan. Essendo costruita da Nismo, questa particolare GT-R si differenzia dai modelli standard per diversi dettagli. Oltre al badge montato sulla calandra, sono presenti uno splitter anteriore maggiorato e un cofano del bagagliaio in fibra di carbonio. L&#8217;auto monta pneumatici Michelin Super Sport Cup 2 montati su cerchi da 20 pollici in bronzo prodotti da Volk Racking.<\/p>\n<h2>Interno<\/h2>\n<p>Gli interni della GT-R, caratterizzati da una disposizione dei sedili 2+2, rivelano la sua praticit\u00e0. Chiaramente, i sedili posteriori offrono uno spazio limitato e sono adatti solo per brevi tragitti. Ma, anche in quanto tali, \u00e8 bello averli. I sedili anteriori, invece, sono una storia diversa. Vestiti in pelle nera con accenti rossi, offrono un supporto praticamente illimitato, mantenendo il conducente saldamente in posizione anche nelle curve pi\u00f9 strette. E questi sono negoziati con un volante a tre razze rivestito in pelle spazzolata con cuciture rosse. Dietro di esso si trova il quadro strumenti dominato da un contagiri che arriva fino a 8.000 giri\/min. Altri quadranti sono il tachimetro e gli indicatori della temperatura del motore e del livello del carburante. C&#8217;\u00e8 anche un display centrale che mostra parametri simili a quelli di una gara, come l&#8217;accelerazione o le forze laterali.<\/p>\n<h2>Meccanica<\/h2>\n<p>Per quanto possa essere bella, la Nissan GT-R \u00e8 in realt\u00e0 pi\u00f9 affascinante grazie alla meccanica che si nasconde sotto la pelle. Il primo \u00e8 il motore, un V6 biturbo da 3,8 litri costruito a mano con la massima precisione possibile dai migliori tecnici Nissan. Inoltre, ognuna di esse \u00e8 messa a punto al massimo, il che si traduce in potenze diverse per ogni auto. E con 750 cavalli di potenza, questa particolare GT-R ne ha da vendere. Poi, c&#8217;\u00e8 un cambio automatico a doppia frizione a sei rapporti che, per migliorare la distribuzione dei pesi, \u00e8 montato sul retro. Inoltre, \u00e8 costruito a mano e abbinato al motore per rendere i cambi di marcia il pi\u00f9 rapidi possibile. Infine, tutta questa immensa potenza viene trasferita efficacemente al suolo attraverso un elaborato sistema di trazione integrale. Con tutto ci\u00f2, questa Nissan GT-R accelera da 0 a 60 in soli 2,5 secondi e ha una velocit\u00e0 massima di 205 MPH.<\/p>\n<h2>Storia del veicolo<\/h2>\n<p>Sebbene ogni Nissan GT-R, con la sua meccanica costruita a mano e la sua messa a punto personalizzata, sia unica a modo suo, questo particolare modello \u00e8 ancora pi\u00f9 speciale. Questo, infatti, \u00e8 stato il primo modello con guida a sinistra costruito da Nismo, la divisione corse interna di Nissan, realizzato personalmente per il presidente della scuderia Renault di Formula 1 dell&#8217;epoca. Secondo il venditore, questa vettura \u00e8 come nuova, ha percorso 2.703 miglia e si trova attualmente nel Regno Unito.<\/p>\n","protected":false},"excerpt":{"rendered":"<p>La leggendaria Nissan GT-R \u00e8 una delle auto pi\u00f9 iconiche e desiderate del Paese del Sol Levante. Con il suo potente motore V6 turbocompresso e l&#8217;elaborata trazione integrale, questo mostro della strada impressiona i conducenti con la sua pura velocit\u00e0 e una maneggevolezza che sembra sfidare le leggi della fisica. Ma questo modello 2016, messo in vendita da un venditore professionista, non \u00e8 una normale GT-R. Invece, l&#8217;auto che state guardando \u00e8 la GT-R Nismo, orientata alla pista e ai record. Finora ha percorso solo 2.700 miglia e non sta aspettando il suo nuovo proprietario.<\/p>\n","protected":false},"featured_media":39379,"comment_status":"open","ping_status":"closed","template":"","meta":{"inline_featured_image":false},"product_cat":[742],"product_tag":[1738,939,1736,1734],"acf":[],"yoast_head":"<!-- This site is optimized with the Yoast SEO plugin v22.5 - https:\/\/yoast.com\/wordpress\/plugins\/seo\/ -->\n<title>asta - %<\/title>\n<meta name=\"description\" content=\"Guarda questa Nissan GT-R Nismo in vendita all&#039;asta su PistonAddict.com\" \/>\n<meta name=\"robots\" content=\"index, follow, max-snippet:-1, max-image-preview:large, max-video-preview:-1\" \/>\n<link rel=\"canonical\" href=\"https:\/\/pistonaddict.com\/it\/product\/nissan-gtr\/\" \/>\n<meta property=\"og:locale\" content=\"it_IT\" \/>\n<meta property=\"og:type\" content=\"article\" \/>\n<meta property=\"og:title\" content=\"asta - %\" \/>\n<meta property=\"og:description\" content=\"Guarda questa Nissan GT-R Nismo in vendita all&#039;asta su PistonAddict.com\" \/>\n<meta property=\"og:url\" content=\"https:\/\/pistonaddict.com\/it\/product\/nissan-gtr\/\" \/>\n<meta property=\"og:site_name\" content=\"Piston Addict\" \/>\n<meta property=\"article:modified_time\" content=\"2024-03-19T16:53:52+00:00\" \/>\n<meta property=\"og:image\" content=\"https:\/\/pistonaddict.com\/wp-content\/uploads\/2023\/04\/LuxurycarLondonApril11PistonAddict_0497-scaled.jpg\" \/>\n\t<meta property=\"og:image:width\" content=\"2560\" \/>\n\t<meta property=\"og:image:height\" content=\"1972\" \/>\n\t<meta property=\"og:image:type\" content=\"image\/jpeg\" \/>\n<meta name=\"twitter:card\" content=\"summary_large_image\" \/>\n<meta name=\"twitter:label1\" content=\"Tempo di lettura stimato\" \/>\n\t<meta name=\"twitter:data1\" content=\"2 minuti\" \/>\n<script type=\"application\/ld+json\" class=\"yoast-schema-graph\">{\"@context\":\"https:\/\/schema.org\",\"@graph\":[{\"@type\":\"WebPage\",\"@id\":\"https:\/\/pistonaddict.com\/it\/product\/nissan-gtr\/\",\"url\":\"https:\/\/pistonaddict.com\/it\/product\/nissan-gtr\/\",\"name\":\"asta - %\",\"isPartOf\":{\"@id\":\"https:\/\/pistonaddict.com\/it\/#website\"},\"primaryImageOfPage\":{\"@id\":\"https:\/\/pistonaddict.com\/it\/product\/nissan-gtr\/#primaryimage\"},\"image\":{\"@id\":\"https:\/\/pistonaddict.com\/it\/product\/nissan-gtr\/#primaryimage\"},\"thumbnailUrl\":\"https:\/\/pistonaddict.com\/wp-content\/uploads\/2023\/04\/LuxurycarLondonApril11PistonAddict_0497-scaled.jpg\",\"datePublished\":\"2023-04-19T15:58:30+00:00\",\"dateModified\":\"2024-03-19T16:53:52+00:00\",\"description\":\"Guarda questa Nissan GT-R Nismo in vendita all'asta su PistonAddict.com\",\"breadcrumb\":{\"@id\":\"https:\/\/pistonaddict.com\/it\/product\/nissan-gtr\/#breadcrumb\"},\"inLanguage\":\"it-IT\",\"potentialAction\":[{\"@type\":\"ReadAction\",\"target\":[\"https:\/\/pistonaddict.com\/it\/product\/nissan-gtr\/\"]}]},{\"@type\":\"ImageObject\",\"inLanguage\":\"it-IT\",\"@id\":\"https:\/\/pistonaddict.com\/it\/product\/nissan-gtr\/#primaryimage\",\"url\":\"https:\/\/pistonaddict.com\/wp-content\/uploads\/2023\/04\/LuxurycarLondonApril11PistonAddict_0497-scaled.jpg\",\"contentUrl\":\"https:\/\/pistonaddict.com\/wp-content\/uploads\/2023\/04\/LuxurycarLondonApril11PistonAddict_0497-scaled.jpg\",\"width\":2560,\"height\":1972},{\"@type\":\"BreadcrumbList\",\"@id\":\"https:\/\/pistonaddict.com\/it\/product\/nissan-gtr\/#breadcrumb\",\"itemListElement\":[{\"@type\":\"ListItem\",\"position\":1,\"name\":\"accoglienza\",\"item\":\"https:\/\/pistonaddict.com\/it\/homepage\/\"},{\"@type\":\"ListItem\",\"position\":2,\"name\":\"Auctions\",\"item\":\"https:\/\/pistonaddict.com\/auctions-listing\/\"},{\"@type\":\"ListItem\",\"position\":3,\"name\":\"Nissan GT-R Nismo\"}]},{\"@type\":\"WebSite\",\"@id\":\"https:\/\/pistonaddict.com\/it\/#website\",\"url\":\"https:\/\/pistonaddict.com\/it\/\",\"name\":\"Piston Addict\",\"description\":\"Only interesting vehicles\",\"publisher\":{\"@id\":\"https:\/\/pistonaddict.com\/it\/#organization\"},\"potentialAction\":[{\"@type\":\"SearchAction\",\"target\":{\"@type\":\"EntryPoint\",\"urlTemplate\":\"https:\/\/pistonaddict.com\/it\/?s={search_term_string}\"},\"query-input\":\"required name=search_term_string\"}],\"inLanguage\":\"it-IT\"},{\"@type\":\"Organization\",\"@id\":\"https:\/\/pistonaddict.com\/it\/#organization\",\"name\":\"Piston Addict\",\"url\":\"https:\/\/pistonaddict.com\/it\/\",\"logo\":{\"@type\":\"ImageObject\",\"inLanguage\":\"it-IT\",\"@id\":\"https:\/\/pistonaddict.com\/it\/#\/schema\/logo\/image\/\",\"url\":\"https:\/\/pistonaddict.com\/wp-content\/uploads\/2022\/07\/logo-6.png\",\"contentUrl\":\"https:\/\/pistonaddict.com\/wp-content\/uploads\/2022\/07\/logo-6.png\",\"width\":970,\"height\":200,\"caption\":\"Piston Addict\"},\"image\":{\"@id\":\"https:\/\/pistonaddict.com\/it\/#\/schema\/logo\/image\/\"}}]}<\/script>\n<!-- \/ Yoast SEO plugin. -->","yoast_head_json":{"title":"asta - %","description":"Guarda questa Nissan GT-R Nismo in vendita all'asta su PistonAddict.com","robots":{"index":"index","follow":"follow","max-snippet":"max-snippet:-1","max-image-preview":"max-image-preview:large","max-video-preview":"max-video-preview:-1"},"canonical":"https:\/\/pistonaddict.com\/it\/product\/nissan-gtr\/","og_locale":"it_IT","og_type":"article","og_title":"asta - %","og_description":"Guarda questa Nissan GT-R Nismo in vendita all'asta su PistonAddict.com","og_url":"https:\/\/pistonaddict.com\/it\/product\/nissan-gtr\/","og_site_name":"Piston Addict","article_modified_time":"2024-03-19T16:53:52+00:00","og_image":[{"width":2560,"height":1972,"url":"https:\/\/pistonaddict.com\/wp-content\/uploads\/2023\/04\/LuxurycarLondonApril11PistonAddict_0497-scaled.jpg","type":"image\/jpeg"}],"twitter_card":"summary_large_image","twitter_misc":{"Tempo di lettura stimato":"2 minuti"},"schema":{"@context":"https:\/\/schema.org","@graph":[{"@type":"WebPage","@id":"https:\/\/pistonaddict.com\/it\/product\/nissan-gtr\/","url":"https:\/\/pistonaddict.com\/it\/product\/nissan-gtr\/","name":"asta - %","isPartOf":{"@id":"https:\/\/pistonaddict.com\/it\/#website"},"primaryImageOfPage":{"@id":"https:\/\/pistonaddict.com\/it\/product\/nissan-gtr\/#primaryimage"},"image":{"@id":"https:\/\/pistonaddict.com\/it\/product\/nissan-gtr\/#primaryimage"},"thumbnailUrl":"https:\/\/pistonaddict.com\/wp-content\/uploads\/2023\/04\/LuxurycarLondonApril11PistonAddict_0497-scaled.jpg","datePublished":"2023-04-19T15:58:30+00:00","dateModified":"2024-03-19T16:53:52+00:00","description":"Guarda questa Nissan GT-R Nismo in vendita all'asta su PistonAddict.com","breadcrumb":{"@id":"https:\/\/pistonaddict.com\/it\/product\/nissan-gtr\/#breadcrumb"},"inLanguage":"it-IT","potentialAction":[{"@type":"ReadAction","target":["https:\/\/pistonaddict.com\/it\/product\/nissan-gtr\/"]}]},{"@type":"ImageObject","inLanguage":"it-IT","@id":"https:\/\/pistonaddict.com\/it\/product\/nissan-gtr\/#primaryimage","url":"https:\/\/pistonaddict.com\/wp-content\/uploads\/2023\/04\/LuxurycarLondonApril11PistonAddict_0497-scaled.jpg","contentUrl":"https:\/\/pistonaddict.com\/wp-content\/uploads\/2023\/04\/LuxurycarLondonApril11PistonAddict_0497-scaled.jpg","width":2560,"height":1972},{"@type":"BreadcrumbList","@id":"https:\/\/pistonaddict.com\/it\/product\/nissan-gtr\/#breadcrumb","itemListElement":[{"@type":"ListItem","position":1,"name":"accoglienza","item":"https:\/\/pistonaddict.com\/it\/homepage\/"},{"@type":"ListItem","position":2,"name":"Auctions","item":"https:\/\/pistonaddict.com\/auctions-listing\/"},{"@type":"ListItem","position":3,"name":"Nissan GT-R Nismo"}]},{"@type":"WebSite","@id":"https:\/\/pistonaddict.com\/it\/#website","url":"https:\/\/pistonaddict.com\/it\/","name":"Piston Addict","description":"Only interesting vehicles","publisher":{"@id":"https:\/\/pistonaddict.com\/it\/#organization"},"potentialAction":[{"@type":"SearchAction","target":{"@type":"EntryPoint","urlTemplate":"https:\/\/pistonaddict.com\/it\/?s={search_term_string}"},"query-input":"required name=search_term_string"}],"inLanguage":"it-IT"},{"@type":"Organization","@id":"https:\/\/pistonaddict.com\/it\/#organization","name":"Piston Addict","url":"https:\/\/pistonaddict.com\/it\/","logo":{"@type":"ImageObject","inLanguage":"it-IT","@id":"https:\/\/pistonaddict.com\/it\/#\/schema\/logo\/image\/","url":"https:\/\/pistonaddict.com\/wp-content\/uploads\/2022\/07\/logo-6.png","contentUrl":"https:\/\/pistonaddict.com\/wp-content\/uploads\/2022\/07\/logo-6.png","width":970,"height":200,"caption":"Piston Addict"},"image":{"@id":"https:\/\/pistonaddict.com\/it\/#\/schema\/logo\/image\/"}}]}},"_links":{"self":[{"href":"https:\/\/pistonaddict.com\/it\/wp-json\/wp\/v2\/product\/39976"}],"collection":[{"href":"https:\/\/pistonaddict.com\/it\/wp-json\/wp\/v2\/product"}],"about":[{"href":"https:\/\/pistonaddict.com\/it\/wp-json\/wp\/v2\/types\/product"}],"replies":[{"embeddable":true,"href":"https:\/\/pistonaddict.com\/it\/wp-json\/wp\/v2\/comments?post=39976"}],"wp:featuredmedia":[{"embeddable":true,"href":"https:\/\/pistonaddict.com\/it\/wp-json\/wp\/v2\/media\/39379"}],"wp:attachment":[{"href":"https:\/\/pistonaddict.com\/it\/wp-json\/wp\/v2\/media?parent=39976"}],"wp:term":[{"taxonomy":"product_cat","embeddable":true,"href":"https:\/\/pistonaddict.com\/it\/wp-json\/wp\/v2\/product_cat?post=39976"},{"taxonomy":"product_tag","embeddable":true,"href":"https:\/\/pistonaddict.com\/it\/wp-json\/wp\/v2\/product_tag?post=39976"}],"curies":[{"name":"wp","href":"https:\/\/api.w.org\/{rel}","templated":true}]}}