{"id":39230,"date":"2023-04-19T17:31:19","date_gmt":"2023-04-19T15:31:19","guid":{"rendered":"https:\/\/pistonaddict.com\/product\/mclaren-720s\/"},"modified":"2024-03-19T17:52:41","modified_gmt":"2024-03-19T16:52:41","slug":"mclaren-720s","status":"publish","type":"product","link":"https:\/\/pistonaddict.com\/it\/product\/mclaren-720s\/","title":{"rendered":"McLaren 720S"},"content":{"rendered":"<h2>Esterno<\/h2>\n<p>Verniciata di arancione brillante, la McLaren 720S far\u00e0 sicuramente girare la testa ovunque si presenti. Ma, d&#8217;altra parte, sarebbe lo stesso in qualsiasi altro colore, grazie al suo splendido design ispirato agli squali. Con un frontale aggressivo, una silhouette filante e porte a farfalla pratiche e divertenti, \u00e8 impressionante da qualsiasi angolazione. Tra questi, le enormi prese d&#8217;aria laterali, il vano motore rivestito di rete che si illumina quando si accende il motore e lo spoiler posteriore che si solleva in caso di frenata brusca. La frenata \u00e8 affidata a massicci dischi ceramici posizionati dietro i cerchi neri da 19 pollici con pneumatici Pirelli P Zero.<\/p>\n<p>Tuttavia, questa biposto non ha l&#8217;aspetto che ha solo per lo spettacolo, dato che la maggior parte delle forme della sua carrozzeria sono scolpite per migliorare l&#8217;aerodinamica e generare deportanza. E come tale, la McLaren 720S dimostra che la forma e la funzione possono essere unite in perfetta armonia.<\/p>\n<h2>Interno<\/h2>\n<p>Gli interni della McLaren, rivestiti in Alcantara e fibra di carbonio, rivelano ulteriormente l&#8217;orientamento alla pista di questa vettura. Il primo \u00e8 una coppia di sedili sportivi che tengono saldamente legati il guidatore e il passeggero nelle curve pi\u00f9 strette. Poi, c&#8217;\u00e8 un volante a tre razze rivestito in pelle, che incornicia un quadro strumenti digitale. In modalit\u00e0 standard, visualizza vari parametri del motore e del veicolo, come la velocit\u00e0 e la temperatura del motore. Ma quando si attiva la modalit\u00e0 Track, l&#8217;intero quadro si inclina verso il basso, rivelando un piccolo display nella parte superiore, che mostra solo il contagiri, la velocit\u00e0 e la marcia selezionata. Infine, la console centrale \u00e8 spartana ma funzionale, con manopole e pulsanti essenziali, accompagnati da un display touch-screen centrale orientato al conducente.<\/p>\n<h2>Meccanica<\/h2>\n<p>Sotto la pelle elegante e aerodinamica, la 720S ha un telaio monoscocca in fibra di carbonio, che McLaren chiama MonoCage. Questa struttura ispirata alla F1 non \u00e8 solo leggera, ma anche estremamente rigida, per ridurre la flessione della carrozzeria nelle curve pi\u00f9 impegnative.<\/p>\n<p>Il cuore di ogni auto supersportiva \u00e8 il motore, che in McLaren \u00e8 montato proprio dietro i sedili. Nell&#8217;allestimento di serie, il V8 biturbo che vi si nasconde sviluppa 720 cavalli, il numero a cui la vettura deve il suo nome, e una coppia sorprendente di 770 Nm. La potenza viene inviata alle ruote posteriori attraverso una scattante trasmissione a doppia frizione a 7 rapporti.<\/p>\n<p>E tutto questo, in un&#8217;auto che pesa solo 1.400 chilogrammi, \u00e8 pi\u00f9 che sufficiente per garantire maneggevolezza e prestazioni superiori. In termini numerici, ci\u00f2 si tradurrebbe in un&#8217;accelerazione da 0 a 100 in 2,9 secondi e in una velocit\u00e0 massima di 212 miglia orarie. Tuttavia, questa non \u00e8 una normale McLaren 720S, messa a punto in fabbrica. Il proprietario l&#8217;ha invece dotata di una messa a punto personalizzata Litchfield che aumenta la potenza del motore a 800 cavalli.<\/p>\n<h2>Storia del veicolo<\/h2>\n<p>Il venditore dichiara che tutti gli interventi di manutenzione sono stati eseguiti regolarmente, con l&#8217;ultimo servizio effettuato nell&#8217;ottobre 2022. Attualmente non sono presenti guasti o avvisi noti sul cruscotto. Inoltre, a giudicare dalle foto fornite, non ci sono imperfezioni di carrozzeria da segnalare.<\/p>\n","protected":false},"excerpt":{"rendered":"<p>Qui \u00e8 in vendita la McLaren 720S, probabilmente una delle auto pi\u00f9 performanti della sua categoria. Grazie al motore V8 turbo e alle sospensioni all&#8217;avanguardia, questa coup\u00e9 \u00e8 velocissima sia in rettilineo che in curva. Secondo il venditore professionale che la mette all&#8217;asta, questa McLaren 720S del 2017 \u00e8 impeccabile, completamente revisionata e non \u00e8 stata coinvolta in alcun incidente. Finora ha percorso poco pi\u00f9 di 4.000 miglia e attualmente si trova nel Regno Unito.<\/p>\n","protected":false},"featured_media":39159,"comment_status":"open","ping_status":"closed","template":"","meta":{"inline_featured_image":false},"product_cat":[742],"product_tag":[1673,1672,939,1670],"acf":[],"yoast_head":"<!-- This site is optimized with the Yoast SEO plugin v22.5 - https:\/\/yoast.com\/wordpress\/plugins\/seo\/ -->\n<title>asta - %<\/title>\n<meta name=\"description\" content=\"Guarda questa McLaren 720S in vendita all&#039;asta su PistonAddict.com\" \/>\n<meta name=\"robots\" content=\"index, follow, max-snippet:-1, max-image-preview:large, max-video-preview:-1\" \/>\n<link rel=\"canonical\" href=\"https:\/\/pistonaddict.com\/it\/product\/mclaren-720s\/\" \/>\n<meta property=\"og:locale\" content=\"it_IT\" \/>\n<meta property=\"og:type\" content=\"article\" \/>\n<meta property=\"og:title\" content=\"asta - %\" \/>\n<meta property=\"og:description\" content=\"Guarda questa McLaren 720S in vendita all&#039;asta su PistonAddict.com\" \/>\n<meta property=\"og:url\" content=\"https:\/\/pistonaddict.com\/it\/product\/mclaren-720s\/\" \/>\n<meta property=\"og:site_name\" content=\"Piston Addict\" \/>\n<meta property=\"article:modified_time\" content=\"2024-03-19T16:52:41+00:00\" \/>\n<meta property=\"og:image\" content=\"https:\/\/pistonaddict.com\/wp-content\/uploads\/2023\/04\/LuxurycarLondonApril11PistonAddict_0851-scaled.jpg\" \/>\n\t<meta property=\"og:image:width\" content=\"2560\" \/>\n\t<meta property=\"og:image:height\" content=\"1534\" \/>\n\t<meta property=\"og:image:type\" content=\"image\/jpeg\" \/>\n<meta name=\"twitter:card\" content=\"summary_large_image\" \/>\n<meta name=\"twitter:label1\" content=\"Tempo di lettura stimato\" \/>\n\t<meta name=\"twitter:data1\" content=\"2 minuti\" \/>\n<script type=\"application\/ld+json\" class=\"yoast-schema-graph\">{\"@context\":\"https:\/\/schema.org\",\"@graph\":[{\"@type\":\"WebPage\",\"@id\":\"https:\/\/pistonaddict.com\/it\/product\/mclaren-720s\/\",\"url\":\"https:\/\/pistonaddict.com\/it\/product\/mclaren-720s\/\",\"name\":\"asta - %\",\"isPartOf\":{\"@id\":\"https:\/\/pistonaddict.com\/it\/#website\"},\"primaryImageOfPage\":{\"@id\":\"https:\/\/pistonaddict.com\/it\/product\/mclaren-720s\/#primaryimage\"},\"image\":{\"@id\":\"https:\/\/pistonaddict.com\/it\/product\/mclaren-720s\/#primaryimage\"},\"thumbnailUrl\":\"https:\/\/pistonaddict.com\/wp-content\/uploads\/2023\/04\/LuxurycarLondonApril11PistonAddict_0851-scaled.jpg\",\"datePublished\":\"2023-04-19T15:31:19+00:00\",\"dateModified\":\"2024-03-19T16:52:41+00:00\",\"description\":\"Guarda questa McLaren 720S in vendita all'asta su PistonAddict.com\",\"breadcrumb\":{\"@id\":\"https:\/\/pistonaddict.com\/it\/product\/mclaren-720s\/#breadcrumb\"},\"inLanguage\":\"it-IT\",\"potentialAction\":[{\"@type\":\"ReadAction\",\"target\":[\"https:\/\/pistonaddict.com\/it\/product\/mclaren-720s\/\"]}]},{\"@type\":\"ImageObject\",\"inLanguage\":\"it-IT\",\"@id\":\"https:\/\/pistonaddict.com\/it\/product\/mclaren-720s\/#primaryimage\",\"url\":\"https:\/\/pistonaddict.com\/wp-content\/uploads\/2023\/04\/LuxurycarLondonApril11PistonAddict_0851-scaled.jpg\",\"contentUrl\":\"https:\/\/pistonaddict.com\/wp-content\/uploads\/2023\/04\/LuxurycarLondonApril11PistonAddict_0851-scaled.jpg\",\"width\":2560,\"height\":1534},{\"@type\":\"BreadcrumbList\",\"@id\":\"https:\/\/pistonaddict.com\/it\/product\/mclaren-720s\/#breadcrumb\",\"itemListElement\":[{\"@type\":\"ListItem\",\"position\":1,\"name\":\"accoglienza\",\"item\":\"https:\/\/pistonaddict.com\/it\/homepage\/\"},{\"@type\":\"ListItem\",\"position\":2,\"name\":\"Auctions\",\"item\":\"https:\/\/pistonaddict.com\/auctions-listing\/\"},{\"@type\":\"ListItem\",\"position\":3,\"name\":\"McLaren 720S\"}]},{\"@type\":\"WebSite\",\"@id\":\"https:\/\/pistonaddict.com\/it\/#website\",\"url\":\"https:\/\/pistonaddict.com\/it\/\",\"name\":\"Piston Addict\",\"description\":\"Only interesting vehicles\",\"publisher\":{\"@id\":\"https:\/\/pistonaddict.com\/it\/#organization\"},\"potentialAction\":[{\"@type\":\"SearchAction\",\"target\":{\"@type\":\"EntryPoint\",\"urlTemplate\":\"https:\/\/pistonaddict.com\/it\/?s={search_term_string}\"},\"query-input\":\"required name=search_term_string\"}],\"inLanguage\":\"it-IT\"},{\"@type\":\"Organization\",\"@id\":\"https:\/\/pistonaddict.com\/it\/#organization\",\"name\":\"Piston Addict\",\"url\":\"https:\/\/pistonaddict.com\/it\/\",\"logo\":{\"@type\":\"ImageObject\",\"inLanguage\":\"it-IT\",\"@id\":\"https:\/\/pistonaddict.com\/it\/#\/schema\/logo\/image\/\",\"url\":\"https:\/\/pistonaddict.com\/wp-content\/uploads\/2022\/07\/logo-6.png\",\"contentUrl\":\"https:\/\/pistonaddict.com\/wp-content\/uploads\/2022\/07\/logo-6.png\",\"width\":970,\"height\":200,\"caption\":\"Piston Addict\"},\"image\":{\"@id\":\"https:\/\/pistonaddict.com\/it\/#\/schema\/logo\/image\/\"}}]}<\/script>\n<!-- \/ Yoast SEO plugin. -->","yoast_head_json":{"title":"asta - %","description":"Guarda questa McLaren 720S in vendita all'asta su PistonAddict.com","robots":{"index":"index","follow":"follow","max-snippet":"max-snippet:-1","max-image-preview":"max-image-preview:large","max-video-preview":"max-video-preview:-1"},"canonical":"https:\/\/pistonaddict.com\/it\/product\/mclaren-720s\/","og_locale":"it_IT","og_type":"article","og_title":"asta - %","og_description":"Guarda questa McLaren 720S in vendita all'asta su PistonAddict.com","og_url":"https:\/\/pistonaddict.com\/it\/product\/mclaren-720s\/","og_site_name":"Piston Addict","article_modified_time":"2024-03-19T16:52:41+00:00","og_image":[{"width":2560,"height":1534,"url":"https:\/\/pistonaddict.com\/wp-content\/uploads\/2023\/04\/LuxurycarLondonApril11PistonAddict_0851-scaled.jpg","type":"image\/jpeg"}],"twitter_card":"summary_large_image","twitter_misc":{"Tempo di lettura stimato":"2 minuti"},"schema":{"@context":"https:\/\/schema.org","@graph":[{"@type":"WebPage","@id":"https:\/\/pistonaddict.com\/it\/product\/mclaren-720s\/","url":"https:\/\/pistonaddict.com\/it\/product\/mclaren-720s\/","name":"asta - %","isPartOf":{"@id":"https:\/\/pistonaddict.com\/it\/#website"},"primaryImageOfPage":{"@id":"https:\/\/pistonaddict.com\/it\/product\/mclaren-720s\/#primaryimage"},"image":{"@id":"https:\/\/pistonaddict.com\/it\/product\/mclaren-720s\/#primaryimage"},"thumbnailUrl":"https:\/\/pistonaddict.com\/wp-content\/uploads\/2023\/04\/LuxurycarLondonApril11PistonAddict_0851-scaled.jpg","datePublished":"2023-04-19T15:31:19+00:00","dateModified":"2024-03-19T16:52:41+00:00","description":"Guarda questa McLaren 720S in vendita all'asta su PistonAddict.com","breadcrumb":{"@id":"https:\/\/pistonaddict.com\/it\/product\/mclaren-720s\/#breadcrumb"},"inLanguage":"it-IT","potentialAction":[{"@type":"ReadAction","target":["https:\/\/pistonaddict.com\/it\/product\/mclaren-720s\/"]}]},{"@type":"ImageObject","inLanguage":"it-IT","@id":"https:\/\/pistonaddict.com\/it\/product\/mclaren-720s\/#primaryimage","url":"https:\/\/pistonaddict.com\/wp-content\/uploads\/2023\/04\/LuxurycarLondonApril11PistonAddict_0851-scaled.jpg","contentUrl":"https:\/\/pistonaddict.com\/wp-content\/uploads\/2023\/04\/LuxurycarLondonApril11PistonAddict_0851-scaled.jpg","width":2560,"height":1534},{"@type":"BreadcrumbList","@id":"https:\/\/pistonaddict.com\/it\/product\/mclaren-720s\/#breadcrumb","itemListElement":[{"@type":"ListItem","position":1,"name":"accoglienza","item":"https:\/\/pistonaddict.com\/it\/homepage\/"},{"@type":"ListItem","position":2,"name":"Auctions","item":"https:\/\/pistonaddict.com\/auctions-listing\/"},{"@type":"ListItem","position":3,"name":"McLaren 720S"}]},{"@type":"WebSite","@id":"https:\/\/pistonaddict.com\/it\/#website","url":"https:\/\/pistonaddict.com\/it\/","name":"Piston Addict","description":"Only interesting vehicles","publisher":{"@id":"https:\/\/pistonaddict.com\/it\/#organization"},"potentialAction":[{"@type":"SearchAction","target":{"@type":"EntryPoint","urlTemplate":"https:\/\/pistonaddict.com\/it\/?s={search_term_string}"},"query-input":"required name=search_term_string"}],"inLanguage":"it-IT"},{"@type":"Organization","@id":"https:\/\/pistonaddict.com\/it\/#organization","name":"Piston Addict","url":"https:\/\/pistonaddict.com\/it\/","logo":{"@type":"ImageObject","inLanguage":"it-IT","@id":"https:\/\/pistonaddict.com\/it\/#\/schema\/logo\/image\/","url":"https:\/\/pistonaddict.com\/wp-content\/uploads\/2022\/07\/logo-6.png","contentUrl":"https:\/\/pistonaddict.com\/wp-content\/uploads\/2022\/07\/logo-6.png","width":970,"height":200,"caption":"Piston Addict"},"image":{"@id":"https:\/\/pistonaddict.com\/it\/#\/schema\/logo\/image\/"}}]}},"_links":{"self":[{"href":"https:\/\/pistonaddict.com\/it\/wp-json\/wp\/v2\/product\/39230"}],"collection":[{"href":"https:\/\/pistonaddict.com\/it\/wp-json\/wp\/v2\/product"}],"about":[{"href":"https:\/\/pistonaddict.com\/it\/wp-json\/wp\/v2\/types\/product"}],"replies":[{"embeddable":true,"href":"https:\/\/pistonaddict.com\/it\/wp-json\/wp\/v2\/comments?post=39230"}],"wp:featuredmedia":[{"embeddable":true,"href":"https:\/\/pistonaddict.com\/it\/wp-json\/wp\/v2\/media\/39159"}],"wp:attachment":[{"href":"https:\/\/pistonaddict.com\/it\/wp-json\/wp\/v2\/media?parent=39230"}],"wp:term":[{"taxonomy":"product_cat","embeddable":true,"href":"https:\/\/pistonaddict.com\/it\/wp-json\/wp\/v2\/product_cat?post=39230"},{"taxonomy":"product_tag","embeddable":true,"href":"https:\/\/pistonaddict.com\/it\/wp-json\/wp\/v2\/product_tag?post=39230"}],"curies":[{"name":"wp","href":"https:\/\/api.w.org\/{rel}","templated":true}]}}