{"id":37950,"date":"2023-04-19T16:55:04","date_gmt":"2023-04-19T14:55:04","guid":{"rendered":"https:\/\/pistonaddict.com\/product\/ferrari-412\/"},"modified":"2024-03-19T17:51:00","modified_gmt":"2024-03-19T16:51:00","slug":"ferrari-412","status":"publish","type":"product","link":"https:\/\/pistonaddict.com\/it\/product\/ferrari-412\/","title":{"rendered":"Ferrari 412"},"content":{"rendered":"<p><strong>Storia dell&#8217;auto<\/strong><\/p>\n<p>La Ferrari 412 \u00e8 stata introdotta nel 1985 come prodotto GT di punta dell&#8217;azienda, con spazio per quattro passeggeri e un bagagliaio spazioso. Spinta dal classico motore Colombo V12 da 4,9 litri, rappresenta una delle ultime iterazioni della classica Ferrari GT. Con 340 CV di potenza, che alimentano le ruote posteriori attraverso il cambio automatico Borg-Warner, questa Ferrari 412 pu\u00f2 raggiungere i 100 km\/h in soli 6,5 secondi e accelerare fino a 260 km\/h di velocit\u00e0 massima. Questo particolare esemplare \u00e8 uno degli ultimi prodotti, consegnato al primo proprietario nel novembre del 1988. La produzione termin\u00f2 nel 1989 dopo la consegna di 576 vetture, di cui solo 306 con cambio automatico. L&#8217;ultimo tagliando \u00e8 stato effettuato nell&#8217;aprile 2021 e da allora l&#8217;auto \u00e8 stata usata pochissimo.<\/p>\n<p><strong>Condizioni dell&#8217;auto<\/strong><\/p>\n<p>Ci\u00f2 che rende questa elegante GT cos\u00ec attraente \u00e8 la sua condizione. Con meno di 37.000 chilometri dal nuovo, \u00e8 un esempio perfettamente conservato dell&#8217;eleganza Ferrari degli anni &#8217;80. Questa vettura non \u00e8 mai stata restaurata e si trova nelle sue notevoli condizioni originali, fino alle ruote originali, al kit di attrezzi (dettaglio molto apprezzato dai collezionisti Ferrari) e ai pneumatici corretti di fabbrica, che sono piuttosto insoliti al giorno d&#8217;oggi. Questa Ferrari 412 \u00e8 stata sottoposta a un&#8217;adeguata manutenzione e tenuta in garage, e questo \u00e8 uno dei motivi per cui sembra nuova. Non ci sono perdite d&#8217;olio nel sottoscocca, il vano motore \u00e8 in ordine e sono presenti tutti i timbri e le marcature originali.<\/p>\n<p><strong>Interno<\/strong><\/p>\n<p>Come ci si aspettava, gli interni di questa Ferrari 412 del 1988 sono rivestiti in pelle e la combinazione di colori tra l&#8217;esterno nero e i sedili color tan \u00e8 particolarmente accattivante. Non ci sono danni visibili e i sedili, le portiere e il cruscotto sono in condizioni immacolate. Naturalmente, come una lussuosa GT, quale \u00e8 certamente questa Ferrari 412, gli interni sono ricchi di comfort, accessori elettrici e climatizzazione funzionante. L&#8217;unica cosa che non \u00e8 originale \u00e8 l&#8217;unit\u00e0 principale dell&#8217;impianto audio che \u00e8 stata sostituita con una moderna.<\/p>\n<p><strong>Esterni e ruote<\/strong><\/p>\n<p>Tutte le finiture esterne, le modanature e i componenti in plastica sono in perfetta forma e non c&#8217;\u00e8 ruggine, come ci si potrebbe aspettare da un veicolo ben curato. Non ci sono graffi o ammaccature e la vernice \u00e8 in condizioni ideali. \u00c8 interessante notare che la vettura conserva le ruote e la gomma TRX originali, che aveva quando era nuova. Alcuni proprietari di Ferrari 412 hanno cambiato le ruote con altre pi\u00f9 moderne, dato che i pneumatici TRX sono difficili da trovare, ma il proprietario di questo esemplare \u00e8 rimasto fedele alle specifiche originali, il che \u00e8 un tocco di classe e dimostra quanto sia stata curata la vettura.<\/p>\n<p><strong>Documentazione<\/strong><\/p>\n<p>Si tratta di un veicolo di propriet\u00e0 privata con documentazione adeguata situato a Londra, Regno Unito. Il rapporto CarVertical \u00e8 pulito; non esistono prove di incidenti, riparazioni di incidenti o problemi legali. Esistono registri di manutenzione regolare.<\/p>\n","protected":false},"excerpt":{"rendered":"<p>Le GT V12 della Ferrari sono sempre state macchine da guida sublimi, capaci di saltare i continenti ad alta velocit\u00e0 e di offrire un comfort impressionante, e questa 412 del 1988 non \u00e8 da meno. Questo desiderabile modello tardivo presenta tutti gli ingredienti di un eccellente investimento Ferrari con un potente motore V12, una perfetta combinazione di colori e condizioni immacolate con soli 37.000 chilometri da nuovo.<\/p>\n","protected":false},"featured_media":37880,"comment_status":"open","ping_status":"closed","template":"","meta":{"inline_featured_image":false},"product_cat":[742],"product_tag":[1584,1587,939,1585],"acf":[],"yoast_head":"<!-- This site is optimized with the Yoast SEO plugin v22.5 - https:\/\/yoast.com\/wordpress\/plugins\/seo\/ -->\n<title>asta - %<\/title>\n<meta name=\"description\" content=\"Guarda questa Ferrari 412 in vendita all&#039;asta su PistonAddict.com con cambio automatico e solo 36 971 km.\" \/>\n<meta name=\"robots\" content=\"index, follow, max-snippet:-1, max-image-preview:large, max-video-preview:-1\" \/>\n<link rel=\"canonical\" href=\"https:\/\/pistonaddict.com\/it\/product\/ferrari-412\/\" \/>\n<meta property=\"og:locale\" content=\"it_IT\" \/>\n<meta property=\"og:type\" content=\"article\" \/>\n<meta property=\"og:title\" content=\"asta - %\" \/>\n<meta property=\"og:description\" content=\"Guarda questa Ferrari 412 in vendita all&#039;asta su PistonAddict.com con cambio automatico e solo 36 971 km.\" \/>\n<meta property=\"og:url\" content=\"https:\/\/pistonaddict.com\/it\/product\/ferrari-412\/\" \/>\n<meta property=\"og:site_name\" content=\"Piston Addict\" \/>\n<meta property=\"article:modified_time\" content=\"2024-03-19T16:51:00+00:00\" \/>\n<meta property=\"og:image\" content=\"https:\/\/pistonaddict.com\/wp-content\/uploads\/2023\/04\/LuxurycarLondonApril11PistonAddict_0358-scaled.jpg\" \/>\n\t<meta property=\"og:image:width\" content=\"2560\" \/>\n\t<meta property=\"og:image:height\" content=\"1737\" \/>\n\t<meta property=\"og:image:type\" content=\"image\/jpeg\" \/>\n<meta name=\"twitter:card\" content=\"summary_large_image\" \/>\n<meta name=\"twitter:label1\" content=\"Tempo di lettura stimato\" \/>\n\t<meta name=\"twitter:data1\" content=\"2 minuti\" \/>\n<script type=\"application\/ld+json\" class=\"yoast-schema-graph\">{\"@context\":\"https:\/\/schema.org\",\"@graph\":[{\"@type\":\"WebPage\",\"@id\":\"https:\/\/pistonaddict.com\/it\/product\/ferrari-412\/\",\"url\":\"https:\/\/pistonaddict.com\/it\/product\/ferrari-412\/\",\"name\":\"asta - %\",\"isPartOf\":{\"@id\":\"https:\/\/pistonaddict.com\/it\/#website\"},\"primaryImageOfPage\":{\"@id\":\"https:\/\/pistonaddict.com\/it\/product\/ferrari-412\/#primaryimage\"},\"image\":{\"@id\":\"https:\/\/pistonaddict.com\/it\/product\/ferrari-412\/#primaryimage\"},\"thumbnailUrl\":\"https:\/\/pistonaddict.com\/wp-content\/uploads\/2023\/04\/LuxurycarLondonApril11PistonAddict_0358-scaled.jpg\",\"datePublished\":\"2023-04-19T14:55:04+00:00\",\"dateModified\":\"2024-03-19T16:51:00+00:00\",\"description\":\"Guarda questa Ferrari 412 in vendita all'asta su PistonAddict.com con cambio automatico e solo 36 971 km.\",\"breadcrumb\":{\"@id\":\"https:\/\/pistonaddict.com\/it\/product\/ferrari-412\/#breadcrumb\"},\"inLanguage\":\"it-IT\",\"potentialAction\":[{\"@type\":\"ReadAction\",\"target\":[\"https:\/\/pistonaddict.com\/it\/product\/ferrari-412\/\"]}]},{\"@type\":\"ImageObject\",\"inLanguage\":\"it-IT\",\"@id\":\"https:\/\/pistonaddict.com\/it\/product\/ferrari-412\/#primaryimage\",\"url\":\"https:\/\/pistonaddict.com\/wp-content\/uploads\/2023\/04\/LuxurycarLondonApril11PistonAddict_0358-scaled.jpg\",\"contentUrl\":\"https:\/\/pistonaddict.com\/wp-content\/uploads\/2023\/04\/LuxurycarLondonApril11PistonAddict_0358-scaled.jpg\",\"width\":2560,\"height\":1737},{\"@type\":\"BreadcrumbList\",\"@id\":\"https:\/\/pistonaddict.com\/it\/product\/ferrari-412\/#breadcrumb\",\"itemListElement\":[{\"@type\":\"ListItem\",\"position\":1,\"name\":\"accoglienza\",\"item\":\"https:\/\/pistonaddict.com\/it\/homepage\/\"},{\"@type\":\"ListItem\",\"position\":2,\"name\":\"Auctions\",\"item\":\"https:\/\/pistonaddict.com\/auctions-listing\/\"},{\"@type\":\"ListItem\",\"position\":3,\"name\":\"Ferrari 412\"}]},{\"@type\":\"WebSite\",\"@id\":\"https:\/\/pistonaddict.com\/it\/#website\",\"url\":\"https:\/\/pistonaddict.com\/it\/\",\"name\":\"Piston Addict\",\"description\":\"Only interesting vehicles\",\"publisher\":{\"@id\":\"https:\/\/pistonaddict.com\/it\/#organization\"},\"potentialAction\":[{\"@type\":\"SearchAction\",\"target\":{\"@type\":\"EntryPoint\",\"urlTemplate\":\"https:\/\/pistonaddict.com\/it\/?s={search_term_string}\"},\"query-input\":\"required name=search_term_string\"}],\"inLanguage\":\"it-IT\"},{\"@type\":\"Organization\",\"@id\":\"https:\/\/pistonaddict.com\/it\/#organization\",\"name\":\"Piston Addict\",\"url\":\"https:\/\/pistonaddict.com\/it\/\",\"logo\":{\"@type\":\"ImageObject\",\"inLanguage\":\"it-IT\",\"@id\":\"https:\/\/pistonaddict.com\/it\/#\/schema\/logo\/image\/\",\"url\":\"https:\/\/pistonaddict.com\/wp-content\/uploads\/2022\/07\/logo-6.png\",\"contentUrl\":\"https:\/\/pistonaddict.com\/wp-content\/uploads\/2022\/07\/logo-6.png\",\"width\":970,\"height\":200,\"caption\":\"Piston Addict\"},\"image\":{\"@id\":\"https:\/\/pistonaddict.com\/it\/#\/schema\/logo\/image\/\"}}]}<\/script>\n<!-- \/ Yoast SEO plugin. -->","yoast_head_json":{"title":"asta - %","description":"Guarda questa Ferrari 412 in vendita all'asta su PistonAddict.com con cambio automatico e solo 36 971 km.","robots":{"index":"index","follow":"follow","max-snippet":"max-snippet:-1","max-image-preview":"max-image-preview:large","max-video-preview":"max-video-preview:-1"},"canonical":"https:\/\/pistonaddict.com\/it\/product\/ferrari-412\/","og_locale":"it_IT","og_type":"article","og_title":"asta - %","og_description":"Guarda questa Ferrari 412 in vendita all'asta su PistonAddict.com con cambio automatico e solo 36 971 km.","og_url":"https:\/\/pistonaddict.com\/it\/product\/ferrari-412\/","og_site_name":"Piston Addict","article_modified_time":"2024-03-19T16:51:00+00:00","og_image":[{"width":2560,"height":1737,"url":"https:\/\/pistonaddict.com\/wp-content\/uploads\/2023\/04\/LuxurycarLondonApril11PistonAddict_0358-scaled.jpg","type":"image\/jpeg"}],"twitter_card":"summary_large_image","twitter_misc":{"Tempo di lettura stimato":"2 minuti"},"schema":{"@context":"https:\/\/schema.org","@graph":[{"@type":"WebPage","@id":"https:\/\/pistonaddict.com\/it\/product\/ferrari-412\/","url":"https:\/\/pistonaddict.com\/it\/product\/ferrari-412\/","name":"asta - %","isPartOf":{"@id":"https:\/\/pistonaddict.com\/it\/#website"},"primaryImageOfPage":{"@id":"https:\/\/pistonaddict.com\/it\/product\/ferrari-412\/#primaryimage"},"image":{"@id":"https:\/\/pistonaddict.com\/it\/product\/ferrari-412\/#primaryimage"},"thumbnailUrl":"https:\/\/pistonaddict.com\/wp-content\/uploads\/2023\/04\/LuxurycarLondonApril11PistonAddict_0358-scaled.jpg","datePublished":"2023-04-19T14:55:04+00:00","dateModified":"2024-03-19T16:51:00+00:00","description":"Guarda questa Ferrari 412 in vendita all'asta su PistonAddict.com con cambio automatico e solo 36 971 km.","breadcrumb":{"@id":"https:\/\/pistonaddict.com\/it\/product\/ferrari-412\/#breadcrumb"},"inLanguage":"it-IT","potentialAction":[{"@type":"ReadAction","target":["https:\/\/pistonaddict.com\/it\/product\/ferrari-412\/"]}]},{"@type":"ImageObject","inLanguage":"it-IT","@id":"https:\/\/pistonaddict.com\/it\/product\/ferrari-412\/#primaryimage","url":"https:\/\/pistonaddict.com\/wp-content\/uploads\/2023\/04\/LuxurycarLondonApril11PistonAddict_0358-scaled.jpg","contentUrl":"https:\/\/pistonaddict.com\/wp-content\/uploads\/2023\/04\/LuxurycarLondonApril11PistonAddict_0358-scaled.jpg","width":2560,"height":1737},{"@type":"BreadcrumbList","@id":"https:\/\/pistonaddict.com\/it\/product\/ferrari-412\/#breadcrumb","itemListElement":[{"@type":"ListItem","position":1,"name":"accoglienza","item":"https:\/\/pistonaddict.com\/it\/homepage\/"},{"@type":"ListItem","position":2,"name":"Auctions","item":"https:\/\/pistonaddict.com\/auctions-listing\/"},{"@type":"ListItem","position":3,"name":"Ferrari 412"}]},{"@type":"WebSite","@id":"https:\/\/pistonaddict.com\/it\/#website","url":"https:\/\/pistonaddict.com\/it\/","name":"Piston Addict","description":"Only interesting vehicles","publisher":{"@id":"https:\/\/pistonaddict.com\/it\/#organization"},"potentialAction":[{"@type":"SearchAction","target":{"@type":"EntryPoint","urlTemplate":"https:\/\/pistonaddict.com\/it\/?s={search_term_string}"},"query-input":"required name=search_term_string"}],"inLanguage":"it-IT"},{"@type":"Organization","@id":"https:\/\/pistonaddict.com\/it\/#organization","name":"Piston Addict","url":"https:\/\/pistonaddict.com\/it\/","logo":{"@type":"ImageObject","inLanguage":"it-IT","@id":"https:\/\/pistonaddict.com\/it\/#\/schema\/logo\/image\/","url":"https:\/\/pistonaddict.com\/wp-content\/uploads\/2022\/07\/logo-6.png","contentUrl":"https:\/\/pistonaddict.com\/wp-content\/uploads\/2022\/07\/logo-6.png","width":970,"height":200,"caption":"Piston Addict"},"image":{"@id":"https:\/\/pistonaddict.com\/it\/#\/schema\/logo\/image\/"}}]}},"_links":{"self":[{"href":"https:\/\/pistonaddict.com\/it\/wp-json\/wp\/v2\/product\/37950"}],"collection":[{"href":"https:\/\/pistonaddict.com\/it\/wp-json\/wp\/v2\/product"}],"about":[{"href":"https:\/\/pistonaddict.com\/it\/wp-json\/wp\/v2\/types\/product"}],"replies":[{"embeddable":true,"href":"https:\/\/pistonaddict.com\/it\/wp-json\/wp\/v2\/comments?post=37950"}],"wp:featuredmedia":[{"embeddable":true,"href":"https:\/\/pistonaddict.com\/it\/wp-json\/wp\/v2\/media\/37880"}],"wp:attachment":[{"href":"https:\/\/pistonaddict.com\/it\/wp-json\/wp\/v2\/media?parent=37950"}],"wp:term":[{"taxonomy":"product_cat","embeddable":true,"href":"https:\/\/pistonaddict.com\/it\/wp-json\/wp\/v2\/product_cat?post=37950"},{"taxonomy":"product_tag","embeddable":true,"href":"https:\/\/pistonaddict.com\/it\/wp-json\/wp\/v2\/product_tag?post=37950"}],"curies":[{"name":"wp","href":"https:\/\/api.w.org\/{rel}","templated":true}]}}