{"id":35649,"date":"2023-04-19T15:45:16","date_gmt":"2023-04-19T13:45:16","guid":{"rendered":"https:\/\/pistonaddict.com\/product\/bmw-m4\/"},"modified":"2024-03-19T17:50:13","modified_gmt":"2024-03-19T16:50:13","slug":"bmw-m4","status":"publish","type":"product","link":"https:\/\/pistonaddict.com\/it\/product\/bmw-m4\/","title":{"rendered":"BMW M4"},"content":{"rendered":"<p><strong>Storia dell&#8217;auto<\/strong><\/p>\n<p>La serie F82 M4 ha rappresentato un grande passo per BMW quando ha debuttato nel 2014. \u00c8 stato il primo prodotto M a disporre di un motore turbo a sei cilindri, di un sistema di servosterzo elettrico e di un ampio uso di fibra di carbonio nella costruzione dell&#8217;auto. Il risultato \u00e8 stato una macchina fantastica, con 425 CV di potenza in versione stock, sospensioni composte e prestazioni sublimi. La F82 fu anche il primo modello a utilizzare la denominazione M4, che era la designazione della versione coup\u00e9 della M3. Questo particolare esemplare \u00e8 stato prodotto nel 2017 ed \u00e8 un modello successivo pi\u00f9 desiderabile e migliorato. Tuttavia, ci\u00f2 che \u00e8 pi\u00f9 interessante di questa vettura sono le sue specifiche, le sue condizioni e il suo chilometraggio. Con poco pi\u00f9 di 2.000 miglia (3.500 km) all&#8217;attivo \u00e8 praticamente un&#8217;auto nuova di zecca, il che la rende un veicolo da investimento. Ma questa M4 \u00e8 anche pesantemente opzionata e modificata con gusto per offrire maggiore potenza, migliore maneggevolezza e un&#8217;impressionante dinamica di guida complessiva. \u00c8 stata ordinata nuova da un cliente VIP di BMW, che sapeva esattamente come scegliere la M4 perfetta.<\/p>\n<p><strong> <\/strong><strong>Condizione<\/strong><\/p>\n<p>Il chilometraggio minimo garantisce che questa M4 sia in perfette condizioni, senza guasti meccanici, danni da incidente e un recente servizio di assistenza eseguito nel febbraio del 2022. Tuttavia, oltre all&#8217;impressionante elenco di equipaggiamenti di fabbrica, questo particolare veicolo \u00e8 dotato di modifiche alle sospensioni e siede pi\u00f9 in basso rispetto allo stock, garantendo una maneggevolezza e una sensazione di guida ancora migliori. Tuttavia, questo \u00e8 solo l&#8217;inizio: il proprietario originale di quest&#8217;auto ha installato un impianto di scarico Akrapovi\u010d in titanio con terminali in carbonio che esalta il suono del famoso motore sei cilindri in linea. Il miglioramento degli esterni \u00e8 stato completato con uno splitter anteriore in carbonio, uno spoiler posteriore e cerchi aftermarket. \u00c8 interessante notare che, anche se i 425 CV sono parecchi, il proprietario originale ha migliorato le prestazioni e il motore ora eroga 510 CV, rendendo questa M4 un&#8217;auto davvero competente. La scelta del cambio \u00e8 l&#8217;automatico BMW DCT a 7 rapporti, una scelta intelligente che combina comfort e prestazioni. Questo veicolo \u00e8 dotato di dischi freno in ceramica opzionali.<\/p>\n<p><strong>Interno<\/strong><\/p>\n<p>Rifiniti in pelle nera con sedili specifici M e accenti in carbonio, gli interni non mostrano segni di utilizzo. Grazie alla posizione perfetta dei sedili, all&#8217;impianto audio premium e al famoso infotainment iDrive di BMW, trascorrere il tempo a bordo di questa M4 sar\u00e0 una gioia mentre si percorrono chilometri a velocit\u00e0 sorprendenti. Non sono state apportate modifiche agli interni e l&#8217;elenco degli optional e dei comfort \u00e8 molto ampio.<\/p>\n<p><strong>Esterni e ruote<\/strong><\/p>\n<p>Rifinita in una straordinaria tonalit\u00e0 di Austin Yellow Metallic, questa M4 presenta un esterno immacolato, con tutte le finiture presenti e prive di segni. I pezzi in carbonio fanno parte del catalogo M Performance Accessories e si adattano perfettamente. Un dettaglio degno di nota sono i cerchi HRE aftermarket che si abbinano all&#8217;esterno e sono pi\u00f9 leggeri e resistenti di quelli di serie.<\/p>\n<p><strong>Documentazione<\/strong><\/p>\n<p>Si tratta di un veicolo di propriet\u00e0 privata con documentazione adeguata situato a Londra, Regno Unito. Il rapporto CarVertical \u00e8 pulito; non esistono prove di incidenti, riparazioni di incidenti o problemi legali. Esistono registri di manutenzione regolare.<\/p>\n","protected":false},"excerpt":{"rendered":"<p>C&#8217;\u00e8 una buona ragione per cui la BMW M4 \u00e8 cos\u00ec rispettata dagli appassionati di auto ad alte prestazioni. Nessun&#8217;altra auto della sua categoria \u00e8 in grado di offrire un&#8217;impressionante dinamica da auto sportiva e un&#8217;usabilit\u00e0 quotidiana come la M4 della serie F82. Questa vettura in particolare \u00e8 un esempio perfetto, leggermente modificato per rendere la guida ancora migliore, con un chilometraggio minimo, ben curato e pronto per il prossimo proprietario.<\/p>\n","protected":false},"featured_media":35433,"comment_status":"open","ping_status":"closed","template":"","meta":{"inline_featured_image":false},"product_cat":[742],"product_tag":[1422,1418,939,1420],"acf":[],"yoast_head":"<!-- This site is optimized with the Yoast SEO plugin v22.5 - https:\/\/yoast.com\/wordpress\/plugins\/seo\/ -->\n<title>asta - %<\/title>\n<meta name=\"description\" content=\"Guarda questa BMW M4 in vendita all&#039;asta su PistonAddict.com con cambio automatico e solo 2053 miglia.\" \/>\n<meta name=\"robots\" content=\"index, follow, max-snippet:-1, max-image-preview:large, max-video-preview:-1\" \/>\n<link rel=\"canonical\" href=\"https:\/\/pistonaddict.com\/it\/product\/bmw-m4\/\" \/>\n<meta property=\"og:locale\" content=\"it_IT\" \/>\n<meta property=\"og:type\" content=\"article\" \/>\n<meta property=\"og:title\" content=\"asta - %\" \/>\n<meta property=\"og:description\" content=\"Guarda questa BMW M4 in vendita all&#039;asta su PistonAddict.com con cambio automatico e solo 2053 miglia.\" \/>\n<meta property=\"og:url\" content=\"https:\/\/pistonaddict.com\/it\/product\/bmw-m4\/\" \/>\n<meta property=\"og:site_name\" content=\"Piston Addict\" \/>\n<meta property=\"article:modified_time\" content=\"2024-03-19T16:50:13+00:00\" \/>\n<meta property=\"og:image\" content=\"https:\/\/pistonaddict.com\/wp-content\/uploads\/2023\/04\/LuxurycarLondonApril11PistonAddict_0647-scaled.jpg\" \/>\n\t<meta property=\"og:image:width\" content=\"2560\" \/>\n\t<meta property=\"og:image:height\" content=\"1708\" \/>\n\t<meta property=\"og:image:type\" content=\"image\/jpeg\" \/>\n<meta name=\"twitter:card\" content=\"summary_large_image\" \/>\n<meta name=\"twitter:label1\" content=\"Tempo di lettura stimato\" \/>\n\t<meta name=\"twitter:data1\" content=\"3 minuti\" \/>\n<script type=\"application\/ld+json\" class=\"yoast-schema-graph\">{\"@context\":\"https:\/\/schema.org\",\"@graph\":[{\"@type\":\"WebPage\",\"@id\":\"https:\/\/pistonaddict.com\/it\/product\/bmw-m4\/\",\"url\":\"https:\/\/pistonaddict.com\/it\/product\/bmw-m4\/\",\"name\":\"asta - %\",\"isPartOf\":{\"@id\":\"https:\/\/pistonaddict.com\/it\/#website\"},\"primaryImageOfPage\":{\"@id\":\"https:\/\/pistonaddict.com\/it\/product\/bmw-m4\/#primaryimage\"},\"image\":{\"@id\":\"https:\/\/pistonaddict.com\/it\/product\/bmw-m4\/#primaryimage\"},\"thumbnailUrl\":\"https:\/\/pistonaddict.com\/wp-content\/uploads\/2023\/04\/LuxurycarLondonApril11PistonAddict_0647-scaled.jpg\",\"datePublished\":\"2023-04-19T13:45:16+00:00\",\"dateModified\":\"2024-03-19T16:50:13+00:00\",\"description\":\"Guarda questa BMW M4 in vendita all'asta su PistonAddict.com con cambio automatico e solo 2053 miglia.\",\"breadcrumb\":{\"@id\":\"https:\/\/pistonaddict.com\/it\/product\/bmw-m4\/#breadcrumb\"},\"inLanguage\":\"it-IT\",\"potentialAction\":[{\"@type\":\"ReadAction\",\"target\":[\"https:\/\/pistonaddict.com\/it\/product\/bmw-m4\/\"]}]},{\"@type\":\"ImageObject\",\"inLanguage\":\"it-IT\",\"@id\":\"https:\/\/pistonaddict.com\/it\/product\/bmw-m4\/#primaryimage\",\"url\":\"https:\/\/pistonaddict.com\/wp-content\/uploads\/2023\/04\/LuxurycarLondonApril11PistonAddict_0647-scaled.jpg\",\"contentUrl\":\"https:\/\/pistonaddict.com\/wp-content\/uploads\/2023\/04\/LuxurycarLondonApril11PistonAddict_0647-scaled.jpg\",\"width\":2560,\"height\":1708},{\"@type\":\"BreadcrumbList\",\"@id\":\"https:\/\/pistonaddict.com\/it\/product\/bmw-m4\/#breadcrumb\",\"itemListElement\":[{\"@type\":\"ListItem\",\"position\":1,\"name\":\"accoglienza\",\"item\":\"https:\/\/pistonaddict.com\/it\/homepage\/\"},{\"@type\":\"ListItem\",\"position\":2,\"name\":\"Auctions\",\"item\":\"https:\/\/pistonaddict.com\/auctions-listing\/\"},{\"@type\":\"ListItem\",\"position\":3,\"name\":\"BMW M4\"}]},{\"@type\":\"WebSite\",\"@id\":\"https:\/\/pistonaddict.com\/it\/#website\",\"url\":\"https:\/\/pistonaddict.com\/it\/\",\"name\":\"Piston Addict\",\"description\":\"Only interesting vehicles\",\"publisher\":{\"@id\":\"https:\/\/pistonaddict.com\/it\/#organization\"},\"potentialAction\":[{\"@type\":\"SearchAction\",\"target\":{\"@type\":\"EntryPoint\",\"urlTemplate\":\"https:\/\/pistonaddict.com\/it\/?s={search_term_string}\"},\"query-input\":\"required name=search_term_string\"}],\"inLanguage\":\"it-IT\"},{\"@type\":\"Organization\",\"@id\":\"https:\/\/pistonaddict.com\/it\/#organization\",\"name\":\"Piston Addict\",\"url\":\"https:\/\/pistonaddict.com\/it\/\",\"logo\":{\"@type\":\"ImageObject\",\"inLanguage\":\"it-IT\",\"@id\":\"https:\/\/pistonaddict.com\/it\/#\/schema\/logo\/image\/\",\"url\":\"https:\/\/pistonaddict.com\/wp-content\/uploads\/2022\/07\/logo-6.png\",\"contentUrl\":\"https:\/\/pistonaddict.com\/wp-content\/uploads\/2022\/07\/logo-6.png\",\"width\":970,\"height\":200,\"caption\":\"Piston Addict\"},\"image\":{\"@id\":\"https:\/\/pistonaddict.com\/it\/#\/schema\/logo\/image\/\"}}]}<\/script>\n<!-- \/ Yoast SEO plugin. -->","yoast_head_json":{"title":"asta - %","description":"Guarda questa BMW M4 in vendita all'asta su PistonAddict.com con cambio automatico e solo 2053 miglia.","robots":{"index":"index","follow":"follow","max-snippet":"max-snippet:-1","max-image-preview":"max-image-preview:large","max-video-preview":"max-video-preview:-1"},"canonical":"https:\/\/pistonaddict.com\/it\/product\/bmw-m4\/","og_locale":"it_IT","og_type":"article","og_title":"asta - %","og_description":"Guarda questa BMW M4 in vendita all'asta su PistonAddict.com con cambio automatico e solo 2053 miglia.","og_url":"https:\/\/pistonaddict.com\/it\/product\/bmw-m4\/","og_site_name":"Piston Addict","article_modified_time":"2024-03-19T16:50:13+00:00","og_image":[{"width":2560,"height":1708,"url":"https:\/\/pistonaddict.com\/wp-content\/uploads\/2023\/04\/LuxurycarLondonApril11PistonAddict_0647-scaled.jpg","type":"image\/jpeg"}],"twitter_card":"summary_large_image","twitter_misc":{"Tempo di lettura stimato":"3 minuti"},"schema":{"@context":"https:\/\/schema.org","@graph":[{"@type":"WebPage","@id":"https:\/\/pistonaddict.com\/it\/product\/bmw-m4\/","url":"https:\/\/pistonaddict.com\/it\/product\/bmw-m4\/","name":"asta - %","isPartOf":{"@id":"https:\/\/pistonaddict.com\/it\/#website"},"primaryImageOfPage":{"@id":"https:\/\/pistonaddict.com\/it\/product\/bmw-m4\/#primaryimage"},"image":{"@id":"https:\/\/pistonaddict.com\/it\/product\/bmw-m4\/#primaryimage"},"thumbnailUrl":"https:\/\/pistonaddict.com\/wp-content\/uploads\/2023\/04\/LuxurycarLondonApril11PistonAddict_0647-scaled.jpg","datePublished":"2023-04-19T13:45:16+00:00","dateModified":"2024-03-19T16:50:13+00:00","description":"Guarda questa BMW M4 in vendita all'asta su PistonAddict.com con cambio automatico e solo 2053 miglia.","breadcrumb":{"@id":"https:\/\/pistonaddict.com\/it\/product\/bmw-m4\/#breadcrumb"},"inLanguage":"it-IT","potentialAction":[{"@type":"ReadAction","target":["https:\/\/pistonaddict.com\/it\/product\/bmw-m4\/"]}]},{"@type":"ImageObject","inLanguage":"it-IT","@id":"https:\/\/pistonaddict.com\/it\/product\/bmw-m4\/#primaryimage","url":"https:\/\/pistonaddict.com\/wp-content\/uploads\/2023\/04\/LuxurycarLondonApril11PistonAddict_0647-scaled.jpg","contentUrl":"https:\/\/pistonaddict.com\/wp-content\/uploads\/2023\/04\/LuxurycarLondonApril11PistonAddict_0647-scaled.jpg","width":2560,"height":1708},{"@type":"BreadcrumbList","@id":"https:\/\/pistonaddict.com\/it\/product\/bmw-m4\/#breadcrumb","itemListElement":[{"@type":"ListItem","position":1,"name":"accoglienza","item":"https:\/\/pistonaddict.com\/it\/homepage\/"},{"@type":"ListItem","position":2,"name":"Auctions","item":"https:\/\/pistonaddict.com\/auctions-listing\/"},{"@type":"ListItem","position":3,"name":"BMW M4"}]},{"@type":"WebSite","@id":"https:\/\/pistonaddict.com\/it\/#website","url":"https:\/\/pistonaddict.com\/it\/","name":"Piston Addict","description":"Only interesting vehicles","publisher":{"@id":"https:\/\/pistonaddict.com\/it\/#organization"},"potentialAction":[{"@type":"SearchAction","target":{"@type":"EntryPoint","urlTemplate":"https:\/\/pistonaddict.com\/it\/?s={search_term_string}"},"query-input":"required name=search_term_string"}],"inLanguage":"it-IT"},{"@type":"Organization","@id":"https:\/\/pistonaddict.com\/it\/#organization","name":"Piston Addict","url":"https:\/\/pistonaddict.com\/it\/","logo":{"@type":"ImageObject","inLanguage":"it-IT","@id":"https:\/\/pistonaddict.com\/it\/#\/schema\/logo\/image\/","url":"https:\/\/pistonaddict.com\/wp-content\/uploads\/2022\/07\/logo-6.png","contentUrl":"https:\/\/pistonaddict.com\/wp-content\/uploads\/2022\/07\/logo-6.png","width":970,"height":200,"caption":"Piston Addict"},"image":{"@id":"https:\/\/pistonaddict.com\/it\/#\/schema\/logo\/image\/"}}]}},"_links":{"self":[{"href":"https:\/\/pistonaddict.com\/it\/wp-json\/wp\/v2\/product\/35649"}],"collection":[{"href":"https:\/\/pistonaddict.com\/it\/wp-json\/wp\/v2\/product"}],"about":[{"href":"https:\/\/pistonaddict.com\/it\/wp-json\/wp\/v2\/types\/product"}],"replies":[{"embeddable":true,"href":"https:\/\/pistonaddict.com\/it\/wp-json\/wp\/v2\/comments?post=35649"}],"wp:featuredmedia":[{"embeddable":true,"href":"https:\/\/pistonaddict.com\/it\/wp-json\/wp\/v2\/media\/35433"}],"wp:attachment":[{"href":"https:\/\/pistonaddict.com\/it\/wp-json\/wp\/v2\/media?parent=35649"}],"wp:term":[{"taxonomy":"product_cat","embeddable":true,"href":"https:\/\/pistonaddict.com\/it\/wp-json\/wp\/v2\/product_cat?post=35649"},{"taxonomy":"product_tag","embeddable":true,"href":"https:\/\/pistonaddict.com\/it\/wp-json\/wp\/v2\/product_tag?post=35649"}],"curies":[{"name":"wp","href":"https:\/\/api.w.org\/{rel}","templated":true}]}}