{"id":34042,"date":"2023-04-19T10:37:02","date_gmt":"2023-04-19T08:37:02","guid":{"rendered":"https:\/\/pistonaddict.com\/product\/porsche-gt3-touring\/"},"modified":"2024-03-19T17:27:28","modified_gmt":"2024-03-19T16:27:28","slug":"porsche-gt3-touring","status":"publish","type":"product","link":"https:\/\/pistonaddict.com\/it\/product\/porsche-gt3-touring\/","title":{"rendered":"Porsche GT3 Touring"},"content":{"rendered":"<h2>Esterno<\/h2>\n<p>All&#8217;esterno, questo modello Touring di colore grigio condivide la maggior parte dei dettagli di design con la 911 RS3 su cui si basa. Tra queste, i fari allo xeno con aloni a LED, le grandi prese d&#8217;aria anteriori, i pannelli della carrozzeria e i paraurti allargati. Ma ci\u00f2 che differisce tra le due vetture \u00e8 il massiccio alettone posteriore, o l&#8217;apparente assenza di esso, sulla Touring. Al contrario, questo modello \u00e8 dotato di uno spoiler posteriore retrattile, che si apre a 75 MPH per fornire ulteriore deportanza. Tuttavia, a basse velocit\u00e0 lo spoiler \u00e8 retratto e a filo con la silhouette dell&#8217;auto, conferendole un aspetto elegante e filante. Questa Porsche monta cerchi da 19 pollici di serie e pneumatici Dunlop Sport Maxx Race 2, che le si addicono perfettamente.<\/p>\n<h2>Interno<\/h2>\n<p>All&#8217;interno, questa Porsche \u00e8 dotata di una coppia di leggeri sedili a secchiello in pelle nera con inserti in tessuto grigio scuro. Le cinture di sicurezza gialle sono un tocco di classe che conferisce agli interni un aspetto pi\u00f9 vivace. A differenza della 911 <em>normale<\/em>, non ci sono sedili posteriori. All&#8217;interno, il guidatore trover\u00e0 un volante in pelle a tre razze e, dietro, il quadro strumenti con il marchio Porsche. Questo include un contagiri centrale che arriva fino a 10.000 giri\/min, un tachimetro e diversi altri indicatori. La console centrale \u00e8 dominata da un grande schermo touchscreen con stereo integrato, visualizzazione della telecamera di backup e navigazione. Infine, come la maggior parte degli altri modelli GT3, questa Porsche dispone di un cronometro nella parte superiore del cruscotto, utile per i giri cronometrati.<\/p>\n<h2>Meccanica<\/h2>\n<p>Nonostante sia un modello apparentemente tranquillo, questa Touring fa comunque parte della prestigiosa gamma GT3. Questo significa che ha lo stesso motore flat-six da 4,0 litri ad accensione naturale che sviluppa 500 cavalli e 469 Nm di coppia. Ma a differenza della maggior parte della gamma GT3, che utilizza trasmissioni automatiche a doppia frizione, questa vettura ha un pi\u00f9 tradizionale manuale a sei rapporti. La potenza viene inviata alle ruote posteriori attraverso un differenziale a slittamento limitato, che migliora la trazione, soprattutto in condizioni scivolose. Con tutto ci\u00f2, questa Porsche accelera da 0 a 60 in soli 3,4 secondi e ha una velocit\u00e0 massima di 196 MPH. E quando deve fermarsi, gli enormi freni garantiscono che ci\u00f2 avvenga nel minor tempo possibile.<\/p>\n<h2>Storia del veicolo<\/h2>\n<p>Questa particolare 911 GT3 Touring \u00e8 stata realizzata su misura da Porsche per uno dei suoi clienti VIP, che l&#8217;ha ordinata come parte di una collezione pi\u00f9 ampia. Nonostante si trovi nel Regno Unito, questo \u00e8 un modello con guida a sinistra e targa lussemburghese. L&#8217;ultima revisione \u00e8 stata effettuata solo pochi mesi fa, a febbraio, e ora \u00e8 completamente pronta per la strada.<\/p>\n","protected":false},"excerpt":{"rendered":"<p>Questa Porsche 911 GT3 Touring sar\u00e0 perfetta per chi \u00e8 alla ricerca di un&#8217;auto elegante e fluida in grado di offrire prestazioni da urlo. Anche se all&#8217;esterno pu\u00f2 sembrare discreta, o addirittura poco appariscente, questa coup\u00e9 a due porte \u00e8 una vera e propria vettura da corsa di razza. E come tale, \u00e8 ugualmente buona sia in autostrada che in pista. Realizzata nel 2018 come una delle ultime vetture della gamma 991.2, questa Porsche ha percorso solo 1.400 miglia. Inoltre, il venditore afferma che \u00e8 stato revisionato di recente e lo descrive <em>come nuovo<\/em>.<\/p>\n","protected":false},"featured_media":33489,"comment_status":"open","ping_status":"closed","template":"","meta":{"inline_featured_image":false},"product_cat":[742],"product_tag":[1287,939,1173,825],"acf":[],"yoast_head":"<!-- This site is optimized with the Yoast SEO plugin v22.5 - https:\/\/yoast.com\/wordpress\/plugins\/seo\/ -->\n<title>asta - %<\/title>\n<meta name=\"description\" content=\"Guarda questa Porsche GT3 Touring in vendita all&#039;asta su PistonAddict.com con cambio automatico e solo 1414 miglia.\" \/>\n<meta name=\"robots\" content=\"index, follow, max-snippet:-1, max-image-preview:large, max-video-preview:-1\" \/>\n<link rel=\"canonical\" href=\"https:\/\/pistonaddict.com\/it\/product\/porsche-gt3-touring\/\" \/>\n<meta property=\"og:locale\" content=\"it_IT\" \/>\n<meta property=\"og:type\" content=\"article\" \/>\n<meta property=\"og:title\" content=\"asta - %\" \/>\n<meta property=\"og:description\" content=\"Guarda questa Porsche GT3 Touring in vendita all&#039;asta su PistonAddict.com con cambio automatico e solo 1414 miglia.\" \/>\n<meta property=\"og:url\" content=\"https:\/\/pistonaddict.com\/it\/product\/porsche-gt3-touring\/\" \/>\n<meta property=\"og:site_name\" content=\"Piston Addict\" \/>\n<meta property=\"article:modified_time\" content=\"2024-03-19T16:27:28+00:00\" \/>\n<meta property=\"og:image\" content=\"https:\/\/pistonaddict.com\/wp-content\/uploads\/2023\/04\/LuxurycarLondonApril11PistonAddict_0868-2-scaled.jpg\" \/>\n\t<meta property=\"og:image:width\" content=\"2560\" \/>\n\t<meta property=\"og:image:height\" content=\"1673\" \/>\n\t<meta property=\"og:image:type\" content=\"image\/jpeg\" \/>\n<meta name=\"twitter:card\" content=\"summary_large_image\" \/>\n<meta name=\"twitter:label1\" content=\"Tempo di lettura stimato\" \/>\n\t<meta name=\"twitter:data1\" content=\"2 minuti\" \/>\n<script type=\"application\/ld+json\" class=\"yoast-schema-graph\">{\"@context\":\"https:\/\/schema.org\",\"@graph\":[{\"@type\":\"WebPage\",\"@id\":\"https:\/\/pistonaddict.com\/it\/product\/porsche-gt3-touring\/\",\"url\":\"https:\/\/pistonaddict.com\/it\/product\/porsche-gt3-touring\/\",\"name\":\"asta - %\",\"isPartOf\":{\"@id\":\"https:\/\/pistonaddict.com\/it\/#website\"},\"primaryImageOfPage\":{\"@id\":\"https:\/\/pistonaddict.com\/it\/product\/porsche-gt3-touring\/#primaryimage\"},\"image\":{\"@id\":\"https:\/\/pistonaddict.com\/it\/product\/porsche-gt3-touring\/#primaryimage\"},\"thumbnailUrl\":\"https:\/\/pistonaddict.com\/wp-content\/uploads\/2023\/04\/LuxurycarLondonApril11PistonAddict_0868-2-scaled.jpg\",\"datePublished\":\"2023-04-19T08:37:02+00:00\",\"dateModified\":\"2024-03-19T16:27:28+00:00\",\"description\":\"Guarda questa Porsche GT3 Touring in vendita all'asta su PistonAddict.com con cambio automatico e solo 1414 miglia.\",\"breadcrumb\":{\"@id\":\"https:\/\/pistonaddict.com\/it\/product\/porsche-gt3-touring\/#breadcrumb\"},\"inLanguage\":\"it-IT\",\"potentialAction\":[{\"@type\":\"ReadAction\",\"target\":[\"https:\/\/pistonaddict.com\/it\/product\/porsche-gt3-touring\/\"]}]},{\"@type\":\"ImageObject\",\"inLanguage\":\"it-IT\",\"@id\":\"https:\/\/pistonaddict.com\/it\/product\/porsche-gt3-touring\/#primaryimage\",\"url\":\"https:\/\/pistonaddict.com\/wp-content\/uploads\/2023\/04\/LuxurycarLondonApril11PistonAddict_0868-2-scaled.jpg\",\"contentUrl\":\"https:\/\/pistonaddict.com\/wp-content\/uploads\/2023\/04\/LuxurycarLondonApril11PistonAddict_0868-2-scaled.jpg\",\"width\":2560,\"height\":1673},{\"@type\":\"BreadcrumbList\",\"@id\":\"https:\/\/pistonaddict.com\/it\/product\/porsche-gt3-touring\/#breadcrumb\",\"itemListElement\":[{\"@type\":\"ListItem\",\"position\":1,\"name\":\"accoglienza\",\"item\":\"https:\/\/pistonaddict.com\/it\/homepage\/\"},{\"@type\":\"ListItem\",\"position\":2,\"name\":\"Auctions\",\"item\":\"https:\/\/pistonaddict.com\/auctions-listing\/\"},{\"@type\":\"ListItem\",\"position\":3,\"name\":\"Porsche GT3 Touring\"}]},{\"@type\":\"WebSite\",\"@id\":\"https:\/\/pistonaddict.com\/it\/#website\",\"url\":\"https:\/\/pistonaddict.com\/it\/\",\"name\":\"Piston Addict\",\"description\":\"Only interesting vehicles\",\"publisher\":{\"@id\":\"https:\/\/pistonaddict.com\/it\/#organization\"},\"potentialAction\":[{\"@type\":\"SearchAction\",\"target\":{\"@type\":\"EntryPoint\",\"urlTemplate\":\"https:\/\/pistonaddict.com\/it\/?s={search_term_string}\"},\"query-input\":\"required name=search_term_string\"}],\"inLanguage\":\"it-IT\"},{\"@type\":\"Organization\",\"@id\":\"https:\/\/pistonaddict.com\/it\/#organization\",\"name\":\"Piston Addict\",\"url\":\"https:\/\/pistonaddict.com\/it\/\",\"logo\":{\"@type\":\"ImageObject\",\"inLanguage\":\"it-IT\",\"@id\":\"https:\/\/pistonaddict.com\/it\/#\/schema\/logo\/image\/\",\"url\":\"https:\/\/pistonaddict.com\/wp-content\/uploads\/2022\/07\/logo-6.png\",\"contentUrl\":\"https:\/\/pistonaddict.com\/wp-content\/uploads\/2022\/07\/logo-6.png\",\"width\":970,\"height\":200,\"caption\":\"Piston Addict\"},\"image\":{\"@id\":\"https:\/\/pistonaddict.com\/it\/#\/schema\/logo\/image\/\"}}]}<\/script>\n<!-- \/ Yoast SEO plugin. -->","yoast_head_json":{"title":"asta - %","description":"Guarda questa Porsche GT3 Touring in vendita all'asta su PistonAddict.com con cambio automatico e solo 1414 miglia.","robots":{"index":"index","follow":"follow","max-snippet":"max-snippet:-1","max-image-preview":"max-image-preview:large","max-video-preview":"max-video-preview:-1"},"canonical":"https:\/\/pistonaddict.com\/it\/product\/porsche-gt3-touring\/","og_locale":"it_IT","og_type":"article","og_title":"asta - %","og_description":"Guarda questa Porsche GT3 Touring in vendita all'asta su PistonAddict.com con cambio automatico e solo 1414 miglia.","og_url":"https:\/\/pistonaddict.com\/it\/product\/porsche-gt3-touring\/","og_site_name":"Piston Addict","article_modified_time":"2024-03-19T16:27:28+00:00","og_image":[{"width":2560,"height":1673,"url":"https:\/\/pistonaddict.com\/wp-content\/uploads\/2023\/04\/LuxurycarLondonApril11PistonAddict_0868-2-scaled.jpg","type":"image\/jpeg"}],"twitter_card":"summary_large_image","twitter_misc":{"Tempo di lettura stimato":"2 minuti"},"schema":{"@context":"https:\/\/schema.org","@graph":[{"@type":"WebPage","@id":"https:\/\/pistonaddict.com\/it\/product\/porsche-gt3-touring\/","url":"https:\/\/pistonaddict.com\/it\/product\/porsche-gt3-touring\/","name":"asta - %","isPartOf":{"@id":"https:\/\/pistonaddict.com\/it\/#website"},"primaryImageOfPage":{"@id":"https:\/\/pistonaddict.com\/it\/product\/porsche-gt3-touring\/#primaryimage"},"image":{"@id":"https:\/\/pistonaddict.com\/it\/product\/porsche-gt3-touring\/#primaryimage"},"thumbnailUrl":"https:\/\/pistonaddict.com\/wp-content\/uploads\/2023\/04\/LuxurycarLondonApril11PistonAddict_0868-2-scaled.jpg","datePublished":"2023-04-19T08:37:02+00:00","dateModified":"2024-03-19T16:27:28+00:00","description":"Guarda questa Porsche GT3 Touring in vendita all'asta su PistonAddict.com con cambio automatico e solo 1414 miglia.","breadcrumb":{"@id":"https:\/\/pistonaddict.com\/it\/product\/porsche-gt3-touring\/#breadcrumb"},"inLanguage":"it-IT","potentialAction":[{"@type":"ReadAction","target":["https:\/\/pistonaddict.com\/it\/product\/porsche-gt3-touring\/"]}]},{"@type":"ImageObject","inLanguage":"it-IT","@id":"https:\/\/pistonaddict.com\/it\/product\/porsche-gt3-touring\/#primaryimage","url":"https:\/\/pistonaddict.com\/wp-content\/uploads\/2023\/04\/LuxurycarLondonApril11PistonAddict_0868-2-scaled.jpg","contentUrl":"https:\/\/pistonaddict.com\/wp-content\/uploads\/2023\/04\/LuxurycarLondonApril11PistonAddict_0868-2-scaled.jpg","width":2560,"height":1673},{"@type":"BreadcrumbList","@id":"https:\/\/pistonaddict.com\/it\/product\/porsche-gt3-touring\/#breadcrumb","itemListElement":[{"@type":"ListItem","position":1,"name":"accoglienza","item":"https:\/\/pistonaddict.com\/it\/homepage\/"},{"@type":"ListItem","position":2,"name":"Auctions","item":"https:\/\/pistonaddict.com\/auctions-listing\/"},{"@type":"ListItem","position":3,"name":"Porsche GT3 Touring"}]},{"@type":"WebSite","@id":"https:\/\/pistonaddict.com\/it\/#website","url":"https:\/\/pistonaddict.com\/it\/","name":"Piston Addict","description":"Only interesting vehicles","publisher":{"@id":"https:\/\/pistonaddict.com\/it\/#organization"},"potentialAction":[{"@type":"SearchAction","target":{"@type":"EntryPoint","urlTemplate":"https:\/\/pistonaddict.com\/it\/?s={search_term_string}"},"query-input":"required name=search_term_string"}],"inLanguage":"it-IT"},{"@type":"Organization","@id":"https:\/\/pistonaddict.com\/it\/#organization","name":"Piston Addict","url":"https:\/\/pistonaddict.com\/it\/","logo":{"@type":"ImageObject","inLanguage":"it-IT","@id":"https:\/\/pistonaddict.com\/it\/#\/schema\/logo\/image\/","url":"https:\/\/pistonaddict.com\/wp-content\/uploads\/2022\/07\/logo-6.png","contentUrl":"https:\/\/pistonaddict.com\/wp-content\/uploads\/2022\/07\/logo-6.png","width":970,"height":200,"caption":"Piston Addict"},"image":{"@id":"https:\/\/pistonaddict.com\/it\/#\/schema\/logo\/image\/"}}]}},"_links":{"self":[{"href":"https:\/\/pistonaddict.com\/it\/wp-json\/wp\/v2\/product\/34042"}],"collection":[{"href":"https:\/\/pistonaddict.com\/it\/wp-json\/wp\/v2\/product"}],"about":[{"href":"https:\/\/pistonaddict.com\/it\/wp-json\/wp\/v2\/types\/product"}],"replies":[{"embeddable":true,"href":"https:\/\/pistonaddict.com\/it\/wp-json\/wp\/v2\/comments?post=34042"}],"wp:featuredmedia":[{"embeddable":true,"href":"https:\/\/pistonaddict.com\/it\/wp-json\/wp\/v2\/media\/33489"}],"wp:attachment":[{"href":"https:\/\/pistonaddict.com\/it\/wp-json\/wp\/v2\/media?parent=34042"}],"wp:term":[{"taxonomy":"product_cat","embeddable":true,"href":"https:\/\/pistonaddict.com\/it\/wp-json\/wp\/v2\/product_cat?post=34042"},{"taxonomy":"product_tag","embeddable":true,"href":"https:\/\/pistonaddict.com\/it\/wp-json\/wp\/v2\/product_tag?post=34042"}],"curies":[{"name":"wp","href":"https:\/\/api.w.org\/{rel}","templated":true}]}}