{"id":33347,"date":"2023-04-19T09:41:30","date_gmt":"2023-04-19T07:41:30","guid":{"rendered":"https:\/\/pistonaddict.com\/product\/intercettatore-jensen\/"},"modified":"2024-03-19T17:48:49","modified_gmt":"2024-03-19T16:48:49","slug":"jensen-intercettore","status":"publish","type":"product","link":"https:\/\/pistonaddict.com\/it\/product\/jensen-intercettore\/","title":{"rendered":"Jensen Interceptor R Mk3"},"content":{"rendered":"<p><strong>Storia dell&#8217;auto<\/strong><\/p>\n<p>Questa particolare Jensen Interceptor \u00e8 stata consegnata al proprietario originale nel marzo del 1972. Era alimentata da un massiccio motore Chrysler V8 da 440 CID che erogava solo 280 CV a causa degli standard di emissione pi\u00f9 severi dell&#8217;epoca. I modelli Mk3 (introdotti nel 1971) erano noti per gli interni lussuosi, la lunga lista di dotazioni di serie e la fluida dinamica di guida. Tuttavia, mentre la maggior parte delle Interceptor ha continuato a vivere come parte di collezioni di auto d&#8217;epoca, questo esemplare \u00e8 stato sottoposto a un ampio restyling, a una nuova vita e a un massiccio aggiornamento della potenza. Trasformandola da una cruiser degli anni &#8217;70 a una muscle machine del XXI secolo, pronta a sorprendere i proprietari di Porsche in autostrada. L&#8217;azienda britannica JIR ha eseguito una trasformazione completa mantenendo le linee originali ma aggiornando ampiamente la meccanica.<\/p>\n<p><strong>Condizioni dell&#8217;auto<\/strong><\/p>\n<p>Con meno di 10.000 miglia da quando \u00e8 stata completamente ricostruita, questa Jensen Interceptor R \u00e8 in condizioni immacolate. Trattandosi di un ottimo esempio di restomod di successo, le specifiche sono particolarmente interessanti. Il costo di costruzione di quest&#8217;auto ha superato le 200.000 sterline, quindi l&#8217;elenco delle modifiche, dei componenti personalizzati e delle parti uniche \u00e8 molto ampio. Questo Interceptor R \u00e8 considerato il Jensen pi\u00f9 evoluto al mondo. Sotto il cofano c&#8217;\u00e8 il V8 da 6,2 litri della Corvette ZR1, che eroga oltre 600 CV e invia la potenza alle ruote posteriori attraverso un cambio automatico a 6 rapporti. Una tale potenza richiedeva un set di freni AP, sospensioni riviste e molto altro. Il risultato \u00e8 una macchina fantastica che pu\u00f2 raggiungere i 100 km in poco pi\u00f9 di 4 secondi e viaggiare comodamente ad alta velocit\u00e0.<\/p>\n<p><strong>Interno<\/strong><\/p>\n<p>Nell&#8217;abitacolo, l&#8217;understatement era la chiave con il classico layout della plancia e le finiture, ma con sedili aggiornati, tecnologia e rivestimenti in pelle pregiata. Il colore bordeaux si abbina perfettamente a un esterno bicolore. I proprietari di Jensen classiche vi diranno che quando erano nuove avevano un&#8217;elettronica complicata e sistemi spesso complessi. Fortunatamente, questo esemplare ha beneficiato di un restyling completo, di componenti e caratteristiche moderne, di un climatizzatore funzionante e di un sistema audio premium.<\/p>\n<p><strong>Esterni e ruote<\/strong><\/p>\n<p>Rifinita in un&#8217;elegante combinazione bicolore, questa Interceptor R del 1972 ha un aspetto piuttosto ordinario, ma non appena si osservano i dettagli, si capisce che \u00e8 tutt&#8217;altro. Le ruote sono realizzate su misura e ricordano da vicino il design originale, ma sono pi\u00f9 larghe e pi\u00f9 grandi. La presa d&#8217;aria laterale \u00e8 stata aggiunta per aiutare a raffreddare il potente motore, mentre la griglia e i badge sono stati aggiunti in modo discreto. Chi conosce le Interceptor classiche sa che queste auto erano soggette a ruggine, ma questo esemplare, dopo tutti gli interventi effettuati, \u00e8 praticamente un veicolo nuovo senza alcun problema.<\/p>\n<p><strong>  Documentazione<\/strong><\/p>\n<p>Si tratta di un veicolo di propriet\u00e0 privata con documentazione adeguata situato a Londra, Regno Unito. Il rapporto CarVertical \u00e8 pulito; non esistono prove di incidenti, riparazioni di incidenti o problemi legali. Esistono registri di manutenzione regolare. I futuri proprietari vorranno sapere che questo particolare esemplare \u00e8 una celebrit\u00e0, essendo stato testato dal famoso Jeremy Clarkson e presentato in Top Gear nel 2011\/2012.<\/p>\n","protected":false},"excerpt":{"rendered":"<p>Anche se questa bellissima Interceptor ha un aspetto piuttosto malandato dall&#8217;esterno, nasconde un eccitante segreto. Motore V8 sovralimentato con 600 CV e prestazioni da capogiro, avvolto in uno dei pi\u00f9 bei design degli anni &#8217;70. Questa \u00e8 una vera GT restomod britannica con un cuore americano, pronta a superare qualsiasi ostacolo.<\/p>\n","protected":false},"featured_media":32671,"comment_status":"open","ping_status":"closed","template":"","meta":{"inline_featured_image":false},"product_cat":[742],"product_tag":[1268,939,1111,1108],"acf":[],"yoast_head":"<!-- This site is optimized with the Yoast SEO plugin v22.5 - https:\/\/yoast.com\/wordpress\/plugins\/seo\/ -->\n<title>asta - %<\/title>\n<meta name=\"description\" content=\"Guarda questa Jensen Interceptor R MK3 in vendita all&#039;asta su PistonAddict.com\" \/>\n<meta name=\"robots\" content=\"index, follow, max-snippet:-1, max-image-preview:large, max-video-preview:-1\" \/>\n<link rel=\"canonical\" href=\"https:\/\/pistonaddict.com\/it\/product\/jensen-intercettore\/\" \/>\n<meta property=\"og:locale\" content=\"it_IT\" \/>\n<meta property=\"og:type\" content=\"article\" \/>\n<meta property=\"og:title\" content=\"asta - %\" \/>\n<meta property=\"og:description\" content=\"Guarda questa Jensen Interceptor R MK3 in vendita all&#039;asta su PistonAddict.com\" \/>\n<meta property=\"og:url\" content=\"https:\/\/pistonaddict.com\/it\/product\/jensen-intercettore\/\" \/>\n<meta property=\"og:site_name\" content=\"Piston Addict\" \/>\n<meta property=\"article:modified_time\" content=\"2024-03-19T16:48:49+00:00\" \/>\n<meta property=\"og:image\" content=\"https:\/\/pistonaddict.com\/wp-content\/uploads\/2023\/04\/LuxurycarLondonApril11PistonAddict_0906-scaled.jpg\" \/>\n\t<meta property=\"og:image:width\" content=\"2560\" \/>\n\t<meta property=\"og:image:height\" content=\"1505\" \/>\n\t<meta property=\"og:image:type\" content=\"image\/jpeg\" \/>\n<meta name=\"twitter:card\" content=\"summary_large_image\" \/>\n<meta name=\"twitter:label1\" content=\"Tempo di lettura stimato\" \/>\n\t<meta name=\"twitter:data1\" content=\"3 minuti\" \/>\n<script type=\"application\/ld+json\" class=\"yoast-schema-graph\">{\"@context\":\"https:\/\/schema.org\",\"@graph\":[{\"@type\":\"WebPage\",\"@id\":\"https:\/\/pistonaddict.com\/it\/product\/jensen-intercettore\/\",\"url\":\"https:\/\/pistonaddict.com\/it\/product\/jensen-intercettore\/\",\"name\":\"asta - %\",\"isPartOf\":{\"@id\":\"https:\/\/pistonaddict.com\/it\/#website\"},\"primaryImageOfPage\":{\"@id\":\"https:\/\/pistonaddict.com\/it\/product\/jensen-intercettore\/#primaryimage\"},\"image\":{\"@id\":\"https:\/\/pistonaddict.com\/it\/product\/jensen-intercettore\/#primaryimage\"},\"thumbnailUrl\":\"https:\/\/pistonaddict.com\/wp-content\/uploads\/2023\/04\/LuxurycarLondonApril11PistonAddict_0906-scaled.jpg\",\"datePublished\":\"2023-04-19T07:41:30+00:00\",\"dateModified\":\"2024-03-19T16:48:49+00:00\",\"description\":\"Guarda questa Jensen Interceptor R MK3 in vendita all'asta su PistonAddict.com\",\"breadcrumb\":{\"@id\":\"https:\/\/pistonaddict.com\/it\/product\/jensen-intercettore\/#breadcrumb\"},\"inLanguage\":\"it-IT\",\"potentialAction\":[{\"@type\":\"ReadAction\",\"target\":[\"https:\/\/pistonaddict.com\/it\/product\/jensen-intercettore\/\"]}]},{\"@type\":\"ImageObject\",\"inLanguage\":\"it-IT\",\"@id\":\"https:\/\/pistonaddict.com\/it\/product\/jensen-intercettore\/#primaryimage\",\"url\":\"https:\/\/pistonaddict.com\/wp-content\/uploads\/2023\/04\/LuxurycarLondonApril11PistonAddict_0906-scaled.jpg\",\"contentUrl\":\"https:\/\/pistonaddict.com\/wp-content\/uploads\/2023\/04\/LuxurycarLondonApril11PistonAddict_0906-scaled.jpg\",\"width\":2560,\"height\":1505},{\"@type\":\"BreadcrumbList\",\"@id\":\"https:\/\/pistonaddict.com\/it\/product\/jensen-intercettore\/#breadcrumb\",\"itemListElement\":[{\"@type\":\"ListItem\",\"position\":1,\"name\":\"accoglienza\",\"item\":\"https:\/\/pistonaddict.com\/it\/homepage\/\"},{\"@type\":\"ListItem\",\"position\":2,\"name\":\"Auctions\",\"item\":\"https:\/\/pistonaddict.com\/auctions-listing\/\"},{\"@type\":\"ListItem\",\"position\":3,\"name\":\"Jensen Interceptor R Mk3\"}]},{\"@type\":\"WebSite\",\"@id\":\"https:\/\/pistonaddict.com\/it\/#website\",\"url\":\"https:\/\/pistonaddict.com\/it\/\",\"name\":\"Piston Addict\",\"description\":\"Only interesting vehicles\",\"publisher\":{\"@id\":\"https:\/\/pistonaddict.com\/it\/#organization\"},\"potentialAction\":[{\"@type\":\"SearchAction\",\"target\":{\"@type\":\"EntryPoint\",\"urlTemplate\":\"https:\/\/pistonaddict.com\/it\/?s={search_term_string}\"},\"query-input\":\"required name=search_term_string\"}],\"inLanguage\":\"it-IT\"},{\"@type\":\"Organization\",\"@id\":\"https:\/\/pistonaddict.com\/it\/#organization\",\"name\":\"Piston Addict\",\"url\":\"https:\/\/pistonaddict.com\/it\/\",\"logo\":{\"@type\":\"ImageObject\",\"inLanguage\":\"it-IT\",\"@id\":\"https:\/\/pistonaddict.com\/it\/#\/schema\/logo\/image\/\",\"url\":\"https:\/\/pistonaddict.com\/wp-content\/uploads\/2022\/07\/logo-6.png\",\"contentUrl\":\"https:\/\/pistonaddict.com\/wp-content\/uploads\/2022\/07\/logo-6.png\",\"width\":970,\"height\":200,\"caption\":\"Piston Addict\"},\"image\":{\"@id\":\"https:\/\/pistonaddict.com\/it\/#\/schema\/logo\/image\/\"}}]}<\/script>\n<!-- \/ Yoast SEO plugin. -->","yoast_head_json":{"title":"asta - %","description":"Guarda questa Jensen Interceptor R MK3 in vendita all'asta su PistonAddict.com","robots":{"index":"index","follow":"follow","max-snippet":"max-snippet:-1","max-image-preview":"max-image-preview:large","max-video-preview":"max-video-preview:-1"},"canonical":"https:\/\/pistonaddict.com\/it\/product\/jensen-intercettore\/","og_locale":"it_IT","og_type":"article","og_title":"asta - %","og_description":"Guarda questa Jensen Interceptor R MK3 in vendita all'asta su PistonAddict.com","og_url":"https:\/\/pistonaddict.com\/it\/product\/jensen-intercettore\/","og_site_name":"Piston Addict","article_modified_time":"2024-03-19T16:48:49+00:00","og_image":[{"width":2560,"height":1505,"url":"https:\/\/pistonaddict.com\/wp-content\/uploads\/2023\/04\/LuxurycarLondonApril11PistonAddict_0906-scaled.jpg","type":"image\/jpeg"}],"twitter_card":"summary_large_image","twitter_misc":{"Tempo di lettura stimato":"3 minuti"},"schema":{"@context":"https:\/\/schema.org","@graph":[{"@type":"WebPage","@id":"https:\/\/pistonaddict.com\/it\/product\/jensen-intercettore\/","url":"https:\/\/pistonaddict.com\/it\/product\/jensen-intercettore\/","name":"asta - %","isPartOf":{"@id":"https:\/\/pistonaddict.com\/it\/#website"},"primaryImageOfPage":{"@id":"https:\/\/pistonaddict.com\/it\/product\/jensen-intercettore\/#primaryimage"},"image":{"@id":"https:\/\/pistonaddict.com\/it\/product\/jensen-intercettore\/#primaryimage"},"thumbnailUrl":"https:\/\/pistonaddict.com\/wp-content\/uploads\/2023\/04\/LuxurycarLondonApril11PistonAddict_0906-scaled.jpg","datePublished":"2023-04-19T07:41:30+00:00","dateModified":"2024-03-19T16:48:49+00:00","description":"Guarda questa Jensen Interceptor R MK3 in vendita all'asta su PistonAddict.com","breadcrumb":{"@id":"https:\/\/pistonaddict.com\/it\/product\/jensen-intercettore\/#breadcrumb"},"inLanguage":"it-IT","potentialAction":[{"@type":"ReadAction","target":["https:\/\/pistonaddict.com\/it\/product\/jensen-intercettore\/"]}]},{"@type":"ImageObject","inLanguage":"it-IT","@id":"https:\/\/pistonaddict.com\/it\/product\/jensen-intercettore\/#primaryimage","url":"https:\/\/pistonaddict.com\/wp-content\/uploads\/2023\/04\/LuxurycarLondonApril11PistonAddict_0906-scaled.jpg","contentUrl":"https:\/\/pistonaddict.com\/wp-content\/uploads\/2023\/04\/LuxurycarLondonApril11PistonAddict_0906-scaled.jpg","width":2560,"height":1505},{"@type":"BreadcrumbList","@id":"https:\/\/pistonaddict.com\/it\/product\/jensen-intercettore\/#breadcrumb","itemListElement":[{"@type":"ListItem","position":1,"name":"accoglienza","item":"https:\/\/pistonaddict.com\/it\/homepage\/"},{"@type":"ListItem","position":2,"name":"Auctions","item":"https:\/\/pistonaddict.com\/auctions-listing\/"},{"@type":"ListItem","position":3,"name":"Jensen Interceptor R Mk3"}]},{"@type":"WebSite","@id":"https:\/\/pistonaddict.com\/it\/#website","url":"https:\/\/pistonaddict.com\/it\/","name":"Piston Addict","description":"Only interesting vehicles","publisher":{"@id":"https:\/\/pistonaddict.com\/it\/#organization"},"potentialAction":[{"@type":"SearchAction","target":{"@type":"EntryPoint","urlTemplate":"https:\/\/pistonaddict.com\/it\/?s={search_term_string}"},"query-input":"required name=search_term_string"}],"inLanguage":"it-IT"},{"@type":"Organization","@id":"https:\/\/pistonaddict.com\/it\/#organization","name":"Piston Addict","url":"https:\/\/pistonaddict.com\/it\/","logo":{"@type":"ImageObject","inLanguage":"it-IT","@id":"https:\/\/pistonaddict.com\/it\/#\/schema\/logo\/image\/","url":"https:\/\/pistonaddict.com\/wp-content\/uploads\/2022\/07\/logo-6.png","contentUrl":"https:\/\/pistonaddict.com\/wp-content\/uploads\/2022\/07\/logo-6.png","width":970,"height":200,"caption":"Piston Addict"},"image":{"@id":"https:\/\/pistonaddict.com\/it\/#\/schema\/logo\/image\/"}}]}},"_links":{"self":[{"href":"https:\/\/pistonaddict.com\/it\/wp-json\/wp\/v2\/product\/33347"}],"collection":[{"href":"https:\/\/pistonaddict.com\/it\/wp-json\/wp\/v2\/product"}],"about":[{"href":"https:\/\/pistonaddict.com\/it\/wp-json\/wp\/v2\/types\/product"}],"replies":[{"embeddable":true,"href":"https:\/\/pistonaddict.com\/it\/wp-json\/wp\/v2\/comments?post=33347"}],"wp:featuredmedia":[{"embeddable":true,"href":"https:\/\/pistonaddict.com\/it\/wp-json\/wp\/v2\/media\/32671"}],"wp:attachment":[{"href":"https:\/\/pistonaddict.com\/it\/wp-json\/wp\/v2\/media?parent=33347"}],"wp:term":[{"taxonomy":"product_cat","embeddable":true,"href":"https:\/\/pistonaddict.com\/it\/wp-json\/wp\/v2\/product_cat?post=33347"},{"taxonomy":"product_tag","embeddable":true,"href":"https:\/\/pistonaddict.com\/it\/wp-json\/wp\/v2\/product_tag?post=33347"}],"curies":[{"name":"wp","href":"https:\/\/api.w.org\/{rel}","templated":true}]}}